{"id":20818,"date":"2021-08-03T06:06:30","date_gmt":"2022-03-31T04:18:50","guid":{"rendered":"https:\/\/www.kuakebicycle.com\/kk2016-folding-fat-tire-elcykel-hopfallbar-20-tum-1000w-840wh\/"},"modified":"2022-03-31T04:18:50","modified_gmt":"2022-03-31T04:18:50","slug":"kk2016-vikbar-fettdack-el-cykel","status":"publish","type":"product","link":"https:\/\/www.kuakebicycle.com\/sv\/kk2016-vikbar-fettdack-el-cykel\/","title":{"rendered":"KK2016 Folding Fat Tire Elcykel (hopf\u00e4llbar, 20 tum, 1000W, 840Wh)"},"content":{"rendered":"<table border=\"1\" width=\"556\">\n<tbody>\n<tr>\n<td style=\"text-align: center;\" colspan=\"2\" bgcolor=\"#d9edf7\"><strong>Cykelspecifikationer<\/strong><\/td>\n<\/tr>\n<tr>\n<td bgcolor=\"#f5f2f2\" width=\"275\"><strong>Modellnummer<\/strong><\/td>\n<td width=\"281\">KK2016<\/td>\n<\/tr>\n<tr>\n<td bgcolor=\"#f5f2f2\" width=\"275\"><strong>Nettovikt<\/strong><\/td>\n<td width=\"281\">28kg<\/td>\n<\/tr>\n<tr>\n<td bgcolor=\"#f5f2f2\" width=\"275\"><strong>Bruttovikt<\/strong><\/td>\n<td width=\"281\">35kg<\/td>\n<\/tr>\n<tr>\n<td bgcolor=\"#f5f2f2\" width=\"275\"><strong>Cykel ram<\/strong><\/td>\n<td width=\"281\">20&#8243;, AL6061 aluminiumlegering<\/td>\n<\/tr>\n<tr>\n<td bgcolor=\"#f5f2f2\" width=\"275\"><strong>Gaffel<\/strong><\/td>\n<td width=\"281\">Fj\u00e4dringsgaffel<\/td>\n<\/tr>\n<tr>\n<td bgcolor=\"#f5f2f2\" width=\"275\"><strong>Redskap<\/strong><\/td>\n<td width=\"281\">SHIMANO 7-v\u00e4xlad<\/td>\n<\/tr>\n<tr>\n<td bgcolor=\"#f5f2f2\" width=\"275\"><strong>V\u00e4xlar<\/strong><\/td>\n<td width=\"281\">7 hastighet<\/td>\n<\/tr>\n<tr>\n<td bgcolor=\"#f5f2f2\" width=\"275\"><strong>Frihjul<\/strong><\/td>\n<td width=\"281\">7 hastighet<\/td>\n<\/tr>\n<tr>\n<td bgcolor=\"#f5f2f2\" width=\"275\"><strong>Frambroms<\/strong><\/td>\n<td width=\"281\">Skivbroms<\/td>\n<\/tr>\n<tr>\n<td bgcolor=\"#f5f2f2\" width=\"275\"><strong>Bakbroms<\/strong><\/td>\n<td width=\"281\">Skivbroms<\/td>\n<\/tr>\n<tr>\n<td bgcolor=\"#f5f2f2\" width=\"275\"><strong>Pedaler<\/strong><\/td>\n<td width=\"281\">Legering<\/td>\n<\/tr>\n<tr>\n<td bgcolor=\"#f5f2f2\" width=\"275\"><strong>D\u00e4ck<\/strong><\/td>\n<td width=\"281\">KENDA 20&#8221;*4.0<\/td>\n<\/tr>\n<tr>\n<td style=\"text-align: center;\" colspan=\"2\" bgcolor=\"#d9edf7\"><strong>Elektriskt system<\/strong><\/td>\n<\/tr>\n<tr>\n<td bgcolor=\"#f5f2f2\" width=\"275\"><strong>Batteri<\/strong><\/td>\n<td width=\"281\">48V 17,5Ah Li-ion batteri<\/td>\n<\/tr>\n<tr>\n<td bgcolor=\"#f5f2f2\" width=\"275\"><strong>Laddare<\/strong><\/td>\n<td width=\"281\">48V\/2A<\/td>\n<\/tr>\n<tr>\n<td bgcolor=\"#f5f2f2\" width=\"275\"><strong>Laddningstid<\/strong><\/td>\n<td width=\"281\">3~5 timmar<\/td>\n<\/tr>\n<tr>\n<td bgcolor=\"#f5f2f2\" width=\"275\"><strong>Laddningstider<\/strong><\/td>\n<td width=\"281\">800~1000 g\u00e5nger<\/td>\n<\/tr>\n<tr>\n<td bgcolor=\"#f5f2f2\" width=\"275\"><strong>Motor kraft<\/strong><\/td>\n<td width=\"281\">48V 500W~1000W bakre borstl\u00f6s motor<\/td>\n<\/tr>\n<tr>\n<td bgcolor=\"#f5f2f2\" width=\"275\"><strong>Kontroller<\/strong><\/td>\n<td width=\"281\">48V Intelligent styrenhet<\/td>\n<\/tr>\n<tr>\n<td bgcolor=\"#f5f2f2\" width=\"275\"><strong>Visa<\/strong><\/td>\n<td width=\"281\">5 niv\u00e5er mitten LCD-display<\/td>\n<\/tr>\n<tr>\n<td bgcolor=\"#f5f2f2\" width=\"275\"><strong>H\u00f6gsta hastighet<\/strong><\/td>\n<td width=\"281\">40km\/h<\/td>\n<\/tr>\n<tr>\n<td bgcolor=\"#f5f2f2\" width=\"275\"><strong>Avst\u00e5nd f\u00f6r laddning<\/strong><\/td>\n<td width=\"281\">50-75km<\/td>\n<\/tr>\n<tr>\n<td style=\"text-align: center;\" colspan=\"2\" bgcolor=\"#d9edf7\"><strong>Frakt detaljer<\/strong><\/td>\n<\/tr>\n<tr>\n<td bgcolor=\"#f5f2f2\" width=\"275\"><strong>Cykelns dimension<\/strong><\/td>\n<td width=\"281\">177*58.5*126.5cm<\/td>\n<\/tr>\n<tr>\n<td bgcolor=\"#f5f2f2\" width=\"275\"><strong>F\u00f6rpackningsstorlek<\/strong><\/td>\n<td width=\"281\">103*50*78cm<\/td>\n<\/tr>\n<\/tbody>\n<\/table>\n","protected":false},"excerpt":{"rendered":"<ul>\n<li>F\u00e4rg: Finns i en m\u00e4ngd olika f\u00e4rger, svart, gr\u00e5, bl\u00e5, vit, r\u00f6d och anpassa.<\/li>\n<li>Logotyp: Kan anpassa din logotyp p\u00e5 elcykelber\u00f6mmelse.<\/li>\n<li>Hastighet: Justerbar enligt kundens krav. 25 km\/h f\u00f6r EU-marknaden, 32 km\/h f\u00f6r den amerikanska marknaden.<\/li>\n<li>Laddare: Smart laddare, AC110V-240V\/50-60Hz (andra l\u00e4nders kontakt tillval), laddningstid cirka 5-6 timmar.<\/li>\n<li>K\u00f6rl\u00e4ge: 1.gas 2.pedalhj\u00e4lp 3. gas+pedalhj\u00e4lp 4. Endast trampa, cykla som en vanlig cykel.<\/li>\n<li>K\u00f6rstr\u00e4cka per laddning: 35 km f\u00f6r gas\/50 km f\u00f6r pedalassistans.<\/li>\n<\/ul>\n","protected":false},"featured_media":19286,"comment_status":"closed","ping_status":"closed","template":"","meta":{"site-sidebar-layout":"default","site-content-layout":"default","ast-site-content-layout":"default","site-content-style":"default","site-sidebar-style":"default","ast-global-header-display":"","ast-banner-title-visibility":"","ast-main-header-display":"","ast-hfb-above-header-display":"","ast-hfb-below-header-display":"","ast-hfb-mobile-header-display":"","site-post-title":"","ast-breadcrumbs-content":"","ast-featured-img":"","footer-sml-layout":"","ast-disable-related-posts":"","theme-transparent-header-meta":"default","adv-header-id-meta":"","stick-header-meta":"default","header-above-stick-meta":"","header-main-stick-meta":"","header-below-stick-meta":"","astra-migrate-meta-layouts":"default","ast-page-background-enabled":"default","ast-page-background-meta":{"desktop":{"background-color":"","background-image":"","background-repeat":"repeat","background-position":"center center","background-size":"auto","background-attachment":"scroll","background-type":"","background-media":"","overlay-type":"","overlay-color":"","overlay-opacity":"","overlay-gradient":""},"tablet":{"background-color":"","background-image":"","background-repeat":"repeat","background-position":"center center","background-size":"auto","background-attachment":"scroll","background-type":"","background-media":"","overlay-type":"","overlay-color":"","overlay-opacity":"","overlay-gradient":""},"mobile":{"background-color":"","background-image":"","background-repeat":"repeat","background-position":"center center","background-size":"auto","background-attachment":"scroll","background-type":"","background-media":"","overlay-type":"","overlay-color":"","overlay-opacity":"","overlay-gradient":""}},"ast-content-background-meta":{"desktop":{"background-color":"var(--ast-global-color-5)","background-image":"","background-repeat":"repeat","background-position":"center center","background-size":"auto","background-attachment":"scroll","background-type":"","background-media":"","overlay-type":"","overlay-color":"","overlay-opacity":"","overlay-gradient":""},"tablet":{"background-color":"var(--ast-global-color-5)","background-image":"","background-repeat":"repeat","background-position":"center center","background-size":"auto","background-attachment":"scroll","background-type":"","background-media":"","overlay-type":"","overlay-color":"","overlay-opacity":"","overlay-gradient":""},"mobile":{"background-color":"var(--ast-global-color-5)","background-image":"","background-repeat":"repeat","background-position":"center center","background-size":"auto","background-attachment":"scroll","background-type":"","background-media":"","overlay-type":"","overlay-color":"","overlay-opacity":"","overlay-gradient":""}}},"product_brand":[],"product_cat":[199],"product_tag":[],"class_list":{"0":"post-20818","1":"product","2":"type-product","3":"status-publish","4":"has-post-thumbnail","6":"product_cat-elektrisk-hopfallbar-cykel","7":"desktop-align-left","8":"tablet-align-left","9":"mobile-align-left","10":"ast-product-gallery-layout-horizontal","11":"ast-product-tabs-layout-horizontal","12":"ast-qv-on-image","14":"first","15":"instock","16":"shipping-taxable","17":"product-type-simple"},"yoast_head":"<!-- This site is optimized with the Yoast SEO plugin v27.5 - https:\/\/yoast.com\/product\/yoast-seo-wordpress\/ -->\n<title>20 Inch Folding Fat Tire Elcykel, KK2016 Folding Fat Bike 1000W - Kuake Bicycle<\/title>\n<meta name=\"description\" content=\"Det \u00e4r en 20*4,0 tum elektrisk hopf\u00e4llbar fatbike, driven av en 1000W Bafang baknavmotor, du kan f\u00e4lla den i din bil eller p\u00e5 kontoret.\" \/>\n<meta name=\"robots\" content=\"index, follow, max-snippet:-1, max-image-preview:large, max-video-preview:-1\" \/>\n<link rel=\"canonical\" href=\"https:\/\/www.kuakebicycle.com\/sv\/kk2016-vikbar-fettdack-el-cykel\/\" \/>\n<meta property=\"og:locale\" content=\"sv_SE\" \/>\n<meta property=\"og:type\" content=\"article\" \/>\n<meta property=\"og:title\" content=\"20 Inch Folding Fat Tire Elcykel, KK2016 Folding Fat Bike 1000W - Kuake Bicycle\" \/>\n<meta property=\"og:description\" content=\"Det \u00e4r en 20*4,0 tum elektrisk hopf\u00e4llbar fatbike, driven av en 1000W Bafang baknavmotor, du kan f\u00e4lla den i din bil eller p\u00e5 kontoret.\" \/>\n<meta property=\"og:url\" content=\"https:\/\/www.kuakebicycle.com\/sv\/kk2016-vikbar-fettdack-el-cykel\/\" \/>\n<meta property=\"og:site_name\" content=\"Kuake Bicycle\" \/>\n<meta property=\"og:image\" content=\"https:\/\/www.kuakebicycle.com\/wp-content\/uploads\/2021\/08\/KK2016-Folding-Fat-Tire-Electric-Bike-1.jpg\" \/>\n\t<meta property=\"og:image:width\" content=\"600\" \/>\n\t<meta property=\"og:image:height\" content=\"600\" \/>\n\t<meta property=\"og:image:type\" content=\"image\/jpeg\" \/>\n<meta name=\"twitter:card\" content=\"summary_large_image\" \/>\n<script type=\"application\/ld+json\" class=\"yoast-schema-graph\">{\"@context\":\"https:\\\/\\\/schema.org\",\"@graph\":[{\"@type\":\"WebPage\",\"@id\":\"https:\\\/\\\/www.kuakebicycle.com\\\/sv\\\/kk2016-vikbar-fettdack-el-cykel\\\/\",\"url\":\"https:\\\/\\\/www.kuakebicycle.com\\\/sv\\\/kk2016-vikbar-fettdack-el-cykel\\\/\",\"name\":\"20 Inch Folding Fat Tire Elcykel, KK2016 Folding Fat Bike 1000W - Kuake Bicycle\",\"isPartOf\":{\"@id\":\"https:\\\/\\\/www.kuakebicycle.com\\\/sv\\\/#website\"},\"primaryImageOfPage\":{\"@id\":\"https:\\\/\\\/www.kuakebicycle.com\\\/sv\\\/kk2016-vikbar-fettdack-el-cykel\\\/#primaryimage\"},\"image\":{\"@id\":\"https:\\\/\\\/www.kuakebicycle.com\\\/sv\\\/kk2016-vikbar-fettdack-el-cykel\\\/#primaryimage\"},\"thumbnailUrl\":\"https:\\\/\\\/www.kuakebicycle.com\\\/wp-content\\\/uploads\\\/2021\\\/08\\\/KK2016-Folding-Fat-Tire-Electric-Bike-1.jpg\",\"datePublished\":\"2022-03-31T04:18:50+00:00\",\"description\":\"Det \u00e4r en 20*4,0 tum elektrisk hopf\u00e4llbar fatbike, driven av en 1000W Bafang baknavmotor, du kan f\u00e4lla den i din bil eller p\u00e5 kontoret.\",\"breadcrumb\":{\"@id\":\"https:\\\/\\\/www.kuakebicycle.com\\\/sv\\\/kk2016-vikbar-fettdack-el-cykel\\\/#breadcrumb\"},\"inLanguage\":\"sv-SE\",\"potentialAction\":[{\"@type\":\"ReadAction\",\"target\":[\"https:\\\/\\\/www.kuakebicycle.com\\\/sv\\\/kk2016-vikbar-fettdack-el-cykel\\\/\"]}]},{\"@type\":\"ImageObject\",\"inLanguage\":\"sv-SE\",\"@id\":\"https:\\\/\\\/www.kuakebicycle.com\\\/sv\\\/kk2016-vikbar-fettdack-el-cykel\\\/#primaryimage\",\"url\":\"https:\\\/\\\/www.kuakebicycle.com\\\/wp-content\\\/uploads\\\/2021\\\/08\\\/KK2016-Folding-Fat-Tire-Electric-Bike-1.jpg\",\"contentUrl\":\"https:\\\/\\\/www.kuakebicycle.com\\\/wp-content\\\/uploads\\\/2021\\\/08\\\/KK2016-Folding-Fat-Tire-Electric-Bike-1.jpg\",\"width\":600,\"height\":600,\"caption\":\"KK2016 Folding Fat Tire Elcykel (1)\"},{\"@type\":\"BreadcrumbList\",\"@id\":\"https:\\\/\\\/www.kuakebicycle.com\\\/sv\\\/kk2016-vikbar-fettdack-el-cykel\\\/#breadcrumb\",\"itemListElement\":[{\"@type\":\"ListItem\",\"position\":1,\"name\":\"Home\",\"item\":\"https:\\\/\\\/www.kuakebicycle.com\\\/sv\\\/\"},{\"@type\":\"ListItem\",\"position\":2,\"name\":\"Produkter\",\"item\":\"https:\\\/\\\/www.kuakebicycle.com\\\/sv\\\/produkter\\\/\"},{\"@type\":\"ListItem\",\"position\":3,\"name\":\"KK2016 Folding Fat Tire Elcykel (hopf\u00e4llbar, 20 tum, 1000W, 840Wh)\"}]},{\"@type\":\"WebSite\",\"@id\":\"https:\\\/\\\/www.kuakebicycle.com\\\/sv\\\/#website\",\"url\":\"https:\\\/\\\/www.kuakebicycle.com\\\/sv\\\/\",\"name\":\"Kuake Bicycle\",\"description\":\"\",\"publisher\":{\"@id\":\"https:\\\/\\\/www.kuakebicycle.com\\\/sv\\\/#organization\"},\"potentialAction\":[{\"@type\":\"SearchAction\",\"target\":{\"@type\":\"EntryPoint\",\"urlTemplate\":\"https:\\\/\\\/www.kuakebicycle.com\\\/sv\\\/?s={search_term_string}\"},\"query-input\":{\"@type\":\"PropertyValueSpecification\",\"valueRequired\":true,\"valueName\":\"search_term_string\"}}],\"inLanguage\":\"sv-SE\"},{\"@type\":\"Organization\",\"@id\":\"https:\\\/\\\/www.kuakebicycle.com\\\/sv\\\/#organization\",\"name\":\"Kuake Technology\",\"url\":\"https:\\\/\\\/www.kuakebicycle.com\\\/sv\\\/\",\"logo\":{\"@type\":\"ImageObject\",\"inLanguage\":\"sv-SE\",\"@id\":\"https:\\\/\\\/www.kuakebicycle.com\\\/sv\\\/#\\\/schema\\\/logo\\\/image\\\/\",\"url\":\"https:\\\/\\\/www.kuakebicycle.com\\\/wp-content\\\/uploads\\\/2021\\\/03\\\/icon.png\",\"contentUrl\":\"https:\\\/\\\/www.kuakebicycle.com\\\/wp-content\\\/uploads\\\/2021\\\/03\\\/icon.png\",\"width\":100,\"height\":100,\"caption\":\"Kuake Technology\"},\"image\":{\"@id\":\"https:\\\/\\\/www.kuakebicycle.com\\\/sv\\\/#\\\/schema\\\/logo\\\/image\\\/\"}}]}<\/script>\n<!-- \/ Yoast SEO plugin. -->","yoast_head_json":{"title":"20 Inch Folding Fat Tire Elcykel, KK2016 Folding Fat Bike 1000W - Kuake Bicycle","description":"Det \u00e4r en 20*4,0 tum elektrisk hopf\u00e4llbar fatbike, driven av en 1000W Bafang baknavmotor, du kan f\u00e4lla den i din bil eller p\u00e5 kontoret.","robots":{"index":"index","follow":"follow","max-snippet":"max-snippet:-1","max-image-preview":"max-image-preview:large","max-video-preview":"max-video-preview:-1"},"canonical":"https:\/\/www.kuakebicycle.com\/sv\/kk2016-vikbar-fettdack-el-cykel\/","og_locale":"sv_SE","og_type":"article","og_title":"20 Inch Folding Fat Tire Elcykel, KK2016 Folding Fat Bike 1000W - Kuake Bicycle","og_description":"Det \u00e4r en 20*4,0 tum elektrisk hopf\u00e4llbar fatbike, driven av en 1000W Bafang baknavmotor, du kan f\u00e4lla den i din bil eller p\u00e5 kontoret.","og_url":"https:\/\/www.kuakebicycle.com\/sv\/kk2016-vikbar-fettdack-el-cykel\/","og_site_name":"Kuake Bicycle","og_image":[{"width":600,"height":600,"url":"https:\/\/www.kuakebicycle.com\/wp-content\/uploads\/2021\/08\/KK2016-Folding-Fat-Tire-Electric-Bike-1.jpg","type":"image\/jpeg"}],"twitter_card":"summary_large_image","schema":{"@context":"https:\/\/schema.org","@graph":[{"@type":"WebPage","@id":"https:\/\/www.kuakebicycle.com\/sv\/kk2016-vikbar-fettdack-el-cykel\/","url":"https:\/\/www.kuakebicycle.com\/sv\/kk2016-vikbar-fettdack-el-cykel\/","name":"20 Inch Folding Fat Tire Elcykel, KK2016 Folding Fat Bike 1000W - Kuake Bicycle","isPartOf":{"@id":"https:\/\/www.kuakebicycle.com\/sv\/#website"},"primaryImageOfPage":{"@id":"https:\/\/www.kuakebicycle.com\/sv\/kk2016-vikbar-fettdack-el-cykel\/#primaryimage"},"image":{"@id":"https:\/\/www.kuakebicycle.com\/sv\/kk2016-vikbar-fettdack-el-cykel\/#primaryimage"},"thumbnailUrl":"https:\/\/www.kuakebicycle.com\/wp-content\/uploads\/2021\/08\/KK2016-Folding-Fat-Tire-Electric-Bike-1.jpg","datePublished":"2022-03-31T04:18:50+00:00","description":"Det \u00e4r en 20*4,0 tum elektrisk hopf\u00e4llbar fatbike, driven av en 1000W Bafang baknavmotor, du kan f\u00e4lla den i din bil eller p\u00e5 kontoret.","breadcrumb":{"@id":"https:\/\/www.kuakebicycle.com\/sv\/kk2016-vikbar-fettdack-el-cykel\/#breadcrumb"},"inLanguage":"sv-SE","potentialAction":[{"@type":"ReadAction","target":["https:\/\/www.kuakebicycle.com\/sv\/kk2016-vikbar-fettdack-el-cykel\/"]}]},{"@type":"ImageObject","inLanguage":"sv-SE","@id":"https:\/\/www.kuakebicycle.com\/sv\/kk2016-vikbar-fettdack-el-cykel\/#primaryimage","url":"https:\/\/www.kuakebicycle.com\/wp-content\/uploads\/2021\/08\/KK2016-Folding-Fat-Tire-Electric-Bike-1.jpg","contentUrl":"https:\/\/www.kuakebicycle.com\/wp-content\/uploads\/2021\/08\/KK2016-Folding-Fat-Tire-Electric-Bike-1.jpg","width":600,"height":600,"caption":"KK2016 Folding Fat Tire Elcykel (1)"},{"@type":"BreadcrumbList","@id":"https:\/\/www.kuakebicycle.com\/sv\/kk2016-vikbar-fettdack-el-cykel\/#breadcrumb","itemListElement":[{"@type":"ListItem","position":1,"name":"Home","item":"https:\/\/www.kuakebicycle.com\/sv\/"},{"@type":"ListItem","position":2,"name":"Produkter","item":"https:\/\/www.kuakebicycle.com\/sv\/produkter\/"},{"@type":"ListItem","position":3,"name":"KK2016 Folding Fat Tire Elcykel (hopf\u00e4llbar, 20 tum, 1000W, 840Wh)"}]},{"@type":"WebSite","@id":"https:\/\/www.kuakebicycle.com\/sv\/#website","url":"https:\/\/www.kuakebicycle.com\/sv\/","name":"Kuake Bicycle","description":"","publisher":{"@id":"https:\/\/www.kuakebicycle.com\/sv\/#organization"},"potentialAction":[{"@type":"SearchAction","target":{"@type":"EntryPoint","urlTemplate":"https:\/\/www.kuakebicycle.com\/sv\/?s={search_term_string}"},"query-input":{"@type":"PropertyValueSpecification","valueRequired":true,"valueName":"search_term_string"}}],"inLanguage":"sv-SE"},{"@type":"Organization","@id":"https:\/\/www.kuakebicycle.com\/sv\/#organization","name":"Kuake Technology","url":"https:\/\/www.kuakebicycle.com\/sv\/","logo":{"@type":"ImageObject","inLanguage":"sv-SE","@id":"https:\/\/www.kuakebicycle.com\/sv\/#\/schema\/logo\/image\/","url":"https:\/\/www.kuakebicycle.com\/wp-content\/uploads\/2021\/03\/icon.png","contentUrl":"https:\/\/www.kuakebicycle.com\/wp-content\/uploads\/2021\/03\/icon.png","width":100,"height":100,"caption":"Kuake Technology"},"image":{"@id":"https:\/\/www.kuakebicycle.com\/sv\/#\/schema\/logo\/image\/"}}]}},"_links":{"self":[{"href":"https:\/\/www.kuakebicycle.com\/sv\/wp-json\/wp\/v2\/product\/20818","targetHints":{"allow":["GET"]}}],"collection":[{"href":"https:\/\/www.kuakebicycle.com\/sv\/wp-json\/wp\/v2\/product"}],"about":[{"href":"https:\/\/www.kuakebicycle.com\/sv\/wp-json\/wp\/v2\/types\/product"}],"replies":[{"embeddable":true,"href":"https:\/\/www.kuakebicycle.com\/sv\/wp-json\/wp\/v2\/comments?post=20818"}],"wp:featuredmedia":[{"embeddable":true,"href":"https:\/\/www.kuakebicycle.com\/sv\/wp-json\/wp\/v2\/media\/19286"}],"wp:attachment":[{"href":"https:\/\/www.kuakebicycle.com\/sv\/wp-json\/wp\/v2\/media?parent=20818"}],"wp:term":[{"taxonomy":"product_brand","embeddable":true,"href":"https:\/\/www.kuakebicycle.com\/sv\/wp-json\/wp\/v2\/product_brand?post=20818"},{"taxonomy":"product_cat","embeddable":true,"href":"https:\/\/www.kuakebicycle.com\/sv\/wp-json\/wp\/v2\/product_cat?post=20818"},{"taxonomy":"product_tag","embeddable":true,"href":"https:\/\/www.kuakebicycle.com\/sv\/wp-json\/wp\/v2\/product_tag?post=20818"}],"curies":[{"name":"wp","href":"https:\/\/api.w.org\/{rel}","templated":true}]}}