{"id":17677,"date":"2021-03-26T06:11:36","date_gmt":"2022-01-20T02:43:16","guid":{"rendered":"https:\/\/www.kuakebicycle.com\/kk9058-billig-elcykel-hybrid-herr-26-tum-250w-10ah-6-hastighet\/"},"modified":"2022-01-20T05:51:02","modified_gmt":"2022-01-20T05:51:02","slug":"kk9058-el-stadscykel","status":"publish","type":"product","link":"https:\/\/www.kuakebicycle.com\/sv\/kk9058-el-stadscykel\/","title":{"rendered":"KK9058 Elcykel Hybrid Herr (28 Tum, 250W, 10Ah, 6 Hastighet)"},"content":{"rendered":"<table border=\"1\" width=\"556\">\n<tbody>\n<tr>\n<td style=\"text-align: center;\" colspan=\"2\" bgcolor=\"#d9edf7\"><strong>Cykelspecifikationer<\/strong><\/td>\n<\/tr>\n<tr>\n<td bgcolor=\"#f5f2f2\" width=\"275\"><strong>Modellnummer<\/strong><\/td>\n<td width=\"281\">KK9058<\/td>\n<\/tr>\n<tr>\n<td bgcolor=\"#f5f2f2\" width=\"275\"><strong>Nettovikt<\/strong><\/td>\n<td width=\"281\">30KG<\/td>\n<\/tr>\n<tr>\n<td bgcolor=\"#f5f2f2\" width=\"275\"><strong>Bruttovikt<\/strong><\/td>\n<td width=\"281\">35KG<\/td>\n<\/tr>\n<tr>\n<td bgcolor=\"#f5f2f2\" width=\"275\"><strong>Cykel ram<\/strong><\/td>\n<td width=\"281\">Aluminiumlegering<\/td>\n<\/tr>\n<tr>\n<td bgcolor=\"#f5f2f2\" width=\"275\"><strong>Gaffel<\/strong><\/td>\n<td width=\"281\">ZOOM sing fj\u00e4dring Gaffel i aluminiumlegering<\/td>\n<\/tr>\n<tr>\n<td bgcolor=\"#f5f2f2\" width=\"275\"><strong>Redskap<\/strong><\/td>\n<td width=\"281\">Shimano 6-v\u00e4xlad<\/td>\n<\/tr>\n<tr>\n<td bgcolor=\"#f5f2f2\" width=\"275\"><strong>V\u00e4xlar<\/strong><\/td>\n<td width=\"281\">6 hastigheter<\/td>\n<\/tr>\n<tr>\n<td bgcolor=\"#f5f2f2\" width=\"275\"><strong>Frihjul<\/strong><\/td>\n<td width=\"281\">6 hastigheter<\/td>\n<\/tr>\n<tr>\n<td bgcolor=\"#f5f2f2\" width=\"275\"><strong>Frambroms<\/strong><\/td>\n<td width=\"281\">TEKTRO Mekanisk skivbroms<\/td>\n<\/tr>\n<tr>\n<td bgcolor=\"#f5f2f2\" width=\"275\"><strong>Bakbroms<\/strong><\/td>\n<td width=\"281\">TEKTRO Mekanisk skivbroms<\/td>\n<\/tr>\n<tr>\n<td bgcolor=\"#f5f2f2\" width=\"275\"><strong>Pedaler<\/strong><\/td>\n<td width=\"281\">Pedal Legering aluminium med reflektor<\/td>\n<\/tr>\n<tr>\n<td bgcolor=\"#f5f2f2\" width=\"275\"><strong>F\u00e4lg<\/strong><\/td>\n<td width=\"281\">Aluminiumlegering<\/td>\n<\/tr>\n<tr>\n<td bgcolor=\"#f5f2f2\" width=\"275\"><strong>D\u00e4ck<\/strong><\/td>\n<td width=\"281\">700C*40C<\/td>\n<\/tr>\n<tr>\n<td bgcolor=\"#f5f2f2\" width=\"275\"><strong>Ekrar<\/strong><\/td>\n<td width=\"281\">13g rostfritt st\u00e5l<\/td>\n<\/tr>\n<tr>\n<td bgcolor=\"#f5f2f2\" width=\"275\"><strong>Styre<\/strong><\/td>\n<td width=\"281\">Legerad aluminium, sportmodell<\/td>\n<\/tr>\n<tr>\n<td bgcolor=\"#f5f2f2\" width=\"275\"><strong>Stam<\/strong><\/td>\n<td width=\"281\">Legerad aluminium<\/td>\n<\/tr>\n<tr>\n<td bgcolor=\"#f5f2f2\" width=\"275\"><strong>Grepp<\/strong><\/td>\n<td width=\"281\">TC-G107A<\/td>\n<\/tr>\n<tr>\n<td bgcolor=\"#f5f2f2\" width=\"275\"><strong>Bromsspak<\/strong><\/td>\n<td width=\"281\">LE-52A legering<\/td>\n<\/tr>\n<tr>\n<td bgcolor=\"#f5f2f2\" width=\"275\"><strong>Sadel<\/strong><\/td>\n<td width=\"281\">Mjuk bekv\u00e4m<\/td>\n<\/tr>\n<tr>\n<td bgcolor=\"#f5f2f2\" width=\"275\"><strong>Stativ<\/strong><\/td>\n<td width=\"281\">CL-KA66,legering<\/td>\n<\/tr>\n<tr>\n<td bgcolor=\"#f5f2f2\" width=\"275\"><strong>Kedja<\/strong><\/td>\n<td width=\"281\">KMC<\/td>\n<\/tr>\n<tr>\n<td style=\"text-align: center;\" colspan=\"2\" bgcolor=\"#d9edf7\"><strong>Elektriskt system<\/strong><\/td>\n<\/tr>\n<tr>\n<td bgcolor=\"#f5f2f2\" width=\"275\"><strong>Batteri<\/strong><\/td>\n<td width=\"281\">36V10AH litiumbattericeller<\/td>\n<\/tr>\n<tr>\n<td bgcolor=\"#f5f2f2\" width=\"275\"><strong>Laddare<\/strong><\/td>\n<td width=\"281\">AC 100-240V Smart laddare<\/td>\n<\/tr>\n<tr>\n<td bgcolor=\"#f5f2f2\" width=\"275\"><strong>Laddningstid<\/strong><\/td>\n<td width=\"281\">4~6 hours<\/td>\n<\/tr>\n<tr>\n<td bgcolor=\"#f5f2f2\" width=\"275\"><strong>Laddningstider<\/strong><\/td>\n<td width=\"281\">800~1000 g\u00e5nger<\/td>\n<\/tr>\n<tr>\n<td bgcolor=\"#f5f2f2\" width=\"275\"><strong>Motor kraft<\/strong><\/td>\n<td width=\"281\">36V 250W<\/td>\n<\/tr>\n<tr>\n<td bgcolor=\"#f5f2f2\" width=\"275\"><strong>Kontroller<\/strong><\/td>\n<td width=\"281\">36V\/12A<\/td>\n<\/tr>\n<tr>\n<td bgcolor=\"#f5f2f2\" width=\"275\"><strong>Visa<\/strong><\/td>\n<td width=\"281\">LCD<\/td>\n<\/tr>\n<tr>\n<td bgcolor=\"#f5f2f2\" width=\"275\"><strong>H\u00f6gsta hastighet<\/strong><\/td>\n<td width=\"281\">25Km\/H<\/td>\n<\/tr>\n<tr>\n<td bgcolor=\"#f5f2f2\" width=\"275\"><strong>Avst\u00e5nd f\u00f6r laddning<\/strong><\/td>\n<td width=\"281\">31~60km<\/td>\n<\/tr>\n<tr>\n<td style=\"text-align: center;\" colspan=\"2\" bgcolor=\"#d9edf7\"><strong>Frakt detaljer<\/strong><\/td>\n<\/tr>\n<tr>\n<td bgcolor=\"#f5f2f2\" width=\"275\"><strong>F\u00f6rpackningsstorlek<\/strong><\/td>\n<td width=\"281\">148*24*87cm<\/td>\n<\/tr>\n<tr>\n<td bgcolor=\"#f5f2f2\" width=\"275\"><strong>40&#8243; Hq(Pcs)<\/strong><\/td>\n<td width=\"281\">210pcs<\/td>\n<\/tr>\n<tr>\n<td bgcolor=\"#f5f2f2\" width=\"275\"><strong>20&#8243; Hq(Pcs)<\/strong><\/td>\n<td width=\"281\">82pcs<\/td>\n<\/tr>\n<\/tbody>\n<\/table>\n","protected":false},"excerpt":{"rendered":"<ul>\n<li><strong>Ram<\/strong>: H\u00f6gh\u00e5llfast ramdesign av 100 % 6061 aluminiumlegering, maxbelastningen kan n\u00e5s 300lbs.<\/li>\n<li><strong>Motor<\/strong>: 36V\/250W h\u00f6ghastighets borstl\u00f6s bakmotor ger mer \u00e4n tillr\u00e4ckligt med kraft, maxhastigheten kan n\u00e5s 25km\/h.<\/li>\n<li><strong>Batteri<\/strong>: 36V\/10AH l\u00f6stagbart litiumbatteri, laddningstid: 4~6 timmar, batteritid: 800~1000 cykler.<\/li>\n<li><strong>Broms<\/strong>: Fram och bak TEKTRO mekaniska skivbromsar p\u00e5verkas inte av v\u00e4derextrema och ger kraftfull, progressiv bromsning.<\/li>\n<li><strong>V\u00e4xlar<\/strong>: Shimano 6-v\u00e4xlade transmissionssystem s\u00e4kerst\u00e4ller den olika hastighetsupplevelsen som du beh\u00f6ver f\u00f6r att \u00e5ka.<\/li>\n<li><strong>K\u00f6rl\u00e4ge<\/strong>: ren elektrisk, pedalassist (PAS) och normal cykel.<\/li>\n<\/ul>\n","protected":false},"featured_media":17684,"comment_status":"closed","ping_status":"closed","template":"","meta":{"site-sidebar-layout":"default","site-content-layout":"default","ast-site-content-layout":"default","site-content-style":"default","site-sidebar-style":"default","ast-global-header-display":"","ast-banner-title-visibility":"","ast-main-header-display":"","ast-hfb-above-header-display":"","ast-hfb-below-header-display":"","ast-hfb-mobile-header-display":"","site-post-title":"","ast-breadcrumbs-content":"","ast-featured-img":"","footer-sml-layout":"","ast-disable-related-posts":"","theme-transparent-header-meta":"default","adv-header-id-meta":"","stick-header-meta":"default","header-above-stick-meta":"","header-main-stick-meta":"","header-below-stick-meta":"","astra-migrate-meta-layouts":"default","ast-page-background-enabled":"default","ast-page-background-meta":{"desktop":{"background-color":"","background-image":"","background-repeat":"repeat","background-position":"center center","background-size":"auto","background-attachment":"scroll","background-type":"","background-media":"","overlay-type":"","overlay-color":"","overlay-opacity":"","overlay-gradient":""},"tablet":{"background-color":"","background-image":"","background-repeat":"repeat","background-position":"center center","background-size":"auto","background-attachment":"scroll","background-type":"","background-media":"","overlay-type":"","overlay-color":"","overlay-opacity":"","overlay-gradient":""},"mobile":{"background-color":"","background-image":"","background-repeat":"repeat","background-position":"center center","background-size":"auto","background-attachment":"scroll","background-type":"","background-media":"","overlay-type":"","overlay-color":"","overlay-opacity":"","overlay-gradient":""}},"ast-content-background-meta":{"desktop":{"background-color":"var(--ast-global-color-5)","background-image":"","background-repeat":"repeat","background-position":"center center","background-size":"auto","background-attachment":"scroll","background-type":"","background-media":"","overlay-type":"","overlay-color":"","overlay-opacity":"","overlay-gradient":""},"tablet":{"background-color":"var(--ast-global-color-5)","background-image":"","background-repeat":"repeat","background-position":"center center","background-size":"auto","background-attachment":"scroll","background-type":"","background-media":"","overlay-type":"","overlay-color":"","overlay-opacity":"","overlay-gradient":""},"mobile":{"background-color":"var(--ast-global-color-5)","background-image":"","background-repeat":"repeat","background-position":"center center","background-size":"auto","background-attachment":"scroll","background-type":"","background-media":"","overlay-type":"","overlay-color":"","overlay-opacity":"","overlay-gradient":""}}},"product_brand":[],"product_cat":[201],"product_tag":[],"class_list":{"0":"post-17677","1":"product","2":"type-product","3":"status-publish","4":"has-post-thumbnail","6":"product_cat-elektrisk-stadscykel","7":"desktop-align-left","8":"tablet-align-left","9":"mobile-align-left","10":"ast-product-gallery-layout-horizontal","11":"ast-product-tabs-layout-horizontal","12":"ast-qv-on-image","14":"first","15":"instock","16":"shipping-taxable","17":"product-type-simple"},"yoast_head":"<!-- This site is optimized with the Yoast SEO plugin v27.5 - https:\/\/yoast.com\/product\/yoast-seo-wordpress\/ -->\n<title>Billig Elcykel Hybrid Herr 28 Tum KK9058 - Kuake Bicycle<\/title>\n<meta name=\"robots\" content=\"index, follow, max-snippet:-1, max-image-preview:large, max-video-preview:-1\" \/>\n<link rel=\"canonical\" href=\"https:\/\/www.kuakebicycle.com\/sv\/kk9058-el-stadscykel\/\" \/>\n<meta property=\"og:locale\" content=\"sv_SE\" \/>\n<meta property=\"og:type\" content=\"article\" \/>\n<meta property=\"og:title\" content=\"Billig Elcykel Hybrid Herr 28 Tum KK9058 - Kuake Bicycle\" \/>\n<meta property=\"og:description\" content=\"Ram: H\u00f6gh\u00e5llfast ramdesign av 100 % 6061 aluminiumlegering, maxbelastningen kan n\u00e5s 300lbs.  Motor: 36V\/250W h\u00f6ghastighets borstl\u00f6s bakmotor ger mer \u00e4n tillr\u00e4ckligt med kraft, maxhastigheten kan n\u00e5s 25km\/h.  Batteri: 36V\/10AH l\u00f6stagbart litiumbatteri, laddningstid: 4~6 timmar, batteritid: 800~1000 cykler.  Broms: Fram och bak TEKTRO mekaniska skivbromsar p\u00e5verkas inte av v\u00e4derextrema och ger kraftfull, progressiv bromsning.  V\u00e4xlar: Shimano 6-v\u00e4xlade transmissionssystem s\u00e4kerst\u00e4ller den olika hastighetsupplevelsen som du beh\u00f6ver f\u00f6r att \u00e5ka.  K\u00f6rl\u00e4ge: ren elektrisk, pedalassist (PAS) och normal cykel.\" \/>\n<meta property=\"og:url\" content=\"https:\/\/www.kuakebicycle.com\/sv\/kk9058-el-stadscykel\/\" \/>\n<meta property=\"og:site_name\" content=\"Kuake Bicycle\" \/>\n<meta property=\"article:modified_time\" content=\"2022-01-20T05:51:02+00:00\" \/>\n<meta property=\"og:image\" content=\"https:\/\/www.kuakebicycle.com\/wp-content\/uploads\/2021\/03\/KK9058-Black-Electric-City-Bike.jpg\" \/>\n\t<meta property=\"og:image:width\" content=\"600\" \/>\n\t<meta property=\"og:image:height\" content=\"600\" \/>\n\t<meta property=\"og:image:type\" content=\"image\/jpeg\" \/>\n<meta name=\"twitter:card\" content=\"summary_large_image\" \/>\n<meta name=\"twitter:label1\" content=\"Ber\u00e4knad l\u00e4stid\" \/>\n\t<meta name=\"twitter:data1\" content=\"1 minut\" \/>\n<script type=\"application\/ld+json\" class=\"yoast-schema-graph\">{\"@context\":\"https:\\\/\\\/schema.org\",\"@graph\":[{\"@type\":\"WebPage\",\"@id\":\"https:\\\/\\\/www.kuakebicycle.com\\\/sv\\\/kk9058-el-stadscykel\\\/\",\"url\":\"https:\\\/\\\/www.kuakebicycle.com\\\/sv\\\/kk9058-el-stadscykel\\\/\",\"name\":\"Billig Elcykel Hybrid Herr 28 Tum KK9058 - Kuake Bicycle\",\"isPartOf\":{\"@id\":\"https:\\\/\\\/www.kuakebicycle.com\\\/sv\\\/#website\"},\"primaryImageOfPage\":{\"@id\":\"https:\\\/\\\/www.kuakebicycle.com\\\/sv\\\/kk9058-el-stadscykel\\\/#primaryimage\"},\"image\":{\"@id\":\"https:\\\/\\\/www.kuakebicycle.com\\\/sv\\\/kk9058-el-stadscykel\\\/#primaryimage\"},\"thumbnailUrl\":\"https:\\\/\\\/www.kuakebicycle.com\\\/wp-content\\\/uploads\\\/2021\\\/03\\\/KK9058-Black-Electric-City-Bike.jpg\",\"datePublished\":\"2022-01-20T02:43:16+00:00\",\"dateModified\":\"2022-01-20T05:51:02+00:00\",\"breadcrumb\":{\"@id\":\"https:\\\/\\\/www.kuakebicycle.com\\\/sv\\\/kk9058-el-stadscykel\\\/#breadcrumb\"},\"inLanguage\":\"sv-SE\",\"potentialAction\":[{\"@type\":\"ReadAction\",\"target\":[\"https:\\\/\\\/www.kuakebicycle.com\\\/sv\\\/kk9058-el-stadscykel\\\/\"]}]},{\"@type\":\"ImageObject\",\"inLanguage\":\"sv-SE\",\"@id\":\"https:\\\/\\\/www.kuakebicycle.com\\\/sv\\\/kk9058-el-stadscykel\\\/#primaryimage\",\"url\":\"https:\\\/\\\/www.kuakebicycle.com\\\/wp-content\\\/uploads\\\/2021\\\/03\\\/KK9058-Black-Electric-City-Bike.jpg\",\"contentUrl\":\"https:\\\/\\\/www.kuakebicycle.com\\\/wp-content\\\/uploads\\\/2021\\\/03\\\/KK9058-Black-Electric-City-Bike.jpg\",\"width\":600,\"height\":600,\"caption\":\"KK9058 Svart elektrisk stadscykel\"},{\"@type\":\"BreadcrumbList\",\"@id\":\"https:\\\/\\\/www.kuakebicycle.com\\\/sv\\\/kk9058-el-stadscykel\\\/#breadcrumb\",\"itemListElement\":[{\"@type\":\"ListItem\",\"position\":1,\"name\":\"Home\",\"item\":\"https:\\\/\\\/www.kuakebicycle.com\\\/sv\\\/\"},{\"@type\":\"ListItem\",\"position\":2,\"name\":\"Produkter\",\"item\":\"https:\\\/\\\/www.kuakebicycle.com\\\/sv\\\/produkter\\\/\"},{\"@type\":\"ListItem\",\"position\":3,\"name\":\"KK9058 Elcykel Hybrid Herr (28 Tum, 250W, 10Ah, 6 Hastighet)\"}]},{\"@type\":\"WebSite\",\"@id\":\"https:\\\/\\\/www.kuakebicycle.com\\\/sv\\\/#website\",\"url\":\"https:\\\/\\\/www.kuakebicycle.com\\\/sv\\\/\",\"name\":\"Kuake Bicycle\",\"description\":\"\",\"publisher\":{\"@id\":\"https:\\\/\\\/www.kuakebicycle.com\\\/sv\\\/#organization\"},\"potentialAction\":[{\"@type\":\"SearchAction\",\"target\":{\"@type\":\"EntryPoint\",\"urlTemplate\":\"https:\\\/\\\/www.kuakebicycle.com\\\/sv\\\/?s={search_term_string}\"},\"query-input\":{\"@type\":\"PropertyValueSpecification\",\"valueRequired\":true,\"valueName\":\"search_term_string\"}}],\"inLanguage\":\"sv-SE\"},{\"@type\":\"Organization\",\"@id\":\"https:\\\/\\\/www.kuakebicycle.com\\\/sv\\\/#organization\",\"name\":\"Kuake Technology\",\"url\":\"https:\\\/\\\/www.kuakebicycle.com\\\/sv\\\/\",\"logo\":{\"@type\":\"ImageObject\",\"inLanguage\":\"sv-SE\",\"@id\":\"https:\\\/\\\/www.kuakebicycle.com\\\/sv\\\/#\\\/schema\\\/logo\\\/image\\\/\",\"url\":\"https:\\\/\\\/www.kuakebicycle.com\\\/wp-content\\\/uploads\\\/2021\\\/03\\\/icon.png\",\"contentUrl\":\"https:\\\/\\\/www.kuakebicycle.com\\\/wp-content\\\/uploads\\\/2021\\\/03\\\/icon.png\",\"width\":100,\"height\":100,\"caption\":\"Kuake Technology\"},\"image\":{\"@id\":\"https:\\\/\\\/www.kuakebicycle.com\\\/sv\\\/#\\\/schema\\\/logo\\\/image\\\/\"}}]}<\/script>\n<!-- \/ Yoast SEO plugin. -->","yoast_head_json":{"title":"Billig Elcykel Hybrid Herr 28 Tum KK9058 - Kuake Bicycle","robots":{"index":"index","follow":"follow","max-snippet":"max-snippet:-1","max-image-preview":"max-image-preview:large","max-video-preview":"max-video-preview:-1"},"canonical":"https:\/\/www.kuakebicycle.com\/sv\/kk9058-el-stadscykel\/","og_locale":"sv_SE","og_type":"article","og_title":"Billig Elcykel Hybrid Herr 28 Tum KK9058 - Kuake Bicycle","og_description":"Ram: H\u00f6gh\u00e5llfast ramdesign av 100 % 6061 aluminiumlegering, maxbelastningen kan n\u00e5s 300lbs.  Motor: 36V\/250W h\u00f6ghastighets borstl\u00f6s bakmotor ger mer \u00e4n tillr\u00e4ckligt med kraft, maxhastigheten kan n\u00e5s 25km\/h.  Batteri: 36V\/10AH l\u00f6stagbart litiumbatteri, laddningstid: 4~6 timmar, batteritid: 800~1000 cykler.  Broms: Fram och bak TEKTRO mekaniska skivbromsar p\u00e5verkas inte av v\u00e4derextrema och ger kraftfull, progressiv bromsning.  V\u00e4xlar: Shimano 6-v\u00e4xlade transmissionssystem s\u00e4kerst\u00e4ller den olika hastighetsupplevelsen som du beh\u00f6ver f\u00f6r att \u00e5ka.  K\u00f6rl\u00e4ge: ren elektrisk, pedalassist (PAS) och normal cykel.","og_url":"https:\/\/www.kuakebicycle.com\/sv\/kk9058-el-stadscykel\/","og_site_name":"Kuake Bicycle","article_modified_time":"2022-01-20T05:51:02+00:00","og_image":[{"width":600,"height":600,"url":"https:\/\/www.kuakebicycle.com\/wp-content\/uploads\/2021\/03\/KK9058-Black-Electric-City-Bike.jpg","type":"image\/jpeg"}],"twitter_card":"summary_large_image","twitter_misc":{"Ber\u00e4knad l\u00e4stid":"1 minut"},"schema":{"@context":"https:\/\/schema.org","@graph":[{"@type":"WebPage","@id":"https:\/\/www.kuakebicycle.com\/sv\/kk9058-el-stadscykel\/","url":"https:\/\/www.kuakebicycle.com\/sv\/kk9058-el-stadscykel\/","name":"Billig Elcykel Hybrid Herr 28 Tum KK9058 - Kuake Bicycle","isPartOf":{"@id":"https:\/\/www.kuakebicycle.com\/sv\/#website"},"primaryImageOfPage":{"@id":"https:\/\/www.kuakebicycle.com\/sv\/kk9058-el-stadscykel\/#primaryimage"},"image":{"@id":"https:\/\/www.kuakebicycle.com\/sv\/kk9058-el-stadscykel\/#primaryimage"},"thumbnailUrl":"https:\/\/www.kuakebicycle.com\/wp-content\/uploads\/2021\/03\/KK9058-Black-Electric-City-Bike.jpg","datePublished":"2022-01-20T02:43:16+00:00","dateModified":"2022-01-20T05:51:02+00:00","breadcrumb":{"@id":"https:\/\/www.kuakebicycle.com\/sv\/kk9058-el-stadscykel\/#breadcrumb"},"inLanguage":"sv-SE","potentialAction":[{"@type":"ReadAction","target":["https:\/\/www.kuakebicycle.com\/sv\/kk9058-el-stadscykel\/"]}]},{"@type":"ImageObject","inLanguage":"sv-SE","@id":"https:\/\/www.kuakebicycle.com\/sv\/kk9058-el-stadscykel\/#primaryimage","url":"https:\/\/www.kuakebicycle.com\/wp-content\/uploads\/2021\/03\/KK9058-Black-Electric-City-Bike.jpg","contentUrl":"https:\/\/www.kuakebicycle.com\/wp-content\/uploads\/2021\/03\/KK9058-Black-Electric-City-Bike.jpg","width":600,"height":600,"caption":"KK9058 Svart elektrisk stadscykel"},{"@type":"BreadcrumbList","@id":"https:\/\/www.kuakebicycle.com\/sv\/kk9058-el-stadscykel\/#breadcrumb","itemListElement":[{"@type":"ListItem","position":1,"name":"Home","item":"https:\/\/www.kuakebicycle.com\/sv\/"},{"@type":"ListItem","position":2,"name":"Produkter","item":"https:\/\/www.kuakebicycle.com\/sv\/produkter\/"},{"@type":"ListItem","position":3,"name":"KK9058 Elcykel Hybrid Herr (28 Tum, 250W, 10Ah, 6 Hastighet)"}]},{"@type":"WebSite","@id":"https:\/\/www.kuakebicycle.com\/sv\/#website","url":"https:\/\/www.kuakebicycle.com\/sv\/","name":"Kuake Bicycle","description":"","publisher":{"@id":"https:\/\/www.kuakebicycle.com\/sv\/#organization"},"potentialAction":[{"@type":"SearchAction","target":{"@type":"EntryPoint","urlTemplate":"https:\/\/www.kuakebicycle.com\/sv\/?s={search_term_string}"},"query-input":{"@type":"PropertyValueSpecification","valueRequired":true,"valueName":"search_term_string"}}],"inLanguage":"sv-SE"},{"@type":"Organization","@id":"https:\/\/www.kuakebicycle.com\/sv\/#organization","name":"Kuake Technology","url":"https:\/\/www.kuakebicycle.com\/sv\/","logo":{"@type":"ImageObject","inLanguage":"sv-SE","@id":"https:\/\/www.kuakebicycle.com\/sv\/#\/schema\/logo\/image\/","url":"https:\/\/www.kuakebicycle.com\/wp-content\/uploads\/2021\/03\/icon.png","contentUrl":"https:\/\/www.kuakebicycle.com\/wp-content\/uploads\/2021\/03\/icon.png","width":100,"height":100,"caption":"Kuake Technology"},"image":{"@id":"https:\/\/www.kuakebicycle.com\/sv\/#\/schema\/logo\/image\/"}}]}},"_links":{"self":[{"href":"https:\/\/www.kuakebicycle.com\/sv\/wp-json\/wp\/v2\/product\/17677","targetHints":{"allow":["GET"]}}],"collection":[{"href":"https:\/\/www.kuakebicycle.com\/sv\/wp-json\/wp\/v2\/product"}],"about":[{"href":"https:\/\/www.kuakebicycle.com\/sv\/wp-json\/wp\/v2\/types\/product"}],"replies":[{"embeddable":true,"href":"https:\/\/www.kuakebicycle.com\/sv\/wp-json\/wp\/v2\/comments?post=17677"}],"wp:featuredmedia":[{"embeddable":true,"href":"https:\/\/www.kuakebicycle.com\/sv\/wp-json\/wp\/v2\/media\/17684"}],"wp:attachment":[{"href":"https:\/\/www.kuakebicycle.com\/sv\/wp-json\/wp\/v2\/media?parent=17677"}],"wp:term":[{"taxonomy":"product_brand","embeddable":true,"href":"https:\/\/www.kuakebicycle.com\/sv\/wp-json\/wp\/v2\/product_brand?post=17677"},{"taxonomy":"product_cat","embeddable":true,"href":"https:\/\/www.kuakebicycle.com\/sv\/wp-json\/wp\/v2\/product_cat?post=17677"},{"taxonomy":"product_tag","embeddable":true,"href":"https:\/\/www.kuakebicycle.com\/sv\/wp-json\/wp\/v2\/product_tag?post=17677"}],"curies":[{"name":"wp","href":"https:\/\/api.w.org\/{rel}","templated":true}]}}