{"id":14627,"date":"2021-03-29T03:06:45","date_gmt":"2021-12-14T09:56:34","guid":{"rendered":"https:\/\/www.kuakebicycle.com\/kk6001-elektrisk-trehjulig-lastcykel-for-tungt-arbete-500-w-60-ah-6-vaxlar\/"},"modified":"2022-02-09T02:55:39","modified_gmt":"2022-02-09T02:55:39","slug":"kk6001-elektrisk-last-trehjuling","status":"publish","type":"product","link":"https:\/\/www.kuakebicycle.com\/sv\/kk6001-elektrisk-last-trehjuling\/","title":{"rendered":"KK6001 Kraftig El Transportcykel f\u00f6r Paketleverans (500W, 60Ah, 6 Speed)"},"content":{"rendered":"<p><iframe loading=\"lazy\" width=\"560\" height=\"315\" src=\"https:\/\/www.youtube.com\/embed\/W98b-oF6_NY\" title=\"YouTube video player\" frameborder=\"0\" allow=\"accelerometer; autoplay; clipboard-write; encrypted-media; gyroscope; picture-in-picture\" allowfullscreen><\/iframe><\/p>\n<table border=\"1\" width=\"556\">\n<tbody>\n<tr>\n<td style=\"text-align: center;\" colspan=\"2\" bgcolor=\"#d9edf7\"><strong>Cykelspecifikationer<\/strong><\/td>\n<\/tr>\n<tr>\n<td bgcolor=\"#f5f2f2\" width=\"275\"><strong>Modellnummer<\/strong><\/td>\n<td width=\"281\">KK6001<\/td>\n<\/tr>\n<tr>\n<td bgcolor=\"#f5f2f2\" width=\"275\"><strong>Cykel ram<\/strong><\/td>\n<td width=\"281\">Aluminiumlegering<\/td>\n<\/tr>\n<tr>\n<td bgcolor=\"#f5f2f2\" width=\"275\"><strong>Redskap<\/strong><\/td>\n<td width=\"281\">Shimano 6-v\u00e4xlad<\/td>\n<\/tr>\n<tr>\n<td bgcolor=\"#f5f2f2\" width=\"275\"><strong>V\u00e4xlar<\/strong><\/td>\n<td width=\"281\">Shimano 6-v\u00e4xlad<\/td>\n<\/tr>\n<tr>\n<td bgcolor=\"#f5f2f2\" width=\"275\"><strong>Frihjul<\/strong><\/td>\n<td width=\"281\">Shimano 6-v\u00e4xlad<\/td>\n<\/tr>\n<tr>\n<td bgcolor=\"#f5f2f2\" width=\"275\"><strong>Frambroms<\/strong><\/td>\n<td width=\"281\">Hydraulisk skivbroms<\/td>\n<\/tr>\n<tr>\n<td bgcolor=\"#f5f2f2\" width=\"275\"><strong>Bakbroms<\/strong><\/td>\n<td width=\"281\">V-broms<\/td>\n<\/tr>\n<tr>\n<td bgcolor=\"#f5f2f2\" width=\"275\"><strong>D\u00e4ck<\/strong><\/td>\n<td width=\"281\">20&#8221;*2.125&#8221;\/19&#8221;*2.125&#8221;<\/td>\n<\/tr>\n<tr>\n<td bgcolor=\"#f5f2f2\" width=\"275\"><strong>Kedja<\/strong><\/td>\n<td width=\"281\">KMC<\/td>\n<\/tr>\n<tr>\n<td bgcolor=\"#f5f2f2\" width=\"275\"><strong>Hjulsk\u00e4rm<\/strong><\/td>\n<td width=\"281\">Rostfritt st\u00e5l<\/td>\n<\/tr>\n<tr>\n<td bgcolor=\"#f5f2f2\" width=\"275\"><strong>Lastare storlek<\/strong><\/td>\n<td width=\"281\">115*60*140cm<\/td>\n<\/tr>\n<tr>\n<td bgcolor=\"#f5f2f2\" width=\"275\"><strong>F\u00f6rpackningsstorlek<\/strong><\/td>\n<td width=\"281\">230*117*192cm<\/td>\n<\/tr>\n<tr>\n<td style=\"text-align: center;\" colspan=\"2\" bgcolor=\"#d9edf7\"><strong>Elektriskt system<\/strong><\/td>\n<\/tr>\n<tr>\n<td bgcolor=\"#f5f2f2\" width=\"275\"><strong>Batteri<\/strong><\/td>\n<td width=\"281\">48V 60A bly-syrajonbatteri<\/td>\n<\/tr>\n<tr>\n<td bgcolor=\"#f5f2f2\" width=\"275\"><strong>Sensor<\/strong><\/td>\n<td width=\"281\">Vridmomentgivare<\/td>\n<\/tr>\n<tr>\n<td bgcolor=\"#f5f2f2\" width=\"275\"><strong>Laddningstid<\/strong><\/td>\n<td width=\"281\">4~6 timmar<\/td>\n<\/tr>\n<tr>\n<td bgcolor=\"#f5f2f2\" width=\"275\"><strong>Laddningstider<\/strong><\/td>\n<td width=\"281\">800~1000 g\u00e5nger<\/td>\n<\/tr>\n<tr>\n<td bgcolor=\"#f5f2f2\" width=\"275\"><strong>Motor kraft<\/strong><\/td>\n<td width=\"281\">48V 500W motor (500W med 3-v\u00e4xlad niv\u00e5)<\/td>\n<\/tr>\n<tr>\n<td bgcolor=\"#f5f2f2\" width=\"275\"><strong>Kontroller<\/strong><\/td>\n<td width=\"281\">48V intelligent<\/td>\n<\/tr>\n<tr>\n<td bgcolor=\"#f5f2f2\" width=\"275\"><strong>Visa<\/strong><\/td>\n<td width=\"281\">LCD sk\u00e4rm<\/td>\n<\/tr>\n<tr>\n<td bgcolor=\"#f5f2f2\" width=\"275\"><strong>H\u00f6gsta hastighet<\/strong><\/td>\n<td width=\"281\">25km\/h<\/td>\n<\/tr>\n<tr>\n<td bgcolor=\"#f5f2f2\" width=\"275\"><strong>Avst\u00e5nd f\u00f6r laddning<\/strong><\/td>\n<td width=\"281\">60 km<\/td>\n<\/tr>\n<\/tbody>\n<\/table>\n","protected":false},"excerpt":{"rendered":"<ul>\n<li><strong>Ram<\/strong>: Ramkonstruktion av h\u00f6gh\u00e5llfast 6061 aluminiumlegering, lastl\u00e5dans storlek \u00e4r 115*60*140 cm.<\/li>\n<li><strong>Motor<\/strong>: DAPU 48V\/500W motor med 3-hastighetsniv\u00e5 ger mer \u00e4n tillr\u00e4ckligt med kraft, maxhastighet kan n\u00e5s 25km\/h.<\/li>\n<li><strong>Batteri<\/strong>: 48V 60A bly-syrajonbatteri, laddningstid: 4~6 timmar, batterilivsl\u00e4ngd: 800~1000 cykler.<\/li>\n<li><strong>Broms<\/strong>: Hydrauliska skivbromsar fram och V-broms bak.<\/li>\n<li><strong>V\u00e4xlar<\/strong>: Shimano 6-v\u00e4xlade transmissionssystem s\u00e4kerst\u00e4ller den olika hastighetsupplevelsen som du beh\u00f6ver f\u00f6r att \u00e5ka.<\/li>\n<li><strong>Kommersiell anv\u00e4ndning<\/strong>: Snabbare leveranser, n\u00f6jdare kunder. Leverera mer, tj\u00e4na mer och svettas mindre.<\/li>\n<\/ul>\n","protected":false},"featured_media":21505,"comment_status":"closed","ping_status":"closed","template":"","meta":{"site-sidebar-layout":"default","site-content-layout":"default","ast-site-content-layout":"default","site-content-style":"default","site-sidebar-style":"default","ast-global-header-display":"","ast-banner-title-visibility":"","ast-main-header-display":"","ast-hfb-above-header-display":"","ast-hfb-below-header-display":"","ast-hfb-mobile-header-display":"","site-post-title":"","ast-breadcrumbs-content":"","ast-featured-img":"","footer-sml-layout":"","ast-disable-related-posts":"","theme-transparent-header-meta":"default","adv-header-id-meta":"","stick-header-meta":"default","header-above-stick-meta":"","header-main-stick-meta":"","header-below-stick-meta":"","astra-migrate-meta-layouts":"default","ast-page-background-enabled":"default","ast-page-background-meta":{"desktop":{"background-color":"","background-image":"","background-repeat":"repeat","background-position":"center center","background-size":"auto","background-attachment":"scroll","background-type":"","background-media":"","overlay-type":"","overlay-color":"","overlay-opacity":"","overlay-gradient":""},"tablet":{"background-color":"","background-image":"","background-repeat":"repeat","background-position":"center center","background-size":"auto","background-attachment":"scroll","background-type":"","background-media":"","overlay-type":"","overlay-color":"","overlay-opacity":"","overlay-gradient":""},"mobile":{"background-color":"","background-image":"","background-repeat":"repeat","background-position":"center center","background-size":"auto","background-attachment":"scroll","background-type":"","background-media":"","overlay-type":"","overlay-color":"","overlay-opacity":"","overlay-gradient":""}},"ast-content-background-meta":{"desktop":{"background-color":"var(--ast-global-color-5)","background-image":"","background-repeat":"repeat","background-position":"center center","background-size":"auto","background-attachment":"scroll","background-type":"","background-media":"","overlay-type":"","overlay-color":"","overlay-opacity":"","overlay-gradient":""},"tablet":{"background-color":"var(--ast-global-color-5)","background-image":"","background-repeat":"repeat","background-position":"center center","background-size":"auto","background-attachment":"scroll","background-type":"","background-media":"","overlay-type":"","overlay-color":"","overlay-opacity":"","overlay-gradient":""},"mobile":{"background-color":"var(--ast-global-color-5)","background-image":"","background-repeat":"repeat","background-position":"center center","background-size":"auto","background-attachment":"scroll","background-type":"","background-media":"","overlay-type":"","overlay-color":"","overlay-opacity":"","overlay-gradient":""}}},"product_brand":[],"product_cat":[200],"product_tag":[],"class_list":{"0":"post-14627","1":"product","2":"type-product","3":"status-publish","4":"has-post-thumbnail","6":"product_cat-elektrisk-trehjuling","7":"desktop-align-left","8":"tablet-align-left","9":"mobile-align-left","10":"ast-product-gallery-layout-horizontal","11":"ast-product-tabs-layout-horizontal","12":"ast-qv-on-image","14":"first","15":"instock","16":"featured","17":"shipping-taxable","18":"product-type-simple"},"yoast_head":"<!-- This site is optimized with the Yoast SEO plugin v27.6 - https:\/\/yoast.com\/product\/yoast-seo-wordpress\/ -->\n<title>Kraftig El Transportcykel f\u00f6r Paketleverans KK6001 - Kuake Bicycle<\/title>\n<meta name=\"description\" content=\"V\u00e5r kraftiga el transportcykel kan hj\u00e4lpa dig att slutf\u00f6ra paketleveranser snabbare och ta dig an fler potentiella aff\u00e4rer.\" \/>\n<meta name=\"robots\" content=\"index, follow, max-snippet:-1, max-image-preview:large, max-video-preview:-1\" \/>\n<link rel=\"canonical\" href=\"https:\/\/www.kuakebicycle.com\/sv\/kk6001-elektrisk-last-trehjuling\/\" \/>\n<meta property=\"og:locale\" content=\"sv_SE\" \/>\n<meta property=\"og:type\" content=\"article\" \/>\n<meta property=\"og:title\" content=\"Kraftig El Transportcykel f\u00f6r Paketleverans KK6001 - Kuake Bicycle\" \/>\n<meta property=\"og:description\" content=\"V\u00e5r kraftiga el transportcykel kan hj\u00e4lpa dig att slutf\u00f6ra paketleveranser snabbare och ta dig an fler potentiella aff\u00e4rer.\" \/>\n<meta property=\"og:url\" content=\"https:\/\/www.kuakebicycle.com\/sv\/kk6001-elektrisk-last-trehjuling\/\" \/>\n<meta property=\"og:site_name\" content=\"Kuake Bicycle\" \/>\n<meta property=\"article:modified_time\" content=\"2022-02-09T02:55:39+00:00\" \/>\n<meta property=\"og:image\" content=\"https:\/\/www.kuakebicycle.com\/wp-content\/uploads\/2021\/03\/KK6001-Electric-Cargo-Tricycle-1.jpg\" \/>\n\t<meta property=\"og:image:width\" content=\"600\" \/>\n\t<meta property=\"og:image:height\" content=\"600\" \/>\n\t<meta property=\"og:image:type\" content=\"image\/jpeg\" \/>\n<meta name=\"twitter:card\" content=\"summary_large_image\" \/>\n<script type=\"application\/ld+json\" class=\"yoast-schema-graph\">{\"@context\":\"https:\\\/\\\/schema.org\",\"@graph\":[{\"@type\":\"WebPage\",\"@id\":\"https:\\\/\\\/www.kuakebicycle.com\\\/sv\\\/kk6001-elektrisk-last-trehjuling\\\/\",\"url\":\"https:\\\/\\\/www.kuakebicycle.com\\\/sv\\\/kk6001-elektrisk-last-trehjuling\\\/\",\"name\":\"Kraftig El Transportcykel f\u00f6r Paketleverans KK6001 - Kuake Bicycle\",\"isPartOf\":{\"@id\":\"https:\\\/\\\/www.kuakebicycle.com\\\/sv\\\/#website\"},\"primaryImageOfPage\":{\"@id\":\"https:\\\/\\\/www.kuakebicycle.com\\\/sv\\\/kk6001-elektrisk-last-trehjuling\\\/#primaryimage\"},\"image\":{\"@id\":\"https:\\\/\\\/www.kuakebicycle.com\\\/sv\\\/kk6001-elektrisk-last-trehjuling\\\/#primaryimage\"},\"thumbnailUrl\":\"https:\\\/\\\/www.kuakebicycle.com\\\/wp-content\\\/uploads\\\/2021\\\/03\\\/KK6001-Electric-Cargo-Tricycle-1.jpg\",\"datePublished\":\"2021-12-14T09:56:34+00:00\",\"dateModified\":\"2022-02-09T02:55:39+00:00\",\"description\":\"V\u00e5r kraftiga el transportcykel kan hj\u00e4lpa dig att slutf\u00f6ra paketleveranser snabbare och ta dig an fler potentiella aff\u00e4rer.\",\"breadcrumb\":{\"@id\":\"https:\\\/\\\/www.kuakebicycle.com\\\/sv\\\/kk6001-elektrisk-last-trehjuling\\\/#breadcrumb\"},\"inLanguage\":\"sv-SE\",\"potentialAction\":[{\"@type\":\"ReadAction\",\"target\":[\"https:\\\/\\\/www.kuakebicycle.com\\\/sv\\\/kk6001-elektrisk-last-trehjuling\\\/\"]}]},{\"@type\":\"ImageObject\",\"inLanguage\":\"sv-SE\",\"@id\":\"https:\\\/\\\/www.kuakebicycle.com\\\/sv\\\/kk6001-elektrisk-last-trehjuling\\\/#primaryimage\",\"url\":\"https:\\\/\\\/www.kuakebicycle.com\\\/wp-content\\\/uploads\\\/2021\\\/03\\\/KK6001-Electric-Cargo-Tricycle-1.jpg\",\"contentUrl\":\"https:\\\/\\\/www.kuakebicycle.com\\\/wp-content\\\/uploads\\\/2021\\\/03\\\/KK6001-Electric-Cargo-Tricycle-1.jpg\",\"width\":600,\"height\":600,\"caption\":\"KK6001 Electric Cargo Tricycle\"},{\"@type\":\"BreadcrumbList\",\"@id\":\"https:\\\/\\\/www.kuakebicycle.com\\\/sv\\\/kk6001-elektrisk-last-trehjuling\\\/#breadcrumb\",\"itemListElement\":[{\"@type\":\"ListItem\",\"position\":1,\"name\":\"Home\",\"item\":\"https:\\\/\\\/www.kuakebicycle.com\\\/sv\\\/\"},{\"@type\":\"ListItem\",\"position\":2,\"name\":\"Produkter\",\"item\":\"https:\\\/\\\/www.kuakebicycle.com\\\/sv\\\/produkter\\\/\"},{\"@type\":\"ListItem\",\"position\":3,\"name\":\"KK6001 Kraftig El Transportcykel f\u00f6r Paketleverans (500W, 60Ah, 6 Speed)\"}]},{\"@type\":\"WebSite\",\"@id\":\"https:\\\/\\\/www.kuakebicycle.com\\\/sv\\\/#website\",\"url\":\"https:\\\/\\\/www.kuakebicycle.com\\\/sv\\\/\",\"name\":\"Kuake Bicycle\",\"description\":\"\",\"publisher\":{\"@id\":\"https:\\\/\\\/www.kuakebicycle.com\\\/sv\\\/#organization\"},\"potentialAction\":[{\"@type\":\"SearchAction\",\"target\":{\"@type\":\"EntryPoint\",\"urlTemplate\":\"https:\\\/\\\/www.kuakebicycle.com\\\/sv\\\/?s={search_term_string}\"},\"query-input\":{\"@type\":\"PropertyValueSpecification\",\"valueRequired\":true,\"valueName\":\"search_term_string\"}}],\"inLanguage\":\"sv-SE\"},{\"@type\":\"Organization\",\"@id\":\"https:\\\/\\\/www.kuakebicycle.com\\\/sv\\\/#organization\",\"name\":\"Kuake Technology\",\"url\":\"https:\\\/\\\/www.kuakebicycle.com\\\/sv\\\/\",\"logo\":{\"@type\":\"ImageObject\",\"inLanguage\":\"sv-SE\",\"@id\":\"https:\\\/\\\/www.kuakebicycle.com\\\/sv\\\/#\\\/schema\\\/logo\\\/image\\\/\",\"url\":\"https:\\\/\\\/www.kuakebicycle.com\\\/wp-content\\\/uploads\\\/2021\\\/03\\\/icon.png\",\"contentUrl\":\"https:\\\/\\\/www.kuakebicycle.com\\\/wp-content\\\/uploads\\\/2021\\\/03\\\/icon.png\",\"width\":100,\"height\":100,\"caption\":\"Kuake Technology\"},\"image\":{\"@id\":\"https:\\\/\\\/www.kuakebicycle.com\\\/sv\\\/#\\\/schema\\\/logo\\\/image\\\/\"}}]}<\/script>\n<!-- \/ Yoast SEO plugin. -->","yoast_head_json":{"title":"Kraftig El Transportcykel f\u00f6r Paketleverans KK6001 - Kuake Bicycle","description":"V\u00e5r kraftiga el transportcykel kan hj\u00e4lpa dig att slutf\u00f6ra paketleveranser snabbare och ta dig an fler potentiella aff\u00e4rer.","robots":{"index":"index","follow":"follow","max-snippet":"max-snippet:-1","max-image-preview":"max-image-preview:large","max-video-preview":"max-video-preview:-1"},"canonical":"https:\/\/www.kuakebicycle.com\/sv\/kk6001-elektrisk-last-trehjuling\/","og_locale":"sv_SE","og_type":"article","og_title":"Kraftig El Transportcykel f\u00f6r Paketleverans KK6001 - Kuake Bicycle","og_description":"V\u00e5r kraftiga el transportcykel kan hj\u00e4lpa dig att slutf\u00f6ra paketleveranser snabbare och ta dig an fler potentiella aff\u00e4rer.","og_url":"https:\/\/www.kuakebicycle.com\/sv\/kk6001-elektrisk-last-trehjuling\/","og_site_name":"Kuake Bicycle","article_modified_time":"2022-02-09T02:55:39+00:00","og_image":[{"width":600,"height":600,"url":"https:\/\/www.kuakebicycle.com\/wp-content\/uploads\/2021\/03\/KK6001-Electric-Cargo-Tricycle-1.jpg","type":"image\/jpeg"}],"twitter_card":"summary_large_image","schema":{"@context":"https:\/\/schema.org","@graph":[{"@type":"WebPage","@id":"https:\/\/www.kuakebicycle.com\/sv\/kk6001-elektrisk-last-trehjuling\/","url":"https:\/\/www.kuakebicycle.com\/sv\/kk6001-elektrisk-last-trehjuling\/","name":"Kraftig El Transportcykel f\u00f6r Paketleverans KK6001 - Kuake Bicycle","isPartOf":{"@id":"https:\/\/www.kuakebicycle.com\/sv\/#website"},"primaryImageOfPage":{"@id":"https:\/\/www.kuakebicycle.com\/sv\/kk6001-elektrisk-last-trehjuling\/#primaryimage"},"image":{"@id":"https:\/\/www.kuakebicycle.com\/sv\/kk6001-elektrisk-last-trehjuling\/#primaryimage"},"thumbnailUrl":"https:\/\/www.kuakebicycle.com\/wp-content\/uploads\/2021\/03\/KK6001-Electric-Cargo-Tricycle-1.jpg","datePublished":"2021-12-14T09:56:34+00:00","dateModified":"2022-02-09T02:55:39+00:00","description":"V\u00e5r kraftiga el transportcykel kan hj\u00e4lpa dig att slutf\u00f6ra paketleveranser snabbare och ta dig an fler potentiella aff\u00e4rer.","breadcrumb":{"@id":"https:\/\/www.kuakebicycle.com\/sv\/kk6001-elektrisk-last-trehjuling\/#breadcrumb"},"inLanguage":"sv-SE","potentialAction":[{"@type":"ReadAction","target":["https:\/\/www.kuakebicycle.com\/sv\/kk6001-elektrisk-last-trehjuling\/"]}]},{"@type":"ImageObject","inLanguage":"sv-SE","@id":"https:\/\/www.kuakebicycle.com\/sv\/kk6001-elektrisk-last-trehjuling\/#primaryimage","url":"https:\/\/www.kuakebicycle.com\/wp-content\/uploads\/2021\/03\/KK6001-Electric-Cargo-Tricycle-1.jpg","contentUrl":"https:\/\/www.kuakebicycle.com\/wp-content\/uploads\/2021\/03\/KK6001-Electric-Cargo-Tricycle-1.jpg","width":600,"height":600,"caption":"KK6001 Electric Cargo Tricycle"},{"@type":"BreadcrumbList","@id":"https:\/\/www.kuakebicycle.com\/sv\/kk6001-elektrisk-last-trehjuling\/#breadcrumb","itemListElement":[{"@type":"ListItem","position":1,"name":"Home","item":"https:\/\/www.kuakebicycle.com\/sv\/"},{"@type":"ListItem","position":2,"name":"Produkter","item":"https:\/\/www.kuakebicycle.com\/sv\/produkter\/"},{"@type":"ListItem","position":3,"name":"KK6001 Kraftig El Transportcykel f\u00f6r Paketleverans (500W, 60Ah, 6 Speed)"}]},{"@type":"WebSite","@id":"https:\/\/www.kuakebicycle.com\/sv\/#website","url":"https:\/\/www.kuakebicycle.com\/sv\/","name":"Kuake Bicycle","description":"","publisher":{"@id":"https:\/\/www.kuakebicycle.com\/sv\/#organization"},"potentialAction":[{"@type":"SearchAction","target":{"@type":"EntryPoint","urlTemplate":"https:\/\/www.kuakebicycle.com\/sv\/?s={search_term_string}"},"query-input":{"@type":"PropertyValueSpecification","valueRequired":true,"valueName":"search_term_string"}}],"inLanguage":"sv-SE"},{"@type":"Organization","@id":"https:\/\/www.kuakebicycle.com\/sv\/#organization","name":"Kuake Technology","url":"https:\/\/www.kuakebicycle.com\/sv\/","logo":{"@type":"ImageObject","inLanguage":"sv-SE","@id":"https:\/\/www.kuakebicycle.com\/sv\/#\/schema\/logo\/image\/","url":"https:\/\/www.kuakebicycle.com\/wp-content\/uploads\/2021\/03\/icon.png","contentUrl":"https:\/\/www.kuakebicycle.com\/wp-content\/uploads\/2021\/03\/icon.png","width":100,"height":100,"caption":"Kuake Technology"},"image":{"@id":"https:\/\/www.kuakebicycle.com\/sv\/#\/schema\/logo\/image\/"}}]}},"_links":{"self":[{"href":"https:\/\/www.kuakebicycle.com\/sv\/wp-json\/wp\/v2\/product\/14627","targetHints":{"allow":["GET"]}}],"collection":[{"href":"https:\/\/www.kuakebicycle.com\/sv\/wp-json\/wp\/v2\/product"}],"about":[{"href":"https:\/\/www.kuakebicycle.com\/sv\/wp-json\/wp\/v2\/types\/product"}],"replies":[{"embeddable":true,"href":"https:\/\/www.kuakebicycle.com\/sv\/wp-json\/wp\/v2\/comments?post=14627"}],"wp:featuredmedia":[{"embeddable":true,"href":"https:\/\/www.kuakebicycle.com\/sv\/wp-json\/wp\/v2\/media\/21505"}],"wp:attachment":[{"href":"https:\/\/www.kuakebicycle.com\/sv\/wp-json\/wp\/v2\/media?parent=14627"}],"wp:term":[{"taxonomy":"product_brand","embeddable":true,"href":"https:\/\/www.kuakebicycle.com\/sv\/wp-json\/wp\/v2\/product_brand?post=14627"},{"taxonomy":"product_cat","embeddable":true,"href":"https:\/\/www.kuakebicycle.com\/sv\/wp-json\/wp\/v2\/product_cat?post=14627"},{"taxonomy":"product_tag","embeddable":true,"href":"https:\/\/www.kuakebicycle.com\/sv\/wp-json\/wp\/v2\/product_tag?post=14627"}],"curies":[{"name":"wp","href":"https:\/\/api.w.org\/{rel}","templated":true}]}}