{"id":13725,"date":"2021-03-29T06:53:54","date_gmt":"2021-12-02T09:25:33","guid":{"rendered":"https:\/\/www.kuakebicycle.com\/kk6010-frontlastare-elektrisk-lasttrehjuling-250w-10ah-6-hastigheter\/"},"modified":"2022-01-19T04:02:11","modified_gmt":"2022-01-19T04:02:11","slug":"kk6010-frontlastare-elektrisk-last-trehjuling","status":"publish","type":"product","link":"https:\/\/www.kuakebicycle.com\/sv\/kk6010-frontlastare-elektrisk-last-trehjuling\/","title":{"rendered":"KK6010 L\u00e5dcykel El 3 Hjulingar (250W, 454Ah, 7 hastigheter)"},"content":{"rendered":"<p><iframe loading=\"lazy\" title=\"YouTube video player\" src=\"https:\/\/www.youtube.com\/embed\/gDAlMlz-8R8\" width=\"560\" height=\"315\" frameborder=\"0\" allowfullscreen=\"allowfullscreen\"><\/iframe><\/p>\n<table border=\"1\" width=\"556\">\n<tbody>\n<tr>\n<td style=\"text-align: center;\" colspan=\"2\" bgcolor=\"#d9edf7\"><strong>Cykelspecifikationer<\/strong><\/td>\n<\/tr>\n<tr>\n<td bgcolor=\"#f5f2f2\" width=\"275\"><strong>Modellnummer<\/strong><\/td>\n<td width=\"281\">KK6010<\/td>\n<\/tr>\n<tr>\n<td bgcolor=\"#f5f2f2\" width=\"275\"><strong>Cykel ram<\/strong><\/td>\n<td width=\"281\">St\u00e5l<\/td>\n<\/tr>\n<tr>\n<td bgcolor=\"#f5f2f2\" width=\"275\"><strong>Redskap<\/strong><\/td>\n<td width=\"281\">Shimano 7 speed<\/td>\n<\/tr>\n<tr>\n<td bgcolor=\"#f5f2f2\" width=\"275\"><strong>V\u00e4xlar<\/strong><\/td>\n<td width=\"281\">Shimano 7 speed<\/td>\n<\/tr>\n<tr>\n<td bgcolor=\"#f5f2f2\" width=\"275\"><strong>Framgaffel<\/strong><\/td>\n<td width=\"281\">Mozo<\/td>\n<\/tr>\n<tr>\n<td bgcolor=\"#f5f2f2\" width=\"275\"><strong>Frambroms<\/strong><\/td>\n<td width=\"281\">Mekanisk skivbroms<\/td>\n<\/tr>\n<tr>\n<td bgcolor=\"#f5f2f2\" width=\"275\"><strong>Bakbroms<\/strong><\/td>\n<td width=\"281\">Mekanisk skivbroms<\/td>\n<\/tr>\n<tr>\n<td bgcolor=\"#f5f2f2\" width=\"275\"><strong>D\u00e4ck<\/strong><\/td>\n<td width=\"281\">20&#8221;*2.35&#8221;\/24&#8221;*2.35&#8221;, Kenda<\/td>\n<\/tr>\n<tr>\n<td bgcolor=\"#f5f2f2\" width=\"275\"><strong>Kedja<\/strong><\/td>\n<td width=\"281\">KMC<\/td>\n<\/tr>\n<tr>\n<td bgcolor=\"#f5f2f2\" width=\"275\"><strong>Hjulsk\u00e4rm<\/strong><\/td>\n<td width=\"281\">Rostfritt st\u00e5l<\/td>\n<\/tr>\n<tr>\n<td bgcolor=\"#f5f2f2\" width=\"275\"><strong>\u041f\u043e\u0433\u0440\u0443\u0437\u0447\u0438\u043a<\/strong><\/td>\n<td width=\"281\">94,5*62*59 \u0441\u043c, \u0432\u043e\u0434\u043e\u043d\u0435\u043f\u0440\u043e\u043d\u0438\u0446\u0430\u0435\u043c\u0430\u044f \u043c\u043d\u043e\u0433\u043e\u0441\u043b\u043e\u0439\u043d\u0430\u044f \u0434\u043e\u0441\u043a\u0430 \u0438\u0437 \u043c\u0430\u0441\u0441\u0438\u0432\u0430 \u0434\u0435\u0440\u0435\u0432\u0430<\/td>\n<\/tr>\n<tr>\n<td style=\"text-align: center;\" colspan=\"2\" bgcolor=\"#d9edf7\"><strong>Elektriskt system<\/strong><\/td>\n<\/tr>\n<tr>\n<td bgcolor=\"#f5f2f2\" width=\"275\"><strong>Batteri<\/strong><\/td>\n<td width=\"281\">36V 12,6Ah Samsung litiumjonbatteri<\/td>\n<\/tr>\n<tr>\n<td bgcolor=\"#f5f2f2\" width=\"275\"><strong>Sensor<\/strong><\/td>\n<td width=\"281\">Vridmomentgivare<\/td>\n<\/tr>\n<tr>\n<td bgcolor=\"#f5f2f2\" width=\"275\"><strong>Laddningstid<\/strong><\/td>\n<td width=\"281\">4~6 timmar<\/td>\n<\/tr>\n<tr>\n<td bgcolor=\"#f5f2f2\" width=\"275\"><strong>Laddningstider<\/strong><\/td>\n<td width=\"281\">800~1000 g\u00e5nger<\/td>\n<\/tr>\n<tr>\n<td bgcolor=\"#f5f2f2\" width=\"275\"><strong>Motor kraft<\/strong><\/td>\n<td width=\"281\">36V 250W Bafang<\/td>\n<\/tr>\n<tr>\n<td bgcolor=\"#f5f2f2\" width=\"275\"><strong>Kontroller<\/strong><\/td>\n<td width=\"281\">36V intelligent<\/td>\n<\/tr>\n<tr>\n<td bgcolor=\"#f5f2f2\" width=\"275\"><strong>Visa<\/strong><\/td>\n<td width=\"281\">LCD sk\u00e4rm<\/td>\n<\/tr>\n<tr>\n<td bgcolor=\"#f5f2f2\" width=\"275\"><strong>H\u00f6gsta hastighet<\/strong><\/td>\n<td width=\"281\">25km\/h<\/td>\n<\/tr>\n<tr>\n<td bgcolor=\"#f5f2f2\" width=\"275\"><strong>\u041c\u0430\u043a\u0441\u0438\u043c\u0430\u043b\u044c\u043d\u044b\u0439 \u043f\u0440\u043e\u0431\u0435\u0433<\/strong><\/td>\n<td width=\"281\">45 \u043a\u043c (\u0441 \u043f\u0435\u0434\u0430\u043b\u044c\u044e)<\/td>\n<\/tr>\n<\/tbody>\n<\/table>\n","protected":false},"excerpt":{"rendered":"<ul>\n<li><strong>Ram<\/strong>: St\u00e5lramsdesign, storleken p\u00e5 lastl\u00e5dan i tr\u00e4 \u00e4r 94,5*62*59 cm.<\/li>\n<li><strong>Motor<\/strong>: 36V\/250W Bafang-motor ger mer \u00e4n tillr\u00e4ckligt med kraft, maxhastigheten kan n\u00e5s 25km\/h.<\/li>\n<li><strong>Batteri<\/strong>: 36V\/12,6Ah Samsung-batteri, laddningstid: 4~6 timmar, batteritid: 800~1000 cykler.<\/li>\n<li><strong>Broms<\/strong>: Mekaniska skivbromsar fram\/bak.<\/li>\n<li><strong>V\u00e4xlar<\/strong>: Shimano 7-v\u00e4xlade transmissionssystem s\u00e4kerst\u00e4ller den olika hastighetsupplevelsen som du beh\u00f6ver f\u00f6r att \u00e5ka.<\/li>\n<\/ul>\n","protected":false},"featured_media":16517,"comment_status":"closed","ping_status":"closed","template":"","meta":{"site-sidebar-layout":"default","site-content-layout":"default","ast-site-content-layout":"default","site-content-style":"default","site-sidebar-style":"default","ast-global-header-display":"","ast-banner-title-visibility":"","ast-main-header-display":"","ast-hfb-above-header-display":"","ast-hfb-below-header-display":"","ast-hfb-mobile-header-display":"","site-post-title":"","ast-breadcrumbs-content":"","ast-featured-img":"","footer-sml-layout":"","ast-disable-related-posts":"","theme-transparent-header-meta":"default","adv-header-id-meta":"","stick-header-meta":"default","header-above-stick-meta":"","header-main-stick-meta":"","header-below-stick-meta":"","astra-migrate-meta-layouts":"default","ast-page-background-enabled":"default","ast-page-background-meta":{"desktop":{"background-color":"","background-image":"","background-repeat":"repeat","background-position":"center center","background-size":"auto","background-attachment":"scroll","background-type":"","background-media":"","overlay-type":"","overlay-color":"","overlay-opacity":"","overlay-gradient":""},"tablet":{"background-color":"","background-image":"","background-repeat":"repeat","background-position":"center center","background-size":"auto","background-attachment":"scroll","background-type":"","background-media":"","overlay-type":"","overlay-color":"","overlay-opacity":"","overlay-gradient":""},"mobile":{"background-color":"","background-image":"","background-repeat":"repeat","background-position":"center center","background-size":"auto","background-attachment":"scroll","background-type":"","background-media":"","overlay-type":"","overlay-color":"","overlay-opacity":"","overlay-gradient":""}},"ast-content-background-meta":{"desktop":{"background-color":"var(--ast-global-color-5)","background-image":"","background-repeat":"repeat","background-position":"center center","background-size":"auto","background-attachment":"scroll","background-type":"","background-media":"","overlay-type":"","overlay-color":"","overlay-opacity":"","overlay-gradient":""},"tablet":{"background-color":"var(--ast-global-color-5)","background-image":"","background-repeat":"repeat","background-position":"center center","background-size":"auto","background-attachment":"scroll","background-type":"","background-media":"","overlay-type":"","overlay-color":"","overlay-opacity":"","overlay-gradient":""},"mobile":{"background-color":"var(--ast-global-color-5)","background-image":"","background-repeat":"repeat","background-position":"center center","background-size":"auto","background-attachment":"scroll","background-type":"","background-media":"","overlay-type":"","overlay-color":"","overlay-opacity":"","overlay-gradient":""}}},"product_brand":[],"product_cat":[200],"product_tag":[],"class_list":{"0":"post-13725","1":"product","2":"type-product","3":"status-publish","4":"has-post-thumbnail","6":"product_cat-elektrisk-trehjuling","7":"desktop-align-left","8":"tablet-align-left","9":"mobile-align-left","10":"ast-product-gallery-layout-horizontal","11":"ast-product-tabs-layout-horizontal","12":"ast-qv-on-image","14":"first","15":"instock","16":"featured","17":"shipping-taxable","18":"product-type-simple"},"yoast_head":"<!-- This site is optimized with the Yoast SEO plugin v27.4 - https:\/\/yoast.com\/product\/yoast-seo-wordpress\/ -->\n<title>B\u00e4sta L\u00e5dcykel El 2022, KK6010 Klassisk El Familjecykel 3 Hjulingar - Kuake Bicycle<\/title>\n<meta name=\"description\" content=\"Denna trehjulig elcykel l\u00e5dcykel har gott om plats f\u00f6r 4 barn, den \u00e4r perfekt f\u00f6r cruising var som helst med familjer.\" \/>\n<meta name=\"robots\" content=\"index, follow, max-snippet:-1, max-image-preview:large, max-video-preview:-1\" \/>\n<link rel=\"canonical\" href=\"https:\/\/www.kuakebicycle.com\/sv\/kk6010-frontlastare-elektrisk-last-trehjuling\/\" \/>\n<meta property=\"og:locale\" content=\"sv_SE\" \/>\n<meta property=\"og:type\" content=\"article\" \/>\n<meta property=\"og:title\" content=\"B\u00e4sta L\u00e5dcykel El 2022, KK6010 Klassisk El Familjecykel 3 Hjulingar - Kuake Bicycle\" \/>\n<meta property=\"og:description\" content=\"Denna trehjulig elcykel l\u00e5dcykel har gott om plats f\u00f6r 4 barn, den \u00e4r perfekt f\u00f6r cruising var som helst med familjer.\" \/>\n<meta property=\"og:url\" content=\"https:\/\/www.kuakebicycle.com\/sv\/kk6010-frontlastare-elektrisk-last-trehjuling\/\" \/>\n<meta property=\"og:site_name\" content=\"Kuake Bicycle\" \/>\n<meta property=\"article:modified_time\" content=\"2022-01-19T04:02:11+00:00\" \/>\n<meta property=\"og:image\" content=\"https:\/\/www.kuakebicycle.com\/wp-content\/uploads\/2021\/03\/KK6010-Electric-Cargo-Trike.jpg\" \/>\n\t<meta property=\"og:image:width\" content=\"600\" \/>\n\t<meta property=\"og:image:height\" content=\"600\" \/>\n\t<meta property=\"og:image:type\" content=\"image\/jpeg\" \/>\n<meta name=\"twitter:card\" content=\"summary_large_image\" \/>\n<script type=\"application\/ld+json\" class=\"yoast-schema-graph\">{\"@context\":\"https:\\\/\\\/schema.org\",\"@graph\":[{\"@type\":\"WebPage\",\"@id\":\"https:\\\/\\\/www.kuakebicycle.com\\\/sv\\\/kk6010-frontlastare-elektrisk-last-trehjuling\\\/\",\"url\":\"https:\\\/\\\/www.kuakebicycle.com\\\/sv\\\/kk6010-frontlastare-elektrisk-last-trehjuling\\\/\",\"name\":\"B\u00e4sta L\u00e5dcykel El 2022, KK6010 Klassisk El Familjecykel 3 Hjulingar - Kuake Bicycle\",\"isPartOf\":{\"@id\":\"https:\\\/\\\/www.kuakebicycle.com\\\/sv\\\/#website\"},\"primaryImageOfPage\":{\"@id\":\"https:\\\/\\\/www.kuakebicycle.com\\\/sv\\\/kk6010-frontlastare-elektrisk-last-trehjuling\\\/#primaryimage\"},\"image\":{\"@id\":\"https:\\\/\\\/www.kuakebicycle.com\\\/sv\\\/kk6010-frontlastare-elektrisk-last-trehjuling\\\/#primaryimage\"},\"thumbnailUrl\":\"https:\\\/\\\/www.kuakebicycle.com\\\/wp-content\\\/uploads\\\/2021\\\/03\\\/KK6010-Electric-Cargo-Trike.jpg\",\"datePublished\":\"2021-12-02T09:25:33+00:00\",\"dateModified\":\"2022-01-19T04:02:11+00:00\",\"description\":\"Denna trehjulig elcykel l\u00e5dcykel har gott om plats f\u00f6r 4 barn, den \u00e4r perfekt f\u00f6r cruising var som helst med familjer.\",\"breadcrumb\":{\"@id\":\"https:\\\/\\\/www.kuakebicycle.com\\\/sv\\\/kk6010-frontlastare-elektrisk-last-trehjuling\\\/#breadcrumb\"},\"inLanguage\":\"sv-SE\",\"potentialAction\":[{\"@type\":\"ReadAction\",\"target\":[\"https:\\\/\\\/www.kuakebicycle.com\\\/sv\\\/kk6010-frontlastare-elektrisk-last-trehjuling\\\/\"]}]},{\"@type\":\"ImageObject\",\"inLanguage\":\"sv-SE\",\"@id\":\"https:\\\/\\\/www.kuakebicycle.com\\\/sv\\\/kk6010-frontlastare-elektrisk-last-trehjuling\\\/#primaryimage\",\"url\":\"https:\\\/\\\/www.kuakebicycle.com\\\/wp-content\\\/uploads\\\/2021\\\/03\\\/KK6010-Electric-Cargo-Trike.jpg\",\"contentUrl\":\"https:\\\/\\\/www.kuakebicycle.com\\\/wp-content\\\/uploads\\\/2021\\\/03\\\/KK6010-Electric-Cargo-Trike.jpg\",\"width\":600,\"height\":600,\"caption\":\"KK6010 l\u00e5dcykel el\"},{\"@type\":\"BreadcrumbList\",\"@id\":\"https:\\\/\\\/www.kuakebicycle.com\\\/sv\\\/kk6010-frontlastare-elektrisk-last-trehjuling\\\/#breadcrumb\",\"itemListElement\":[{\"@type\":\"ListItem\",\"position\":1,\"name\":\"Home\",\"item\":\"https:\\\/\\\/www.kuakebicycle.com\\\/sv\\\/\"},{\"@type\":\"ListItem\",\"position\":2,\"name\":\"Produkter\",\"item\":\"https:\\\/\\\/www.kuakebicycle.com\\\/sv\\\/produkter\\\/\"},{\"@type\":\"ListItem\",\"position\":3,\"name\":\"KK6010 L\u00e5dcykel El 3 Hjulingar (250W, 454Ah, 7 hastigheter)\"}]},{\"@type\":\"WebSite\",\"@id\":\"https:\\\/\\\/www.kuakebicycle.com\\\/sv\\\/#website\",\"url\":\"https:\\\/\\\/www.kuakebicycle.com\\\/sv\\\/\",\"name\":\"Kuake Bicycle\",\"description\":\"\",\"publisher\":{\"@id\":\"https:\\\/\\\/www.kuakebicycle.com\\\/sv\\\/#organization\"},\"potentialAction\":[{\"@type\":\"SearchAction\",\"target\":{\"@type\":\"EntryPoint\",\"urlTemplate\":\"https:\\\/\\\/www.kuakebicycle.com\\\/sv\\\/?s={search_term_string}\"},\"query-input\":{\"@type\":\"PropertyValueSpecification\",\"valueRequired\":true,\"valueName\":\"search_term_string\"}}],\"inLanguage\":\"sv-SE\"},{\"@type\":\"Organization\",\"@id\":\"https:\\\/\\\/www.kuakebicycle.com\\\/sv\\\/#organization\",\"name\":\"Kuake Technology\",\"url\":\"https:\\\/\\\/www.kuakebicycle.com\\\/sv\\\/\",\"logo\":{\"@type\":\"ImageObject\",\"inLanguage\":\"sv-SE\",\"@id\":\"https:\\\/\\\/www.kuakebicycle.com\\\/sv\\\/#\\\/schema\\\/logo\\\/image\\\/\",\"url\":\"https:\\\/\\\/www.kuakebicycle.com\\\/wp-content\\\/uploads\\\/2021\\\/03\\\/icon.png\",\"contentUrl\":\"https:\\\/\\\/www.kuakebicycle.com\\\/wp-content\\\/uploads\\\/2021\\\/03\\\/icon.png\",\"width\":100,\"height\":100,\"caption\":\"Kuake Technology\"},\"image\":{\"@id\":\"https:\\\/\\\/www.kuakebicycle.com\\\/sv\\\/#\\\/schema\\\/logo\\\/image\\\/\"}}]}<\/script>\n<!-- \/ Yoast SEO plugin. -->","yoast_head_json":{"title":"B\u00e4sta L\u00e5dcykel El 2022, KK6010 Klassisk El Familjecykel 3 Hjulingar - Kuake Bicycle","description":"Denna trehjulig elcykel l\u00e5dcykel har gott om plats f\u00f6r 4 barn, den \u00e4r perfekt f\u00f6r cruising var som helst med familjer.","robots":{"index":"index","follow":"follow","max-snippet":"max-snippet:-1","max-image-preview":"max-image-preview:large","max-video-preview":"max-video-preview:-1"},"canonical":"https:\/\/www.kuakebicycle.com\/sv\/kk6010-frontlastare-elektrisk-last-trehjuling\/","og_locale":"sv_SE","og_type":"article","og_title":"B\u00e4sta L\u00e5dcykel El 2022, KK6010 Klassisk El Familjecykel 3 Hjulingar - Kuake Bicycle","og_description":"Denna trehjulig elcykel l\u00e5dcykel har gott om plats f\u00f6r 4 barn, den \u00e4r perfekt f\u00f6r cruising var som helst med familjer.","og_url":"https:\/\/www.kuakebicycle.com\/sv\/kk6010-frontlastare-elektrisk-last-trehjuling\/","og_site_name":"Kuake Bicycle","article_modified_time":"2022-01-19T04:02:11+00:00","og_image":[{"width":600,"height":600,"url":"https:\/\/www.kuakebicycle.com\/wp-content\/uploads\/2021\/03\/KK6010-Electric-Cargo-Trike.jpg","type":"image\/jpeg"}],"twitter_card":"summary_large_image","schema":{"@context":"https:\/\/schema.org","@graph":[{"@type":"WebPage","@id":"https:\/\/www.kuakebicycle.com\/sv\/kk6010-frontlastare-elektrisk-last-trehjuling\/","url":"https:\/\/www.kuakebicycle.com\/sv\/kk6010-frontlastare-elektrisk-last-trehjuling\/","name":"B\u00e4sta L\u00e5dcykel El 2022, KK6010 Klassisk El Familjecykel 3 Hjulingar - Kuake Bicycle","isPartOf":{"@id":"https:\/\/www.kuakebicycle.com\/sv\/#website"},"primaryImageOfPage":{"@id":"https:\/\/www.kuakebicycle.com\/sv\/kk6010-frontlastare-elektrisk-last-trehjuling\/#primaryimage"},"image":{"@id":"https:\/\/www.kuakebicycle.com\/sv\/kk6010-frontlastare-elektrisk-last-trehjuling\/#primaryimage"},"thumbnailUrl":"https:\/\/www.kuakebicycle.com\/wp-content\/uploads\/2021\/03\/KK6010-Electric-Cargo-Trike.jpg","datePublished":"2021-12-02T09:25:33+00:00","dateModified":"2022-01-19T04:02:11+00:00","description":"Denna trehjulig elcykel l\u00e5dcykel har gott om plats f\u00f6r 4 barn, den \u00e4r perfekt f\u00f6r cruising var som helst med familjer.","breadcrumb":{"@id":"https:\/\/www.kuakebicycle.com\/sv\/kk6010-frontlastare-elektrisk-last-trehjuling\/#breadcrumb"},"inLanguage":"sv-SE","potentialAction":[{"@type":"ReadAction","target":["https:\/\/www.kuakebicycle.com\/sv\/kk6010-frontlastare-elektrisk-last-trehjuling\/"]}]},{"@type":"ImageObject","inLanguage":"sv-SE","@id":"https:\/\/www.kuakebicycle.com\/sv\/kk6010-frontlastare-elektrisk-last-trehjuling\/#primaryimage","url":"https:\/\/www.kuakebicycle.com\/wp-content\/uploads\/2021\/03\/KK6010-Electric-Cargo-Trike.jpg","contentUrl":"https:\/\/www.kuakebicycle.com\/wp-content\/uploads\/2021\/03\/KK6010-Electric-Cargo-Trike.jpg","width":600,"height":600,"caption":"KK6010 l\u00e5dcykel el"},{"@type":"BreadcrumbList","@id":"https:\/\/www.kuakebicycle.com\/sv\/kk6010-frontlastare-elektrisk-last-trehjuling\/#breadcrumb","itemListElement":[{"@type":"ListItem","position":1,"name":"Home","item":"https:\/\/www.kuakebicycle.com\/sv\/"},{"@type":"ListItem","position":2,"name":"Produkter","item":"https:\/\/www.kuakebicycle.com\/sv\/produkter\/"},{"@type":"ListItem","position":3,"name":"KK6010 L\u00e5dcykel El 3 Hjulingar (250W, 454Ah, 7 hastigheter)"}]},{"@type":"WebSite","@id":"https:\/\/www.kuakebicycle.com\/sv\/#website","url":"https:\/\/www.kuakebicycle.com\/sv\/","name":"Kuake Bicycle","description":"","publisher":{"@id":"https:\/\/www.kuakebicycle.com\/sv\/#organization"},"potentialAction":[{"@type":"SearchAction","target":{"@type":"EntryPoint","urlTemplate":"https:\/\/www.kuakebicycle.com\/sv\/?s={search_term_string}"},"query-input":{"@type":"PropertyValueSpecification","valueRequired":true,"valueName":"search_term_string"}}],"inLanguage":"sv-SE"},{"@type":"Organization","@id":"https:\/\/www.kuakebicycle.com\/sv\/#organization","name":"Kuake Technology","url":"https:\/\/www.kuakebicycle.com\/sv\/","logo":{"@type":"ImageObject","inLanguage":"sv-SE","@id":"https:\/\/www.kuakebicycle.com\/sv\/#\/schema\/logo\/image\/","url":"https:\/\/www.kuakebicycle.com\/wp-content\/uploads\/2021\/03\/icon.png","contentUrl":"https:\/\/www.kuakebicycle.com\/wp-content\/uploads\/2021\/03\/icon.png","width":100,"height":100,"caption":"Kuake Technology"},"image":{"@id":"https:\/\/www.kuakebicycle.com\/sv\/#\/schema\/logo\/image\/"}}]}},"_links":{"self":[{"href":"https:\/\/www.kuakebicycle.com\/sv\/wp-json\/wp\/v2\/product\/13725","targetHints":{"allow":["GET"]}}],"collection":[{"href":"https:\/\/www.kuakebicycle.com\/sv\/wp-json\/wp\/v2\/product"}],"about":[{"href":"https:\/\/www.kuakebicycle.com\/sv\/wp-json\/wp\/v2\/types\/product"}],"replies":[{"embeddable":true,"href":"https:\/\/www.kuakebicycle.com\/sv\/wp-json\/wp\/v2\/comments?post=13725"}],"wp:featuredmedia":[{"embeddable":true,"href":"https:\/\/www.kuakebicycle.com\/sv\/wp-json\/wp\/v2\/media\/16517"}],"wp:attachment":[{"href":"https:\/\/www.kuakebicycle.com\/sv\/wp-json\/wp\/v2\/media?parent=13725"}],"wp:term":[{"taxonomy":"product_brand","embeddable":true,"href":"https:\/\/www.kuakebicycle.com\/sv\/wp-json\/wp\/v2\/product_brand?post=13725"},{"taxonomy":"product_cat","embeddable":true,"href":"https:\/\/www.kuakebicycle.com\/sv\/wp-json\/wp\/v2\/product_cat?post=13725"},{"taxonomy":"product_tag","embeddable":true,"href":"https:\/\/www.kuakebicycle.com\/sv\/wp-json\/wp\/v2\/product_tag?post=13725"}],"curies":[{"name":"wp","href":"https:\/\/api.w.org\/{rel}","templated":true}]}}