{"id":13543,"date":"2021-06-23T02:31:41","date_gmt":"2021-12-02T06:37:05","guid":{"rendered":"https:\/\/www.kuakebicycle.com\/kk7016-hopfallbar-elcykel-i-kolfiber-15kg-250350w-samsung-7-0ah-bakfjadring\/"},"modified":"2022-04-25T06:57:52","modified_gmt":"2022-04-25T06:57:52","slug":"kk7016-hel-kolfiber-vikbar-e-cykel","status":"publish","type":"product","link":"https:\/\/www.kuakebicycle.com\/sv\/kk7016-hel-kolfiber-vikbar-e-cykel\/","title":{"rendered":"KK7016 Kolfiber Hopf\u00e4llbar Elcykel (15KG, 250~350W, Samsung 7.0Ah, Bakfj\u00e4dring)"},"content":{"rendered":"<p><iframe loading=\"lazy\" title=\"YouTube video player\" src=\"https:\/\/www.youtube.com\/embed\/MJj_uo9gSTo\" width=\"560\" height=\"315\" frameborder=\"0\" allowfullscreen=\"allowfullscreen\"><\/iframe><\/p>\n<table border=\"1\" width=\"556\">\n<tbody>\n<tr>\n<td style=\"text-align: center;\" colspan=\"2\" bgcolor=\"#d9edf7\"><strong>Grundl\u00e4ggande information<\/strong><\/td>\n<\/tr>\n<tr>\n<td bgcolor=\"#f5f2f2\" width=\"275\"><strong>Modellnummer<\/strong><\/td>\n<td width=\"281\">KK7016<\/td>\n<\/tr>\n<tr>\n<td bgcolor=\"#f5f2f2\" width=\"275\"><strong>Vikt<\/strong><\/td>\n<td width=\"281\">15 KG<\/td>\n<\/tr>\n<tr>\n<td bgcolor=\"#f5f2f2\" width=\"275\"><strong>Cykel ram<\/strong><\/td>\n<td width=\"281\">Kolfiber<\/td>\n<\/tr>\n<tr>\n<td bgcolor=\"#f5f2f2\" width=\"275\"><strong>Framgaffel<\/strong><\/td>\n<td width=\"281\">Kolfiber<\/td>\n<\/tr>\n<tr>\n<td bgcolor=\"#f5f2f2\" width=\"275\"><strong>Standardladdning<\/strong><\/td>\n<td width=\"281\">100kg\/220lb<\/td>\n<\/tr>\n<tr>\n<td bgcolor=\"#f5f2f2\" width=\"275\"><strong>Ridsystem<\/strong><\/td>\n<td width=\"281\">5PAS+ kryssning<\/td>\n<\/tr>\n<tr>\n<td bgcolor=\"#f5f2f2\" width=\"275\"><strong>Expandera storlek<\/strong><\/td>\n<td width=\"281\">1500*580*1100mm<\/td>\n<\/tr>\n<tr>\n<td bgcolor=\"#f5f2f2\" width=\"275\"><strong>Vikbar storlek<\/strong><\/td>\n<td width=\"281\">850*405*700mm<\/td>\n<\/tr>\n<tr>\n<td style=\"text-align: center;\" colspan=\"2\" bgcolor=\"#d9edf7\"><strong>Komponentspecifikationer<\/strong><\/td>\n<\/tr>\n<tr>\n<td bgcolor=\"#f5f2f2\" width=\"275\"><strong>Bromsar<\/strong><\/td>\n<td width=\"281\">Fram\/Bak Mekanisk 160mm G3 skivbroms<\/td>\n<\/tr>\n<tr>\n<td bgcolor=\"#f5f2f2\" width=\"275\"><strong>Bromsspak<\/strong><\/td>\n<td width=\"281\">Justerbar aluminiumlegering<\/td>\n<\/tr>\n<tr>\n<td bgcolor=\"#f5f2f2\" width=\"275\"><strong>V\u00e4xlar<\/strong><\/td>\n<td width=\"281\">SHIMANO Mf-Tz500-7 Speed<\/td>\n<\/tr>\n<tr>\n<td bgcolor=\"#f5f2f2\" width=\"275\"><strong>V\u00e4xlare<\/strong><\/td>\n<td width=\"281\">SHIMANO RD-TY300<\/td>\n<\/tr>\n<tr>\n<td bgcolor=\"#f5f2f2\" width=\"275\"><strong>Vev<\/strong><\/td>\n<td width=\"281\">Prowheel 48T<\/td>\n<\/tr>\n<tr>\n<td bgcolor=\"#f5f2f2\" width=\"275\"><strong>Bakre brandhjul<\/strong><\/td>\n<td width=\"281\">SHIMANO MF-TZ500-7<\/td>\n<\/tr>\n<tr>\n<td bgcolor=\"#f5f2f2\" width=\"275\"><strong>Tire<\/strong><\/td>\n<td width=\"281\">Kenda 20*1.95 inch<\/td>\n<\/tr>\n<tr>\n<td bgcolor=\"#f5f2f2\" width=\"275\"><strong>Hjuldiameter<\/strong><\/td>\n<td width=\"281\">20 inch<\/td>\n<\/tr>\n<tr>\n<td bgcolor=\"#f5f2f2\" width=\"275\"><strong>Hanterare<\/strong><\/td>\n<td width=\"281\">MICROSHIFT 7S\/P<\/td>\n<\/tr>\n<tr>\n<td bgcolor=\"#f5f2f2\" width=\"275\"><strong>Grepp<\/strong><\/td>\n<td width=\"281\">H\u00f6gdensitet EVA-st\u00f6td\u00e4mpande och halkfritt bekv\u00e4mt handtag<\/td>\n<\/tr>\n<tr>\n<td bgcolor=\"#f5f2f2\" width=\"275\"><strong>Kedja<\/strong><\/td>\n<td width=\"281\">KMC<\/td>\n<\/tr>\n<tr>\n<td bgcolor=\"#f5f2f2\" width=\"275\"><strong>Ljus<\/strong><\/td>\n<td width=\"281\">LED-ljus fram\/bak<\/td>\n<\/tr>\n<tr>\n<td bgcolor=\"#f5f2f2\" width=\"275\"><strong>F\u00e4lg<\/strong><\/td>\n<td width=\"281\">Dubbellagers skivbromsring i al-aluminium<\/td>\n<\/tr>\n<tr>\n<td bgcolor=\"#f5f2f2\" width=\"275\"><strong>Trampa<\/strong><\/td>\n<td width=\"281\">F\u00e4llbar halkfri pedal<\/td>\n<\/tr>\n<tr>\n<td bgcolor=\"#f5f2f2\" width=\"275\"><strong>Sadel<\/strong><\/td>\n<td width=\"281\">Ergonomisk komfort<\/td>\n<\/tr>\n<tr>\n<td style=\"text-align: center;\" colspan=\"2\" bgcolor=\"#d9edf7\"><strong>Specifikationer f\u00f6r elsystem<\/strong><\/td>\n<\/tr>\n<tr>\n<td bgcolor=\"#f5f2f2\" width=\"275\"><strong>Motor<\/strong><\/td>\n<td width=\"281\">250\/350W h\u00f6ghastighetsmotor<\/td>\n<\/tr>\n<tr>\n<td bgcolor=\"#f5f2f2\" width=\"275\"><strong>Batteri<\/strong><\/td>\n<td width=\"281\">36V 5.2Ah ( Samsung 7.0Ah)<\/td>\n<\/tr>\n<tr>\n<td bgcolor=\"#f5f2f2\" width=\"275\"><strong>Batterihanteringssystem<\/strong><\/td>\n<td width=\"281\">Patent s\u00e4tesr\u00f6r batterisystem<\/td>\n<\/tr>\n<tr>\n<td bgcolor=\"#f5f2f2\" width=\"275\"><strong>Laddningstid<\/strong><\/td>\n<td width=\"281\">3 timmar<\/td>\n<\/tr>\n<tr>\n<td bgcolor=\"#f5f2f2\" width=\"275\"><strong>Kontroller<\/strong><\/td>\n<td width=\"281\">sinusv\u00e5gskontroller<\/td>\n<\/tr>\n<tr>\n<td bgcolor=\"#f5f2f2\" width=\"275\"><strong>Visa<\/strong><\/td>\n<td width=\"281\">LCD sk\u00e4rm<\/td>\n<\/tr>\n<tr>\n<td bgcolor=\"#f5f2f2\" width=\"275\"><strong>Laddningstider<\/strong><\/td>\n<td width=\"281\">800~1000 g\u00e5nger<\/td>\n<\/tr>\n<tr>\n<td bgcolor=\"#f5f2f2\" width=\"275\"><strong>Endurance Milage<\/strong><\/td>\n<td width=\"281\">PAS&gt;50km<\/td>\n<\/tr>\n<tr>\n<td bgcolor=\"#f5f2f2\" width=\"275\"><strong>H\u00f6gsta hastighet<\/strong><\/td>\n<td width=\"281\">\u226425km\/h<\/td>\n<\/tr>\n<\/tbody>\n<\/table>\n","protected":false},"excerpt":{"rendered":"<ul>\n<li>Kolfiberram och framgaffel<\/li>\n<li>L\u00e4ttvikt 15 kg och hopf\u00e4llbar (expanderbar storlek: 1500*580*1100mm\u200b, hopf\u00e4llbar storlek: 850*405*700mm\u200b)<\/li>\n<li>Flera f\u00e4rger \u00e4r tillg\u00e4ngliga och anpassningsbara<\/li>\n<li>250w\/350w h\u00f6ghastighetsmotor bak<\/li>\n<li>Standard 36V\/5,2Ah litiumbatteri (alternativt Samsung 36V 7,0Ah alternativ)<\/li>\n<li>Sadelr\u00f6rs batterisystem<\/li>\n<li>Shimano 7 speed<\/li>\n<\/ul>\n","protected":false},"featured_media":22365,"comment_status":"closed","ping_status":"closed","template":"","meta":{"site-sidebar-layout":"default","site-content-layout":"default","ast-site-content-layout":"default","site-content-style":"default","site-sidebar-style":"default","ast-global-header-display":"","ast-banner-title-visibility":"","ast-main-header-display":"","ast-hfb-above-header-display":"","ast-hfb-below-header-display":"","ast-hfb-mobile-header-display":"","site-post-title":"","ast-breadcrumbs-content":"","ast-featured-img":"","footer-sml-layout":"","ast-disable-related-posts":"","theme-transparent-header-meta":"default","adv-header-id-meta":"","stick-header-meta":"default","header-above-stick-meta":"","header-main-stick-meta":"","header-below-stick-meta":"","astra-migrate-meta-layouts":"default","ast-page-background-enabled":"default","ast-page-background-meta":{"desktop":{"background-color":"","background-image":"","background-repeat":"repeat","background-position":"center center","background-size":"auto","background-attachment":"scroll","background-type":"","background-media":"","overlay-type":"","overlay-color":"","overlay-opacity":"","overlay-gradient":""},"tablet":{"background-color":"","background-image":"","background-repeat":"repeat","background-position":"center center","background-size":"auto","background-attachment":"scroll","background-type":"","background-media":"","overlay-type":"","overlay-color":"","overlay-opacity":"","overlay-gradient":""},"mobile":{"background-color":"","background-image":"","background-repeat":"repeat","background-position":"center center","background-size":"auto","background-attachment":"scroll","background-type":"","background-media":"","overlay-type":"","overlay-color":"","overlay-opacity":"","overlay-gradient":""}},"ast-content-background-meta":{"desktop":{"background-color":"var(--ast-global-color-5)","background-image":"","background-repeat":"repeat","background-position":"center center","background-size":"auto","background-attachment":"scroll","background-type":"","background-media":"","overlay-type":"","overlay-color":"","overlay-opacity":"","overlay-gradient":""},"tablet":{"background-color":"var(--ast-global-color-5)","background-image":"","background-repeat":"repeat","background-position":"center center","background-size":"auto","background-attachment":"scroll","background-type":"","background-media":"","overlay-type":"","overlay-color":"","overlay-opacity":"","overlay-gradient":""},"mobile":{"background-color":"var(--ast-global-color-5)","background-image":"","background-repeat":"repeat","background-position":"center center","background-size":"auto","background-attachment":"scroll","background-type":"","background-media":"","overlay-type":"","overlay-color":"","overlay-opacity":"","overlay-gradient":""}}},"product_brand":[],"product_cat":[199],"product_tag":[],"class_list":{"0":"post-13543","1":"product","2":"type-product","3":"status-publish","4":"has-post-thumbnail","6":"product_cat-elektrisk-hopfallbar-cykel","7":"desktop-align-left","8":"tablet-align-left","9":"mobile-align-left","10":"ast-product-gallery-layout-horizontal","11":"ast-product-tabs-layout-horizontal","12":"ast-qv-on-image","14":"first","15":"instock","16":"featured","17":"shipping-taxable","18":"product-type-simple"},"yoast_head":"<!-- This site is optimized with the Yoast SEO plugin v27.5 - https:\/\/yoast.com\/product\/yoast-seo-wordpress\/ -->\n<title>Kolfiber Hopf\u00e4llbar Elcykel 20 Tum KK7016 - Kuake Bicycle<\/title>\n<meta name=\"description\" content=\"Om du letar efter det ultimata inom l\u00e4ttviktsprestanda \u00e4r v\u00e5r elektriska hopf\u00e4llbara cykel i kolfiber oslagbar.\" \/>\n<meta name=\"robots\" content=\"index, follow, max-snippet:-1, max-image-preview:large, max-video-preview:-1\" \/>\n<link rel=\"canonical\" href=\"https:\/\/www.kuakebicycle.com\/sv\/kk7016-hel-kolfiber-vikbar-e-cykel\/\" \/>\n<meta property=\"og:locale\" content=\"sv_SE\" \/>\n<meta property=\"og:type\" content=\"article\" \/>\n<meta property=\"og:title\" content=\"Kolfiber Hopf\u00e4llbar Elcykel 20 Tum KK7016 - Kuake Bicycle\" \/>\n<meta property=\"og:description\" content=\"Om du letar efter det ultimata inom l\u00e4ttviktsprestanda \u00e4r v\u00e5r elektriska hopf\u00e4llbara cykel i kolfiber oslagbar.\" \/>\n<meta property=\"og:url\" content=\"https:\/\/www.kuakebicycle.com\/sv\/kk7016-hel-kolfiber-vikbar-e-cykel\/\" \/>\n<meta property=\"og:site_name\" content=\"Kuake Bicycle\" \/>\n<meta property=\"article:modified_time\" content=\"2022-04-25T06:57:52+00:00\" \/>\n<meta property=\"og:image\" content=\"https:\/\/www.kuakebicycle.com\/wp-content\/uploads\/2021\/06\/KK7016-Carbon-Folding-E-Bike.jpg\" \/>\n\t<meta property=\"og:image:width\" content=\"600\" \/>\n\t<meta property=\"og:image:height\" content=\"600\" \/>\n\t<meta property=\"og:image:type\" content=\"image\/jpeg\" \/>\n<meta name=\"twitter:card\" content=\"summary_large_image\" \/>\n<meta name=\"twitter:label1\" content=\"Ber\u00e4knad l\u00e4stid\" \/>\n\t<meta name=\"twitter:data1\" content=\"1 minut\" \/>\n<script type=\"application\/ld+json\" class=\"yoast-schema-graph\">{\"@context\":\"https:\\\/\\\/schema.org\",\"@graph\":[{\"@type\":\"WebPage\",\"@id\":\"https:\\\/\\\/www.kuakebicycle.com\\\/sv\\\/kk7016-hel-kolfiber-vikbar-e-cykel\\\/\",\"url\":\"https:\\\/\\\/www.kuakebicycle.com\\\/sv\\\/kk7016-hel-kolfiber-vikbar-e-cykel\\\/\",\"name\":\"Kolfiber Hopf\u00e4llbar Elcykel 20 Tum KK7016 - Kuake Bicycle\",\"isPartOf\":{\"@id\":\"https:\\\/\\\/www.kuakebicycle.com\\\/sv\\\/#website\"},\"primaryImageOfPage\":{\"@id\":\"https:\\\/\\\/www.kuakebicycle.com\\\/sv\\\/kk7016-hel-kolfiber-vikbar-e-cykel\\\/#primaryimage\"},\"image\":{\"@id\":\"https:\\\/\\\/www.kuakebicycle.com\\\/sv\\\/kk7016-hel-kolfiber-vikbar-e-cykel\\\/#primaryimage\"},\"thumbnailUrl\":\"https:\\\/\\\/www.kuakebicycle.com\\\/wp-content\\\/uploads\\\/2021\\\/06\\\/KK7016-Carbon-Folding-E-Bike.jpg\",\"datePublished\":\"2021-12-02T06:37:05+00:00\",\"dateModified\":\"2022-04-25T06:57:52+00:00\",\"description\":\"Om du letar efter det ultimata inom l\u00e4ttviktsprestanda \u00e4r v\u00e5r elektriska hopf\u00e4llbara cykel i kolfiber oslagbar.\",\"breadcrumb\":{\"@id\":\"https:\\\/\\\/www.kuakebicycle.com\\\/sv\\\/kk7016-hel-kolfiber-vikbar-e-cykel\\\/#breadcrumb\"},\"inLanguage\":\"sv-SE\",\"potentialAction\":[{\"@type\":\"ReadAction\",\"target\":[\"https:\\\/\\\/www.kuakebicycle.com\\\/sv\\\/kk7016-hel-kolfiber-vikbar-e-cykel\\\/\"]}]},{\"@type\":\"ImageObject\",\"inLanguage\":\"sv-SE\",\"@id\":\"https:\\\/\\\/www.kuakebicycle.com\\\/sv\\\/kk7016-hel-kolfiber-vikbar-e-cykel\\\/#primaryimage\",\"url\":\"https:\\\/\\\/www.kuakebicycle.com\\\/wp-content\\\/uploads\\\/2021\\\/06\\\/KK7016-Carbon-Folding-E-Bike.jpg\",\"contentUrl\":\"https:\\\/\\\/www.kuakebicycle.com\\\/wp-content\\\/uploads\\\/2021\\\/06\\\/KK7016-Carbon-Folding-E-Bike.jpg\",\"width\":600,\"height\":600,\"caption\":\"KK7016 Carbon Folding E-Bike\"},{\"@type\":\"BreadcrumbList\",\"@id\":\"https:\\\/\\\/www.kuakebicycle.com\\\/sv\\\/kk7016-hel-kolfiber-vikbar-e-cykel\\\/#breadcrumb\",\"itemListElement\":[{\"@type\":\"ListItem\",\"position\":1,\"name\":\"Home\",\"item\":\"https:\\\/\\\/www.kuakebicycle.com\\\/sv\\\/\"},{\"@type\":\"ListItem\",\"position\":2,\"name\":\"Produkter\",\"item\":\"https:\\\/\\\/www.kuakebicycle.com\\\/sv\\\/produkter\\\/\"},{\"@type\":\"ListItem\",\"position\":3,\"name\":\"KK7016 Kolfiber Hopf\u00e4llbar Elcykel (15KG, 250~350W, Samsung 7.0Ah, Bakfj\u00e4dring)\"}]},{\"@type\":\"WebSite\",\"@id\":\"https:\\\/\\\/www.kuakebicycle.com\\\/sv\\\/#website\",\"url\":\"https:\\\/\\\/www.kuakebicycle.com\\\/sv\\\/\",\"name\":\"Kuake Bicycle\",\"description\":\"\",\"publisher\":{\"@id\":\"https:\\\/\\\/www.kuakebicycle.com\\\/sv\\\/#organization\"},\"potentialAction\":[{\"@type\":\"SearchAction\",\"target\":{\"@type\":\"EntryPoint\",\"urlTemplate\":\"https:\\\/\\\/www.kuakebicycle.com\\\/sv\\\/?s={search_term_string}\"},\"query-input\":{\"@type\":\"PropertyValueSpecification\",\"valueRequired\":true,\"valueName\":\"search_term_string\"}}],\"inLanguage\":\"sv-SE\"},{\"@type\":\"Organization\",\"@id\":\"https:\\\/\\\/www.kuakebicycle.com\\\/sv\\\/#organization\",\"name\":\"Kuake Technology\",\"url\":\"https:\\\/\\\/www.kuakebicycle.com\\\/sv\\\/\",\"logo\":{\"@type\":\"ImageObject\",\"inLanguage\":\"sv-SE\",\"@id\":\"https:\\\/\\\/www.kuakebicycle.com\\\/sv\\\/#\\\/schema\\\/logo\\\/image\\\/\",\"url\":\"https:\\\/\\\/www.kuakebicycle.com\\\/wp-content\\\/uploads\\\/2021\\\/03\\\/icon.png\",\"contentUrl\":\"https:\\\/\\\/www.kuakebicycle.com\\\/wp-content\\\/uploads\\\/2021\\\/03\\\/icon.png\",\"width\":100,\"height\":100,\"caption\":\"Kuake Technology\"},\"image\":{\"@id\":\"https:\\\/\\\/www.kuakebicycle.com\\\/sv\\\/#\\\/schema\\\/logo\\\/image\\\/\"}}]}<\/script>\n<!-- \/ Yoast SEO plugin. -->","yoast_head_json":{"title":"Kolfiber Hopf\u00e4llbar Elcykel 20 Tum KK7016 - Kuake Bicycle","description":"Om du letar efter det ultimata inom l\u00e4ttviktsprestanda \u00e4r v\u00e5r elektriska hopf\u00e4llbara cykel i kolfiber oslagbar.","robots":{"index":"index","follow":"follow","max-snippet":"max-snippet:-1","max-image-preview":"max-image-preview:large","max-video-preview":"max-video-preview:-1"},"canonical":"https:\/\/www.kuakebicycle.com\/sv\/kk7016-hel-kolfiber-vikbar-e-cykel\/","og_locale":"sv_SE","og_type":"article","og_title":"Kolfiber Hopf\u00e4llbar Elcykel 20 Tum KK7016 - Kuake Bicycle","og_description":"Om du letar efter det ultimata inom l\u00e4ttviktsprestanda \u00e4r v\u00e5r elektriska hopf\u00e4llbara cykel i kolfiber oslagbar.","og_url":"https:\/\/www.kuakebicycle.com\/sv\/kk7016-hel-kolfiber-vikbar-e-cykel\/","og_site_name":"Kuake Bicycle","article_modified_time":"2022-04-25T06:57:52+00:00","og_image":[{"width":600,"height":600,"url":"https:\/\/www.kuakebicycle.com\/wp-content\/uploads\/2021\/06\/KK7016-Carbon-Folding-E-Bike.jpg","type":"image\/jpeg"}],"twitter_card":"summary_large_image","twitter_misc":{"Ber\u00e4knad l\u00e4stid":"1 minut"},"schema":{"@context":"https:\/\/schema.org","@graph":[{"@type":"WebPage","@id":"https:\/\/www.kuakebicycle.com\/sv\/kk7016-hel-kolfiber-vikbar-e-cykel\/","url":"https:\/\/www.kuakebicycle.com\/sv\/kk7016-hel-kolfiber-vikbar-e-cykel\/","name":"Kolfiber Hopf\u00e4llbar Elcykel 20 Tum KK7016 - Kuake Bicycle","isPartOf":{"@id":"https:\/\/www.kuakebicycle.com\/sv\/#website"},"primaryImageOfPage":{"@id":"https:\/\/www.kuakebicycle.com\/sv\/kk7016-hel-kolfiber-vikbar-e-cykel\/#primaryimage"},"image":{"@id":"https:\/\/www.kuakebicycle.com\/sv\/kk7016-hel-kolfiber-vikbar-e-cykel\/#primaryimage"},"thumbnailUrl":"https:\/\/www.kuakebicycle.com\/wp-content\/uploads\/2021\/06\/KK7016-Carbon-Folding-E-Bike.jpg","datePublished":"2021-12-02T06:37:05+00:00","dateModified":"2022-04-25T06:57:52+00:00","description":"Om du letar efter det ultimata inom l\u00e4ttviktsprestanda \u00e4r v\u00e5r elektriska hopf\u00e4llbara cykel i kolfiber oslagbar.","breadcrumb":{"@id":"https:\/\/www.kuakebicycle.com\/sv\/kk7016-hel-kolfiber-vikbar-e-cykel\/#breadcrumb"},"inLanguage":"sv-SE","potentialAction":[{"@type":"ReadAction","target":["https:\/\/www.kuakebicycle.com\/sv\/kk7016-hel-kolfiber-vikbar-e-cykel\/"]}]},{"@type":"ImageObject","inLanguage":"sv-SE","@id":"https:\/\/www.kuakebicycle.com\/sv\/kk7016-hel-kolfiber-vikbar-e-cykel\/#primaryimage","url":"https:\/\/www.kuakebicycle.com\/wp-content\/uploads\/2021\/06\/KK7016-Carbon-Folding-E-Bike.jpg","contentUrl":"https:\/\/www.kuakebicycle.com\/wp-content\/uploads\/2021\/06\/KK7016-Carbon-Folding-E-Bike.jpg","width":600,"height":600,"caption":"KK7016 Carbon Folding E-Bike"},{"@type":"BreadcrumbList","@id":"https:\/\/www.kuakebicycle.com\/sv\/kk7016-hel-kolfiber-vikbar-e-cykel\/#breadcrumb","itemListElement":[{"@type":"ListItem","position":1,"name":"Home","item":"https:\/\/www.kuakebicycle.com\/sv\/"},{"@type":"ListItem","position":2,"name":"Produkter","item":"https:\/\/www.kuakebicycle.com\/sv\/produkter\/"},{"@type":"ListItem","position":3,"name":"KK7016 Kolfiber Hopf\u00e4llbar Elcykel (15KG, 250~350W, Samsung 7.0Ah, Bakfj\u00e4dring)"}]},{"@type":"WebSite","@id":"https:\/\/www.kuakebicycle.com\/sv\/#website","url":"https:\/\/www.kuakebicycle.com\/sv\/","name":"Kuake Bicycle","description":"","publisher":{"@id":"https:\/\/www.kuakebicycle.com\/sv\/#organization"},"potentialAction":[{"@type":"SearchAction","target":{"@type":"EntryPoint","urlTemplate":"https:\/\/www.kuakebicycle.com\/sv\/?s={search_term_string}"},"query-input":{"@type":"PropertyValueSpecification","valueRequired":true,"valueName":"search_term_string"}}],"inLanguage":"sv-SE"},{"@type":"Organization","@id":"https:\/\/www.kuakebicycle.com\/sv\/#organization","name":"Kuake Technology","url":"https:\/\/www.kuakebicycle.com\/sv\/","logo":{"@type":"ImageObject","inLanguage":"sv-SE","@id":"https:\/\/www.kuakebicycle.com\/sv\/#\/schema\/logo\/image\/","url":"https:\/\/www.kuakebicycle.com\/wp-content\/uploads\/2021\/03\/icon.png","contentUrl":"https:\/\/www.kuakebicycle.com\/wp-content\/uploads\/2021\/03\/icon.png","width":100,"height":100,"caption":"Kuake Technology"},"image":{"@id":"https:\/\/www.kuakebicycle.com\/sv\/#\/schema\/logo\/image\/"}}]}},"_links":{"self":[{"href":"https:\/\/www.kuakebicycle.com\/sv\/wp-json\/wp\/v2\/product\/13543","targetHints":{"allow":["GET"]}}],"collection":[{"href":"https:\/\/www.kuakebicycle.com\/sv\/wp-json\/wp\/v2\/product"}],"about":[{"href":"https:\/\/www.kuakebicycle.com\/sv\/wp-json\/wp\/v2\/types\/product"}],"replies":[{"embeddable":true,"href":"https:\/\/www.kuakebicycle.com\/sv\/wp-json\/wp\/v2\/comments?post=13543"}],"wp:featuredmedia":[{"embeddable":true,"href":"https:\/\/www.kuakebicycle.com\/sv\/wp-json\/wp\/v2\/media\/22365"}],"wp:attachment":[{"href":"https:\/\/www.kuakebicycle.com\/sv\/wp-json\/wp\/v2\/media?parent=13543"}],"wp:term":[{"taxonomy":"product_brand","embeddable":true,"href":"https:\/\/www.kuakebicycle.com\/sv\/wp-json\/wp\/v2\/product_brand?post=13543"},{"taxonomy":"product_cat","embeddable":true,"href":"https:\/\/www.kuakebicycle.com\/sv\/wp-json\/wp\/v2\/product_cat?post=13543"},{"taxonomy":"product_tag","embeddable":true,"href":"https:\/\/www.kuakebicycle.com\/sv\/wp-json\/wp\/v2\/product_tag?post=13543"}],"curies":[{"name":"wp","href":"https:\/\/api.w.org\/{rel}","templated":true}]}}