{"id":21189,"date":"2022-12-02T03:10:40","date_gmt":"2022-12-02T03:10:40","guid":{"rendered":"https:\/\/www.kuakebicycle.com\/integritetspolicy\/"},"modified":"2022-12-02T03:44:05","modified_gmt":"2022-12-02T03:44:05","slug":"integritetspolicy","status":"publish","type":"page","link":"https:\/\/www.kuakebicycle.com\/sv\/integritetspolicy\/","title":{"rendered":"Integritetspolicy"},"content":{"rendered":"\n\n\t<p>V\u00e4lkommen till KuakeBicycle! Om du bes\u00f6ker v\u00e5r butik betyder det att du automatiskt accepterar alla dessa villkor. L\u00e4s noga all information om v\u00e5ra riktlinjer, villkor och avtal.<\/p>\n<p>Det \u00e4r mycket viktigt att bry sig om informationen eftersom vi lever i ett informationssamh\u00e4lle och du kan inte underskatta hur information kommer att anv\u00e4ndas och delas.<\/p>\n<p>F\u00f6rtroende \u00e4r h\u00f6rnstenen i v\u00e4nskap och vi uppskattar ditt beslut att v\u00e4lja v\u00e5r butik. Vi ger dig full tillg\u00e5ng till olika typer av information om ditt konto.<\/p>\n<p>Observera dessutom att v\u00e5r webbplats inneh\u00e5ller m\u00e5nga varum\u00e4rken som kan tillh\u00f6ra b\u00e5de v\u00e5rt f\u00f6retag och tredjepartsf\u00f6retag.<\/p>\n<p>Att anv\u00e4nda logotyper, ikoner och tj\u00e4nstnamn \u00e4r f\u00f6rbjudet p\u00e5 n\u00e5got s\u00e4tt som kan orsaka f\u00f6rvirring bland v\u00e5ra kunder och kommer att betraktas som ett brott mot upphovsr\u00e4ttslagen.<\/p>\n<p>Vi f\u00f6rbeh\u00e5ller oss r\u00e4tten att g\u00f6ra \u00e4ndringar i dessa villkor n\u00e4r som helst utan f\u00f6reg\u00e5ende meddelanden.<\/p>\n<p>Genom att anv\u00e4nda denna webbplats godk\u00e4nner du villkoren i den senaste versionen av denna sekretesspolicy. L\u00e4s v\u00e5ra anv\u00e4ndarvillkor f\u00f6r att f\u00f6rst\u00e5 de allm\u00e4nna reglerna f\u00f6r din anv\u00e4ndning av denna webbplats. F\u00f6rutom vad som \u00e4r skrivet i andra friskrivningar, policyer, anv\u00e4ndarvillkor eller andra meddelanden p\u00e5 denna webbplats, \u00e4r denna sekretesspolicy och anv\u00e4ndarvillkoren det fullst\u00e4ndiga avtalet mellan dig och KuakeBicycle.com med avseende p\u00e5 din anv\u00e4ndning av denna webbplats. Du kan bli f\u00f6rem\u00e5l f\u00f6r ytterligare villkor som kan g\u00e4lla n\u00e4r du f\u00e5r tillg\u00e5ng till s\u00e4rskilda tj\u00e4nster eller material p\u00e5 vissa omr\u00e5den p\u00e5 denna webbplats, eller genom att f\u00f6lja en l\u00e4nk fr\u00e5n denna webbplats.<\/p>\n<h3>Introduktion<\/h3>\n<p>Vilken information vi f\u00e5r, och hur vi anv\u00e4nder den, beror p\u00e5 vad du g\u00f6r n\u00e4r du bes\u00f6ker v\u00e5r webbplats. Vi samlar in och anv\u00e4nder din icke-personliga information (information som inte \u00e4r identifierbar f\u00f6r dig personligen) p\u00e5 annat s\u00e4tt \u00e4n din personliga information.<\/p>\n<h3>Vad \u00e4r icke-personlig information?<\/h3>\n<ul>\n<li>Icke-personlig information \u00e4r den information vi samlar in via denna webbplats som inte identifierar oss som en enskild person. Det kan inneh\u00e5lla information som f\u00f6ljande:<\/li>\n<li>vilken typ av webbl\u00e4sarprogram du anv\u00e4nder (till exempel Netscape Navigator eller Internet Explorer)<\/li>\n<li>namnet p\u00e5 den dom\u00e4n fr\u00e5n vilken du ansluter till Internet<\/li>\n<li>Internetadressen till webbplatsen fr\u00e5n vilken du l\u00e4nkade direkt till v\u00e5r webbplats<\/li>\n<li>datum och tid n\u00e4r du bes\u00f6ker v\u00e5r webbplats<\/li>\n<li>vilka sidor du har bes\u00f6kt p\u00e5 v\u00e5r hemsida<\/li>\n<li>s\u00f6ktermerna du anv\u00e4nder<\/li>\n<li>l\u00e4nkarna som du klickar p\u00e5<\/li>\n<li>personlig information som har gjorts icke-personlig eller anonymiserad (d.v.s. information som inte l\u00e4ngre \u00e5terspeglar eller refererar till en individuellt identifierbar anv\u00e4ndare)<\/li>\n<\/ul>\n<p>Om du bes\u00f6ker v\u00e5r webbplats f\u00f6r att l\u00e4sa eller ladda ner information, s\u00e5som information om ett h\u00e4lsotillst\u00e5nd eller om en av v\u00e5ra produkter, kan vi samla in viss icke-personlig information om dig fr\u00e5n din dator. Denna information samlas in fr\u00e5n din dators webbl\u00e4sare: Om du bara l\u00e4ser eller laddar ner information p\u00e5 v\u00e5r webbplats, samlar vi inte in eller l\u00e4r oss ditt namn, e-postadress, hemadress eller annan personlig information om dig. Vi kan placera en textfil som kallas en cookie i webbl\u00e4sarfilerna p\u00e5 din dator n\u00e4r du bes\u00f6ker. Cookien kan lagras p\u00e5 din dators h\u00e5rddisk. Informationen som vi samlar in med hj\u00e4lp av cookies \u00e4r icke-personlig information. Du \u00e4r alltid fri att avb\u00f6ja v\u00e5ra cookies om din webbl\u00e4sare till\u00e5ter det, men vissa delar av v\u00e5r webbplats kanske inte fungerar korrekt f\u00f6r dig om du g\u00f6r det. Vi kommer inte att till\u00e5ta andra tredje parter \u00e4n de f\u00f6retag som vi anlitar f\u00f6r att utf\u00f6ra tj\u00e4nster eller funktioner f\u00f6r v\u00e5r r\u00e4kning att placera cookies p\u00e5 v\u00e5r webbplats.<\/p>\n<h3>Vad g\u00f6r KuakeBicycle.com med icke-personlig information?<\/h3>\n<p>Eftersom icke-personlig information inte kan identifiera dig eller vara knuten till dig p\u00e5 n\u00e5got s\u00e4tt, finns det inga begr\u00e4nsningar f\u00f6r hur vi kan anv\u00e4nda eller dela icke-personlig information. Vi letar alltid efter s\u00e4tt att b\u00e4ttre betj\u00e4na dig och f\u00f6rb\u00e4ttra denna webbplats. Vi kommer att anv\u00e4nda icke-personlig information fr\u00e5n dig f\u00f6r att hj\u00e4lpa oss att g\u00f6ra denna webbplats mer anv\u00e4ndbar f\u00f6r bes\u00f6kare. Vi kommer ocks\u00e5 att anv\u00e4nda icke-personlig information f\u00f6r andra aff\u00e4rs\u00e4ndam\u00e5l. Till exempel kan vi anv\u00e4nda icke-personlig information eller samla icke-personlig information f\u00f6r att:<\/p>\n<ul>\n<li>skapa rapporter f\u00f6r internt bruk f\u00f6r att utveckla program, produkter, tj\u00e4nster eller inneh\u00e5ll<\/li>\n<li>anpassa informationen eller tj\u00e4nsterna som \u00e4r av intresse f\u00f6r dig<\/li>\n<li>Dela den med eller s\u00e4lj den till tredje part<\/li>\n<li>tillhandah\u00e5lla aggregerad &#8221;trafikstatistik&#8221; och &#8221;svarsfrekvens&#8221; till tredje part<\/li>\n<li>Vad \u00e4r personlig information?<\/li>\n<li>Personlig information \u00e4r den information vi samlar in via denna webbplats som vi kan anv\u00e4nda f\u00f6r att specifikt identifiera dig, till exempel din:<\/li>\n<li>namn<\/li>\n<li>telefonnummer<\/li>\n<li>e-postadress<\/li>\n<li>Serienummer f\u00f6r medicinsk utrustning<\/li>\n<li>Personlig h\u00e4lsoinformation<\/li>\n<li>f\u00f6delsedatum<\/li>\n<\/ul>\n<p>P\u00e5 vissa platser p\u00e5 denna webbplats har du m\u00f6jlighet att skicka oss personlig information om dig sj\u00e4lv, att v\u00e4lja att f\u00e5 s\u00e4rskild information eller att delta i en aktivitet. Till exempel kan du fylla i ett registreringsformul\u00e4r, en unders\u00f6kning eller ett e-postformul\u00e4r och du kan v\u00e4lja att f\u00e5 utbildningsmaterial om v\u00e5ra produkter och terapier.<\/p>\n<p>Du kan ocks\u00e5 v\u00e4lja att l\u00e5ta oss anpassa dina bes\u00f6k p\u00e5 webbplatsen, i vilket fall vi kommer att be dig om viss personlig information f\u00f6r att g\u00f6ra dina bes\u00f6k p\u00e5 v\u00e5r webbplats mer anv\u00e4ndbar f\u00f6r dig. N\u00e4r denna information kombineras med den icke-personliga informationen som vi samlar in genom cookies (beskrivs ovan) kommer vi att kunna ber\u00e4tta att du har bes\u00f6kt v\u00e5r webbplats tidigare och kan anpassa din \u00e5tkomst till v\u00e5r webbplats, till exempel genom att ber\u00e4tta om dig Nya funktioner som kan vara av intresse f\u00f6r dig.<\/p>\n<h3>Hur h\u00e5ller och anv\u00e4nder Kuakebicycle.com personlig information?<\/h3>\n<p>Vi kan h\u00e5lla och anv\u00e4nda den personliga informationen vi samlar in fr\u00e5n dig via denna webbplats f\u00f6r att ge dig tillg\u00e5ng till denna webbplats. Dessutom kan vi beh\u00e5lla och anv\u00e4nda din personliga information:<\/p>\n<ul>\n<li>att svara p\u00e5 dina f\u00f6rfr\u00e5gningar<\/li>\n<li>F\u00f6r att anpassa din \u00e5tkomst till v\u00e5r webbplats, till exempel genom att ber\u00e4tta om nya funktioner som kan vara av intresse f\u00f6r dig<\/li>\n<li>F\u00f6r att utveckla poster, inklusive register \u00f6ver din personliga information<\/li>\n<li>Att kontakta dig med information som kan vara av intresse f\u00f6r dig, inklusive information om kliniska pr\u00f6vningar och om produkter och tj\u00e4nster fr\u00e5n v\u00e5ra och andras<\/li>\n<li>F\u00f6r analytiska \u00e4ndam\u00e5l och forskning, utveckla och f\u00f6rb\u00e4ttra program, produkter, tj\u00e4nster och inneh\u00e5ll<\/li>\n<li>F\u00f6r att ta bort dina personliga identifierare (ditt namn, e-postadress, personnummer osv.). I det h\u00e4r fallet skulle du inte l\u00e4ngre identifieras som en enda unik individ. N\u00e4r vi har identifierat information \u00e4r det icke-personlig information och vi kan behandla den som annan icke-personlig information.<\/li>\n<li>F\u00f6r att verkst\u00e4lla detta integritetsf\u00f6rklaring och andra regler om din anv\u00e4ndning av denna webbplats<\/li>\n<li>f\u00f6r att skydda v\u00e5ra r\u00e4ttigheter eller egendom<\/li>\n<li>f\u00f6r att skydda n\u00e5gons h\u00e4lsa, s\u00e4kerhet eller v\u00e4lf\u00e4rd<\/li>\n<li>att f\u00f6lja en lag eller f\u00f6rordning, domstolsbeslut eller andra r\u00e4ttsliga processer<\/li>\n<li>Vi har ingen metod f\u00f6r att granska personlig eller icke-personlig information som samlas in via denna webbplats.<\/li>\n<\/ul>\n<h3>Delar Kuakebicycle.com n\u00e5gonsin personlig information med tredje part?<\/h3>\n<p>Kuakebicycle.com kommer inte att dela din personliga information som samlas in fr\u00e5n denna webbplats med en oberoende tredje part utan ditt tillst\u00e5nd, om inte annat anges i detta integritetsf\u00f6rklaring.<\/p>\n<p>Under den vanliga aff\u00e4rsverksamheten kan vi dela lite personlig information med f\u00f6retag som vi anst\u00e4ller f\u00f6r att utf\u00f6ra tj\u00e4nster eller funktioner f\u00f6r v\u00e5ra r\u00e4kning. I alla fall d\u00e4r vi delar din personliga information med en tredje part kommer vi inte att bemyndigar dem att beh\u00e5lla, avsl\u00f6ja eller anv\u00e4nda din information med andra f\u00f6rutom f\u00f6r att tillhandah\u00e5lla de tj\u00e4nster vi bad dem att tillhandah\u00e5lla. Vi kommer inte att s\u00e4lja, utbyta eller publicera din personliga information, utom i samband med en f\u00f6retagsf\u00f6rs\u00e4ljning, fusion, uppl\u00f6sning eller f\u00f6rv\u00e4rv.<\/p>\n<p>Vi kan vara lagligt tvingade att sl\u00e4ppa din personliga information som svar p\u00e5 en domstolsbeslut, st\u00e4mning, s\u00f6kord, lag eller reglering. Vi kan samarbeta med brottsbek\u00e4mpande myndigheter f\u00f6r att utreda och \u00e5tala bes\u00f6kare p\u00e5 webbplatsen som bryter mot v\u00e5ra regler eller bedriver beteende som \u00e4r skadligt f\u00f6r andra bes\u00f6kare (eller olagliga).<\/p>\n<h3>Vad s\u00e4gs om integritet p\u00e5 andra webbplatser?<\/h3>\n<p>Denna webbplats kan inneh\u00e5lla l\u00e4nkar till andra webbplatser. Vissa av dessa webbplatser kan drivas av Kuakebycle, och andra kan drivas av tredje parter. Vi tillhandah\u00e5ller l\u00e4nkarna f\u00f6r din bekv\u00e4mlighet, men vi granskar, kontrollerar eller \u00f6vervakar inte sekretesspraxis f\u00f6r webbplatser som drivs av andra. Denna integritetsf\u00f6rklaring g\u00e4ller inte n\u00e5gon annan webbplats, \u00e4ven de andra webbplatserna Kuakebicycle.com. Vi \u00e4r inte ansvariga f\u00f6r utf\u00f6randet av webbplatser som drivs av tredje parter eller f\u00f6r dina aff\u00e4rsverksamheter med dem. D\u00e4rf\u00f6r rekommenderar vi n\u00e4r du l\u00e4mnar denna webbplats att du granskar varje webbplats integritetspraxis och g\u00f6r dina egna slutsatser om tillr\u00e4ckligheten f\u00f6r dessa metoder.<\/p>\n<h3>Kommunicerar KuakeBicycle.com n\u00e5gonsin direkt med bes\u00f6kare p\u00e5 denna webbplats?<\/h3>\n<p>Vi kan komma att kontakta dig med j\u00e4mna mellanrum via e-post, post eller telefon om du samtycker till den kontakten f\u00f6r att tillhandah\u00e5lla information om program, produkter, tj\u00e4nster och inneh\u00e5ll som kan vara av intresse f\u00f6r dig. Dessutom till\u00e5ter n\u00e5gra av funktionerna p\u00e5 denna webbplats dig att kommunicera med oss \u200b\u200bvia ett onlineformul\u00e4r. Om din kommunikation beg\u00e4r ett svar fr\u00e5n oss skickar vi ett svar via e-post. E-postsvaret eller bekr\u00e4ftelsen kan inneh\u00e5lla din personliga information, inklusive personlig information om din h\u00e4lsa, ditt namn, adress etc. Vi kan inte garantera att v\u00e5ra e-postmeddelanden till dig \u00e4r s\u00e4kra fr\u00e5n obeh\u00f6rig avlyssning.<\/p>\n<h3>Hur \u00e4r det med webbplatss\u00e4kerhet?<\/h3>\n<p>S\u00e4kerhet \u00e4r v\u00e4ldigt viktigt f\u00f6r oss. Vi f\u00f6rst\u00e5r ocks\u00e5 att s\u00e4kerhet \u00e4r viktigt f\u00f6r dig. Vi vidtar rimliga \u00e5tg\u00e4rder f\u00f6r att skydda din personliga information fr\u00e5n f\u00f6rlust, missbruk och obeh\u00f6rig \u00e5tkomst, avsl\u00f6jande, \u00e4ndring eller f\u00f6rst\u00f6relse. Du b\u00f6r komma ih\u00e5g att ingen internet\u00f6verf\u00f6ring n\u00e5gonsin \u00e4r 100 % s\u00e4ker eller felfri. I synnerhet kan e-post som skickas till eller fr\u00e5n denna webbplats inte vara s\u00e4ker, och du b\u00f6r d\u00e4rf\u00f6r vara s\u00e4rskilt noggrann med att best\u00e4mma vilken information du skickar till oss via e-post.<\/p>\n\n","protected":false},"excerpt":{"rendered":"<p>V\u00e4lkommen till KuakeBicycle! Om du bes\u00f6ker v\u00e5r butik betyder det att du automatiskt accepterar alla dessa villkor. L\u00e4s noga all information om v\u00e5ra riktlinjer, villkor och avtal. Det \u00e4r mycket viktigt att bry sig om [&hellip;]<\/p>\n","protected":false},"author":1,"featured_media":0,"parent":0,"menu_order":0,"comment_status":"closed","ping_status":"closed","template":"","meta":{"site-sidebar-layout":"no-sidebar","site-content-layout":"page-builder","ast-site-content-layout":"default","site-content-style":"default","site-sidebar-style":"default","ast-global-header-display":"","ast-banner-title-visibility":"","ast-main-header-display":"","ast-hfb-above-header-display":"","ast-hfb-below-header-display":"","ast-hfb-mobile-header-display":"","site-post-title":"disabled","ast-breadcrumbs-content":"","ast-featured-img":"disabled","footer-sml-layout":"","ast-disable-related-posts":"","theme-transparent-header-meta":"default","adv-header-id-meta":"","stick-header-meta":"default","header-above-stick-meta":"","header-main-stick-meta":"","header-below-stick-meta":"","astra-migrate-meta-layouts":"default","ast-page-background-enabled":"default","ast-page-background-meta":{"desktop":{"background-color":"","background-image":"","background-repeat":"repeat","background-position":"center center","background-size":"auto","background-attachment":"scroll","background-type":"","background-media":"","overlay-type":"","overlay-color":"","overlay-opacity":"","overlay-gradient":""},"tablet":{"background-color":"","background-image":"","background-repeat":"repeat","background-position":"center center","background-size":"auto","background-attachment":"scroll","background-type":"","background-media":"","overlay-type":"","overlay-color":"","overlay-opacity":"","overlay-gradient":""},"mobile":{"background-color":"","background-image":"","background-repeat":"repeat","background-position":"center center","background-size":"auto","background-attachment":"scroll","background-type":"","background-media":"","overlay-type":"","overlay-color":"","overlay-opacity":"","overlay-gradient":""}},"ast-content-background-meta":{"desktop":{"background-color":"var(--ast-global-color-5)","background-image":"","background-repeat":"repeat","background-position":"center center","background-size":"auto","background-attachment":"scroll","background-type":"","background-media":"","overlay-type":"","overlay-color":"","overlay-opacity":"","overlay-gradient":""},"tablet":{"background-color":"var(--ast-global-color-5)","background-image":"","background-repeat":"repeat","background-position":"center center","background-size":"auto","background-attachment":"scroll","background-type":"","background-media":"","overlay-type":"","overlay-color":"","overlay-opacity":"","overlay-gradient":""},"mobile":{"background-color":"var(--ast-global-color-5)","background-image":"","background-repeat":"repeat","background-position":"center center","background-size":"auto","background-attachment":"scroll","background-type":"","background-media":"","overlay-type":"","overlay-color":"","overlay-opacity":"","overlay-gradient":""}},"footnotes":""},"class_list":["post-21189","page","type-page","status-publish","hentry"],"yoast_head":"<!-- This site is optimized with the Yoast SEO plugin v27.4 - https:\/\/yoast.com\/product\/yoast-seo-wordpress\/ -->\n<title>Integritetspolicy - Kuake Bicycle<\/title>\n<meta name=\"robots\" content=\"index, follow, max-snippet:-1, max-image-preview:large, max-video-preview:-1\" \/>\n<link rel=\"canonical\" href=\"https:\/\/www.kuakebicycle.com\/sv\/integritetspolicy\/\" \/>\n<meta property=\"og:locale\" content=\"sv_SE\" \/>\n<meta property=\"og:type\" content=\"article\" \/>\n<meta property=\"og:title\" content=\"Integritetspolicy - Kuake Bicycle\" \/>\n<meta property=\"og:description\" content=\"V\u00e4lkommen till KuakeBicycle! Om du bes\u00f6ker v\u00e5r butik betyder det att du automatiskt accepterar alla dessa villkor. L\u00e4s noga all information om v\u00e5ra riktlinjer, villkor och avtal. Det \u00e4r mycket viktigt att bry sig om [&hellip;]\" \/>\n<meta property=\"og:url\" content=\"https:\/\/www.kuakebicycle.com\/sv\/integritetspolicy\/\" \/>\n<meta property=\"og:site_name\" content=\"Kuake Bicycle\" \/>\n<meta property=\"article:modified_time\" content=\"2022-12-02T03:44:05+00:00\" \/>\n<meta name=\"twitter:card\" content=\"summary_large_image\" \/>\n<meta name=\"twitter:label1\" content=\"Ber\u00e4knad l\u00e4stid\" \/>\n\t<meta name=\"twitter:data1\" content=\"10 minuter\" \/>\n<script type=\"application\/ld+json\" class=\"yoast-schema-graph\">{\"@context\":\"https:\\\/\\\/schema.org\",\"@graph\":[{\"@type\":\"WebPage\",\"@id\":\"https:\\\/\\\/www.kuakebicycle.com\\\/sv\\\/integritetspolicy\\\/\",\"url\":\"https:\\\/\\\/www.kuakebicycle.com\\\/sv\\\/integritetspolicy\\\/\",\"name\":\"Integritetspolicy - Kuake Bicycle\",\"isPartOf\":{\"@id\":\"https:\\\/\\\/www.kuakebicycle.com\\\/sv\\\/#website\"},\"datePublished\":\"2022-12-02T03:10:40+00:00\",\"dateModified\":\"2022-12-02T03:44:05+00:00\",\"breadcrumb\":{\"@id\":\"https:\\\/\\\/www.kuakebicycle.com\\\/sv\\\/integritetspolicy\\\/#breadcrumb\"},\"inLanguage\":\"sv-SE\",\"potentialAction\":[{\"@type\":\"ReadAction\",\"target\":[\"https:\\\/\\\/www.kuakebicycle.com\\\/sv\\\/integritetspolicy\\\/\"]}]},{\"@type\":\"BreadcrumbList\",\"@id\":\"https:\\\/\\\/www.kuakebicycle.com\\\/sv\\\/integritetspolicy\\\/#breadcrumb\",\"itemListElement\":[{\"@type\":\"ListItem\",\"position\":1,\"name\":\"Home\",\"item\":\"https:\\\/\\\/www.kuakebicycle.com\\\/sv\\\/\"},{\"@type\":\"ListItem\",\"position\":2,\"name\":\"Integritetspolicy\"}]},{\"@type\":\"WebSite\",\"@id\":\"https:\\\/\\\/www.kuakebicycle.com\\\/sv\\\/#website\",\"url\":\"https:\\\/\\\/www.kuakebicycle.com\\\/sv\\\/\",\"name\":\"Kuake Bicycle\",\"description\":\"\",\"publisher\":{\"@id\":\"https:\\\/\\\/www.kuakebicycle.com\\\/sv\\\/#organization\"},\"potentialAction\":[{\"@type\":\"SearchAction\",\"target\":{\"@type\":\"EntryPoint\",\"urlTemplate\":\"https:\\\/\\\/www.kuakebicycle.com\\\/sv\\\/?s={search_term_string}\"},\"query-input\":{\"@type\":\"PropertyValueSpecification\",\"valueRequired\":true,\"valueName\":\"search_term_string\"}}],\"inLanguage\":\"sv-SE\"},{\"@type\":\"Organization\",\"@id\":\"https:\\\/\\\/www.kuakebicycle.com\\\/sv\\\/#organization\",\"name\":\"Kuake Technology\",\"url\":\"https:\\\/\\\/www.kuakebicycle.com\\\/sv\\\/\",\"logo\":{\"@type\":\"ImageObject\",\"inLanguage\":\"sv-SE\",\"@id\":\"https:\\\/\\\/www.kuakebicycle.com\\\/sv\\\/#\\\/schema\\\/logo\\\/image\\\/\",\"url\":\"https:\\\/\\\/www.kuakebicycle.com\\\/wp-content\\\/uploads\\\/2021\\\/03\\\/icon.png\",\"contentUrl\":\"https:\\\/\\\/www.kuakebicycle.com\\\/wp-content\\\/uploads\\\/2021\\\/03\\\/icon.png\",\"width\":100,\"height\":100,\"caption\":\"Kuake Technology\"},\"image\":{\"@id\":\"https:\\\/\\\/www.kuakebicycle.com\\\/sv\\\/#\\\/schema\\\/logo\\\/image\\\/\"}}]}<\/script>\n<!-- \/ Yoast SEO plugin. -->","yoast_head_json":{"title":"Integritetspolicy - Kuake Bicycle","robots":{"index":"index","follow":"follow","max-snippet":"max-snippet:-1","max-image-preview":"max-image-preview:large","max-video-preview":"max-video-preview:-1"},"canonical":"https:\/\/www.kuakebicycle.com\/sv\/integritetspolicy\/","og_locale":"sv_SE","og_type":"article","og_title":"Integritetspolicy - Kuake Bicycle","og_description":"V\u00e4lkommen till KuakeBicycle! Om du bes\u00f6ker v\u00e5r butik betyder det att du automatiskt accepterar alla dessa villkor. L\u00e4s noga all information om v\u00e5ra riktlinjer, villkor och avtal. Det \u00e4r mycket viktigt att bry sig om [&hellip;]","og_url":"https:\/\/www.kuakebicycle.com\/sv\/integritetspolicy\/","og_site_name":"Kuake Bicycle","article_modified_time":"2022-12-02T03:44:05+00:00","twitter_card":"summary_large_image","twitter_misc":{"Ber\u00e4knad l\u00e4stid":"10 minuter"},"schema":{"@context":"https:\/\/schema.org","@graph":[{"@type":"WebPage","@id":"https:\/\/www.kuakebicycle.com\/sv\/integritetspolicy\/","url":"https:\/\/www.kuakebicycle.com\/sv\/integritetspolicy\/","name":"Integritetspolicy - Kuake Bicycle","isPartOf":{"@id":"https:\/\/www.kuakebicycle.com\/sv\/#website"},"datePublished":"2022-12-02T03:10:40+00:00","dateModified":"2022-12-02T03:44:05+00:00","breadcrumb":{"@id":"https:\/\/www.kuakebicycle.com\/sv\/integritetspolicy\/#breadcrumb"},"inLanguage":"sv-SE","potentialAction":[{"@type":"ReadAction","target":["https:\/\/www.kuakebicycle.com\/sv\/integritetspolicy\/"]}]},{"@type":"BreadcrumbList","@id":"https:\/\/www.kuakebicycle.com\/sv\/integritetspolicy\/#breadcrumb","itemListElement":[{"@type":"ListItem","position":1,"name":"Home","item":"https:\/\/www.kuakebicycle.com\/sv\/"},{"@type":"ListItem","position":2,"name":"Integritetspolicy"}]},{"@type":"WebSite","@id":"https:\/\/www.kuakebicycle.com\/sv\/#website","url":"https:\/\/www.kuakebicycle.com\/sv\/","name":"Kuake Bicycle","description":"","publisher":{"@id":"https:\/\/www.kuakebicycle.com\/sv\/#organization"},"potentialAction":[{"@type":"SearchAction","target":{"@type":"EntryPoint","urlTemplate":"https:\/\/www.kuakebicycle.com\/sv\/?s={search_term_string}"},"query-input":{"@type":"PropertyValueSpecification","valueRequired":true,"valueName":"search_term_string"}}],"inLanguage":"sv-SE"},{"@type":"Organization","@id":"https:\/\/www.kuakebicycle.com\/sv\/#organization","name":"Kuake Technology","url":"https:\/\/www.kuakebicycle.com\/sv\/","logo":{"@type":"ImageObject","inLanguage":"sv-SE","@id":"https:\/\/www.kuakebicycle.com\/sv\/#\/schema\/logo\/image\/","url":"https:\/\/www.kuakebicycle.com\/wp-content\/uploads\/2021\/03\/icon.png","contentUrl":"https:\/\/www.kuakebicycle.com\/wp-content\/uploads\/2021\/03\/icon.png","width":100,"height":100,"caption":"Kuake Technology"},"image":{"@id":"https:\/\/www.kuakebicycle.com\/sv\/#\/schema\/logo\/image\/"}}]}},"_links":{"self":[{"href":"https:\/\/www.kuakebicycle.com\/sv\/wp-json\/wp\/v2\/pages\/21189","targetHints":{"allow":["GET"]}}],"collection":[{"href":"https:\/\/www.kuakebicycle.com\/sv\/wp-json\/wp\/v2\/pages"}],"about":[{"href":"https:\/\/www.kuakebicycle.com\/sv\/wp-json\/wp\/v2\/types\/page"}],"author":[{"embeddable":true,"href":"https:\/\/www.kuakebicycle.com\/sv\/wp-json\/wp\/v2\/users\/1"}],"replies":[{"embeddable":true,"href":"https:\/\/www.kuakebicycle.com\/sv\/wp-json\/wp\/v2\/comments?post=21189"}],"version-history":[{"count":0,"href":"https:\/\/www.kuakebicycle.com\/sv\/wp-json\/wp\/v2\/pages\/21189\/revisions"}],"wp:attachment":[{"href":"https:\/\/www.kuakebicycle.com\/sv\/wp-json\/wp\/v2\/media?parent=21189"}],"curies":[{"name":"wp","href":"https:\/\/api.w.org\/{rel}","templated":true}]}}