{"id":13542,"date":"2021-12-02T06:23:17","date_gmt":"2021-12-02T06:23:17","guid":{"rendered":"https:\/\/www.kuakebicycle.com\/till-vara-aterforsaljare\/"},"modified":"2022-01-11T09:03:58","modified_gmt":"2022-01-11T09:03:58","slug":"till-vara-aterforsaljare","status":"publish","type":"page","link":"https:\/\/www.kuakebicycle.com\/sv\/till-vara-aterforsaljare\/","title":{"rendered":"Till v\u00e5ra \u00e5terf\u00f6rs\u00e4ljare"},"content":{"rendered":"\n<h2>\n\t\tTill v\u00e5ra \u00e5terf\u00f6rs\u00e4ljare\n\t<\/h2>\n\t<p>P\u00e5 uppdrag av Jiangsu Kuake Technology Co., Ltd., vill vi bjuda in dig som v\u00e5r potentiella distribut\u00f6r i din region. Eftersom Kuake har l\u00e5ng erfarenhet av elcyklars design, tillverkning, och p\u00e5 grund av v\u00e5r princip om &#8221;sm\u00e5 vinster ger snabb f\u00f6rs\u00e4ljning&#8221;, hade vi etablerat en god relation med v\u00e5ra \u00e5terf\u00f6rs\u00e4ljare och v\u00e4rderat dem.<\/p>\n<p>Vi anser oss lyckligt lottade att kunna g\u00e5 samman med v\u00e5ra distribut\u00f6rer. V\u00e5rt engagemang f\u00f6r v\u00e5ra distribut\u00f6rer forts\u00e4tter att ligga i att erbjuda utm\u00e4rkt service och konkurrenskraftiga priser f\u00f6r v\u00e5ra pedelecs produkter och tj\u00e4nster. Vi ser fram emot ett \u00f6msesidigt givande samarbete med dig.<\/p>\n<p>Betala lite, f\u00e5 den st\u00f6rsta avkastningen, vi kan hj\u00e4lpa dig att tj\u00e4na mer pengar.<\/p>\n<p>Om du har n\u00e5gra fr\u00e5gor eller kommentarer, v\u00e4nligen <a href=\"https:\/\/www.kuakebicycle.com\/sv\/kontakt\/\">kontakta oss<\/a>. En m\u00f6jlighet att samtala ytterligare med dig om v\u00e5r nya strategiska allians skulle tas emot v\u00e4l.<\/p>\n<p>Med v\u00e4nliga h\u00e4lsningar.<\/p>\n\n","protected":false},"excerpt":{"rendered":"<p>Till v\u00e5ra \u00e5terf\u00f6rs\u00e4ljare P\u00e5 uppdrag av Jiangsu Kuake Technology Co., Ltd., vill vi bjuda in dig som v\u00e5r potentiella distribut\u00f6r i din region. Eftersom Kuake har l\u00e5ng erfarenhet av elcyklars design, tillverkning, och p\u00e5 grund [&hellip;]<\/p>\n","protected":false},"author":1,"featured_media":0,"parent":0,"menu_order":0,"comment_status":"closed","ping_status":"closed","template":"","meta":{"site-sidebar-layout":"no-sidebar","site-content-layout":"page-builder","ast-site-content-layout":"default","site-content-style":"default","site-sidebar-style":"default","ast-global-header-display":"","ast-banner-title-visibility":"","ast-main-header-display":"","ast-hfb-above-header-display":"","ast-hfb-below-header-display":"","ast-hfb-mobile-header-display":"","site-post-title":"disabled","ast-breadcrumbs-content":"","ast-featured-img":"disabled","footer-sml-layout":"","ast-disable-related-posts":"","theme-transparent-header-meta":"default","adv-header-id-meta":"","stick-header-meta":"default","header-above-stick-meta":"","header-main-stick-meta":"","header-below-stick-meta":"","astra-migrate-meta-layouts":"default","ast-page-background-enabled":"default","ast-page-background-meta":{"desktop":{"background-color":"","background-image":"","background-repeat":"repeat","background-position":"center center","background-size":"auto","background-attachment":"scroll","background-type":"","background-media":"","overlay-type":"","overlay-color":"","overlay-opacity":"","overlay-gradient":""},"tablet":{"background-color":"","background-image":"","background-repeat":"repeat","background-position":"center center","background-size":"auto","background-attachment":"scroll","background-type":"","background-media":"","overlay-type":"","overlay-color":"","overlay-opacity":"","overlay-gradient":""},"mobile":{"background-color":"","background-image":"","background-repeat":"repeat","background-position":"center center","background-size":"auto","background-attachment":"scroll","background-type":"","background-media":"","overlay-type":"","overlay-color":"","overlay-opacity":"","overlay-gradient":""}},"ast-content-background-meta":{"desktop":{"background-color":"var(--ast-global-color-5)","background-image":"","background-repeat":"repeat","background-position":"center center","background-size":"auto","background-attachment":"scroll","background-type":"","background-media":"","overlay-type":"","overlay-color":"","overlay-opacity":"","overlay-gradient":""},"tablet":{"background-color":"var(--ast-global-color-5)","background-image":"","background-repeat":"repeat","background-position":"center center","background-size":"auto","background-attachment":"scroll","background-type":"","background-media":"","overlay-type":"","overlay-color":"","overlay-opacity":"","overlay-gradient":""},"mobile":{"background-color":"var(--ast-global-color-5)","background-image":"","background-repeat":"repeat","background-position":"center center","background-size":"auto","background-attachment":"scroll","background-type":"","background-media":"","overlay-type":"","overlay-color":"","overlay-opacity":"","overlay-gradient":""}},"footnotes":""},"class_list":["post-13542","page","type-page","status-publish","hentry"],"yoast_head":"<!-- This site is optimized with the Yoast SEO plugin v27.5 - https:\/\/yoast.com\/product\/yoast-seo-wordpress\/ -->\n<title>Elcykelhandlare, nya distribut\u00f6rer s\u00f6kes - Kuake Bicycle<\/title>\n<meta name=\"description\" content=\"Vi v\u00e4lkomnar kunder och f\u00f6retagsf\u00f6reningar fr\u00e5n hela v\u00e4rlden att kontakta oss och samarbeta f\u00f6r \u00f6msesidig nytta.\" \/>\n<meta name=\"robots\" content=\"index, follow, max-snippet:-1, max-image-preview:large, max-video-preview:-1\" \/>\n<link rel=\"canonical\" href=\"https:\/\/www.kuakebicycle.com\/sv\/till-vara-aterforsaljare\/\" \/>\n<meta property=\"og:locale\" content=\"sv_SE\" \/>\n<meta property=\"og:type\" content=\"article\" \/>\n<meta property=\"og:title\" content=\"Elcykelhandlare, nya distribut\u00f6rer s\u00f6kes - Kuake Bicycle\" \/>\n<meta property=\"og:description\" content=\"Vi v\u00e4lkomnar kunder och f\u00f6retagsf\u00f6reningar fr\u00e5n hela v\u00e4rlden att kontakta oss och samarbeta f\u00f6r \u00f6msesidig nytta.\" \/>\n<meta property=\"og:url\" content=\"https:\/\/www.kuakebicycle.com\/sv\/till-vara-aterforsaljare\/\" \/>\n<meta property=\"og:site_name\" content=\"Kuake Bicycle\" \/>\n<meta property=\"article:modified_time\" content=\"2022-01-11T09:03:58+00:00\" \/>\n<meta name=\"twitter:card\" content=\"summary_large_image\" \/>\n<meta name=\"twitter:label1\" content=\"Ber\u00e4knad l\u00e4stid\" \/>\n\t<meta name=\"twitter:data1\" content=\"1 minut\" \/>\n<script type=\"application\/ld+json\" class=\"yoast-schema-graph\">{\"@context\":\"https:\\\/\\\/schema.org\",\"@graph\":[{\"@type\":\"WebPage\",\"@id\":\"https:\\\/\\\/www.kuakebicycle.com\\\/sv\\\/till-vara-aterforsaljare\\\/\",\"url\":\"https:\\\/\\\/www.kuakebicycle.com\\\/sv\\\/till-vara-aterforsaljare\\\/\",\"name\":\"Elcykelhandlare, nya distribut\u00f6rer s\u00f6kes - Kuake Bicycle\",\"isPartOf\":{\"@id\":\"https:\\\/\\\/www.kuakebicycle.com\\\/sv\\\/#website\"},\"datePublished\":\"2021-12-02T06:23:17+00:00\",\"dateModified\":\"2022-01-11T09:03:58+00:00\",\"description\":\"Vi v\u00e4lkomnar kunder och f\u00f6retagsf\u00f6reningar fr\u00e5n hela v\u00e4rlden att kontakta oss och samarbeta f\u00f6r \u00f6msesidig nytta.\",\"breadcrumb\":{\"@id\":\"https:\\\/\\\/www.kuakebicycle.com\\\/sv\\\/till-vara-aterforsaljare\\\/#breadcrumb\"},\"inLanguage\":\"sv-SE\",\"potentialAction\":[{\"@type\":\"ReadAction\",\"target\":[\"https:\\\/\\\/www.kuakebicycle.com\\\/sv\\\/till-vara-aterforsaljare\\\/\"]}]},{\"@type\":\"BreadcrumbList\",\"@id\":\"https:\\\/\\\/www.kuakebicycle.com\\\/sv\\\/till-vara-aterforsaljare\\\/#breadcrumb\",\"itemListElement\":[{\"@type\":\"ListItem\",\"position\":1,\"name\":\"Home\",\"item\":\"https:\\\/\\\/www.kuakebicycle.com\\\/sv\\\/\"},{\"@type\":\"ListItem\",\"position\":2,\"name\":\"Till v\u00e5ra \u00e5terf\u00f6rs\u00e4ljare\"}]},{\"@type\":\"WebSite\",\"@id\":\"https:\\\/\\\/www.kuakebicycle.com\\\/sv\\\/#website\",\"url\":\"https:\\\/\\\/www.kuakebicycle.com\\\/sv\\\/\",\"name\":\"Kuake Bicycle\",\"description\":\"\",\"publisher\":{\"@id\":\"https:\\\/\\\/www.kuakebicycle.com\\\/sv\\\/#organization\"},\"potentialAction\":[{\"@type\":\"SearchAction\",\"target\":{\"@type\":\"EntryPoint\",\"urlTemplate\":\"https:\\\/\\\/www.kuakebicycle.com\\\/sv\\\/?s={search_term_string}\"},\"query-input\":{\"@type\":\"PropertyValueSpecification\",\"valueRequired\":true,\"valueName\":\"search_term_string\"}}],\"inLanguage\":\"sv-SE\"},{\"@type\":\"Organization\",\"@id\":\"https:\\\/\\\/www.kuakebicycle.com\\\/sv\\\/#organization\",\"name\":\"Kuake Technology\",\"url\":\"https:\\\/\\\/www.kuakebicycle.com\\\/sv\\\/\",\"logo\":{\"@type\":\"ImageObject\",\"inLanguage\":\"sv-SE\",\"@id\":\"https:\\\/\\\/www.kuakebicycle.com\\\/sv\\\/#\\\/schema\\\/logo\\\/image\\\/\",\"url\":\"https:\\\/\\\/www.kuakebicycle.com\\\/wp-content\\\/uploads\\\/2021\\\/03\\\/icon.png\",\"contentUrl\":\"https:\\\/\\\/www.kuakebicycle.com\\\/wp-content\\\/uploads\\\/2021\\\/03\\\/icon.png\",\"width\":100,\"height\":100,\"caption\":\"Kuake Technology\"},\"image\":{\"@id\":\"https:\\\/\\\/www.kuakebicycle.com\\\/sv\\\/#\\\/schema\\\/logo\\\/image\\\/\"}}]}<\/script>\n<!-- \/ Yoast SEO plugin. -->","yoast_head_json":{"title":"Elcykelhandlare, nya distribut\u00f6rer s\u00f6kes - Kuake Bicycle","description":"Vi v\u00e4lkomnar kunder och f\u00f6retagsf\u00f6reningar fr\u00e5n hela v\u00e4rlden att kontakta oss och samarbeta f\u00f6r \u00f6msesidig nytta.","robots":{"index":"index","follow":"follow","max-snippet":"max-snippet:-1","max-image-preview":"max-image-preview:large","max-video-preview":"max-video-preview:-1"},"canonical":"https:\/\/www.kuakebicycle.com\/sv\/till-vara-aterforsaljare\/","og_locale":"sv_SE","og_type":"article","og_title":"Elcykelhandlare, nya distribut\u00f6rer s\u00f6kes - Kuake Bicycle","og_description":"Vi v\u00e4lkomnar kunder och f\u00f6retagsf\u00f6reningar fr\u00e5n hela v\u00e4rlden att kontakta oss och samarbeta f\u00f6r \u00f6msesidig nytta.","og_url":"https:\/\/www.kuakebicycle.com\/sv\/till-vara-aterforsaljare\/","og_site_name":"Kuake Bicycle","article_modified_time":"2022-01-11T09:03:58+00:00","twitter_card":"summary_large_image","twitter_misc":{"Ber\u00e4knad l\u00e4stid":"1 minut"},"schema":{"@context":"https:\/\/schema.org","@graph":[{"@type":"WebPage","@id":"https:\/\/www.kuakebicycle.com\/sv\/till-vara-aterforsaljare\/","url":"https:\/\/www.kuakebicycle.com\/sv\/till-vara-aterforsaljare\/","name":"Elcykelhandlare, nya distribut\u00f6rer s\u00f6kes - Kuake Bicycle","isPartOf":{"@id":"https:\/\/www.kuakebicycle.com\/sv\/#website"},"datePublished":"2021-12-02T06:23:17+00:00","dateModified":"2022-01-11T09:03:58+00:00","description":"Vi v\u00e4lkomnar kunder och f\u00f6retagsf\u00f6reningar fr\u00e5n hela v\u00e4rlden att kontakta oss och samarbeta f\u00f6r \u00f6msesidig nytta.","breadcrumb":{"@id":"https:\/\/www.kuakebicycle.com\/sv\/till-vara-aterforsaljare\/#breadcrumb"},"inLanguage":"sv-SE","potentialAction":[{"@type":"ReadAction","target":["https:\/\/www.kuakebicycle.com\/sv\/till-vara-aterforsaljare\/"]}]},{"@type":"BreadcrumbList","@id":"https:\/\/www.kuakebicycle.com\/sv\/till-vara-aterforsaljare\/#breadcrumb","itemListElement":[{"@type":"ListItem","position":1,"name":"Home","item":"https:\/\/www.kuakebicycle.com\/sv\/"},{"@type":"ListItem","position":2,"name":"Till v\u00e5ra \u00e5terf\u00f6rs\u00e4ljare"}]},{"@type":"WebSite","@id":"https:\/\/www.kuakebicycle.com\/sv\/#website","url":"https:\/\/www.kuakebicycle.com\/sv\/","name":"Kuake Bicycle","description":"","publisher":{"@id":"https:\/\/www.kuakebicycle.com\/sv\/#organization"},"potentialAction":[{"@type":"SearchAction","target":{"@type":"EntryPoint","urlTemplate":"https:\/\/www.kuakebicycle.com\/sv\/?s={search_term_string}"},"query-input":{"@type":"PropertyValueSpecification","valueRequired":true,"valueName":"search_term_string"}}],"inLanguage":"sv-SE"},{"@type":"Organization","@id":"https:\/\/www.kuakebicycle.com\/sv\/#organization","name":"Kuake Technology","url":"https:\/\/www.kuakebicycle.com\/sv\/","logo":{"@type":"ImageObject","inLanguage":"sv-SE","@id":"https:\/\/www.kuakebicycle.com\/sv\/#\/schema\/logo\/image\/","url":"https:\/\/www.kuakebicycle.com\/wp-content\/uploads\/2021\/03\/icon.png","contentUrl":"https:\/\/www.kuakebicycle.com\/wp-content\/uploads\/2021\/03\/icon.png","width":100,"height":100,"caption":"Kuake Technology"},"image":{"@id":"https:\/\/www.kuakebicycle.com\/sv\/#\/schema\/logo\/image\/"}}]}},"_links":{"self":[{"href":"https:\/\/www.kuakebicycle.com\/sv\/wp-json\/wp\/v2\/pages\/13542","targetHints":{"allow":["GET"]}}],"collection":[{"href":"https:\/\/www.kuakebicycle.com\/sv\/wp-json\/wp\/v2\/pages"}],"about":[{"href":"https:\/\/www.kuakebicycle.com\/sv\/wp-json\/wp\/v2\/types\/page"}],"author":[{"embeddable":true,"href":"https:\/\/www.kuakebicycle.com\/sv\/wp-json\/wp\/v2\/users\/1"}],"replies":[{"embeddable":true,"href":"https:\/\/www.kuakebicycle.com\/sv\/wp-json\/wp\/v2\/comments?post=13542"}],"version-history":[{"count":0,"href":"https:\/\/www.kuakebicycle.com\/sv\/wp-json\/wp\/v2\/pages\/13542\/revisions"}],"wp:attachment":[{"href":"https:\/\/www.kuakebicycle.com\/sv\/wp-json\/wp\/v2\/media?parent=13542"}],"curies":[{"name":"wp","href":"https:\/\/api.w.org\/{rel}","templated":true}]}}