{"id":13124,"date":"2021-12-02T04:03:09","date_gmt":"2021-12-02T04:03:09","guid":{"rendered":"https:\/\/www.kuakebicycle.com\/handla-om\/"},"modified":"2022-01-06T08:57:51","modified_gmt":"2022-01-06T08:57:51","slug":"handla-om","status":"publish","type":"page","link":"https:\/\/www.kuakebicycle.com\/sv\/handla-om\/","title":{"rendered":"Om oss"},"content":{"rendered":"\n<h2>\n\t\tOm oss\n\t<\/h2>\n\t<ul>\n\t\t<li>\t\t\n\t\t\t\t<img decoding=\"async\" src=\"https:\/\/www.kuakebicycle.com\/wp-content\/uploads\/2017\/07\/big-diamond40x40-free-img.png\" alt=\"big-diamond(40x40)\" itemprop=\"image\"\/>\n\t\t<h4>Uppdrag<\/h4><p>Vi tillhandah\u00e5ller OEM-, ODM- och OBM-tj\u00e4nster, hj\u00e4lper kunder att designa cykeldelarna enligt speciella krav.<\/p><\/li><li>\t\t\n\t\t\t\t<img decoding=\"async\" src=\"https:\/\/www.kuakebicycle.com\/wp-content\/uploads\/2017\/07\/sight40x40-free-img.png\" alt=\"sight(40x40)\" itemprop=\"image\"\/>\n\t\t<h4>Syn<\/h4><p>Varje del av Kuake e-cykel designades, konstruerades och tillverkades enligt de str\u00e4ngaste standarderna.<\/p><\/li><li>\t\t\n\t\t\t\t<img decoding=\"async\" src=\"https:\/\/www.kuakebicycle.com\/wp-content\/uploads\/2017\/07\/gift40x40-free-img.png\" alt=\"gift(40x40)\" itemprop=\"image\"\/>\n\t\t<h4>V\u00e4rderingar<\/h4><p>Vi v\u00e4lkomnar kunder och f\u00f6retagsf\u00f6reningar fr\u00e5n alla delar av v\u00e4rlden att kontakta oss f\u00f6r samarbete.<\/p><\/li>\t<\/ul>\n\t<p><strong>1. Introducera<\/strong><\/p>\n<p>Jiangsu Kuake Technology Co., Ltd. grundades 2009, som \u00e4r en tillverkare av elcyklar och trikes med v\u00e4lutrustade testanl\u00e4ggningar och en stark teknisk kraft.<\/p>\n<p>Baserat p\u00e5 marknadsunders\u00f6kningar och feedback fr\u00e5n kunder, arbetar v\u00e5r FoU-avdelning med elcyklar och trehjulingar som \u00e4r innovativa och unika.<\/p>\n\t\t\t\t<img loading=\"lazy\" decoding=\"async\" src=\"https:\/\/www.kuakebicycle.com\/wp-content\/uploads\/2021\/03\/Company-Introduction.jpg\" alt=\"F\u00f6retagsintroduktion\" itemprop=\"image\" height=\"388\" width=\"733\" title=\"F\u00f6retagsintroduktion\" onerror=\"this.style.display='none'\"  \/>\n\t<p><strong>2. Produktionsverkstad<\/strong><\/p>\n<p>Alla produktdelar f\u00f6r export kan uppfylla internationella kvalitetsstandarder, s\u00e5som CE, EEC, EN, EMC, ROSH, etc.<\/p>\n<p>Vi tillhandah\u00e5ller OEM-, ODM- och OBM-tj\u00e4nster, hj\u00e4lper kunder att designa cykeldelarna enligt speciella krav.<\/p>\n<p>Varje del av Kuakes elcyklar designades, konstruerades och tillverkades enligt de str\u00e4ngaste standarderna. De \u00e4r monterade och v\u00e4gtestade strikt.<\/p>\n<p>Garanterar stabil och snabb leverans, trov\u00e4rdig kvalitet och uppriktig service, v\u00e5ra produkter s\u00e4ljer bra i b\u00e5de inhemska och runt 48 utomeuropeiska l\u00e4nder.<\/p>\n\t\t\t\t<img loading=\"lazy\" decoding=\"async\" src=\"https:\/\/www.kuakebicycle.com\/wp-content\/uploads\/2021\/03\/Workshop.jpg\" alt=\"Verkstad\" itemprop=\"image\" height=\"450\" width=\"649\" title=\"Verkstad\" onerror=\"this.style.display='none'\"  \/>\n\t<p><strong>3. Lagerinventering<\/strong><\/p>\n<p>Leveranshastighet \u00e4r en av de mest serviceindikatorer f\u00f6r Kuake Technology Co., Ltd. Vi har ett n\u00e4ra samarbete med v\u00e4lk\u00e4nda leverant\u00f6rer och tillverkare av elcykel- och trikekomponenter \u00f6ver hela v\u00e4rlden.<\/p>\n<p>Ut\u00f6ver det har vi \u00e4ven ett stort lager f\u00f6r att s\u00e4kerst\u00e4lla v\u00e5ra kunder med snabb leverans och god eftermarknadsservice.<\/p>\n<p>V\u00e4nligen kontakta oss f\u00f6r att fr\u00e5ga om leveranstiden f\u00f6r de specifika modellerna.<\/p>\n\t\t\t\t<img loading=\"lazy\" decoding=\"async\" src=\"https:\/\/www.kuakebicycle.com\/wp-content\/uploads\/2021\/03\/Warehouse.jpg\" alt=\"lager\" itemprop=\"image\" height=\"480\" width=\"646\" title=\"lager\" onerror=\"this.style.display='none'\"  \/>\n\t<p><strong>4. Samarbete<\/strong><\/p>\n<p>Betala lite oro, f\u00e5 den st\u00f6rsta avkastningen, vi kan tj\u00e4na dig mer pengar.<\/p>\n<p>Genom nio \u00e5rs anstr\u00e4ngning har v\u00e5r \u00e5rliga produktion uppn\u00e5tt 100 000 stycken. Vi v\u00e4lkomnar kunder, f\u00f6retagsf\u00f6reningar och v\u00e4nner fr\u00e5n alla delar av v\u00e4rlden att kontakta oss f\u00f6r samarbete.<\/p>\n\t\t\t\t<img loading=\"lazy\" decoding=\"async\" src=\"https:\/\/www.kuakebicycle.com\/wp-content\/uploads\/2021\/03\/Cooperation.png\" alt=\"Samarbete\" itemprop=\"image\" height=\"285\" width=\"491\" title=\"Samarbete\" onerror=\"this.style.display='none'\"  \/>\n\n","protected":false},"excerpt":{"rendered":"<p>Om oss Uppdrag Vi tillhandah\u00e5ller OEM-, ODM- och OBM-tj\u00e4nster, hj\u00e4lper kunder att designa cykeldelarna enligt speciella krav. Syn Varje del av Kuake e-cykel designades, konstruerades och tillverkades enligt de str\u00e4ngaste standarderna. V\u00e4rderingar Vi v\u00e4lkomnar kunder [&hellip;]<\/p>\n","protected":false},"author":1,"featured_media":0,"parent":0,"menu_order":0,"comment_status":"closed","ping_status":"closed","template":"","meta":{"site-sidebar-layout":"no-sidebar","site-content-layout":"page-builder","ast-site-content-layout":"default","site-content-style":"default","site-sidebar-style":"default","ast-global-header-display":"","ast-banner-title-visibility":"","ast-main-header-display":"","ast-hfb-above-header-display":"","ast-hfb-below-header-display":"","ast-hfb-mobile-header-display":"","site-post-title":"disabled","ast-breadcrumbs-content":"","ast-featured-img":"disabled","footer-sml-layout":"","ast-disable-related-posts":"","theme-transparent-header-meta":"default","adv-header-id-meta":"","stick-header-meta":"default","header-above-stick-meta":"","header-main-stick-meta":"","header-below-stick-meta":"","astra-migrate-meta-layouts":"default","ast-page-background-enabled":"default","ast-page-background-meta":{"desktop":{"background-color":"","background-image":"","background-repeat":"repeat","background-position":"center center","background-size":"auto","background-attachment":"scroll","background-type":"","background-media":"","overlay-type":"","overlay-color":"","overlay-opacity":"","overlay-gradient":""},"tablet":{"background-color":"","background-image":"","background-repeat":"repeat","background-position":"center center","background-size":"auto","background-attachment":"scroll","background-type":"","background-media":"","overlay-type":"","overlay-color":"","overlay-opacity":"","overlay-gradient":""},"mobile":{"background-color":"","background-image":"","background-repeat":"repeat","background-position":"center center","background-size":"auto","background-attachment":"scroll","background-type":"","background-media":"","overlay-type":"","overlay-color":"","overlay-opacity":"","overlay-gradient":""}},"ast-content-background-meta":{"desktop":{"background-color":"var(--ast-global-color-5)","background-image":"","background-repeat":"repeat","background-position":"center center","background-size":"auto","background-attachment":"scroll","background-type":"","background-media":"","overlay-type":"","overlay-color":"","overlay-opacity":"","overlay-gradient":""},"tablet":{"background-color":"var(--ast-global-color-5)","background-image":"","background-repeat":"repeat","background-position":"center center","background-size":"auto","background-attachment":"scroll","background-type":"","background-media":"","overlay-type":"","overlay-color":"","overlay-opacity":"","overlay-gradient":""},"mobile":{"background-color":"var(--ast-global-color-5)","background-image":"","background-repeat":"repeat","background-position":"center center","background-size":"auto","background-attachment":"scroll","background-type":"","background-media":"","overlay-type":"","overlay-color":"","overlay-opacity":"","overlay-gradient":""}},"footnotes":""},"class_list":["post-13124","page","type-page","status-publish","hentry"],"yoast_head":"<!-- This site is optimized with the Yoast SEO plugin v27.4 - https:\/\/yoast.com\/product\/yoast-seo-wordpress\/ -->\n<title>Om oss - Kuake Bicycle<\/title>\n<meta name=\"description\" content=\"Jiangsu Kuake Technology Co., Ltd. grundades 2009 och \u00e4r en tillverkare av e-cyklar och last-e-cyklar, vi tillhandah\u00e5ller OEM-, ODM- och OBM-tj\u00e4nster.\" \/>\n<meta name=\"robots\" content=\"index, follow, max-snippet:-1, max-image-preview:large, max-video-preview:-1\" \/>\n<link rel=\"canonical\" href=\"https:\/\/www.kuakebicycle.com\/sv\/handla-om\/\" \/>\n<meta property=\"og:locale\" content=\"sv_SE\" \/>\n<meta property=\"og:type\" content=\"article\" \/>\n<meta property=\"og:title\" content=\"Om oss - Kuake Bicycle\" \/>\n<meta property=\"og:description\" content=\"Jiangsu Kuake Technology Co., Ltd. grundades 2009 och \u00e4r en tillverkare av e-cyklar och last-e-cyklar, vi tillhandah\u00e5ller OEM-, ODM- och OBM-tj\u00e4nster.\" \/>\n<meta property=\"og:url\" content=\"https:\/\/www.kuakebicycle.com\/sv\/handla-om\/\" \/>\n<meta property=\"og:site_name\" content=\"Kuake Bicycle\" \/>\n<meta property=\"article:modified_time\" content=\"2022-01-06T08:57:51+00:00\" \/>\n<meta property=\"og:image\" content=\"https:\/\/www.kuakebicycle.com\/wp-content\/uploads\/2017\/07\/big-diamond40x40-free-img.png\" \/>\n<meta name=\"twitter:card\" content=\"summary_large_image\" \/>\n<meta name=\"twitter:label1\" content=\"Ber\u00e4knad l\u00e4stid\" \/>\n\t<meta name=\"twitter:data1\" content=\"2 minuter\" \/>\n<script type=\"application\/ld+json\" class=\"yoast-schema-graph\">{\"@context\":\"https:\\\/\\\/schema.org\",\"@graph\":[{\"@type\":\"WebPage\",\"@id\":\"https:\\\/\\\/www.kuakebicycle.com\\\/sv\\\/handla-om\\\/\",\"url\":\"https:\\\/\\\/www.kuakebicycle.com\\\/sv\\\/handla-om\\\/\",\"name\":\"Om oss - Kuake Bicycle\",\"isPartOf\":{\"@id\":\"https:\\\/\\\/www.kuakebicycle.com\\\/sv\\\/#website\"},\"primaryImageOfPage\":{\"@id\":\"https:\\\/\\\/www.kuakebicycle.com\\\/sv\\\/handla-om\\\/#primaryimage\"},\"image\":{\"@id\":\"https:\\\/\\\/www.kuakebicycle.com\\\/sv\\\/handla-om\\\/#primaryimage\"},\"thumbnailUrl\":\"https:\\\/\\\/www.kuakebicycle.com\\\/wp-content\\\/uploads\\\/2017\\\/07\\\/big-diamond40x40-free-img.png\",\"datePublished\":\"2021-12-02T04:03:09+00:00\",\"dateModified\":\"2022-01-06T08:57:51+00:00\",\"description\":\"Jiangsu Kuake Technology Co., Ltd. grundades 2009 och \u00e4r en tillverkare av e-cyklar och last-e-cyklar, vi tillhandah\u00e5ller OEM-, ODM- och OBM-tj\u00e4nster.\",\"breadcrumb\":{\"@id\":\"https:\\\/\\\/www.kuakebicycle.com\\\/sv\\\/handla-om\\\/#breadcrumb\"},\"inLanguage\":\"sv-SE\",\"potentialAction\":[{\"@type\":\"ReadAction\",\"target\":[\"https:\\\/\\\/www.kuakebicycle.com\\\/sv\\\/handla-om\\\/\"]}]},{\"@type\":\"ImageObject\",\"inLanguage\":\"sv-SE\",\"@id\":\"https:\\\/\\\/www.kuakebicycle.com\\\/sv\\\/handla-om\\\/#primaryimage\",\"url\":\"https:\\\/\\\/www.kuakebicycle.com\\\/wp-content\\\/uploads\\\/2017\\\/07\\\/big-diamond40x40-free-img.png\",\"contentUrl\":\"https:\\\/\\\/www.kuakebicycle.com\\\/wp-content\\\/uploads\\\/2017\\\/07\\\/big-diamond40x40-free-img.png\"},{\"@type\":\"BreadcrumbList\",\"@id\":\"https:\\\/\\\/www.kuakebicycle.com\\\/sv\\\/handla-om\\\/#breadcrumb\",\"itemListElement\":[{\"@type\":\"ListItem\",\"position\":1,\"name\":\"Home\",\"item\":\"https:\\\/\\\/www.kuakebicycle.com\\\/sv\\\/\"},{\"@type\":\"ListItem\",\"position\":2,\"name\":\"Om oss\"}]},{\"@type\":\"WebSite\",\"@id\":\"https:\\\/\\\/www.kuakebicycle.com\\\/sv\\\/#website\",\"url\":\"https:\\\/\\\/www.kuakebicycle.com\\\/sv\\\/\",\"name\":\"Kuake Bicycle\",\"description\":\"\",\"publisher\":{\"@id\":\"https:\\\/\\\/www.kuakebicycle.com\\\/sv\\\/#organization\"},\"potentialAction\":[{\"@type\":\"SearchAction\",\"target\":{\"@type\":\"EntryPoint\",\"urlTemplate\":\"https:\\\/\\\/www.kuakebicycle.com\\\/sv\\\/?s={search_term_string}\"},\"query-input\":{\"@type\":\"PropertyValueSpecification\",\"valueRequired\":true,\"valueName\":\"search_term_string\"}}],\"inLanguage\":\"sv-SE\"},{\"@type\":\"Organization\",\"@id\":\"https:\\\/\\\/www.kuakebicycle.com\\\/sv\\\/#organization\",\"name\":\"Kuake Technology\",\"url\":\"https:\\\/\\\/www.kuakebicycle.com\\\/sv\\\/\",\"logo\":{\"@type\":\"ImageObject\",\"inLanguage\":\"sv-SE\",\"@id\":\"https:\\\/\\\/www.kuakebicycle.com\\\/sv\\\/#\\\/schema\\\/logo\\\/image\\\/\",\"url\":\"https:\\\/\\\/www.kuakebicycle.com\\\/wp-content\\\/uploads\\\/2021\\\/03\\\/icon.png\",\"contentUrl\":\"https:\\\/\\\/www.kuakebicycle.com\\\/wp-content\\\/uploads\\\/2021\\\/03\\\/icon.png\",\"width\":100,\"height\":100,\"caption\":\"Kuake Technology\"},\"image\":{\"@id\":\"https:\\\/\\\/www.kuakebicycle.com\\\/sv\\\/#\\\/schema\\\/logo\\\/image\\\/\"}}]}<\/script>\n<!-- \/ Yoast SEO plugin. -->","yoast_head_json":{"title":"Om oss - Kuake Bicycle","description":"Jiangsu Kuake Technology Co., Ltd. grundades 2009 och \u00e4r en tillverkare av e-cyklar och last-e-cyklar, vi tillhandah\u00e5ller OEM-, ODM- och OBM-tj\u00e4nster.","robots":{"index":"index","follow":"follow","max-snippet":"max-snippet:-1","max-image-preview":"max-image-preview:large","max-video-preview":"max-video-preview:-1"},"canonical":"https:\/\/www.kuakebicycle.com\/sv\/handla-om\/","og_locale":"sv_SE","og_type":"article","og_title":"Om oss - Kuake Bicycle","og_description":"Jiangsu Kuake Technology Co., Ltd. grundades 2009 och \u00e4r en tillverkare av e-cyklar och last-e-cyklar, vi tillhandah\u00e5ller OEM-, ODM- och OBM-tj\u00e4nster.","og_url":"https:\/\/www.kuakebicycle.com\/sv\/handla-om\/","og_site_name":"Kuake Bicycle","article_modified_time":"2022-01-06T08:57:51+00:00","og_image":[{"url":"https:\/\/www.kuakebicycle.com\/wp-content\/uploads\/2017\/07\/big-diamond40x40-free-img.png","type":"","width":"","height":""}],"twitter_card":"summary_large_image","twitter_misc":{"Ber\u00e4knad l\u00e4stid":"2 minuter"},"schema":{"@context":"https:\/\/schema.org","@graph":[{"@type":"WebPage","@id":"https:\/\/www.kuakebicycle.com\/sv\/handla-om\/","url":"https:\/\/www.kuakebicycle.com\/sv\/handla-om\/","name":"Om oss - Kuake Bicycle","isPartOf":{"@id":"https:\/\/www.kuakebicycle.com\/sv\/#website"},"primaryImageOfPage":{"@id":"https:\/\/www.kuakebicycle.com\/sv\/handla-om\/#primaryimage"},"image":{"@id":"https:\/\/www.kuakebicycle.com\/sv\/handla-om\/#primaryimage"},"thumbnailUrl":"https:\/\/www.kuakebicycle.com\/wp-content\/uploads\/2017\/07\/big-diamond40x40-free-img.png","datePublished":"2021-12-02T04:03:09+00:00","dateModified":"2022-01-06T08:57:51+00:00","description":"Jiangsu Kuake Technology Co., Ltd. grundades 2009 och \u00e4r en tillverkare av e-cyklar och last-e-cyklar, vi tillhandah\u00e5ller OEM-, ODM- och OBM-tj\u00e4nster.","breadcrumb":{"@id":"https:\/\/www.kuakebicycle.com\/sv\/handla-om\/#breadcrumb"},"inLanguage":"sv-SE","potentialAction":[{"@type":"ReadAction","target":["https:\/\/www.kuakebicycle.com\/sv\/handla-om\/"]}]},{"@type":"ImageObject","inLanguage":"sv-SE","@id":"https:\/\/www.kuakebicycle.com\/sv\/handla-om\/#primaryimage","url":"https:\/\/www.kuakebicycle.com\/wp-content\/uploads\/2017\/07\/big-diamond40x40-free-img.png","contentUrl":"https:\/\/www.kuakebicycle.com\/wp-content\/uploads\/2017\/07\/big-diamond40x40-free-img.png"},{"@type":"BreadcrumbList","@id":"https:\/\/www.kuakebicycle.com\/sv\/handla-om\/#breadcrumb","itemListElement":[{"@type":"ListItem","position":1,"name":"Home","item":"https:\/\/www.kuakebicycle.com\/sv\/"},{"@type":"ListItem","position":2,"name":"Om oss"}]},{"@type":"WebSite","@id":"https:\/\/www.kuakebicycle.com\/sv\/#website","url":"https:\/\/www.kuakebicycle.com\/sv\/","name":"Kuake Bicycle","description":"","publisher":{"@id":"https:\/\/www.kuakebicycle.com\/sv\/#organization"},"potentialAction":[{"@type":"SearchAction","target":{"@type":"EntryPoint","urlTemplate":"https:\/\/www.kuakebicycle.com\/sv\/?s={search_term_string}"},"query-input":{"@type":"PropertyValueSpecification","valueRequired":true,"valueName":"search_term_string"}}],"inLanguage":"sv-SE"},{"@type":"Organization","@id":"https:\/\/www.kuakebicycle.com\/sv\/#organization","name":"Kuake Technology","url":"https:\/\/www.kuakebicycle.com\/sv\/","logo":{"@type":"ImageObject","inLanguage":"sv-SE","@id":"https:\/\/www.kuakebicycle.com\/sv\/#\/schema\/logo\/image\/","url":"https:\/\/www.kuakebicycle.com\/wp-content\/uploads\/2021\/03\/icon.png","contentUrl":"https:\/\/www.kuakebicycle.com\/wp-content\/uploads\/2021\/03\/icon.png","width":100,"height":100,"caption":"Kuake Technology"},"image":{"@id":"https:\/\/www.kuakebicycle.com\/sv\/#\/schema\/logo\/image\/"}}]}},"_links":{"self":[{"href":"https:\/\/www.kuakebicycle.com\/sv\/wp-json\/wp\/v2\/pages\/13124","targetHints":{"allow":["GET"]}}],"collection":[{"href":"https:\/\/www.kuakebicycle.com\/sv\/wp-json\/wp\/v2\/pages"}],"about":[{"href":"https:\/\/www.kuakebicycle.com\/sv\/wp-json\/wp\/v2\/types\/page"}],"author":[{"embeddable":true,"href":"https:\/\/www.kuakebicycle.com\/sv\/wp-json\/wp\/v2\/users\/1"}],"replies":[{"embeddable":true,"href":"https:\/\/www.kuakebicycle.com\/sv\/wp-json\/wp\/v2\/comments?post=13124"}],"version-history":[{"count":0,"href":"https:\/\/www.kuakebicycle.com\/sv\/wp-json\/wp\/v2\/pages\/13124\/revisions"}],"wp:attachment":[{"href":"https:\/\/www.kuakebicycle.com\/sv\/wp-json\/wp\/v2\/media?parent=13124"}],"curies":[{"name":"wp","href":"https:\/\/api.w.org\/{rel}","templated":true}]}}