{"id":12984,"date":"2021-12-02T03:43:07","date_gmt":"2021-12-02T03:43:07","guid":{"rendered":"https:\/\/www.kuakebicycle.com\/hemsida\/"},"modified":"2022-01-07T02:02:57","modified_gmt":"2022-01-07T02:02:57","slug":"hemsida","status":"publish","type":"page","link":"https:\/\/www.kuakebicycle.com\/sv\/","title":{"rendered":"Hemsida"},"content":{"rendered":"\r\n<h1>Rider p\u00e5 v\u00e4gen<\/h1>\r\n<h3>F\u00e5 ut mer av din resa!<\/h3>\r\n<p>Fr\u00e5n terr\u00e4ng\u00e4ventyr till daglig pendling, Kuake har precis den elektriska cykeln och trike f\u00f6r dig som passar dina behov.<\/p>\r\n<p><a role=\"button\" href=\"https:\/\/www.kuakebicycle.com\/sv\/produkter\/\" target=\"_self\" rel=\"noopener\"> Bl\u00e4ddra nu! <\/a><\/p>\r\n<h2>V\u00e5ra huvudprodukter<\/h2>\r\n<p><strong>Electric Cargo Trehjuling<\/strong><\/p>\r\n<p><a href=\"https:\/\/www.kuakebicycle.com\/sv\/kk6010-frontlastare-elektrisk-last-trehjuling\/\"><img loading=\"lazy\" decoding=\"async\" src=\"https:\/\/www.kuakebicycle.com\/wp-content\/uploads\/2021\/03\/KK6010-Electric-Cargo-Trike-300x300.jpg\" alt=\"KK6010 Elektrisk lastcykel\" width=\"300\" height=\"300\" \/><\/a><\/p>\r\n<ul>\r\n<li>LCD sk\u00e4rm<\/li>\r\n<li>24&#8243; aluminiumlegering<\/li>\r\n<li>DAPU 36V 250W Motor<\/li>\r\n<li>Samsung 36V 10A batteri<\/li>\r\n<li>Shimano 6-v\u00e4xlade v\u00e4xlar<\/li>\r\n<li>Hydraulisk skivbroms<\/li>\r\n<li>25 km\/h och 40 km avst\u00e5nd f\u00f6r laddning<\/li>\r\n<\/ul>\r\n<p><a role=\"button\" href=\"https:\/\/www.kuakebicycle.com\/sv\/kk6010-frontlastare-elektrisk-last-trehjuling\/\" target=\"_self\" rel=\"noopener\"> H\u00e4mta den nu <\/a><\/p>\r\n<p><strong>Elektrisk Stadscykel<\/strong><\/p>\r\n<p><a href=\"https:\/\/www.kuakebicycle.com\/sv\/kk9053-el-stadscykel\/\"><img loading=\"lazy\" decoding=\"async\" src=\"https:\/\/www.kuakebicycle.com\/wp-content\/uploads\/2021\/03\/KK9053-White-Electric-City-Bike-300x300.png\" alt=\"KK9053 Vit elektrisk stadscykel\" width=\"300\" height=\"300\" \/><\/a><\/p>\r\n<ul>\r\n<li>LCD sk\u00e4rm<\/li>\r\n<li>700C 26&#8243; aluminiumlegering<\/li>\r\n<li>36V 250W Motor<\/li>\r\n<li>360Wh litiumbatteri<\/li>\r\n<li>Shimano 6-v\u00e4xlade v\u00e4xlar<\/li>\r\n<li>TEKTRO Mekanisk skivbroms<\/li>\r\n<li>25 km\/h och 60 km avst\u00e5nd f\u00f6r laddning<\/li>\r\n<\/ul>\r\n<p><a role=\"button\" href=\"https:\/\/www.kuakebicycle.com\/sv\/kk9053-el-stadscykel\/\" target=\"_self\" rel=\"noopener\"> H\u00e4mta den nu <\/a><\/p>\r\n<p><strong>Elektrisk mountainbike<\/strong><\/p>\r\n<p><a href=\"https:\/\/www.kuakebicycle.com\/sv\/kk9055-el-mountainbike\/\"><img loading=\"lazy\" decoding=\"async\" src=\"https:\/\/www.kuakebicycle.com\/wp-content\/uploads\/2021\/03\/KK9055-Electric-Mountain-Bike-300x300.jpg\" alt=\"KK9055 Elektrisk mountainbike\" width=\"300\" height=\"300\" \/><\/a><\/p>\r\n<ul>\r\n<li>LCD sk\u00e4rm<\/li>\r\n<li>26 tums AL6061 aluminiumlegering<\/li>\r\n<li>36V 250W~1000W Oxfo bakmotor<\/li>\r\n<li>36V 10Ah Samsung batteri<\/li>\r\n<li>Shimano 7 Speed v\u00e4xlar<\/li>\r\n<li>Hydraulisk skivbroms<\/li>\r\n<li>25 km\/h och 60 km avst\u00e5nd f\u00f6r laddning<\/li>\r\n<\/ul>\r\n<p><a role=\"button\" href=\"https:\/\/www.kuakebicycle.com\/sv\/kk9055-el-mountainbike\/\" target=\"_self\" rel=\"noopener\"> H\u00e4mta den nu <\/a><\/p>\r\n<h3>Vem kan vi hj\u00e4lpa<\/h3>\r\n<p>Oavsett om du \u00e4r nystartade, \u00e5terf\u00f6rs\u00e4ljare eller grossister, kan vi erbjuda l\u00f6sningar f\u00f6r att l\u00f6sa dina sm\u00e4rtpunkter.<\/p>\r\n<h5>Startups sm\u00e4rtpo\u00e4ng<\/h5>\r\n<ul>\r\n<li>Leverant\u00f6rer som inte vill erbjuda utvecklingstj\u00e4nster.<\/li>\r\n<li>Leverant\u00f6rer som inte svarar.<\/li>\r\n<li>Kvalitetsproblem.<\/li>\r\n<li>Tariffer och logistikhinder.<\/li>\r\n<li>Brist p\u00e5 teknisk support.<\/li>\r\n<\/ul>\r\n<h5>\u00c5terf\u00f6rs\u00e4ljarnas sm\u00e4rtpunkter<\/h5>\r\n<ul>\r\n<li>En begr\u00e4nsad kapacitet.<\/li>\r\n<li>Kompromissad produktkvalitet.<\/li>\r\n<li>Vet inte vilken produkt jag ska v\u00e4lja.<\/li>\r\n<li>Hj\u00e4lpl\u00f6s i kontrollf\u00f6rm\u00e5ga.<\/li>\r\n<li>En obekv\u00e4m mellanhand.<\/li>\r\n<\/ul>\r\n<h5>Grossisters sm\u00e4rtpunkter<\/h5>\r\n<ul>\r\n<li>Leverant\u00f6rens otillr\u00e4ckliga kapacitet.<\/li>\r\n<li>D\u00e5lig kvalit\u00e9t.<\/li>\r\n<li>H\u00f6ga importskatter s\u00e4nker din vinst.<\/li>\r\n<li>L\u00e5ng v\u00e4ntetid f\u00f6r prover.<\/li>\r\n<li>En stor risk att f\u00f6rlora ditt f\u00f6rspr\u00e5ng!<\/li>\r\n<\/ul>\r\n<h3>varf\u00f6r v\u00e4lja oss<\/h3>\r\n<p>Funktionerna hos v\u00e5ra elcyklar \u00e4r l\u00e4tta att anv\u00e4nda, s\u00e4kra och effektiva, d\u00e4rf\u00f6r \u00e4r de allm\u00e4nt erk\u00e4nda p\u00e5 den globala marknaden.<\/p>\r\n<h5>Premiumkvalitet<\/h5>\r\n<p>H\u00f6g kvalitet, extremt bekv\u00e4m, superl\u00e5gt underh\u00e5ll och ett \u00e5rs garanti.<\/p>\r\n<h5>Degin Team<\/h5>\r\n<p>V\u00e5r forskning och utveckling arbetar med att konstruera produkter som \u00e4r innovativa och unika f\u00f6r elcyklar.<\/p>\r\n<h5>Bra service<\/h5>\r\n<p>Du kommer att f\u00e5 ett snabbt svar\u00a0fr\u00e5n v\u00e5r 7*24 professionella kundtj\u00e4nst.<\/p>\r\n<h5>Kort ledtid<\/h5>\r\n<p>Vi har stor kapacitet f\u00f6r att s\u00e4kerst\u00e4lla den snabbaste v\u00e4rldsomsp\u00e4nnande leveransen.<\/p>\r\n<h3>Fr\u00e5gor<\/h3>\r\n<p>Vi vill hj\u00e4lpa dig att veta mer om oss, vi har listat de vanligaste fr\u00e5gorna du kan vara orolig \u00f6ver.<\/p>\r\n<p><img decoding=\"async\" src=\"https:\/\/www.kuakebicycle.com\/wp-content\/uploads\/2021\/03\/Pedego-bg-pic.jpg\" alt=\"Pedego bg pic\" \/><\/p>\r\n<ul>\r\n<li>\r\n<h5>Kan jag f\u00e5 n\u00e5gra prover? Och finns de i lager? Och finns de i lager?<\/h5>\r\n<p>Ja, provorder \u00e4r tillg\u00e4nglig f\u00f6r kvalitetskontroll och marknadstest. Vi brukar h\u00e5lla n\u00e5gra lager i lager, n\u00e4r provbest\u00e4llningen har bekr\u00e4ftats kan vi se till att du kan ta emot proverna p\u00e5 mycket kort tid. Vi brukar h\u00e5lla n\u00e5gra lager p\u00e5 lagret, n\u00e4r provordern \u00e4r bekr\u00e4ftad kan vi se till att du kan ta emot proverna p\u00e5 mycket kort tid.<\/p>\r\n<\/li>\r\n<li>\r\n<h5>Accepterar du OEM-kundens best\u00e4llningar?<\/h5>\r\n<p>Ja, vi kan tillverka cykeln enligt kundens specifikation, f\u00e4rgkombination och till och med logotyp\/design, samt paketf\u00f6rfr\u00e5gan, f\u00f6rutsatt att best\u00e4llningen \u00e4r av 1X20&#8242; container och mer. Annars m\u00e5ste vi f\u00f6rhandla om det. Annars m\u00e5ste vi f\u00f6rhandla om det.<\/p>\r\n<\/li>\r\n<li>\r\n<h5>Vad \u00e4r leveranstiden f\u00f6r massbest\u00e4llningar?<\/h5>\r\n<p>Det tar vanligtvis cirka 25 till 40 arbetsdagar f\u00f6r produktion baserat p\u00e5 specifikation f\u00f6r din best\u00e4llning och kvantitet.<\/p>\r\n<\/li>\r\n<li>\r\n<h5>Vilka \u00e4r dina garantivillkor?<\/h5>\r\n<p>V\u00e5r garanti t\u00e4cker tillverknings- och materialdefekter och t\u00e4cker inte normalt slitage, skador\/fel p\u00e5 grund av en olycka, oavsiktliga skador eller f\u00f6ljdskador, eller all anv\u00e4ndning av produkten som inte \u00f6verensst\u00e4mmer med bruksanvisningen som anges i v\u00e5r anv\u00e4ndarmanual.<\/p>\r\n<\/li>\r\n<\/ul>\r\n","protected":false},"excerpt":{"rendered":"<p>Rider p\u00e5 v\u00e4gen F\u00e5 ut mer av din resa! Fr\u00e5n terr\u00e4ng\u00e4ventyr till daglig pendling, Kuake har precis den elektriska cykeln och trike f\u00f6r dig som passar dina behov. Bl\u00e4ddra nu! V\u00e5ra huvudprodukter Electric Cargo Trehjuling [&hellip;]<\/p>\n","protected":false},"author":1,"featured_media":0,"parent":0,"menu_order":0,"comment_status":"closed","ping_status":"open","template":"","meta":{"site-sidebar-layout":"no-sidebar","site-content-layout":"page-builder","ast-site-content-layout":"default","site-content-style":"default","site-sidebar-style":"default","ast-global-header-display":"","ast-banner-title-visibility":"","ast-main-header-display":"","ast-hfb-above-header-display":"","ast-hfb-below-header-display":"","ast-hfb-mobile-header-display":"","site-post-title":"disabled","ast-breadcrumbs-content":"","ast-featured-img":"disabled","footer-sml-layout":"","ast-disable-related-posts":"","theme-transparent-header-meta":"default","adv-header-id-meta":"","stick-header-meta":"default","header-above-stick-meta":"","header-main-stick-meta":"","header-below-stick-meta":"","astra-migrate-meta-layouts":"default","ast-page-background-enabled":"default","ast-page-background-meta":{"desktop":{"background-color":"","background-image":"","background-repeat":"repeat","background-position":"center center","background-size":"auto","background-attachment":"scroll","background-type":"","background-media":"","overlay-type":"","overlay-color":"","overlay-opacity":"","overlay-gradient":""},"tablet":{"background-color":"","background-image":"","background-repeat":"repeat","background-position":"center center","background-size":"auto","background-attachment":"scroll","background-type":"","background-media":"","overlay-type":"","overlay-color":"","overlay-opacity":"","overlay-gradient":""},"mobile":{"background-color":"","background-image":"","background-repeat":"repeat","background-position":"center center","background-size":"auto","background-attachment":"scroll","background-type":"","background-media":"","overlay-type":"","overlay-color":"","overlay-opacity":"","overlay-gradient":""}},"ast-content-background-meta":{"desktop":{"background-color":"var(--ast-global-color-5)","background-image":"","background-repeat":"repeat","background-position":"center center","background-size":"auto","background-attachment":"scroll","background-type":"","background-media":"","overlay-type":"","overlay-color":"","overlay-opacity":"","overlay-gradient":""},"tablet":{"background-color":"var(--ast-global-color-5)","background-image":"","background-repeat":"repeat","background-position":"center center","background-size":"auto","background-attachment":"scroll","background-type":"","background-media":"","overlay-type":"","overlay-color":"","overlay-opacity":"","overlay-gradient":""},"mobile":{"background-color":"var(--ast-global-color-5)","background-image":"","background-repeat":"repeat","background-position":"center center","background-size":"auto","background-attachment":"scroll","background-type":"","background-media":"","overlay-type":"","overlay-color":"","overlay-opacity":"","overlay-gradient":""}},"footnotes":""},"class_list":["post-12984","page","type-page","status-publish","hentry"],"yoast_head":"<!-- This site is optimized with the Yoast SEO plugin v27.3 - https:\/\/yoast.com\/product\/yoast-seo-wordpress\/ -->\n<title>Elcykeltillverkare Kina, Billig Elcykel F\u00f6r Dam &amp; Herr - Kuake Bicycle<\/title>\n<meta name=\"description\" content=\"Kuake har specialiserat sig p\u00e5 att designa och tillverka l\u00e5dcykel el och elcyklar. Premiumkvalitet med b\u00e4sta pris och bra service efter f\u00f6rs\u00e4ljning.\" \/>\n<meta name=\"robots\" content=\"index, follow, max-snippet:-1, max-image-preview:large, max-video-preview:-1\" \/>\n<link rel=\"canonical\" href=\"https:\/\/www.kuakebicycle.com\/sv\/\" \/>\n<meta property=\"og:locale\" content=\"sv_SE\" \/>\n<meta property=\"og:type\" content=\"article\" \/>\n<meta property=\"og:title\" content=\"Elcykeltillverkare Kina, Billig Elcykel F\u00f6r Dam &amp; Herr - Kuake Bicycle\" \/>\n<meta property=\"og:description\" content=\"Kuake har specialiserat sig p\u00e5 att designa och tillverka l\u00e5dcykel el och elcyklar. Premiumkvalitet med b\u00e4sta pris och bra service efter f\u00f6rs\u00e4ljning.\" \/>\n<meta property=\"og:url\" content=\"https:\/\/www.kuakebicycle.com\/sv\/\" \/>\n<meta property=\"og:site_name\" content=\"Kuake Bicycle\" \/>\n<meta property=\"article:modified_time\" content=\"2022-01-07T02:02:57+00:00\" \/>\n<meta property=\"og:image\" content=\"https:\/\/www.kuakebicycle.com\/wp-content\/uploads\/2021\/03\/KK6010-Electric-Cargo-Trike-300x300.jpg\" \/>\n<meta name=\"twitter:card\" content=\"summary_large_image\" \/>\n<meta name=\"twitter:label1\" content=\"Ber\u00e4knad l\u00e4stid\" \/>\n\t<meta name=\"twitter:data1\" content=\"3 minuter\" \/>\n<script type=\"application\/ld+json\" class=\"yoast-schema-graph\">{\"@context\":\"https:\\\/\\\/schema.org\",\"@graph\":[{\"@type\":\"WebPage\",\"@id\":\"https:\\\/\\\/www.kuakebicycle.com\\\/sv\\\/\",\"url\":\"https:\\\/\\\/www.kuakebicycle.com\\\/sv\\\/\",\"name\":\"Elcykeltillverkare Kina, Billig Elcykel F\u00f6r Dam & Herr - Kuake Bicycle\",\"isPartOf\":{\"@id\":\"https:\\\/\\\/www.kuakebicycle.com\\\/sv\\\/#website\"},\"primaryImageOfPage\":{\"@id\":\"https:\\\/\\\/www.kuakebicycle.com\\\/sv\\\/#primaryimage\"},\"image\":{\"@id\":\"https:\\\/\\\/www.kuakebicycle.com\\\/sv\\\/#primaryimage\"},\"thumbnailUrl\":\"https:\\\/\\\/www.kuakebicycle.com\\\/wp-content\\\/uploads\\\/2021\\\/03\\\/KK6010-Electric-Cargo-Trike-300x300.jpg\",\"datePublished\":\"2021-12-02T03:43:07+00:00\",\"dateModified\":\"2022-01-07T02:02:57+00:00\",\"description\":\"Kuake har specialiserat sig p\u00e5 att designa och tillverka l\u00e5dcykel el och elcyklar. Premiumkvalitet med b\u00e4sta pris och bra service efter f\u00f6rs\u00e4ljning.\",\"breadcrumb\":{\"@id\":\"https:\\\/\\\/www.kuakebicycle.com\\\/sv\\\/#breadcrumb\"},\"inLanguage\":\"sv-SE\",\"potentialAction\":[{\"@type\":\"ReadAction\",\"target\":[\"https:\\\/\\\/www.kuakebicycle.com\\\/sv\\\/\"]}]},{\"@type\":\"ImageObject\",\"inLanguage\":\"sv-SE\",\"@id\":\"https:\\\/\\\/www.kuakebicycle.com\\\/sv\\\/#primaryimage\",\"url\":\"https:\\\/\\\/www.kuakebicycle.com\\\/wp-content\\\/uploads\\\/2021\\\/03\\\/KK6010-Electric-Cargo-Trike-300x300.jpg\",\"contentUrl\":\"https:\\\/\\\/www.kuakebicycle.com\\\/wp-content\\\/uploads\\\/2021\\\/03\\\/KK6010-Electric-Cargo-Trike-300x300.jpg\"},{\"@type\":\"BreadcrumbList\",\"@id\":\"https:\\\/\\\/www.kuakebicycle.com\\\/sv\\\/#breadcrumb\",\"itemListElement\":[{\"@type\":\"ListItem\",\"position\":1,\"name\":\"Home\",\"item\":\"https:\\\/\\\/www.kuakebicycle.com\\\/sv\\\/\"},{\"@type\":\"ListItem\",\"position\":2,\"name\":\"Hemsida\"}]},{\"@type\":\"WebSite\",\"@id\":\"https:\\\/\\\/www.kuakebicycle.com\\\/sv\\\/#website\",\"url\":\"https:\\\/\\\/www.kuakebicycle.com\\\/sv\\\/\",\"name\":\"Kuake Bicycle\",\"description\":\"\",\"publisher\":{\"@id\":\"https:\\\/\\\/www.kuakebicycle.com\\\/sv\\\/#organization\"},\"potentialAction\":[{\"@type\":\"SearchAction\",\"target\":{\"@type\":\"EntryPoint\",\"urlTemplate\":\"https:\\\/\\\/www.kuakebicycle.com\\\/sv\\\/?s={search_term_string}\"},\"query-input\":{\"@type\":\"PropertyValueSpecification\",\"valueRequired\":true,\"valueName\":\"search_term_string\"}}],\"inLanguage\":\"sv-SE\"},{\"@type\":\"Organization\",\"@id\":\"https:\\\/\\\/www.kuakebicycle.com\\\/sv\\\/#organization\",\"name\":\"Kuake Technology\",\"url\":\"https:\\\/\\\/www.kuakebicycle.com\\\/sv\\\/\",\"logo\":{\"@type\":\"ImageObject\",\"inLanguage\":\"sv-SE\",\"@id\":\"https:\\\/\\\/www.kuakebicycle.com\\\/sv\\\/#\\\/schema\\\/logo\\\/image\\\/\",\"url\":\"https:\\\/\\\/www.kuakebicycle.com\\\/wp-content\\\/uploads\\\/2021\\\/03\\\/icon.png\",\"contentUrl\":\"https:\\\/\\\/www.kuakebicycle.com\\\/wp-content\\\/uploads\\\/2021\\\/03\\\/icon.png\",\"width\":100,\"height\":100,\"caption\":\"Kuake Technology\"},\"image\":{\"@id\":\"https:\\\/\\\/www.kuakebicycle.com\\\/sv\\\/#\\\/schema\\\/logo\\\/image\\\/\"}}]}<\/script>\n<!-- \/ Yoast SEO plugin. -->","yoast_head_json":{"title":"Elcykeltillverkare Kina, Billig Elcykel F\u00f6r Dam & Herr - Kuake Bicycle","description":"Kuake har specialiserat sig p\u00e5 att designa och tillverka l\u00e5dcykel el och elcyklar. Premiumkvalitet med b\u00e4sta pris och bra service efter f\u00f6rs\u00e4ljning.","robots":{"index":"index","follow":"follow","max-snippet":"max-snippet:-1","max-image-preview":"max-image-preview:large","max-video-preview":"max-video-preview:-1"},"canonical":"https:\/\/www.kuakebicycle.com\/sv\/","og_locale":"sv_SE","og_type":"article","og_title":"Elcykeltillverkare Kina, Billig Elcykel F\u00f6r Dam & Herr - Kuake Bicycle","og_description":"Kuake har specialiserat sig p\u00e5 att designa och tillverka l\u00e5dcykel el och elcyklar. Premiumkvalitet med b\u00e4sta pris och bra service efter f\u00f6rs\u00e4ljning.","og_url":"https:\/\/www.kuakebicycle.com\/sv\/","og_site_name":"Kuake Bicycle","article_modified_time":"2022-01-07T02:02:57+00:00","og_image":[{"url":"https:\/\/www.kuakebicycle.com\/wp-content\/uploads\/2021\/03\/KK6010-Electric-Cargo-Trike-300x300.jpg","type":"","width":"","height":""}],"twitter_card":"summary_large_image","twitter_misc":{"Ber\u00e4knad l\u00e4stid":"3 minuter"},"schema":{"@context":"https:\/\/schema.org","@graph":[{"@type":"WebPage","@id":"https:\/\/www.kuakebicycle.com\/sv\/","url":"https:\/\/www.kuakebicycle.com\/sv\/","name":"Elcykeltillverkare Kina, Billig Elcykel F\u00f6r Dam & Herr - Kuake Bicycle","isPartOf":{"@id":"https:\/\/www.kuakebicycle.com\/sv\/#website"},"primaryImageOfPage":{"@id":"https:\/\/www.kuakebicycle.com\/sv\/#primaryimage"},"image":{"@id":"https:\/\/www.kuakebicycle.com\/sv\/#primaryimage"},"thumbnailUrl":"https:\/\/www.kuakebicycle.com\/wp-content\/uploads\/2021\/03\/KK6010-Electric-Cargo-Trike-300x300.jpg","datePublished":"2021-12-02T03:43:07+00:00","dateModified":"2022-01-07T02:02:57+00:00","description":"Kuake har specialiserat sig p\u00e5 att designa och tillverka l\u00e5dcykel el och elcyklar. Premiumkvalitet med b\u00e4sta pris och bra service efter f\u00f6rs\u00e4ljning.","breadcrumb":{"@id":"https:\/\/www.kuakebicycle.com\/sv\/#breadcrumb"},"inLanguage":"sv-SE","potentialAction":[{"@type":"ReadAction","target":["https:\/\/www.kuakebicycle.com\/sv\/"]}]},{"@type":"ImageObject","inLanguage":"sv-SE","@id":"https:\/\/www.kuakebicycle.com\/sv\/#primaryimage","url":"https:\/\/www.kuakebicycle.com\/wp-content\/uploads\/2021\/03\/KK6010-Electric-Cargo-Trike-300x300.jpg","contentUrl":"https:\/\/www.kuakebicycle.com\/wp-content\/uploads\/2021\/03\/KK6010-Electric-Cargo-Trike-300x300.jpg"},{"@type":"BreadcrumbList","@id":"https:\/\/www.kuakebicycle.com\/sv\/#breadcrumb","itemListElement":[{"@type":"ListItem","position":1,"name":"Home","item":"https:\/\/www.kuakebicycle.com\/sv\/"},{"@type":"ListItem","position":2,"name":"Hemsida"}]},{"@type":"WebSite","@id":"https:\/\/www.kuakebicycle.com\/sv\/#website","url":"https:\/\/www.kuakebicycle.com\/sv\/","name":"Kuake Bicycle","description":"","publisher":{"@id":"https:\/\/www.kuakebicycle.com\/sv\/#organization"},"potentialAction":[{"@type":"SearchAction","target":{"@type":"EntryPoint","urlTemplate":"https:\/\/www.kuakebicycle.com\/sv\/?s={search_term_string}"},"query-input":{"@type":"PropertyValueSpecification","valueRequired":true,"valueName":"search_term_string"}}],"inLanguage":"sv-SE"},{"@type":"Organization","@id":"https:\/\/www.kuakebicycle.com\/sv\/#organization","name":"Kuake Technology","url":"https:\/\/www.kuakebicycle.com\/sv\/","logo":{"@type":"ImageObject","inLanguage":"sv-SE","@id":"https:\/\/www.kuakebicycle.com\/sv\/#\/schema\/logo\/image\/","url":"https:\/\/www.kuakebicycle.com\/wp-content\/uploads\/2021\/03\/icon.png","contentUrl":"https:\/\/www.kuakebicycle.com\/wp-content\/uploads\/2021\/03\/icon.png","width":100,"height":100,"caption":"Kuake Technology"},"image":{"@id":"https:\/\/www.kuakebicycle.com\/sv\/#\/schema\/logo\/image\/"}}]}},"_links":{"self":[{"href":"https:\/\/www.kuakebicycle.com\/sv\/wp-json\/wp\/v2\/pages\/12984","targetHints":{"allow":["GET"]}}],"collection":[{"href":"https:\/\/www.kuakebicycle.com\/sv\/wp-json\/wp\/v2\/pages"}],"about":[{"href":"https:\/\/www.kuakebicycle.com\/sv\/wp-json\/wp\/v2\/types\/page"}],"author":[{"embeddable":true,"href":"https:\/\/www.kuakebicycle.com\/sv\/wp-json\/wp\/v2\/users\/1"}],"replies":[{"embeddable":true,"href":"https:\/\/www.kuakebicycle.com\/sv\/wp-json\/wp\/v2\/comments?post=12984"}],"version-history":[{"count":0,"href":"https:\/\/www.kuakebicycle.com\/sv\/wp-json\/wp\/v2\/pages\/12984\/revisions"}],"wp:attachment":[{"href":"https:\/\/www.kuakebicycle.com\/sv\/wp-json\/wp\/v2\/media?parent=12984"}],"curies":[{"name":"wp","href":"https:\/\/api.w.org\/{rel}","templated":true}]}}