{"id":20816,"date":"2021-08-03T06:06:30","date_gmt":"2022-03-31T04:08:22","guid":{"rendered":"https:\/\/www.kuakebicycle.com\/bicicleta-eletrica-de-pneu-gordo-dobravel-kk2016-dobravel-20-polegadas-1000-w-840-wh\/"},"modified":"2022-03-31T04:08:22","modified_gmt":"2022-03-31T04:08:22","slug":"kk2016-bicicleta-eletrica-pneu-gordura-dobravel","status":"publish","type":"product","link":"https:\/\/www.kuakebicycle.com\/pt-pt\/kk2016-bicicleta-eletrica-pneu-gordura-dobravel\/","title":{"rendered":"Bicicleta El\u00e9trica De Pneu Gordo Dobr\u00e1vel KK2016 (Dobr\u00e1vel, 20 Polegadas, 1000 W, 840 Wh)"},"content":{"rendered":"<table border=\"1\" width=\"556\">\n<tbody>\n<tr>\n<td style=\"text-align: center;\" colspan=\"2\" bgcolor=\"#d9edf7\"><strong>Especifica\u00e7\u00f5es de bicicleta<\/strong><\/td>\n<\/tr>\n<tr>\n<td bgcolor=\"#f5f2f2\" width=\"275\"><strong>N\u00famero do modelo<\/strong><\/td>\n<td width=\"281\">KK2016<\/td>\n<\/tr>\n<tr>\n<td bgcolor=\"#f5f2f2\" width=\"275\"><strong>Peso l\u00edquido<\/strong><\/td>\n<td width=\"281\">28kg<\/td>\n<\/tr>\n<tr>\n<td bgcolor=\"#f5f2f2\" width=\"275\"><strong>Peso bruto<\/strong><\/td>\n<td width=\"281\">35kg<\/td>\n<\/tr>\n<tr>\n<td bgcolor=\"#f5f2f2\" width=\"275\"><strong>Quadro<\/strong><\/td>\n<td width=\"281\">20&#8243;, liga de alum\u00ednio AL6061<\/td>\n<\/tr>\n<tr>\n<td bgcolor=\"#f5f2f2\" width=\"275\"><strong>Garfo<\/strong><\/td>\n<td width=\"281\">Garfo de suspens\u00e3o<\/td>\n<\/tr>\n<tr>\n<td bgcolor=\"#f5f2f2\" width=\"275\"><strong>Engrenagem<\/strong><\/td>\n<td width=\"281\">SHIMANO 7 velocidades<\/td>\n<\/tr>\n<tr>\n<td bgcolor=\"#f5f2f2\" width=\"275\"><strong>Shifters<\/strong><\/td>\n<td width=\"281\">7 velocidades<\/td>\n<\/tr>\n<tr>\n<td bgcolor=\"#f5f2f2\" width=\"275\"><strong>Roda livre<\/strong><\/td>\n<td width=\"281\">7 velocidades<\/td>\n<\/tr>\n<tr>\n<td bgcolor=\"#f5f2f2\" width=\"275\"><strong>Freio Dianteiro<\/strong><\/td>\n<td width=\"281\">Freio de disco<\/td>\n<\/tr>\n<tr>\n<td bgcolor=\"#f5f2f2\" width=\"275\"><strong>Freio Traseiro<\/strong><\/td>\n<td width=\"281\">Freio de disco<\/td>\n<\/tr>\n<tr>\n<td bgcolor=\"#f5f2f2\" width=\"275\"><strong>Pedals<\/strong><\/td>\n<td width=\"281\">Liga<\/td>\n<\/tr>\n<tr>\n<td bgcolor=\"#f5f2f2\" width=\"275\"><strong>Pneus<\/strong><\/td>\n<td width=\"281\">KENDA 20&#8221;*4.0<\/td>\n<\/tr>\n<tr>\n<td style=\"text-align: center;\" colspan=\"2\" bgcolor=\"#d9edf7\"><strong>Sistema el\u00e9trico<\/strong><\/td>\n<\/tr>\n<tr>\n<td bgcolor=\"#f5f2f2\" width=\"275\"><strong>Bateria<\/strong><\/td>\n<td width=\"281\">Bateria de i\u00f5es de l\u00edtio de 48V 17,5Ah<\/td>\n<\/tr>\n<tr>\n<td bgcolor=\"#f5f2f2\" width=\"275\"><strong>Carregadora<\/strong><\/td>\n<td width=\"281\">48V\/2A<\/td>\n<\/tr>\n<tr>\n<td bgcolor=\"#f5f2f2\" width=\"275\"><strong>Hora de carregar<\/strong><\/td>\n<td width=\"281\">3~5 horas<\/td>\n<\/tr>\n<tr>\n<td bgcolor=\"#f5f2f2\" width=\"275\"><strong>Tempo de recarga<\/strong><\/td>\n<td width=\"281\">800 ~ 1000 vezes<\/td>\n<\/tr>\n<tr>\n<td bgcolor=\"#f5f2f2\" width=\"275\"><strong>Pot\u00eancia do motor<\/strong><\/td>\n<td width=\"281\">Motor sem escova traseiro 48V 500W ~ 1000W<\/td>\n<\/tr>\n<tr>\n<td bgcolor=\"#f5f2f2\" width=\"275\"><strong>Controladora<\/strong><\/td>\n<td width=\"281\">Controlador inteligente de 48V<\/td>\n<\/tr>\n<tr>\n<td bgcolor=\"#f5f2f2\" width=\"275\"><strong>Exibi\u00e7\u00e3o<\/strong><\/td>\n<td width=\"281\">Visor LCD central de 5 n\u00edveis<\/td>\n<\/tr>\n<tr>\n<td bgcolor=\"#f5f2f2\" width=\"275\"><strong>Velocidade m\u00e1xima<\/strong><\/td>\n<td width=\"281\">40km\/h<\/td>\n<\/tr>\n<tr>\n<td bgcolor=\"#f5f2f2\" width=\"275\"><strong>Dist\u00e2ncia para carga<\/strong><\/td>\n<td width=\"281\">50-75km<\/td>\n<\/tr>\n<tr>\n<td style=\"text-align: center;\" colspan=\"2\" bgcolor=\"#d9edf7\"><strong>Detalhes de envio<\/strong><\/td>\n<\/tr>\n<tr>\n<td bgcolor=\"#f5f2f2\" width=\"275\"><strong>Dimens\u00e3o da bicicleta<\/strong><\/td>\n<td width=\"281\">177*58.5*126.5cm<\/td>\n<\/tr>\n<tr>\n<td bgcolor=\"#f5f2f2\" width=\"275\"><strong>Tamanho da embalagem<\/strong><\/td>\n<td width=\"281\">103*50*78cm<\/td>\n<\/tr>\n<\/tbody>\n<\/table>\n","protected":false},"excerpt":{"rendered":"<ul>\n<li>Cor: Dispon\u00edvel em uma variedade de cores diferentes, preto, cinza, azul, branco, vermelho e personaliz\u00e1vel.<\/li>\n<li>Logo: Pode personalizar seu logotipo na fama da bicicleta el\u00e9trica.<\/li>\n<li>Velocidade: Ajust\u00e1vel de acordo com a exig\u00eancia do cliente. 25km\/h para o mercado da UE, 32km\/h para o mercado americano.<\/li>\n<li>Carregador: carregador inteligente, AC110V-240V\/50-60Hz (plug pa\u00eds diferente opcional), tempo de carregamento em torno de 5-6 horas.<\/li>\n<li>Modo de pilotagem: 1. acelerador 2. assist\u00eancias de pedal 3. acelerador + assist\u00eancia do pedal 4. Pedale apenas, ande como uma bicicleta normal.<\/li>\n<li>Dist\u00e2ncia de condu\u00e7\u00e3o por carga: 35 km para acelerador\/50 km para assist\u00eancia ao pedal.<\/li>\n<\/ul>\n","protected":false},"featured_media":19284,"comment_status":"closed","ping_status":"closed","template":"","meta":{"site-sidebar-layout":"default","site-content-layout":"default","ast-site-content-layout":"default","site-content-style":"default","site-sidebar-style":"default","ast-global-header-display":"","ast-banner-title-visibility":"","ast-main-header-display":"","ast-hfb-above-header-display":"","ast-hfb-below-header-display":"","ast-hfb-mobile-header-display":"","site-post-title":"","ast-breadcrumbs-content":"","ast-featured-img":"","footer-sml-layout":"","ast-disable-related-posts":"","theme-transparent-header-meta":"default","adv-header-id-meta":"","stick-header-meta":"default","header-above-stick-meta":"","header-main-stick-meta":"","header-below-stick-meta":"","astra-migrate-meta-layouts":"default","ast-page-background-enabled":"default","ast-page-background-meta":{"desktop":{"background-color":"","background-image":"","background-repeat":"repeat","background-position":"center center","background-size":"auto","background-attachment":"scroll","background-type":"","background-media":"","overlay-type":"","overlay-color":"","overlay-opacity":"","overlay-gradient":""},"tablet":{"background-color":"","background-image":"","background-repeat":"repeat","background-position":"center center","background-size":"auto","background-attachment":"scroll","background-type":"","background-media":"","overlay-type":"","overlay-color":"","overlay-opacity":"","overlay-gradient":""},"mobile":{"background-color":"","background-image":"","background-repeat":"repeat","background-position":"center center","background-size":"auto","background-attachment":"scroll","background-type":"","background-media":"","overlay-type":"","overlay-color":"","overlay-opacity":"","overlay-gradient":""}},"ast-content-background-meta":{"desktop":{"background-color":"var(--ast-global-color-5)","background-image":"","background-repeat":"repeat","background-position":"center center","background-size":"auto","background-attachment":"scroll","background-type":"","background-media":"","overlay-type":"","overlay-color":"","overlay-opacity":"","overlay-gradient":""},"tablet":{"background-color":"var(--ast-global-color-5)","background-image":"","background-repeat":"repeat","background-position":"center center","background-size":"auto","background-attachment":"scroll","background-type":"","background-media":"","overlay-type":"","overlay-color":"","overlay-opacity":"","overlay-gradient":""},"mobile":{"background-color":"var(--ast-global-color-5)","background-image":"","background-repeat":"repeat","background-position":"center center","background-size":"auto","background-attachment":"scroll","background-type":"","background-media":"","overlay-type":"","overlay-color":"","overlay-opacity":"","overlay-gradient":""}}},"product_brand":[],"product_cat":[188],"product_tag":[],"class_list":{"0":"post-20816","1":"product","2":"type-product","3":"status-publish","4":"has-post-thumbnail","6":"product_cat-bicicleta-eletrica-dobravel","7":"desktop-align-left","8":"tablet-align-left","9":"mobile-align-left","10":"ast-product-gallery-layout-horizontal","11":"ast-product-tabs-layout-horizontal","12":"ast-qv-on-image","14":"first","15":"instock","16":"shipping-taxable","17":"product-type-simple"},"yoast_head":"<!-- This site is optimized with the Yoast SEO plugin v27.5 - https:\/\/yoast.com\/product\/yoast-seo-wordpress\/ -->\n<title>Bicicleta El\u00e9trica Dobr\u00e1vel De Pneu Gordo De 20 Polegadas, Bicicleta El\u00e9trica Dobr\u00e1vel KK2016 1000W - Kuake Bicycle<\/title>\n<meta name=\"description\" content=\"\u00c9 uma bicicleta gorda dobr\u00e1vel el\u00e9trica de 20 * 4,0 polegadas, alimentada por um motor de cubo traseiro Bafang de 1000 W, voc\u00ea pode dobr\u00e1-la em seu carro ou escrit\u00f3rio.\" \/>\n<meta name=\"robots\" content=\"index, follow, max-snippet:-1, max-image-preview:large, max-video-preview:-1\" \/>\n<link rel=\"canonical\" href=\"https:\/\/www.kuakebicycle.com\/pt-pt\/kk2016-bicicleta-eletrica-pneu-gordura-dobravel\/\" \/>\n<meta property=\"og:locale\" content=\"pt_PT\" \/>\n<meta property=\"og:type\" content=\"article\" \/>\n<meta property=\"og:title\" content=\"Bicicleta El\u00e9trica Dobr\u00e1vel De Pneu Gordo De 20 Polegadas, Bicicleta El\u00e9trica Dobr\u00e1vel KK2016 1000W - Kuake Bicycle\" \/>\n<meta property=\"og:description\" content=\"\u00c9 uma bicicleta gorda dobr\u00e1vel el\u00e9trica de 20 * 4,0 polegadas, alimentada por um motor de cubo traseiro Bafang de 1000 W, voc\u00ea pode dobr\u00e1-la em seu carro ou escrit\u00f3rio.\" \/>\n<meta property=\"og:url\" content=\"https:\/\/www.kuakebicycle.com\/pt-pt\/kk2016-bicicleta-eletrica-pneu-gordura-dobravel\/\" \/>\n<meta property=\"og:site_name\" content=\"Kuake Bicycle\" \/>\n<meta property=\"og:image\" content=\"https:\/\/www.kuakebicycle.com\/wp-content\/uploads\/2021\/08\/KK2016-Folding-Fat-Tire-Electric-Bike-1.jpg\" \/>\n\t<meta property=\"og:image:width\" content=\"600\" \/>\n\t<meta property=\"og:image:height\" content=\"600\" \/>\n\t<meta property=\"og:image:type\" content=\"image\/jpeg\" \/>\n<meta name=\"twitter:card\" content=\"summary_large_image\" \/>\n<meta name=\"twitter:label1\" content=\"Tempo estimado de leitura\" \/>\n\t<meta name=\"twitter:data1\" content=\"1 minuto\" \/>\n<script type=\"application\/ld+json\" class=\"yoast-schema-graph\">{\"@context\":\"https:\\\/\\\/schema.org\",\"@graph\":[{\"@type\":\"WebPage\",\"@id\":\"https:\\\/\\\/www.kuakebicycle.com\\\/pt-pt\\\/kk2016-bicicleta-eletrica-pneu-gordura-dobravel\\\/\",\"url\":\"https:\\\/\\\/www.kuakebicycle.com\\\/pt-pt\\\/kk2016-bicicleta-eletrica-pneu-gordura-dobravel\\\/\",\"name\":\"Bicicleta El\u00e9trica Dobr\u00e1vel De Pneu Gordo De 20 Polegadas, Bicicleta El\u00e9trica Dobr\u00e1vel KK2016 1000W - Kuake Bicycle\",\"isPartOf\":{\"@id\":\"https:\\\/\\\/www.kuakebicycle.com\\\/pt-pt\\\/#website\"},\"primaryImageOfPage\":{\"@id\":\"https:\\\/\\\/www.kuakebicycle.com\\\/pt-pt\\\/kk2016-bicicleta-eletrica-pneu-gordura-dobravel\\\/#primaryimage\"},\"image\":{\"@id\":\"https:\\\/\\\/www.kuakebicycle.com\\\/pt-pt\\\/kk2016-bicicleta-eletrica-pneu-gordura-dobravel\\\/#primaryimage\"},\"thumbnailUrl\":\"https:\\\/\\\/www.kuakebicycle.com\\\/wp-content\\\/uploads\\\/2021\\\/08\\\/KK2016-Folding-Fat-Tire-Electric-Bike-1.jpg\",\"datePublished\":\"2022-03-31T04:08:22+00:00\",\"description\":\"\u00c9 uma bicicleta gorda dobr\u00e1vel el\u00e9trica de 20 * 4,0 polegadas, alimentada por um motor de cubo traseiro Bafang de 1000 W, voc\u00ea pode dobr\u00e1-la em seu carro ou escrit\u00f3rio.\",\"breadcrumb\":{\"@id\":\"https:\\\/\\\/www.kuakebicycle.com\\\/pt-pt\\\/kk2016-bicicleta-eletrica-pneu-gordura-dobravel\\\/#breadcrumb\"},\"inLanguage\":\"pt-PT\",\"potentialAction\":[{\"@type\":\"ReadAction\",\"target\":[\"https:\\\/\\\/www.kuakebicycle.com\\\/pt-pt\\\/kk2016-bicicleta-eletrica-pneu-gordura-dobravel\\\/\"]}]},{\"@type\":\"ImageObject\",\"inLanguage\":\"pt-PT\",\"@id\":\"https:\\\/\\\/www.kuakebicycle.com\\\/pt-pt\\\/kk2016-bicicleta-eletrica-pneu-gordura-dobravel\\\/#primaryimage\",\"url\":\"https:\\\/\\\/www.kuakebicycle.com\\\/wp-content\\\/uploads\\\/2021\\\/08\\\/KK2016-Folding-Fat-Tire-Electric-Bike-1.jpg\",\"contentUrl\":\"https:\\\/\\\/www.kuakebicycle.com\\\/wp-content\\\/uploads\\\/2021\\\/08\\\/KK2016-Folding-Fat-Tire-Electric-Bike-1.jpg\",\"width\":600,\"height\":600,\"caption\":\"Bicicleta el\u00e9trica dobr\u00e1vel com pneu gordo KK2016 (1)\"},{\"@type\":\"BreadcrumbList\",\"@id\":\"https:\\\/\\\/www.kuakebicycle.com\\\/pt-pt\\\/kk2016-bicicleta-eletrica-pneu-gordura-dobravel\\\/#breadcrumb\",\"itemListElement\":[{\"@type\":\"ListItem\",\"position\":1,\"name\":\"Home\",\"item\":\"https:\\\/\\\/www.kuakebicycle.com\\\/pt-pt\\\/\"},{\"@type\":\"ListItem\",\"position\":2,\"name\":\"Produtos\",\"item\":\"https:\\\/\\\/www.kuakebicycle.com\\\/pt-pt\\\/produtos\\\/\"},{\"@type\":\"ListItem\",\"position\":3,\"name\":\"Bicicleta El\u00e9trica De Pneu Gordo Dobr\u00e1vel KK2016 (Dobr\u00e1vel, 20 Polegadas, 1000 W, 840 Wh)\"}]},{\"@type\":\"WebSite\",\"@id\":\"https:\\\/\\\/www.kuakebicycle.com\\\/pt-pt\\\/#website\",\"url\":\"https:\\\/\\\/www.kuakebicycle.com\\\/pt-pt\\\/\",\"name\":\"Kuake Bicycle\",\"description\":\"\",\"publisher\":{\"@id\":\"https:\\\/\\\/www.kuakebicycle.com\\\/pt-pt\\\/#organization\"},\"potentialAction\":[{\"@type\":\"SearchAction\",\"target\":{\"@type\":\"EntryPoint\",\"urlTemplate\":\"https:\\\/\\\/www.kuakebicycle.com\\\/pt-pt\\\/?s={search_term_string}\"},\"query-input\":{\"@type\":\"PropertyValueSpecification\",\"valueRequired\":true,\"valueName\":\"search_term_string\"}}],\"inLanguage\":\"pt-PT\"},{\"@type\":\"Organization\",\"@id\":\"https:\\\/\\\/www.kuakebicycle.com\\\/pt-pt\\\/#organization\",\"name\":\"Kuake Technology\",\"url\":\"https:\\\/\\\/www.kuakebicycle.com\\\/pt-pt\\\/\",\"logo\":{\"@type\":\"ImageObject\",\"inLanguage\":\"pt-PT\",\"@id\":\"https:\\\/\\\/www.kuakebicycle.com\\\/pt-pt\\\/#\\\/schema\\\/logo\\\/image\\\/\",\"url\":\"https:\\\/\\\/www.kuakebicycle.com\\\/wp-content\\\/uploads\\\/2021\\\/03\\\/icon.png\",\"contentUrl\":\"https:\\\/\\\/www.kuakebicycle.com\\\/wp-content\\\/uploads\\\/2021\\\/03\\\/icon.png\",\"width\":100,\"height\":100,\"caption\":\"Kuake Technology\"},\"image\":{\"@id\":\"https:\\\/\\\/www.kuakebicycle.com\\\/pt-pt\\\/#\\\/schema\\\/logo\\\/image\\\/\"}}]}<\/script>\n<!-- \/ Yoast SEO plugin. -->","yoast_head_json":{"title":"Bicicleta El\u00e9trica Dobr\u00e1vel De Pneu Gordo De 20 Polegadas, Bicicleta El\u00e9trica Dobr\u00e1vel KK2016 1000W - Kuake Bicycle","description":"\u00c9 uma bicicleta gorda dobr\u00e1vel el\u00e9trica de 20 * 4,0 polegadas, alimentada por um motor de cubo traseiro Bafang de 1000 W, voc\u00ea pode dobr\u00e1-la em seu carro ou escrit\u00f3rio.","robots":{"index":"index","follow":"follow","max-snippet":"max-snippet:-1","max-image-preview":"max-image-preview:large","max-video-preview":"max-video-preview:-1"},"canonical":"https:\/\/www.kuakebicycle.com\/pt-pt\/kk2016-bicicleta-eletrica-pneu-gordura-dobravel\/","og_locale":"pt_PT","og_type":"article","og_title":"Bicicleta El\u00e9trica Dobr\u00e1vel De Pneu Gordo De 20 Polegadas, Bicicleta El\u00e9trica Dobr\u00e1vel KK2016 1000W - Kuake Bicycle","og_description":"\u00c9 uma bicicleta gorda dobr\u00e1vel el\u00e9trica de 20 * 4,0 polegadas, alimentada por um motor de cubo traseiro Bafang de 1000 W, voc\u00ea pode dobr\u00e1-la em seu carro ou escrit\u00f3rio.","og_url":"https:\/\/www.kuakebicycle.com\/pt-pt\/kk2016-bicicleta-eletrica-pneu-gordura-dobravel\/","og_site_name":"Kuake Bicycle","og_image":[{"width":600,"height":600,"url":"https:\/\/www.kuakebicycle.com\/wp-content\/uploads\/2021\/08\/KK2016-Folding-Fat-Tire-Electric-Bike-1.jpg","type":"image\/jpeg"}],"twitter_card":"summary_large_image","twitter_misc":{"Tempo estimado de leitura":"1 minuto"},"schema":{"@context":"https:\/\/schema.org","@graph":[{"@type":"WebPage","@id":"https:\/\/www.kuakebicycle.com\/pt-pt\/kk2016-bicicleta-eletrica-pneu-gordura-dobravel\/","url":"https:\/\/www.kuakebicycle.com\/pt-pt\/kk2016-bicicleta-eletrica-pneu-gordura-dobravel\/","name":"Bicicleta El\u00e9trica Dobr\u00e1vel De Pneu Gordo De 20 Polegadas, Bicicleta El\u00e9trica Dobr\u00e1vel KK2016 1000W - Kuake Bicycle","isPartOf":{"@id":"https:\/\/www.kuakebicycle.com\/pt-pt\/#website"},"primaryImageOfPage":{"@id":"https:\/\/www.kuakebicycle.com\/pt-pt\/kk2016-bicicleta-eletrica-pneu-gordura-dobravel\/#primaryimage"},"image":{"@id":"https:\/\/www.kuakebicycle.com\/pt-pt\/kk2016-bicicleta-eletrica-pneu-gordura-dobravel\/#primaryimage"},"thumbnailUrl":"https:\/\/www.kuakebicycle.com\/wp-content\/uploads\/2021\/08\/KK2016-Folding-Fat-Tire-Electric-Bike-1.jpg","datePublished":"2022-03-31T04:08:22+00:00","description":"\u00c9 uma bicicleta gorda dobr\u00e1vel el\u00e9trica de 20 * 4,0 polegadas, alimentada por um motor de cubo traseiro Bafang de 1000 W, voc\u00ea pode dobr\u00e1-la em seu carro ou escrit\u00f3rio.","breadcrumb":{"@id":"https:\/\/www.kuakebicycle.com\/pt-pt\/kk2016-bicicleta-eletrica-pneu-gordura-dobravel\/#breadcrumb"},"inLanguage":"pt-PT","potentialAction":[{"@type":"ReadAction","target":["https:\/\/www.kuakebicycle.com\/pt-pt\/kk2016-bicicleta-eletrica-pneu-gordura-dobravel\/"]}]},{"@type":"ImageObject","inLanguage":"pt-PT","@id":"https:\/\/www.kuakebicycle.com\/pt-pt\/kk2016-bicicleta-eletrica-pneu-gordura-dobravel\/#primaryimage","url":"https:\/\/www.kuakebicycle.com\/wp-content\/uploads\/2021\/08\/KK2016-Folding-Fat-Tire-Electric-Bike-1.jpg","contentUrl":"https:\/\/www.kuakebicycle.com\/wp-content\/uploads\/2021\/08\/KK2016-Folding-Fat-Tire-Electric-Bike-1.jpg","width":600,"height":600,"caption":"Bicicleta el\u00e9trica dobr\u00e1vel com pneu gordo KK2016 (1)"},{"@type":"BreadcrumbList","@id":"https:\/\/www.kuakebicycle.com\/pt-pt\/kk2016-bicicleta-eletrica-pneu-gordura-dobravel\/#breadcrumb","itemListElement":[{"@type":"ListItem","position":1,"name":"Home","item":"https:\/\/www.kuakebicycle.com\/pt-pt\/"},{"@type":"ListItem","position":2,"name":"Produtos","item":"https:\/\/www.kuakebicycle.com\/pt-pt\/produtos\/"},{"@type":"ListItem","position":3,"name":"Bicicleta El\u00e9trica De Pneu Gordo Dobr\u00e1vel KK2016 (Dobr\u00e1vel, 20 Polegadas, 1000 W, 840 Wh)"}]},{"@type":"WebSite","@id":"https:\/\/www.kuakebicycle.com\/pt-pt\/#website","url":"https:\/\/www.kuakebicycle.com\/pt-pt\/","name":"Kuake Bicycle","description":"","publisher":{"@id":"https:\/\/www.kuakebicycle.com\/pt-pt\/#organization"},"potentialAction":[{"@type":"SearchAction","target":{"@type":"EntryPoint","urlTemplate":"https:\/\/www.kuakebicycle.com\/pt-pt\/?s={search_term_string}"},"query-input":{"@type":"PropertyValueSpecification","valueRequired":true,"valueName":"search_term_string"}}],"inLanguage":"pt-PT"},{"@type":"Organization","@id":"https:\/\/www.kuakebicycle.com\/pt-pt\/#organization","name":"Kuake Technology","url":"https:\/\/www.kuakebicycle.com\/pt-pt\/","logo":{"@type":"ImageObject","inLanguage":"pt-PT","@id":"https:\/\/www.kuakebicycle.com\/pt-pt\/#\/schema\/logo\/image\/","url":"https:\/\/www.kuakebicycle.com\/wp-content\/uploads\/2021\/03\/icon.png","contentUrl":"https:\/\/www.kuakebicycle.com\/wp-content\/uploads\/2021\/03\/icon.png","width":100,"height":100,"caption":"Kuake Technology"},"image":{"@id":"https:\/\/www.kuakebicycle.com\/pt-pt\/#\/schema\/logo\/image\/"}}]}},"_links":{"self":[{"href":"https:\/\/www.kuakebicycle.com\/pt-pt\/wp-json\/wp\/v2\/product\/20816","targetHints":{"allow":["GET"]}}],"collection":[{"href":"https:\/\/www.kuakebicycle.com\/pt-pt\/wp-json\/wp\/v2\/product"}],"about":[{"href":"https:\/\/www.kuakebicycle.com\/pt-pt\/wp-json\/wp\/v2\/types\/product"}],"replies":[{"embeddable":true,"href":"https:\/\/www.kuakebicycle.com\/pt-pt\/wp-json\/wp\/v2\/comments?post=20816"}],"wp:featuredmedia":[{"embeddable":true,"href":"https:\/\/www.kuakebicycle.com\/pt-pt\/wp-json\/wp\/v2\/media\/19284"}],"wp:attachment":[{"href":"https:\/\/www.kuakebicycle.com\/pt-pt\/wp-json\/wp\/v2\/media?parent=20816"}],"wp:term":[{"taxonomy":"product_brand","embeddable":true,"href":"https:\/\/www.kuakebicycle.com\/pt-pt\/wp-json\/wp\/v2\/product_brand?post=20816"},{"taxonomy":"product_cat","embeddable":true,"href":"https:\/\/www.kuakebicycle.com\/pt-pt\/wp-json\/wp\/v2\/product_cat?post=20816"},{"taxonomy":"product_tag","embeddable":true,"href":"https:\/\/www.kuakebicycle.com\/pt-pt\/wp-json\/wp\/v2\/product_tag?post=20816"}],"curies":[{"name":"wp","href":"https:\/\/api.w.org\/{rel}","templated":true}]}}