{"id":20813,"date":"2021-09-24T03:24:22","date_gmt":"2022-03-30T11:37:48","guid":{"rendered":"https:\/\/www.kuakebicycle.com\/bicicleta-de-montanha-eletrica-kk2023-275-polegadas-motor-central-de-1000-w-672-wh-suspensao-total\/"},"modified":"2022-03-30T11:37:48","modified_gmt":"2022-03-30T11:37:48","slug":"kk2023-bicicleta-de-montanha-eletrica","status":"publish","type":"product","link":"https:\/\/www.kuakebicycle.com\/pt-pt\/kk2023-bicicleta-de-montanha-eletrica\/","title":{"rendered":"Bicicleta de Montanha El\u00e9trica Kk2023 (27,5 Polegadas, Motor Central De 1000 W, 672 Wh, Suspens\u00e3o Total)"},"content":{"rendered":"<table border=\"1\" width=\"556\">\n<tbody>\n<tr>\n<td style=\"text-align: center;\" colspan=\"2\" bgcolor=\"#d9edf7\"><strong>Especifica\u00e7\u00f5es de bicicleta<\/strong><\/td>\n<\/tr>\n<tr>\n<td bgcolor=\"#f5f2f2\" width=\"275\"><strong>N\u00famero do modelo<\/strong><\/td>\n<td width=\"281\">KK2023<\/td>\n<\/tr>\n<tr>\n<td bgcolor=\"#f5f2f2\" width=\"275\"><strong>Quadro<\/strong><\/td>\n<td width=\"281\">27,5&#8243;, liga de alum\u00ednio AL6061<\/td>\n<\/tr>\n<tr>\n<td bgcolor=\"#f5f2f2\" width=\"275\"><strong>Garfo<\/strong><\/td>\n<td width=\"281\">Suspens\u00e3o completa Suntour XCM34 LO 15AH2<\/td>\n<\/tr>\n<tr>\n<td bgcolor=\"#f5f2f2\" width=\"275\"><strong>Engrenagem<\/strong><\/td>\n<td width=\"281\">Shimano ARDM3000DSGS 9 velocidades<\/td>\n<\/tr>\n<tr>\n<td bgcolor=\"#f5f2f2\" width=\"275\"><strong>Shifters<\/strong><\/td>\n<td width=\"281\">Shimano ASLM3000RC 9 velocidades<\/td>\n<\/tr>\n<tr>\n<td bgcolor=\"#f5f2f2\" width=\"275\"><strong>Roda livre<\/strong><\/td>\n<td width=\"281\">Shimano ACSHG2009132 9 velocidades<\/td>\n<\/tr>\n<tr>\n<td bgcolor=\"#f5f2f2\" width=\"275\"><strong>Freio Dianteiro<\/strong><\/td>\n<td width=\"281\">Liga de freio hidr\u00e1ulico Tektro Oil<\/td>\n<\/tr>\n<tr>\n<td bgcolor=\"#f5f2f2\" width=\"275\"><strong>Freio Traseiro<\/strong><\/td>\n<td width=\"281\">Liga de freio hidr\u00e1ulico Tektro Oil<\/td>\n<\/tr>\n<tr>\n<td bgcolor=\"#f5f2f2\" width=\"275\"><strong>Pedals<\/strong><\/td>\n<td width=\"281\">Wellgo B087 9\/16 CR-MO BS preto<\/td>\n<\/tr>\n<tr>\n<td bgcolor=\"#f5f2f2\" width=\"275\"><strong>Aro<\/strong><\/td>\n<td width=\"281\">HJC DP-45*27,5*13G*36H, A\/V, LIGA<\/td>\n<\/tr>\n<tr>\n<td bgcolor=\"#f5f2f2\" width=\"275\"><strong>Pneus<\/strong><\/td>\n<td width=\"281\">CST 27.5*3.0, 60 TPI<\/td>\n<\/tr>\n<tr>\n<td bgcolor=\"#f5f2f2\" width=\"275\"><strong>Tubo interno<\/strong><\/td>\n<td width=\"281\">CST 27.5*3.0<\/td>\n<\/tr>\n<tr>\n<td bgcolor=\"#f5f2f2\" width=\"275\"><strong>Raios<\/strong><\/td>\n<td width=\"281\">SLE 13G<\/td>\n<\/tr>\n<tr>\n<td bgcolor=\"#f5f2f2\" width=\"275\"><strong>Guid\u00e3o<\/strong><\/td>\n<td width=\"281\">Promax HB-3188-W640, 8\u00b0, R18, L200,H50.9, 2.3*2.8*2.3<\/td>\n<\/tr>\n<tr>\n<td bgcolor=\"#f5f2f2\" width=\"275\"><strong>Tronco<\/strong><\/td>\n<td width=\"281\">Liga Promax MA-410<\/td>\n<\/tr>\n<tr>\n<td bgcolor=\"#f5f2f2\" width=\"275\"><strong>Pegada<\/strong><\/td>\n<td width=\"281\">SR VLG884AD2<\/td>\n<\/tr>\n<tr>\n<td bgcolor=\"#f5f2f2\" width=\"275\"><strong>Alavanca de freio<\/strong><\/td>\n<td width=\"281\">Tektro Alloy Black<\/td>\n<\/tr>\n<tr>\n<td bgcolor=\"#f5f2f2\" width=\"275\"><strong>Definir<\/strong><\/td>\n<td width=\"281\">NECO H383EM 44*56*39.8<\/td>\n<\/tr>\n<tr>\n<td bgcolor=\"#f5f2f2\" width=\"275\"><strong>Selim<\/strong><\/td>\n<td width=\"281\">Justek SI-1285URN<\/td>\n<\/tr>\n<tr>\n<td style=\"text-align: center;\" colspan=\"2\" bgcolor=\"#d9edf7\"><strong>Sistema el\u00e9trico<\/strong><\/td>\n<\/tr>\n<tr>\n<td bgcolor=\"#f5f2f2\" width=\"275\"><strong>Bateria<\/strong><\/td>\n<td width=\"281\">48V 14Ah, SAMSUNG 3500<\/td>\n<\/tr>\n<tr>\n<td bgcolor=\"#f5f2f2\" width=\"275\"><strong>Carregadora<\/strong><\/td>\n<td width=\"281\">SSLC109V55, 48V2A, GS\/CE SAA\/ROHS<\/td>\n<\/tr>\n<tr>\n<td bgcolor=\"#f5f2f2\" width=\"275\"><strong>Hora de carregar<\/strong><\/td>\n<td width=\"281\">4 ~ 6 horas<\/td>\n<\/tr>\n<tr>\n<td bgcolor=\"#f5f2f2\" width=\"275\"><strong>Tempo de recarga<\/strong><\/td>\n<td width=\"281\">800 ~ 1000 vezes<\/td>\n<\/tr>\n<tr>\n<td bgcolor=\"#f5f2f2\" width=\"275\"><strong>Pot\u00eancia do motor<\/strong><\/td>\n<td width=\"281\">Bafang M620 48V 750W~1000W Unidade intermedi\u00e1ria<\/td>\n<\/tr>\n<tr>\n<td bgcolor=\"#f5f2f2\" width=\"275\"><strong>Controladora<\/strong><\/td>\n<td width=\"281\"> Bafang 48V<\/td>\n<\/tr>\n<tr>\n<td bgcolor=\"#f5f2f2\" width=\"275\"><strong>Exibi\u00e7\u00e3o<\/strong><\/td>\n<td width=\"281\">Tela colorida C-18 Bafang 48V<\/td>\n<\/tr>\n<tr>\n<td bgcolor=\"#f5f2f2\" width=\"275\"><strong>Velocidade m\u00e1xima<\/strong><\/td>\n<td width=\"281\">45km\/h<\/td>\n<\/tr>\n<tr>\n<td bgcolor=\"#f5f2f2\" width=\"275\"><strong>Dist\u00e2ncia para carga<\/strong><\/td>\n<td width=\"281\">50-60km<\/td>\n<\/tr>\n<tr>\n<td style=\"text-align: center;\" colspan=\"2\" bgcolor=\"#d9edf7\"><strong>Detalhes de envio<\/strong><\/td>\n<\/tr>\n<tr>\n<td bgcolor=\"#f5f2f2\" width=\"275\"><strong>Tamanho da embalagem<\/strong><\/td>\n<td width=\"281\">1960*250*1155mm<\/td>\n<\/tr>\n<tr>\n<td bgcolor=\"#f5f2f2\" width=\"275\"><strong>40&#8243; Hq(Pcs)<\/strong><\/td>\n<td width=\"281\">120pcs<\/td>\n<\/tr>\n<tr>\n<td bgcolor=\"#f5f2f2\" width=\"275\"><strong>20&#8243; Hq(Pcs)<\/strong><\/td>\n<td width=\"281\">54pcs<\/td>\n<\/tr>\n<\/tbody>\n<\/table>\n","protected":false},"excerpt":{"rendered":"<ul>\n<li><strong>Motor<\/strong>: O motor de acionamento intermedi\u00e1rio sem escova Bafang de 48V 750W fornece energia mais do que suficiente para o seu trajeto di\u00e1rio, um cruzeiro na montanha ou um meandro ao longo de sua trilha favorita, a velocidade m\u00e1xima pode ser alcan\u00e7ada em 40 km \/ h.<\/li>\n<li><strong>Bateria<\/strong>: A bateria Samsung tem uma capacidade de 14Ah, o tempo de carregamento levar\u00e1 de 4 a 6 horas e uma dura\u00e7\u00e3o de bateria de 800~1000 ciclos.<\/li>\n<li><strong>Display<\/strong>: O display LCD colorido Bafang garante que voc\u00ea possa ler suas estat\u00edsticas facilmente.<\/li>\n<li><strong>Freio<\/strong>: Os freios hidr\u00e1ulicos a \u00f3leo TEKTRO dianteiros\/traseiros s\u00e3o mais eficientes, ent\u00e3o voc\u00ea precisa aplicar menos press\u00e3o na alavanca para um n\u00edvel igual de pot\u00eancia de frenagem.<\/li>\n<li><strong>C\u00e2mbios<\/strong>: Sistema de transmiss\u00e3o Shimano de 9 velocidades ajust\u00e1vel que aumenta a pot\u00eancia em subidas, maior varia\u00e7\u00e3o de alcance e maior adaptabilidade ao terreno.<\/li>\n<\/ul>\n","protected":false},"featured_media":19494,"comment_status":"closed","ping_status":"closed","template":"","meta":{"site-sidebar-layout":"default","site-content-layout":"default","ast-site-content-layout":"default","site-content-style":"default","site-sidebar-style":"default","ast-global-header-display":"","ast-banner-title-visibility":"","ast-main-header-display":"","ast-hfb-above-header-display":"","ast-hfb-below-header-display":"","ast-hfb-mobile-header-display":"","site-post-title":"","ast-breadcrumbs-content":"","ast-featured-img":"","footer-sml-layout":"","ast-disable-related-posts":"","theme-transparent-header-meta":"default","adv-header-id-meta":"","stick-header-meta":"default","header-above-stick-meta":"","header-main-stick-meta":"","header-below-stick-meta":"","astra-migrate-meta-layouts":"default","ast-page-background-enabled":"default","ast-page-background-meta":{"desktop":{"background-color":"","background-image":"","background-repeat":"repeat","background-position":"center center","background-size":"auto","background-attachment":"scroll","background-type":"","background-media":"","overlay-type":"","overlay-color":"","overlay-opacity":"","overlay-gradient":""},"tablet":{"background-color":"","background-image":"","background-repeat":"repeat","background-position":"center center","background-size":"auto","background-attachment":"scroll","background-type":"","background-media":"","overlay-type":"","overlay-color":"","overlay-opacity":"","overlay-gradient":""},"mobile":{"background-color":"","background-image":"","background-repeat":"repeat","background-position":"center center","background-size":"auto","background-attachment":"scroll","background-type":"","background-media":"","overlay-type":"","overlay-color":"","overlay-opacity":"","overlay-gradient":""}},"ast-content-background-meta":{"desktop":{"background-color":"var(--ast-global-color-5)","background-image":"","background-repeat":"repeat","background-position":"center center","background-size":"auto","background-attachment":"scroll","background-type":"","background-media":"","overlay-type":"","overlay-color":"","overlay-opacity":"","overlay-gradient":""},"tablet":{"background-color":"var(--ast-global-color-5)","background-image":"","background-repeat":"repeat","background-position":"center center","background-size":"auto","background-attachment":"scroll","background-type":"","background-media":"","overlay-type":"","overlay-color":"","overlay-opacity":"","overlay-gradient":""},"mobile":{"background-color":"var(--ast-global-color-5)","background-image":"","background-repeat":"repeat","background-position":"center center","background-size":"auto","background-attachment":"scroll","background-type":"","background-media":"","overlay-type":"","overlay-color":"","overlay-opacity":"","overlay-gradient":""}}},"product_brand":[],"product_cat":[187],"product_tag":[],"class_list":{"0":"post-20813","1":"product","2":"type-product","3":"status-publish","4":"has-post-thumbnail","6":"product_cat-mountain-bike-eletrica","7":"desktop-align-left","8":"tablet-align-left","9":"mobile-align-left","10":"ast-product-gallery-layout-horizontal","11":"ast-product-tabs-layout-horizontal","12":"ast-qv-on-image","14":"first","15":"instock","16":"shipping-taxable","17":"product-type-simple"},"yoast_head":"<!-- This site is optimized with the Yoast SEO plugin v27.5 - https:\/\/yoast.com\/product\/yoast-seo-wordpress\/ -->\n<title>Bicicleta De Montanha El\u00e9trica Kk2023 De 27,5 Polegadas Com Suspens\u00e3o Total 1000 W - Kuake Bicycle<\/title>\n<meta name=\"description\" content=\"A Kuake KK2023 \u00e9 a nossa bicicleta de montanha el\u00e9trica mais avan\u00e7ada, possui um quadro de suspens\u00e3o total de 27,5 polegadas e um potente motor de tra\u00e7\u00e3o central de 1000w.\" \/>\n<meta name=\"robots\" content=\"index, follow, max-snippet:-1, max-image-preview:large, max-video-preview:-1\" \/>\n<link rel=\"canonical\" href=\"https:\/\/www.kuakebicycle.com\/pt-pt\/kk2023-bicicleta-de-montanha-eletrica\/\" \/>\n<meta property=\"og:locale\" content=\"pt_PT\" \/>\n<meta property=\"og:type\" content=\"article\" \/>\n<meta property=\"og:title\" content=\"Bicicleta De Montanha El\u00e9trica Kk2023 De 27,5 Polegadas Com Suspens\u00e3o Total 1000 W - Kuake Bicycle\" \/>\n<meta property=\"og:description\" content=\"A Kuake KK2023 \u00e9 a nossa bicicleta de montanha el\u00e9trica mais avan\u00e7ada, possui um quadro de suspens\u00e3o total de 27,5 polegadas e um potente motor de tra\u00e7\u00e3o central de 1000w.\" \/>\n<meta property=\"og:url\" content=\"https:\/\/www.kuakebicycle.com\/pt-pt\/kk2023-bicicleta-de-montanha-eletrica\/\" \/>\n<meta property=\"og:site_name\" content=\"Kuake Bicycle\" \/>\n<meta property=\"og:image\" content=\"https:\/\/www.kuakebicycle.com\/wp-content\/uploads\/2021\/09\/KK2023-Electric-Mountain-Bike.jpg\" \/>\n\t<meta property=\"og:image:width\" content=\"600\" \/>\n\t<meta property=\"og:image:height\" content=\"600\" \/>\n\t<meta property=\"og:image:type\" content=\"image\/jpeg\" \/>\n<meta name=\"twitter:card\" content=\"summary_large_image\" \/>\n<meta name=\"twitter:label1\" content=\"Tempo estimado de leitura\" \/>\n\t<meta name=\"twitter:data1\" content=\"1 minuto\" \/>\n<script type=\"application\/ld+json\" class=\"yoast-schema-graph\">{\"@context\":\"https:\\\/\\\/schema.org\",\"@graph\":[{\"@type\":\"WebPage\",\"@id\":\"https:\\\/\\\/www.kuakebicycle.com\\\/pt-pt\\\/kk2023-bicicleta-de-montanha-eletrica\\\/\",\"url\":\"https:\\\/\\\/www.kuakebicycle.com\\\/pt-pt\\\/kk2023-bicicleta-de-montanha-eletrica\\\/\",\"name\":\"Bicicleta De Montanha El\u00e9trica Kk2023 De 27,5 Polegadas Com Suspens\u00e3o Total 1000 W - Kuake Bicycle\",\"isPartOf\":{\"@id\":\"https:\\\/\\\/www.kuakebicycle.com\\\/pt-pt\\\/#website\"},\"primaryImageOfPage\":{\"@id\":\"https:\\\/\\\/www.kuakebicycle.com\\\/pt-pt\\\/kk2023-bicicleta-de-montanha-eletrica\\\/#primaryimage\"},\"image\":{\"@id\":\"https:\\\/\\\/www.kuakebicycle.com\\\/pt-pt\\\/kk2023-bicicleta-de-montanha-eletrica\\\/#primaryimage\"},\"thumbnailUrl\":\"https:\\\/\\\/www.kuakebicycle.com\\\/wp-content\\\/uploads\\\/2021\\\/09\\\/KK2023-Electric-Mountain-Bike.jpg\",\"datePublished\":\"2022-03-30T11:37:48+00:00\",\"description\":\"A Kuake KK2023 \u00e9 a nossa bicicleta de montanha el\u00e9trica mais avan\u00e7ada, possui um quadro de suspens\u00e3o total de 27,5 polegadas e um potente motor de tra\u00e7\u00e3o central de 1000w.\",\"breadcrumb\":{\"@id\":\"https:\\\/\\\/www.kuakebicycle.com\\\/pt-pt\\\/kk2023-bicicleta-de-montanha-eletrica\\\/#breadcrumb\"},\"inLanguage\":\"pt-PT\",\"potentialAction\":[{\"@type\":\"ReadAction\",\"target\":[\"https:\\\/\\\/www.kuakebicycle.com\\\/pt-pt\\\/kk2023-bicicleta-de-montanha-eletrica\\\/\"]}]},{\"@type\":\"ImageObject\",\"inLanguage\":\"pt-PT\",\"@id\":\"https:\\\/\\\/www.kuakebicycle.com\\\/pt-pt\\\/kk2023-bicicleta-de-montanha-eletrica\\\/#primaryimage\",\"url\":\"https:\\\/\\\/www.kuakebicycle.com\\\/wp-content\\\/uploads\\\/2021\\\/09\\\/KK2023-Electric-Mountain-Bike.jpg\",\"contentUrl\":\"https:\\\/\\\/www.kuakebicycle.com\\\/wp-content\\\/uploads\\\/2021\\\/09\\\/KK2023-Electric-Mountain-Bike.jpg\",\"width\":600,\"height\":600,\"caption\":\"Bicicleta de montanha el\u00e9trica KK2023\"},{\"@type\":\"BreadcrumbList\",\"@id\":\"https:\\\/\\\/www.kuakebicycle.com\\\/pt-pt\\\/kk2023-bicicleta-de-montanha-eletrica\\\/#breadcrumb\",\"itemListElement\":[{\"@type\":\"ListItem\",\"position\":1,\"name\":\"Home\",\"item\":\"https:\\\/\\\/www.kuakebicycle.com\\\/pt-pt\\\/\"},{\"@type\":\"ListItem\",\"position\":2,\"name\":\"Produtos\",\"item\":\"https:\\\/\\\/www.kuakebicycle.com\\\/pt-pt\\\/produtos\\\/\"},{\"@type\":\"ListItem\",\"position\":3,\"name\":\"Bicicleta de Montanha El\u00e9trica Kk2023 (27,5 Polegadas, Motor Central De 1000 W, 672 Wh, Suspens\u00e3o Total)\"}]},{\"@type\":\"WebSite\",\"@id\":\"https:\\\/\\\/www.kuakebicycle.com\\\/pt-pt\\\/#website\",\"url\":\"https:\\\/\\\/www.kuakebicycle.com\\\/pt-pt\\\/\",\"name\":\"Kuake Bicycle\",\"description\":\"\",\"publisher\":{\"@id\":\"https:\\\/\\\/www.kuakebicycle.com\\\/pt-pt\\\/#organization\"},\"potentialAction\":[{\"@type\":\"SearchAction\",\"target\":{\"@type\":\"EntryPoint\",\"urlTemplate\":\"https:\\\/\\\/www.kuakebicycle.com\\\/pt-pt\\\/?s={search_term_string}\"},\"query-input\":{\"@type\":\"PropertyValueSpecification\",\"valueRequired\":true,\"valueName\":\"search_term_string\"}}],\"inLanguage\":\"pt-PT\"},{\"@type\":\"Organization\",\"@id\":\"https:\\\/\\\/www.kuakebicycle.com\\\/pt-pt\\\/#organization\",\"name\":\"Kuake Technology\",\"url\":\"https:\\\/\\\/www.kuakebicycle.com\\\/pt-pt\\\/\",\"logo\":{\"@type\":\"ImageObject\",\"inLanguage\":\"pt-PT\",\"@id\":\"https:\\\/\\\/www.kuakebicycle.com\\\/pt-pt\\\/#\\\/schema\\\/logo\\\/image\\\/\",\"url\":\"https:\\\/\\\/www.kuakebicycle.com\\\/wp-content\\\/uploads\\\/2021\\\/03\\\/icon.png\",\"contentUrl\":\"https:\\\/\\\/www.kuakebicycle.com\\\/wp-content\\\/uploads\\\/2021\\\/03\\\/icon.png\",\"width\":100,\"height\":100,\"caption\":\"Kuake Technology\"},\"image\":{\"@id\":\"https:\\\/\\\/www.kuakebicycle.com\\\/pt-pt\\\/#\\\/schema\\\/logo\\\/image\\\/\"}}]}<\/script>\n<!-- \/ Yoast SEO plugin. -->","yoast_head_json":{"title":"Bicicleta De Montanha El\u00e9trica Kk2023 De 27,5 Polegadas Com Suspens\u00e3o Total 1000 W - Kuake Bicycle","description":"A Kuake KK2023 \u00e9 a nossa bicicleta de montanha el\u00e9trica mais avan\u00e7ada, possui um quadro de suspens\u00e3o total de 27,5 polegadas e um potente motor de tra\u00e7\u00e3o central de 1000w.","robots":{"index":"index","follow":"follow","max-snippet":"max-snippet:-1","max-image-preview":"max-image-preview:large","max-video-preview":"max-video-preview:-1"},"canonical":"https:\/\/www.kuakebicycle.com\/pt-pt\/kk2023-bicicleta-de-montanha-eletrica\/","og_locale":"pt_PT","og_type":"article","og_title":"Bicicleta De Montanha El\u00e9trica Kk2023 De 27,5 Polegadas Com Suspens\u00e3o Total 1000 W - Kuake Bicycle","og_description":"A Kuake KK2023 \u00e9 a nossa bicicleta de montanha el\u00e9trica mais avan\u00e7ada, possui um quadro de suspens\u00e3o total de 27,5 polegadas e um potente motor de tra\u00e7\u00e3o central de 1000w.","og_url":"https:\/\/www.kuakebicycle.com\/pt-pt\/kk2023-bicicleta-de-montanha-eletrica\/","og_site_name":"Kuake Bicycle","og_image":[{"width":600,"height":600,"url":"https:\/\/www.kuakebicycle.com\/wp-content\/uploads\/2021\/09\/KK2023-Electric-Mountain-Bike.jpg","type":"image\/jpeg"}],"twitter_card":"summary_large_image","twitter_misc":{"Tempo estimado de leitura":"1 minuto"},"schema":{"@context":"https:\/\/schema.org","@graph":[{"@type":"WebPage","@id":"https:\/\/www.kuakebicycle.com\/pt-pt\/kk2023-bicicleta-de-montanha-eletrica\/","url":"https:\/\/www.kuakebicycle.com\/pt-pt\/kk2023-bicicleta-de-montanha-eletrica\/","name":"Bicicleta De Montanha El\u00e9trica Kk2023 De 27,5 Polegadas Com Suspens\u00e3o Total 1000 W - Kuake Bicycle","isPartOf":{"@id":"https:\/\/www.kuakebicycle.com\/pt-pt\/#website"},"primaryImageOfPage":{"@id":"https:\/\/www.kuakebicycle.com\/pt-pt\/kk2023-bicicleta-de-montanha-eletrica\/#primaryimage"},"image":{"@id":"https:\/\/www.kuakebicycle.com\/pt-pt\/kk2023-bicicleta-de-montanha-eletrica\/#primaryimage"},"thumbnailUrl":"https:\/\/www.kuakebicycle.com\/wp-content\/uploads\/2021\/09\/KK2023-Electric-Mountain-Bike.jpg","datePublished":"2022-03-30T11:37:48+00:00","description":"A Kuake KK2023 \u00e9 a nossa bicicleta de montanha el\u00e9trica mais avan\u00e7ada, possui um quadro de suspens\u00e3o total de 27,5 polegadas e um potente motor de tra\u00e7\u00e3o central de 1000w.","breadcrumb":{"@id":"https:\/\/www.kuakebicycle.com\/pt-pt\/kk2023-bicicleta-de-montanha-eletrica\/#breadcrumb"},"inLanguage":"pt-PT","potentialAction":[{"@type":"ReadAction","target":["https:\/\/www.kuakebicycle.com\/pt-pt\/kk2023-bicicleta-de-montanha-eletrica\/"]}]},{"@type":"ImageObject","inLanguage":"pt-PT","@id":"https:\/\/www.kuakebicycle.com\/pt-pt\/kk2023-bicicleta-de-montanha-eletrica\/#primaryimage","url":"https:\/\/www.kuakebicycle.com\/wp-content\/uploads\/2021\/09\/KK2023-Electric-Mountain-Bike.jpg","contentUrl":"https:\/\/www.kuakebicycle.com\/wp-content\/uploads\/2021\/09\/KK2023-Electric-Mountain-Bike.jpg","width":600,"height":600,"caption":"Bicicleta de montanha el\u00e9trica KK2023"},{"@type":"BreadcrumbList","@id":"https:\/\/www.kuakebicycle.com\/pt-pt\/kk2023-bicicleta-de-montanha-eletrica\/#breadcrumb","itemListElement":[{"@type":"ListItem","position":1,"name":"Home","item":"https:\/\/www.kuakebicycle.com\/pt-pt\/"},{"@type":"ListItem","position":2,"name":"Produtos","item":"https:\/\/www.kuakebicycle.com\/pt-pt\/produtos\/"},{"@type":"ListItem","position":3,"name":"Bicicleta de Montanha El\u00e9trica Kk2023 (27,5 Polegadas, Motor Central De 1000 W, 672 Wh, Suspens\u00e3o Total)"}]},{"@type":"WebSite","@id":"https:\/\/www.kuakebicycle.com\/pt-pt\/#website","url":"https:\/\/www.kuakebicycle.com\/pt-pt\/","name":"Kuake Bicycle","description":"","publisher":{"@id":"https:\/\/www.kuakebicycle.com\/pt-pt\/#organization"},"potentialAction":[{"@type":"SearchAction","target":{"@type":"EntryPoint","urlTemplate":"https:\/\/www.kuakebicycle.com\/pt-pt\/?s={search_term_string}"},"query-input":{"@type":"PropertyValueSpecification","valueRequired":true,"valueName":"search_term_string"}}],"inLanguage":"pt-PT"},{"@type":"Organization","@id":"https:\/\/www.kuakebicycle.com\/pt-pt\/#organization","name":"Kuake Technology","url":"https:\/\/www.kuakebicycle.com\/pt-pt\/","logo":{"@type":"ImageObject","inLanguage":"pt-PT","@id":"https:\/\/www.kuakebicycle.com\/pt-pt\/#\/schema\/logo\/image\/","url":"https:\/\/www.kuakebicycle.com\/wp-content\/uploads\/2021\/03\/icon.png","contentUrl":"https:\/\/www.kuakebicycle.com\/wp-content\/uploads\/2021\/03\/icon.png","width":100,"height":100,"caption":"Kuake Technology"},"image":{"@id":"https:\/\/www.kuakebicycle.com\/pt-pt\/#\/schema\/logo\/image\/"}}]}},"_links":{"self":[{"href":"https:\/\/www.kuakebicycle.com\/pt-pt\/wp-json\/wp\/v2\/product\/20813","targetHints":{"allow":["GET"]}}],"collection":[{"href":"https:\/\/www.kuakebicycle.com\/pt-pt\/wp-json\/wp\/v2\/product"}],"about":[{"href":"https:\/\/www.kuakebicycle.com\/pt-pt\/wp-json\/wp\/v2\/types\/product"}],"replies":[{"embeddable":true,"href":"https:\/\/www.kuakebicycle.com\/pt-pt\/wp-json\/wp\/v2\/comments?post=20813"}],"wp:featuredmedia":[{"embeddable":true,"href":"https:\/\/www.kuakebicycle.com\/pt-pt\/wp-json\/wp\/v2\/media\/19494"}],"wp:attachment":[{"href":"https:\/\/www.kuakebicycle.com\/pt-pt\/wp-json\/wp\/v2\/media?parent=20813"}],"wp:term":[{"taxonomy":"product_brand","embeddable":true,"href":"https:\/\/www.kuakebicycle.com\/pt-pt\/wp-json\/wp\/v2\/product_brand?post=20813"},{"taxonomy":"product_cat","embeddable":true,"href":"https:\/\/www.kuakebicycle.com\/pt-pt\/wp-json\/wp\/v2\/product_cat?post=20813"},{"taxonomy":"product_tag","embeddable":true,"href":"https:\/\/www.kuakebicycle.com\/pt-pt\/wp-json\/wp\/v2\/product_tag?post=20813"}],"curies":[{"name":"wp","href":"https:\/\/api.w.org\/{rel}","templated":true}]}}