{"id":12910,"date":"2021-03-26T05:41:22","date_gmt":"2021-11-30T09:07:32","guid":{"rendered":"https:\/\/www.kuakebicycle.com\/kk9053-bicicleta-urbana-eletrica-250-w-10-ah-6-velocidades\/"},"modified":"2022-01-04T06:36:59","modified_gmt":"2022-01-04T06:36:59","slug":"kk9053-electric-city-bike","status":"publish","type":"product","link":"https:\/\/www.kuakebicycle.com\/pt-pt\/kk9053-electric-city-bike\/","title":{"rendered":"KK9053 Bicicleta Eletrica Urbana Mujer (250W, 10Ah, 6 Velocidades)"},"content":{"rendered":"<p><iframe loading=\"lazy\" title=\"YouTube video player\" src=\"https:\/\/www.youtube.com\/embed\/CefMNucEP80\" width=\"560\" height=\"315\" frameborder=\"0\" allowfullscreen=\"allowfullscreen\"><\/iframe><\/p>\n<table border=\"1\" width=\"556\">\n<tbody>\n<tr>\n<td style=\"text-align: center;\" colspan=\"2\" bgcolor=\"#d9edf7\"><strong>Especifica\u00e7\u00f5es de bicicleta<\/strong><\/td>\n<\/tr>\n<tr>\n<td bgcolor=\"#f5f2f2\" width=\"275\"><strong>N\u00famero do modelo<\/strong><\/td>\n<td width=\"281\">KK9053<\/td>\n<\/tr>\n<tr>\n<td bgcolor=\"#f5f2f2\" width=\"275\"><strong>Peso l\u00edquido<\/strong><\/td>\n<td width=\"281\">30KG<\/td>\n<\/tr>\n<tr>\n<td bgcolor=\"#f5f2f2\" width=\"275\"><strong>Peso bruto<\/strong><\/td>\n<td width=\"281\">35KG<\/td>\n<\/tr>\n<tr>\n<td bgcolor=\"#f5f2f2\" width=\"275\"><strong>Quadro<\/strong><\/td>\n<td width=\"281\">Liga de alum\u00ednio<\/td>\n<\/tr>\n<tr>\n<td bgcolor=\"#f5f2f2\" width=\"275\"><strong>Garfo<\/strong><\/td>\n<td width=\"281\">Garfo de liga de alum\u00ednio de suspens\u00e3o simples ZOOM<\/td>\n<\/tr>\n<tr>\n<td bgcolor=\"#f5f2f2\" width=\"275\"><strong>Engrenagem<\/strong><\/td>\n<td width=\"281\">Velocidade Shimano 6<\/td>\n<\/tr>\n<tr>\n<td bgcolor=\"#f5f2f2\" width=\"275\"><strong>Shifters<\/strong><\/td>\n<td width=\"281\">6 velocidades<\/td>\n<\/tr>\n<tr>\n<td bgcolor=\"#f5f2f2\" width=\"275\"><strong>Roda livre<\/strong><\/td>\n<td width=\"281\">6 velocidades<\/td>\n<\/tr>\n<tr>\n<td bgcolor=\"#f5f2f2\" width=\"275\"><strong>Freio Dianteiro<\/strong><\/td>\n<td width=\"281\">Freio a disco mec\u00e2nico TEKTRO<\/td>\n<\/tr>\n<tr>\n<td bgcolor=\"#f5f2f2\" width=\"275\"><strong>Freio Traseiro<\/strong><\/td>\n<td width=\"281\">Freio a disco mec\u00e2nico TEKTRO<\/td>\n<\/tr>\n<tr>\n<td bgcolor=\"#f5f2f2\" width=\"275\"><strong>Pedals<\/strong><\/td>\n<td width=\"281\">Liga de alum\u00ednio de pedal com refletor<\/td>\n<\/tr>\n<tr>\n<td bgcolor=\"#f5f2f2\" width=\"275\"><strong>Aro<\/strong><\/td>\n<td width=\"281\">Liga de alum\u00ednio<\/td>\n<\/tr>\n<tr>\n<td bgcolor=\"#f5f2f2\" width=\"275\"><strong>Pneus<\/strong><\/td>\n<td width=\"281\">700C*40C<\/td>\n<\/tr>\n<tr>\n<td bgcolor=\"#f5f2f2\" width=\"275\"><strong>Raios<\/strong><\/td>\n<td width=\"281\">13g de a\u00e7o inoxid\u00e1vel<\/td>\n<\/tr>\n<tr>\n<td bgcolor=\"#f5f2f2\" width=\"275\"><strong>Guid\u00e3o<\/strong><\/td>\n<td width=\"281\">Liga de alum\u00ednio, modelo esportivo<\/td>\n<\/tr>\n<tr>\n<td bgcolor=\"#f5f2f2\" width=\"275\"><strong>Tronco<\/strong><\/td>\n<td width=\"281\">Liga de alum\u00ednio<\/td>\n<\/tr>\n<tr>\n<td bgcolor=\"#f5f2f2\" width=\"275\"><strong>Pegada<\/strong><\/td>\n<td width=\"281\">TC-G107A<\/td>\n<\/tr>\n<tr>\n<td bgcolor=\"#f5f2f2\" width=\"275\"><strong>Alavanca de freio<\/strong><\/td>\n<td width=\"281\">Liga LE-52A<\/td>\n<\/tr>\n<tr>\n<td bgcolor=\"#f5f2f2\" width=\"275\"><strong>Selim<\/strong><\/td>\n<td width=\"281\">Macio confort\u00e1vel<\/td>\n<\/tr>\n<tr>\n<td bgcolor=\"#f5f2f2\" width=\"275\"><strong>Kickstand<\/strong><\/td>\n<td width=\"281\">CL-KA66, liga<\/td>\n<\/tr>\n<tr>\n<td bgcolor=\"#f5f2f2\" width=\"275\"><strong>Cadeia<\/strong><\/td>\n<td width=\"281\">KMC<\/td>\n<\/tr>\n<tr>\n<td style=\"text-align: center;\" colspan=\"2\" bgcolor=\"#d9edf7\"><strong>Sistema el\u00e9trico<\/strong><\/td>\n<\/tr>\n<tr>\n<td bgcolor=\"#f5f2f2\" width=\"275\"><strong>Bateria<\/strong><\/td>\n<td width=\"281\">C\u00e9lulas de bateria de l\u00edtio 36V10AH<\/td>\n<\/tr>\n<tr>\n<td bgcolor=\"#f5f2f2\" width=\"275\"><strong>Carregadora<\/strong><\/td>\n<td width=\"281\">Carregador inteligente AC 100-240V<\/td>\n<\/tr>\n<tr>\n<td bgcolor=\"#f5f2f2\" width=\"275\"><strong>Hora de carregar<\/strong><\/td>\n<td width=\"281\">4 ~ 6 horas<\/td>\n<\/tr>\n<tr>\n<td bgcolor=\"#f5f2f2\" width=\"275\"><strong>Tempo de recarga<\/strong><\/td>\n<td width=\"281\">800 ~ 1000 vezes<\/td>\n<\/tr>\n<tr>\n<td bgcolor=\"#f5f2f2\" width=\"275\"><strong>Pot\u00eancia do motor<\/strong><\/td>\n<td width=\"281\">36V 250W<\/td>\n<\/tr>\n<tr>\n<td bgcolor=\"#f5f2f2\" width=\"275\"><strong>Controladora<\/strong><\/td>\n<td width=\"281\">36V\/12A<\/td>\n<\/tr>\n<tr>\n<td bgcolor=\"#f5f2f2\" width=\"275\"><strong>Exibi\u00e7\u00e3o<\/strong><\/td>\n<td width=\"281\">tela de LCD<\/td>\n<\/tr>\n<tr>\n<td bgcolor=\"#f5f2f2\" width=\"275\"><strong>Velocidade m\u00e1xima<\/strong><\/td>\n<td width=\"281\">25Km\/H<\/td>\n<\/tr>\n<tr>\n<td bgcolor=\"#f5f2f2\" width=\"275\"><strong>Dist\u00e2ncia para carga<\/strong><\/td>\n<td width=\"281\">31~60km<\/td>\n<\/tr>\n<tr>\n<td style=\"text-align: center;\" colspan=\"2\" bgcolor=\"#d9edf7\"><strong>Detalhes de envio<\/strong><\/td>\n<\/tr>\n<tr>\n<td bgcolor=\"#f5f2f2\" width=\"275\"><strong>Tamanho da embalagem<\/strong><\/td>\n<td width=\"281\">148*24*87cm<\/td>\n<\/tr>\n<tr>\n<td bgcolor=\"#f5f2f2\" width=\"275\"><strong>40&#8243; Hq(Pcs)<\/strong><\/td>\n<td width=\"281\">210pcs<\/td>\n<\/tr>\n<tr>\n<td bgcolor=\"#f5f2f2\" width=\"275\"><strong>20&#8243; Hq(Pcs)<\/strong><\/td>\n<td width=\"281\">82pcs<\/td>\n<\/tr>\n<\/tbody>\n<\/table>\n","protected":false},"excerpt":{"rendered":"<ul>\n<li><strong>Quadro<\/strong>: Design de quadro de liga de alum\u00ednio 6061 de alta resist\u00eancia, carregamento m\u00e1ximo pode ser alcan\u00e7ado 300 libras.<\/li>\n<li><strong>Motor<\/strong>: 36V \/ 250W motor traseiro brushless de alta velocidade fornece energia mais do que suficiente, a velocidade m\u00e1xima pode ser alcan\u00e7ada 25km \/ h.<\/li>\n<li><strong>Bateria<\/strong>: bateria de l\u00edtio remov\u00edvel 36V \/ 10AH, tempo de carregamento: 4 ~ 6 horas, dura\u00e7\u00e3o da bateria: 800 ~ 1000 ciclos.<\/li>\n<li><strong>Freio<\/strong>: os freios a disco mec\u00e2nico TEKTRO dianteiro e traseiro n\u00e3o s\u00e3o afetados pelas condi\u00e7\u00f5es clim\u00e1ticas e fornecem frenagem potente e progressiva.<\/li>\n<li><strong>Shifters<\/strong>: O sistema de transmiss\u00e3o Shimano de 6 velocidades garante a experi\u00eancia de velocidade diferente que voc\u00ea precisa para andar.<\/li>\n<li><strong>Modo de pilotagem<\/strong>: Puro el\u00e9trico, pedal-assist (PAS) e bicicleta normal.<\/li>\n<\/ul>\n","protected":false},"featured_media":12911,"comment_status":"closed","ping_status":"closed","template":"","meta":{"site-sidebar-layout":"default","site-content-layout":"default","ast-site-content-layout":"default","site-content-style":"default","site-sidebar-style":"default","ast-global-header-display":"","ast-banner-title-visibility":"","ast-main-header-display":"","ast-hfb-above-header-display":"","ast-hfb-below-header-display":"","ast-hfb-mobile-header-display":"","site-post-title":"","ast-breadcrumbs-content":"","ast-featured-img":"","footer-sml-layout":"","ast-disable-related-posts":"","theme-transparent-header-meta":"default","adv-header-id-meta":"","stick-header-meta":"default","header-above-stick-meta":"","header-main-stick-meta":"","header-below-stick-meta":"","astra-migrate-meta-layouts":"default","ast-page-background-enabled":"default","ast-page-background-meta":{"desktop":{"background-color":"","background-image":"","background-repeat":"repeat","background-position":"center center","background-size":"auto","background-attachment":"scroll","background-type":"","background-media":"","overlay-type":"","overlay-color":"","overlay-opacity":"","overlay-gradient":""},"tablet":{"background-color":"","background-image":"","background-repeat":"repeat","background-position":"center center","background-size":"auto","background-attachment":"scroll","background-type":"","background-media":"","overlay-type":"","overlay-color":"","overlay-opacity":"","overlay-gradient":""},"mobile":{"background-color":"","background-image":"","background-repeat":"repeat","background-position":"center center","background-size":"auto","background-attachment":"scroll","background-type":"","background-media":"","overlay-type":"","overlay-color":"","overlay-opacity":"","overlay-gradient":""}},"ast-content-background-meta":{"desktop":{"background-color":"var(--ast-global-color-5)","background-image":"","background-repeat":"repeat","background-position":"center center","background-size":"auto","background-attachment":"scroll","background-type":"","background-media":"","overlay-type":"","overlay-color":"","overlay-opacity":"","overlay-gradient":""},"tablet":{"background-color":"var(--ast-global-color-5)","background-image":"","background-repeat":"repeat","background-position":"center center","background-size":"auto","background-attachment":"scroll","background-type":"","background-media":"","overlay-type":"","overlay-color":"","overlay-opacity":"","overlay-gradient":""},"mobile":{"background-color":"var(--ast-global-color-5)","background-image":"","background-repeat":"repeat","background-position":"center center","background-size":"auto","background-attachment":"scroll","background-type":"","background-media":"","overlay-type":"","overlay-color":"","overlay-opacity":"","overlay-gradient":""}}},"product_brand":[],"product_cat":[186],"product_tag":[],"class_list":{"0":"post-12910","1":"product","2":"type-product","3":"status-publish","4":"has-post-thumbnail","6":"product_cat-bicicleta-eletrica-da-cidade","7":"desktop-align-left","8":"tablet-align-left","9":"mobile-align-left","10":"ast-product-gallery-layout-horizontal","11":"ast-product-tabs-layout-horizontal","12":"ast-qv-on-image","14":"first","15":"instock","16":"shipping-taxable","17":"product-type-simple"},"yoast_head":"<!-- This site is optimized with the Yoast SEO plugin v27.5 - https:\/\/yoast.com\/product\/yoast-seo-wordpress\/ -->\n<title>Bicicleta Eletrica Urbana Mujer KK9053 - Kuake Bicycle<\/title>\n<meta name=\"robots\" content=\"index, follow, max-snippet:-1, max-image-preview:large, max-video-preview:-1\" \/>\n<link rel=\"canonical\" href=\"https:\/\/www.kuakebicycle.com\/pt-pt\/kk9053-electric-city-bike\/\" \/>\n<meta property=\"og:locale\" content=\"pt_PT\" \/>\n<meta property=\"og:type\" content=\"article\" \/>\n<meta property=\"og:title\" content=\"Bicicleta Eletrica Urbana Mujer KK9053 - Kuake Bicycle\" \/>\n<meta property=\"og:description\" content=\"Quadro: Design de quadro de liga de alum\u00ednio 6061 de alta resist\u00eancia, carregamento m\u00e1ximo pode ser alcan\u00e7ado 300 libras.  Motor: 36V \/ 250W motor traseiro brushless de alta velocidade fornece energia mais do que suficiente, a velocidade m\u00e1xima pode ser alcan\u00e7ada 25km \/ h.  Bateria: bateria de l\u00edtio remov\u00edvel 36V \/ 10AH, tempo de carregamento: 4 ~ 6 horas, dura\u00e7\u00e3o da bateria: 800 ~ 1000 ciclos.  Freio: os freios a disco mec\u00e2nico TEKTRO dianteiro e traseiro n\u00e3o s\u00e3o afetados pelas condi\u00e7\u00f5es clim\u00e1ticas e fornecem frenagem potente e progressiva.  Shifters: O sistema de transmiss\u00e3o Shimano de 6 velocidades garante a experi\u00eancia de velocidade diferente que voc\u00ea precisa para andar.  Modo de pilotagem: Puro el\u00e9trico, pedal-assist (PAS) e bicicleta normal.\" \/>\n<meta property=\"og:url\" content=\"https:\/\/www.kuakebicycle.com\/pt-pt\/kk9053-electric-city-bike\/\" \/>\n<meta property=\"og:site_name\" content=\"Kuake Bicycle\" \/>\n<meta property=\"article:modified_time\" content=\"2022-01-04T06:36:59+00:00\" \/>\n<meta property=\"og:image\" content=\"https:\/\/www.kuakebicycle.com\/wp-content\/uploads\/2021\/03\/KK9053-Electric-City-Bike.jpg\" \/>\n\t<meta property=\"og:image:width\" content=\"600\" \/>\n\t<meta property=\"og:image:height\" content=\"600\" \/>\n\t<meta property=\"og:image:type\" content=\"image\/jpeg\" \/>\n<meta name=\"twitter:card\" content=\"summary_large_image\" \/>\n<meta name=\"twitter:label1\" content=\"Tempo estimado de leitura\" \/>\n\t<meta name=\"twitter:data1\" content=\"1 minuto\" \/>\n<script type=\"application\/ld+json\" class=\"yoast-schema-graph\">{\"@context\":\"https:\\\/\\\/schema.org\",\"@graph\":[{\"@type\":\"WebPage\",\"@id\":\"https:\\\/\\\/www.kuakebicycle.com\\\/pt-pt\\\/kk9053-electric-city-bike\\\/\",\"url\":\"https:\\\/\\\/www.kuakebicycle.com\\\/pt-pt\\\/kk9053-electric-city-bike\\\/\",\"name\":\"Bicicleta Eletrica Urbana Mujer KK9053 - Kuake Bicycle\",\"isPartOf\":{\"@id\":\"https:\\\/\\\/www.kuakebicycle.com\\\/pt-pt\\\/#website\"},\"primaryImageOfPage\":{\"@id\":\"https:\\\/\\\/www.kuakebicycle.com\\\/pt-pt\\\/kk9053-electric-city-bike\\\/#primaryimage\"},\"image\":{\"@id\":\"https:\\\/\\\/www.kuakebicycle.com\\\/pt-pt\\\/kk9053-electric-city-bike\\\/#primaryimage\"},\"thumbnailUrl\":\"https:\\\/\\\/www.kuakebicycle.com\\\/wp-content\\\/uploads\\\/2021\\\/03\\\/KK9053-Electric-City-Bike.jpg\",\"datePublished\":\"2021-11-30T09:07:32+00:00\",\"dateModified\":\"2022-01-04T06:36:59+00:00\",\"breadcrumb\":{\"@id\":\"https:\\\/\\\/www.kuakebicycle.com\\\/pt-pt\\\/kk9053-electric-city-bike\\\/#breadcrumb\"},\"inLanguage\":\"pt-PT\",\"potentialAction\":[{\"@type\":\"ReadAction\",\"target\":[\"https:\\\/\\\/www.kuakebicycle.com\\\/pt-pt\\\/kk9053-electric-city-bike\\\/\"]}]},{\"@type\":\"ImageObject\",\"inLanguage\":\"pt-PT\",\"@id\":\"https:\\\/\\\/www.kuakebicycle.com\\\/pt-pt\\\/kk9053-electric-city-bike\\\/#primaryimage\",\"url\":\"https:\\\/\\\/www.kuakebicycle.com\\\/wp-content\\\/uploads\\\/2021\\\/03\\\/KK9053-Electric-City-Bike.jpg\",\"contentUrl\":\"https:\\\/\\\/www.kuakebicycle.com\\\/wp-content\\\/uploads\\\/2021\\\/03\\\/KK9053-Electric-City-Bike.jpg\",\"width\":600,\"height\":600,\"caption\":\"KK9053 bicicleta el\u00e9trica urbana\"},{\"@type\":\"BreadcrumbList\",\"@id\":\"https:\\\/\\\/www.kuakebicycle.com\\\/pt-pt\\\/kk9053-electric-city-bike\\\/#breadcrumb\",\"itemListElement\":[{\"@type\":\"ListItem\",\"position\":1,\"name\":\"Home\",\"item\":\"https:\\\/\\\/www.kuakebicycle.com\\\/pt-pt\\\/\"},{\"@type\":\"ListItem\",\"position\":2,\"name\":\"Produtos\",\"item\":\"https:\\\/\\\/www.kuakebicycle.com\\\/pt-pt\\\/produtos\\\/\"},{\"@type\":\"ListItem\",\"position\":3,\"name\":\"KK9053 Bicicleta Eletrica Urbana Mujer (250W, 10Ah, 6 Velocidades)\"}]},{\"@type\":\"WebSite\",\"@id\":\"https:\\\/\\\/www.kuakebicycle.com\\\/pt-pt\\\/#website\",\"url\":\"https:\\\/\\\/www.kuakebicycle.com\\\/pt-pt\\\/\",\"name\":\"Kuake Bicycle\",\"description\":\"\",\"publisher\":{\"@id\":\"https:\\\/\\\/www.kuakebicycle.com\\\/pt-pt\\\/#organization\"},\"potentialAction\":[{\"@type\":\"SearchAction\",\"target\":{\"@type\":\"EntryPoint\",\"urlTemplate\":\"https:\\\/\\\/www.kuakebicycle.com\\\/pt-pt\\\/?s={search_term_string}\"},\"query-input\":{\"@type\":\"PropertyValueSpecification\",\"valueRequired\":true,\"valueName\":\"search_term_string\"}}],\"inLanguage\":\"pt-PT\"},{\"@type\":\"Organization\",\"@id\":\"https:\\\/\\\/www.kuakebicycle.com\\\/pt-pt\\\/#organization\",\"name\":\"Kuake Technology\",\"url\":\"https:\\\/\\\/www.kuakebicycle.com\\\/pt-pt\\\/\",\"logo\":{\"@type\":\"ImageObject\",\"inLanguage\":\"pt-PT\",\"@id\":\"https:\\\/\\\/www.kuakebicycle.com\\\/pt-pt\\\/#\\\/schema\\\/logo\\\/image\\\/\",\"url\":\"https:\\\/\\\/www.kuakebicycle.com\\\/wp-content\\\/uploads\\\/2021\\\/03\\\/icon.png\",\"contentUrl\":\"https:\\\/\\\/www.kuakebicycle.com\\\/wp-content\\\/uploads\\\/2021\\\/03\\\/icon.png\",\"width\":100,\"height\":100,\"caption\":\"Kuake Technology\"},\"image\":{\"@id\":\"https:\\\/\\\/www.kuakebicycle.com\\\/pt-pt\\\/#\\\/schema\\\/logo\\\/image\\\/\"}}]}<\/script>\n<!-- \/ Yoast SEO plugin. -->","yoast_head_json":{"title":"Bicicleta Eletrica Urbana Mujer KK9053 - Kuake Bicycle","robots":{"index":"index","follow":"follow","max-snippet":"max-snippet:-1","max-image-preview":"max-image-preview:large","max-video-preview":"max-video-preview:-1"},"canonical":"https:\/\/www.kuakebicycle.com\/pt-pt\/kk9053-electric-city-bike\/","og_locale":"pt_PT","og_type":"article","og_title":"Bicicleta Eletrica Urbana Mujer KK9053 - Kuake Bicycle","og_description":"Quadro: Design de quadro de liga de alum\u00ednio 6061 de alta resist\u00eancia, carregamento m\u00e1ximo pode ser alcan\u00e7ado 300 libras.  Motor: 36V \/ 250W motor traseiro brushless de alta velocidade fornece energia mais do que suficiente, a velocidade m\u00e1xima pode ser alcan\u00e7ada 25km \/ h.  Bateria: bateria de l\u00edtio remov\u00edvel 36V \/ 10AH, tempo de carregamento: 4 ~ 6 horas, dura\u00e7\u00e3o da bateria: 800 ~ 1000 ciclos.  Freio: os freios a disco mec\u00e2nico TEKTRO dianteiro e traseiro n\u00e3o s\u00e3o afetados pelas condi\u00e7\u00f5es clim\u00e1ticas e fornecem frenagem potente e progressiva.  Shifters: O sistema de transmiss\u00e3o Shimano de 6 velocidades garante a experi\u00eancia de velocidade diferente que voc\u00ea precisa para andar.  Modo de pilotagem: Puro el\u00e9trico, pedal-assist (PAS) e bicicleta normal.","og_url":"https:\/\/www.kuakebicycle.com\/pt-pt\/kk9053-electric-city-bike\/","og_site_name":"Kuake Bicycle","article_modified_time":"2022-01-04T06:36:59+00:00","og_image":[{"width":600,"height":600,"url":"https:\/\/www.kuakebicycle.com\/wp-content\/uploads\/2021\/03\/KK9053-Electric-City-Bike.jpg","type":"image\/jpeg"}],"twitter_card":"summary_large_image","twitter_misc":{"Tempo estimado de leitura":"1 minuto"},"schema":{"@context":"https:\/\/schema.org","@graph":[{"@type":"WebPage","@id":"https:\/\/www.kuakebicycle.com\/pt-pt\/kk9053-electric-city-bike\/","url":"https:\/\/www.kuakebicycle.com\/pt-pt\/kk9053-electric-city-bike\/","name":"Bicicleta Eletrica Urbana Mujer KK9053 - Kuake Bicycle","isPartOf":{"@id":"https:\/\/www.kuakebicycle.com\/pt-pt\/#website"},"primaryImageOfPage":{"@id":"https:\/\/www.kuakebicycle.com\/pt-pt\/kk9053-electric-city-bike\/#primaryimage"},"image":{"@id":"https:\/\/www.kuakebicycle.com\/pt-pt\/kk9053-electric-city-bike\/#primaryimage"},"thumbnailUrl":"https:\/\/www.kuakebicycle.com\/wp-content\/uploads\/2021\/03\/KK9053-Electric-City-Bike.jpg","datePublished":"2021-11-30T09:07:32+00:00","dateModified":"2022-01-04T06:36:59+00:00","breadcrumb":{"@id":"https:\/\/www.kuakebicycle.com\/pt-pt\/kk9053-electric-city-bike\/#breadcrumb"},"inLanguage":"pt-PT","potentialAction":[{"@type":"ReadAction","target":["https:\/\/www.kuakebicycle.com\/pt-pt\/kk9053-electric-city-bike\/"]}]},{"@type":"ImageObject","inLanguage":"pt-PT","@id":"https:\/\/www.kuakebicycle.com\/pt-pt\/kk9053-electric-city-bike\/#primaryimage","url":"https:\/\/www.kuakebicycle.com\/wp-content\/uploads\/2021\/03\/KK9053-Electric-City-Bike.jpg","contentUrl":"https:\/\/www.kuakebicycle.com\/wp-content\/uploads\/2021\/03\/KK9053-Electric-City-Bike.jpg","width":600,"height":600,"caption":"KK9053 bicicleta el\u00e9trica urbana"},{"@type":"BreadcrumbList","@id":"https:\/\/www.kuakebicycle.com\/pt-pt\/kk9053-electric-city-bike\/#breadcrumb","itemListElement":[{"@type":"ListItem","position":1,"name":"Home","item":"https:\/\/www.kuakebicycle.com\/pt-pt\/"},{"@type":"ListItem","position":2,"name":"Produtos","item":"https:\/\/www.kuakebicycle.com\/pt-pt\/produtos\/"},{"@type":"ListItem","position":3,"name":"KK9053 Bicicleta Eletrica Urbana Mujer (250W, 10Ah, 6 Velocidades)"}]},{"@type":"WebSite","@id":"https:\/\/www.kuakebicycle.com\/pt-pt\/#website","url":"https:\/\/www.kuakebicycle.com\/pt-pt\/","name":"Kuake Bicycle","description":"","publisher":{"@id":"https:\/\/www.kuakebicycle.com\/pt-pt\/#organization"},"potentialAction":[{"@type":"SearchAction","target":{"@type":"EntryPoint","urlTemplate":"https:\/\/www.kuakebicycle.com\/pt-pt\/?s={search_term_string}"},"query-input":{"@type":"PropertyValueSpecification","valueRequired":true,"valueName":"search_term_string"}}],"inLanguage":"pt-PT"},{"@type":"Organization","@id":"https:\/\/www.kuakebicycle.com\/pt-pt\/#organization","name":"Kuake Technology","url":"https:\/\/www.kuakebicycle.com\/pt-pt\/","logo":{"@type":"ImageObject","inLanguage":"pt-PT","@id":"https:\/\/www.kuakebicycle.com\/pt-pt\/#\/schema\/logo\/image\/","url":"https:\/\/www.kuakebicycle.com\/wp-content\/uploads\/2021\/03\/icon.png","contentUrl":"https:\/\/www.kuakebicycle.com\/wp-content\/uploads\/2021\/03\/icon.png","width":100,"height":100,"caption":"Kuake Technology"},"image":{"@id":"https:\/\/www.kuakebicycle.com\/pt-pt\/#\/schema\/logo\/image\/"}}]}},"_links":{"self":[{"href":"https:\/\/www.kuakebicycle.com\/pt-pt\/wp-json\/wp\/v2\/product\/12910","targetHints":{"allow":["GET"]}}],"collection":[{"href":"https:\/\/www.kuakebicycle.com\/pt-pt\/wp-json\/wp\/v2\/product"}],"about":[{"href":"https:\/\/www.kuakebicycle.com\/pt-pt\/wp-json\/wp\/v2\/types\/product"}],"replies":[{"embeddable":true,"href":"https:\/\/www.kuakebicycle.com\/pt-pt\/wp-json\/wp\/v2\/comments?post=12910"}],"wp:featuredmedia":[{"embeddable":true,"href":"https:\/\/www.kuakebicycle.com\/pt-pt\/wp-json\/wp\/v2\/media\/12911"}],"wp:attachment":[{"href":"https:\/\/www.kuakebicycle.com\/pt-pt\/wp-json\/wp\/v2\/media?parent=12910"}],"wp:term":[{"taxonomy":"product_brand","embeddable":true,"href":"https:\/\/www.kuakebicycle.com\/pt-pt\/wp-json\/wp\/v2\/product_brand?post=12910"},{"taxonomy":"product_cat","embeddable":true,"href":"https:\/\/www.kuakebicycle.com\/pt-pt\/wp-json\/wp\/v2\/product_cat?post=12910"},{"taxonomy":"product_tag","embeddable":true,"href":"https:\/\/www.kuakebicycle.com\/pt-pt\/wp-json\/wp\/v2\/product_tag?post=12910"}],"curies":[{"name":"wp","href":"https:\/\/api.w.org\/{rel}","templated":true}]}}