{"id":12746,"date":"2021-03-26T08:30:24","date_gmt":"2021-11-30T08:48:27","guid":{"rendered":"https:\/\/www.kuakebicycle.com\/kk9055-bicicleta-de-montanha-eletrica-26-motor-traseiro-de-1000-w-840-wh-suspensao-total\/"},"modified":"2022-03-16T02:43:50","modified_gmt":"2022-03-16T02:43:50","slug":"kk9055-electric-mountain-bike","status":"publish","type":"product","link":"https:\/\/www.kuakebicycle.com\/pt-pt\/kk9055-electric-mountain-bike\/","title":{"rendered":"Mountain Bike El\u00e9trica KK9055 (26 &#8220;, pneu gordo, motor traseiro de 1000W, 840 Wh, full suspension)"},"content":{"rendered":"<p><iframe loading=\"lazy\" title=\"YouTube video player\" src=\"https:\/\/www.youtube.com\/embed\/KadMPELiF6Y\" width=\"560\" height=\"315\" frameborder=\"0\" allowfullscreen=\"allowfullscreen\"><\/iframe><\/p>\n<table border=\"1\" width=\"556\">\n<tbody>\n<tr>\n<td style=\"text-align: center;\" colspan=\"2\" bgcolor=\"#d9edf7\"><strong>Especifica\u00e7\u00f5es de bicicleta<\/strong><\/td>\n<\/tr>\n<tr>\n<td bgcolor=\"#f5f2f2\" width=\"275\"><strong>N\u00famero do modelo<\/strong><\/td>\n<td width=\"281\">KK9055<\/td>\n<\/tr>\n<tr>\n<td bgcolor=\"#f5f2f2\" width=\"275\"><strong>Quadro<\/strong><\/td>\n<td width=\"281\">26 &#8220;, liga de alum\u00ednio AL6061<\/td>\n<\/tr>\n<tr>\n<td bgcolor=\"#f5f2f2\" width=\"275\"><strong>Garfo<\/strong><\/td>\n<td width=\"281\">Garfo de suspens\u00e3o ajust\u00e1vel com mola, bloque\u00e1vel<\/td>\n<\/tr>\n<tr>\n<td bgcolor=\"#f5f2f2\" width=\"275\"><strong>Engrenagem<\/strong><\/td>\n<td width=\"281\">Velocidade Shimano 7<\/td>\n<\/tr>\n<tr>\n<td bgcolor=\"#f5f2f2\" width=\"275\"><strong>Shifters<\/strong><\/td>\n<td width=\"281\">7 velocidades<\/td>\n<\/tr>\n<tr>\n<td bgcolor=\"#f5f2f2\" width=\"275\"><strong>Roda livre<\/strong><\/td>\n<td width=\"281\">7 velocidades<\/td>\n<\/tr>\n<tr>\n<td bgcolor=\"#f5f2f2\" width=\"275\"><strong>Freio Dianteiro<\/strong><\/td>\n<td width=\"281\">Freio a disco hidr\u00e1ulico, sem corte de energia<\/td>\n<\/tr>\n<tr>\n<td bgcolor=\"#f5f2f2\" width=\"275\"><strong>Freio Traseiro<\/strong><\/td>\n<td width=\"281\">Freio a disco hidr\u00e1ulico, sem corte de energia<\/td>\n<\/tr>\n<tr>\n<td bgcolor=\"#f5f2f2\" width=\"275\"><strong>Pedals<\/strong><\/td>\n<td width=\"281\">Liga de alum\u00ednio com refletor<\/td>\n<\/tr>\n<tr>\n<td bgcolor=\"#f5f2f2\" width=\"275\"><strong>Aro<\/strong><\/td>\n<td width=\"281\">Liga de alum\u00ednio<\/td>\n<\/tr>\n<tr>\n<td bgcolor=\"#f5f2f2\" width=\"275\"><strong>Pneus<\/strong><\/td>\n<td width=\"281\">26&#8243;*4.0, KENDA<\/td>\n<\/tr>\n<tr>\n<td bgcolor=\"#f5f2f2\" width=\"275\"><strong>Tubo interno<\/strong><\/td>\n<td width=\"281\">26&#8243;*4.0<\/td>\n<\/tr>\n<tr>\n<td bgcolor=\"#f5f2f2\" width=\"275\"><strong>Raios<\/strong><\/td>\n<td width=\"281\">13g de a\u00e7o inoxid\u00e1vel<\/td>\n<\/tr>\n<tr>\n<td bgcolor=\"#f5f2f2\" width=\"275\"><strong>Guid\u00e3o<\/strong><\/td>\n<td width=\"281\">Liga de alum\u00ednio, modelo esportivo<\/td>\n<\/tr>\n<tr>\n<td bgcolor=\"#f5f2f2\" width=\"275\"><strong>Tronco<\/strong><\/td>\n<td width=\"281\">Liga de alum\u00ednio<\/td>\n<\/tr>\n<tr>\n<td bgcolor=\"#f5f2f2\" width=\"275\"><strong>Pegada<\/strong><\/td>\n<td width=\"281\">Pega confort\u00e1vel com formato ergon\u00f4mico<\/td>\n<\/tr>\n<tr>\n<td bgcolor=\"#f5f2f2\" width=\"275\"><strong>Alavanca de freio<\/strong><\/td>\n<td width=\"281\">Alavanca de freio hidr\u00e1ulico, TEKTRO<\/td>\n<\/tr>\n<tr>\n<td bgcolor=\"#f5f2f2\" width=\"275\"><strong>Definir<\/strong><\/td>\n<td width=\"281\">Liga de alum\u00ednio<\/td>\n<\/tr>\n<tr>\n<td bgcolor=\"#f5f2f2\" width=\"275\"><strong>Selim<\/strong><\/td>\n<td width=\"281\">Macio confort\u00e1vel<\/td>\n<\/tr>\n<tr>\n<td bgcolor=\"#f5f2f2\" width=\"275\"><strong>Kickstand<\/strong><\/td>\n<td width=\"281\">Liga de alum\u00ednio<\/td>\n<\/tr>\n<tr>\n<td style=\"text-align: center;\" colspan=\"2\" bgcolor=\"#d9edf7\"><strong>Sistema el\u00e9trico<\/strong><\/td>\n<\/tr>\n<tr>\n<td bgcolor=\"#f5f2f2\" width=\"275\"><strong>Bateria<\/strong><\/td>\n<td width=\"281\">C\u00e9lulas de bateria de l\u00edtio Samsung de 48V \/ 17,5Ah<\/td>\n<\/tr>\n<tr>\n<td bgcolor=\"#f5f2f2\" width=\"275\"><strong>Carregadora<\/strong><\/td>\n<td width=\"281\">Carregador inteligente AC 100-240V<\/td>\n<\/tr>\n<tr>\n<td bgcolor=\"#f5f2f2\" width=\"275\"><strong>Hora de carregar<\/strong><\/td>\n<td width=\"281\">4 ~ 6 horas<\/td>\n<\/tr>\n<tr>\n<td bgcolor=\"#f5f2f2\" width=\"275\"><strong>Tempo de recarga<\/strong><\/td>\n<td width=\"281\">800 ~ 1000 vezes<\/td>\n<\/tr>\n<tr>\n<td bgcolor=\"#f5f2f2\" width=\"275\"><strong>Pot\u00eancia do motor<\/strong><\/td>\n<td width=\"281\">48V 1000W Oxfo traseiro brushless motor<\/td>\n<\/tr>\n<tr>\n<td bgcolor=\"#f5f2f2\" width=\"275\"><strong>Controladora<\/strong><\/td>\n<td width=\"281\">Controlador inteligente de alta efici\u00eancia<\/td>\n<\/tr>\n<tr>\n<td bgcolor=\"#f5f2f2\" width=\"275\"><strong>Exibi\u00e7\u00e3o<\/strong><\/td>\n<td width=\"281\">Tela de LCD<\/td>\n<\/tr>\n<tr>\n<td bgcolor=\"#f5f2f2\" width=\"275\"><strong>Velocidade m\u00e1xima<\/strong><\/td>\n<td width=\"281\">25Km\/H<\/td>\n<\/tr>\n<tr>\n<td bgcolor=\"#f5f2f2\" width=\"275\"><strong>Dist\u00e2ncia para carga<\/strong><\/td>\n<td width=\"281\">31~60 km<\/td>\n<\/tr>\n<tr>\n<td style=\"text-align: center;\" colspan=\"2\" bgcolor=\"#d9edf7\"><strong>Detalhes de envio<\/strong><\/td>\n<\/tr>\n<tr>\n<td bgcolor=\"#f5f2f2\" width=\"275\"><strong>Tamanho da embalagem<\/strong><\/td>\n<td width=\"281\">155*27*90cm<\/td>\n<\/tr>\n<tr>\n<td bgcolor=\"#f5f2f2\" width=\"275\"><strong>40&#8243; Hq(Pcs)<\/strong><\/td>\n<td width=\"281\">170pcs<\/td>\n<\/tr>\n<tr>\n<td bgcolor=\"#f5f2f2\" width=\"275\"><strong>20&#8243; Hq(Pcs)<\/strong><\/td>\n<td width=\"281\">65pcs<\/td>\n<\/tr>\n<\/tbody>\n<\/table>\n","protected":false},"excerpt":{"rendered":"<ul>\n<li><strong>Motor<\/strong>: 36V \/ 250W O motor de tra\u00e7\u00e3o traseira sem escovas Oxfo fornece pot\u00eancia mais do que suficiente para seu trajeto di\u00e1rio, um cruzeiro na montanha ou um meandro ao longo de sua trilha favorita, a velocidade m\u00e1xima pode ser alcan\u00e7ada em 25km \/ h.<\/li>\n<li><strong>Bateria<\/strong>: A bateria tem uma capacidade de 36V \/ 10Ah, o tempo de carregamento leva de 4 a 6 horas e uma vida \u00fatil de 800 a 1000 ciclos.<\/li>\n<li><strong>Display<\/strong>: O display LCD garante que voc\u00ea possa ler suas estat\u00edsticas facilmente.<\/li>\n<li><strong>Freio<\/strong>: os freios a disco hidr\u00e1ulico dianteiro e traseiro s\u00e3o mais eficientes, ent\u00e3o voc\u00ea precisa aplicar menos press\u00e3o na alavanca para um n\u00edvel igual de pot\u00eancia de frenagem.<\/li>\n<li><strong>Shifters<\/strong>: Sistema de transmiss\u00e3o Shimano ajust\u00e1vel de 7 velocidades que aumenta a pot\u00eancia de escalada, maior varia\u00e7\u00e3o de alcance e maior adaptabilidade ao terreno.<\/li>\n<\/ul>\n","protected":false},"featured_media":12747,"comment_status":"closed","ping_status":"closed","template":"","meta":{"site-sidebar-layout":"default","site-content-layout":"default","ast-site-content-layout":"default","site-content-style":"default","site-sidebar-style":"default","ast-global-header-display":"","ast-banner-title-visibility":"","ast-main-header-display":"","ast-hfb-above-header-display":"","ast-hfb-below-header-display":"","ast-hfb-mobile-header-display":"","site-post-title":"","ast-breadcrumbs-content":"","ast-featured-img":"","footer-sml-layout":"","ast-disable-related-posts":"","theme-transparent-header-meta":"default","adv-header-id-meta":"","stick-header-meta":"default","header-above-stick-meta":"","header-main-stick-meta":"","header-below-stick-meta":"","astra-migrate-meta-layouts":"default","ast-page-background-enabled":"default","ast-page-background-meta":{"desktop":{"background-color":"","background-image":"","background-repeat":"repeat","background-position":"center center","background-size":"auto","background-attachment":"scroll","background-type":"","background-media":"","overlay-type":"","overlay-color":"","overlay-opacity":"","overlay-gradient":""},"tablet":{"background-color":"","background-image":"","background-repeat":"repeat","background-position":"center center","background-size":"auto","background-attachment":"scroll","background-type":"","background-media":"","overlay-type":"","overlay-color":"","overlay-opacity":"","overlay-gradient":""},"mobile":{"background-color":"","background-image":"","background-repeat":"repeat","background-position":"center center","background-size":"auto","background-attachment":"scroll","background-type":"","background-media":"","overlay-type":"","overlay-color":"","overlay-opacity":"","overlay-gradient":""}},"ast-content-background-meta":{"desktop":{"background-color":"var(--ast-global-color-5)","background-image":"","background-repeat":"repeat","background-position":"center center","background-size":"auto","background-attachment":"scroll","background-type":"","background-media":"","overlay-type":"","overlay-color":"","overlay-opacity":"","overlay-gradient":""},"tablet":{"background-color":"var(--ast-global-color-5)","background-image":"","background-repeat":"repeat","background-position":"center center","background-size":"auto","background-attachment":"scroll","background-type":"","background-media":"","overlay-type":"","overlay-color":"","overlay-opacity":"","overlay-gradient":""},"mobile":{"background-color":"var(--ast-global-color-5)","background-image":"","background-repeat":"repeat","background-position":"center center","background-size":"auto","background-attachment":"scroll","background-type":"","background-media":"","overlay-type":"","overlay-color":"","overlay-opacity":"","overlay-gradient":""}}},"product_brand":[],"product_cat":[187],"product_tag":[],"class_list":{"0":"post-12746","1":"product","2":"type-product","3":"status-publish","4":"has-post-thumbnail","6":"product_cat-mountain-bike-eletrica","7":"desktop-align-left","8":"tablet-align-left","9":"mobile-align-left","10":"ast-product-gallery-layout-horizontal","11":"ast-product-tabs-layout-horizontal","12":"ast-qv-on-image","14":"first","15":"instock","16":"featured","17":"shipping-taxable","18":"product-type-simple"},"yoast_head":"<!-- This site is optimized with the Yoast SEO plugin v27.5 - https:\/\/yoast.com\/product\/yoast-seo-wordpress\/ -->\n<title>Mountain Bike El\u00e9trica KK9055, Mtb El\u00e9trica Aro 26 - Kuake Bicycle<\/title>\n<meta name=\"robots\" content=\"index, follow, max-snippet:-1, max-image-preview:large, max-video-preview:-1\" \/>\n<link rel=\"canonical\" href=\"https:\/\/www.kuakebicycle.com\/pt-pt\/kk9055-electric-mountain-bike\/\" \/>\n<meta property=\"og:locale\" content=\"pt_PT\" \/>\n<meta property=\"og:type\" content=\"article\" \/>\n<meta property=\"og:title\" content=\"Mountain Bike El\u00e9trica KK9055, Mtb El\u00e9trica Aro 26 - Kuake Bicycle\" \/>\n<meta property=\"og:description\" content=\"Motor: 36V \/ 250W O motor de tra\u00e7\u00e3o traseira sem escovas Oxfo fornece pot\u00eancia mais do que suficiente para seu trajeto di\u00e1rio, um cruzeiro na montanha ou um meandro ao longo de sua trilha favorita, a velocidade m\u00e1xima pode ser alcan\u00e7ada em 25km \/ h.  Bateria: A bateria tem uma capacidade de 36V \/ 10Ah, o tempo de carregamento leva de 4 a 6 horas e uma vida \u00fatil de 800 a 1000 ciclos.  Display: O display LCD garante que voc\u00ea possa ler suas estat\u00edsticas facilmente.  Freio: os freios a disco hidr\u00e1ulico dianteiro e traseiro s\u00e3o mais eficientes, ent\u00e3o voc\u00ea precisa aplicar menos press\u00e3o na alavanca para um n\u00edvel igual de pot\u00eancia de frenagem.  Shifters: Sistema de transmiss\u00e3o Shimano ajust\u00e1vel de 7 velocidades que aumenta a pot\u00eancia de escalada, maior varia\u00e7\u00e3o de alcance e maior adaptabilidade ao terreno.\" \/>\n<meta property=\"og:url\" content=\"https:\/\/www.kuakebicycle.com\/pt-pt\/kk9055-electric-mountain-bike\/\" \/>\n<meta property=\"og:site_name\" content=\"Kuake Bicycle\" \/>\n<meta property=\"article:modified_time\" content=\"2022-03-16T02:43:50+00:00\" \/>\n<meta property=\"og:image\" content=\"https:\/\/www.kuakebicycle.com\/wp-content\/uploads\/2021\/03\/KK9055-Electric-Mountain-Bike.jpg\" \/>\n\t<meta property=\"og:image:width\" content=\"600\" \/>\n\t<meta property=\"og:image:height\" content=\"600\" \/>\n\t<meta property=\"og:image:type\" content=\"image\/jpeg\" \/>\n<meta name=\"twitter:card\" content=\"summary_large_image\" \/>\n<meta name=\"twitter:label1\" content=\"Tempo estimado de leitura\" \/>\n\t<meta name=\"twitter:data1\" content=\"1 minuto\" \/>\n<script type=\"application\/ld+json\" class=\"yoast-schema-graph\">{\"@context\":\"https:\\\/\\\/schema.org\",\"@graph\":[{\"@type\":\"WebPage\",\"@id\":\"https:\\\/\\\/www.kuakebicycle.com\\\/pt-pt\\\/kk9055-electric-mountain-bike\\\/\",\"url\":\"https:\\\/\\\/www.kuakebicycle.com\\\/pt-pt\\\/kk9055-electric-mountain-bike\\\/\",\"name\":\"Mountain Bike El\u00e9trica KK9055, Mtb El\u00e9trica Aro 26 - Kuake Bicycle\",\"isPartOf\":{\"@id\":\"https:\\\/\\\/www.kuakebicycle.com\\\/pt-pt\\\/#website\"},\"primaryImageOfPage\":{\"@id\":\"https:\\\/\\\/www.kuakebicycle.com\\\/pt-pt\\\/kk9055-electric-mountain-bike\\\/#primaryimage\"},\"image\":{\"@id\":\"https:\\\/\\\/www.kuakebicycle.com\\\/pt-pt\\\/kk9055-electric-mountain-bike\\\/#primaryimage\"},\"thumbnailUrl\":\"https:\\\/\\\/www.kuakebicycle.com\\\/wp-content\\\/uploads\\\/2021\\\/03\\\/KK9055-Electric-Mountain-Bike.jpg\",\"datePublished\":\"2021-11-30T08:48:27+00:00\",\"dateModified\":\"2022-03-16T02:43:50+00:00\",\"breadcrumb\":{\"@id\":\"https:\\\/\\\/www.kuakebicycle.com\\\/pt-pt\\\/kk9055-electric-mountain-bike\\\/#breadcrumb\"},\"inLanguage\":\"pt-PT\",\"potentialAction\":[{\"@type\":\"ReadAction\",\"target\":[\"https:\\\/\\\/www.kuakebicycle.com\\\/pt-pt\\\/kk9055-electric-mountain-bike\\\/\"]}]},{\"@type\":\"ImageObject\",\"inLanguage\":\"pt-PT\",\"@id\":\"https:\\\/\\\/www.kuakebicycle.com\\\/pt-pt\\\/kk9055-electric-mountain-bike\\\/#primaryimage\",\"url\":\"https:\\\/\\\/www.kuakebicycle.com\\\/wp-content\\\/uploads\\\/2021\\\/03\\\/KK9055-Electric-Mountain-Bike.jpg\",\"contentUrl\":\"https:\\\/\\\/www.kuakebicycle.com\\\/wp-content\\\/uploads\\\/2021\\\/03\\\/KK9055-Electric-Mountain-Bike.jpg\",\"width\":600,\"height\":600,\"caption\":\"KK9055 Bicicleta de montanha el\u00e9trica\"},{\"@type\":\"BreadcrumbList\",\"@id\":\"https:\\\/\\\/www.kuakebicycle.com\\\/pt-pt\\\/kk9055-electric-mountain-bike\\\/#breadcrumb\",\"itemListElement\":[{\"@type\":\"ListItem\",\"position\":1,\"name\":\"Home\",\"item\":\"https:\\\/\\\/www.kuakebicycle.com\\\/pt-pt\\\/\"},{\"@type\":\"ListItem\",\"position\":2,\"name\":\"Produtos\",\"item\":\"https:\\\/\\\/www.kuakebicycle.com\\\/pt-pt\\\/produtos\\\/\"},{\"@type\":\"ListItem\",\"position\":3,\"name\":\"Mountain Bike El\u00e9trica KK9055 (26 &#8220;, pneu gordo, motor traseiro de 1000W, 840 Wh, full suspension)\"}]},{\"@type\":\"WebSite\",\"@id\":\"https:\\\/\\\/www.kuakebicycle.com\\\/pt-pt\\\/#website\",\"url\":\"https:\\\/\\\/www.kuakebicycle.com\\\/pt-pt\\\/\",\"name\":\"Kuake Bicycle\",\"description\":\"\",\"publisher\":{\"@id\":\"https:\\\/\\\/www.kuakebicycle.com\\\/pt-pt\\\/#organization\"},\"potentialAction\":[{\"@type\":\"SearchAction\",\"target\":{\"@type\":\"EntryPoint\",\"urlTemplate\":\"https:\\\/\\\/www.kuakebicycle.com\\\/pt-pt\\\/?s={search_term_string}\"},\"query-input\":{\"@type\":\"PropertyValueSpecification\",\"valueRequired\":true,\"valueName\":\"search_term_string\"}}],\"inLanguage\":\"pt-PT\"},{\"@type\":\"Organization\",\"@id\":\"https:\\\/\\\/www.kuakebicycle.com\\\/pt-pt\\\/#organization\",\"name\":\"Kuake Technology\",\"url\":\"https:\\\/\\\/www.kuakebicycle.com\\\/pt-pt\\\/\",\"logo\":{\"@type\":\"ImageObject\",\"inLanguage\":\"pt-PT\",\"@id\":\"https:\\\/\\\/www.kuakebicycle.com\\\/pt-pt\\\/#\\\/schema\\\/logo\\\/image\\\/\",\"url\":\"https:\\\/\\\/www.kuakebicycle.com\\\/wp-content\\\/uploads\\\/2021\\\/03\\\/icon.png\",\"contentUrl\":\"https:\\\/\\\/www.kuakebicycle.com\\\/wp-content\\\/uploads\\\/2021\\\/03\\\/icon.png\",\"width\":100,\"height\":100,\"caption\":\"Kuake Technology\"},\"image\":{\"@id\":\"https:\\\/\\\/www.kuakebicycle.com\\\/pt-pt\\\/#\\\/schema\\\/logo\\\/image\\\/\"}}]}<\/script>\n<!-- \/ Yoast SEO plugin. -->","yoast_head_json":{"title":"Mountain Bike El\u00e9trica KK9055, Mtb El\u00e9trica Aro 26 - Kuake Bicycle","robots":{"index":"index","follow":"follow","max-snippet":"max-snippet:-1","max-image-preview":"max-image-preview:large","max-video-preview":"max-video-preview:-1"},"canonical":"https:\/\/www.kuakebicycle.com\/pt-pt\/kk9055-electric-mountain-bike\/","og_locale":"pt_PT","og_type":"article","og_title":"Mountain Bike El\u00e9trica KK9055, Mtb El\u00e9trica Aro 26 - Kuake Bicycle","og_description":"Motor: 36V \/ 250W O motor de tra\u00e7\u00e3o traseira sem escovas Oxfo fornece pot\u00eancia mais do que suficiente para seu trajeto di\u00e1rio, um cruzeiro na montanha ou um meandro ao longo de sua trilha favorita, a velocidade m\u00e1xima pode ser alcan\u00e7ada em 25km \/ h.  Bateria: A bateria tem uma capacidade de 36V \/ 10Ah, o tempo de carregamento leva de 4 a 6 horas e uma vida \u00fatil de 800 a 1000 ciclos.  Display: O display LCD garante que voc\u00ea possa ler suas estat\u00edsticas facilmente.  Freio: os freios a disco hidr\u00e1ulico dianteiro e traseiro s\u00e3o mais eficientes, ent\u00e3o voc\u00ea precisa aplicar menos press\u00e3o na alavanca para um n\u00edvel igual de pot\u00eancia de frenagem.  Shifters: Sistema de transmiss\u00e3o Shimano ajust\u00e1vel de 7 velocidades que aumenta a pot\u00eancia de escalada, maior varia\u00e7\u00e3o de alcance e maior adaptabilidade ao terreno.","og_url":"https:\/\/www.kuakebicycle.com\/pt-pt\/kk9055-electric-mountain-bike\/","og_site_name":"Kuake Bicycle","article_modified_time":"2022-03-16T02:43:50+00:00","og_image":[{"width":600,"height":600,"url":"https:\/\/www.kuakebicycle.com\/wp-content\/uploads\/2021\/03\/KK9055-Electric-Mountain-Bike.jpg","type":"image\/jpeg"}],"twitter_card":"summary_large_image","twitter_misc":{"Tempo estimado de leitura":"1 minuto"},"schema":{"@context":"https:\/\/schema.org","@graph":[{"@type":"WebPage","@id":"https:\/\/www.kuakebicycle.com\/pt-pt\/kk9055-electric-mountain-bike\/","url":"https:\/\/www.kuakebicycle.com\/pt-pt\/kk9055-electric-mountain-bike\/","name":"Mountain Bike El\u00e9trica KK9055, Mtb El\u00e9trica Aro 26 - Kuake Bicycle","isPartOf":{"@id":"https:\/\/www.kuakebicycle.com\/pt-pt\/#website"},"primaryImageOfPage":{"@id":"https:\/\/www.kuakebicycle.com\/pt-pt\/kk9055-electric-mountain-bike\/#primaryimage"},"image":{"@id":"https:\/\/www.kuakebicycle.com\/pt-pt\/kk9055-electric-mountain-bike\/#primaryimage"},"thumbnailUrl":"https:\/\/www.kuakebicycle.com\/wp-content\/uploads\/2021\/03\/KK9055-Electric-Mountain-Bike.jpg","datePublished":"2021-11-30T08:48:27+00:00","dateModified":"2022-03-16T02:43:50+00:00","breadcrumb":{"@id":"https:\/\/www.kuakebicycle.com\/pt-pt\/kk9055-electric-mountain-bike\/#breadcrumb"},"inLanguage":"pt-PT","potentialAction":[{"@type":"ReadAction","target":["https:\/\/www.kuakebicycle.com\/pt-pt\/kk9055-electric-mountain-bike\/"]}]},{"@type":"ImageObject","inLanguage":"pt-PT","@id":"https:\/\/www.kuakebicycle.com\/pt-pt\/kk9055-electric-mountain-bike\/#primaryimage","url":"https:\/\/www.kuakebicycle.com\/wp-content\/uploads\/2021\/03\/KK9055-Electric-Mountain-Bike.jpg","contentUrl":"https:\/\/www.kuakebicycle.com\/wp-content\/uploads\/2021\/03\/KK9055-Electric-Mountain-Bike.jpg","width":600,"height":600,"caption":"KK9055 Bicicleta de montanha el\u00e9trica"},{"@type":"BreadcrumbList","@id":"https:\/\/www.kuakebicycle.com\/pt-pt\/kk9055-electric-mountain-bike\/#breadcrumb","itemListElement":[{"@type":"ListItem","position":1,"name":"Home","item":"https:\/\/www.kuakebicycle.com\/pt-pt\/"},{"@type":"ListItem","position":2,"name":"Produtos","item":"https:\/\/www.kuakebicycle.com\/pt-pt\/produtos\/"},{"@type":"ListItem","position":3,"name":"Mountain Bike El\u00e9trica KK9055 (26 &#8220;, pneu gordo, motor traseiro de 1000W, 840 Wh, full suspension)"}]},{"@type":"WebSite","@id":"https:\/\/www.kuakebicycle.com\/pt-pt\/#website","url":"https:\/\/www.kuakebicycle.com\/pt-pt\/","name":"Kuake Bicycle","description":"","publisher":{"@id":"https:\/\/www.kuakebicycle.com\/pt-pt\/#organization"},"potentialAction":[{"@type":"SearchAction","target":{"@type":"EntryPoint","urlTemplate":"https:\/\/www.kuakebicycle.com\/pt-pt\/?s={search_term_string}"},"query-input":{"@type":"PropertyValueSpecification","valueRequired":true,"valueName":"search_term_string"}}],"inLanguage":"pt-PT"},{"@type":"Organization","@id":"https:\/\/www.kuakebicycle.com\/pt-pt\/#organization","name":"Kuake Technology","url":"https:\/\/www.kuakebicycle.com\/pt-pt\/","logo":{"@type":"ImageObject","inLanguage":"pt-PT","@id":"https:\/\/www.kuakebicycle.com\/pt-pt\/#\/schema\/logo\/image\/","url":"https:\/\/www.kuakebicycle.com\/wp-content\/uploads\/2021\/03\/icon.png","contentUrl":"https:\/\/www.kuakebicycle.com\/wp-content\/uploads\/2021\/03\/icon.png","width":100,"height":100,"caption":"Kuake Technology"},"image":{"@id":"https:\/\/www.kuakebicycle.com\/pt-pt\/#\/schema\/logo\/image\/"}}]}},"_links":{"self":[{"href":"https:\/\/www.kuakebicycle.com\/pt-pt\/wp-json\/wp\/v2\/product\/12746","targetHints":{"allow":["GET"]}}],"collection":[{"href":"https:\/\/www.kuakebicycle.com\/pt-pt\/wp-json\/wp\/v2\/product"}],"about":[{"href":"https:\/\/www.kuakebicycle.com\/pt-pt\/wp-json\/wp\/v2\/types\/product"}],"replies":[{"embeddable":true,"href":"https:\/\/www.kuakebicycle.com\/pt-pt\/wp-json\/wp\/v2\/comments?post=12746"}],"wp:featuredmedia":[{"embeddable":true,"href":"https:\/\/www.kuakebicycle.com\/pt-pt\/wp-json\/wp\/v2\/media\/12747"}],"wp:attachment":[{"href":"https:\/\/www.kuakebicycle.com\/pt-pt\/wp-json\/wp\/v2\/media?parent=12746"}],"wp:term":[{"taxonomy":"product_brand","embeddable":true,"href":"https:\/\/www.kuakebicycle.com\/pt-pt\/wp-json\/wp\/v2\/product_brand?post=12746"},{"taxonomy":"product_cat","embeddable":true,"href":"https:\/\/www.kuakebicycle.com\/pt-pt\/wp-json\/wp\/v2\/product_cat?post=12746"},{"taxonomy":"product_tag","embeddable":true,"href":"https:\/\/www.kuakebicycle.com\/pt-pt\/wp-json\/wp\/v2\/product_tag?post=12746"}],"curies":[{"name":"wp","href":"https:\/\/api.w.org\/{rel}","templated":true}]}}