{"id":12663,"date":"2021-03-29T03:06:45","date_gmt":"2021-11-30T08:41:27","guid":{"rendered":"https:\/\/www.kuakebicycle.com\/triciclo-eletrico-de-carga-kk6001-500w-60ah-6-velocidades\/"},"modified":"2022-02-09T02:53:19","modified_gmt":"2022-02-09T02:53:19","slug":"kk6001-electric-cargo-triciclo","status":"publish","type":"product","link":"https:\/\/www.kuakebicycle.com\/pt-pt\/kk6001-electric-cargo-triciclo\/","title":{"rendered":"Triciclo el\u00e9trico resistente KK6001 para entrega de pacotes (500W, 60Ah, 6 velocidades)"},"content":{"rendered":"<p><iframe loading=\"lazy\" width=\"560\" height=\"315\" src=\"https:\/\/www.youtube.com\/embed\/W98b-oF6_NY\" title=\"YouTube video player\" frameborder=\"0\" allow=\"accelerometer; autoplay; clipboard-write; encrypted-media; gyroscope; picture-in-picture\" allowfullscreen><\/iframe><\/p>\n<table border=\"1\" width=\"556\">\n<tbody>\n<tr>\n<td style=\"text-align: center;\" colspan=\"2\" bgcolor=\"#d9edf7\"><strong>Especifica\u00e7\u00f5es de bicicleta<\/strong><\/td>\n<\/tr>\n<tr>\n<td bgcolor=\"#f5f2f2\" width=\"275\"><strong>N\u00famero do modelo<\/strong><\/td>\n<td width=\"281\">KK6001<\/td>\n<\/tr>\n<tr>\n<td bgcolor=\"#f5f2f2\" width=\"275\"><strong>Quadro<\/strong><\/td>\n<td width=\"281\">Liga de alum\u00ednio<\/td>\n<\/tr>\n<tr>\n<td bgcolor=\"#f5f2f2\" width=\"275\"><strong>Engrenagem<\/strong><\/td>\n<td width=\"281\">Velocidade Shimano 6<\/td>\n<\/tr>\n<tr>\n<td bgcolor=\"#f5f2f2\" width=\"275\"><strong>Shifters<\/strong><\/td>\n<td width=\"281\">Velocidade Shimano 6<\/td>\n<\/tr>\n<tr>\n<td bgcolor=\"#f5f2f2\" width=\"275\"><strong>Roda livre<\/strong><\/td>\n<td width=\"281\">Velocidade Shimano 6<\/td>\n<\/tr>\n<tr>\n<td bgcolor=\"#f5f2f2\" width=\"275\"><strong>Freio Dianteiro<\/strong><\/td>\n<td width=\"281\">Freio de disco hidr\u00e1ulico<\/td>\n<\/tr>\n<tr>\n<td bgcolor=\"#f5f2f2\" width=\"275\"><strong>Freio Traseiro<\/strong><\/td>\n<td width=\"281\">Freio V<\/td>\n<\/tr>\n<tr>\n<td bgcolor=\"#f5f2f2\" width=\"275\"><strong>Pneus<\/strong><\/td>\n<td width=\"281\">20&#8221;*2.125&#8221;\/19&#8221;*2.125&#8221;<\/td>\n<\/tr>\n<tr>\n<td bgcolor=\"#f5f2f2\" width=\"275\"><strong>Cadeia<\/strong><\/td>\n<td width=\"281\">KMC<\/td>\n<\/tr>\n<tr>\n<td bgcolor=\"#f5f2f2\" width=\"275\"><strong>Wheel Fender<\/strong><\/td>\n<td width=\"281\">A\u00e7o inoxid\u00e1vel<\/td>\n<\/tr>\n<tr>\n<td bgcolor=\"#f5f2f2\" width=\"275\"><strong>Tamanho do carregador<\/strong><\/td>\n<td width=\"281\">115*60*140cm<\/td>\n<\/tr>\n<tr>\n<td bgcolor=\"#f5f2f2\" width=\"275\"><strong>Tamanho da embalagem<\/strong><\/td>\n<td width=\"281\">230*117*192cm<\/td>\n<\/tr>\n<tr>\n<td style=\"text-align: center;\" colspan=\"2\" bgcolor=\"#d9edf7\"><strong>Sistema el\u00e9trico<\/strong><\/td>\n<\/tr>\n<tr>\n<td bgcolor=\"#f5f2f2\" width=\"275\"><strong>Bateria<\/strong><\/td>\n<td width=\"281\">Bateria de \u00edon chumbo-\u00e1cido 48V 60A<\/td>\n<\/tr>\n<tr>\n<td bgcolor=\"#f5f2f2\" width=\"275\"><strong>Sensor<\/strong><\/td>\n<td width=\"281\">Transdutor de Torque<\/td>\n<\/tr>\n<tr>\n<td bgcolor=\"#f5f2f2\" width=\"275\"><strong>Hora de carregar<\/strong><\/td>\n<td width=\"281\">4 ~ 6 horas<\/td>\n<\/tr>\n<tr>\n<td bgcolor=\"#f5f2f2\" width=\"275\"><strong>Tempo de recarga<\/strong><\/td>\n<td width=\"281\">800 ~ 1000 vezes<\/td>\n<\/tr>\n<tr>\n<td bgcolor=\"#f5f2f2\" width=\"275\"><strong>Pot\u00eancia do motor<\/strong><\/td>\n<td width=\"281\">Motor 48 V 500 W (500 W com n\u00edvel de 3 velocidades)<\/td>\n<\/tr>\n<tr>\n<td bgcolor=\"#f5f2f2\" width=\"275\"><strong>Controladora<\/strong><\/td>\n<td width=\"281\">48V intelligent<\/td>\n<\/tr>\n<tr>\n<td bgcolor=\"#f5f2f2\" width=\"275\"><strong>Exibi\u00e7\u00e3o<\/strong><\/td>\n<td width=\"281\">Tela de LCD<\/td>\n<\/tr>\n<tr>\n<td bgcolor=\"#f5f2f2\" width=\"275\"><strong>Velocidade m\u00e1xima<\/strong><\/td>\n<td width=\"281\">25km\/h<\/td>\n<\/tr>\n<tr>\n<td bgcolor=\"#f5f2f2\" width=\"275\"><strong>Dist\u00e2ncia para carga<\/strong><\/td>\n<td width=\"281\">60 km<\/td>\n<\/tr>\n<\/tbody>\n<\/table>\n","protected":false},"excerpt":{"rendered":"<ul>\n<li><strong>Quadro<\/strong>: Design de quadro de liga de alum\u00ednio 6061 de alta resist\u00eancia, o tamanho da caixa do carregador \u00e9 115 * 60 * 140 cm.<\/li>\n<li><strong>Motor<\/strong>: O motor DAPU 48V \/ 500W com n\u00edvel de 3 velocidades fornece pot\u00eancia mais do que suficiente, a velocidade m\u00e1xima pode ser atingida 25km \/ h.<\/li>\n<li><strong>Bateria<\/strong>: bateria de \u00edon chumbo-\u00e1cido 48V 60A, tempo de carregamento: 4 ~ 6 horas, vida \u00fatil da bateria: 800 ~ 1000 ciclos.<\/li>\n<li><strong>Freio<\/strong>: freios a disco hidr\u00e1ulicos dianteiros e freio V traseiro.<\/li>\n<li><strong>Shifters<\/strong>: O sistema de transmiss\u00e3o Shimano de 6 velocidades garante a experi\u00eancia de velocidade diferente que voc\u00ea precisa para andar.<\/li>\n<li><strong>Utiliza\u00e7\u00e3o comercial<\/strong>: Entregas mais r\u00e1pidas, clientes mais felizes. Entregar mais, ganhar mais, e suar menos.<\/li>\n<\/ul>\n","protected":false},"featured_media":21502,"comment_status":"closed","ping_status":"closed","template":"","meta":{"site-sidebar-layout":"default","site-content-layout":"default","ast-site-content-layout":"default","site-content-style":"default","site-sidebar-style":"default","ast-global-header-display":"","ast-banner-title-visibility":"","ast-main-header-display":"","ast-hfb-above-header-display":"","ast-hfb-below-header-display":"","ast-hfb-mobile-header-display":"","site-post-title":"","ast-breadcrumbs-content":"","ast-featured-img":"","footer-sml-layout":"","ast-disable-related-posts":"","theme-transparent-header-meta":"default","adv-header-id-meta":"","stick-header-meta":"default","header-above-stick-meta":"","header-main-stick-meta":"","header-below-stick-meta":"","astra-migrate-meta-layouts":"default","ast-page-background-enabled":"default","ast-page-background-meta":{"desktop":{"background-color":"","background-image":"","background-repeat":"repeat","background-position":"center center","background-size":"auto","background-attachment":"scroll","background-type":"","background-media":"","overlay-type":"","overlay-color":"","overlay-opacity":"","overlay-gradient":""},"tablet":{"background-color":"","background-image":"","background-repeat":"repeat","background-position":"center center","background-size":"auto","background-attachment":"scroll","background-type":"","background-media":"","overlay-type":"","overlay-color":"","overlay-opacity":"","overlay-gradient":""},"mobile":{"background-color":"","background-image":"","background-repeat":"repeat","background-position":"center center","background-size":"auto","background-attachment":"scroll","background-type":"","background-media":"","overlay-type":"","overlay-color":"","overlay-opacity":"","overlay-gradient":""}},"ast-content-background-meta":{"desktop":{"background-color":"var(--ast-global-color-5)","background-image":"","background-repeat":"repeat","background-position":"center center","background-size":"auto","background-attachment":"scroll","background-type":"","background-media":"","overlay-type":"","overlay-color":"","overlay-opacity":"","overlay-gradient":""},"tablet":{"background-color":"var(--ast-global-color-5)","background-image":"","background-repeat":"repeat","background-position":"center center","background-size":"auto","background-attachment":"scroll","background-type":"","background-media":"","overlay-type":"","overlay-color":"","overlay-opacity":"","overlay-gradient":""},"mobile":{"background-color":"var(--ast-global-color-5)","background-image":"","background-repeat":"repeat","background-position":"center center","background-size":"auto","background-attachment":"scroll","background-type":"","background-media":"","overlay-type":"","overlay-color":"","overlay-opacity":"","overlay-gradient":""}}},"product_brand":[],"product_cat":[185],"product_tag":[],"class_list":{"0":"post-12663","1":"product","2":"type-product","3":"status-publish","4":"has-post-thumbnail","6":"product_cat-triciclo-eletrico-de-carga","7":"desktop-align-left","8":"tablet-align-left","9":"mobile-align-left","10":"ast-product-gallery-layout-horizontal","11":"ast-product-tabs-layout-horizontal","12":"ast-qv-on-image","14":"first","15":"instock","16":"featured","17":"shipping-taxable","18":"product-type-simple"},"yoast_head":"<!-- This site is optimized with the Yoast SEO plugin v27.5 - https:\/\/yoast.com\/product\/yoast-seo-wordpress\/ -->\n<title>Triciclo el\u00e9trico resistente para entrega de pacotes KK6001 - Kuake Bicycle<\/title>\n<meta name=\"description\" content=\"Nosso triciclo expresso el\u00e9trico pesado pode ajud\u00e1-lo a concluir a entrega de pacotes com mais rapidez e assumir mais neg\u00f3cios em potencial.\" \/>\n<meta name=\"robots\" content=\"index, follow, max-snippet:-1, max-image-preview:large, max-video-preview:-1\" \/>\n<link rel=\"canonical\" href=\"https:\/\/www.kuakebicycle.com\/pt-pt\/kk6001-electric-cargo-triciclo\/\" \/>\n<meta property=\"og:locale\" content=\"pt_PT\" \/>\n<meta property=\"og:type\" content=\"article\" \/>\n<meta property=\"og:title\" content=\"Triciclo el\u00e9trico resistente para entrega de pacotes KK6001 - Kuake Bicycle\" \/>\n<meta property=\"og:description\" content=\"Nosso triciclo expresso el\u00e9trico pesado pode ajud\u00e1-lo a concluir a entrega de pacotes com mais rapidez e assumir mais neg\u00f3cios em potencial.\" \/>\n<meta property=\"og:url\" content=\"https:\/\/www.kuakebicycle.com\/pt-pt\/kk6001-electric-cargo-triciclo\/\" \/>\n<meta property=\"og:site_name\" content=\"Kuake Bicycle\" \/>\n<meta property=\"article:modified_time\" content=\"2022-02-09T02:53:19+00:00\" \/>\n<meta property=\"og:image\" content=\"https:\/\/www.kuakebicycle.com\/wp-content\/uploads\/2021\/03\/KK6001-Electric-Cargo-Tricycle-1.jpg\" \/>\n\t<meta property=\"og:image:width\" content=\"600\" \/>\n\t<meta property=\"og:image:height\" content=\"600\" \/>\n\t<meta property=\"og:image:type\" content=\"image\/jpeg\" \/>\n<meta name=\"twitter:card\" content=\"summary_large_image\" \/>\n<meta name=\"twitter:label1\" content=\"Tempo estimado de leitura\" \/>\n\t<meta name=\"twitter:data1\" content=\"1 minuto\" \/>\n<script type=\"application\/ld+json\" class=\"yoast-schema-graph\">{\"@context\":\"https:\\\/\\\/schema.org\",\"@graph\":[{\"@type\":\"WebPage\",\"@id\":\"https:\\\/\\\/www.kuakebicycle.com\\\/pt-pt\\\/kk6001-electric-cargo-triciclo\\\/\",\"url\":\"https:\\\/\\\/www.kuakebicycle.com\\\/pt-pt\\\/kk6001-electric-cargo-triciclo\\\/\",\"name\":\"Triciclo el\u00e9trico resistente para entrega de pacotes KK6001 - Kuake Bicycle\",\"isPartOf\":{\"@id\":\"https:\\\/\\\/www.kuakebicycle.com\\\/pt-pt\\\/#website\"},\"primaryImageOfPage\":{\"@id\":\"https:\\\/\\\/www.kuakebicycle.com\\\/pt-pt\\\/kk6001-electric-cargo-triciclo\\\/#primaryimage\"},\"image\":{\"@id\":\"https:\\\/\\\/www.kuakebicycle.com\\\/pt-pt\\\/kk6001-electric-cargo-triciclo\\\/#primaryimage\"},\"thumbnailUrl\":\"https:\\\/\\\/www.kuakebicycle.com\\\/wp-content\\\/uploads\\\/2021\\\/03\\\/KK6001-Electric-Cargo-Tricycle-1.jpg\",\"datePublished\":\"2021-11-30T08:41:27+00:00\",\"dateModified\":\"2022-02-09T02:53:19+00:00\",\"description\":\"Nosso triciclo expresso el\u00e9trico pesado pode ajud\u00e1-lo a concluir a entrega de pacotes com mais rapidez e assumir mais neg\u00f3cios em potencial.\",\"breadcrumb\":{\"@id\":\"https:\\\/\\\/www.kuakebicycle.com\\\/pt-pt\\\/kk6001-electric-cargo-triciclo\\\/#breadcrumb\"},\"inLanguage\":\"pt-PT\",\"potentialAction\":[{\"@type\":\"ReadAction\",\"target\":[\"https:\\\/\\\/www.kuakebicycle.com\\\/pt-pt\\\/kk6001-electric-cargo-triciclo\\\/\"]}]},{\"@type\":\"ImageObject\",\"inLanguage\":\"pt-PT\",\"@id\":\"https:\\\/\\\/www.kuakebicycle.com\\\/pt-pt\\\/kk6001-electric-cargo-triciclo\\\/#primaryimage\",\"url\":\"https:\\\/\\\/www.kuakebicycle.com\\\/wp-content\\\/uploads\\\/2021\\\/03\\\/KK6001-Electric-Cargo-Tricycle-1.jpg\",\"contentUrl\":\"https:\\\/\\\/www.kuakebicycle.com\\\/wp-content\\\/uploads\\\/2021\\\/03\\\/KK6001-Electric-Cargo-Tricycle-1.jpg\",\"width\":600,\"height\":600,\"caption\":\"KK6001 Electric Cargo Tricycle\"},{\"@type\":\"BreadcrumbList\",\"@id\":\"https:\\\/\\\/www.kuakebicycle.com\\\/pt-pt\\\/kk6001-electric-cargo-triciclo\\\/#breadcrumb\",\"itemListElement\":[{\"@type\":\"ListItem\",\"position\":1,\"name\":\"Home\",\"item\":\"https:\\\/\\\/www.kuakebicycle.com\\\/pt-pt\\\/\"},{\"@type\":\"ListItem\",\"position\":2,\"name\":\"Produtos\",\"item\":\"https:\\\/\\\/www.kuakebicycle.com\\\/pt-pt\\\/produtos\\\/\"},{\"@type\":\"ListItem\",\"position\":3,\"name\":\"Triciclo el\u00e9trico resistente KK6001 para entrega de pacotes (500W, 60Ah, 6 velocidades)\"}]},{\"@type\":\"WebSite\",\"@id\":\"https:\\\/\\\/www.kuakebicycle.com\\\/pt-pt\\\/#website\",\"url\":\"https:\\\/\\\/www.kuakebicycle.com\\\/pt-pt\\\/\",\"name\":\"Kuake Bicycle\",\"description\":\"\",\"publisher\":{\"@id\":\"https:\\\/\\\/www.kuakebicycle.com\\\/pt-pt\\\/#organization\"},\"potentialAction\":[{\"@type\":\"SearchAction\",\"target\":{\"@type\":\"EntryPoint\",\"urlTemplate\":\"https:\\\/\\\/www.kuakebicycle.com\\\/pt-pt\\\/?s={search_term_string}\"},\"query-input\":{\"@type\":\"PropertyValueSpecification\",\"valueRequired\":true,\"valueName\":\"search_term_string\"}}],\"inLanguage\":\"pt-PT\"},{\"@type\":\"Organization\",\"@id\":\"https:\\\/\\\/www.kuakebicycle.com\\\/pt-pt\\\/#organization\",\"name\":\"Kuake Technology\",\"url\":\"https:\\\/\\\/www.kuakebicycle.com\\\/pt-pt\\\/\",\"logo\":{\"@type\":\"ImageObject\",\"inLanguage\":\"pt-PT\",\"@id\":\"https:\\\/\\\/www.kuakebicycle.com\\\/pt-pt\\\/#\\\/schema\\\/logo\\\/image\\\/\",\"url\":\"https:\\\/\\\/www.kuakebicycle.com\\\/wp-content\\\/uploads\\\/2021\\\/03\\\/icon.png\",\"contentUrl\":\"https:\\\/\\\/www.kuakebicycle.com\\\/wp-content\\\/uploads\\\/2021\\\/03\\\/icon.png\",\"width\":100,\"height\":100,\"caption\":\"Kuake Technology\"},\"image\":{\"@id\":\"https:\\\/\\\/www.kuakebicycle.com\\\/pt-pt\\\/#\\\/schema\\\/logo\\\/image\\\/\"}}]}<\/script>\n<!-- \/ Yoast SEO plugin. -->","yoast_head_json":{"title":"Triciclo el\u00e9trico resistente para entrega de pacotes KK6001 - Kuake Bicycle","description":"Nosso triciclo expresso el\u00e9trico pesado pode ajud\u00e1-lo a concluir a entrega de pacotes com mais rapidez e assumir mais neg\u00f3cios em potencial.","robots":{"index":"index","follow":"follow","max-snippet":"max-snippet:-1","max-image-preview":"max-image-preview:large","max-video-preview":"max-video-preview:-1"},"canonical":"https:\/\/www.kuakebicycle.com\/pt-pt\/kk6001-electric-cargo-triciclo\/","og_locale":"pt_PT","og_type":"article","og_title":"Triciclo el\u00e9trico resistente para entrega de pacotes KK6001 - Kuake Bicycle","og_description":"Nosso triciclo expresso el\u00e9trico pesado pode ajud\u00e1-lo a concluir a entrega de pacotes com mais rapidez e assumir mais neg\u00f3cios em potencial.","og_url":"https:\/\/www.kuakebicycle.com\/pt-pt\/kk6001-electric-cargo-triciclo\/","og_site_name":"Kuake Bicycle","article_modified_time":"2022-02-09T02:53:19+00:00","og_image":[{"width":600,"height":600,"url":"https:\/\/www.kuakebicycle.com\/wp-content\/uploads\/2021\/03\/KK6001-Electric-Cargo-Tricycle-1.jpg","type":"image\/jpeg"}],"twitter_card":"summary_large_image","twitter_misc":{"Tempo estimado de leitura":"1 minuto"},"schema":{"@context":"https:\/\/schema.org","@graph":[{"@type":"WebPage","@id":"https:\/\/www.kuakebicycle.com\/pt-pt\/kk6001-electric-cargo-triciclo\/","url":"https:\/\/www.kuakebicycle.com\/pt-pt\/kk6001-electric-cargo-triciclo\/","name":"Triciclo el\u00e9trico resistente para entrega de pacotes KK6001 - Kuake Bicycle","isPartOf":{"@id":"https:\/\/www.kuakebicycle.com\/pt-pt\/#website"},"primaryImageOfPage":{"@id":"https:\/\/www.kuakebicycle.com\/pt-pt\/kk6001-electric-cargo-triciclo\/#primaryimage"},"image":{"@id":"https:\/\/www.kuakebicycle.com\/pt-pt\/kk6001-electric-cargo-triciclo\/#primaryimage"},"thumbnailUrl":"https:\/\/www.kuakebicycle.com\/wp-content\/uploads\/2021\/03\/KK6001-Electric-Cargo-Tricycle-1.jpg","datePublished":"2021-11-30T08:41:27+00:00","dateModified":"2022-02-09T02:53:19+00:00","description":"Nosso triciclo expresso el\u00e9trico pesado pode ajud\u00e1-lo a concluir a entrega de pacotes com mais rapidez e assumir mais neg\u00f3cios em potencial.","breadcrumb":{"@id":"https:\/\/www.kuakebicycle.com\/pt-pt\/kk6001-electric-cargo-triciclo\/#breadcrumb"},"inLanguage":"pt-PT","potentialAction":[{"@type":"ReadAction","target":["https:\/\/www.kuakebicycle.com\/pt-pt\/kk6001-electric-cargo-triciclo\/"]}]},{"@type":"ImageObject","inLanguage":"pt-PT","@id":"https:\/\/www.kuakebicycle.com\/pt-pt\/kk6001-electric-cargo-triciclo\/#primaryimage","url":"https:\/\/www.kuakebicycle.com\/wp-content\/uploads\/2021\/03\/KK6001-Electric-Cargo-Tricycle-1.jpg","contentUrl":"https:\/\/www.kuakebicycle.com\/wp-content\/uploads\/2021\/03\/KK6001-Electric-Cargo-Tricycle-1.jpg","width":600,"height":600,"caption":"KK6001 Electric Cargo Tricycle"},{"@type":"BreadcrumbList","@id":"https:\/\/www.kuakebicycle.com\/pt-pt\/kk6001-electric-cargo-triciclo\/#breadcrumb","itemListElement":[{"@type":"ListItem","position":1,"name":"Home","item":"https:\/\/www.kuakebicycle.com\/pt-pt\/"},{"@type":"ListItem","position":2,"name":"Produtos","item":"https:\/\/www.kuakebicycle.com\/pt-pt\/produtos\/"},{"@type":"ListItem","position":3,"name":"Triciclo el\u00e9trico resistente KK6001 para entrega de pacotes (500W, 60Ah, 6 velocidades)"}]},{"@type":"WebSite","@id":"https:\/\/www.kuakebicycle.com\/pt-pt\/#website","url":"https:\/\/www.kuakebicycle.com\/pt-pt\/","name":"Kuake Bicycle","description":"","publisher":{"@id":"https:\/\/www.kuakebicycle.com\/pt-pt\/#organization"},"potentialAction":[{"@type":"SearchAction","target":{"@type":"EntryPoint","urlTemplate":"https:\/\/www.kuakebicycle.com\/pt-pt\/?s={search_term_string}"},"query-input":{"@type":"PropertyValueSpecification","valueRequired":true,"valueName":"search_term_string"}}],"inLanguage":"pt-PT"},{"@type":"Organization","@id":"https:\/\/www.kuakebicycle.com\/pt-pt\/#organization","name":"Kuake Technology","url":"https:\/\/www.kuakebicycle.com\/pt-pt\/","logo":{"@type":"ImageObject","inLanguage":"pt-PT","@id":"https:\/\/www.kuakebicycle.com\/pt-pt\/#\/schema\/logo\/image\/","url":"https:\/\/www.kuakebicycle.com\/wp-content\/uploads\/2021\/03\/icon.png","contentUrl":"https:\/\/www.kuakebicycle.com\/wp-content\/uploads\/2021\/03\/icon.png","width":100,"height":100,"caption":"Kuake Technology"},"image":{"@id":"https:\/\/www.kuakebicycle.com\/pt-pt\/#\/schema\/logo\/image\/"}}]}},"_links":{"self":[{"href":"https:\/\/www.kuakebicycle.com\/pt-pt\/wp-json\/wp\/v2\/product\/12663","targetHints":{"allow":["GET"]}}],"collection":[{"href":"https:\/\/www.kuakebicycle.com\/pt-pt\/wp-json\/wp\/v2\/product"}],"about":[{"href":"https:\/\/www.kuakebicycle.com\/pt-pt\/wp-json\/wp\/v2\/types\/product"}],"replies":[{"embeddable":true,"href":"https:\/\/www.kuakebicycle.com\/pt-pt\/wp-json\/wp\/v2\/comments?post=12663"}],"wp:featuredmedia":[{"embeddable":true,"href":"https:\/\/www.kuakebicycle.com\/pt-pt\/wp-json\/wp\/v2\/media\/21502"}],"wp:attachment":[{"href":"https:\/\/www.kuakebicycle.com\/pt-pt\/wp-json\/wp\/v2\/media?parent=12663"}],"wp:term":[{"taxonomy":"product_brand","embeddable":true,"href":"https:\/\/www.kuakebicycle.com\/pt-pt\/wp-json\/wp\/v2\/product_brand?post=12663"},{"taxonomy":"product_cat","embeddable":true,"href":"https:\/\/www.kuakebicycle.com\/pt-pt\/wp-json\/wp\/v2\/product_cat?post=12663"},{"taxonomy":"product_tag","embeddable":true,"href":"https:\/\/www.kuakebicycle.com\/pt-pt\/wp-json\/wp\/v2\/product_tag?post=12663"}],"curies":[{"name":"wp","href":"https:\/\/api.w.org\/{rel}","templated":true}]}}