{"id":21187,"date":"2022-12-02T03:08:10","date_gmt":"2022-12-02T03:08:10","guid":{"rendered":"https:\/\/www.kuakebicycle.com\/politica-de-privacidade\/"},"modified":"2022-12-02T03:39:39","modified_gmt":"2022-12-02T03:39:39","slug":"politica-de-privacidade","status":"publish","type":"page","link":"https:\/\/www.kuakebicycle.com\/pt-pt\/politica-de-privacidade\/","title":{"rendered":"Pol\u00edtica de Privacidade"},"content":{"rendered":"\n\n\t<p>Bem-vindo ao KuakeBicycle! Se visitar a nossa loja significa que aceita automaticamente todos estes termos e condi\u00e7\u00f5es. Por favor, leia atentamente todas as informa\u00e7\u00f5es sobre nossas diretrizes, termos e acordos.<\/p>\n<p>\u00c9 muito importante se preocupar com a informa\u00e7\u00e3o porque estamos vivendo em uma sociedade informacional e n\u00e3o se pode subestimar a forma como a informa\u00e7\u00e3o ser\u00e1 utilizada e compartilhada.<\/p>\n<p>A confian\u00e7a \u00e9 a pedra angular da amizade e agradecemos a sua decis\u00e3o de escolher a nossa loja. Estamos dando a voc\u00ea acesso total a diferentes tipos de informa\u00e7\u00f5es sobre sua conta.<\/p>\n<p>Al\u00e9m disso, observe que nosso site cont\u00e9m v\u00e1rias marcas registradas que podem pertencer tanto \u00e0 nossa empresa quanto a empresas terceirizadas.<\/p>\n<p>O uso de logotipos, \u00edcones e nomes de servi\u00e7os \u00e9 proibido de qualquer maneira que possa causar confus\u00e3o entre nossos clientes e ser\u00e1 considerado uma viola\u00e7\u00e3o da lei de direitos autorais.<\/p>\n<p>Reservamo-nos o direito de fazer altera\u00e7\u00f5es a estes termos e condi\u00e7\u00f5es a qualquer momento sem aviso pr\u00e9vio.<\/p>\n<p>Ao usar este site, voc\u00ea concorda com os termos da vers\u00e3o mais recente desta Pol\u00edtica de Privacidade. Por favor, leia nossos Termos de Uso para entender as regras gerais sobre o uso deste site. Exceto conforme escrito em quaisquer outras isen\u00e7\u00f5es de responsabilidade, pol\u00edticas, Termos de Uso ou outros avisos neste site, esta Pol\u00edtica de Privacidade e os Termos de Uso s\u00e3o o acordo completo entre voc\u00ea e KuakeBicycle.com com rela\u00e7\u00e3o ao seu uso deste site. Voc\u00ea pode estar sujeito a termos adicionais que podem ser aplicados ao acessar determinados servi\u00e7os ou materiais em determinadas \u00e1reas deste site ou ao seguir um link deste site.<\/p>\n<h3>Introdu\u00e7\u00e3o<\/h3>\n<p>As informa\u00e7\u00f5es que recebemos e como as usamos dependem do que voc\u00ea faz ao visitar nosso site. Coletamos e usamos suas informa\u00e7\u00f5es n\u00e3o pessoais (informa\u00e7\u00f5es que n\u00e3o s\u00e3o identific\u00e1veis \u200b\u200bpara voc\u00ea pessoalmente) de forma diferente de suas informa\u00e7\u00f5es pessoais.<\/p>\n<h3>O que s\u00e3o informa\u00e7\u00f5es n\u00e3o pessoais?<\/h3>\n<p>Informa\u00e7\u00f5es n\u00e3o pessoais s\u00e3o as informa\u00e7\u00f5es que coletamos por meio deste site que n\u00e3o nos identificam como pessoa f\u00edsica. Pode incluir informa\u00e7\u00f5es como as seguintes:<\/p>\n<ul>\n<li>o tipo de software de navegador da web que voc\u00ea usa (por exemplo, Netscape Navigator ou Internet Explorer)<\/li>\n<li>o nome do dom\u00ednio a partir do qual voc\u00ea acessa a Internet<\/li>\n<li>o endere\u00e7o de Internet do site a partir do qual voc\u00ea se conectou diretamente ao nosso site<\/li>\n<li>a data e hora em que voc\u00ea acessa nosso site<\/li>\n<li>quais p\u00e1ginas voc\u00ea visitou em nosso site<\/li>\n<li>os termos de pesquisa que voc\u00ea usa<\/li>\n<li>os links nos quais voc\u00ea clica<\/li>\n<li>informa\u00e7\u00f5es pessoais que se tornaram n\u00e3o pessoais ou an\u00f4nimas (ou seja, informa\u00e7\u00f5es que n\u00e3o mais refletem ou fazem refer\u00eancia a um usu\u00e1rio identific\u00e1vel individualmente)<\/li>\n<\/ul>\n<p>Se voc\u00ea visitar nosso site para ler ou baixar informa\u00e7\u00f5es, como informa\u00e7\u00f5es sobre uma condi\u00e7\u00e3o de sa\u00fade ou sobre um de nossos produtos, poderemos coletar algumas informa\u00e7\u00f5es n\u00e3o pessoais sobre voc\u00ea de seu computador. Essas informa\u00e7\u00f5es s\u00e3o coletadas do navegador da Web do seu computador: Se voc\u00ea apenas ler ou baixar informa\u00e7\u00f5es em nosso site, n\u00e3o coletaremos nem saberemos seu nome, endere\u00e7o de e-mail, endere\u00e7o residencial ou outras informa\u00e7\u00f5es pessoais sobre voc\u00ea. Podemos colocar um arquivo de texto chamado cookie nos arquivos do navegador do seu computador quando voc\u00ea visita. O cookie pode ser armazenado no disco r\u00edgido do seu computador. As informa\u00e7\u00f5es que coletamos usando cookies s\u00e3o informa\u00e7\u00f5es n\u00e3o pessoais. Voc\u00ea sempre pode recusar nossos cookies se o seu navegador permitir, mas algumas partes do nosso site podem n\u00e3o funcionar corretamente se voc\u00ea fizer isso. N\u00e3o permitiremos que terceiros, exceto as empresas que contratamos para realizar servi\u00e7os ou fun\u00e7\u00f5es em nosso nome, coloquem cookies em nosso site.<\/p>\n<h3>O que KuakeBicycle.com faz com informa\u00e7\u00f5es n\u00e3o pessoais?<\/h3>\n<p>Como as informa\u00e7\u00f5es n\u00e3o pessoais n\u00e3o podem identific\u00e1-lo ou estar vinculadas a voc\u00ea de forma alguma, n\u00e3o h\u00e1 restri\u00e7\u00f5es sobre as formas como podemos usar ou compartilhar informa\u00e7\u00f5es n\u00e3o pessoais. Estamos sempre buscando maneiras de melhor atend\u00ea-lo e melhorar este site. Usaremos suas informa\u00e7\u00f5es n\u00e3o pessoais para nos ajudar a tornar este site mais \u00fatil para os visitantes. Tamb\u00e9m usaremos informa\u00e7\u00f5es n\u00e3o pessoais para outros fins comerciais. Por exemplo, podemos usar informa\u00e7\u00f5es n\u00e3o pessoais ou agregar informa\u00e7\u00f5es n\u00e3o pessoais para:<\/p>\n<ul>\n<li>criar relat\u00f3rios para uso interno para desenvolver programas, produtos, servi\u00e7os ou conte\u00fado<\/li>\n<li>personalizar as informa\u00e7\u00f5es ou servi\u00e7os que s\u00e3o de seu interesse<\/li>\n<li>Compartilhe ou venda para terceiros<\/li>\n<li>fornecer &#8220;estat\u00edsticas de tr\u00e1fego&#8221; agregadas e &#8220;taxas de resposta&#8221; a terceiros<\/li>\n<li>O que \u00e9 informa\u00e7\u00e3o pessoal?<\/li>\n<li>Informa\u00e7\u00f5es pessoais s\u00e3o as informa\u00e7\u00f5es que coletamos atrav\u00e9s deste site que podemos usar para identific\u00e1 -lo especificamente, como o seu:<\/li>\n<li>nome<\/li>\n<li>n\u00famero de telefone<\/li>\n<li>endere\u00e7o de email<\/li>\n<li>N\u00famero de s\u00e9rie do dispositivo m\u00e9dico<\/li>\n<li>Informa\u00e7\u00f5es sobre sa\u00fade pessoal<\/li>\n<li>data de nascimento<\/li>\n<\/ul>\n<p>Em alguns lugares deste site, voc\u00ea tem a oportunidade de nos enviar informa\u00e7\u00f5es pessoais sobre si mesmo, optar por receber informa\u00e7\u00f5es espec\u00edficas ou participar de uma atividade. Por exemplo, voc\u00ea pode preencher um formul\u00e1rio de registro, uma pesquisa ou um formul\u00e1rio de e-mail e pode optar por receber material educacional sobre nossos produtos e terapias.<\/p>\n<p>Voc\u00ea tamb\u00e9m pode optar por nos permitir personalizar suas visitas ao site; nesse caso, solicitaremos determinadas informa\u00e7\u00f5es pessoais para tornar suas visitas ao nosso site mais \u00fateis para voc\u00ea. Quando essas informa\u00e7\u00f5es s\u00e3o combinadas com as informa\u00e7\u00f5es n\u00e3o pessoais que coletamos atrav\u00e9s dos cookies (descritos acima), poderemos dizer que voc\u00ea j\u00e1 visitou nosso site antes e pode personalizar seu acesso ao nosso site, por exemplo, informando sobre voc\u00ea sobre Novos recursos que podem ser do seu interesse.<\/p>\n<h3>Como o kuakebicycle.com mant\u00e9m e usa informa\u00e7\u00f5es pessoais?<\/h3>\n<p>Podemos manter e usar as informa\u00e7\u00f5es pessoais que coletamos de voc\u00ea atrav\u00e9s deste site para fornecer acesso a este site. Al\u00e9m disso, podemos manter e usar suas informa\u00e7\u00f5es pessoais:<\/p>\n<ul>\n<li>Para responder aos seus pedidos<\/li>\n<li>Para personalizar seu acesso ao nosso site, por exemplo, informando sobre novos recursos que podem ser do seu interesse<\/li>\n<li>Para desenvolver registros, incluindo registros de suas informa\u00e7\u00f5es pessoais<\/li>\n<li>Para entrar em contato com voc\u00ea com informa\u00e7\u00f5es que podem ser do seu interesse, incluindo informa\u00e7\u00f5es sobre ensaios cl\u00ednicos e produtos e servi\u00e7os nossos e outros<\/li>\n<li>Para fins anal\u00edticos e pesquisar, desenvolver e melhorar programas, produtos, servi\u00e7os e conte\u00fado<\/li>\n<li>Para remover seus identificadores pessoais (seu nome, endere\u00e7o de e-mail, n\u00famero do Seguro Social, etc.). Nesse caso, voc\u00ea n\u00e3o seria mais identificado como um \u00fanico indiv\u00edduo \u00fanico. Depois de desidentificar informa\u00e7\u00f5es, s\u00e3o informa\u00e7\u00f5es n\u00e3o pessoais e podemos trat\u00e1-las como outras informa\u00e7\u00f5es n\u00e3o pessoais.<\/li>\n<li>Para fazer cumprir esta declara\u00e7\u00e3o de privacidade e outras regras sobre o uso deste site<\/li>\n<li>Para proteger nossos direitos ou propriedade<\/li>\n<li>para proteger a sa\u00fade, a seguran\u00e7a ou o bem -estar de algu\u00e9m<\/li>\n<li>Para cumprir uma lei ou regulamento, ordem judicial ou outros processos legais<\/li>\n<li>N\u00e3o temos um m\u00e9todo para revisar informa\u00e7\u00f5es pessoais ou n\u00e3o pessoais coletadas atrav\u00e9s deste site.<\/li>\n<\/ul>\n<h3>Kuakebicycle.com compartilhe informa\u00e7\u00f5es pessoais com terceiros?<\/h3>\n<p>O Kuakebicycle.com n\u00e3o compartilhar\u00e1 suas informa\u00e7\u00f5es pessoais coletadas neste site com um terceiro n\u00e3o relacionado sem sua permiss\u00e3o, exceto quando o contr\u00e1rio previsto nesta declara\u00e7\u00e3o de privacidade.<\/p>\n<p>No curso comum dos neg\u00f3cios, podemos compartilhar algumas informa\u00e7\u00f5es pessoais com empresas que contratamos para executar servi\u00e7os ou fun\u00e7\u00f5es em nosso nome. Em todos os casos em que compartilhamos suas informa\u00e7\u00f5es pessoais com terceiros, n\u00e3o os autorizaremos a manter, divulgar ou usar suas informa\u00e7\u00f5es com outras pessoas, exceto com o objetivo de fornecer os servi\u00e7os que pedimos que fornecessem. N\u00e3o venderemos, trocamos ou publicaremos suas informa\u00e7\u00f5es pessoais, exceto em conjunto com uma venda corporativa, fus\u00e3o, dissolu\u00e7\u00e3o ou aquisi\u00e7\u00e3o.<\/p>\n<p>Podemos ser legalmente obrigados a divulgar suas informa\u00e7\u00f5es pessoais em resposta a uma ordem judicial, intima\u00e7\u00e3o, mandado de busca, lei ou regulamento. Podemos cooperar com as autoridades policiais na investiga\u00e7\u00e3o e process\u00e3o de visitantes do site que violam nossas regras ou se envolvem em comportamentos prejudiciais a outros visitantes (ou ilegais).<\/p>\n<h3>E a privacidade em outros sites?<\/h3>\n<p>Este site pode conter links para outros sites. Alguns desses sites podem ser operados pelo Kuakebicycle, e outros podem ser operados por terceiros. Fornecemos os links para sua conveni\u00eancia, mas n\u00e3o revisamos, controlamos ou monitoramos as pr\u00e1ticas de privacidade dos sites operados por outros. Esta declara\u00e7\u00e3o de privacidade n\u00e3o se aplica a nenhum outro site, mesmo os outros sites do Kuakebicycle.com. N\u00e3o somos respons\u00e1veis \u200b\u200bpelo desempenho dos sites operados por terceiros ou por suas negocia\u00e7\u00f5es de neg\u00f3cios com eles. Portanto, sempre que voc\u00ea sair deste site, recomendamos que voc\u00ea revise as pr\u00e1ticas de privacidade de cada site e fa\u00e7a suas pr\u00f3prias conclus\u00f5es sobre a adequa\u00e7\u00e3o dessas pr\u00e1ticas.<\/p>\n<h3>KuakeBicycle.com j\u00e1 se comunicou diretamente com os visitantes deste site?<\/h3>\n<p>Podemos contat\u00e1-lo periodicamente por e-mail, correio ou telefone se voc\u00ea concordar com esse contato para fornecer informa\u00e7\u00f5es sobre programas, produtos, servi\u00e7os e conte\u00fado que possam ser de seu interesse. Al\u00e9m disso, alguns dos recursos deste site permitem que voc\u00ea se comunique conosco usando um formul\u00e1rio online. Se a sua comunica\u00e7\u00e3o solicitar uma resposta nossa, enviaremos uma resposta por e-mail. A resposta ou confirma\u00e7\u00e3o por e-mail pode incluir suas informa\u00e7\u00f5es pessoais, incluindo informa\u00e7\u00f5es pessoais sobre sua sa\u00fade, seu nome, endere\u00e7o, etc. N\u00e3o podemos garantir que nossos e-mails para voc\u00ea estar\u00e3o protegidos contra intercepta\u00e7\u00e3o n\u00e3o autorizada.<\/p>\n<h3>E a seguran\u00e7a do site?<\/h3>\n<p>A seguran\u00e7a \u00e9 muito importante para n\u00f3s. Tamb\u00e9m entendemos que a seguran\u00e7a \u00e9 importante para voc\u00ea. Tomamos medidas razo\u00e1veis \u200b\u200bpara proteger suas informa\u00e7\u00f5es pessoais contra perda, uso indevido e acesso, divulga\u00e7\u00e3o, altera\u00e7\u00e3o ou destrui\u00e7\u00e3o n\u00e3o autorizados. Voc\u00ea deve ter em mente que nenhuma transmiss\u00e3o pela Internet \u00e9 100% segura ou livre de erros. Em particular, o e-mail enviado para ou a partir deste site pode n\u00e3o ser seguro e, portanto, voc\u00ea deve tomar cuidado especial ao decidir quais informa\u00e7\u00f5es nos enviar\u00e1 por e-mail.<\/p>\n\n","protected":false},"excerpt":{"rendered":"<p>Bem-vindo ao KuakeBicycle! Se visitar a nossa loja significa que aceita automaticamente todos estes termos e condi\u00e7\u00f5es. Por favor, leia atentamente todas as informa\u00e7\u00f5es sobre nossas diretrizes, termos e acordos. \u00c9 muito importante se preocupar [&hellip;]<\/p>\n","protected":false},"author":1,"featured_media":0,"parent":0,"menu_order":0,"comment_status":"closed","ping_status":"closed","template":"","meta":{"site-sidebar-layout":"no-sidebar","site-content-layout":"page-builder","ast-site-content-layout":"default","site-content-style":"default","site-sidebar-style":"default","ast-global-header-display":"","ast-banner-title-visibility":"","ast-main-header-display":"","ast-hfb-above-header-display":"","ast-hfb-below-header-display":"","ast-hfb-mobile-header-display":"","site-post-title":"disabled","ast-breadcrumbs-content":"","ast-featured-img":"disabled","footer-sml-layout":"","ast-disable-related-posts":"","theme-transparent-header-meta":"default","adv-header-id-meta":"","stick-header-meta":"default","header-above-stick-meta":"","header-main-stick-meta":"","header-below-stick-meta":"","astra-migrate-meta-layouts":"default","ast-page-background-enabled":"default","ast-page-background-meta":{"desktop":{"background-color":"","background-image":"","background-repeat":"repeat","background-position":"center center","background-size":"auto","background-attachment":"scroll","background-type":"","background-media":"","overlay-type":"","overlay-color":"","overlay-opacity":"","overlay-gradient":""},"tablet":{"background-color":"","background-image":"","background-repeat":"repeat","background-position":"center center","background-size":"auto","background-attachment":"scroll","background-type":"","background-media":"","overlay-type":"","overlay-color":"","overlay-opacity":"","overlay-gradient":""},"mobile":{"background-color":"","background-image":"","background-repeat":"repeat","background-position":"center center","background-size":"auto","background-attachment":"scroll","background-type":"","background-media":"","overlay-type":"","overlay-color":"","overlay-opacity":"","overlay-gradient":""}},"ast-content-background-meta":{"desktop":{"background-color":"var(--ast-global-color-5)","background-image":"","background-repeat":"repeat","background-position":"center center","background-size":"auto","background-attachment":"scroll","background-type":"","background-media":"","overlay-type":"","overlay-color":"","overlay-opacity":"","overlay-gradient":""},"tablet":{"background-color":"var(--ast-global-color-5)","background-image":"","background-repeat":"repeat","background-position":"center center","background-size":"auto","background-attachment":"scroll","background-type":"","background-media":"","overlay-type":"","overlay-color":"","overlay-opacity":"","overlay-gradient":""},"mobile":{"background-color":"var(--ast-global-color-5)","background-image":"","background-repeat":"repeat","background-position":"center center","background-size":"auto","background-attachment":"scroll","background-type":"","background-media":"","overlay-type":"","overlay-color":"","overlay-opacity":"","overlay-gradient":""}},"footnotes":""},"class_list":["post-21187","page","type-page","status-publish","hentry"],"yoast_head":"<!-- This site is optimized with the Yoast SEO plugin v27.4 - https:\/\/yoast.com\/product\/yoast-seo-wordpress\/ -->\n<title>Pol\u00edtica de Privacidade - Kuake Bicycle<\/title>\n<meta name=\"robots\" content=\"index, follow, max-snippet:-1, max-image-preview:large, max-video-preview:-1\" \/>\n<link rel=\"canonical\" href=\"https:\/\/www.kuakebicycle.com\/pt-pt\/politica-de-privacidade\/\" \/>\n<meta property=\"og:locale\" content=\"pt_PT\" \/>\n<meta property=\"og:type\" content=\"article\" \/>\n<meta property=\"og:title\" content=\"Pol\u00edtica de Privacidade - Kuake Bicycle\" \/>\n<meta property=\"og:description\" content=\"Bem-vindo ao KuakeBicycle! Se visitar a nossa loja significa que aceita automaticamente todos estes termos e condi\u00e7\u00f5es. Por favor, leia atentamente todas as informa\u00e7\u00f5es sobre nossas diretrizes, termos e acordos. \u00c9 muito importante se preocupar [&hellip;]\" \/>\n<meta property=\"og:url\" content=\"https:\/\/www.kuakebicycle.com\/pt-pt\/politica-de-privacidade\/\" \/>\n<meta property=\"og:site_name\" content=\"Kuake Bicycle\" \/>\n<meta property=\"article:modified_time\" content=\"2022-12-02T03:39:39+00:00\" \/>\n<meta name=\"twitter:card\" content=\"summary_large_image\" \/>\n<meta name=\"twitter:label1\" content=\"Tempo estimado de leitura\" \/>\n\t<meta name=\"twitter:data1\" content=\"9 minutos\" \/>\n<script type=\"application\/ld+json\" class=\"yoast-schema-graph\">{\"@context\":\"https:\\\/\\\/schema.org\",\"@graph\":[{\"@type\":\"WebPage\",\"@id\":\"https:\\\/\\\/www.kuakebicycle.com\\\/pt-pt\\\/politica-de-privacidade\\\/\",\"url\":\"https:\\\/\\\/www.kuakebicycle.com\\\/pt-pt\\\/politica-de-privacidade\\\/\",\"name\":\"Pol\u00edtica de Privacidade - Kuake Bicycle\",\"isPartOf\":{\"@id\":\"https:\\\/\\\/www.kuakebicycle.com\\\/pt-pt\\\/#website\"},\"datePublished\":\"2022-12-02T03:08:10+00:00\",\"dateModified\":\"2022-12-02T03:39:39+00:00\",\"breadcrumb\":{\"@id\":\"https:\\\/\\\/www.kuakebicycle.com\\\/pt-pt\\\/politica-de-privacidade\\\/#breadcrumb\"},\"inLanguage\":\"pt-PT\",\"potentialAction\":[{\"@type\":\"ReadAction\",\"target\":[\"https:\\\/\\\/www.kuakebicycle.com\\\/pt-pt\\\/politica-de-privacidade\\\/\"]}]},{\"@type\":\"BreadcrumbList\",\"@id\":\"https:\\\/\\\/www.kuakebicycle.com\\\/pt-pt\\\/politica-de-privacidade\\\/#breadcrumb\",\"itemListElement\":[{\"@type\":\"ListItem\",\"position\":1,\"name\":\"Home\",\"item\":\"https:\\\/\\\/www.kuakebicycle.com\\\/pt-pt\\\/\"},{\"@type\":\"ListItem\",\"position\":2,\"name\":\"Pol\u00edtica de Privacidade\"}]},{\"@type\":\"WebSite\",\"@id\":\"https:\\\/\\\/www.kuakebicycle.com\\\/pt-pt\\\/#website\",\"url\":\"https:\\\/\\\/www.kuakebicycle.com\\\/pt-pt\\\/\",\"name\":\"Kuake Bicycle\",\"description\":\"\",\"publisher\":{\"@id\":\"https:\\\/\\\/www.kuakebicycle.com\\\/pt-pt\\\/#organization\"},\"potentialAction\":[{\"@type\":\"SearchAction\",\"target\":{\"@type\":\"EntryPoint\",\"urlTemplate\":\"https:\\\/\\\/www.kuakebicycle.com\\\/pt-pt\\\/?s={search_term_string}\"},\"query-input\":{\"@type\":\"PropertyValueSpecification\",\"valueRequired\":true,\"valueName\":\"search_term_string\"}}],\"inLanguage\":\"pt-PT\"},{\"@type\":\"Organization\",\"@id\":\"https:\\\/\\\/www.kuakebicycle.com\\\/pt-pt\\\/#organization\",\"name\":\"Kuake Technology\",\"url\":\"https:\\\/\\\/www.kuakebicycle.com\\\/pt-pt\\\/\",\"logo\":{\"@type\":\"ImageObject\",\"inLanguage\":\"pt-PT\",\"@id\":\"https:\\\/\\\/www.kuakebicycle.com\\\/pt-pt\\\/#\\\/schema\\\/logo\\\/image\\\/\",\"url\":\"https:\\\/\\\/www.kuakebicycle.com\\\/wp-content\\\/uploads\\\/2021\\\/03\\\/icon.png\",\"contentUrl\":\"https:\\\/\\\/www.kuakebicycle.com\\\/wp-content\\\/uploads\\\/2021\\\/03\\\/icon.png\",\"width\":100,\"height\":100,\"caption\":\"Kuake Technology\"},\"image\":{\"@id\":\"https:\\\/\\\/www.kuakebicycle.com\\\/pt-pt\\\/#\\\/schema\\\/logo\\\/image\\\/\"}}]}<\/script>\n<!-- \/ Yoast SEO plugin. -->","yoast_head_json":{"title":"Pol\u00edtica de Privacidade - Kuake Bicycle","robots":{"index":"index","follow":"follow","max-snippet":"max-snippet:-1","max-image-preview":"max-image-preview:large","max-video-preview":"max-video-preview:-1"},"canonical":"https:\/\/www.kuakebicycle.com\/pt-pt\/politica-de-privacidade\/","og_locale":"pt_PT","og_type":"article","og_title":"Pol\u00edtica de Privacidade - Kuake Bicycle","og_description":"Bem-vindo ao KuakeBicycle! Se visitar a nossa loja significa que aceita automaticamente todos estes termos e condi\u00e7\u00f5es. Por favor, leia atentamente todas as informa\u00e7\u00f5es sobre nossas diretrizes, termos e acordos. \u00c9 muito importante se preocupar [&hellip;]","og_url":"https:\/\/www.kuakebicycle.com\/pt-pt\/politica-de-privacidade\/","og_site_name":"Kuake Bicycle","article_modified_time":"2022-12-02T03:39:39+00:00","twitter_card":"summary_large_image","twitter_misc":{"Tempo estimado de leitura":"9 minutos"},"schema":{"@context":"https:\/\/schema.org","@graph":[{"@type":"WebPage","@id":"https:\/\/www.kuakebicycle.com\/pt-pt\/politica-de-privacidade\/","url":"https:\/\/www.kuakebicycle.com\/pt-pt\/politica-de-privacidade\/","name":"Pol\u00edtica de Privacidade - Kuake Bicycle","isPartOf":{"@id":"https:\/\/www.kuakebicycle.com\/pt-pt\/#website"},"datePublished":"2022-12-02T03:08:10+00:00","dateModified":"2022-12-02T03:39:39+00:00","breadcrumb":{"@id":"https:\/\/www.kuakebicycle.com\/pt-pt\/politica-de-privacidade\/#breadcrumb"},"inLanguage":"pt-PT","potentialAction":[{"@type":"ReadAction","target":["https:\/\/www.kuakebicycle.com\/pt-pt\/politica-de-privacidade\/"]}]},{"@type":"BreadcrumbList","@id":"https:\/\/www.kuakebicycle.com\/pt-pt\/politica-de-privacidade\/#breadcrumb","itemListElement":[{"@type":"ListItem","position":1,"name":"Home","item":"https:\/\/www.kuakebicycle.com\/pt-pt\/"},{"@type":"ListItem","position":2,"name":"Pol\u00edtica de Privacidade"}]},{"@type":"WebSite","@id":"https:\/\/www.kuakebicycle.com\/pt-pt\/#website","url":"https:\/\/www.kuakebicycle.com\/pt-pt\/","name":"Kuake Bicycle","description":"","publisher":{"@id":"https:\/\/www.kuakebicycle.com\/pt-pt\/#organization"},"potentialAction":[{"@type":"SearchAction","target":{"@type":"EntryPoint","urlTemplate":"https:\/\/www.kuakebicycle.com\/pt-pt\/?s={search_term_string}"},"query-input":{"@type":"PropertyValueSpecification","valueRequired":true,"valueName":"search_term_string"}}],"inLanguage":"pt-PT"},{"@type":"Organization","@id":"https:\/\/www.kuakebicycle.com\/pt-pt\/#organization","name":"Kuake Technology","url":"https:\/\/www.kuakebicycle.com\/pt-pt\/","logo":{"@type":"ImageObject","inLanguage":"pt-PT","@id":"https:\/\/www.kuakebicycle.com\/pt-pt\/#\/schema\/logo\/image\/","url":"https:\/\/www.kuakebicycle.com\/wp-content\/uploads\/2021\/03\/icon.png","contentUrl":"https:\/\/www.kuakebicycle.com\/wp-content\/uploads\/2021\/03\/icon.png","width":100,"height":100,"caption":"Kuake Technology"},"image":{"@id":"https:\/\/www.kuakebicycle.com\/pt-pt\/#\/schema\/logo\/image\/"}}]}},"_links":{"self":[{"href":"https:\/\/www.kuakebicycle.com\/pt-pt\/wp-json\/wp\/v2\/pages\/21187","targetHints":{"allow":["GET"]}}],"collection":[{"href":"https:\/\/www.kuakebicycle.com\/pt-pt\/wp-json\/wp\/v2\/pages"}],"about":[{"href":"https:\/\/www.kuakebicycle.com\/pt-pt\/wp-json\/wp\/v2\/types\/page"}],"author":[{"embeddable":true,"href":"https:\/\/www.kuakebicycle.com\/pt-pt\/wp-json\/wp\/v2\/users\/1"}],"replies":[{"embeddable":true,"href":"https:\/\/www.kuakebicycle.com\/pt-pt\/wp-json\/wp\/v2\/comments?post=21187"}],"version-history":[{"count":0,"href":"https:\/\/www.kuakebicycle.com\/pt-pt\/wp-json\/wp\/v2\/pages\/21187\/revisions"}],"wp:attachment":[{"href":"https:\/\/www.kuakebicycle.com\/pt-pt\/wp-json\/wp\/v2\/media?parent=21187"}],"curies":[{"name":"wp","href":"https:\/\/api.w.org\/{rel}","templated":true}]}}