{"id":12446,"date":"2021-11-30T07:05:34","date_gmt":"2021-11-30T07:05:34","guid":{"rendered":"https:\/\/www.kuakebicycle.com\/para-nossos-revendedores\/"},"modified":"2022-01-11T09:02:53","modified_gmt":"2022-01-11T09:02:53","slug":"para-nossos-revendedores","status":"publish","type":"page","link":"https:\/\/www.kuakebicycle.com\/pt-pt\/para-nossos-revendedores\/","title":{"rendered":"Para nossos revendedores"},"content":{"rendered":"\n<h2>\n\t\tPara nossos revendedores\n\t<\/h2>\n\t<p>Em nome da Jiangsu Kuake Technology Co., Ltd., gostar\u00edamos de convid\u00e1-lo como nosso distribuidor potencial em sua regi\u00e3o. Como Kuake tem vasta experi\u00eancia em design, fabrica\u00e7\u00e3o e devido ao nosso princ\u00edpio de &#8220;pequenos lucros geram vendas r\u00e1pidas&#8221;, estabelecemos um bom relacionamento com nossos revendedores e os valorizamos.<\/p>\n<p>N\u00f3s nos consideramos afortunados por podermos unir for\u00e7as com nossos distribuidores. O nosso compromisso com os nossos distribuidores continua a assentar na oferta de um servi\u00e7o de excel\u00eancia e pre\u00e7os competitivos para os nossos produtos e servi\u00e7os Pedelec. Esperamos ter uma parceria mutuamente gratificante com voc\u00ea.<\/p>\n<p>N\u00e3o se preocupe, obtenha o maior retorno, podemos ajud\u00e1-lo a ganhar mais dinheiro.<\/p>\n<p>Se voc\u00ea tiver d\u00favidas ou coment\u00e1rios, entre em <a href=\"https:\/\/www.kuakebicycle.com\/pt-pt\/contato\/\">contato conosco<\/a>. Uma oportunidade de conversar mais com voc\u00ea sobre nossa nova alian\u00e7a estrat\u00e9gica seria bem recebida.<\/p>\n<p>Atenciosamente.<\/p>\n\n","protected":false},"excerpt":{"rendered":"<p>Para nossos revendedores Em nome da Jiangsu Kuake Technology Co., Ltd., gostar\u00edamos de convid\u00e1-lo como nosso distribuidor potencial em sua regi\u00e3o. Como Kuake tem vasta experi\u00eancia em design, fabrica\u00e7\u00e3o e devido ao nosso princ\u00edpio de [&hellip;]<\/p>\n","protected":false},"author":1,"featured_media":0,"parent":0,"menu_order":0,"comment_status":"closed","ping_status":"closed","template":"","meta":{"site-sidebar-layout":"no-sidebar","site-content-layout":"page-builder","ast-site-content-layout":"default","site-content-style":"default","site-sidebar-style":"default","ast-global-header-display":"","ast-banner-title-visibility":"","ast-main-header-display":"","ast-hfb-above-header-display":"","ast-hfb-below-header-display":"","ast-hfb-mobile-header-display":"","site-post-title":"disabled","ast-breadcrumbs-content":"","ast-featured-img":"disabled","footer-sml-layout":"","ast-disable-related-posts":"","theme-transparent-header-meta":"default","adv-header-id-meta":"","stick-header-meta":"default","header-above-stick-meta":"","header-main-stick-meta":"","header-below-stick-meta":"","astra-migrate-meta-layouts":"default","ast-page-background-enabled":"default","ast-page-background-meta":{"desktop":{"background-color":"","background-image":"","background-repeat":"repeat","background-position":"center center","background-size":"auto","background-attachment":"scroll","background-type":"","background-media":"","overlay-type":"","overlay-color":"","overlay-opacity":"","overlay-gradient":""},"tablet":{"background-color":"","background-image":"","background-repeat":"repeat","background-position":"center center","background-size":"auto","background-attachment":"scroll","background-type":"","background-media":"","overlay-type":"","overlay-color":"","overlay-opacity":"","overlay-gradient":""},"mobile":{"background-color":"","background-image":"","background-repeat":"repeat","background-position":"center center","background-size":"auto","background-attachment":"scroll","background-type":"","background-media":"","overlay-type":"","overlay-color":"","overlay-opacity":"","overlay-gradient":""}},"ast-content-background-meta":{"desktop":{"background-color":"var(--ast-global-color-5)","background-image":"","background-repeat":"repeat","background-position":"center center","background-size":"auto","background-attachment":"scroll","background-type":"","background-media":"","overlay-type":"","overlay-color":"","overlay-opacity":"","overlay-gradient":""},"tablet":{"background-color":"var(--ast-global-color-5)","background-image":"","background-repeat":"repeat","background-position":"center center","background-size":"auto","background-attachment":"scroll","background-type":"","background-media":"","overlay-type":"","overlay-color":"","overlay-opacity":"","overlay-gradient":""},"mobile":{"background-color":"var(--ast-global-color-5)","background-image":"","background-repeat":"repeat","background-position":"center center","background-size":"auto","background-attachment":"scroll","background-type":"","background-media":"","overlay-type":"","overlay-color":"","overlay-opacity":"","overlay-gradient":""}},"footnotes":""},"class_list":["post-12446","page","type-page","status-publish","hentry"],"yoast_head":"<!-- This site is optimized with the Yoast SEO plugin v27.4 - https:\/\/yoast.com\/product\/yoast-seo-wordpress\/ -->\n<title>Concession\u00e1ria de bicicletas el\u00e9tricas, novos distribuidores s\u00e3o procurados - Kuake Bicycle<\/title>\n<meta name=\"description\" content=\"Congratulamo-nos com clientes e associa\u00e7\u00f5es empresariais de todo o mundo para entrar em contato conosco e cooperar para benef\u00edcios m\u00fatuos.\" \/>\n<meta name=\"robots\" content=\"index, follow, max-snippet:-1, max-image-preview:large, max-video-preview:-1\" \/>\n<link rel=\"canonical\" href=\"https:\/\/www.kuakebicycle.com\/pt-pt\/para-nossos-revendedores\/\" \/>\n<meta property=\"og:locale\" content=\"pt_PT\" \/>\n<meta property=\"og:type\" content=\"article\" \/>\n<meta property=\"og:title\" content=\"Concession\u00e1ria de bicicletas el\u00e9tricas, novos distribuidores s\u00e3o procurados - Kuake Bicycle\" \/>\n<meta property=\"og:description\" content=\"Congratulamo-nos com clientes e associa\u00e7\u00f5es empresariais de todo o mundo para entrar em contato conosco e cooperar para benef\u00edcios m\u00fatuos.\" \/>\n<meta property=\"og:url\" content=\"https:\/\/www.kuakebicycle.com\/pt-pt\/para-nossos-revendedores\/\" \/>\n<meta property=\"og:site_name\" content=\"Kuake Bicycle\" \/>\n<meta property=\"article:modified_time\" content=\"2022-01-11T09:02:53+00:00\" \/>\n<meta name=\"twitter:card\" content=\"summary_large_image\" \/>\n<meta name=\"twitter:label1\" content=\"Tempo estimado de leitura\" \/>\n\t<meta name=\"twitter:data1\" content=\"1 minuto\" \/>\n<script type=\"application\/ld+json\" class=\"yoast-schema-graph\">{\"@context\":\"https:\\\/\\\/schema.org\",\"@graph\":[{\"@type\":\"WebPage\",\"@id\":\"https:\\\/\\\/www.kuakebicycle.com\\\/pt-pt\\\/para-nossos-revendedores\\\/\",\"url\":\"https:\\\/\\\/www.kuakebicycle.com\\\/pt-pt\\\/para-nossos-revendedores\\\/\",\"name\":\"Concession\u00e1ria de bicicletas el\u00e9tricas, novos distribuidores s\u00e3o procurados - Kuake Bicycle\",\"isPartOf\":{\"@id\":\"https:\\\/\\\/www.kuakebicycle.com\\\/pt-pt\\\/#website\"},\"datePublished\":\"2021-11-30T07:05:34+00:00\",\"dateModified\":\"2022-01-11T09:02:53+00:00\",\"description\":\"Congratulamo-nos com clientes e associa\u00e7\u00f5es empresariais de todo o mundo para entrar em contato conosco e cooperar para benef\u00edcios m\u00fatuos.\",\"breadcrumb\":{\"@id\":\"https:\\\/\\\/www.kuakebicycle.com\\\/pt-pt\\\/para-nossos-revendedores\\\/#breadcrumb\"},\"inLanguage\":\"pt-PT\",\"potentialAction\":[{\"@type\":\"ReadAction\",\"target\":[\"https:\\\/\\\/www.kuakebicycle.com\\\/pt-pt\\\/para-nossos-revendedores\\\/\"]}]},{\"@type\":\"BreadcrumbList\",\"@id\":\"https:\\\/\\\/www.kuakebicycle.com\\\/pt-pt\\\/para-nossos-revendedores\\\/#breadcrumb\",\"itemListElement\":[{\"@type\":\"ListItem\",\"position\":1,\"name\":\"Home\",\"item\":\"https:\\\/\\\/www.kuakebicycle.com\\\/pt-pt\\\/\"},{\"@type\":\"ListItem\",\"position\":2,\"name\":\"Para nossos revendedores\"}]},{\"@type\":\"WebSite\",\"@id\":\"https:\\\/\\\/www.kuakebicycle.com\\\/pt-pt\\\/#website\",\"url\":\"https:\\\/\\\/www.kuakebicycle.com\\\/pt-pt\\\/\",\"name\":\"Kuake Bicycle\",\"description\":\"\",\"publisher\":{\"@id\":\"https:\\\/\\\/www.kuakebicycle.com\\\/pt-pt\\\/#organization\"},\"potentialAction\":[{\"@type\":\"SearchAction\",\"target\":{\"@type\":\"EntryPoint\",\"urlTemplate\":\"https:\\\/\\\/www.kuakebicycle.com\\\/pt-pt\\\/?s={search_term_string}\"},\"query-input\":{\"@type\":\"PropertyValueSpecification\",\"valueRequired\":true,\"valueName\":\"search_term_string\"}}],\"inLanguage\":\"pt-PT\"},{\"@type\":\"Organization\",\"@id\":\"https:\\\/\\\/www.kuakebicycle.com\\\/pt-pt\\\/#organization\",\"name\":\"Kuake Technology\",\"url\":\"https:\\\/\\\/www.kuakebicycle.com\\\/pt-pt\\\/\",\"logo\":{\"@type\":\"ImageObject\",\"inLanguage\":\"pt-PT\",\"@id\":\"https:\\\/\\\/www.kuakebicycle.com\\\/pt-pt\\\/#\\\/schema\\\/logo\\\/image\\\/\",\"url\":\"https:\\\/\\\/www.kuakebicycle.com\\\/wp-content\\\/uploads\\\/2021\\\/03\\\/icon.png\",\"contentUrl\":\"https:\\\/\\\/www.kuakebicycle.com\\\/wp-content\\\/uploads\\\/2021\\\/03\\\/icon.png\",\"width\":100,\"height\":100,\"caption\":\"Kuake Technology\"},\"image\":{\"@id\":\"https:\\\/\\\/www.kuakebicycle.com\\\/pt-pt\\\/#\\\/schema\\\/logo\\\/image\\\/\"}}]}<\/script>\n<!-- \/ Yoast SEO plugin. -->","yoast_head_json":{"title":"Concession\u00e1ria de bicicletas el\u00e9tricas, novos distribuidores s\u00e3o procurados - Kuake Bicycle","description":"Congratulamo-nos com clientes e associa\u00e7\u00f5es empresariais de todo o mundo para entrar em contato conosco e cooperar para benef\u00edcios m\u00fatuos.","robots":{"index":"index","follow":"follow","max-snippet":"max-snippet:-1","max-image-preview":"max-image-preview:large","max-video-preview":"max-video-preview:-1"},"canonical":"https:\/\/www.kuakebicycle.com\/pt-pt\/para-nossos-revendedores\/","og_locale":"pt_PT","og_type":"article","og_title":"Concession\u00e1ria de bicicletas el\u00e9tricas, novos distribuidores s\u00e3o procurados - Kuake Bicycle","og_description":"Congratulamo-nos com clientes e associa\u00e7\u00f5es empresariais de todo o mundo para entrar em contato conosco e cooperar para benef\u00edcios m\u00fatuos.","og_url":"https:\/\/www.kuakebicycle.com\/pt-pt\/para-nossos-revendedores\/","og_site_name":"Kuake Bicycle","article_modified_time":"2022-01-11T09:02:53+00:00","twitter_card":"summary_large_image","twitter_misc":{"Tempo estimado de leitura":"1 minuto"},"schema":{"@context":"https:\/\/schema.org","@graph":[{"@type":"WebPage","@id":"https:\/\/www.kuakebicycle.com\/pt-pt\/para-nossos-revendedores\/","url":"https:\/\/www.kuakebicycle.com\/pt-pt\/para-nossos-revendedores\/","name":"Concession\u00e1ria de bicicletas el\u00e9tricas, novos distribuidores s\u00e3o procurados - Kuake Bicycle","isPartOf":{"@id":"https:\/\/www.kuakebicycle.com\/pt-pt\/#website"},"datePublished":"2021-11-30T07:05:34+00:00","dateModified":"2022-01-11T09:02:53+00:00","description":"Congratulamo-nos com clientes e associa\u00e7\u00f5es empresariais de todo o mundo para entrar em contato conosco e cooperar para benef\u00edcios m\u00fatuos.","breadcrumb":{"@id":"https:\/\/www.kuakebicycle.com\/pt-pt\/para-nossos-revendedores\/#breadcrumb"},"inLanguage":"pt-PT","potentialAction":[{"@type":"ReadAction","target":["https:\/\/www.kuakebicycle.com\/pt-pt\/para-nossos-revendedores\/"]}]},{"@type":"BreadcrumbList","@id":"https:\/\/www.kuakebicycle.com\/pt-pt\/para-nossos-revendedores\/#breadcrumb","itemListElement":[{"@type":"ListItem","position":1,"name":"Home","item":"https:\/\/www.kuakebicycle.com\/pt-pt\/"},{"@type":"ListItem","position":2,"name":"Para nossos revendedores"}]},{"@type":"WebSite","@id":"https:\/\/www.kuakebicycle.com\/pt-pt\/#website","url":"https:\/\/www.kuakebicycle.com\/pt-pt\/","name":"Kuake Bicycle","description":"","publisher":{"@id":"https:\/\/www.kuakebicycle.com\/pt-pt\/#organization"},"potentialAction":[{"@type":"SearchAction","target":{"@type":"EntryPoint","urlTemplate":"https:\/\/www.kuakebicycle.com\/pt-pt\/?s={search_term_string}"},"query-input":{"@type":"PropertyValueSpecification","valueRequired":true,"valueName":"search_term_string"}}],"inLanguage":"pt-PT"},{"@type":"Organization","@id":"https:\/\/www.kuakebicycle.com\/pt-pt\/#organization","name":"Kuake Technology","url":"https:\/\/www.kuakebicycle.com\/pt-pt\/","logo":{"@type":"ImageObject","inLanguage":"pt-PT","@id":"https:\/\/www.kuakebicycle.com\/pt-pt\/#\/schema\/logo\/image\/","url":"https:\/\/www.kuakebicycle.com\/wp-content\/uploads\/2021\/03\/icon.png","contentUrl":"https:\/\/www.kuakebicycle.com\/wp-content\/uploads\/2021\/03\/icon.png","width":100,"height":100,"caption":"Kuake Technology"},"image":{"@id":"https:\/\/www.kuakebicycle.com\/pt-pt\/#\/schema\/logo\/image\/"}}]}},"_links":{"self":[{"href":"https:\/\/www.kuakebicycle.com\/pt-pt\/wp-json\/wp\/v2\/pages\/12446","targetHints":{"allow":["GET"]}}],"collection":[{"href":"https:\/\/www.kuakebicycle.com\/pt-pt\/wp-json\/wp\/v2\/pages"}],"about":[{"href":"https:\/\/www.kuakebicycle.com\/pt-pt\/wp-json\/wp\/v2\/types\/page"}],"author":[{"embeddable":true,"href":"https:\/\/www.kuakebicycle.com\/pt-pt\/wp-json\/wp\/v2\/users\/1"}],"replies":[{"embeddable":true,"href":"https:\/\/www.kuakebicycle.com\/pt-pt\/wp-json\/wp\/v2\/comments?post=12446"}],"version-history":[{"count":0,"href":"https:\/\/www.kuakebicycle.com\/pt-pt\/wp-json\/wp\/v2\/pages\/12446\/revisions"}],"wp:attachment":[{"href":"https:\/\/www.kuakebicycle.com\/pt-pt\/wp-json\/wp\/v2\/media?parent=12446"}],"curies":[{"name":"wp","href":"https:\/\/api.w.org\/{rel}","templated":true}]}}