{"id":12336,"date":"2021-11-30T06:58:28","date_gmt":"2021-11-30T06:58:28","guid":{"rendered":"https:\/\/www.kuakebicycle.com\/casa\/"},"modified":"2022-01-06T07:08:28","modified_gmt":"2022-01-06T07:08:28","slug":"casa","status":"publish","type":"page","link":"https:\/\/www.kuakebicycle.com\/pt-pt\/","title":{"rendered":"Casa"},"content":{"rendered":"\n\n\t<h1>\n\t\t\t\t\tCavalgando no caminho\n\t\t\t\t<\/h1>\n\t<h3>\n\t\t\t\t\tTire mais proveito da sua viagem!\n\t\t\t\t<\/h3>\n\t\t\t<p>De aventuras off-road a viagens di\u00e1rias, Kuake tem apenas a bicicleta el\u00e9trica e o triciclo para atender \u00e0s suas necessidades.<\/p>\n\t\t\t<a href=\"https:\/\/www.kuakebicycle.com\/pt-pt\/produtos\/\" target=\"_self\" role=\"button\" rel=\"noopener\">\n\t\t\t\t\t\tNavegue Agora!\n\t\t\t\t\t<\/a>\n<h2>\n\t\tNossos principais produtos\n\t<\/h2>\n\t<p><strong>Triciclo El\u00e9trico de Carga<\/strong><\/p>\n<p><a href=\"https:\/\/www.kuakebicycle.com\/pt-pt\/kk6010-front-loader-electric-cargo-triciclo\/\"><img loading=\"lazy\" decoding=\"async\" src=\"https:\/\/www.kuakebicycle.com\/wp-content\/uploads\/2021\/03\/KK6010-Electric-Cargo-Trike-300x300.jpg\" alt=\"KK6010 Trike de Carga El\u00e9ctrica\" width=\"300\" height=\"300\"\/><\/a><\/p>\n<ul>\n<li>Tela de LCD<\/li>\n<li>24 &#8220;liga de alum\u00ednio<\/li>\n<li>Motor DAPU 36V 250W<\/li>\n<li>Bateria Samsung 36V 10A<\/li>\n<li>Shimano 6 Speed Shifters<\/li>\n<li>Freio de disco hidr\u00e1ulico<\/li>\n<li>25 km \/ he 40 km de dist\u00e2ncia para cobran\u00e7a<\/li>\n<\/ul>\n\t\t\t<a href=\"https:\/\/www.kuakebicycle.com\/pt-pt\/kk6010-front-loader-electric-cargo-triciclo\/\" target=\"_self\" role=\"button\" rel=\"noopener\">\n\t\t\t\t\t\tObt\u00ea-lo agora\n\t\t\t\t\t<\/a>\n\t<p><strong>Bicicleta el\u00e9trica da cidade<\/strong><\/p>\n<p><a href=\"https:\/\/www.kuakebicycle.com\/pt-pt\/kk9053-electric-city-bike\/\"><img loading=\"lazy\" decoding=\"async\" src=\"https:\/\/www.kuakebicycle.com\/wp-content\/uploads\/2021\/03\/KK9053-White-Electric-City-Bike-300x300.png\" alt=\"KK9053 bicicleta urbana el\u00e9trica branca\" width=\"300\" height=\"300\" \/><\/a><\/p>\n<ul>\n<li>Tela de LCD<\/li>\n<li>700C 26 &#8220;liga de alum\u00ednio<\/li>\n<li>36V 250W Motor<\/li>\n<li>Bateria de l\u00edtio 360Wh<\/li>\n<li>Shimano 6 Speed Shifters<\/li>\n<li>Freio de disco mec\u00e2nico TEKTRO<\/li>\n<li>25km \/ he 60 km de dist\u00e2ncia para cobran\u00e7a<\/li>\n<\/ul>\n\t\t\t<a href=\"https:\/\/www.kuakebicycle.com\/pt-pt\/kk9053-electric-city-bike\/\" target=\"_self\" role=\"button\" rel=\"noopener\">\n\t\t\t\t\t\tObt\u00ea-lo agora\n\t\t\t\t\t<\/a>\n\t<p><strong>Mountain bike el\u00e9trica<\/strong><\/p>\n<p><a href=\"https:\/\/www.kuakebicycle.com\/pt-pt\/kk9055-electric-mountain-bike\/\"><img loading=\"lazy\" decoding=\"async\" src=\"https:\/\/www.kuakebicycle.com\/wp-content\/uploads\/2021\/03\/KK9055-Electric-Mountain-Bike-300x300.jpg\" alt=\"KK9055 Bicicleta de montanha el\u00e9trica\" width=\"300\" height=\"300\" \/><\/a><\/p>\n<ul>\n<li>Tela de LCD<\/li>\n<li>Liga de alum\u00ednio AL6061 de 26 polegadas<\/li>\n<li>36V 250W ~ 1000W Oxfo Motor traseiro<\/li>\n<li>Bateria Samsung 36V 10Ah<\/li>\n<li>Shimano 7 Speed Shifters<\/li>\n<li>Freio de disco hidr\u00e1ulico<\/li>\n<li>25km \/ he 60 km de dist\u00e2ncia para cobran\u00e7a<\/li>\n<\/ul>\n\t\t\t<a href=\"https:\/\/www.kuakebicycle.com\/pt-pt\/kk9055-electric-mountain-bike\/\" target=\"_self\" role=\"button\" rel=\"noopener\">\n\t\t\t\t\t\tObt\u00ea-lo agora\n\t\t\t\t\t<\/a>\n\t<h3>\n\t\t\t\t\tQuem podemos ajudar\n\t\t\t\t<\/h3>\n\t\t\t<p>Quer sejam startups, varejistas ou atacadistas, podemos fornecer solu\u00e7\u00f5es para resolver seus pontos fracos.<\/p>\n\t<h5>\n\t\t\t\t\tPontos de dor do Start Ups\n\t\t\t\t<\/h5>\n\t\t\t<ul>\n<li>Os fornecedores n\u00e3o est\u00e3o dispostos a oferecer servi\u00e7os de desenvolvimento.<\/li>\n<li>Fornecedores que n\u00e3o respondem.<\/li>\n<li>Problemas de qualidade.<\/li>\n<li>Obst\u00e1culos tarif\u00e1rios e log\u00edsticos.<\/li>\n<li>Falta de suporte t\u00e9cnico.<\/li>\n<\/ul>\n\t<h5>\n\t\t\t\t\tPontos negativos dos varejistas\n\t\t\t\t<\/h5>\n\t\t\t<ul>\n<li>Uma capacidade limitada.<\/li>\n<li>Qualidade do produto comprometida.<\/li>\n<li>N\u00e3o sei qual produto escolher.<\/li>\n<li>Desamparado na capacidade de controle.<\/li>\n<li>Um intermedi\u00e1rio inconveniente.<\/li>\n<\/ul>\n\t<h5>\n\t\t\t\t\tPontos cr\u00edticos dos atacadistas\n\t\t\t\t<\/h5>\n\t\t\t<ul>\n<li>Capacidade insuficiente do fornecedor.<\/li>\n<li>Qualidade ruim.<\/li>\n<li>Altos impostos de importa\u00e7\u00e3o reduzindo seu lucro.<\/li>\n<li>Longa espera por amostras.<\/li>\n<li>Um grande risco de perder sua vantagem!<\/li>\n<\/ul>\n\t<h3>\n\t\t\t\t\tPorque escolher-nos\n\t\t\t\t<\/h3>\n\t\t\t<p>As caracter\u00edsticas de nossas bicicletas el\u00e9tricas s\u00e3o f\u00e1ceis de usar, seguras e eficazes, por isso s\u00e3o amplamente reconhecidas no mercado global.<\/p>\n\t<h5>\n\t\t\t\t\tQualidade premium\n\t\t\t\t<\/h5>\n\t\t\t<p>Alta qualidade, extremamente confort\u00e1vel, super baixa manuten\u00e7\u00e3o e garantia de um ano.<\/p>\n\t<h5>\n\t\t\t\t\tEquipe de Design\n\t\t\t\t<\/h5>\n\t\t\t<p>Nosso P&amp;D trabalha para desenvolver produtos que sejam inovadores e exclusivos para e-bikes.<\/p>\n\t<h5>\n\t\t\t\t\tBom servi\u00e7o\n\t\t\t\t<\/h5>\n\t\t\t<p>Voc\u00ea receber\u00e1 uma resposta r\u00e1pida de nosso atendimento profissional 7 * 24 horas.<\/p>\n\t<h5>\n\t\t\t\t\tPrazo de execu\u00e7\u00e3o curto\n\t\t\t\t<\/h5>\n\t\t\t<p>Temos uma grande capacidade para garantir a entrega mais r\u00e1pida em todo o mundo.<\/p>\n\t<h3>\n\t\t\t\t\tPerguntas e Respostas\n\t\t\t\t<\/h3>\n<p>Queremos ajud\u00e1-lo a saber mais sobre n\u00f3s, listamos as perguntas mais frequentes que podem preocup\u00e1-lo.<\/p>\n\t\t\t\t<img decoding=\"async\" src=\"https:\/\/www.kuakebicycle.com\/wp-content\/uploads\/2021\/03\/Pedego-bg-pic.jpg\" alt=\"Pedego bg pic\" itemprop=\"image\"\/>\n\t<ul>\n\t\t<li>\t\t\t\t\n\t\t<h5>Posso obter algumas amostras? E eles est\u00e3o em estoque? E eles est\u00e3o em estoque?<\/h5><p>Sim, um pedido de amostra est\u00e1 dispon\u00edvel para verifica\u00e7\u00e3o de qualidade e teste de mercado. Normalmente mantemos alguns estoques no armaz\u00e9m, uma vez que o pedido da amostra \u00e9 confirmado, podemos ter certeza de que voc\u00ea receber\u00e1 as amostras em um tempo muito curto. Normalmente mantemos alguns estoques no armaz\u00e9m, uma vez que o pedido da amostra \u00e9 confirmado, podemos ter certeza de que voc\u00ea receber\u00e1 as amostras em um tempo muito curto.<\/p><\/li><li>\t\t\t\t\n\t\t<h5>Voc\u00ea aceita pedidos de clientes OEM?<\/h5><p>Sim, podemos fazer a bicicleta de acordo com as especifica\u00e7\u00f5es do cliente, combina\u00e7\u00e3o de cores e at\u00e9 logotipo \/ design, bem como solicita\u00e7\u00e3o de pacote, desde que o pedido seja em um container 1X20 &#8216;e mais. Caso contr\u00e1rio, temos que negociar. Caso contr\u00e1rio, temos que negociar.<\/p><\/li><li>\t\t\t\t\n\t\t<h5>Qual \u00e9 o prazo de entrega de pedidos em massa?<\/h5><p>Geralmente, leva cerca de 25 a 40 dias \u00fateis para a produ\u00e7\u00e3o com base nas especifica\u00e7\u00f5es do seu pedido e quantidade.<\/p><\/li><li>\t\t\t\t\n\t\t<h5>Quais s\u00e3o os seus termos de garantia?<\/h5><p>Nossa garantia cobre defeitos de fabrica\u00e7\u00e3o e de material, e n\u00e3o cobre desgaste normal, dano \/ falha devido a um acidente, dano incidental ou conseq\u00fcencial, ou qualquer uso do produto que seja inconsistente com as instru\u00e7\u00f5es de opera\u00e7\u00e3o estabelecidas em nosso manual do usu\u00e1rio.<\/p><\/li>\t<\/ul>\n\n","protected":false},"excerpt":{"rendered":"<p>Cavalgando no caminho Tire mais proveito da sua viagem! De aventuras off-road a viagens di\u00e1rias, Kuake tem apenas a bicicleta el\u00e9trica e o triciclo para atender \u00e0s suas necessidades. Navegue Agora! Nossos principais produtos Triciclo [&hellip;]<\/p>\n","protected":false},"author":1,"featured_media":0,"parent":0,"menu_order":0,"comment_status":"closed","ping_status":"open","template":"","meta":{"site-sidebar-layout":"no-sidebar","site-content-layout":"page-builder","ast-site-content-layout":"default","site-content-style":"default","site-sidebar-style":"default","ast-global-header-display":"","ast-banner-title-visibility":"","ast-main-header-display":"","ast-hfb-above-header-display":"","ast-hfb-below-header-display":"","ast-hfb-mobile-header-display":"","site-post-title":"disabled","ast-breadcrumbs-content":"","ast-featured-img":"disabled","footer-sml-layout":"","ast-disable-related-posts":"","theme-transparent-header-meta":"default","adv-header-id-meta":"","stick-header-meta":"default","header-above-stick-meta":"","header-main-stick-meta":"","header-below-stick-meta":"","astra-migrate-meta-layouts":"default","ast-page-background-enabled":"default","ast-page-background-meta":{"desktop":{"background-color":"","background-image":"","background-repeat":"repeat","background-position":"center center","background-size":"auto","background-attachment":"scroll","background-type":"","background-media":"","overlay-type":"","overlay-color":"","overlay-opacity":"","overlay-gradient":""},"tablet":{"background-color":"","background-image":"","background-repeat":"repeat","background-position":"center center","background-size":"auto","background-attachment":"scroll","background-type":"","background-media":"","overlay-type":"","overlay-color":"","overlay-opacity":"","overlay-gradient":""},"mobile":{"background-color":"","background-image":"","background-repeat":"repeat","background-position":"center center","background-size":"auto","background-attachment":"scroll","background-type":"","background-media":"","overlay-type":"","overlay-color":"","overlay-opacity":"","overlay-gradient":""}},"ast-content-background-meta":{"desktop":{"background-color":"var(--ast-global-color-5)","background-image":"","background-repeat":"repeat","background-position":"center center","background-size":"auto","background-attachment":"scroll","background-type":"","background-media":"","overlay-type":"","overlay-color":"","overlay-opacity":"","overlay-gradient":""},"tablet":{"background-color":"var(--ast-global-color-5)","background-image":"","background-repeat":"repeat","background-position":"center center","background-size":"auto","background-attachment":"scroll","background-type":"","background-media":"","overlay-type":"","overlay-color":"","overlay-opacity":"","overlay-gradient":""},"mobile":{"background-color":"var(--ast-global-color-5)","background-image":"","background-repeat":"repeat","background-position":"center center","background-size":"auto","background-attachment":"scroll","background-type":"","background-media":"","overlay-type":"","overlay-color":"","overlay-opacity":"","overlay-gradient":""}},"footnotes":""},"class_list":["post-12336","page","type-page","status-publish","hentry"],"yoast_head":"<!-- This site is optimized with the Yoast SEO plugin v27.5 - https:\/\/yoast.com\/product\/yoast-seo-wordpress\/ -->\n<title>Bicicleta El\u00e9trica Direto Da F\u00e1brica, Melhor Fabricante De Bicicleta El\u00e9trica 2022 - Kuake Bicycle<\/title>\n<meta name=\"description\" content=\"A Kuake \u00e9 especializada na concep\u00e7\u00e3o e fabrica\u00e7\u00e3o de triciclos el\u00e9tricos de bicicletas el\u00e9tricas. Qualidade premium com o melhor pre\u00e7o e bom atendimento p\u00f3s-venda.\" \/>\n<meta name=\"robots\" content=\"index, follow, max-snippet:-1, max-image-preview:large, max-video-preview:-1\" \/>\n<link rel=\"canonical\" href=\"https:\/\/www.kuakebicycle.com\/pt-pt\/\" \/>\n<meta property=\"og:locale\" content=\"pt_PT\" \/>\n<meta property=\"og:type\" content=\"article\" \/>\n<meta property=\"og:title\" content=\"Bicicleta El\u00e9trica Direto Da F\u00e1brica, Melhor Fabricante De Bicicleta El\u00e9trica 2022 - Kuake Bicycle\" \/>\n<meta property=\"og:description\" content=\"A Kuake \u00e9 especializada na concep\u00e7\u00e3o e fabrica\u00e7\u00e3o de triciclos el\u00e9tricos de bicicletas el\u00e9tricas. Qualidade premium com o melhor pre\u00e7o e bom atendimento p\u00f3s-venda.\" \/>\n<meta property=\"og:url\" content=\"https:\/\/www.kuakebicycle.com\/pt-pt\/\" \/>\n<meta property=\"og:site_name\" content=\"Kuake Bicycle\" \/>\n<meta property=\"article:modified_time\" content=\"2022-01-06T07:08:28+00:00\" \/>\n<meta property=\"og:image\" content=\"https:\/\/www.kuakebicycle.com\/wp-content\/uploads\/2021\/03\/KK6010-Electric-Cargo-Trike-300x300.jpg\" \/>\n<meta name=\"twitter:card\" content=\"summary_large_image\" \/>\n<meta name=\"twitter:label1\" content=\"Tempo estimado de leitura\" \/>\n\t<meta name=\"twitter:data1\" content=\"3 minutos\" \/>\n<script type=\"application\/ld+json\" class=\"yoast-schema-graph\">{\"@context\":\"https:\\\/\\\/schema.org\",\"@graph\":[{\"@type\":\"WebPage\",\"@id\":\"https:\\\/\\\/www.kuakebicycle.com\\\/pt-pt\\\/\",\"url\":\"https:\\\/\\\/www.kuakebicycle.com\\\/pt-pt\\\/\",\"name\":\"Bicicleta El\u00e9trica Direto Da F\u00e1brica, Melhor Fabricante De Bicicleta El\u00e9trica 2022 - Kuake Bicycle\",\"isPartOf\":{\"@id\":\"https:\\\/\\\/www.kuakebicycle.com\\\/pt-pt\\\/#website\"},\"primaryImageOfPage\":{\"@id\":\"https:\\\/\\\/www.kuakebicycle.com\\\/pt-pt\\\/#primaryimage\"},\"image\":{\"@id\":\"https:\\\/\\\/www.kuakebicycle.com\\\/pt-pt\\\/#primaryimage\"},\"thumbnailUrl\":\"https:\\\/\\\/www.kuakebicycle.com\\\/wp-content\\\/uploads\\\/2021\\\/03\\\/KK6010-Electric-Cargo-Trike-300x300.jpg\",\"datePublished\":\"2021-11-30T06:58:28+00:00\",\"dateModified\":\"2022-01-06T07:08:28+00:00\",\"description\":\"A Kuake \u00e9 especializada na concep\u00e7\u00e3o e fabrica\u00e7\u00e3o de triciclos el\u00e9tricos de bicicletas el\u00e9tricas. Qualidade premium com o melhor pre\u00e7o e bom atendimento p\u00f3s-venda.\",\"breadcrumb\":{\"@id\":\"https:\\\/\\\/www.kuakebicycle.com\\\/pt-pt\\\/#breadcrumb\"},\"inLanguage\":\"pt-PT\",\"potentialAction\":[{\"@type\":\"ReadAction\",\"target\":[\"https:\\\/\\\/www.kuakebicycle.com\\\/pt-pt\\\/\"]}]},{\"@type\":\"ImageObject\",\"inLanguage\":\"pt-PT\",\"@id\":\"https:\\\/\\\/www.kuakebicycle.com\\\/pt-pt\\\/#primaryimage\",\"url\":\"https:\\\/\\\/www.kuakebicycle.com\\\/wp-content\\\/uploads\\\/2021\\\/03\\\/KK6010-Electric-Cargo-Trike-300x300.jpg\",\"contentUrl\":\"https:\\\/\\\/www.kuakebicycle.com\\\/wp-content\\\/uploads\\\/2021\\\/03\\\/KK6010-Electric-Cargo-Trike-300x300.jpg\"},{\"@type\":\"BreadcrumbList\",\"@id\":\"https:\\\/\\\/www.kuakebicycle.com\\\/pt-pt\\\/#breadcrumb\",\"itemListElement\":[{\"@type\":\"ListItem\",\"position\":1,\"name\":\"Home\",\"item\":\"https:\\\/\\\/www.kuakebicycle.com\\\/pt-pt\\\/\"},{\"@type\":\"ListItem\",\"position\":2,\"name\":\"Casa\"}]},{\"@type\":\"WebSite\",\"@id\":\"https:\\\/\\\/www.kuakebicycle.com\\\/pt-pt\\\/#website\",\"url\":\"https:\\\/\\\/www.kuakebicycle.com\\\/pt-pt\\\/\",\"name\":\"Kuake Bicycle\",\"description\":\"\",\"publisher\":{\"@id\":\"https:\\\/\\\/www.kuakebicycle.com\\\/pt-pt\\\/#organization\"},\"potentialAction\":[{\"@type\":\"SearchAction\",\"target\":{\"@type\":\"EntryPoint\",\"urlTemplate\":\"https:\\\/\\\/www.kuakebicycle.com\\\/pt-pt\\\/?s={search_term_string}\"},\"query-input\":{\"@type\":\"PropertyValueSpecification\",\"valueRequired\":true,\"valueName\":\"search_term_string\"}}],\"inLanguage\":\"pt-PT\"},{\"@type\":\"Organization\",\"@id\":\"https:\\\/\\\/www.kuakebicycle.com\\\/pt-pt\\\/#organization\",\"name\":\"Kuake Technology\",\"url\":\"https:\\\/\\\/www.kuakebicycle.com\\\/pt-pt\\\/\",\"logo\":{\"@type\":\"ImageObject\",\"inLanguage\":\"pt-PT\",\"@id\":\"https:\\\/\\\/www.kuakebicycle.com\\\/pt-pt\\\/#\\\/schema\\\/logo\\\/image\\\/\",\"url\":\"https:\\\/\\\/www.kuakebicycle.com\\\/wp-content\\\/uploads\\\/2021\\\/03\\\/icon.png\",\"contentUrl\":\"https:\\\/\\\/www.kuakebicycle.com\\\/wp-content\\\/uploads\\\/2021\\\/03\\\/icon.png\",\"width\":100,\"height\":100,\"caption\":\"Kuake Technology\"},\"image\":{\"@id\":\"https:\\\/\\\/www.kuakebicycle.com\\\/pt-pt\\\/#\\\/schema\\\/logo\\\/image\\\/\"}}]}<\/script>\n<!-- \/ Yoast SEO plugin. -->","yoast_head_json":{"title":"Bicicleta El\u00e9trica Direto Da F\u00e1brica, Melhor Fabricante De Bicicleta El\u00e9trica 2022 - Kuake Bicycle","description":"A Kuake \u00e9 especializada na concep\u00e7\u00e3o e fabrica\u00e7\u00e3o de triciclos el\u00e9tricos de bicicletas el\u00e9tricas. Qualidade premium com o melhor pre\u00e7o e bom atendimento p\u00f3s-venda.","robots":{"index":"index","follow":"follow","max-snippet":"max-snippet:-1","max-image-preview":"max-image-preview:large","max-video-preview":"max-video-preview:-1"},"canonical":"https:\/\/www.kuakebicycle.com\/pt-pt\/","og_locale":"pt_PT","og_type":"article","og_title":"Bicicleta El\u00e9trica Direto Da F\u00e1brica, Melhor Fabricante De Bicicleta El\u00e9trica 2022 - Kuake Bicycle","og_description":"A Kuake \u00e9 especializada na concep\u00e7\u00e3o e fabrica\u00e7\u00e3o de triciclos el\u00e9tricos de bicicletas el\u00e9tricas. Qualidade premium com o melhor pre\u00e7o e bom atendimento p\u00f3s-venda.","og_url":"https:\/\/www.kuakebicycle.com\/pt-pt\/","og_site_name":"Kuake Bicycle","article_modified_time":"2022-01-06T07:08:28+00:00","og_image":[{"url":"https:\/\/www.kuakebicycle.com\/wp-content\/uploads\/2021\/03\/KK6010-Electric-Cargo-Trike-300x300.jpg","type":"","width":"","height":""}],"twitter_card":"summary_large_image","twitter_misc":{"Tempo estimado de leitura":"3 minutos"},"schema":{"@context":"https:\/\/schema.org","@graph":[{"@type":"WebPage","@id":"https:\/\/www.kuakebicycle.com\/pt-pt\/","url":"https:\/\/www.kuakebicycle.com\/pt-pt\/","name":"Bicicleta El\u00e9trica Direto Da F\u00e1brica, Melhor Fabricante De Bicicleta El\u00e9trica 2022 - Kuake Bicycle","isPartOf":{"@id":"https:\/\/www.kuakebicycle.com\/pt-pt\/#website"},"primaryImageOfPage":{"@id":"https:\/\/www.kuakebicycle.com\/pt-pt\/#primaryimage"},"image":{"@id":"https:\/\/www.kuakebicycle.com\/pt-pt\/#primaryimage"},"thumbnailUrl":"https:\/\/www.kuakebicycle.com\/wp-content\/uploads\/2021\/03\/KK6010-Electric-Cargo-Trike-300x300.jpg","datePublished":"2021-11-30T06:58:28+00:00","dateModified":"2022-01-06T07:08:28+00:00","description":"A Kuake \u00e9 especializada na concep\u00e7\u00e3o e fabrica\u00e7\u00e3o de triciclos el\u00e9tricos de bicicletas el\u00e9tricas. Qualidade premium com o melhor pre\u00e7o e bom atendimento p\u00f3s-venda.","breadcrumb":{"@id":"https:\/\/www.kuakebicycle.com\/pt-pt\/#breadcrumb"},"inLanguage":"pt-PT","potentialAction":[{"@type":"ReadAction","target":["https:\/\/www.kuakebicycle.com\/pt-pt\/"]}]},{"@type":"ImageObject","inLanguage":"pt-PT","@id":"https:\/\/www.kuakebicycle.com\/pt-pt\/#primaryimage","url":"https:\/\/www.kuakebicycle.com\/wp-content\/uploads\/2021\/03\/KK6010-Electric-Cargo-Trike-300x300.jpg","contentUrl":"https:\/\/www.kuakebicycle.com\/wp-content\/uploads\/2021\/03\/KK6010-Electric-Cargo-Trike-300x300.jpg"},{"@type":"BreadcrumbList","@id":"https:\/\/www.kuakebicycle.com\/pt-pt\/#breadcrumb","itemListElement":[{"@type":"ListItem","position":1,"name":"Home","item":"https:\/\/www.kuakebicycle.com\/pt-pt\/"},{"@type":"ListItem","position":2,"name":"Casa"}]},{"@type":"WebSite","@id":"https:\/\/www.kuakebicycle.com\/pt-pt\/#website","url":"https:\/\/www.kuakebicycle.com\/pt-pt\/","name":"Kuake Bicycle","description":"","publisher":{"@id":"https:\/\/www.kuakebicycle.com\/pt-pt\/#organization"},"potentialAction":[{"@type":"SearchAction","target":{"@type":"EntryPoint","urlTemplate":"https:\/\/www.kuakebicycle.com\/pt-pt\/?s={search_term_string}"},"query-input":{"@type":"PropertyValueSpecification","valueRequired":true,"valueName":"search_term_string"}}],"inLanguage":"pt-PT"},{"@type":"Organization","@id":"https:\/\/www.kuakebicycle.com\/pt-pt\/#organization","name":"Kuake Technology","url":"https:\/\/www.kuakebicycle.com\/pt-pt\/","logo":{"@type":"ImageObject","inLanguage":"pt-PT","@id":"https:\/\/www.kuakebicycle.com\/pt-pt\/#\/schema\/logo\/image\/","url":"https:\/\/www.kuakebicycle.com\/wp-content\/uploads\/2021\/03\/icon.png","contentUrl":"https:\/\/www.kuakebicycle.com\/wp-content\/uploads\/2021\/03\/icon.png","width":100,"height":100,"caption":"Kuake Technology"},"image":{"@id":"https:\/\/www.kuakebicycle.com\/pt-pt\/#\/schema\/logo\/image\/"}}]}},"_links":{"self":[{"href":"https:\/\/www.kuakebicycle.com\/pt-pt\/wp-json\/wp\/v2\/pages\/12336","targetHints":{"allow":["GET"]}}],"collection":[{"href":"https:\/\/www.kuakebicycle.com\/pt-pt\/wp-json\/wp\/v2\/pages"}],"about":[{"href":"https:\/\/www.kuakebicycle.com\/pt-pt\/wp-json\/wp\/v2\/types\/page"}],"author":[{"embeddable":true,"href":"https:\/\/www.kuakebicycle.com\/pt-pt\/wp-json\/wp\/v2\/users\/1"}],"replies":[{"embeddable":true,"href":"https:\/\/www.kuakebicycle.com\/pt-pt\/wp-json\/wp\/v2\/comments?post=12336"}],"version-history":[{"count":0,"href":"https:\/\/www.kuakebicycle.com\/pt-pt\/wp-json\/wp\/v2\/pages\/12336\/revisions"}],"wp:attachment":[{"href":"https:\/\/www.kuakebicycle.com\/pt-pt\/wp-json\/wp\/v2\/media?parent=12336"}],"curies":[{"name":"wp","href":"https:\/\/api.w.org\/{rel}","templated":true}]}}