{"id":11903,"date":"2021-11-30T06:44:57","date_gmt":"2021-11-30T06:44:57","guid":{"rendered":"https:\/\/www.kuakebicycle.com\/cerca-de\/"},"modified":"2022-01-06T08:57:58","modified_gmt":"2022-01-06T08:57:58","slug":"cerca-de","status":"publish","type":"page","link":"https:\/\/www.kuakebicycle.com\/pt-pt\/cerca-de\/","title":{"rendered":"Sobre n\u00f3s"},"content":{"rendered":"\n<h2>\n\t\tSobre n\u00f3s\n\t<\/h2>\n\t<ul>\n\t\t<li>\t\t\n\t\t\t\t<img decoding=\"async\" src=\"https:\/\/www.kuakebicycle.com\/wp-content\/uploads\/2017\/07\/big-diamond40x40-free-img.png\" alt=\"big-diamond(40x40)\" itemprop=\"image\"\/>\n\t\t<h4>Miss\u00e3o<\/h4><p>N\u00f3s fornecemos servi\u00e7os OEM, ODM e OBM, ajudando os clientes a projetar as pe\u00e7as da bicicleta de acordo com requisitos especiais.<\/p><\/li><li>\t\t\n\t\t\t\t<img decoding=\"async\" src=\"https:\/\/www.kuakebicycle.com\/wp-content\/uploads\/2017\/07\/sight40x40-free-img.png\" alt=\"sight(40x40)\" itemprop=\"image\"\/>\n\t\t<h4>Vis\u00e3o<\/h4><p>Cada elemento da e-bike Kuake foi projetado, projetado e fabricado de acordo com os padr\u00f5es mais rigorosos.<\/p><\/li><li>\t\t\n\t\t\t\t<img decoding=\"async\" src=\"https:\/\/www.kuakebicycle.com\/wp-content\/uploads\/2017\/07\/gift40x40-free-img.png\" alt=\"gift(40x40)\" itemprop=\"image\"\/>\n\t\t<h4>Valores<\/h4><p>Congratulamo-nos com clientes e associa\u00e7\u00f5es empresariais de todas as partes do mundo para nos contactar para coopera\u00e7\u00e3o.<\/p><\/li>\t<\/ul>\n\t<p><strong>1. Apresente<\/strong><\/p>\n<p>A Jiangsu Kuake Technology Co., Ltd. foi fundada em 2009, uma fabricante de bicicletas e triciclos el\u00e9tricos com instala\u00e7\u00f5es de teste bem equipadas e uma forte for\u00e7a t\u00e9cnica.<\/p>\n<p>Com base em pesquisas de mercado e feedback de clientes, nosso departamento de P&amp;D trabalha com bicicletas el\u00e9tricas e triciclos inovadores e \u00fanicos.<\/p>\n\t\t\t\t<img loading=\"lazy\" decoding=\"async\" src=\"https:\/\/www.kuakebicycle.com\/wp-content\/uploads\/2021\/03\/Company-Introduction.jpg\" alt=\"introdu\u00e7\u00e3o da empresa\" itemprop=\"image\" height=\"388\" width=\"733\" title=\"introdu\u00e7\u00e3o da empresa\" onerror=\"this.style.display='none'\"  \/>\n\t<p><strong>2. Oficina de produ\u00e7\u00e3o<\/strong><\/p>\n<p>Todas as pe\u00e7as do produto para exporta\u00e7\u00e3o podem atender aos padr\u00f5es internacionais de qualidade, como CE, CEE, EN, EMC, ROSH, etc.<\/p>\n<p>N\u00f3s fornecemos servi\u00e7os OEM, ODM e OBM, ajudando os clientes a projetar as pe\u00e7as da bicicleta de acordo com requisitos especiais.<\/p>\n<p>Cada elemento das e-bikes Kuake foi projetado, projetado e fabricado de acordo com os padr\u00f5es mais rigorosos. Eles s\u00e3o montados e testados em estradas estritamente.<\/p>\n<p>Garantindo um fornecimento est\u00e1vel e oportuno, qualidade confi\u00e1vel e servi\u00e7o sincero, nossos produtos vendem bem tanto no mercado interno quanto em cerca de 48 pa\u00edses no exterior.<\/p>\n\t\t\t\t<img loading=\"lazy\" decoding=\"async\" src=\"https:\/\/www.kuakebicycle.com\/wp-content\/uploads\/2021\/03\/Workshop.jpg\" alt=\"Oficina\" itemprop=\"image\" height=\"450\" width=\"649\" title=\"Oficina\" onerror=\"this.style.display='none'\"  \/>\n\t<p><strong>3. Estoque de armaz\u00e9m<\/strong><\/p>\n<p>A velocidade de entrega \u00e9 um dos mais indicadores de servi\u00e7o da Kuake Technology Co., Ltd. Temos uma coopera\u00e7\u00e3o estreita com conhecidos fornecedores e fabricantes de componentes el\u00e9tricos para bicicletas e triciclos em todo o mundo.<\/p>\n<p>Al\u00e9m disso, tamb\u00e9m temos um grande estoque para garantir aos nossos clientes uma entrega pontual e um bom servi\u00e7o p\u00f3s-venda.<\/p>\n<p>Consulte-nos para consultar os prazos de entrega dos modelos espec\u00edficos.<\/p>\n\t\t\t\t<img loading=\"lazy\" decoding=\"async\" src=\"https:\/\/www.kuakebicycle.com\/wp-content\/uploads\/2021\/03\/Warehouse.jpg\" alt=\"Armaz\u00e9m\" itemprop=\"image\" height=\"480\" width=\"646\" title=\"Armaz\u00e9m\" onerror=\"this.style.display='none'\"  \/>\n\t<p><strong>4. Coopera\u00e7\u00e3o<\/strong><\/p>\n<p>Pague pouca preocupa\u00e7\u00e3o, obtenha o maior retorno, podemos fazer mais dinheiro para voc\u00ea.<\/p>\n<p>Atrav\u00e9s de nove anos de esfor\u00e7o, nossa produ\u00e7\u00e3o anual atingiu 100.000 pe\u00e7as. Congratulamo-nos com clientes, associa\u00e7\u00f5es empresariais e amigos de todas as partes do mundo para nos contactar para coopera\u00e7\u00e3o.<\/p>\n\t\t\t\t<img loading=\"lazy\" decoding=\"async\" src=\"https:\/\/www.kuakebicycle.com\/wp-content\/uploads\/2021\/03\/Cooperation.png\" alt=\"Coopera\u00e7\u00e3o\" itemprop=\"image\" height=\"285\" width=\"491\" title=\"Coopera\u00e7\u00e3o\" onerror=\"this.style.display='none'\"  \/>\n\n","protected":false},"excerpt":{"rendered":"<p>Sobre n\u00f3s Miss\u00e3o N\u00f3s fornecemos servi\u00e7os OEM, ODM e OBM, ajudando os clientes a projetar as pe\u00e7as da bicicleta de acordo com requisitos especiais. Vis\u00e3o Cada elemento da e-bike Kuake foi projetado, projetado e fabricado [&hellip;]<\/p>\n","protected":false},"author":1,"featured_media":0,"parent":0,"menu_order":0,"comment_status":"closed","ping_status":"closed","template":"","meta":{"site-sidebar-layout":"no-sidebar","site-content-layout":"page-builder","ast-site-content-layout":"default","site-content-style":"default","site-sidebar-style":"default","ast-global-header-display":"","ast-banner-title-visibility":"","ast-main-header-display":"","ast-hfb-above-header-display":"","ast-hfb-below-header-display":"","ast-hfb-mobile-header-display":"","site-post-title":"disabled","ast-breadcrumbs-content":"","ast-featured-img":"disabled","footer-sml-layout":"","ast-disable-related-posts":"","theme-transparent-header-meta":"default","adv-header-id-meta":"","stick-header-meta":"default","header-above-stick-meta":"","header-main-stick-meta":"","header-below-stick-meta":"","astra-migrate-meta-layouts":"default","ast-page-background-enabled":"default","ast-page-background-meta":{"desktop":{"background-color":"","background-image":"","background-repeat":"repeat","background-position":"center center","background-size":"auto","background-attachment":"scroll","background-type":"","background-media":"","overlay-type":"","overlay-color":"","overlay-opacity":"","overlay-gradient":""},"tablet":{"background-color":"","background-image":"","background-repeat":"repeat","background-position":"center center","background-size":"auto","background-attachment":"scroll","background-type":"","background-media":"","overlay-type":"","overlay-color":"","overlay-opacity":"","overlay-gradient":""},"mobile":{"background-color":"","background-image":"","background-repeat":"repeat","background-position":"center center","background-size":"auto","background-attachment":"scroll","background-type":"","background-media":"","overlay-type":"","overlay-color":"","overlay-opacity":"","overlay-gradient":""}},"ast-content-background-meta":{"desktop":{"background-color":"var(--ast-global-color-5)","background-image":"","background-repeat":"repeat","background-position":"center center","background-size":"auto","background-attachment":"scroll","background-type":"","background-media":"","overlay-type":"","overlay-color":"","overlay-opacity":"","overlay-gradient":""},"tablet":{"background-color":"var(--ast-global-color-5)","background-image":"","background-repeat":"repeat","background-position":"center center","background-size":"auto","background-attachment":"scroll","background-type":"","background-media":"","overlay-type":"","overlay-color":"","overlay-opacity":"","overlay-gradient":""},"mobile":{"background-color":"var(--ast-global-color-5)","background-image":"","background-repeat":"repeat","background-position":"center center","background-size":"auto","background-attachment":"scroll","background-type":"","background-media":"","overlay-type":"","overlay-color":"","overlay-opacity":"","overlay-gradient":""}},"footnotes":""},"class_list":["post-11903","page","type-page","status-publish","hentry"],"yoast_head":"<!-- This site is optimized with the Yoast SEO plugin v27.4 - https:\/\/yoast.com\/product\/yoast-seo-wordpress\/ -->\n<title>Sobre n\u00f3s - Kuake Bicycle<\/title>\n<meta name=\"description\" content=\"Fundada em 2009, a Jiangsu Kuake Technology Co., Ltd. \u00e9 fabricante de e-bikes e e-bikes de carga, oferecendo servi\u00e7os de OEM, ODM e OBM.\" \/>\n<meta name=\"robots\" content=\"index, follow, max-snippet:-1, max-image-preview:large, max-video-preview:-1\" \/>\n<link rel=\"canonical\" href=\"https:\/\/www.kuakebicycle.com\/pt-pt\/cerca-de\/\" \/>\n<meta property=\"og:locale\" content=\"pt_PT\" \/>\n<meta property=\"og:type\" content=\"article\" \/>\n<meta property=\"og:title\" content=\"Sobre n\u00f3s - Kuake Bicycle\" \/>\n<meta property=\"og:description\" content=\"Fundada em 2009, a Jiangsu Kuake Technology Co., Ltd. \u00e9 fabricante de e-bikes e e-bikes de carga, oferecendo servi\u00e7os de OEM, ODM e OBM.\" \/>\n<meta property=\"og:url\" content=\"https:\/\/www.kuakebicycle.com\/pt-pt\/cerca-de\/\" \/>\n<meta property=\"og:site_name\" content=\"Kuake Bicycle\" \/>\n<meta property=\"article:modified_time\" content=\"2022-01-06T08:57:58+00:00\" \/>\n<meta property=\"og:image\" content=\"https:\/\/www.kuakebicycle.com\/wp-content\/uploads\/2017\/07\/big-diamond40x40-free-img.png\" \/>\n<meta name=\"twitter:card\" content=\"summary_large_image\" \/>\n<meta name=\"twitter:label1\" content=\"Tempo estimado de leitura\" \/>\n\t<meta name=\"twitter:data1\" content=\"2 minutos\" \/>\n<script type=\"application\/ld+json\" class=\"yoast-schema-graph\">{\"@context\":\"https:\\\/\\\/schema.org\",\"@graph\":[{\"@type\":\"WebPage\",\"@id\":\"https:\\\/\\\/www.kuakebicycle.com\\\/pt-pt\\\/cerca-de\\\/\",\"url\":\"https:\\\/\\\/www.kuakebicycle.com\\\/pt-pt\\\/cerca-de\\\/\",\"name\":\"Sobre n\u00f3s - Kuake Bicycle\",\"isPartOf\":{\"@id\":\"https:\\\/\\\/www.kuakebicycle.com\\\/pt-pt\\\/#website\"},\"primaryImageOfPage\":{\"@id\":\"https:\\\/\\\/www.kuakebicycle.com\\\/pt-pt\\\/cerca-de\\\/#primaryimage\"},\"image\":{\"@id\":\"https:\\\/\\\/www.kuakebicycle.com\\\/pt-pt\\\/cerca-de\\\/#primaryimage\"},\"thumbnailUrl\":\"https:\\\/\\\/www.kuakebicycle.com\\\/wp-content\\\/uploads\\\/2017\\\/07\\\/big-diamond40x40-free-img.png\",\"datePublished\":\"2021-11-30T06:44:57+00:00\",\"dateModified\":\"2022-01-06T08:57:58+00:00\",\"description\":\"Fundada em 2009, a Jiangsu Kuake Technology Co., Ltd. \u00e9 fabricante de e-bikes e e-bikes de carga, oferecendo servi\u00e7os de OEM, ODM e OBM.\",\"breadcrumb\":{\"@id\":\"https:\\\/\\\/www.kuakebicycle.com\\\/pt-pt\\\/cerca-de\\\/#breadcrumb\"},\"inLanguage\":\"pt-PT\",\"potentialAction\":[{\"@type\":\"ReadAction\",\"target\":[\"https:\\\/\\\/www.kuakebicycle.com\\\/pt-pt\\\/cerca-de\\\/\"]}]},{\"@type\":\"ImageObject\",\"inLanguage\":\"pt-PT\",\"@id\":\"https:\\\/\\\/www.kuakebicycle.com\\\/pt-pt\\\/cerca-de\\\/#primaryimage\",\"url\":\"https:\\\/\\\/www.kuakebicycle.com\\\/wp-content\\\/uploads\\\/2017\\\/07\\\/big-diamond40x40-free-img.png\",\"contentUrl\":\"https:\\\/\\\/www.kuakebicycle.com\\\/wp-content\\\/uploads\\\/2017\\\/07\\\/big-diamond40x40-free-img.png\"},{\"@type\":\"BreadcrumbList\",\"@id\":\"https:\\\/\\\/www.kuakebicycle.com\\\/pt-pt\\\/cerca-de\\\/#breadcrumb\",\"itemListElement\":[{\"@type\":\"ListItem\",\"position\":1,\"name\":\"Home\",\"item\":\"https:\\\/\\\/www.kuakebicycle.com\\\/pt-pt\\\/\"},{\"@type\":\"ListItem\",\"position\":2,\"name\":\"Sobre n\u00f3s\"}]},{\"@type\":\"WebSite\",\"@id\":\"https:\\\/\\\/www.kuakebicycle.com\\\/pt-pt\\\/#website\",\"url\":\"https:\\\/\\\/www.kuakebicycle.com\\\/pt-pt\\\/\",\"name\":\"Kuake Bicycle\",\"description\":\"\",\"publisher\":{\"@id\":\"https:\\\/\\\/www.kuakebicycle.com\\\/pt-pt\\\/#organization\"},\"potentialAction\":[{\"@type\":\"SearchAction\",\"target\":{\"@type\":\"EntryPoint\",\"urlTemplate\":\"https:\\\/\\\/www.kuakebicycle.com\\\/pt-pt\\\/?s={search_term_string}\"},\"query-input\":{\"@type\":\"PropertyValueSpecification\",\"valueRequired\":true,\"valueName\":\"search_term_string\"}}],\"inLanguage\":\"pt-PT\"},{\"@type\":\"Organization\",\"@id\":\"https:\\\/\\\/www.kuakebicycle.com\\\/pt-pt\\\/#organization\",\"name\":\"Kuake Technology\",\"url\":\"https:\\\/\\\/www.kuakebicycle.com\\\/pt-pt\\\/\",\"logo\":{\"@type\":\"ImageObject\",\"inLanguage\":\"pt-PT\",\"@id\":\"https:\\\/\\\/www.kuakebicycle.com\\\/pt-pt\\\/#\\\/schema\\\/logo\\\/image\\\/\",\"url\":\"https:\\\/\\\/www.kuakebicycle.com\\\/wp-content\\\/uploads\\\/2021\\\/03\\\/icon.png\",\"contentUrl\":\"https:\\\/\\\/www.kuakebicycle.com\\\/wp-content\\\/uploads\\\/2021\\\/03\\\/icon.png\",\"width\":100,\"height\":100,\"caption\":\"Kuake Technology\"},\"image\":{\"@id\":\"https:\\\/\\\/www.kuakebicycle.com\\\/pt-pt\\\/#\\\/schema\\\/logo\\\/image\\\/\"}}]}<\/script>\n<!-- \/ Yoast SEO plugin. -->","yoast_head_json":{"title":"Sobre n\u00f3s - Kuake Bicycle","description":"Fundada em 2009, a Jiangsu Kuake Technology Co., Ltd. \u00e9 fabricante de e-bikes e e-bikes de carga, oferecendo servi\u00e7os de OEM, ODM e OBM.","robots":{"index":"index","follow":"follow","max-snippet":"max-snippet:-1","max-image-preview":"max-image-preview:large","max-video-preview":"max-video-preview:-1"},"canonical":"https:\/\/www.kuakebicycle.com\/pt-pt\/cerca-de\/","og_locale":"pt_PT","og_type":"article","og_title":"Sobre n\u00f3s - Kuake Bicycle","og_description":"Fundada em 2009, a Jiangsu Kuake Technology Co., Ltd. \u00e9 fabricante de e-bikes e e-bikes de carga, oferecendo servi\u00e7os de OEM, ODM e OBM.","og_url":"https:\/\/www.kuakebicycle.com\/pt-pt\/cerca-de\/","og_site_name":"Kuake Bicycle","article_modified_time":"2022-01-06T08:57:58+00:00","og_image":[{"url":"https:\/\/www.kuakebicycle.com\/wp-content\/uploads\/2017\/07\/big-diamond40x40-free-img.png","type":"","width":"","height":""}],"twitter_card":"summary_large_image","twitter_misc":{"Tempo estimado de leitura":"2 minutos"},"schema":{"@context":"https:\/\/schema.org","@graph":[{"@type":"WebPage","@id":"https:\/\/www.kuakebicycle.com\/pt-pt\/cerca-de\/","url":"https:\/\/www.kuakebicycle.com\/pt-pt\/cerca-de\/","name":"Sobre n\u00f3s - Kuake Bicycle","isPartOf":{"@id":"https:\/\/www.kuakebicycle.com\/pt-pt\/#website"},"primaryImageOfPage":{"@id":"https:\/\/www.kuakebicycle.com\/pt-pt\/cerca-de\/#primaryimage"},"image":{"@id":"https:\/\/www.kuakebicycle.com\/pt-pt\/cerca-de\/#primaryimage"},"thumbnailUrl":"https:\/\/www.kuakebicycle.com\/wp-content\/uploads\/2017\/07\/big-diamond40x40-free-img.png","datePublished":"2021-11-30T06:44:57+00:00","dateModified":"2022-01-06T08:57:58+00:00","description":"Fundada em 2009, a Jiangsu Kuake Technology Co., Ltd. \u00e9 fabricante de e-bikes e e-bikes de carga, oferecendo servi\u00e7os de OEM, ODM e OBM.","breadcrumb":{"@id":"https:\/\/www.kuakebicycle.com\/pt-pt\/cerca-de\/#breadcrumb"},"inLanguage":"pt-PT","potentialAction":[{"@type":"ReadAction","target":["https:\/\/www.kuakebicycle.com\/pt-pt\/cerca-de\/"]}]},{"@type":"ImageObject","inLanguage":"pt-PT","@id":"https:\/\/www.kuakebicycle.com\/pt-pt\/cerca-de\/#primaryimage","url":"https:\/\/www.kuakebicycle.com\/wp-content\/uploads\/2017\/07\/big-diamond40x40-free-img.png","contentUrl":"https:\/\/www.kuakebicycle.com\/wp-content\/uploads\/2017\/07\/big-diamond40x40-free-img.png"},{"@type":"BreadcrumbList","@id":"https:\/\/www.kuakebicycle.com\/pt-pt\/cerca-de\/#breadcrumb","itemListElement":[{"@type":"ListItem","position":1,"name":"Home","item":"https:\/\/www.kuakebicycle.com\/pt-pt\/"},{"@type":"ListItem","position":2,"name":"Sobre n\u00f3s"}]},{"@type":"WebSite","@id":"https:\/\/www.kuakebicycle.com\/pt-pt\/#website","url":"https:\/\/www.kuakebicycle.com\/pt-pt\/","name":"Kuake Bicycle","description":"","publisher":{"@id":"https:\/\/www.kuakebicycle.com\/pt-pt\/#organization"},"potentialAction":[{"@type":"SearchAction","target":{"@type":"EntryPoint","urlTemplate":"https:\/\/www.kuakebicycle.com\/pt-pt\/?s={search_term_string}"},"query-input":{"@type":"PropertyValueSpecification","valueRequired":true,"valueName":"search_term_string"}}],"inLanguage":"pt-PT"},{"@type":"Organization","@id":"https:\/\/www.kuakebicycle.com\/pt-pt\/#organization","name":"Kuake Technology","url":"https:\/\/www.kuakebicycle.com\/pt-pt\/","logo":{"@type":"ImageObject","inLanguage":"pt-PT","@id":"https:\/\/www.kuakebicycle.com\/pt-pt\/#\/schema\/logo\/image\/","url":"https:\/\/www.kuakebicycle.com\/wp-content\/uploads\/2021\/03\/icon.png","contentUrl":"https:\/\/www.kuakebicycle.com\/wp-content\/uploads\/2021\/03\/icon.png","width":100,"height":100,"caption":"Kuake Technology"},"image":{"@id":"https:\/\/www.kuakebicycle.com\/pt-pt\/#\/schema\/logo\/image\/"}}]}},"_links":{"self":[{"href":"https:\/\/www.kuakebicycle.com\/pt-pt\/wp-json\/wp\/v2\/pages\/11903","targetHints":{"allow":["GET"]}}],"collection":[{"href":"https:\/\/www.kuakebicycle.com\/pt-pt\/wp-json\/wp\/v2\/pages"}],"about":[{"href":"https:\/\/www.kuakebicycle.com\/pt-pt\/wp-json\/wp\/v2\/types\/page"}],"author":[{"embeddable":true,"href":"https:\/\/www.kuakebicycle.com\/pt-pt\/wp-json\/wp\/v2\/users\/1"}],"replies":[{"embeddable":true,"href":"https:\/\/www.kuakebicycle.com\/pt-pt\/wp-json\/wp\/v2\/comments?post=11903"}],"version-history":[{"count":0,"href":"https:\/\/www.kuakebicycle.com\/pt-pt\/wp-json\/wp\/v2\/pages\/11903\/revisions"}],"wp:attachment":[{"href":"https:\/\/www.kuakebicycle.com\/pt-pt\/wp-json\/wp\/v2\/media?parent=11903"}],"curies":[{"name":"wp","href":"https:\/\/api.w.org\/{rel}","templated":true}]}}