{"id":2053,"date":"2021-03-29T07:07:21","date_gmt":"2021-03-29T07:07:21","guid":{"rendered":"https:\/\/www.kuakebicycle.com\/triciclo-elettrico-del-carico-del-caricatore-frontale-kk6012\/"},"modified":"2021-07-15T02:21:07","modified_gmt":"2021-07-15T02:21:07","slug":"triciclo-elettrico-del-carico-del-caricatore-frontale-kk6012","status":"publish","type":"product","link":"https:\/\/www.kuakebicycle.com\/it\/triciclo-elettrico-del-carico-del-caricatore-frontale-kk6012\/","title":{"rendered":"Triciclo elettrico del carico del caricatore frontale KK6012 (250W, 10Ah, 6 velocit\u00e0)"},"content":{"rendered":"<table border=\"1\" width=\"556\">\n<tbody>\n<tr>\n<td style=\"text-align: center;\" colspan=\"2\" bgcolor=\"#d9edf7\"><strong>Specifiche Della Bicicletta<\/strong><\/td>\n<\/tr>\n<tr>\n<td bgcolor=\"#f5f2f2\" width=\"275\"><strong>Modello Numero.<\/strong><\/td>\n<td width=\"281\">KK6012<\/td>\n<\/tr>\n<tr>\n<td bgcolor=\"#f5f2f2\" width=\"275\"><strong>Telaio<\/strong><\/td>\n<td width=\"281\">Lega di alluminio<\/td>\n<\/tr>\n<tr>\n<td bgcolor=\"#f5f2f2\" width=\"275\"><strong>Ingranaggio<\/strong><\/td>\n<td width=\"281\">Shimano 6 velocit\u00e0<\/td>\n<\/tr>\n<tr>\n<td bgcolor=\"#f5f2f2\" width=\"275\"><strong>Shifters<\/strong><\/td>\n<td width=\"281\">Shimano 6 velocit\u00e0<\/td>\n<\/tr>\n<tr>\n<td bgcolor=\"#f5f2f2\" width=\"275\"><strong>Ruota libera<\/strong><\/td>\n<td width=\"281\">Shimano 6 velocit\u00e0<\/td>\n<\/tr>\n<tr>\n<td bgcolor=\"#f5f2f2\" width=\"275\"><strong>Freno anteriore<\/strong><\/td>\n<td width=\"281\">Freno a disco idraulico<\/td>\n<\/tr>\n<tr>\n<td bgcolor=\"#f5f2f2\" width=\"275\"><strong>Freno posteriore<\/strong><\/td>\n<td width=\"281\">freno a V<\/td>\n<\/tr>\n<tr>\n<td bgcolor=\"#f5f2f2\" width=\"275\"><strong>Pneumatici<\/strong><\/td>\n<td width=\"281\">20&#8221;*1.75&#8221;\/24&#8221;*1.75&#8221;<\/td>\n<\/tr>\n<tr>\n<td bgcolor=\"#f5f2f2\" width=\"275\"><strong>Catena<\/strong><\/td>\n<td width=\"281\">KMC<\/td>\n<\/tr>\n<tr>\n<td bgcolor=\"#f5f2f2\" width=\"275\"><strong>Parafango ruota<\/strong><\/td>\n<td width=\"281\">Acciaio inossidabile<\/td>\n<\/tr>\n<tr>\n<td bgcolor=\"#f5f2f2\" width=\"275\"><strong>Dimensioni caricatore<\/strong><\/td>\n<td width=\"281\">90*65*50cm<\/td>\n<\/tr>\n<tr>\n<td style=\"text-align: center;\" colspan=\"2\" bgcolor=\"#d9edf7\"><strong>Sistema Elettrico<\/strong><\/td>\n<\/tr>\n<tr>\n<td bgcolor=\"#f5f2f2\" width=\"275\"><strong>Batteria<\/strong><\/td>\n<td width=\"281\">Batteria al litio Samsung 36V10A<\/td>\n<\/tr>\n<tr>\n<td bgcolor=\"#f5f2f2\" width=\"275\"><strong>Sensore<\/strong><\/td>\n<td width=\"281\">Trasduttore di coppia<\/td>\n<\/tr>\n<tr>\n<td bgcolor=\"#f5f2f2\" width=\"275\"><strong>Tempo di ricarica<\/strong><\/td>\n<td width=\"281\">4~6 ore<\/td>\n<\/tr>\n<tr>\n<td bgcolor=\"#f5f2f2\" width=\"275\"><strong>Tempi di ricarica<\/strong><\/td>\n<td width=\"281\">800~1000 volte<\/td>\n<\/tr>\n<tr>\n<td bgcolor=\"#f5f2f2\" width=\"275\"><strong>Potenza motore Motor<\/strong><\/td>\n<td width=\"281\">Motore DAPU 36V 250W<\/td>\n<\/tr>\n<tr>\n<td bgcolor=\"#f5f2f2\" width=\"275\"><strong>Controllora<\/strong><\/td>\n<td width=\"281\">36V intelligente<\/td>\n<\/tr>\n<tr>\n<td bgcolor=\"#f5f2f2\" width=\"275\"><strong>Schermo<\/strong><\/td>\n<td width=\"281\">LCD Schermo<\/td>\n<\/tr>\n<tr>\n<td bgcolor=\"#f5f2f2\" width=\"275\"><strong>Massima velocit\u00e0<\/strong><\/td>\n<td width=\"281\">25km\/h<\/td>\n<\/tr>\n<tr>\n<td bgcolor=\"#f5f2f2\" width=\"275\"><strong>Distanza per la carica<\/strong><\/td>\n<td width=\"281\">40 km<\/td>\n<\/tr>\n<\/tbody>\n<\/table>\n","protected":false},"excerpt":{"rendered":"<ul>\n<li><strong>Telaio<\/strong>: design del telaio in lega di alluminio, le dimensioni della scatola del caricatore in acciaio inossidabile sono 90 * 65 * 50 cm.<\/li>\n<li><strong>Motore: il motore DAPU 36V\/250W fornisce una potenza pi\u00f9 che sufficiente, la velocit\u00e0 massima pu\u00f2 essere raggiunta a 25 km\/h.<\/strong><\/li>\n<li><strong>Batteria: batteria Samsung 36V\/10A, tempo di ricarica: 4~6 ore, durata della batteria: 800~1000 cicli.<\/strong><\/li>\n<li><strong>Freno: freni a disco idraulici anteriori e freno a V posteriore.<\/strong><\/li>\n<li><strong>Comandi cambio: il sistema di trasmissione Shimano a 6 velocit\u00e0 garantisce la diversa esperienza di velocit\u00e0 di cui hai bisogno per guidare.<\/strong><\/li>\n<\/ul>\n","protected":false},"featured_media":2054,"comment_status":"closed","ping_status":"closed","template":"","meta":{"site-sidebar-layout":"default","site-content-layout":"default","ast-site-content-layout":"default","site-content-style":"default","site-sidebar-style":"default","ast-global-header-display":"","ast-banner-title-visibility":"","ast-main-header-display":"","ast-hfb-above-header-display":"","ast-hfb-below-header-display":"","ast-hfb-mobile-header-display":"","site-post-title":"","ast-breadcrumbs-content":"","ast-featured-img":"","footer-sml-layout":"","ast-disable-related-posts":"","theme-transparent-header-meta":"default","adv-header-id-meta":"","stick-header-meta":"default","header-above-stick-meta":"","header-main-stick-meta":"","header-below-stick-meta":"","astra-migrate-meta-layouts":"default","ast-page-background-enabled":"default","ast-page-background-meta":{"desktop":{"background-color":"","background-image":"","background-repeat":"repeat","background-position":"center center","background-size":"auto","background-attachment":"scroll","background-type":"","background-media":"","overlay-type":"","overlay-color":"","overlay-opacity":"","overlay-gradient":""},"tablet":{"background-color":"","background-image":"","background-repeat":"repeat","background-position":"center center","background-size":"auto","background-attachment":"scroll","background-type":"","background-media":"","overlay-type":"","overlay-color":"","overlay-opacity":"","overlay-gradient":""},"mobile":{"background-color":"","background-image":"","background-repeat":"repeat","background-position":"center center","background-size":"auto","background-attachment":"scroll","background-type":"","background-media":"","overlay-type":"","overlay-color":"","overlay-opacity":"","overlay-gradient":""}},"ast-content-background-meta":{"desktop":{"background-color":"var(--ast-global-color-5)","background-image":"","background-repeat":"repeat","background-position":"center center","background-size":"auto","background-attachment":"scroll","background-type":"","background-media":"","overlay-type":"","overlay-color":"","overlay-opacity":"","overlay-gradient":""},"tablet":{"background-color":"var(--ast-global-color-5)","background-image":"","background-repeat":"repeat","background-position":"center center","background-size":"auto","background-attachment":"scroll","background-type":"","background-media":"","overlay-type":"","overlay-color":"","overlay-opacity":"","overlay-gradient":""},"mobile":{"background-color":"var(--ast-global-color-5)","background-image":"","background-repeat":"repeat","background-position":"center center","background-size":"auto","background-attachment":"scroll","background-type":"","background-media":"","overlay-type":"","overlay-color":"","overlay-opacity":"","overlay-gradient":""}}},"product_brand":[],"product_cat":[70],"product_tag":[],"class_list":{"0":"post-2053","1":"product","2":"type-product","3":"status-publish","4":"has-post-thumbnail","6":"product_cat-triciclo-elettrico","7":"desktop-align-left","8":"tablet-align-left","9":"mobile-align-left","10":"ast-product-gallery-layout-horizontal","11":"ast-product-tabs-layout-horizontal","12":"ast-qv-on-image","14":"first","15":"instock","16":"shipping-taxable","17":"product-type-simple"},"yoast_head":"<!-- This site is optimized with the Yoast SEO plugin v27.3 - https:\/\/yoast.com\/product\/yoast-seo-wordpress\/ -->\n<title>Triciclo elettrico del carico del caricatore frontale KK6012 (250W, 10Ah, 6 velocit\u00e0) - Kuake Bicycle<\/title>\n<meta name=\"robots\" content=\"index, follow, max-snippet:-1, max-image-preview:large, max-video-preview:-1\" \/>\n<link rel=\"canonical\" href=\"https:\/\/www.kuakebicycle.com\/it\/triciclo-elettrico-del-carico-del-caricatore-frontale-kk6012\/\" \/>\n<meta property=\"og:locale\" content=\"it_IT\" \/>\n<meta property=\"og:type\" content=\"article\" \/>\n<meta property=\"og:title\" content=\"Triciclo elettrico del carico del caricatore frontale KK6012 (250W, 10Ah, 6 velocit\u00e0) - Kuake Bicycle\" \/>\n<meta property=\"og:description\" content=\"Telaio: design del telaio in lega di alluminio, le dimensioni della scatola del caricatore in acciaio inossidabile sono 90 * 65 * 50 cm.  Motore: il motore DAPU 36V\/250W fornisce una potenza pi\u00f9 che sufficiente, la velocit\u00e0 massima pu\u00f2 essere raggiunta a 25 km\/h.  Batteria: batteria Samsung 36V\/10A, tempo di ricarica: 4~6 ore, durata della batteria: 800~1000 cicli.  Freno: freni a disco idraulici anteriori e freno a V posteriore.  Comandi cambio: il sistema di trasmissione Shimano a 6 velocit\u00e0 garantisce la diversa esperienza di velocit\u00e0 di cui hai bisogno per guidare.\" \/>\n<meta property=\"og:url\" content=\"https:\/\/www.kuakebicycle.com\/it\/triciclo-elettrico-del-carico-del-caricatore-frontale-kk6012\/\" \/>\n<meta property=\"og:site_name\" content=\"Kuake Bicycle\" \/>\n<meta property=\"article:modified_time\" content=\"2021-07-15T02:21:07+00:00\" \/>\n<meta property=\"og:image\" content=\"https:\/\/www.kuakebicycle.com\/wp-content\/uploads\/2021\/03\/KK6012-Front-Loader-Electric-Cargo-Tricycle.jpg\" \/>\n\t<meta property=\"og:image:width\" content=\"600\" \/>\n\t<meta property=\"og:image:height\" content=\"600\" \/>\n\t<meta property=\"og:image:type\" content=\"image\/jpeg\" \/>\n<meta name=\"twitter:card\" content=\"summary_large_image\" \/>\n<script type=\"application\/ld+json\" class=\"yoast-schema-graph\">{\"@context\":\"https:\\\/\\\/schema.org\",\"@graph\":[{\"@type\":\"WebPage\",\"@id\":\"https:\\\/\\\/www.kuakebicycle.com\\\/it\\\/triciclo-elettrico-del-carico-del-caricatore-frontale-kk6012\\\/\",\"url\":\"https:\\\/\\\/www.kuakebicycle.com\\\/it\\\/triciclo-elettrico-del-carico-del-caricatore-frontale-kk6012\\\/\",\"name\":\"Triciclo elettrico del carico del caricatore frontale KK6012 (250W, 10Ah, 6 velocit\u00e0) - Kuake Bicycle\",\"isPartOf\":{\"@id\":\"https:\\\/\\\/www.kuakebicycle.com\\\/it\\\/#website\"},\"primaryImageOfPage\":{\"@id\":\"https:\\\/\\\/www.kuakebicycle.com\\\/it\\\/triciclo-elettrico-del-carico-del-caricatore-frontale-kk6012\\\/#primaryimage\"},\"image\":{\"@id\":\"https:\\\/\\\/www.kuakebicycle.com\\\/it\\\/triciclo-elettrico-del-carico-del-caricatore-frontale-kk6012\\\/#primaryimage\"},\"thumbnailUrl\":\"https:\\\/\\\/www.kuakebicycle.com\\\/wp-content\\\/uploads\\\/2021\\\/03\\\/KK6012-Front-Loader-Electric-Cargo-Tricycle.jpg\",\"datePublished\":\"2021-03-29T07:07:21+00:00\",\"dateModified\":\"2021-07-15T02:21:07+00:00\",\"breadcrumb\":{\"@id\":\"https:\\\/\\\/www.kuakebicycle.com\\\/it\\\/triciclo-elettrico-del-carico-del-caricatore-frontale-kk6012\\\/#breadcrumb\"},\"inLanguage\":\"it-IT\",\"potentialAction\":[{\"@type\":\"ReadAction\",\"target\":[\"https:\\\/\\\/www.kuakebicycle.com\\\/it\\\/triciclo-elettrico-del-carico-del-caricatore-frontale-kk6012\\\/\"]}]},{\"@type\":\"ImageObject\",\"inLanguage\":\"it-IT\",\"@id\":\"https:\\\/\\\/www.kuakebicycle.com\\\/it\\\/triciclo-elettrico-del-carico-del-caricatore-frontale-kk6012\\\/#primaryimage\",\"url\":\"https:\\\/\\\/www.kuakebicycle.com\\\/wp-content\\\/uploads\\\/2021\\\/03\\\/KK6012-Front-Loader-Electric-Cargo-Tricycle.jpg\",\"contentUrl\":\"https:\\\/\\\/www.kuakebicycle.com\\\/wp-content\\\/uploads\\\/2021\\\/03\\\/KK6012-Front-Loader-Electric-Cargo-Tricycle.jpg\",\"width\":600,\"height\":600,\"caption\":\"Triciclo elettrico del carico del caricatore frontale KK6012\"},{\"@type\":\"BreadcrumbList\",\"@id\":\"https:\\\/\\\/www.kuakebicycle.com\\\/it\\\/triciclo-elettrico-del-carico-del-caricatore-frontale-kk6012\\\/#breadcrumb\",\"itemListElement\":[{\"@type\":\"ListItem\",\"position\":1,\"name\":\"Home\",\"item\":\"https:\\\/\\\/www.kuakebicycle.com\\\/it\\\/\"},{\"@type\":\"ListItem\",\"position\":2,\"name\":\"Prodotti\",\"item\":\"https:\\\/\\\/www.kuakebicycle.com\\\/it\\\/prodotti\\\/\"},{\"@type\":\"ListItem\",\"position\":3,\"name\":\"Triciclo elettrico del carico del caricatore frontale KK6012 (250W, 10Ah, 6 velocit\u00e0)\"}]},{\"@type\":\"WebSite\",\"@id\":\"https:\\\/\\\/www.kuakebicycle.com\\\/it\\\/#website\",\"url\":\"https:\\\/\\\/www.kuakebicycle.com\\\/it\\\/\",\"name\":\"Kuake Bicycle\",\"description\":\"\",\"publisher\":{\"@id\":\"https:\\\/\\\/www.kuakebicycle.com\\\/it\\\/#organization\"},\"potentialAction\":[{\"@type\":\"SearchAction\",\"target\":{\"@type\":\"EntryPoint\",\"urlTemplate\":\"https:\\\/\\\/www.kuakebicycle.com\\\/it\\\/?s={search_term_string}\"},\"query-input\":{\"@type\":\"PropertyValueSpecification\",\"valueRequired\":true,\"valueName\":\"search_term_string\"}}],\"inLanguage\":\"it-IT\"},{\"@type\":\"Organization\",\"@id\":\"https:\\\/\\\/www.kuakebicycle.com\\\/it\\\/#organization\",\"name\":\"Kuake Technology\",\"url\":\"https:\\\/\\\/www.kuakebicycle.com\\\/it\\\/\",\"logo\":{\"@type\":\"ImageObject\",\"inLanguage\":\"it-IT\",\"@id\":\"https:\\\/\\\/www.kuakebicycle.com\\\/it\\\/#\\\/schema\\\/logo\\\/image\\\/\",\"url\":\"https:\\\/\\\/www.kuakebicycle.com\\\/wp-content\\\/uploads\\\/2021\\\/03\\\/icon.png\",\"contentUrl\":\"https:\\\/\\\/www.kuakebicycle.com\\\/wp-content\\\/uploads\\\/2021\\\/03\\\/icon.png\",\"width\":100,\"height\":100,\"caption\":\"Kuake Technology\"},\"image\":{\"@id\":\"https:\\\/\\\/www.kuakebicycle.com\\\/it\\\/#\\\/schema\\\/logo\\\/image\\\/\"}}]}<\/script>\n<!-- \/ Yoast SEO plugin. -->","yoast_head_json":{"title":"Triciclo elettrico del carico del caricatore frontale KK6012 (250W, 10Ah, 6 velocit\u00e0) - Kuake Bicycle","robots":{"index":"index","follow":"follow","max-snippet":"max-snippet:-1","max-image-preview":"max-image-preview:large","max-video-preview":"max-video-preview:-1"},"canonical":"https:\/\/www.kuakebicycle.com\/it\/triciclo-elettrico-del-carico-del-caricatore-frontale-kk6012\/","og_locale":"it_IT","og_type":"article","og_title":"Triciclo elettrico del carico del caricatore frontale KK6012 (250W, 10Ah, 6 velocit\u00e0) - Kuake Bicycle","og_description":"Telaio: design del telaio in lega di alluminio, le dimensioni della scatola del caricatore in acciaio inossidabile sono 90 * 65 * 50 cm.  Motore: il motore DAPU 36V\/250W fornisce una potenza pi\u00f9 che sufficiente, la velocit\u00e0 massima pu\u00f2 essere raggiunta a 25 km\/h.  Batteria: batteria Samsung 36V\/10A, tempo di ricarica: 4~6 ore, durata della batteria: 800~1000 cicli.  Freno: freni a disco idraulici anteriori e freno a V posteriore.  Comandi cambio: il sistema di trasmissione Shimano a 6 velocit\u00e0 garantisce la diversa esperienza di velocit\u00e0 di cui hai bisogno per guidare.","og_url":"https:\/\/www.kuakebicycle.com\/it\/triciclo-elettrico-del-carico-del-caricatore-frontale-kk6012\/","og_site_name":"Kuake Bicycle","article_modified_time":"2021-07-15T02:21:07+00:00","og_image":[{"width":600,"height":600,"url":"https:\/\/www.kuakebicycle.com\/wp-content\/uploads\/2021\/03\/KK6012-Front-Loader-Electric-Cargo-Tricycle.jpg","type":"image\/jpeg"}],"twitter_card":"summary_large_image","schema":{"@context":"https:\/\/schema.org","@graph":[{"@type":"WebPage","@id":"https:\/\/www.kuakebicycle.com\/it\/triciclo-elettrico-del-carico-del-caricatore-frontale-kk6012\/","url":"https:\/\/www.kuakebicycle.com\/it\/triciclo-elettrico-del-carico-del-caricatore-frontale-kk6012\/","name":"Triciclo elettrico del carico del caricatore frontale KK6012 (250W, 10Ah, 6 velocit\u00e0) - Kuake Bicycle","isPartOf":{"@id":"https:\/\/www.kuakebicycle.com\/it\/#website"},"primaryImageOfPage":{"@id":"https:\/\/www.kuakebicycle.com\/it\/triciclo-elettrico-del-carico-del-caricatore-frontale-kk6012\/#primaryimage"},"image":{"@id":"https:\/\/www.kuakebicycle.com\/it\/triciclo-elettrico-del-carico-del-caricatore-frontale-kk6012\/#primaryimage"},"thumbnailUrl":"https:\/\/www.kuakebicycle.com\/wp-content\/uploads\/2021\/03\/KK6012-Front-Loader-Electric-Cargo-Tricycle.jpg","datePublished":"2021-03-29T07:07:21+00:00","dateModified":"2021-07-15T02:21:07+00:00","breadcrumb":{"@id":"https:\/\/www.kuakebicycle.com\/it\/triciclo-elettrico-del-carico-del-caricatore-frontale-kk6012\/#breadcrumb"},"inLanguage":"it-IT","potentialAction":[{"@type":"ReadAction","target":["https:\/\/www.kuakebicycle.com\/it\/triciclo-elettrico-del-carico-del-caricatore-frontale-kk6012\/"]}]},{"@type":"ImageObject","inLanguage":"it-IT","@id":"https:\/\/www.kuakebicycle.com\/it\/triciclo-elettrico-del-carico-del-caricatore-frontale-kk6012\/#primaryimage","url":"https:\/\/www.kuakebicycle.com\/wp-content\/uploads\/2021\/03\/KK6012-Front-Loader-Electric-Cargo-Tricycle.jpg","contentUrl":"https:\/\/www.kuakebicycle.com\/wp-content\/uploads\/2021\/03\/KK6012-Front-Loader-Electric-Cargo-Tricycle.jpg","width":600,"height":600,"caption":"Triciclo elettrico del carico del caricatore frontale KK6012"},{"@type":"BreadcrumbList","@id":"https:\/\/www.kuakebicycle.com\/it\/triciclo-elettrico-del-carico-del-caricatore-frontale-kk6012\/#breadcrumb","itemListElement":[{"@type":"ListItem","position":1,"name":"Home","item":"https:\/\/www.kuakebicycle.com\/it\/"},{"@type":"ListItem","position":2,"name":"Prodotti","item":"https:\/\/www.kuakebicycle.com\/it\/prodotti\/"},{"@type":"ListItem","position":3,"name":"Triciclo elettrico del carico del caricatore frontale KK6012 (250W, 10Ah, 6 velocit\u00e0)"}]},{"@type":"WebSite","@id":"https:\/\/www.kuakebicycle.com\/it\/#website","url":"https:\/\/www.kuakebicycle.com\/it\/","name":"Kuake Bicycle","description":"","publisher":{"@id":"https:\/\/www.kuakebicycle.com\/it\/#organization"},"potentialAction":[{"@type":"SearchAction","target":{"@type":"EntryPoint","urlTemplate":"https:\/\/www.kuakebicycle.com\/it\/?s={search_term_string}"},"query-input":{"@type":"PropertyValueSpecification","valueRequired":true,"valueName":"search_term_string"}}],"inLanguage":"it-IT"},{"@type":"Organization","@id":"https:\/\/www.kuakebicycle.com\/it\/#organization","name":"Kuake Technology","url":"https:\/\/www.kuakebicycle.com\/it\/","logo":{"@type":"ImageObject","inLanguage":"it-IT","@id":"https:\/\/www.kuakebicycle.com\/it\/#\/schema\/logo\/image\/","url":"https:\/\/www.kuakebicycle.com\/wp-content\/uploads\/2021\/03\/icon.png","contentUrl":"https:\/\/www.kuakebicycle.com\/wp-content\/uploads\/2021\/03\/icon.png","width":100,"height":100,"caption":"Kuake Technology"},"image":{"@id":"https:\/\/www.kuakebicycle.com\/it\/#\/schema\/logo\/image\/"}}]}},"_links":{"self":[{"href":"https:\/\/www.kuakebicycle.com\/it\/wp-json\/wp\/v2\/product\/2053","targetHints":{"allow":["GET"]}}],"collection":[{"href":"https:\/\/www.kuakebicycle.com\/it\/wp-json\/wp\/v2\/product"}],"about":[{"href":"https:\/\/www.kuakebicycle.com\/it\/wp-json\/wp\/v2\/types\/product"}],"replies":[{"embeddable":true,"href":"https:\/\/www.kuakebicycle.com\/it\/wp-json\/wp\/v2\/comments?post=2053"}],"wp:featuredmedia":[{"embeddable":true,"href":"https:\/\/www.kuakebicycle.com\/it\/wp-json\/wp\/v2\/media\/2054"}],"wp:attachment":[{"href":"https:\/\/www.kuakebicycle.com\/it\/wp-json\/wp\/v2\/media?parent=2053"}],"wp:term":[{"taxonomy":"product_brand","embeddable":true,"href":"https:\/\/www.kuakebicycle.com\/it\/wp-json\/wp\/v2\/product_brand?post=2053"},{"taxonomy":"product_cat","embeddable":true,"href":"https:\/\/www.kuakebicycle.com\/it\/wp-json\/wp\/v2\/product_cat?post=2053"},{"taxonomy":"product_tag","embeddable":true,"href":"https:\/\/www.kuakebicycle.com\/it\/wp-json\/wp\/v2\/product_tag?post=2053"}],"curies":[{"name":"wp","href":"https:\/\/api.w.org\/{rel}","templated":true}]}}