{"id":2045,"date":"2021-03-29T07:18:10","date_gmt":"2021-03-29T07:18:10","guid":{"rendered":"https:\/\/www.kuakebicycle.com\/kk8031-triciclo-da-carico-elettrico-pieghevole-a-caricamento-posteriore\/"},"modified":"2022-01-21T04:02:08","modified_gmt":"2022-01-21T04:02:08","slug":"kk8031-triciclo-elettrico-carico-posteriore-pieghevole","status":"publish","type":"product","link":"https:\/\/www.kuakebicycle.com\/it\/kk8031-triciclo-elettrico-carico-posteriore-pieghevole\/","title":{"rendered":"KK8031 Triciclo Elettrico Pieghevole (Pneumatico Grasso 4.0, 250W~750W, 374Wh~1680Wh, 7 velocit\u00e0)"},"content":{"rendered":"<p><iframe loading=\"lazy\" title=\"Lettore video di YouTube\" src=\"https:\/\/www.youtube.com\/embed\/AN380djPV0Q\" width=\"560\" height=\"315\" frameborder=\"0\" allowfullscreen=\"allowfullscreen\"><span data-mce-type=\"bookmark\" style=\"display: inline-block; width: 0px; overflow: hidden; line-height: 0;\" class=\"mce_SELRES_start\">\ufeff<\/span><span data-mce-type=\"bookmark\" style=\"display: inline-block; width: 0px; overflow: hidden; line-height: 0;\" class=\"mce_SELRES_start\">\ufeff<\/span><span data-mce-type=\"bookmark\" style=\"display: inline-block; width: 0px; overflow: hidden; line-height: 0;\" class=\"mce_SELRES_start\">\ufeff<\/span><\/iframe><br \/>\n<iframe loading=\"lazy\" title=\"Lettore video di YouTube\" src=\"https:\/\/www.youtube.com\/embed\/-FrCHGxt6vA\" width=\"560\" height=\"315\" frameborder=\"0\" allowfullscreen=\"allowfullscreen\"><\/iframe><\/p>\n<table border=\"1\" width=\"556\">\n<tbody>\n<tr>\n<td style=\"text-align: center;\" colspan=\"2\" bgcolor=\"#d9edf7\"><strong>Specifiche Della Bicicletta<\/strong><\/td>\n<\/tr>\n<tr>\n<td bgcolor=\"#f5f2f2\" width=\"275\"><strong>Modello Numero.<\/strong><\/td>\n<td width=\"281\">KK8031<\/td>\n<\/tr>\n<tr>\n<td bgcolor=\"#f5f2f2\" width=\"275\"><strong>Peso netto<\/strong><\/td>\n<td width=\"281\">45KG<\/td>\n<\/tr>\n<tr>\n<td bgcolor=\"#f5f2f2\" width=\"275\"><strong>Peso lordo<\/strong><\/td>\n<td width=\"281\">52KG<\/td>\n<\/tr>\n<tr>\n<td bgcolor=\"#f5f2f2\" width=\"275\"><strong>Telaio<\/strong><\/td>\n<td width=\"281\">6061 lega di alluminio<\/td>\n<\/tr>\n<tr>\n<td bgcolor=\"#f5f2f2\" width=\"275\"><strong>Capacit\u00e0 di carico<\/strong><\/td>\n<td width=\"281\">150 kg \/ 350 Ibs<\/td>\n<\/tr>\n<tr>\n<td bgcolor=\"#f5f2f2\" width=\"275\"><strong>Ingranaggio<\/strong><\/td>\n<td width=\"281\">Shimano 7 velocit\u00e0<\/td>\n<\/tr>\n<tr>\n<td bgcolor=\"#f5f2f2\" width=\"275\"><strong>Shifters<\/strong><\/td>\n<td width=\"281\">7 velocit\u00e0<\/td>\n<\/tr>\n<tr>\n<td bgcolor=\"#f5f2f2\" width=\"275\"><strong>Ruota libera<\/strong><\/td>\n<td width=\"281\">7 velocit\u00e0<\/td>\n<\/tr>\n<tr>\n<td bgcolor=\"#f5f2f2\" width=\"275\"><strong>Freno anteriore<\/strong><\/td>\n<td width=\"281\">Disco meccanico o idraulico, Tektro<\/td>\n<\/tr>\n<tr>\n<td bgcolor=\"#f5f2f2\" width=\"275\"><strong>Freno posteriore<\/strong><\/td>\n<td width=\"281\">Disco meccanico o idraulico, Tektro<\/td>\n<\/tr>\n<tr>\n<td bgcolor=\"#f5f2f2\" width=\"275\"><strong>Pedali<\/strong><\/td>\n<td width=\"281\">Pedali in plastica<\/td>\n<\/tr>\n<tr>\n<td bgcolor=\"#f5f2f2\" width=\"275\"><strong>Pneumatici<\/strong><\/td>\n<td width=\"281\">KENDA F\/24&#8221;*4.0. R\/20&#8221;*4.0<\/td>\n<\/tr>\n<tr>\n<td bgcolor=\"#f5f2f2\" width=\"275\"><strong>Leggera<\/strong><\/td>\n<td width=\"281\">LED<\/td>\n<\/tr>\n<tr>\n<td bgcolor=\"#f5f2f2\" width=\"275\"><strong>Catena<\/strong><\/td>\n<td width=\"281\">KMC<\/td>\n<\/tr>\n<tr>\n<td style=\"text-align: center;\" colspan=\"2\" bgcolor=\"#d9edf7\"><strong>Sistema Elettrico<\/strong><\/td>\n<\/tr>\n<tr>\n<td bgcolor=\"#f5f2f2\" width=\"275\"><strong>Batteria<\/strong><\/td>\n<td width=\"281\">374Wh~1680Wh 18650 agli ioni di litio<\/td>\n<\/tr>\n<tr>\n<td bgcolor=\"#f5f2f2\" width=\"275\"><strong>Caricabatterie<\/strong><\/td>\n<td width=\"281\">Caricabatterie intelligente 2A 100-240V<\/td>\n<\/tr>\n<tr>\n<td bgcolor=\"#f5f2f2\" width=\"275\"><strong>Tempo di ricarica<\/strong><\/td>\n<td width=\"281\">5 ore<\/td>\n<\/tr>\n<tr>\n<td bgcolor=\"#f5f2f2\" width=\"275\"><strong>Tempi di ricarica<\/strong><\/td>\n<td width=\"281\">800~1000 volte<\/td>\n<\/tr>\n<tr>\n<td bgcolor=\"#f5f2f2\" width=\"275\"><strong>Potenza motore Motor<\/strong><\/td>\n<td width=\"281\">Motore mozzo brushless anteriore 36V\/48V 250W~750W<\/td>\n<\/tr>\n<tr>\n<td bgcolor=\"#f5f2f2\" width=\"275\"><strong>Controllora<\/strong><\/td>\n<td width=\"281\">Controller ad alta efficienza 36V\/48V<\/td>\n<\/tr>\n<tr>\n<td bgcolor=\"#f5f2f2\" width=\"275\"><strong>Schermo<\/strong><\/td>\n<td width=\"281\">LCD display<\/td>\n<\/tr>\n<tr>\n<td bgcolor=\"#f5f2f2\" width=\"275\"><strong>Massima velocit\u00e0<\/strong><\/td>\n<td width=\"281\">25km\/h<\/td>\n<\/tr>\n<tr>\n<td bgcolor=\"#f5f2f2\" width=\"275\"><strong>Distanza per la carica<\/strong><\/td>\n<td width=\"281\">50 km -180 km (con pedalata assistita)<\/td>\n<\/tr>\n<tr>\n<td style=\"text-align: center;\" colspan=\"2\" bgcolor=\"#d9edf7\"><strong>Dettagli di spedizione<\/strong><\/td>\n<\/tr>\n<tr>\n<td bgcolor=\"#f5f2f2\" width=\"275\"><strong>Dimensione dell&#8217;imballaggio<\/strong><\/td>\n<td width=\"281\">128*58*68cm<\/td>\n<\/tr>\n<tr>\n<td bgcolor=\"#f5f2f2\" width=\"275\"><strong>40&#8243; Hq(Pcs)<\/strong><\/td>\n<td width=\"281\">125pcs<\/td>\n<\/tr>\n<tr>\n<td bgcolor=\"#f5f2f2\" width=\"275\"><strong>20&#8243; Hq(Pcs)<\/strong><\/td>\n<td width=\"281\">48pcs<\/td>\n<\/tr>\n<\/tbody>\n<\/table>\n","protected":false},"excerpt":{"rendered":"<ul>\n<li style=\"list-style-type: none;\">\n<ul>\n<li><strong>Telaio<\/strong>: design del telaio in lega di alluminio 6061.<\/li>\n<li><strong>Motore<\/strong>: il motore del mozzo brushless anteriore da 36 V \/ 48 V 250 W ~ 750 W fornisce una potenza pi\u00f9 che sufficiente, la velocit\u00e0 massima pu\u00f2 essere raggiunta 25 km \/ h.<\/li>\n<li><strong>Batteria<\/strong>: 374Wh~1680Wh 18650 agli ioni di litio, tempo di ricarica: 5 ore, durata della batteria: 800~1000 cicli.<\/li>\n<li><strong>Freno<\/strong>: i freni a disco meccanici o idraulici non sono influenzati dagli agenti atmosferici e forniscono una frenata potente e progressiva.<\/li>\n<li><strong>Comandi cambio<\/strong>: il sistema di trasmissione Shimano a 7 velocit\u00e0 garantisce la diversa esperienza di velocit\u00e0 di cui hai bisogno per guidare.<\/li>\n<li><strong>Reverse<\/strong>: il triciclo non ha la funzione reverse per impostazione predefinita, se desideri aggiungere questa funzione, contattaci.<\/li>\n<li><strong>Differenziale<\/strong>: Per gli anziani e le persone con difficolt\u00e0 motorie, consigliamo di installare il differenziale che render\u00e0 questo triciclo pi\u00f9 sicuro e stabile in curva.<\/li>\n<\/ul>\n<\/li>\n<\/ul>\n","protected":false},"featured_media":14542,"comment_status":"closed","ping_status":"closed","template":"","meta":{"site-sidebar-layout":"default","site-content-layout":"default","ast-site-content-layout":"default","site-content-style":"default","site-sidebar-style":"default","ast-global-header-display":"","ast-banner-title-visibility":"","ast-main-header-display":"","ast-hfb-above-header-display":"","ast-hfb-below-header-display":"","ast-hfb-mobile-header-display":"","site-post-title":"","ast-breadcrumbs-content":"","ast-featured-img":"","footer-sml-layout":"","ast-disable-related-posts":"","theme-transparent-header-meta":"default","adv-header-id-meta":"","stick-header-meta":"default","header-above-stick-meta":"","header-main-stick-meta":"","header-below-stick-meta":"","astra-migrate-meta-layouts":"default","ast-page-background-enabled":"default","ast-page-background-meta":{"desktop":{"background-color":"","background-image":"","background-repeat":"repeat","background-position":"center center","background-size":"auto","background-attachment":"scroll","background-type":"","background-media":"","overlay-type":"","overlay-color":"","overlay-opacity":"","overlay-gradient":""},"tablet":{"background-color":"","background-image":"","background-repeat":"repeat","background-position":"center center","background-size":"auto","background-attachment":"scroll","background-type":"","background-media":"","overlay-type":"","overlay-color":"","overlay-opacity":"","overlay-gradient":""},"mobile":{"background-color":"","background-image":"","background-repeat":"repeat","background-position":"center center","background-size":"auto","background-attachment":"scroll","background-type":"","background-media":"","overlay-type":"","overlay-color":"","overlay-opacity":"","overlay-gradient":""}},"ast-content-background-meta":{"desktop":{"background-color":"var(--ast-global-color-5)","background-image":"","background-repeat":"repeat","background-position":"center center","background-size":"auto","background-attachment":"scroll","background-type":"","background-media":"","overlay-type":"","overlay-color":"","overlay-opacity":"","overlay-gradient":""},"tablet":{"background-color":"var(--ast-global-color-5)","background-image":"","background-repeat":"repeat","background-position":"center center","background-size":"auto","background-attachment":"scroll","background-type":"","background-media":"","overlay-type":"","overlay-color":"","overlay-opacity":"","overlay-gradient":""},"mobile":{"background-color":"var(--ast-global-color-5)","background-image":"","background-repeat":"repeat","background-position":"center center","background-size":"auto","background-attachment":"scroll","background-type":"","background-media":"","overlay-type":"","overlay-color":"","overlay-opacity":"","overlay-gradient":""}}},"product_brand":[],"product_cat":[70],"product_tag":[],"class_list":{"0":"post-2045","1":"product","2":"type-product","3":"status-publish","4":"has-post-thumbnail","6":"product_cat-triciclo-elettrico","7":"desktop-align-left","8":"tablet-align-left","9":"mobile-align-left","10":"ast-product-gallery-layout-horizontal","11":"ast-product-tabs-layout-horizontal","12":"ast-qv-on-image","14":"first","15":"instock","16":"featured","17":"shipping-taxable","18":"product-type-simple"},"yoast_head":"<!-- This site is optimized with the Yoast SEO plugin v27.4 - https:\/\/yoast.com\/product\/yoast-seo-wordpress\/ -->\n<title>Migliori Triciclo Elettrico Pieghevole Per Adulti, Bici Elettrica Per Anziani A 3 Ruote KK8031 - Kuake Bicycle<\/title>\n<meta name=\"description\" content=\"KK8031 triciclo elettrico pieghevole si piega e smonta per un facile trasporto e stoccaggio, perfetto per un membro della famiglia con alcuni problemi di mobilit\u00e0.\" \/>\n<meta name=\"robots\" content=\"index, follow, max-snippet:-1, max-image-preview:large, max-video-preview:-1\" \/>\n<link rel=\"canonical\" href=\"https:\/\/www.kuakebicycle.com\/it\/kk8031-triciclo-elettrico-carico-posteriore-pieghevole\/\" \/>\n<meta property=\"og:locale\" content=\"it_IT\" \/>\n<meta property=\"og:type\" content=\"article\" \/>\n<meta property=\"og:title\" content=\"Migliori Triciclo Elettrico Pieghevole Per Adulti, Bici Elettrica Per Anziani A 3 Ruote KK8031 - Kuake Bicycle\" \/>\n<meta property=\"og:description\" content=\"KK8031 triciclo elettrico pieghevole si piega e smonta per un facile trasporto e stoccaggio, perfetto per un membro della famiglia con alcuni problemi di mobilit\u00e0.\" \/>\n<meta property=\"og:url\" content=\"https:\/\/www.kuakebicycle.com\/it\/kk8031-triciclo-elettrico-carico-posteriore-pieghevole\/\" \/>\n<meta property=\"og:site_name\" content=\"Kuake Bicycle\" \/>\n<meta property=\"article:modified_time\" content=\"2022-01-21T04:02:08+00:00\" \/>\n<meta property=\"og:image\" content=\"https:\/\/www.kuakebicycle.com\/wp-content\/uploads\/2021\/12\/KK8031-Grey-Folding-Electric-Tricycle.jpg\" \/>\n\t<meta property=\"og:image:width\" content=\"600\" \/>\n\t<meta property=\"og:image:height\" content=\"600\" \/>\n\t<meta property=\"og:image:type\" content=\"image\/jpeg\" \/>\n<meta name=\"twitter:card\" content=\"summary_large_image\" \/>\n<meta name=\"twitter:label1\" content=\"Tempo di lettura stimato\" \/>\n\t<meta name=\"twitter:data1\" content=\"1 minuto\" \/>\n<script type=\"application\/ld+json\" class=\"yoast-schema-graph\">{\"@context\":\"https:\\\/\\\/schema.org\",\"@graph\":[{\"@type\":\"WebPage\",\"@id\":\"https:\\\/\\\/www.kuakebicycle.com\\\/it\\\/kk8031-triciclo-elettrico-carico-posteriore-pieghevole\\\/\",\"url\":\"https:\\\/\\\/www.kuakebicycle.com\\\/it\\\/kk8031-triciclo-elettrico-carico-posteriore-pieghevole\\\/\",\"name\":\"Migliori Triciclo Elettrico Pieghevole Per Adulti, Bici Elettrica Per Anziani A 3 Ruote KK8031 - Kuake Bicycle\",\"isPartOf\":{\"@id\":\"https:\\\/\\\/www.kuakebicycle.com\\\/it\\\/#website\"},\"primaryImageOfPage\":{\"@id\":\"https:\\\/\\\/www.kuakebicycle.com\\\/it\\\/kk8031-triciclo-elettrico-carico-posteriore-pieghevole\\\/#primaryimage\"},\"image\":{\"@id\":\"https:\\\/\\\/www.kuakebicycle.com\\\/it\\\/kk8031-triciclo-elettrico-carico-posteriore-pieghevole\\\/#primaryimage\"},\"thumbnailUrl\":\"https:\\\/\\\/www.kuakebicycle.com\\\/wp-content\\\/uploads\\\/2021\\\/12\\\/KK8031-Grey-Folding-Electric-Tricycle.jpg\",\"datePublished\":\"2021-03-29T07:18:10+00:00\",\"dateModified\":\"2022-01-21T04:02:08+00:00\",\"description\":\"KK8031 triciclo elettrico pieghevole si piega e smonta per un facile trasporto e stoccaggio, perfetto per un membro della famiglia con alcuni problemi di mobilit\u00e0.\",\"breadcrumb\":{\"@id\":\"https:\\\/\\\/www.kuakebicycle.com\\\/it\\\/kk8031-triciclo-elettrico-carico-posteriore-pieghevole\\\/#breadcrumb\"},\"inLanguage\":\"it-IT\",\"potentialAction\":[{\"@type\":\"ReadAction\",\"target\":[\"https:\\\/\\\/www.kuakebicycle.com\\\/it\\\/kk8031-triciclo-elettrico-carico-posteriore-pieghevole\\\/\"]}]},{\"@type\":\"ImageObject\",\"inLanguage\":\"it-IT\",\"@id\":\"https:\\\/\\\/www.kuakebicycle.com\\\/it\\\/kk8031-triciclo-elettrico-carico-posteriore-pieghevole\\\/#primaryimage\",\"url\":\"https:\\\/\\\/www.kuakebicycle.com\\\/wp-content\\\/uploads\\\/2021\\\/12\\\/KK8031-Grey-Folding-Electric-Tricycle.jpg\",\"contentUrl\":\"https:\\\/\\\/www.kuakebicycle.com\\\/wp-content\\\/uploads\\\/2021\\\/12\\\/KK8031-Grey-Folding-Electric-Tricycle.jpg\",\"width\":600,\"height\":600,\"caption\":\"KK8031 Triciclo elettrico pieghevole grigio\"},{\"@type\":\"BreadcrumbList\",\"@id\":\"https:\\\/\\\/www.kuakebicycle.com\\\/it\\\/kk8031-triciclo-elettrico-carico-posteriore-pieghevole\\\/#breadcrumb\",\"itemListElement\":[{\"@type\":\"ListItem\",\"position\":1,\"name\":\"Home\",\"item\":\"https:\\\/\\\/www.kuakebicycle.com\\\/it\\\/\"},{\"@type\":\"ListItem\",\"position\":2,\"name\":\"Prodotti\",\"item\":\"https:\\\/\\\/www.kuakebicycle.com\\\/it\\\/prodotti\\\/\"},{\"@type\":\"ListItem\",\"position\":3,\"name\":\"KK8031 Triciclo Elettrico Pieghevole (Pneumatico Grasso 4.0, 250W~750W, 374Wh~1680Wh, 7 velocit\u00e0)\"}]},{\"@type\":\"WebSite\",\"@id\":\"https:\\\/\\\/www.kuakebicycle.com\\\/it\\\/#website\",\"url\":\"https:\\\/\\\/www.kuakebicycle.com\\\/it\\\/\",\"name\":\"Kuake Bicycle\",\"description\":\"\",\"publisher\":{\"@id\":\"https:\\\/\\\/www.kuakebicycle.com\\\/it\\\/#organization\"},\"potentialAction\":[{\"@type\":\"SearchAction\",\"target\":{\"@type\":\"EntryPoint\",\"urlTemplate\":\"https:\\\/\\\/www.kuakebicycle.com\\\/it\\\/?s={search_term_string}\"},\"query-input\":{\"@type\":\"PropertyValueSpecification\",\"valueRequired\":true,\"valueName\":\"search_term_string\"}}],\"inLanguage\":\"it-IT\"},{\"@type\":\"Organization\",\"@id\":\"https:\\\/\\\/www.kuakebicycle.com\\\/it\\\/#organization\",\"name\":\"Kuake Technology\",\"url\":\"https:\\\/\\\/www.kuakebicycle.com\\\/it\\\/\",\"logo\":{\"@type\":\"ImageObject\",\"inLanguage\":\"it-IT\",\"@id\":\"https:\\\/\\\/www.kuakebicycle.com\\\/it\\\/#\\\/schema\\\/logo\\\/image\\\/\",\"url\":\"https:\\\/\\\/www.kuakebicycle.com\\\/wp-content\\\/uploads\\\/2021\\\/03\\\/icon.png\",\"contentUrl\":\"https:\\\/\\\/www.kuakebicycle.com\\\/wp-content\\\/uploads\\\/2021\\\/03\\\/icon.png\",\"width\":100,\"height\":100,\"caption\":\"Kuake Technology\"},\"image\":{\"@id\":\"https:\\\/\\\/www.kuakebicycle.com\\\/it\\\/#\\\/schema\\\/logo\\\/image\\\/\"}}]}<\/script>\n<!-- \/ Yoast SEO plugin. -->","yoast_head_json":{"title":"Migliori Triciclo Elettrico Pieghevole Per Adulti, Bici Elettrica Per Anziani A 3 Ruote KK8031 - Kuake Bicycle","description":"KK8031 triciclo elettrico pieghevole si piega e smonta per un facile trasporto e stoccaggio, perfetto per un membro della famiglia con alcuni problemi di mobilit\u00e0.","robots":{"index":"index","follow":"follow","max-snippet":"max-snippet:-1","max-image-preview":"max-image-preview:large","max-video-preview":"max-video-preview:-1"},"canonical":"https:\/\/www.kuakebicycle.com\/it\/kk8031-triciclo-elettrico-carico-posteriore-pieghevole\/","og_locale":"it_IT","og_type":"article","og_title":"Migliori Triciclo Elettrico Pieghevole Per Adulti, Bici Elettrica Per Anziani A 3 Ruote KK8031 - Kuake Bicycle","og_description":"KK8031 triciclo elettrico pieghevole si piega e smonta per un facile trasporto e stoccaggio, perfetto per un membro della famiglia con alcuni problemi di mobilit\u00e0.","og_url":"https:\/\/www.kuakebicycle.com\/it\/kk8031-triciclo-elettrico-carico-posteriore-pieghevole\/","og_site_name":"Kuake Bicycle","article_modified_time":"2022-01-21T04:02:08+00:00","og_image":[{"width":600,"height":600,"url":"https:\/\/www.kuakebicycle.com\/wp-content\/uploads\/2021\/12\/KK8031-Grey-Folding-Electric-Tricycle.jpg","type":"image\/jpeg"}],"twitter_card":"summary_large_image","twitter_misc":{"Tempo di lettura stimato":"1 minuto"},"schema":{"@context":"https:\/\/schema.org","@graph":[{"@type":"WebPage","@id":"https:\/\/www.kuakebicycle.com\/it\/kk8031-triciclo-elettrico-carico-posteriore-pieghevole\/","url":"https:\/\/www.kuakebicycle.com\/it\/kk8031-triciclo-elettrico-carico-posteriore-pieghevole\/","name":"Migliori Triciclo Elettrico Pieghevole Per Adulti, Bici Elettrica Per Anziani A 3 Ruote KK8031 - Kuake Bicycle","isPartOf":{"@id":"https:\/\/www.kuakebicycle.com\/it\/#website"},"primaryImageOfPage":{"@id":"https:\/\/www.kuakebicycle.com\/it\/kk8031-triciclo-elettrico-carico-posteriore-pieghevole\/#primaryimage"},"image":{"@id":"https:\/\/www.kuakebicycle.com\/it\/kk8031-triciclo-elettrico-carico-posteriore-pieghevole\/#primaryimage"},"thumbnailUrl":"https:\/\/www.kuakebicycle.com\/wp-content\/uploads\/2021\/12\/KK8031-Grey-Folding-Electric-Tricycle.jpg","datePublished":"2021-03-29T07:18:10+00:00","dateModified":"2022-01-21T04:02:08+00:00","description":"KK8031 triciclo elettrico pieghevole si piega e smonta per un facile trasporto e stoccaggio, perfetto per un membro della famiglia con alcuni problemi di mobilit\u00e0.","breadcrumb":{"@id":"https:\/\/www.kuakebicycle.com\/it\/kk8031-triciclo-elettrico-carico-posteriore-pieghevole\/#breadcrumb"},"inLanguage":"it-IT","potentialAction":[{"@type":"ReadAction","target":["https:\/\/www.kuakebicycle.com\/it\/kk8031-triciclo-elettrico-carico-posteriore-pieghevole\/"]}]},{"@type":"ImageObject","inLanguage":"it-IT","@id":"https:\/\/www.kuakebicycle.com\/it\/kk8031-triciclo-elettrico-carico-posteriore-pieghevole\/#primaryimage","url":"https:\/\/www.kuakebicycle.com\/wp-content\/uploads\/2021\/12\/KK8031-Grey-Folding-Electric-Tricycle.jpg","contentUrl":"https:\/\/www.kuakebicycle.com\/wp-content\/uploads\/2021\/12\/KK8031-Grey-Folding-Electric-Tricycle.jpg","width":600,"height":600,"caption":"KK8031 Triciclo elettrico pieghevole grigio"},{"@type":"BreadcrumbList","@id":"https:\/\/www.kuakebicycle.com\/it\/kk8031-triciclo-elettrico-carico-posteriore-pieghevole\/#breadcrumb","itemListElement":[{"@type":"ListItem","position":1,"name":"Home","item":"https:\/\/www.kuakebicycle.com\/it\/"},{"@type":"ListItem","position":2,"name":"Prodotti","item":"https:\/\/www.kuakebicycle.com\/it\/prodotti\/"},{"@type":"ListItem","position":3,"name":"KK8031 Triciclo Elettrico Pieghevole (Pneumatico Grasso 4.0, 250W~750W, 374Wh~1680Wh, 7 velocit\u00e0)"}]},{"@type":"WebSite","@id":"https:\/\/www.kuakebicycle.com\/it\/#website","url":"https:\/\/www.kuakebicycle.com\/it\/","name":"Kuake Bicycle","description":"","publisher":{"@id":"https:\/\/www.kuakebicycle.com\/it\/#organization"},"potentialAction":[{"@type":"SearchAction","target":{"@type":"EntryPoint","urlTemplate":"https:\/\/www.kuakebicycle.com\/it\/?s={search_term_string}"},"query-input":{"@type":"PropertyValueSpecification","valueRequired":true,"valueName":"search_term_string"}}],"inLanguage":"it-IT"},{"@type":"Organization","@id":"https:\/\/www.kuakebicycle.com\/it\/#organization","name":"Kuake Technology","url":"https:\/\/www.kuakebicycle.com\/it\/","logo":{"@type":"ImageObject","inLanguage":"it-IT","@id":"https:\/\/www.kuakebicycle.com\/it\/#\/schema\/logo\/image\/","url":"https:\/\/www.kuakebicycle.com\/wp-content\/uploads\/2021\/03\/icon.png","contentUrl":"https:\/\/www.kuakebicycle.com\/wp-content\/uploads\/2021\/03\/icon.png","width":100,"height":100,"caption":"Kuake Technology"},"image":{"@id":"https:\/\/www.kuakebicycle.com\/it\/#\/schema\/logo\/image\/"}}]}},"_links":{"self":[{"href":"https:\/\/www.kuakebicycle.com\/it\/wp-json\/wp\/v2\/product\/2045","targetHints":{"allow":["GET"]}}],"collection":[{"href":"https:\/\/www.kuakebicycle.com\/it\/wp-json\/wp\/v2\/product"}],"about":[{"href":"https:\/\/www.kuakebicycle.com\/it\/wp-json\/wp\/v2\/types\/product"}],"replies":[{"embeddable":true,"href":"https:\/\/www.kuakebicycle.com\/it\/wp-json\/wp\/v2\/comments?post=2045"}],"wp:featuredmedia":[{"embeddable":true,"href":"https:\/\/www.kuakebicycle.com\/it\/wp-json\/wp\/v2\/media\/14542"}],"wp:attachment":[{"href":"https:\/\/www.kuakebicycle.com\/it\/wp-json\/wp\/v2\/media?parent=2045"}],"wp:term":[{"taxonomy":"product_brand","embeddable":true,"href":"https:\/\/www.kuakebicycle.com\/it\/wp-json\/wp\/v2\/product_brand?post=2045"},{"taxonomy":"product_cat","embeddable":true,"href":"https:\/\/www.kuakebicycle.com\/it\/wp-json\/wp\/v2\/product_cat?post=2045"},{"taxonomy":"product_tag","embeddable":true,"href":"https:\/\/www.kuakebicycle.com\/it\/wp-json\/wp\/v2\/product_tag?post=2045"}],"curies":[{"name":"wp","href":"https:\/\/api.w.org\/{rel}","templated":true}]}}