{"id":2029,"date":"2021-03-26T06:11:36","date_gmt":"2021-03-26T06:11:36","guid":{"rendered":"https:\/\/www.kuakebicycle.com\/kk9058-bicicletta-elettrica-da-citta-250-w-10-ah-6-velocita\/"},"modified":"2021-12-31T09:03:37","modified_gmt":"2021-12-31T09:03:37","slug":"kk9058-bicicletta-elettrica-da-citta","status":"publish","type":"product","link":"https:\/\/www.kuakebicycle.com\/it\/kk9058-bicicletta-elettrica-da-citta\/","title":{"rendered":"KK9058 City Bike Elettrica Uomo (28 pollici, 250W, 10Ah, 6 Velocit\u00e0)"},"content":{"rendered":"<table border=\"1\" width=\"556\">\n<tbody>\n<tr>\n<td style=\"text-align: center;\" colspan=\"2\" bgcolor=\"#d9edf7\"><strong>Specifiche Della Bicicletta<\/strong><\/td>\n<\/tr>\n<tr>\n<td bgcolor=\"#f5f2f2\" width=\"275\"><strong>Modello Numero.<\/strong><\/td>\n<td width=\"281\">KK9058<\/td>\n<\/tr>\n<tr>\n<td bgcolor=\"#f5f2f2\" width=\"275\"><strong>Peso netto<\/strong><\/td>\n<td width=\"281\">30KG<\/td>\n<\/tr>\n<tr>\n<td bgcolor=\"#f5f2f2\" width=\"275\"><strong>Peso lordo<\/strong><\/td>\n<td width=\"281\">35KG<\/td>\n<\/tr>\n<tr>\n<td bgcolor=\"#f5f2f2\" width=\"275\"><strong>Telaio<\/strong><\/td>\n<td width=\"281\">Lega di alluminio<\/td>\n<\/tr>\n<tr>\n<td bgcolor=\"#f5f2f2\" width=\"275\"><strong>Forchetta<\/strong><\/td>\n<td width=\"281\">Sospensione ZOOM sing Forcella in lega di alluminio<\/td>\n<\/tr>\n<tr>\n<td bgcolor=\"#f5f2f2\" width=\"275\"><strong>Ingranaggio<\/strong><\/td>\n<td width=\"281\">Shimano 6 velocit\u00e0<\/td>\n<\/tr>\n<tr>\n<td bgcolor=\"#f5f2f2\" width=\"275\"><strong>Shifters<\/strong><\/td>\n<td width=\"281\">6 velocit\u00e0<\/td>\n<\/tr>\n<tr>\n<td bgcolor=\"#f5f2f2\" width=\"275\"><strong>Ruota libera<\/strong><\/td>\n<td width=\"281\">6 velocit\u00e0<\/td>\n<\/tr>\n<tr>\n<td bgcolor=\"#f5f2f2\" width=\"275\"><strong>Freno anteriore<\/strong><\/td>\n<td width=\"281\">TEKTRO Freno a disco meccanico<\/td>\n<\/tr>\n<tr>\n<td bgcolor=\"#f5f2f2\" width=\"275\"><strong>Freno posteriore<\/strong><\/td>\n<td width=\"281\">TEKTRO Freno a disco meccanico<\/td>\n<\/tr>\n<tr>\n<td bgcolor=\"#f5f2f2\" width=\"275\"><strong>Pedali<\/strong><\/td>\n<td width=\"281\">Pedale in lega di alluminio con riflettore<\/td>\n<\/tr>\n<tr>\n<td bgcolor=\"#f5f2f2\" width=\"275\"><strong>Rim<\/strong><\/td>\n<td width=\"281\">Lega di alluminio<\/td>\n<\/tr>\n<tr>\n<td bgcolor=\"#f5f2f2\" width=\"275\"><strong>Pneumatici<\/strong><\/td>\n<td width=\"281\">700C*40C<\/td>\n<\/tr>\n<tr>\n<td bgcolor=\"#f5f2f2\" width=\"275\"><strong>raggi<\/strong><\/td>\n<td width=\"281\">13g Acciaio inossidabile<\/td>\n<\/tr>\n<tr>\n<td bgcolor=\"#f5f2f2\" width=\"275\"><strong>manubrio<\/strong><\/td>\n<td width=\"281\">Lega di alluminio, modello sportivo<\/td>\n<\/tr>\n<tr>\n<td bgcolor=\"#f5f2f2\" width=\"275\"><strong>Stelo<\/strong><\/td>\n<td width=\"281\">Lega di alluminio<\/td>\n<\/tr>\n<tr>\n<td bgcolor=\"#f5f2f2\" width=\"275\"><strong>Impugnatura<\/strong><\/td>\n<td width=\"281\">TC-G107A<\/td>\n<\/tr>\n<tr>\n<td bgcolor=\"#f5f2f2\" width=\"275\"><strong>Leva Del Freno<\/strong><\/td>\n<td width=\"281\">Lega LE-52A<\/td>\n<\/tr>\n<tr>\n<td bgcolor=\"#f5f2f2\" width=\"275\"><strong>Sella<\/strong><\/td>\n<td width=\"281\">Morbido confortevole<\/td>\n<\/tr>\n<tr>\n<td bgcolor=\"#f5f2f2\" width=\"275\"><strong>Cavalletta<\/strong><\/td>\n<td width=\"281\">CL-KA66, lega<\/td>\n<\/tr>\n<tr>\n<td bgcolor=\"#f5f2f2\" width=\"275\"><strong>Catena<\/strong><\/td>\n<td width=\"281\">KMC<\/td>\n<\/tr>\n<tr>\n<td style=\"text-align: center;\" colspan=\"2\" bgcolor=\"#d9edf7\"><strong>Sistema Elettrico<\/strong><\/td>\n<\/tr>\n<tr>\n<td bgcolor=\"#f5f2f2\" width=\"275\"><strong>Batteria<\/strong><\/td>\n<td width=\"281\">Celle della batteria al litio 36V10AH<\/td>\n<\/tr>\n<tr>\n<td bgcolor=\"#f5f2f2\" width=\"275\"><strong>Caricabatterie<\/strong><\/td>\n<td width=\"281\">Caricabatterie intelligente AC 100-240V<\/td>\n<\/tr>\n<tr>\n<td bgcolor=\"#f5f2f2\" width=\"275\"><strong>Tempo di ricarica<\/strong><\/td>\n<td width=\"281\">4~6 ore<\/td>\n<\/tr>\n<tr>\n<td bgcolor=\"#f5f2f2\" width=\"275\"><strong>Tempi di ricarica<\/strong><\/td>\n<td width=\"281\">800~1000 volte<\/td>\n<\/tr>\n<tr>\n<td bgcolor=\"#f5f2f2\" width=\"275\"><strong>Potenza motore Motor<\/strong><\/td>\n<td width=\"281\">36V 250W<\/td>\n<\/tr>\n<tr>\n<td bgcolor=\"#f5f2f2\" width=\"275\"><strong>Controllora<\/strong><\/td>\n<td width=\"281\">36V\/12A<\/td>\n<\/tr>\n<tr>\n<td bgcolor=\"#f5f2f2\" width=\"275\"><strong>Schermo<\/strong><\/td>\n<td width=\"281\">LCD display<\/td>\n<\/tr>\n<tr>\n<td bgcolor=\"#f5f2f2\" width=\"275\"><strong>Massima velocit\u00e0<\/strong><\/td>\n<td width=\"281\">25Km\/H<\/td>\n<\/tr>\n<tr>\n<td bgcolor=\"#f5f2f2\" width=\"275\"><strong>Distanza per la carica<\/strong><\/td>\n<td width=\"281\">31~60km<\/td>\n<\/tr>\n<tr>\n<td style=\"text-align: center;\" colspan=\"2\" bgcolor=\"#d9edf7\"><strong>Dettagli di spedizione<\/strong><\/td>\n<\/tr>\n<tr>\n<td bgcolor=\"#f5f2f2\" width=\"275\"><strong>Dimensione dell&#8217;imballaggio<\/strong><\/td>\n<td width=\"281\">148*24*87cm<\/td>\n<\/tr>\n<tr>\n<td bgcolor=\"#f5f2f2\" width=\"275\"><strong>40&#8243; Hq(Pcs)<\/strong><\/td>\n<td width=\"281\">210pcs<\/td>\n<\/tr>\n<tr>\n<td bgcolor=\"#f5f2f2\" width=\"275\"><strong>20&#8243; Hq(Pcs)<\/strong><\/td>\n<td width=\"281\">82pcs<\/td>\n<\/tr>\n<\/tbody>\n<\/table>\n","protected":false},"excerpt":{"rendered":"<ul>\n<li><strong>Telaio<\/strong>: design del telaio in lega di alluminio 100% 6061 ad alta resistenza, il carico massimo pu\u00f2 essere raggiunto 300 libbre.<\/li>\n<li><strong>Motore<\/strong>: il motore posteriore brushless ad alta velocit\u00e0 da 36 V\/250 W fornisce una potenza pi\u00f9 che sufficiente, la velocit\u00e0 massima pu\u00f2 essere raggiunta a 25 km\/h.<\/li>\n<li><strong>Batteria<\/strong>: batteria al litio rimovibile 36V\/10AH, tempo di ricarica: 4~6 ore, durata della batteria: 800~1000 cicli.<\/li>\n<li><strong>Freno<\/strong>: i freni a disco meccanici TEKTRO anteriori e posteriori non sono influenzati dagli agenti atmosferici e forniscono una frenata potente e progressiva.<\/li>\n<li><strong>Comandi cambio<\/strong>: il sistema di trasmissione Shimano a 6 velocit\u00e0 garantisce la diversa esperienza di velocit\u00e0 di cui hai bisogno per guidare.<\/li>\n<li><strong>Modalit\u00e0 di guida<\/strong>: bicicletta elettrica pura, a pedalata assistita (PAS) e normale.<\/li>\n<\/ul>\n","protected":false},"featured_media":1981,"comment_status":"closed","ping_status":"closed","template":"","meta":{"site-sidebar-layout":"default","site-content-layout":"default","ast-site-content-layout":"default","site-content-style":"default","site-sidebar-style":"default","ast-global-header-display":"","ast-banner-title-visibility":"","ast-main-header-display":"","ast-hfb-above-header-display":"","ast-hfb-below-header-display":"","ast-hfb-mobile-header-display":"","site-post-title":"","ast-breadcrumbs-content":"","ast-featured-img":"","footer-sml-layout":"","ast-disable-related-posts":"","theme-transparent-header-meta":"default","adv-header-id-meta":"","stick-header-meta":"default","header-above-stick-meta":"","header-main-stick-meta":"","header-below-stick-meta":"","astra-migrate-meta-layouts":"default","ast-page-background-enabled":"default","ast-page-background-meta":{"desktop":{"background-color":"","background-image":"","background-repeat":"repeat","background-position":"center center","background-size":"auto","background-attachment":"scroll","background-type":"","background-media":"","overlay-type":"","overlay-color":"","overlay-opacity":"","overlay-gradient":""},"tablet":{"background-color":"","background-image":"","background-repeat":"repeat","background-position":"center center","background-size":"auto","background-attachment":"scroll","background-type":"","background-media":"","overlay-type":"","overlay-color":"","overlay-opacity":"","overlay-gradient":""},"mobile":{"background-color":"","background-image":"","background-repeat":"repeat","background-position":"center center","background-size":"auto","background-attachment":"scroll","background-type":"","background-media":"","overlay-type":"","overlay-color":"","overlay-opacity":"","overlay-gradient":""}},"ast-content-background-meta":{"desktop":{"background-color":"var(--ast-global-color-5)","background-image":"","background-repeat":"repeat","background-position":"center center","background-size":"auto","background-attachment":"scroll","background-type":"","background-media":"","overlay-type":"","overlay-color":"","overlay-opacity":"","overlay-gradient":""},"tablet":{"background-color":"var(--ast-global-color-5)","background-image":"","background-repeat":"repeat","background-position":"center center","background-size":"auto","background-attachment":"scroll","background-type":"","background-media":"","overlay-type":"","overlay-color":"","overlay-opacity":"","overlay-gradient":""},"mobile":{"background-color":"var(--ast-global-color-5)","background-image":"","background-repeat":"repeat","background-position":"center center","background-size":"auto","background-attachment":"scroll","background-type":"","background-media":"","overlay-type":"","overlay-color":"","overlay-opacity":"","overlay-gradient":""}}},"product_brand":[],"product_cat":[67],"product_tag":[],"class_list":{"0":"post-2029","1":"product","2":"type-product","3":"status-publish","4":"has-post-thumbnail","6":"product_cat-bici-elettrica-da-citta","7":"desktop-align-left","8":"tablet-align-left","9":"mobile-align-left","10":"ast-product-gallery-layout-horizontal","11":"ast-product-tabs-layout-horizontal","12":"ast-qv-on-image","14":"first","15":"instock","16":"shipping-taxable","17":"product-type-simple"},"yoast_head":"<!-- This site is optimized with the Yoast SEO plugin v27.4 - https:\/\/yoast.com\/product\/yoast-seo-wordpress\/ -->\n<title>City Bike Elettrica Uomo KK9058 - Kuake Bicycle<\/title>\n<meta name=\"robots\" content=\"index, follow, max-snippet:-1, max-image-preview:large, max-video-preview:-1\" \/>\n<link rel=\"canonical\" href=\"https:\/\/www.kuakebicycle.com\/it\/kk9058-bicicletta-elettrica-da-citta\/\" \/>\n<meta property=\"og:locale\" content=\"it_IT\" \/>\n<meta property=\"og:type\" content=\"article\" \/>\n<meta property=\"og:title\" content=\"City Bike Elettrica Uomo KK9058 - Kuake Bicycle\" \/>\n<meta property=\"og:description\" content=\"Telaio: design del telaio in lega di alluminio 100% 6061 ad alta resistenza, il carico massimo pu\u00f2 essere raggiunto 300 libbre.  Motore: il motore posteriore brushless ad alta velocit\u00e0 da 36 V\/250 W fornisce una potenza pi\u00f9 che sufficiente, la velocit\u00e0 massima pu\u00f2 essere raggiunta a 25 km\/h.  Batteria: batteria al litio rimovibile 36V\/10AH, tempo di ricarica: 4~6 ore, durata della batteria: 800~1000 cicli.  Freno: i freni a disco meccanici TEKTRO anteriori e posteriori non sono influenzati dagli agenti atmosferici e forniscono una frenata potente e progressiva.  Comandi cambio: il sistema di trasmissione Shimano a 6 velocit\u00e0 garantisce la diversa esperienza di velocit\u00e0 di cui hai bisogno per guidare.  Modalit\u00e0 di guida: bicicletta elettrica pura, a pedalata assistita (PAS) e normale.\" \/>\n<meta property=\"og:url\" content=\"https:\/\/www.kuakebicycle.com\/it\/kk9058-bicicletta-elettrica-da-citta\/\" \/>\n<meta property=\"og:site_name\" content=\"Kuake Bicycle\" \/>\n<meta property=\"article:modified_time\" content=\"2021-12-31T09:03:37+00:00\" \/>\n<meta property=\"og:image\" content=\"https:\/\/www.kuakebicycle.com\/wp-content\/uploads\/2021\/03\/KK9058-Black-Electric-City-Bike.jpg\" \/>\n\t<meta property=\"og:image:width\" content=\"600\" \/>\n\t<meta property=\"og:image:height\" content=\"600\" \/>\n\t<meta property=\"og:image:type\" content=\"image\/jpeg\" \/>\n<meta name=\"twitter:card\" content=\"summary_large_image\" \/>\n<meta name=\"twitter:label1\" content=\"Tempo di lettura stimato\" \/>\n\t<meta name=\"twitter:data1\" content=\"1 minuto\" \/>\n<script type=\"application\/ld+json\" class=\"yoast-schema-graph\">{\"@context\":\"https:\\\/\\\/schema.org\",\"@graph\":[{\"@type\":\"WebPage\",\"@id\":\"https:\\\/\\\/www.kuakebicycle.com\\\/it\\\/kk9058-bicicletta-elettrica-da-citta\\\/\",\"url\":\"https:\\\/\\\/www.kuakebicycle.com\\\/it\\\/kk9058-bicicletta-elettrica-da-citta\\\/\",\"name\":\"City Bike Elettrica Uomo KK9058 - Kuake Bicycle\",\"isPartOf\":{\"@id\":\"https:\\\/\\\/www.kuakebicycle.com\\\/it\\\/#website\"},\"primaryImageOfPage\":{\"@id\":\"https:\\\/\\\/www.kuakebicycle.com\\\/it\\\/kk9058-bicicletta-elettrica-da-citta\\\/#primaryimage\"},\"image\":{\"@id\":\"https:\\\/\\\/www.kuakebicycle.com\\\/it\\\/kk9058-bicicletta-elettrica-da-citta\\\/#primaryimage\"},\"thumbnailUrl\":\"https:\\\/\\\/www.kuakebicycle.com\\\/wp-content\\\/uploads\\\/2021\\\/03\\\/KK9058-Black-Electric-City-Bike.jpg\",\"datePublished\":\"2021-03-26T06:11:36+00:00\",\"dateModified\":\"2021-12-31T09:03:37+00:00\",\"breadcrumb\":{\"@id\":\"https:\\\/\\\/www.kuakebicycle.com\\\/it\\\/kk9058-bicicletta-elettrica-da-citta\\\/#breadcrumb\"},\"inLanguage\":\"it-IT\",\"potentialAction\":[{\"@type\":\"ReadAction\",\"target\":[\"https:\\\/\\\/www.kuakebicycle.com\\\/it\\\/kk9058-bicicletta-elettrica-da-citta\\\/\"]}]},{\"@type\":\"ImageObject\",\"inLanguage\":\"it-IT\",\"@id\":\"https:\\\/\\\/www.kuakebicycle.com\\\/it\\\/kk9058-bicicletta-elettrica-da-citta\\\/#primaryimage\",\"url\":\"https:\\\/\\\/www.kuakebicycle.com\\\/wp-content\\\/uploads\\\/2021\\\/03\\\/KK9058-Black-Electric-City-Bike.jpg\",\"contentUrl\":\"https:\\\/\\\/www.kuakebicycle.com\\\/wp-content\\\/uploads\\\/2021\\\/03\\\/KK9058-Black-Electric-City-Bike.jpg\",\"width\":600,\"height\":600,\"caption\":\"KK9058 Bicicletta elettrica da citt\u00e0 nera\"},{\"@type\":\"BreadcrumbList\",\"@id\":\"https:\\\/\\\/www.kuakebicycle.com\\\/it\\\/kk9058-bicicletta-elettrica-da-citta\\\/#breadcrumb\",\"itemListElement\":[{\"@type\":\"ListItem\",\"position\":1,\"name\":\"Home\",\"item\":\"https:\\\/\\\/www.kuakebicycle.com\\\/it\\\/\"},{\"@type\":\"ListItem\",\"position\":2,\"name\":\"Prodotti\",\"item\":\"https:\\\/\\\/www.kuakebicycle.com\\\/it\\\/prodotti\\\/\"},{\"@type\":\"ListItem\",\"position\":3,\"name\":\"KK9058 City Bike Elettrica Uomo (28 pollici, 250W, 10Ah, 6 Velocit\u00e0)\"}]},{\"@type\":\"WebSite\",\"@id\":\"https:\\\/\\\/www.kuakebicycle.com\\\/it\\\/#website\",\"url\":\"https:\\\/\\\/www.kuakebicycle.com\\\/it\\\/\",\"name\":\"Kuake Bicycle\",\"description\":\"\",\"publisher\":{\"@id\":\"https:\\\/\\\/www.kuakebicycle.com\\\/it\\\/#organization\"},\"potentialAction\":[{\"@type\":\"SearchAction\",\"target\":{\"@type\":\"EntryPoint\",\"urlTemplate\":\"https:\\\/\\\/www.kuakebicycle.com\\\/it\\\/?s={search_term_string}\"},\"query-input\":{\"@type\":\"PropertyValueSpecification\",\"valueRequired\":true,\"valueName\":\"search_term_string\"}}],\"inLanguage\":\"it-IT\"},{\"@type\":\"Organization\",\"@id\":\"https:\\\/\\\/www.kuakebicycle.com\\\/it\\\/#organization\",\"name\":\"Kuake Technology\",\"url\":\"https:\\\/\\\/www.kuakebicycle.com\\\/it\\\/\",\"logo\":{\"@type\":\"ImageObject\",\"inLanguage\":\"it-IT\",\"@id\":\"https:\\\/\\\/www.kuakebicycle.com\\\/it\\\/#\\\/schema\\\/logo\\\/image\\\/\",\"url\":\"https:\\\/\\\/www.kuakebicycle.com\\\/wp-content\\\/uploads\\\/2021\\\/03\\\/icon.png\",\"contentUrl\":\"https:\\\/\\\/www.kuakebicycle.com\\\/wp-content\\\/uploads\\\/2021\\\/03\\\/icon.png\",\"width\":100,\"height\":100,\"caption\":\"Kuake Technology\"},\"image\":{\"@id\":\"https:\\\/\\\/www.kuakebicycle.com\\\/it\\\/#\\\/schema\\\/logo\\\/image\\\/\"}}]}<\/script>\n<!-- \/ Yoast SEO plugin. -->","yoast_head_json":{"title":"City Bike Elettrica Uomo KK9058 - Kuake Bicycle","robots":{"index":"index","follow":"follow","max-snippet":"max-snippet:-1","max-image-preview":"max-image-preview:large","max-video-preview":"max-video-preview:-1"},"canonical":"https:\/\/www.kuakebicycle.com\/it\/kk9058-bicicletta-elettrica-da-citta\/","og_locale":"it_IT","og_type":"article","og_title":"City Bike Elettrica Uomo KK9058 - Kuake Bicycle","og_description":"Telaio: design del telaio in lega di alluminio 100% 6061 ad alta resistenza, il carico massimo pu\u00f2 essere raggiunto 300 libbre.  Motore: il motore posteriore brushless ad alta velocit\u00e0 da 36 V\/250 W fornisce una potenza pi\u00f9 che sufficiente, la velocit\u00e0 massima pu\u00f2 essere raggiunta a 25 km\/h.  Batteria: batteria al litio rimovibile 36V\/10AH, tempo di ricarica: 4~6 ore, durata della batteria: 800~1000 cicli.  Freno: i freni a disco meccanici TEKTRO anteriori e posteriori non sono influenzati dagli agenti atmosferici e forniscono una frenata potente e progressiva.  Comandi cambio: il sistema di trasmissione Shimano a 6 velocit\u00e0 garantisce la diversa esperienza di velocit\u00e0 di cui hai bisogno per guidare.  Modalit\u00e0 di guida: bicicletta elettrica pura, a pedalata assistita (PAS) e normale.","og_url":"https:\/\/www.kuakebicycle.com\/it\/kk9058-bicicletta-elettrica-da-citta\/","og_site_name":"Kuake Bicycle","article_modified_time":"2021-12-31T09:03:37+00:00","og_image":[{"width":600,"height":600,"url":"https:\/\/www.kuakebicycle.com\/wp-content\/uploads\/2021\/03\/KK9058-Black-Electric-City-Bike.jpg","type":"image\/jpeg"}],"twitter_card":"summary_large_image","twitter_misc":{"Tempo di lettura stimato":"1 minuto"},"schema":{"@context":"https:\/\/schema.org","@graph":[{"@type":"WebPage","@id":"https:\/\/www.kuakebicycle.com\/it\/kk9058-bicicletta-elettrica-da-citta\/","url":"https:\/\/www.kuakebicycle.com\/it\/kk9058-bicicletta-elettrica-da-citta\/","name":"City Bike Elettrica Uomo KK9058 - Kuake Bicycle","isPartOf":{"@id":"https:\/\/www.kuakebicycle.com\/it\/#website"},"primaryImageOfPage":{"@id":"https:\/\/www.kuakebicycle.com\/it\/kk9058-bicicletta-elettrica-da-citta\/#primaryimage"},"image":{"@id":"https:\/\/www.kuakebicycle.com\/it\/kk9058-bicicletta-elettrica-da-citta\/#primaryimage"},"thumbnailUrl":"https:\/\/www.kuakebicycle.com\/wp-content\/uploads\/2021\/03\/KK9058-Black-Electric-City-Bike.jpg","datePublished":"2021-03-26T06:11:36+00:00","dateModified":"2021-12-31T09:03:37+00:00","breadcrumb":{"@id":"https:\/\/www.kuakebicycle.com\/it\/kk9058-bicicletta-elettrica-da-citta\/#breadcrumb"},"inLanguage":"it-IT","potentialAction":[{"@type":"ReadAction","target":["https:\/\/www.kuakebicycle.com\/it\/kk9058-bicicletta-elettrica-da-citta\/"]}]},{"@type":"ImageObject","inLanguage":"it-IT","@id":"https:\/\/www.kuakebicycle.com\/it\/kk9058-bicicletta-elettrica-da-citta\/#primaryimage","url":"https:\/\/www.kuakebicycle.com\/wp-content\/uploads\/2021\/03\/KK9058-Black-Electric-City-Bike.jpg","contentUrl":"https:\/\/www.kuakebicycle.com\/wp-content\/uploads\/2021\/03\/KK9058-Black-Electric-City-Bike.jpg","width":600,"height":600,"caption":"KK9058 Bicicletta elettrica da citt\u00e0 nera"},{"@type":"BreadcrumbList","@id":"https:\/\/www.kuakebicycle.com\/it\/kk9058-bicicletta-elettrica-da-citta\/#breadcrumb","itemListElement":[{"@type":"ListItem","position":1,"name":"Home","item":"https:\/\/www.kuakebicycle.com\/it\/"},{"@type":"ListItem","position":2,"name":"Prodotti","item":"https:\/\/www.kuakebicycle.com\/it\/prodotti\/"},{"@type":"ListItem","position":3,"name":"KK9058 City Bike Elettrica Uomo (28 pollici, 250W, 10Ah, 6 Velocit\u00e0)"}]},{"@type":"WebSite","@id":"https:\/\/www.kuakebicycle.com\/it\/#website","url":"https:\/\/www.kuakebicycle.com\/it\/","name":"Kuake Bicycle","description":"","publisher":{"@id":"https:\/\/www.kuakebicycle.com\/it\/#organization"},"potentialAction":[{"@type":"SearchAction","target":{"@type":"EntryPoint","urlTemplate":"https:\/\/www.kuakebicycle.com\/it\/?s={search_term_string}"},"query-input":{"@type":"PropertyValueSpecification","valueRequired":true,"valueName":"search_term_string"}}],"inLanguage":"it-IT"},{"@type":"Organization","@id":"https:\/\/www.kuakebicycle.com\/it\/#organization","name":"Kuake Technology","url":"https:\/\/www.kuakebicycle.com\/it\/","logo":{"@type":"ImageObject","inLanguage":"it-IT","@id":"https:\/\/www.kuakebicycle.com\/it\/#\/schema\/logo\/image\/","url":"https:\/\/www.kuakebicycle.com\/wp-content\/uploads\/2021\/03\/icon.png","contentUrl":"https:\/\/www.kuakebicycle.com\/wp-content\/uploads\/2021\/03\/icon.png","width":100,"height":100,"caption":"Kuake Technology"},"image":{"@id":"https:\/\/www.kuakebicycle.com\/it\/#\/schema\/logo\/image\/"}}]}},"_links":{"self":[{"href":"https:\/\/www.kuakebicycle.com\/it\/wp-json\/wp\/v2\/product\/2029","targetHints":{"allow":["GET"]}}],"collection":[{"href":"https:\/\/www.kuakebicycle.com\/it\/wp-json\/wp\/v2\/product"}],"about":[{"href":"https:\/\/www.kuakebicycle.com\/it\/wp-json\/wp\/v2\/types\/product"}],"replies":[{"embeddable":true,"href":"https:\/\/www.kuakebicycle.com\/it\/wp-json\/wp\/v2\/comments?post=2029"}],"wp:featuredmedia":[{"embeddable":true,"href":"https:\/\/www.kuakebicycle.com\/it\/wp-json\/wp\/v2\/media\/1981"}],"wp:attachment":[{"href":"https:\/\/www.kuakebicycle.com\/it\/wp-json\/wp\/v2\/media?parent=2029"}],"wp:term":[{"taxonomy":"product_brand","embeddable":true,"href":"https:\/\/www.kuakebicycle.com\/it\/wp-json\/wp\/v2\/product_brand?post=2029"},{"taxonomy":"product_cat","embeddable":true,"href":"https:\/\/www.kuakebicycle.com\/it\/wp-json\/wp\/v2\/product_cat?post=2029"},{"taxonomy":"product_tag","embeddable":true,"href":"https:\/\/www.kuakebicycle.com\/it\/wp-json\/wp\/v2\/product_tag?post=2029"}],"curies":[{"name":"wp","href":"https:\/\/api.w.org\/{rel}","templated":true}]}}