{"id":2134,"date":"2021-07-13T07:02:03","date_gmt":"2021-07-13T07:02:03","guid":{"rendered":"https:\/\/www.kuakebicycle.com\/politica-sulla-riservatezza\/"},"modified":"2022-05-03T08:56:24","modified_gmt":"2022-05-03T08:56:24","slug":"politica-sulla-riservatezza","status":"publish","type":"page","link":"https:\/\/www.kuakebicycle.com\/it\/politica-sulla-riservatezza\/","title":{"rendered":"Politica Sulla Riservatezza"},"content":{"rendered":"\n\n\t<p>Benvenuto in KuakeBicycle! Se visiti il \u200b\u200bnostro negozio significa che accetti automaticamente tutti questi termini e condizioni. Si prega di leggere attentamente tutte le informazioni relative alle nostre linee guida, termini e accordi.<\/p>\n<p>\u00c8 molto importante prendersi cura delle informazioni perch\u00e9 viviamo in una societ\u00e0 dell&#8217;informazione e non puoi sottovalutare il modo in cui le informazioni verranno utilizzate e condivise.<\/p>\n<p>La fiducia \u00e8 la pietra angolare dell&#8217;amicizia e apprezziamo la tua decisione di scegliere il nostro negozio. Ti stiamo dando pieno accesso a diversi tipi di informazioni riguardanti il \u200b\u200btuo account.<\/p>\n<p>Inoltre, tieni presente che il nostro sito Web contiene numerosi marchi che possono appartenere sia alla nostra azienda che a societ\u00e0 terze.<\/p>\n<p>L&#8217;utilizzo di loghi, icone e nomi di servizi \u00e8 vietato in qualsiasi modo che possa causare confusione tra i nostri clienti e sar\u00e0 considerato una violazione della legge sul copyright.<\/p>\n<p>Ci riserviamo il diritto di apportare modifiche a questi termini e condizioni in qualsiasi momento senza preavviso.<\/p>\n<p>Utilizzando questo sito Web, accetti i termini della versione pi\u00f9 recente di questa Informativa sulla privacy. Si prega di leggere i nostri Termini di utilizzo per comprendere le regole generali sull&#8217;utilizzo di questo sito Web. Ad eccezione di quanto scritto in altre esclusioni di responsabilit\u00e0, politiche, Condizioni d&#8217;uso o altri avvisi su questo sito Web, questa Informativa sulla privacy e le Condizioni d&#8217;uso sono l&#8217;accordo completo tra te e KuakeBicycle.com in relazione all&#8217;utilizzo di questo sito Web. Potresti essere soggetto a termini aggiuntivi che potrebbero essere applicati quando accedi a particolari servizi o materiali su determinate aree di questo sito Web o seguendo un collegamento da questo sito Web.<\/p>\nintroduzione<br \/>\nLe informazioni che riceviamo e il modo in cui le utilizziamo dipendono da cosa fai quando visiti il \u200b\u200bnostro sito web. Raccogliamo e utilizziamo le tue informazioni non personali (informazioni che non ti identificano personalmente) in modo diverso dalle tue informazioni personali.\n<p>Cosa sono le informazioni non personali?<\/p>\n<p>Le informazioni non personali sono le informazioni che raccogliamo attraverso questo sito Web che non ci identificano come individuo. Pu\u00f2 includere informazioni come le seguenti:<\/p>\nil tipo di browser Web utilizzato (ad esempio Netscape Navigator o Internet Explorer)<br \/>\nil nome del dominio da cui accedi a Internet<br \/>\nl&#8217;indirizzo Internet del sito web dal quale ti sei collegato direttamente al nostro sito web<br \/>\nla data e l&#8217;ora in cui accedi al nostro sito web<br \/>\nquali pagine hai visitato sul nostro sito web<br \/>\ni termini di ricerca che usi<br \/>\ni link su cui clicchi<br \/>\ninformazioni personali che sono state rese non personali o rese anonime (ovvero, informazioni che non riflettono o fanno riferimento a un utente identificabile individualmente)<br \/>\nSe visiti il \u200b\u200bnostro sito Web per leggere o scaricare informazioni, come informazioni su una condizione di salute o su uno dei nostri prodotti, potremmo raccogliere alcune informazioni non personali su di te dal tuo computer. Queste informazioni vengono raccolte dal browser web del tuo computer: se leggi o scarichi solo informazioni sul nostro sito web, non raccogliamo o apprendiamo il tuo nome, indirizzo e-mail, indirizzo di casa o altre informazioni personali su di te. Potremmo inserire un file di testo chiamato cookie nei file del browser del tuo computer quando visiti. Il cookie pu\u00f2 essere memorizzato sul disco rigido del tuo computer. Le informazioni che raccogliamo utilizzando i cookie sono informazioni non personali. Sei sempre libero di rifiutare i nostri cookie se il tuo browser lo consente, ma alcune parti del nostro sito web potrebbero non funzionare correttamente se lo fai. Non consentiremo a terze parti diverse da quelle societ\u00e0 che assumiamo di eseguire servizi o funzioni per nostro conto di inserire cookie sul nostro sito web.\nCosa fa KuakeBicycle.com con le informazioni non personali?<br \/>\nPoich\u00e9 le informazioni non personali non possono identificarti o essere legate a te in alcun modo, non ci sono restrizioni sui modi in cui possiamo utilizzare o condividere informazioni non personali. Siamo sempre alla ricerca di modi per servirti meglio e migliorare questo sito web. Utilizzeremo le tue informazioni non personali per aiutarci a rendere questo sito Web pi\u00f9 utile per i visitatori. Utilizzeremo anche le informazioni non personali per altri scopi commerciali. Ad esempio, possiamo utilizzare informazioni non personali o aggregare informazioni non personali per:\ncreare report per uso interno per sviluppare programmi, prodotti, servizi o contenuti<br \/>\npersonalizzare le informazioni o i servizi che ti interessano<br \/>\nCondividilo con o vendilo a terzi<br \/>\nfornire &#8220;statistiche sul traffico&#8221; aggregate e &#8220;tassi di risposta&#8221; a terzi<br \/>\nChe cosa sono le informazioni personali?<br \/>\nLe informazioni personali sono le informazioni che raccogliamo attraverso questo sito Web che possiamo utilizzare per identificarti in modo specifico, come ad esempio:\nnome<br \/>\nnumero di telefono<br \/>\nindirizzo e-mail<br \/>\nnumero di serie del dispositivo medico<br \/>\ninformazioni personali sulla salute<br \/>\ndata di nascita<br \/>\nIn alcuni punti di questo sito Web, hai l&#8217;opportunit\u00e0 di inviarci informazioni personali su di te, di scegliere di ricevere informazioni particolari o di partecipare a un&#8217;attivit\u00e0. Ad esempio, puoi compilare un modulo di registrazione, un sondaggio o un modulo e-mail e puoi scegliere di ricevere materiale informativo sui nostri prodotti e terapie.\n<p>Puoi anche scegliere di consentirci di personalizzare le tue visite al sito Web, nel qual caso ti chiederemo alcune informazioni personali per rendere le tue visite al nostro sito Web pi\u00f9 utili per te. Quando queste informazioni vengono combinate con le informazioni non personali che raccogliamo tramite i cookie (descritte sopra), saremo in grado di dire che hai gi\u00e0 visitato il nostro sito Web e possiamo personalizzare il tuo accesso al nostro sito Web, ad esempio, informandoti su nuove funzionalit\u00e0 che potrebbero interessarti.<\/p>\nIn che modo KuakeBicycle.com conserva e utilizza le informazioni personali?<br \/>\nPossiamo conservare e utilizzare le informazioni personali che raccogliamo da te attraverso questo sito Web per fornirti l&#8217;accesso a questo sito Web. Inoltre, potremmo conservare e utilizzare le tue informazioni personali:\nper rispondere alle tue richieste<br \/>\nper personalizzare il tuo accesso al nostro sito web, ad esempio, informandoti di nuove funzionalit\u00e0 che potrebbero interessarti<br \/>\nper sviluppare record, compresi i record delle tue informazioni personali<br \/>\nper contattarti con informazioni che potrebbero interessarti, comprese informazioni su sperimentazioni cliniche e su prodotti e servizi nostri e di altri<br \/>\nper scopi analitici e per ricercare, sviluppare e migliorare programmi, prodotti, servizi e contenuti<br \/>\nrimuovere i tuoi identificativi personali (nome, indirizzo e-mail, codice fiscale, ecc.). In questo caso, non verresti pi\u00f9 identificato come un singolo individuo unico. Una volta che abbiamo informazioni anonime, si tratta di informazioni non personali e potremmo trattarle come altre informazioni non personali.<br \/>\nper far rispettare questa Informativa sulla privacy e altre regole sull&#8217;utilizzo di questo sito web<br \/>\nper proteggere i nostri diritti o propriet\u00e0<br \/>\nper proteggere la salute, la sicurezza o il benessere di qualcuno<br \/>\nper rispettare una legge o un regolamento, un&#8217;ingiunzione del tribunale o altri procedimenti legali<br \/>\nNon abbiamo un metodo per rivedere le informazioni personali o non personali raccolte attraverso questo sito.\nKuakeBicycle.com condivide mai informazioni personali con terze parti?<br \/>\nKuakeBicycle.com non condivider\u00e0 le tue informazioni personali raccolte da questo sito Web con una terza parte non correlata senza la tua autorizzazione, salvo quanto diversamente previsto nella presente Informativa sulla privacy.\n<p>Nel normale svolgimento dell&#8217;attivit\u00e0, potremmo condividere alcune informazioni personali con societ\u00e0 che assumiamo per svolgere servizi o funzioni per nostro conto. In tutti i casi in cui condividiamo le tue informazioni personali con terzi, non li autorizzeremo a conservare, divulgare o utilizzare le tue informazioni con altri se non allo scopo di fornire i servizi che abbiamo chiesto loro di fornire. Non venderemo, scambieremo o pubblicheremo le tue informazioni personali, se non in concomitanza con una vendita, fusione, scioglimento o acquisizione aziendale.<\/p>\n<p>Potremmo essere legalmente obbligati a rilasciare le tue informazioni personali in risposta a un ordine del tribunale, citazione in giudizio, mandato di perquisizione, legge o regolamento. Potremmo collaborare con le autorit\u00e0 preposte all&#8217;applicazione della legge per indagare e perseguire i visitatori del sito Web che violano le nostre regole o adottano comportamenti dannosi per gli altri visitatori (o illegali).<\/p>\nE la privacy su altri siti web?<br \/>\nQuesto sito Web pu\u00f2 contenere collegamenti ad altri siti Web. Alcuni di questi siti Web potrebbero essere gestiti da KuakeBicycle e altri potrebbero essere gestiti da terze parti. Forniamo i collegamenti per comodit\u00e0 dell&#8217;utente, ma non esaminiamo, controlliamo o monitoriamo le pratiche sulla privacy dei siti Web gestiti da altri. Questa Informativa sulla privacy non si applica a nessun altro sito Web, nemmeno agli altri siti Web KuakeBicycle.com. Non siamo responsabili per le prestazioni di siti Web gestiti da terzi o per i tuoi rapporti commerciali con loro. Pertanto, ogni volta che si lascia questo sito Web, si consiglia di rivedere le pratiche sulla privacy di ciascun sito Web e di trarre le proprie conclusioni sull&#8217;adeguatezza di tali pratiche.\nKuakeBicycle.com comunica mai direttamente con i visitatori di questo sito web?<br \/>\nPotremmo contattarti periodicamente tramite e-mail, posta o telefono se accetti che tale contatto fornisca informazioni su programmi, prodotti, servizi e contenuti che potrebbero interessarti. Inoltre, alcune delle funzionalit\u00e0 di questo sito Web consentono di comunicare con noi utilizzando un modulo online. Se la tua comunicazione richiede una nostra risposta, ti invieremo una risposta via e-mail. L&#8217;e-mail di risposta o di conferma pu\u00f2 includere le tue informazioni personali, comprese le informazioni personali sulla tua salute, il tuo nome, indirizzo, ecc. Non possiamo garantire che le nostre e-mail a te saranno protette da intercettazioni non autorizzate.\nE la sicurezza del sito web?<br \/>\nLa sicurezza \u00e8 molto importante per noi. Capiamo anche che la sicurezza \u00e8 importante per te. Adottiamo misure ragionevoli per proteggere le tue informazioni personali da perdita, uso improprio e accesso, divulgazione, alterazione o distruzione non autorizzati. Tieni presente che nessuna trasmissione Internet \u00e8 mai sicura al 100% o priva di errori. In particolare, le e-mail inviate a o da questo sito potrebbero non essere sicure, pertanto dovresti prestare particolare attenzione nel decidere quali informazioni ci invii via e-mail.\n\n","protected":false},"excerpt":{"rendered":"<p>Benvenuto in KuakeBicycle! Se visiti il \u200b\u200bnostro negozio significa che accetti automaticamente tutti questi termini e condizioni. Si prega di leggere attentamente tutte le informazioni relative alle nostre linee guida, termini e accordi. \u00c8 molto [&hellip;]<\/p>\n","protected":false},"author":1,"featured_media":0,"parent":0,"menu_order":0,"comment_status":"closed","ping_status":"closed","template":"","meta":{"site-sidebar-layout":"no-sidebar","site-content-layout":"page-builder","ast-site-content-layout":"default","site-content-style":"default","site-sidebar-style":"default","ast-global-header-display":"","ast-banner-title-visibility":"","ast-main-header-display":"","ast-hfb-above-header-display":"","ast-hfb-below-header-display":"","ast-hfb-mobile-header-display":"","site-post-title":"disabled","ast-breadcrumbs-content":"","ast-featured-img":"disabled","footer-sml-layout":"","ast-disable-related-posts":"","theme-transparent-header-meta":"default","adv-header-id-meta":"","stick-header-meta":"default","header-above-stick-meta":"","header-main-stick-meta":"","header-below-stick-meta":"","astra-migrate-meta-layouts":"default","ast-page-background-enabled":"default","ast-page-background-meta":{"desktop":{"background-color":"","background-image":"","background-repeat":"repeat","background-position":"center center","background-size":"auto","background-attachment":"scroll","background-type":"","background-media":"","overlay-type":"","overlay-color":"","overlay-opacity":"","overlay-gradient":""},"tablet":{"background-color":"","background-image":"","background-repeat":"repeat","background-position":"center center","background-size":"auto","background-attachment":"scroll","background-type":"","background-media":"","overlay-type":"","overlay-color":"","overlay-opacity":"","overlay-gradient":""},"mobile":{"background-color":"","background-image":"","background-repeat":"repeat","background-position":"center center","background-size":"auto","background-attachment":"scroll","background-type":"","background-media":"","overlay-type":"","overlay-color":"","overlay-opacity":"","overlay-gradient":""}},"ast-content-background-meta":{"desktop":{"background-color":"var(--ast-global-color-5)","background-image":"","background-repeat":"repeat","background-position":"center center","background-size":"auto","background-attachment":"scroll","background-type":"","background-media":"","overlay-type":"","overlay-color":"","overlay-opacity":"","overlay-gradient":""},"tablet":{"background-color":"var(--ast-global-color-5)","background-image":"","background-repeat":"repeat","background-position":"center center","background-size":"auto","background-attachment":"scroll","background-type":"","background-media":"","overlay-type":"","overlay-color":"","overlay-opacity":"","overlay-gradient":""},"mobile":{"background-color":"var(--ast-global-color-5)","background-image":"","background-repeat":"repeat","background-position":"center center","background-size":"auto","background-attachment":"scroll","background-type":"","background-media":"","overlay-type":"","overlay-color":"","overlay-opacity":"","overlay-gradient":""}},"footnotes":""},"class_list":["post-2134","page","type-page","status-publish","hentry"],"yoast_head":"<!-- This site is optimized with the Yoast SEO plugin v27.4 - https:\/\/yoast.com\/product\/yoast-seo-wordpress\/ -->\n<title>Politica Sulla Riservatezza - Kuake Bicycle<\/title>\n<meta name=\"robots\" content=\"index, follow, max-snippet:-1, max-image-preview:large, max-video-preview:-1\" \/>\n<link rel=\"canonical\" href=\"https:\/\/www.kuakebicycle.com\/it\/politica-sulla-riservatezza\/\" \/>\n<meta property=\"og:locale\" content=\"it_IT\" \/>\n<meta property=\"og:type\" content=\"article\" \/>\n<meta property=\"og:title\" content=\"Politica Sulla Riservatezza - Kuake Bicycle\" \/>\n<meta property=\"og:description\" content=\"Benvenuto in KuakeBicycle! Se visiti il \u200b\u200bnostro negozio significa che accetti automaticamente tutti questi termini e condizioni. Si prega di leggere attentamente tutte le informazioni relative alle nostre linee guida, termini e accordi. \u00c8 molto [&hellip;]\" \/>\n<meta property=\"og:url\" content=\"https:\/\/www.kuakebicycle.com\/it\/politica-sulla-riservatezza\/\" \/>\n<meta property=\"og:site_name\" content=\"Kuake Bicycle\" \/>\n<meta property=\"article:modified_time\" content=\"2022-05-03T08:56:24+00:00\" \/>\n<meta name=\"twitter:card\" content=\"summary_large_image\" \/>\n<meta name=\"twitter:label1\" content=\"Tempo di lettura stimato\" \/>\n\t<meta name=\"twitter:data1\" content=\"8 minuti\" \/>\n<script type=\"application\/ld+json\" class=\"yoast-schema-graph\">{\"@context\":\"https:\\\/\\\/schema.org\",\"@graph\":[{\"@type\":\"WebPage\",\"@id\":\"https:\\\/\\\/www.kuakebicycle.com\\\/it\\\/politica-sulla-riservatezza\\\/\",\"url\":\"https:\\\/\\\/www.kuakebicycle.com\\\/it\\\/politica-sulla-riservatezza\\\/\",\"name\":\"Politica Sulla Riservatezza - Kuake Bicycle\",\"isPartOf\":{\"@id\":\"https:\\\/\\\/www.kuakebicycle.com\\\/it\\\/#website\"},\"datePublished\":\"2021-07-13T07:02:03+00:00\",\"dateModified\":\"2022-05-03T08:56:24+00:00\",\"breadcrumb\":{\"@id\":\"https:\\\/\\\/www.kuakebicycle.com\\\/it\\\/politica-sulla-riservatezza\\\/#breadcrumb\"},\"inLanguage\":\"it-IT\",\"potentialAction\":[{\"@type\":\"ReadAction\",\"target\":[\"https:\\\/\\\/www.kuakebicycle.com\\\/it\\\/politica-sulla-riservatezza\\\/\"]}]},{\"@type\":\"BreadcrumbList\",\"@id\":\"https:\\\/\\\/www.kuakebicycle.com\\\/it\\\/politica-sulla-riservatezza\\\/#breadcrumb\",\"itemListElement\":[{\"@type\":\"ListItem\",\"position\":1,\"name\":\"Home\",\"item\":\"https:\\\/\\\/www.kuakebicycle.com\\\/it\\\/\"},{\"@type\":\"ListItem\",\"position\":2,\"name\":\"Politica Sulla Riservatezza\"}]},{\"@type\":\"WebSite\",\"@id\":\"https:\\\/\\\/www.kuakebicycle.com\\\/it\\\/#website\",\"url\":\"https:\\\/\\\/www.kuakebicycle.com\\\/it\\\/\",\"name\":\"Kuake Bicycle\",\"description\":\"\",\"publisher\":{\"@id\":\"https:\\\/\\\/www.kuakebicycle.com\\\/it\\\/#organization\"},\"potentialAction\":[{\"@type\":\"SearchAction\",\"target\":{\"@type\":\"EntryPoint\",\"urlTemplate\":\"https:\\\/\\\/www.kuakebicycle.com\\\/it\\\/?s={search_term_string}\"},\"query-input\":{\"@type\":\"PropertyValueSpecification\",\"valueRequired\":true,\"valueName\":\"search_term_string\"}}],\"inLanguage\":\"it-IT\"},{\"@type\":\"Organization\",\"@id\":\"https:\\\/\\\/www.kuakebicycle.com\\\/it\\\/#organization\",\"name\":\"Kuake Technology\",\"url\":\"https:\\\/\\\/www.kuakebicycle.com\\\/it\\\/\",\"logo\":{\"@type\":\"ImageObject\",\"inLanguage\":\"it-IT\",\"@id\":\"https:\\\/\\\/www.kuakebicycle.com\\\/it\\\/#\\\/schema\\\/logo\\\/image\\\/\",\"url\":\"https:\\\/\\\/www.kuakebicycle.com\\\/wp-content\\\/uploads\\\/2021\\\/03\\\/icon.png\",\"contentUrl\":\"https:\\\/\\\/www.kuakebicycle.com\\\/wp-content\\\/uploads\\\/2021\\\/03\\\/icon.png\",\"width\":100,\"height\":100,\"caption\":\"Kuake Technology\"},\"image\":{\"@id\":\"https:\\\/\\\/www.kuakebicycle.com\\\/it\\\/#\\\/schema\\\/logo\\\/image\\\/\"}}]}<\/script>\n<!-- \/ Yoast SEO plugin. -->","yoast_head_json":{"title":"Politica Sulla Riservatezza - Kuake Bicycle","robots":{"index":"index","follow":"follow","max-snippet":"max-snippet:-1","max-image-preview":"max-image-preview:large","max-video-preview":"max-video-preview:-1"},"canonical":"https:\/\/www.kuakebicycle.com\/it\/politica-sulla-riservatezza\/","og_locale":"it_IT","og_type":"article","og_title":"Politica Sulla Riservatezza - Kuake Bicycle","og_description":"Benvenuto in KuakeBicycle! Se visiti il \u200b\u200bnostro negozio significa che accetti automaticamente tutti questi termini e condizioni. Si prega di leggere attentamente tutte le informazioni relative alle nostre linee guida, termini e accordi. \u00c8 molto [&hellip;]","og_url":"https:\/\/www.kuakebicycle.com\/it\/politica-sulla-riservatezza\/","og_site_name":"Kuake Bicycle","article_modified_time":"2022-05-03T08:56:24+00:00","twitter_card":"summary_large_image","twitter_misc":{"Tempo di lettura stimato":"8 minuti"},"schema":{"@context":"https:\/\/schema.org","@graph":[{"@type":"WebPage","@id":"https:\/\/www.kuakebicycle.com\/it\/politica-sulla-riservatezza\/","url":"https:\/\/www.kuakebicycle.com\/it\/politica-sulla-riservatezza\/","name":"Politica Sulla Riservatezza - Kuake Bicycle","isPartOf":{"@id":"https:\/\/www.kuakebicycle.com\/it\/#website"},"datePublished":"2021-07-13T07:02:03+00:00","dateModified":"2022-05-03T08:56:24+00:00","breadcrumb":{"@id":"https:\/\/www.kuakebicycle.com\/it\/politica-sulla-riservatezza\/#breadcrumb"},"inLanguage":"it-IT","potentialAction":[{"@type":"ReadAction","target":["https:\/\/www.kuakebicycle.com\/it\/politica-sulla-riservatezza\/"]}]},{"@type":"BreadcrumbList","@id":"https:\/\/www.kuakebicycle.com\/it\/politica-sulla-riservatezza\/#breadcrumb","itemListElement":[{"@type":"ListItem","position":1,"name":"Home","item":"https:\/\/www.kuakebicycle.com\/it\/"},{"@type":"ListItem","position":2,"name":"Politica Sulla Riservatezza"}]},{"@type":"WebSite","@id":"https:\/\/www.kuakebicycle.com\/it\/#website","url":"https:\/\/www.kuakebicycle.com\/it\/","name":"Kuake Bicycle","description":"","publisher":{"@id":"https:\/\/www.kuakebicycle.com\/it\/#organization"},"potentialAction":[{"@type":"SearchAction","target":{"@type":"EntryPoint","urlTemplate":"https:\/\/www.kuakebicycle.com\/it\/?s={search_term_string}"},"query-input":{"@type":"PropertyValueSpecification","valueRequired":true,"valueName":"search_term_string"}}],"inLanguage":"it-IT"},{"@type":"Organization","@id":"https:\/\/www.kuakebicycle.com\/it\/#organization","name":"Kuake Technology","url":"https:\/\/www.kuakebicycle.com\/it\/","logo":{"@type":"ImageObject","inLanguage":"it-IT","@id":"https:\/\/www.kuakebicycle.com\/it\/#\/schema\/logo\/image\/","url":"https:\/\/www.kuakebicycle.com\/wp-content\/uploads\/2021\/03\/icon.png","contentUrl":"https:\/\/www.kuakebicycle.com\/wp-content\/uploads\/2021\/03\/icon.png","width":100,"height":100,"caption":"Kuake Technology"},"image":{"@id":"https:\/\/www.kuakebicycle.com\/it\/#\/schema\/logo\/image\/"}}]}},"_links":{"self":[{"href":"https:\/\/www.kuakebicycle.com\/it\/wp-json\/wp\/v2\/pages\/2134","targetHints":{"allow":["GET"]}}],"collection":[{"href":"https:\/\/www.kuakebicycle.com\/it\/wp-json\/wp\/v2\/pages"}],"about":[{"href":"https:\/\/www.kuakebicycle.com\/it\/wp-json\/wp\/v2\/types\/page"}],"author":[{"embeddable":true,"href":"https:\/\/www.kuakebicycle.com\/it\/wp-json\/wp\/v2\/users\/1"}],"replies":[{"embeddable":true,"href":"https:\/\/www.kuakebicycle.com\/it\/wp-json\/wp\/v2\/comments?post=2134"}],"version-history":[{"count":0,"href":"https:\/\/www.kuakebicycle.com\/it\/wp-json\/wp\/v2\/pages\/2134\/revisions"}],"wp:attachment":[{"href":"https:\/\/www.kuakebicycle.com\/it\/wp-json\/wp\/v2\/media?parent=2134"}],"curies":[{"name":"wp","href":"https:\/\/api.w.org\/{rel}","templated":true}]}}