{"id":2031,"date":"2021-07-12T09:47:34","date_gmt":"2021-07-12T09:47:34","guid":{"rendered":"https:\/\/www.kuakebicycle.com\/home\/"},"modified":"2021-12-31T09:32:13","modified_gmt":"2021-12-31T09:32:13","slug":"home","status":"publish","type":"page","link":"https:\/\/www.kuakebicycle.com\/it\/","title":{"rendered":"Home"},"content":{"rendered":"\n\n\t<h1>\n\t\t\t\t\tCavalcando lungo la strada\n\t\t\t\t<\/h1>\n\t<h3>\n\t\t\t\t\tOttieni di pi\u00f9 dalla tua corsa!\n\t\t\t\t<\/h3>\n\t\t\t<p>Dalle avventure fuoristrada al pendolarismo quotidiano, Kuake ha solo la bici elettrica e il trike per soddisfare le tue esigenze.<\/p>\n\t\t\t<a href=\"https:\/\/www.kuakebicycle.com\/it\/prodotti\/\" target=\"_self\" role=\"button\" rel=\"noopener\">\n\t\t\t\t\t\tSfoglia ora!\n\t\t\t\t\t<\/a>\n<h2>\n\t\tI nostri prodotti principali\n\t<\/h2>\n\t<p><strong>Triciclo Da Carico Elettrico<\/strong><\/p>\n<p><a href=\"https:\/\/www.kuakebicycle.com\/it\/triciclo-elettrico-del-carico-del-caricatore-frontale-kk6010\/\"><img loading=\"lazy\" decoding=\"async\" src=\"https:\/\/www.kuakebicycle.com\/wp-content\/uploads\/2021\/03\/KK6010-Electric-Cargo-Trike-300x300.jpg\" alt=\"Triciclo da carico elettrico KK6010\" width=\"300\" height=\"300\"\/><\/a><\/p>\n<ul>\n<li>LCD Schermo<\/li>\n<li>24 &#8220;lega di alluminio<\/li>\n<li>Motore DAPU 36V 250W<\/li>\n<li>Batteria Samsung 36V 10A<\/li>\n<li>Shimano 6 Velocit\u00e0<\/li>\n<li>Freno a disco idraulico<\/li>\n<li>25 km\/h e 40 km di distanza per la carica<\/li>\n<\/ul>\n\t\t\t<a href=\"https:\/\/www.kuakebicycle.com\/it\/triciclo-elettrico-del-carico-del-caricatore-frontale-kk6010\/\" target=\"_self\" role=\"button\" rel=\"noopener\">\n\t\t\t\t\t\tScaricalo ora\n\t\t\t\t\t<\/a>\n\t<p><strong>Bicicletta Elettrica Da Citt\u00e0<\/strong><\/p>\n<p><a href=\"https:\/\/www.kuakebicycle.com\/it\/kk9053-bicicletta-elettrica-da-citta\/\"><img loading=\"lazy\" decoding=\"async\" src=\"https:\/\/www.kuakebicycle.com\/wp-content\/uploads\/2021\/03\/KK9053-White-Electric-City-Bike-300x300.png\" alt=\"KK9053 Bicicletta elettrica da citt\u00e0 bianca\" width=\"300\" height=\"300\"\/><\/a><\/p>\n<ul>\n<li>LCD Schermo<\/li>\n<li>26&#8243; lega di alluminio<\/li>\n<li>Motore 36V 250W<\/li>\n<li>Batteria al litio da 360 Wh<\/li>\n<li>Shimano 6 Velocit\u00e0<\/li>\n<li>Freno a disco meccanico TEKTRO<\/li>\n<li>25 km\/h e 60 km di distanza per la carica<\/li>\n<\/ul>\n\t\t\t<a href=\"https:\/\/www.kuakebicycle.com\/it\/kk9053-bicicletta-elettrica-da-citta\/\" target=\"_self\" role=\"button\" rel=\"noopener\">\n\t\t\t\t\t\tScaricalo ora\n\t\t\t\t\t<\/a>\n\t<p><strong>Mountain Bike Elettrica<\/strong><\/p>\n<p><a href=\"https:\/\/www.kuakebicycle.com\/it\/mountain-bike-elettrica-kk9055\/\"><img loading=\"lazy\" decoding=\"async\" src=\"https:\/\/www.kuakebicycle.com\/wp-content\/uploads\/2021\/03\/KK9055-Electric-Mountain-Bike-300x300.jpg\" alt=\"KK9055 Mountain Bike Elettrica\" width=\"300\" height=\"300\"\/><\/a><\/p>\n<ul>\n<li>LCD Schermo<\/li>\n<li>26 pollici AL6061 in lega di alluminio<\/li>\n<li>Motore posteriore Oxfo da 36V 250W~1000W<\/li>\n<li>Batteria Samsung 36V 10Ah<\/li>\n<li>Comandi cambio Shimano 7 velocit\u00e0<\/li>\n<li>Freno a disco idraulico<\/li>\n<li>25 km\/h e 60 km di distanza per la carica<\/li>\n<\/ul>\n\t\t\t<a href=\"https:\/\/www.kuakebicycle.com\/it\/mountain-bike-elettrica-kk9055\/\" target=\"_self\" role=\"button\" rel=\"noopener\">\n\t\t\t\t\t\tScaricalo ora\n\t\t\t\t\t<\/a>\n\t<h3>\n\t\t\t\t\tChi possiamo aiutare\n\t\t\t\t<\/h3>\n\t\t\t<p>Che siate startup, rivenditori o grossisti, possiamo fornire soluzioni per risolvere i vostri punti deboli.<\/p>\n\t<h5>\n\t\t\t\t\tI punti deboli delle startup\n\t\t\t\t<\/h5>\n\t\t\t<ul>\n<li>I fornitori non sono disposti a offrire servizi di sviluppo.<\/li>\n<li>Fornitori insensibili.<\/li>\n<li>Problemi di qualit\u00e0.<\/li>\n<li>Tariffe e ostacoli logistici.<\/li>\n<li>Mancanza di supporto tecnico.<\/li>\n<\/ul>\n\t<h5>\n\t\t\t\t\tPunti dolenti dei rivenditori\n\t\t\t\t<\/h5>\n\t\t\t<ul>\n<li>Una capacit\u00e0 limitata.<\/li>\n<li>Qualit\u00e0 del prodotto compromessa.<\/li>\n<li>Non so quale prodotto scegliere.<\/li>\n<li>Indifeso nella capacit\u00e0 di controllo.<\/li>\n<li>Un intermediario scomodo.<\/li>\n<\/ul>\n\t<h5>\n\t\t\t\t\tPunti deboli dei grossisti\n\t\t\t\t<\/h5>\n\t\t\t<ul>\n<li>Capacit\u00e0 insufficiente del fornitore.<\/li>\n<li>Pessima qualit\u00e0.<\/li>\n<li>Tasse di importazione elevate che riducono il tuo profitto.<\/li>\n<li>Tempi di attesa lunghi per i campioni.<\/li>\n<li>Un alto rischio di perdere il tuo vantaggio!<\/li>\n<\/ul>\n\t<h3>\n\t\t\t\t\tPerch\u00e9 scegliere noi\n\t\t\t\t<\/h3>\n\t\t\t<p>Le caratteristiche delle nostre bici elettriche sono facili da usare, sicure ed efficaci, quindi sono ampiamente riconosciute nel mercato globale.<\/p>\n\t<h5>\n\t\t\t\t\tQualit\u00e0 premium\n\t\t\t\t<\/h5>\n\t\t\t<p>Alta qualit\u00e0, estremamente confortevole, bassissima manutenzione e un anno di garanzia.<\/p>\n\t<h5>\n\t\t\t\t\tTeam di design\n\t\t\t\t<\/h5>\n\t\t\t<p>La nostra ricerca e sviluppo lavora per progettare prodotti innovativi e unici per le e-bike.<\/p>\n\t<h5>\n\t\t\t\t\tBuon servizio\n\t\t\t\t<\/h5>\n\t\t\t<p>Riceverai una risposta rapida dal nostro servizio clienti professionale 7*24.<\/p>\n\t<h5>\n\t\t\t\t\tTempi di consegna brevi\n\t\t\t\t<\/h5>\n\t\t\t<p>Abbiamo una grande capacit\u00e0 per garantire la consegna pi\u00f9 veloce in tutto il mondo.<\/p>\n\t<h3>\n\t\t\t\t\tDomande e risposte\n\t\t\t\t<\/h3>\n<p>Vogliamo aiutarti a saperne di pi\u00f9 su di noi, abbiamo elencato le domande frequenti di cui potresti essere preoccupato.<\/p>\n\t\t\t\t<img decoding=\"async\" src=\"https:\/\/www.kuakebicycle.com\/wp-content\/uploads\/2021\/03\/Pedego-bg-pic.jpg\" alt=\"Pedego bg pic\" itemprop=\"image\"\/>\n\t<ul>\n\t\t<li>\t\t\t\t\n\t\t<h5>Posso avere dei campioni? E sono in stock?<\/h5><p>S\u00ec, \u00e8 disponibile un ordine di campione per il controllo di qualit\u00e0 e il test di mercato. Di solito teniamo alcune scorte in magazzino, una volta confermato l&#8217;ordine del campione, possiamo essere sicuri che tu possa ricevere i campioni in tempi molto brevi. Di solito teniamo alcune scorte in magazzino, una volta confermato l&#8217;ordine del campione, possiamo essere sicuri che tu possa ricevere i campioni in tempi molto brevi.<\/p><\/li><li>\t\t\t\t\n\t\t<h5>Accetti gli ordini dei clienti OEM?<\/h5><p>S\u00ec, possiamo realizzare la bicicletta in base alle specifiche del cliente, alla combinazione di colori e persino al logo\/design, nonch\u00e9 alla richiesta del pacchetto, a condizione che l&#8217;ordine sia per container 1X20&#8242; e altro. Altrimenti, dobbiamo negoziarlo. Altrimenti, dobbiamo negoziarlo.<\/p><\/li><li>\t\t\t\t\n\t\t<h5>Qual \u00e8 il tempo di consegna degli ordini all&#8217;ingrosso?<\/h5><p>Di solito ci vogliono dai 25 ai 40 giorni lavorativi per la produzione in base alle specifiche per il tuo ordine e quantit\u00e0.<\/p><\/li><li>\t\t\t\t\n\t\t<h5>Quali sono i tuoi termini di garanzia?<\/h5><p>La nostra garanzia copre i difetti di fabbricazione e dei materiali e non copre la normale usura, danni\/guasti dovuti a incidenti, danni accidentali o consequenziali o qualsiasi utilizzo del prodotto non coerente con le istruzioni per l&#8217;uso come stabilito nel nostro manuale dell&#8217;utente.<\/p><\/li>\t<\/ul>\n\n","protected":false},"excerpt":{"rendered":"<p>Cavalcando lungo la strada Ottieni di pi\u00f9 dalla tua corsa! Dalle avventure fuoristrada al pendolarismo quotidiano, Kuake ha solo la bici elettrica e il trike per soddisfare le tue esigenze. Sfoglia ora! I nostri prodotti [&hellip;]<\/p>\n","protected":false},"author":1,"featured_media":0,"parent":0,"menu_order":0,"comment_status":"closed","ping_status":"open","template":"","meta":{"site-sidebar-layout":"no-sidebar","site-content-layout":"page-builder","ast-site-content-layout":"default","site-content-style":"default","site-sidebar-style":"default","ast-global-header-display":"","ast-banner-title-visibility":"","ast-main-header-display":"","ast-hfb-above-header-display":"","ast-hfb-below-header-display":"","ast-hfb-mobile-header-display":"","site-post-title":"disabled","ast-breadcrumbs-content":"","ast-featured-img":"disabled","footer-sml-layout":"","ast-disable-related-posts":"","theme-transparent-header-meta":"default","adv-header-id-meta":"","stick-header-meta":"default","header-above-stick-meta":"","header-main-stick-meta":"","header-below-stick-meta":"","astra-migrate-meta-layouts":"default","ast-page-background-enabled":"default","ast-page-background-meta":{"desktop":{"background-color":"","background-image":"","background-repeat":"repeat","background-position":"center center","background-size":"auto","background-attachment":"scroll","background-type":"","background-media":"","overlay-type":"","overlay-color":"","overlay-opacity":"","overlay-gradient":""},"tablet":{"background-color":"","background-image":"","background-repeat":"repeat","background-position":"center center","background-size":"auto","background-attachment":"scroll","background-type":"","background-media":"","overlay-type":"","overlay-color":"","overlay-opacity":"","overlay-gradient":""},"mobile":{"background-color":"","background-image":"","background-repeat":"repeat","background-position":"center center","background-size":"auto","background-attachment":"scroll","background-type":"","background-media":"","overlay-type":"","overlay-color":"","overlay-opacity":"","overlay-gradient":""}},"ast-content-background-meta":{"desktop":{"background-color":"var(--ast-global-color-5)","background-image":"","background-repeat":"repeat","background-position":"center center","background-size":"auto","background-attachment":"scroll","background-type":"","background-media":"","overlay-type":"","overlay-color":"","overlay-opacity":"","overlay-gradient":""},"tablet":{"background-color":"var(--ast-global-color-5)","background-image":"","background-repeat":"repeat","background-position":"center center","background-size":"auto","background-attachment":"scroll","background-type":"","background-media":"","overlay-type":"","overlay-color":"","overlay-opacity":"","overlay-gradient":""},"mobile":{"background-color":"var(--ast-global-color-5)","background-image":"","background-repeat":"repeat","background-position":"center center","background-size":"auto","background-attachment":"scroll","background-type":"","background-media":"","overlay-type":"","overlay-color":"","overlay-opacity":"","overlay-gradient":""}},"footnotes":""},"class_list":["post-2031","page","type-page","status-publish","hentry"],"yoast_head":"<!-- This site is optimized with the Yoast SEO plugin v27.5 - https:\/\/yoast.com\/product\/yoast-seo-wordpress\/ -->\n<title>Ingrosso Bici Elettriche Cinesi, Le Migliori Produttori Fabbrica Bici Elettriche - Kuake Bicycle<\/title>\n<meta name=\"description\" content=\"Kuake \u00e8 specializzata nella progettazione e produzione di tricicli da carico elettrici, triciclo elettrico e bici elettriche. Qualit\u00e0 premium con il miglior prezzo e un buon servizio post-vendita.\" \/>\n<meta name=\"robots\" content=\"index, follow, max-snippet:-1, max-image-preview:large, max-video-preview:-1\" \/>\n<link rel=\"canonical\" href=\"https:\/\/www.kuakebicycle.com\/it\/\" \/>\n<meta property=\"og:locale\" content=\"it_IT\" \/>\n<meta property=\"og:type\" content=\"article\" \/>\n<meta property=\"og:title\" content=\"Ingrosso Bici Elettriche Cinesi, Le Migliori Produttori Fabbrica Bici Elettriche - Kuake Bicycle\" \/>\n<meta property=\"og:description\" content=\"Kuake \u00e8 specializzata nella progettazione e produzione di tricicli da carico elettrici, triciclo elettrico e bici elettriche. Qualit\u00e0 premium con il miglior prezzo e un buon servizio post-vendita.\" \/>\n<meta property=\"og:url\" content=\"https:\/\/www.kuakebicycle.com\/it\/\" \/>\n<meta property=\"og:site_name\" content=\"Kuake Bicycle\" \/>\n<meta property=\"article:modified_time\" content=\"2021-12-31T09:32:13+00:00\" \/>\n<meta property=\"og:image\" content=\"https:\/\/www.kuakebicycle.com\/wp-content\/uploads\/2021\/03\/KK6010-Electric-Cargo-Trike-300x300.jpg\" \/>\n<meta name=\"twitter:card\" content=\"summary_large_image\" \/>\n<meta name=\"twitter:label1\" content=\"Tempo di lettura stimato\" \/>\n\t<meta name=\"twitter:data1\" content=\"3 minuti\" \/>\n<script type=\"application\/ld+json\" class=\"yoast-schema-graph\">{\"@context\":\"https:\\\/\\\/schema.org\",\"@graph\":[{\"@type\":\"WebPage\",\"@id\":\"https:\\\/\\\/www.kuakebicycle.com\\\/it\\\/\",\"url\":\"https:\\\/\\\/www.kuakebicycle.com\\\/it\\\/\",\"name\":\"Ingrosso Bici Elettriche Cinesi, Le Migliori Produttori Fabbrica Bici Elettriche - Kuake Bicycle\",\"isPartOf\":{\"@id\":\"https:\\\/\\\/www.kuakebicycle.com\\\/it\\\/#website\"},\"primaryImageOfPage\":{\"@id\":\"https:\\\/\\\/www.kuakebicycle.com\\\/it\\\/#primaryimage\"},\"image\":{\"@id\":\"https:\\\/\\\/www.kuakebicycle.com\\\/it\\\/#primaryimage\"},\"thumbnailUrl\":\"https:\\\/\\\/www.kuakebicycle.com\\\/wp-content\\\/uploads\\\/2021\\\/03\\\/KK6010-Electric-Cargo-Trike-300x300.jpg\",\"datePublished\":\"2021-07-12T09:47:34+00:00\",\"dateModified\":\"2021-12-31T09:32:13+00:00\",\"description\":\"Kuake \u00e8 specializzata nella progettazione e produzione di tricicli da carico elettrici, triciclo elettrico e bici elettriche. Qualit\u00e0 premium con il miglior prezzo e un buon servizio post-vendita.\",\"breadcrumb\":{\"@id\":\"https:\\\/\\\/www.kuakebicycle.com\\\/it\\\/#breadcrumb\"},\"inLanguage\":\"it-IT\",\"potentialAction\":[{\"@type\":\"ReadAction\",\"target\":[\"https:\\\/\\\/www.kuakebicycle.com\\\/it\\\/\"]}]},{\"@type\":\"ImageObject\",\"inLanguage\":\"it-IT\",\"@id\":\"https:\\\/\\\/www.kuakebicycle.com\\\/it\\\/#primaryimage\",\"url\":\"https:\\\/\\\/www.kuakebicycle.com\\\/wp-content\\\/uploads\\\/2021\\\/03\\\/KK6010-Electric-Cargo-Trike-300x300.jpg\",\"contentUrl\":\"https:\\\/\\\/www.kuakebicycle.com\\\/wp-content\\\/uploads\\\/2021\\\/03\\\/KK6010-Electric-Cargo-Trike-300x300.jpg\"},{\"@type\":\"BreadcrumbList\",\"@id\":\"https:\\\/\\\/www.kuakebicycle.com\\\/it\\\/#breadcrumb\",\"itemListElement\":[{\"@type\":\"ListItem\",\"position\":1,\"name\":\"Home\",\"item\":\"https:\\\/\\\/www.kuakebicycle.com\\\/it\\\/\"},{\"@type\":\"ListItem\",\"position\":2,\"name\":\"Home\"}]},{\"@type\":\"WebSite\",\"@id\":\"https:\\\/\\\/www.kuakebicycle.com\\\/it\\\/#website\",\"url\":\"https:\\\/\\\/www.kuakebicycle.com\\\/it\\\/\",\"name\":\"Kuake Bicycle\",\"description\":\"\",\"publisher\":{\"@id\":\"https:\\\/\\\/www.kuakebicycle.com\\\/it\\\/#organization\"},\"potentialAction\":[{\"@type\":\"SearchAction\",\"target\":{\"@type\":\"EntryPoint\",\"urlTemplate\":\"https:\\\/\\\/www.kuakebicycle.com\\\/it\\\/?s={search_term_string}\"},\"query-input\":{\"@type\":\"PropertyValueSpecification\",\"valueRequired\":true,\"valueName\":\"search_term_string\"}}],\"inLanguage\":\"it-IT\"},{\"@type\":\"Organization\",\"@id\":\"https:\\\/\\\/www.kuakebicycle.com\\\/it\\\/#organization\",\"name\":\"Kuake Technology\",\"url\":\"https:\\\/\\\/www.kuakebicycle.com\\\/it\\\/\",\"logo\":{\"@type\":\"ImageObject\",\"inLanguage\":\"it-IT\",\"@id\":\"https:\\\/\\\/www.kuakebicycle.com\\\/it\\\/#\\\/schema\\\/logo\\\/image\\\/\",\"url\":\"https:\\\/\\\/www.kuakebicycle.com\\\/wp-content\\\/uploads\\\/2021\\\/03\\\/icon.png\",\"contentUrl\":\"https:\\\/\\\/www.kuakebicycle.com\\\/wp-content\\\/uploads\\\/2021\\\/03\\\/icon.png\",\"width\":100,\"height\":100,\"caption\":\"Kuake Technology\"},\"image\":{\"@id\":\"https:\\\/\\\/www.kuakebicycle.com\\\/it\\\/#\\\/schema\\\/logo\\\/image\\\/\"}}]}<\/script>\n<!-- \/ Yoast SEO plugin. -->","yoast_head_json":{"title":"Ingrosso Bici Elettriche Cinesi, Le Migliori Produttori Fabbrica Bici Elettriche - Kuake Bicycle","description":"Kuake \u00e8 specializzata nella progettazione e produzione di tricicli da carico elettrici, triciclo elettrico e bici elettriche. Qualit\u00e0 premium con il miglior prezzo e un buon servizio post-vendita.","robots":{"index":"index","follow":"follow","max-snippet":"max-snippet:-1","max-image-preview":"max-image-preview:large","max-video-preview":"max-video-preview:-1"},"canonical":"https:\/\/www.kuakebicycle.com\/it\/","og_locale":"it_IT","og_type":"article","og_title":"Ingrosso Bici Elettriche Cinesi, Le Migliori Produttori Fabbrica Bici Elettriche - Kuake Bicycle","og_description":"Kuake \u00e8 specializzata nella progettazione e produzione di tricicli da carico elettrici, triciclo elettrico e bici elettriche. Qualit\u00e0 premium con il miglior prezzo e un buon servizio post-vendita.","og_url":"https:\/\/www.kuakebicycle.com\/it\/","og_site_name":"Kuake Bicycle","article_modified_time":"2021-12-31T09:32:13+00:00","og_image":[{"url":"https:\/\/www.kuakebicycle.com\/wp-content\/uploads\/2021\/03\/KK6010-Electric-Cargo-Trike-300x300.jpg","type":"","width":"","height":""}],"twitter_card":"summary_large_image","twitter_misc":{"Tempo di lettura stimato":"3 minuti"},"schema":{"@context":"https:\/\/schema.org","@graph":[{"@type":"WebPage","@id":"https:\/\/www.kuakebicycle.com\/it\/","url":"https:\/\/www.kuakebicycle.com\/it\/","name":"Ingrosso Bici Elettriche Cinesi, Le Migliori Produttori Fabbrica Bici Elettriche - Kuake Bicycle","isPartOf":{"@id":"https:\/\/www.kuakebicycle.com\/it\/#website"},"primaryImageOfPage":{"@id":"https:\/\/www.kuakebicycle.com\/it\/#primaryimage"},"image":{"@id":"https:\/\/www.kuakebicycle.com\/it\/#primaryimage"},"thumbnailUrl":"https:\/\/www.kuakebicycle.com\/wp-content\/uploads\/2021\/03\/KK6010-Electric-Cargo-Trike-300x300.jpg","datePublished":"2021-07-12T09:47:34+00:00","dateModified":"2021-12-31T09:32:13+00:00","description":"Kuake \u00e8 specializzata nella progettazione e produzione di tricicli da carico elettrici, triciclo elettrico e bici elettriche. Qualit\u00e0 premium con il miglior prezzo e un buon servizio post-vendita.","breadcrumb":{"@id":"https:\/\/www.kuakebicycle.com\/it\/#breadcrumb"},"inLanguage":"it-IT","potentialAction":[{"@type":"ReadAction","target":["https:\/\/www.kuakebicycle.com\/it\/"]}]},{"@type":"ImageObject","inLanguage":"it-IT","@id":"https:\/\/www.kuakebicycle.com\/it\/#primaryimage","url":"https:\/\/www.kuakebicycle.com\/wp-content\/uploads\/2021\/03\/KK6010-Electric-Cargo-Trike-300x300.jpg","contentUrl":"https:\/\/www.kuakebicycle.com\/wp-content\/uploads\/2021\/03\/KK6010-Electric-Cargo-Trike-300x300.jpg"},{"@type":"BreadcrumbList","@id":"https:\/\/www.kuakebicycle.com\/it\/#breadcrumb","itemListElement":[{"@type":"ListItem","position":1,"name":"Home","item":"https:\/\/www.kuakebicycle.com\/it\/"},{"@type":"ListItem","position":2,"name":"Home"}]},{"@type":"WebSite","@id":"https:\/\/www.kuakebicycle.com\/it\/#website","url":"https:\/\/www.kuakebicycle.com\/it\/","name":"Kuake Bicycle","description":"","publisher":{"@id":"https:\/\/www.kuakebicycle.com\/it\/#organization"},"potentialAction":[{"@type":"SearchAction","target":{"@type":"EntryPoint","urlTemplate":"https:\/\/www.kuakebicycle.com\/it\/?s={search_term_string}"},"query-input":{"@type":"PropertyValueSpecification","valueRequired":true,"valueName":"search_term_string"}}],"inLanguage":"it-IT"},{"@type":"Organization","@id":"https:\/\/www.kuakebicycle.com\/it\/#organization","name":"Kuake Technology","url":"https:\/\/www.kuakebicycle.com\/it\/","logo":{"@type":"ImageObject","inLanguage":"it-IT","@id":"https:\/\/www.kuakebicycle.com\/it\/#\/schema\/logo\/image\/","url":"https:\/\/www.kuakebicycle.com\/wp-content\/uploads\/2021\/03\/icon.png","contentUrl":"https:\/\/www.kuakebicycle.com\/wp-content\/uploads\/2021\/03\/icon.png","width":100,"height":100,"caption":"Kuake Technology"},"image":{"@id":"https:\/\/www.kuakebicycle.com\/it\/#\/schema\/logo\/image\/"}}]}},"_links":{"self":[{"href":"https:\/\/www.kuakebicycle.com\/it\/wp-json\/wp\/v2\/pages\/2031","targetHints":{"allow":["GET"]}}],"collection":[{"href":"https:\/\/www.kuakebicycle.com\/it\/wp-json\/wp\/v2\/pages"}],"about":[{"href":"https:\/\/www.kuakebicycle.com\/it\/wp-json\/wp\/v2\/types\/page"}],"author":[{"embeddable":true,"href":"https:\/\/www.kuakebicycle.com\/it\/wp-json\/wp\/v2\/users\/1"}],"replies":[{"embeddable":true,"href":"https:\/\/www.kuakebicycle.com\/it\/wp-json\/wp\/v2\/comments?post=2031"}],"version-history":[{"count":0,"href":"https:\/\/www.kuakebicycle.com\/it\/wp-json\/wp\/v2\/pages\/2031\/revisions"}],"wp:attachment":[{"href":"https:\/\/www.kuakebicycle.com\/it\/wp-json\/wp\/v2\/media?parent=2031"}],"curies":[{"name":"wp","href":"https:\/\/api.w.org\/{rel}","templated":true}]}}