{"id":5698,"date":"2021-03-29T06:53:54","date_gmt":"2021-07-27T01:32:04","guid":{"rendered":"https:\/\/www.kuakebicycle.com\/tricycle-electrique-a-chargement-frontal-kk6010-250-w-10-ah-6-vitesses\/"},"modified":"2022-01-20T05:44:59","modified_gmt":"2022-01-20T05:44:59","slug":"kk6010-front-loader-electric-cargo-tricycle","status":"publish","type":"product","link":"https:\/\/www.kuakebicycle.com\/fr\/kk6010-front-loader-electric-cargo-tricycle\/","title":{"rendered":"Triporteur \u00c9lectrique Hollandais Familial KK6010 (250W, 454Wh, 7 vitesses)"},"content":{"rendered":"<p><iframe loading=\"lazy\" title=\"lecteur vid\u00e9o YouTube\" src=\"https:\/\/www.youtube.com\/embed\/gDAlMlz-8R8\" width=\"560\" height=\"315\" frameborder=\"0\" allowfullscreen=\"allowfullscreen\"><\/iframe><\/p>\n<table border=\"1\" width=\"556\">\n<tbody>\n<tr>\n<td style=\"text-align: center;\" colspan=\"2\" bgcolor=\"#d9edf7\"><strong>Sp\u00e9cifications du v\u00e9lo<\/strong><\/td>\n<\/tr>\n<tr>\n<td bgcolor=\"#f5f2f2\" width=\"275\"><strong>Mod\u00e8le NO.<\/strong><\/td>\n<td width=\"281\">KK6010<\/td>\n<\/tr>\n<tr>\n<td bgcolor=\"#f5f2f2\" width=\"275\"><strong>Cadre<\/strong><\/td>\n<td width=\"281\">Acier<\/td>\n<\/tr>\n<tr>\n<td bgcolor=\"#f5f2f2\" width=\"275\"><strong>\u00c9quipement<\/strong><\/td>\n<td width=\"281\">Shimano 7 vitesses<\/td>\n<\/tr>\n<tr>\n<td bgcolor=\"#f5f2f2\" width=\"275\"><strong>Manettes<\/strong><\/td>\n<td width=\"281\">Shimano 7 vitesses<\/td>\n<\/tr>\n<tr>\n<td bgcolor=\"#f5f2f2\" width=\"275\"><strong>Fourche avant<\/strong><\/td>\n<td width=\"281\">Mozo<\/td>\n<\/tr>\n<tr>\n<td bgcolor=\"#f5f2f2\" width=\"275\"><strong>Frein avant<\/strong><\/td>\n<td width=\"281\">Frein \u00e0 disque m\u00e9canique<\/td>\n<\/tr>\n<tr>\n<td bgcolor=\"#f5f2f2\" width=\"275\"><strong>Frein arriere<\/strong><\/td>\n<td width=\"281\">Frein \u00e0 disque m\u00e9canique<\/td>\n<\/tr>\n<tr>\n<td bgcolor=\"#f5f2f2\" width=\"275\"><strong>Pneus<\/strong><\/td>\n<td width=\"281\">20\u00a0\u00bb*2.35\u00a0\u00bb\/24\u00a0\u00bb*2.35\u00a0\u00bb, Kenda<\/td>\n<\/tr>\n<tr>\n<td bgcolor=\"#f5f2f2\" width=\"275\"><strong>Cha\u00eene<\/strong><\/td>\n<td width=\"281\">KMC<\/td>\n<\/tr>\n<tr>\n<td bgcolor=\"#f5f2f2\" width=\"275\"><strong>Garde-boue de roue<\/strong><\/td>\n<td width=\"281\">Acier inoxydable<\/td>\n<\/tr>\n<tr>\n<td bgcolor=\"#f5f2f2\" width=\"275\"><strong>Chargeur<\/strong><\/td>\n<td width=\"281\">94,5*62*59 cm, panneau multicouche en bois massif imperm\u00e9able<\/td>\n<\/tr>\n<tr>\n<td style=\"text-align: center;\" colspan=\"2\" bgcolor=\"#d9edf7\"><strong>Syst\u00e8me \u00e9lectrique<\/strong><\/td>\n<\/tr>\n<tr>\n<td bgcolor=\"#f5f2f2\" width=\"275\"><strong>Batterie<\/strong><\/td>\n<td width=\"281\">Batterie lithium-ion Samsung 36V 12,6Ah<\/td>\n<\/tr>\n<tr>\n<td bgcolor=\"#f5f2f2\" width=\"275\"><strong>Capteur<\/strong><\/td>\n<td width=\"281\">Capteur de couple<\/td>\n<\/tr>\n<tr>\n<td bgcolor=\"#f5f2f2\" width=\"275\"><strong>Temps de charge<\/strong><\/td>\n<td width=\"281\">4~6 heures<\/td>\n<\/tr>\n<tr>\n<td bgcolor=\"#f5f2f2\" width=\"275\"><strong>Temps de recharge<\/strong><\/td>\n<td width=\"281\">800 ~ 1000 fois<\/td>\n<\/tr>\n<tr>\n<td bgcolor=\"#f5f2f2\" width=\"275\"><strong>Puissance du moteur<\/strong><\/td>\n<td width=\"281\">36V 250W Bafang<\/td>\n<\/tr>\n<tr>\n<td bgcolor=\"#f5f2f2\" width=\"275\"><strong>Manette<\/strong><\/td>\n<td width=\"281\">36V intelligent<\/td>\n<\/tr>\n<tr>\n<td bgcolor=\"#f5f2f2\" width=\"275\"><strong>Afficher<\/strong><\/td>\n<td width=\"281\">Affichage LCD<\/td>\n<\/tr>\n<tr>\n<td bgcolor=\"#f5f2f2\" width=\"275\"><strong>Vitesse maximale<\/strong><\/td>\n<td width=\"281\">25km\/h<\/td>\n<\/tr>\n<tr>\n<td bgcolor=\"#f5f2f2\" width=\"275\"><strong>Kilom\u00e9trage maximal<\/strong><\/td>\n<td width=\"281\">45 km (avec assistance au p\u00e9dalage)<\/td>\n<\/tr>\n<\/tbody>\n<\/table>\n","protected":false},"excerpt":{"rendered":"<ul>\n<li><strong>Cadre<\/strong>: conception de cadre en acier, la taille de la bo\u00eete de chargement en bois est de 94,5 * 62 * 59 cm.<\/li>\n<li><strong>Moteur<\/strong>: Le moteur Bafang 36V\/250W fournit plus que suffisamment de puissance, la vitesse maximale peut \u00eatre atteinte \u00e0 25 km\/h.<\/li>\n<li><strong>Batterie<\/strong>: batterie Samsung 36V\/12,6Ah, temps de charge : 4~6 heures, dur\u00e9e de vie de la batterie : 800~1000 cycles.<\/li>\n<li><strong>Frein<\/strong>: Freins \u00e0 disque m\u00e9caniques avant\/arri\u00e8re.<\/li>\n<li><strong>Manettes de vitesse<\/strong> : le syst\u00e8me de transmission Shimano \u00e0 7 vitesses assure l&rsquo;exp\u00e9rience de vitesse diff\u00e9rente dont vous avez besoin pour rouler.<\/li>\n<\/ul>\n","protected":false},"featured_media":16510,"comment_status":"closed","ping_status":"closed","template":"","meta":{"site-sidebar-layout":"default","site-content-layout":"default","ast-site-content-layout":"default","site-content-style":"default","site-sidebar-style":"default","ast-global-header-display":"","ast-banner-title-visibility":"","ast-main-header-display":"","ast-hfb-above-header-display":"","ast-hfb-below-header-display":"","ast-hfb-mobile-header-display":"","site-post-title":"","ast-breadcrumbs-content":"","ast-featured-img":"","footer-sml-layout":"","ast-disable-related-posts":"","theme-transparent-header-meta":"default","adv-header-id-meta":"","stick-header-meta":"default","header-above-stick-meta":"","header-main-stick-meta":"","header-below-stick-meta":"","astra-migrate-meta-layouts":"default","ast-page-background-enabled":"default","ast-page-background-meta":{"desktop":{"background-color":"","background-image":"","background-repeat":"repeat","background-position":"center center","background-size":"auto","background-attachment":"scroll","background-type":"","background-media":"","overlay-type":"","overlay-color":"","overlay-opacity":"","overlay-gradient":""},"tablet":{"background-color":"","background-image":"","background-repeat":"repeat","background-position":"center center","background-size":"auto","background-attachment":"scroll","background-type":"","background-media":"","overlay-type":"","overlay-color":"","overlay-opacity":"","overlay-gradient":""},"mobile":{"background-color":"","background-image":"","background-repeat":"repeat","background-position":"center center","background-size":"auto","background-attachment":"scroll","background-type":"","background-media":"","overlay-type":"","overlay-color":"","overlay-opacity":"","overlay-gradient":""}},"ast-content-background-meta":{"desktop":{"background-color":"var(--ast-global-color-5)","background-image":"","background-repeat":"repeat","background-position":"center center","background-size":"auto","background-attachment":"scroll","background-type":"","background-media":"","overlay-type":"","overlay-color":"","overlay-opacity":"","overlay-gradient":""},"tablet":{"background-color":"var(--ast-global-color-5)","background-image":"","background-repeat":"repeat","background-position":"center center","background-size":"auto","background-attachment":"scroll","background-type":"","background-media":"","overlay-type":"","overlay-color":"","overlay-opacity":"","overlay-gradient":""},"mobile":{"background-color":"var(--ast-global-color-5)","background-image":"","background-repeat":"repeat","background-position":"center center","background-size":"auto","background-attachment":"scroll","background-type":"","background-media":"","overlay-type":"","overlay-color":"","overlay-opacity":"","overlay-gradient":""}}},"product_brand":[],"product_cat":[133],"product_tag":[],"class_list":{"0":"post-5698","1":"product","2":"type-product","3":"status-publish","4":"has-post-thumbnail","6":"product_cat-tricycle-electrique","7":"desktop-align-left","8":"tablet-align-left","9":"mobile-align-left","10":"ast-product-gallery-layout-horizontal","11":"ast-product-tabs-layout-horizontal","12":"ast-qv-on-image","14":"first","15":"instock","16":"featured","17":"shipping-taxable","18":"product-type-simple"},"yoast_head":"<!-- This site is optimized with the Yoast SEO plugin v27.4 - https:\/\/yoast.com\/product\/yoast-seo-wordpress\/ -->\n<title>Triporteur \u00c9lectrique Hollandais Pas Cher, Triporteur Cargo \u00c9lectrique 4 Places Familial - Kuake Bicycle<\/title>\n<meta name=\"description\" content=\"Cet triporteur \u00e9lectrique cargo 3 roues a beaucoup d&#039;espace pour accueillir 4 enfants, il est id\u00e9al pour naviguer n&#039;importe o\u00f9 avec les familles.\" \/>\n<meta name=\"robots\" content=\"index, follow, max-snippet:-1, max-image-preview:large, max-video-preview:-1\" \/>\n<link rel=\"canonical\" href=\"https:\/\/www.kuakebicycle.com\/fr\/kk6010-front-loader-electric-cargo-tricycle\/\" \/>\n<meta property=\"og:locale\" content=\"fr_FR\" \/>\n<meta property=\"og:type\" content=\"article\" \/>\n<meta property=\"og:title\" content=\"Triporteur \u00c9lectrique Hollandais Pas Cher, Triporteur Cargo \u00c9lectrique 4 Places Familial - Kuake Bicycle\" \/>\n<meta property=\"og:description\" content=\"Cet triporteur \u00e9lectrique cargo 3 roues a beaucoup d&#039;espace pour accueillir 4 enfants, il est id\u00e9al pour naviguer n&#039;importe o\u00f9 avec les familles.\" \/>\n<meta property=\"og:url\" content=\"https:\/\/www.kuakebicycle.com\/fr\/kk6010-front-loader-electric-cargo-tricycle\/\" \/>\n<meta property=\"og:site_name\" content=\"Kuake Bicycle\" \/>\n<meta property=\"article:modified_time\" content=\"2022-01-20T05:44:59+00:00\" \/>\n<meta property=\"og:image\" content=\"https:\/\/www.kuakebicycle.com\/wp-content\/uploads\/2021\/03\/KK6010-Electric-Cargo-Trike.jpg\" \/>\n\t<meta property=\"og:image:width\" content=\"600\" \/>\n\t<meta property=\"og:image:height\" content=\"600\" \/>\n\t<meta property=\"og:image:type\" content=\"image\/jpeg\" \/>\n<meta name=\"twitter:card\" content=\"summary_large_image\" \/>\n<meta name=\"twitter:label1\" content=\"Dur\u00e9e de lecture estim\u00e9e\" \/>\n\t<meta name=\"twitter:data1\" content=\"1 minute\" \/>\n<script type=\"application\/ld+json\" class=\"yoast-schema-graph\">{\"@context\":\"https:\\\/\\\/schema.org\",\"@graph\":[{\"@type\":\"WebPage\",\"@id\":\"https:\\\/\\\/www.kuakebicycle.com\\\/fr\\\/kk6010-front-loader-electric-cargo-tricycle\\\/\",\"url\":\"https:\\\/\\\/www.kuakebicycle.com\\\/fr\\\/kk6010-front-loader-electric-cargo-tricycle\\\/\",\"name\":\"Triporteur \u00c9lectrique Hollandais Pas Cher, Triporteur Cargo \u00c9lectrique 4 Places Familial - Kuake Bicycle\",\"isPartOf\":{\"@id\":\"https:\\\/\\\/www.kuakebicycle.com\\\/fr\\\/#website\"},\"primaryImageOfPage\":{\"@id\":\"https:\\\/\\\/www.kuakebicycle.com\\\/fr\\\/kk6010-front-loader-electric-cargo-tricycle\\\/#primaryimage\"},\"image\":{\"@id\":\"https:\\\/\\\/www.kuakebicycle.com\\\/fr\\\/kk6010-front-loader-electric-cargo-tricycle\\\/#primaryimage\"},\"thumbnailUrl\":\"https:\\\/\\\/www.kuakebicycle.com\\\/wp-content\\\/uploads\\\/2021\\\/03\\\/KK6010-Electric-Cargo-Trike.jpg\",\"datePublished\":\"2021-07-27T01:32:04+00:00\",\"dateModified\":\"2022-01-20T05:44:59+00:00\",\"description\":\"Cet triporteur \u00e9lectrique cargo 3 roues a beaucoup d'espace pour accueillir 4 enfants, il est id\u00e9al pour naviguer n'importe o\u00f9 avec les familles.\",\"breadcrumb\":{\"@id\":\"https:\\\/\\\/www.kuakebicycle.com\\\/fr\\\/kk6010-front-loader-electric-cargo-tricycle\\\/#breadcrumb\"},\"inLanguage\":\"fr-FR\",\"potentialAction\":[{\"@type\":\"ReadAction\",\"target\":[\"https:\\\/\\\/www.kuakebicycle.com\\\/fr\\\/kk6010-front-loader-electric-cargo-tricycle\\\/\"]}]},{\"@type\":\"ImageObject\",\"inLanguage\":\"fr-FR\",\"@id\":\"https:\\\/\\\/www.kuakebicycle.com\\\/fr\\\/kk6010-front-loader-electric-cargo-tricycle\\\/#primaryimage\",\"url\":\"https:\\\/\\\/www.kuakebicycle.com\\\/wp-content\\\/uploads\\\/2021\\\/03\\\/KK6010-Electric-Cargo-Trike.jpg\",\"contentUrl\":\"https:\\\/\\\/www.kuakebicycle.com\\\/wp-content\\\/uploads\\\/2021\\\/03\\\/KK6010-Electric-Cargo-Trike.jpg\",\"width\":600,\"height\":600,\"caption\":\"triporteur \u00e9lectrique KK6010\"},{\"@type\":\"BreadcrumbList\",\"@id\":\"https:\\\/\\\/www.kuakebicycle.com\\\/fr\\\/kk6010-front-loader-electric-cargo-tricycle\\\/#breadcrumb\",\"itemListElement\":[{\"@type\":\"ListItem\",\"position\":1,\"name\":\"Home\",\"item\":\"https:\\\/\\\/www.kuakebicycle.com\\\/fr\\\/\"},{\"@type\":\"ListItem\",\"position\":2,\"name\":\"Des produits\",\"item\":\"https:\\\/\\\/www.kuakebicycle.com\\\/fr\\\/des-produits\\\/\"},{\"@type\":\"ListItem\",\"position\":3,\"name\":\"Triporteur \u00c9lectrique Hollandais Familial KK6010 (250W, 454Wh, 7 vitesses)\"}]},{\"@type\":\"WebSite\",\"@id\":\"https:\\\/\\\/www.kuakebicycle.com\\\/fr\\\/#website\",\"url\":\"https:\\\/\\\/www.kuakebicycle.com\\\/fr\\\/\",\"name\":\"Kuake Bicycle\",\"description\":\"\",\"publisher\":{\"@id\":\"https:\\\/\\\/www.kuakebicycle.com\\\/fr\\\/#organization\"},\"potentialAction\":[{\"@type\":\"SearchAction\",\"target\":{\"@type\":\"EntryPoint\",\"urlTemplate\":\"https:\\\/\\\/www.kuakebicycle.com\\\/fr\\\/?s={search_term_string}\"},\"query-input\":{\"@type\":\"PropertyValueSpecification\",\"valueRequired\":true,\"valueName\":\"search_term_string\"}}],\"inLanguage\":\"fr-FR\"},{\"@type\":\"Organization\",\"@id\":\"https:\\\/\\\/www.kuakebicycle.com\\\/fr\\\/#organization\",\"name\":\"Kuake Technology\",\"url\":\"https:\\\/\\\/www.kuakebicycle.com\\\/fr\\\/\",\"logo\":{\"@type\":\"ImageObject\",\"inLanguage\":\"fr-FR\",\"@id\":\"https:\\\/\\\/www.kuakebicycle.com\\\/fr\\\/#\\\/schema\\\/logo\\\/image\\\/\",\"url\":\"https:\\\/\\\/www.kuakebicycle.com\\\/wp-content\\\/uploads\\\/2021\\\/03\\\/icon.png\",\"contentUrl\":\"https:\\\/\\\/www.kuakebicycle.com\\\/wp-content\\\/uploads\\\/2021\\\/03\\\/icon.png\",\"width\":100,\"height\":100,\"caption\":\"Kuake Technology\"},\"image\":{\"@id\":\"https:\\\/\\\/www.kuakebicycle.com\\\/fr\\\/#\\\/schema\\\/logo\\\/image\\\/\"}}]}<\/script>\n<!-- \/ Yoast SEO plugin. -->","yoast_head_json":{"title":"Triporteur \u00c9lectrique Hollandais Pas Cher, Triporteur Cargo \u00c9lectrique 4 Places Familial - Kuake Bicycle","description":"Cet triporteur \u00e9lectrique cargo 3 roues a beaucoup d'espace pour accueillir 4 enfants, il est id\u00e9al pour naviguer n'importe o\u00f9 avec les familles.","robots":{"index":"index","follow":"follow","max-snippet":"max-snippet:-1","max-image-preview":"max-image-preview:large","max-video-preview":"max-video-preview:-1"},"canonical":"https:\/\/www.kuakebicycle.com\/fr\/kk6010-front-loader-electric-cargo-tricycle\/","og_locale":"fr_FR","og_type":"article","og_title":"Triporteur \u00c9lectrique Hollandais Pas Cher, Triporteur Cargo \u00c9lectrique 4 Places Familial - Kuake Bicycle","og_description":"Cet triporteur \u00e9lectrique cargo 3 roues a beaucoup d'espace pour accueillir 4 enfants, il est id\u00e9al pour naviguer n'importe o\u00f9 avec les familles.","og_url":"https:\/\/www.kuakebicycle.com\/fr\/kk6010-front-loader-electric-cargo-tricycle\/","og_site_name":"Kuake Bicycle","article_modified_time":"2022-01-20T05:44:59+00:00","og_image":[{"width":600,"height":600,"url":"https:\/\/www.kuakebicycle.com\/wp-content\/uploads\/2021\/03\/KK6010-Electric-Cargo-Trike.jpg","type":"image\/jpeg"}],"twitter_card":"summary_large_image","twitter_misc":{"Dur\u00e9e de lecture estim\u00e9e":"1 minute"},"schema":{"@context":"https:\/\/schema.org","@graph":[{"@type":"WebPage","@id":"https:\/\/www.kuakebicycle.com\/fr\/kk6010-front-loader-electric-cargo-tricycle\/","url":"https:\/\/www.kuakebicycle.com\/fr\/kk6010-front-loader-electric-cargo-tricycle\/","name":"Triporteur \u00c9lectrique Hollandais Pas Cher, Triporteur Cargo \u00c9lectrique 4 Places Familial - Kuake Bicycle","isPartOf":{"@id":"https:\/\/www.kuakebicycle.com\/fr\/#website"},"primaryImageOfPage":{"@id":"https:\/\/www.kuakebicycle.com\/fr\/kk6010-front-loader-electric-cargo-tricycle\/#primaryimage"},"image":{"@id":"https:\/\/www.kuakebicycle.com\/fr\/kk6010-front-loader-electric-cargo-tricycle\/#primaryimage"},"thumbnailUrl":"https:\/\/www.kuakebicycle.com\/wp-content\/uploads\/2021\/03\/KK6010-Electric-Cargo-Trike.jpg","datePublished":"2021-07-27T01:32:04+00:00","dateModified":"2022-01-20T05:44:59+00:00","description":"Cet triporteur \u00e9lectrique cargo 3 roues a beaucoup d'espace pour accueillir 4 enfants, il est id\u00e9al pour naviguer n'importe o\u00f9 avec les familles.","breadcrumb":{"@id":"https:\/\/www.kuakebicycle.com\/fr\/kk6010-front-loader-electric-cargo-tricycle\/#breadcrumb"},"inLanguage":"fr-FR","potentialAction":[{"@type":"ReadAction","target":["https:\/\/www.kuakebicycle.com\/fr\/kk6010-front-loader-electric-cargo-tricycle\/"]}]},{"@type":"ImageObject","inLanguage":"fr-FR","@id":"https:\/\/www.kuakebicycle.com\/fr\/kk6010-front-loader-electric-cargo-tricycle\/#primaryimage","url":"https:\/\/www.kuakebicycle.com\/wp-content\/uploads\/2021\/03\/KK6010-Electric-Cargo-Trike.jpg","contentUrl":"https:\/\/www.kuakebicycle.com\/wp-content\/uploads\/2021\/03\/KK6010-Electric-Cargo-Trike.jpg","width":600,"height":600,"caption":"triporteur \u00e9lectrique KK6010"},{"@type":"BreadcrumbList","@id":"https:\/\/www.kuakebicycle.com\/fr\/kk6010-front-loader-electric-cargo-tricycle\/#breadcrumb","itemListElement":[{"@type":"ListItem","position":1,"name":"Home","item":"https:\/\/www.kuakebicycle.com\/fr\/"},{"@type":"ListItem","position":2,"name":"Des produits","item":"https:\/\/www.kuakebicycle.com\/fr\/des-produits\/"},{"@type":"ListItem","position":3,"name":"Triporteur \u00c9lectrique Hollandais Familial KK6010 (250W, 454Wh, 7 vitesses)"}]},{"@type":"WebSite","@id":"https:\/\/www.kuakebicycle.com\/fr\/#website","url":"https:\/\/www.kuakebicycle.com\/fr\/","name":"Kuake Bicycle","description":"","publisher":{"@id":"https:\/\/www.kuakebicycle.com\/fr\/#organization"},"potentialAction":[{"@type":"SearchAction","target":{"@type":"EntryPoint","urlTemplate":"https:\/\/www.kuakebicycle.com\/fr\/?s={search_term_string}"},"query-input":{"@type":"PropertyValueSpecification","valueRequired":true,"valueName":"search_term_string"}}],"inLanguage":"fr-FR"},{"@type":"Organization","@id":"https:\/\/www.kuakebicycle.com\/fr\/#organization","name":"Kuake Technology","url":"https:\/\/www.kuakebicycle.com\/fr\/","logo":{"@type":"ImageObject","inLanguage":"fr-FR","@id":"https:\/\/www.kuakebicycle.com\/fr\/#\/schema\/logo\/image\/","url":"https:\/\/www.kuakebicycle.com\/wp-content\/uploads\/2021\/03\/icon.png","contentUrl":"https:\/\/www.kuakebicycle.com\/wp-content\/uploads\/2021\/03\/icon.png","width":100,"height":100,"caption":"Kuake Technology"},"image":{"@id":"https:\/\/www.kuakebicycle.com\/fr\/#\/schema\/logo\/image\/"}}]}},"_links":{"self":[{"href":"https:\/\/www.kuakebicycle.com\/fr\/wp-json\/wp\/v2\/product\/5698","targetHints":{"allow":["GET"]}}],"collection":[{"href":"https:\/\/www.kuakebicycle.com\/fr\/wp-json\/wp\/v2\/product"}],"about":[{"href":"https:\/\/www.kuakebicycle.com\/fr\/wp-json\/wp\/v2\/types\/product"}],"replies":[{"embeddable":true,"href":"https:\/\/www.kuakebicycle.com\/fr\/wp-json\/wp\/v2\/comments?post=5698"}],"wp:featuredmedia":[{"embeddable":true,"href":"https:\/\/www.kuakebicycle.com\/fr\/wp-json\/wp\/v2\/media\/16510"}],"wp:attachment":[{"href":"https:\/\/www.kuakebicycle.com\/fr\/wp-json\/wp\/v2\/media?parent=5698"}],"wp:term":[{"taxonomy":"product_brand","embeddable":true,"href":"https:\/\/www.kuakebicycle.com\/fr\/wp-json\/wp\/v2\/product_brand?post=5698"},{"taxonomy":"product_cat","embeddable":true,"href":"https:\/\/www.kuakebicycle.com\/fr\/wp-json\/wp\/v2\/product_cat?post=5698"},{"taxonomy":"product_tag","embeddable":true,"href":"https:\/\/www.kuakebicycle.com\/fr\/wp-json\/wp\/v2\/product_tag?post=5698"}],"curies":[{"name":"wp","href":"https:\/\/api.w.org\/{rel}","templated":true}]}}