{"id":5655,"date":"2021-03-29T07:18:10","date_gmt":"2021-07-27T01:28:11","guid":{"rendered":"https:\/\/www.kuakebicycle.com\/kk8031-tricycle-electrique-pliable-a-chargement-arriere-pliable-250-w-10-ah-3-vitesses\/"},"modified":"2022-01-21T03:59:41","modified_gmt":"2022-01-21T03:59:41","slug":"kk8031-tricycle-cargo-electrique-pliable-a-chargement-arriere","status":"publish","type":"product","link":"https:\/\/www.kuakebicycle.com\/fr\/kk8031-tricycle-cargo-electrique-pliable-a-chargement-arriere\/","title":{"rendered":"KK8031 Tricycle Electrique Pliable Puissant Tout Terrain (Gros Pneu, 250W ~ 750W, 374Wh~1680Wh, 7 Vitesses)"},"content":{"rendered":"<p><iframe loading=\"lazy\" title=\"lecteur vid\u00e9o YouTube\" src=\"https:\/\/www.youtube.com\/embed\/AN380djPV0Q\" width=\"560\" height=\"315\" frameborder=\"0\" allowfullscreen=\"allowfullscreen\"><span data-mce-type=\"bookmark\" style=\"display: inline-block; width: 0px; overflow: hidden; line-height: 0;\" class=\"mce_SELRES_start\">\ufeff<\/span><span data-mce-type=\"bookmark\" style=\"display: inline-block; width: 0px; overflow: hidden; line-height: 0;\" class=\"mce_SELRES_start\">\ufeff<\/span><span data-mce-type=\"bookmark\" style=\"display: inline-block; width: 0px; overflow: hidden; line-height: 0;\" class=\"mce_SELRES_start\">\ufeff<\/span><\/iframe><br \/>\n<iframe loading=\"lazy\" title=\"lecteur vid\u00e9o YouTube\" src=\"https:\/\/www.youtube.com\/embed\/-FrCHGxt6vA\" width=\"560\" height=\"315\" frameborder=\"0\" allowfullscreen=\"allowfullscreen\"><\/iframe><\/p>\n<table border=\"1\" width=\"556\">\n<tbody>\n<tr>\n<td style=\"text-align: center;\" colspan=\"2\" bgcolor=\"#d9edf7\"><strong>Sp\u00e9cifications du v\u00e9lo<\/strong><\/td>\n<\/tr>\n<tr>\n<td bgcolor=\"#f5f2f2\" width=\"275\"><strong>Mod\u00e8le NO.<\/strong><\/td>\n<td width=\"281\">KK8031<\/td>\n<\/tr>\n<tr>\n<td bgcolor=\"#f5f2f2\" width=\"275\"><strong>Poids net<\/strong><\/td>\n<td width=\"281\">45KG<\/td>\n<\/tr>\n<tr>\n<td bgcolor=\"#f5f2f2\" width=\"275\"><strong>Poids brut<\/strong><\/td>\n<td width=\"281\">52KG<\/td>\n<\/tr>\n<tr>\n<td bgcolor=\"#f5f2f2\" width=\"275\"><strong>Cadre<\/strong><\/td>\n<td width=\"281\">Alliage d&rsquo;aluminium 6061<\/td>\n<\/tr>\n<tr>\n<td bgcolor=\"#f5f2f2\" width=\"275\"><strong>Capacit\u00e9 de chargement<\/strong><\/td>\n<td width=\"281\">150 kg \/ 350 Ibs<\/td>\n<\/tr>\n<tr>\n<td bgcolor=\"#f5f2f2\" width=\"275\"><strong>\u00c9quipement<\/strong><\/td>\n<td width=\"281\">Shimano 7 vitesses<\/td>\n<\/tr>\n<tr>\n<td bgcolor=\"#f5f2f2\" width=\"275\"><strong>Manettes<\/strong><\/td>\n<td width=\"281\">7 vitesses<\/td>\n<\/tr>\n<tr>\n<td bgcolor=\"#f5f2f2\" width=\"275\"><strong>Roue libre<\/strong><\/td>\n<td width=\"281\">7 vitesses<\/td>\n<\/tr>\n<tr>\n<td bgcolor=\"#f5f2f2\" width=\"275\"><strong>Frein avant<\/strong><\/td>\n<td width=\"281\">Disque m\u00e9canique ou hydraulique, Tektro<\/td>\n<\/tr>\n<tr>\n<td bgcolor=\"#f5f2f2\" width=\"275\"><strong>Frein arriere<\/strong><\/td>\n<td width=\"281\">Disque m\u00e9canique ou hydraulique, Tektro<\/td>\n<\/tr>\n<tr>\n<td bgcolor=\"#f5f2f2\" width=\"275\"><strong>P\u00e9dales<\/strong><\/td>\n<td width=\"281\">P\u00e9dales en plastique<\/td>\n<\/tr>\n<tr>\n<td bgcolor=\"#f5f2f2\" width=\"275\"><strong>Pneus<\/strong><\/td>\n<td width=\"281\">KENDA F\/24\u00a0\u00bb*4.0. R\/20\u00a0\u00bb*4.0<\/td>\n<\/tr>\n<tr>\n<td bgcolor=\"#f5f2f2\" width=\"275\"><strong>L\u00e9ger<\/strong><\/td>\n<td width=\"281\">LED<\/td>\n<\/tr>\n<tr>\n<td bgcolor=\"#f5f2f2\" width=\"275\"><strong>Cha\u00eene<\/strong><\/td>\n<td width=\"281\">KMC<\/td>\n<\/tr>\n<tr>\n<td style=\"text-align: center;\" colspan=\"2\" bgcolor=\"#d9edf7\"><strong>Syst\u00e8me \u00e9lectrique<\/strong><\/td>\n<\/tr>\n<tr>\n<td bgcolor=\"#f5f2f2\" width=\"275\"><strong>Batterie<\/strong><\/td>\n<td width=\"281\">374Wh~1680Wh 18650 Lithium-ion<\/td>\n<\/tr>\n<tr>\n<td bgcolor=\"#f5f2f2\" width=\"275\"><strong>Chargeur<\/strong><\/td>\n<td width=\"281\">Chargeur intelligent 2A 100-240V<\/td>\n<\/tr>\n<tr>\n<td bgcolor=\"#f5f2f2\" width=\"275\"><strong>Temps de charge<\/strong><\/td>\n<td width=\"281\">5 heures<\/td>\n<\/tr>\n<tr>\n<td bgcolor=\"#f5f2f2\" width=\"275\"><strong>Temps de recharge<\/strong><\/td>\n<td width=\"281\">800~1000 fois<\/td>\n<\/tr>\n<tr>\n<td bgcolor=\"#f5f2f2\" width=\"275\"><strong>Puissance du moteur<\/strong><\/td>\n<td width=\"281\">Moteur de moyeu sans balais avant 36V\/48V 250W ~ 750W<\/td>\n<\/tr>\n<tr>\n<td bgcolor=\"#f5f2f2\" width=\"275\"><strong>Manette<\/strong><\/td>\n<td width=\"281\">Contr\u00f4leur haute efficacit\u00e9 36V\/48V<\/td>\n<\/tr>\n<tr>\n<td bgcolor=\"#f5f2f2\" width=\"275\"><strong>Afficher<\/strong><\/td>\n<td width=\"281\">affichage LCD<\/td>\n<\/tr>\n<tr>\n<td bgcolor=\"#f5f2f2\" width=\"275\"><strong>Vitesse maximale<\/strong><\/td>\n<td width=\"281\">25km\/h<\/td>\n<\/tr>\n<tr>\n<td bgcolor=\"#f5f2f2\" width=\"275\"><strong>Distance payante<\/strong><\/td>\n<td width=\"281\">50km -180km (avec assistance au p\u00e9dalage)<\/td>\n<\/tr>\n<tr>\n<td style=\"text-align: center;\" colspan=\"2\" bgcolor=\"#d9edf7\"><strong>Les d\u00e9tails d&rsquo;exp\u00e9dition<\/strong><\/td>\n<\/tr>\n<tr>\n<td bgcolor=\"#f5f2f2\" width=\"275\"><strong>Taille d&#8217;emballage<\/strong><\/td>\n<td width=\"281\">128*58*68cm<\/td>\n<\/tr>\n<tr>\n<td bgcolor=\"#f5f2f2\" width=\"275\"><strong>40&Prime; Hq(Pcs)<\/strong><\/td>\n<td width=\"281\">125pcs<\/td>\n<\/tr>\n<tr>\n<td bgcolor=\"#f5f2f2\" width=\"275\"><strong>20&Prime; Hq(Pcs)<\/strong><\/td>\n<td width=\"281\">48pcs<\/td>\n<\/tr>\n<\/tbody>\n<\/table>\n","protected":false},"excerpt":{"rendered":"<ul>\n<li style=\"list-style-type: none;\">\n<ul>\n<li><strong>Cadre<\/strong>: conception de cadre en alliage d&rsquo;aluminium 6061.<\/li>\n<li><strong>Moteur<\/strong>: 36 V\/48 V 250 W ~ 750 W moteur de moyeu sans balais fournit plus de puissance que n\u00e9cessaire, la vitesse maximale peut \u00eatre atteinte 25 km\/h.<\/li>\n<li><strong>Batterie<\/strong>: 374 Wh ~ 1680 Wh 18650 Lithium-ion, temps de charge : 5 heures, autonomie : 800 ~ 1000 cycles.<\/li>\n<li><strong>Frein<\/strong> : Les freins \u00e0 disque m\u00e9caniques ou hydrauliques ne sont pas affect\u00e9s par les conditions m\u00e9t\u00e9orologiques extr\u00eames et offrent un freinage puissant et progressif.<\/li>\n<li><strong>Manettes de vitesse<\/strong>: le syst\u00e8me de transmission Shimano \u00e0 7 vitesses assure l&rsquo;exp\u00e9rience de vitesse diff\u00e9rente dont vous avez besoin pour rouler.<\/li>\n<li><strong>Reverse<\/strong> : Le tricycle n&rsquo;a pas la fonction de marche arri\u00e8re par d\u00e9faut, si vous souhaitez ajouter cette fonction, veuillez nous contacter.<\/li>\n<li><strong>Diff\u00e9rentiel<\/strong>: Pour les personnes \u00e2g\u00e9es et les personnes \u00e0 mobilit\u00e9 r\u00e9duite, nous recommandons d&rsquo;installer le diff\u00e9rentiel qui rendra ce tricycle plus s\u00fbr et plus stable dans les virages.<\/li>\n<\/ul>\n<\/li>\n<\/ul>\n","protected":false},"featured_media":14540,"comment_status":"closed","ping_status":"closed","template":"","meta":{"site-sidebar-layout":"default","site-content-layout":"default","ast-site-content-layout":"default","site-content-style":"default","site-sidebar-style":"default","ast-global-header-display":"","ast-banner-title-visibility":"","ast-main-header-display":"","ast-hfb-above-header-display":"","ast-hfb-below-header-display":"","ast-hfb-mobile-header-display":"","site-post-title":"","ast-breadcrumbs-content":"","ast-featured-img":"","footer-sml-layout":"","ast-disable-related-posts":"","theme-transparent-header-meta":"default","adv-header-id-meta":"","stick-header-meta":"default","header-above-stick-meta":"","header-main-stick-meta":"","header-below-stick-meta":"","astra-migrate-meta-layouts":"default","ast-page-background-enabled":"default","ast-page-background-meta":{"desktop":{"background-color":"","background-image":"","background-repeat":"repeat","background-position":"center center","background-size":"auto","background-attachment":"scroll","background-type":"","background-media":"","overlay-type":"","overlay-color":"","overlay-opacity":"","overlay-gradient":""},"tablet":{"background-color":"","background-image":"","background-repeat":"repeat","background-position":"center center","background-size":"auto","background-attachment":"scroll","background-type":"","background-media":"","overlay-type":"","overlay-color":"","overlay-opacity":"","overlay-gradient":""},"mobile":{"background-color":"","background-image":"","background-repeat":"repeat","background-position":"center center","background-size":"auto","background-attachment":"scroll","background-type":"","background-media":"","overlay-type":"","overlay-color":"","overlay-opacity":"","overlay-gradient":""}},"ast-content-background-meta":{"desktop":{"background-color":"var(--ast-global-color-5)","background-image":"","background-repeat":"repeat","background-position":"center center","background-size":"auto","background-attachment":"scroll","background-type":"","background-media":"","overlay-type":"","overlay-color":"","overlay-opacity":"","overlay-gradient":""},"tablet":{"background-color":"var(--ast-global-color-5)","background-image":"","background-repeat":"repeat","background-position":"center center","background-size":"auto","background-attachment":"scroll","background-type":"","background-media":"","overlay-type":"","overlay-color":"","overlay-opacity":"","overlay-gradient":""},"mobile":{"background-color":"var(--ast-global-color-5)","background-image":"","background-repeat":"repeat","background-position":"center center","background-size":"auto","background-attachment":"scroll","background-type":"","background-media":"","overlay-type":"","overlay-color":"","overlay-opacity":"","overlay-gradient":""}}},"product_brand":[],"product_cat":[133],"product_tag":[],"class_list":{"0":"post-5655","1":"product","2":"type-product","3":"status-publish","4":"has-post-thumbnail","6":"product_cat-tricycle-electrique","7":"desktop-align-left","8":"tablet-align-left","9":"mobile-align-left","10":"ast-product-gallery-layout-horizontal","11":"ast-product-tabs-layout-horizontal","12":"ast-qv-on-image","14":"first","15":"instock","16":"featured","17":"shipping-taxable","18":"product-type-simple"},"yoast_head":"<!-- This site is optimized with the Yoast SEO plugin v27.5 - https:\/\/yoast.com\/product\/yoast-seo-wordpress\/ -->\n<title>Tricycle Electrique Pliable Puissant, KK8031 V\u00e9lo Senior \u00c9lectrique \u00c0 3 Roues - Kuake Bicycle<\/title>\n<meta name=\"description\" content=\"KK8031 tricycle \u00e9lectrique puissant se plie et se d\u00e9monte pour un transport et un stockage faciles, parfait pour un membre de la famille ayant des probl\u00e8mes de mobilit\u00e9.\" \/>\n<meta name=\"robots\" content=\"index, follow, max-snippet:-1, max-image-preview:large, max-video-preview:-1\" \/>\n<link rel=\"canonical\" href=\"https:\/\/www.kuakebicycle.com\/fr\/kk8031-tricycle-cargo-electrique-pliable-a-chargement-arriere\/\" \/>\n<meta property=\"og:locale\" content=\"fr_FR\" \/>\n<meta property=\"og:type\" content=\"article\" \/>\n<meta property=\"og:title\" content=\"Tricycle Electrique Pliable Puissant, KK8031 V\u00e9lo Senior \u00c9lectrique \u00c0 3 Roues - Kuake Bicycle\" \/>\n<meta property=\"og:description\" content=\"KK8031 tricycle \u00e9lectrique puissant se plie et se d\u00e9monte pour un transport et un stockage faciles, parfait pour un membre de la famille ayant des probl\u00e8mes de mobilit\u00e9.\" \/>\n<meta property=\"og:url\" content=\"https:\/\/www.kuakebicycle.com\/fr\/kk8031-tricycle-cargo-electrique-pliable-a-chargement-arriere\/\" \/>\n<meta property=\"og:site_name\" content=\"Kuake Bicycle\" \/>\n<meta property=\"article:modified_time\" content=\"2022-01-21T03:59:41+00:00\" \/>\n<meta property=\"og:image\" content=\"https:\/\/www.kuakebicycle.com\/wp-content\/uploads\/2021\/12\/KK8031-Grey-Folding-Electric-Tricycle.jpg\" \/>\n\t<meta property=\"og:image:width\" content=\"600\" \/>\n\t<meta property=\"og:image:height\" content=\"600\" \/>\n\t<meta property=\"og:image:type\" content=\"image\/jpeg\" \/>\n<meta name=\"twitter:card\" content=\"summary_large_image\" \/>\n<meta name=\"twitter:label1\" content=\"Dur\u00e9e de lecture estim\u00e9e\" \/>\n\t<meta name=\"twitter:data1\" content=\"1 minute\" \/>\n<script type=\"application\/ld+json\" class=\"yoast-schema-graph\">{\"@context\":\"https:\\\/\\\/schema.org\",\"@graph\":[{\"@type\":\"WebPage\",\"@id\":\"https:\\\/\\\/www.kuakebicycle.com\\\/fr\\\/kk8031-tricycle-cargo-electrique-pliable-a-chargement-arriere\\\/\",\"url\":\"https:\\\/\\\/www.kuakebicycle.com\\\/fr\\\/kk8031-tricycle-cargo-electrique-pliable-a-chargement-arriere\\\/\",\"name\":\"Tricycle Electrique Pliable Puissant, KK8031 V\u00e9lo Senior \u00c9lectrique \u00c0 3 Roues - Kuake Bicycle\",\"isPartOf\":{\"@id\":\"https:\\\/\\\/www.kuakebicycle.com\\\/fr\\\/#website\"},\"primaryImageOfPage\":{\"@id\":\"https:\\\/\\\/www.kuakebicycle.com\\\/fr\\\/kk8031-tricycle-cargo-electrique-pliable-a-chargement-arriere\\\/#primaryimage\"},\"image\":{\"@id\":\"https:\\\/\\\/www.kuakebicycle.com\\\/fr\\\/kk8031-tricycle-cargo-electrique-pliable-a-chargement-arriere\\\/#primaryimage\"},\"thumbnailUrl\":\"https:\\\/\\\/www.kuakebicycle.com\\\/wp-content\\\/uploads\\\/2021\\\/12\\\/KK8031-Grey-Folding-Electric-Tricycle.jpg\",\"datePublished\":\"2021-07-27T01:28:11+00:00\",\"dateModified\":\"2022-01-21T03:59:41+00:00\",\"description\":\"KK8031 tricycle \u00e9lectrique puissant se plie et se d\u00e9monte pour un transport et un stockage faciles, parfait pour un membre de la famille ayant des probl\u00e8mes de mobilit\u00e9.\",\"breadcrumb\":{\"@id\":\"https:\\\/\\\/www.kuakebicycle.com\\\/fr\\\/kk8031-tricycle-cargo-electrique-pliable-a-chargement-arriere\\\/#breadcrumb\"},\"inLanguage\":\"fr-FR\",\"potentialAction\":[{\"@type\":\"ReadAction\",\"target\":[\"https:\\\/\\\/www.kuakebicycle.com\\\/fr\\\/kk8031-tricycle-cargo-electrique-pliable-a-chargement-arriere\\\/\"]}]},{\"@type\":\"ImageObject\",\"inLanguage\":\"fr-FR\",\"@id\":\"https:\\\/\\\/www.kuakebicycle.com\\\/fr\\\/kk8031-tricycle-cargo-electrique-pliable-a-chargement-arriere\\\/#primaryimage\",\"url\":\"https:\\\/\\\/www.kuakebicycle.com\\\/wp-content\\\/uploads\\\/2021\\\/12\\\/KK8031-Grey-Folding-Electric-Tricycle.jpg\",\"contentUrl\":\"https:\\\/\\\/www.kuakebicycle.com\\\/wp-content\\\/uploads\\\/2021\\\/12\\\/KK8031-Grey-Folding-Electric-Tricycle.jpg\",\"width\":600,\"height\":600,\"caption\":\"Tricycle \u00e9lectrique pliant gris KK8031\"},{\"@type\":\"BreadcrumbList\",\"@id\":\"https:\\\/\\\/www.kuakebicycle.com\\\/fr\\\/kk8031-tricycle-cargo-electrique-pliable-a-chargement-arriere\\\/#breadcrumb\",\"itemListElement\":[{\"@type\":\"ListItem\",\"position\":1,\"name\":\"Home\",\"item\":\"https:\\\/\\\/www.kuakebicycle.com\\\/fr\\\/\"},{\"@type\":\"ListItem\",\"position\":2,\"name\":\"Des produits\",\"item\":\"https:\\\/\\\/www.kuakebicycle.com\\\/fr\\\/des-produits\\\/\"},{\"@type\":\"ListItem\",\"position\":3,\"name\":\"KK8031 Tricycle Electrique Pliable Puissant Tout Terrain (Gros Pneu, 250W ~ 750W, 374Wh~1680Wh, 7 Vitesses)\"}]},{\"@type\":\"WebSite\",\"@id\":\"https:\\\/\\\/www.kuakebicycle.com\\\/fr\\\/#website\",\"url\":\"https:\\\/\\\/www.kuakebicycle.com\\\/fr\\\/\",\"name\":\"Kuake Bicycle\",\"description\":\"\",\"publisher\":{\"@id\":\"https:\\\/\\\/www.kuakebicycle.com\\\/fr\\\/#organization\"},\"potentialAction\":[{\"@type\":\"SearchAction\",\"target\":{\"@type\":\"EntryPoint\",\"urlTemplate\":\"https:\\\/\\\/www.kuakebicycle.com\\\/fr\\\/?s={search_term_string}\"},\"query-input\":{\"@type\":\"PropertyValueSpecification\",\"valueRequired\":true,\"valueName\":\"search_term_string\"}}],\"inLanguage\":\"fr-FR\"},{\"@type\":\"Organization\",\"@id\":\"https:\\\/\\\/www.kuakebicycle.com\\\/fr\\\/#organization\",\"name\":\"Kuake Technology\",\"url\":\"https:\\\/\\\/www.kuakebicycle.com\\\/fr\\\/\",\"logo\":{\"@type\":\"ImageObject\",\"inLanguage\":\"fr-FR\",\"@id\":\"https:\\\/\\\/www.kuakebicycle.com\\\/fr\\\/#\\\/schema\\\/logo\\\/image\\\/\",\"url\":\"https:\\\/\\\/www.kuakebicycle.com\\\/wp-content\\\/uploads\\\/2021\\\/03\\\/icon.png\",\"contentUrl\":\"https:\\\/\\\/www.kuakebicycle.com\\\/wp-content\\\/uploads\\\/2021\\\/03\\\/icon.png\",\"width\":100,\"height\":100,\"caption\":\"Kuake Technology\"},\"image\":{\"@id\":\"https:\\\/\\\/www.kuakebicycle.com\\\/fr\\\/#\\\/schema\\\/logo\\\/image\\\/\"}}]}<\/script>\n<!-- \/ Yoast SEO plugin. -->","yoast_head_json":{"title":"Tricycle Electrique Pliable Puissant, KK8031 V\u00e9lo Senior \u00c9lectrique \u00c0 3 Roues - Kuake Bicycle","description":"KK8031 tricycle \u00e9lectrique puissant se plie et se d\u00e9monte pour un transport et un stockage faciles, parfait pour un membre de la famille ayant des probl\u00e8mes de mobilit\u00e9.","robots":{"index":"index","follow":"follow","max-snippet":"max-snippet:-1","max-image-preview":"max-image-preview:large","max-video-preview":"max-video-preview:-1"},"canonical":"https:\/\/www.kuakebicycle.com\/fr\/kk8031-tricycle-cargo-electrique-pliable-a-chargement-arriere\/","og_locale":"fr_FR","og_type":"article","og_title":"Tricycle Electrique Pliable Puissant, KK8031 V\u00e9lo Senior \u00c9lectrique \u00c0 3 Roues - Kuake Bicycle","og_description":"KK8031 tricycle \u00e9lectrique puissant se plie et se d\u00e9monte pour un transport et un stockage faciles, parfait pour un membre de la famille ayant des probl\u00e8mes de mobilit\u00e9.","og_url":"https:\/\/www.kuakebicycle.com\/fr\/kk8031-tricycle-cargo-electrique-pliable-a-chargement-arriere\/","og_site_name":"Kuake Bicycle","article_modified_time":"2022-01-21T03:59:41+00:00","og_image":[{"width":600,"height":600,"url":"https:\/\/www.kuakebicycle.com\/wp-content\/uploads\/2021\/12\/KK8031-Grey-Folding-Electric-Tricycle.jpg","type":"image\/jpeg"}],"twitter_card":"summary_large_image","twitter_misc":{"Dur\u00e9e de lecture estim\u00e9e":"1 minute"},"schema":{"@context":"https:\/\/schema.org","@graph":[{"@type":"WebPage","@id":"https:\/\/www.kuakebicycle.com\/fr\/kk8031-tricycle-cargo-electrique-pliable-a-chargement-arriere\/","url":"https:\/\/www.kuakebicycle.com\/fr\/kk8031-tricycle-cargo-electrique-pliable-a-chargement-arriere\/","name":"Tricycle Electrique Pliable Puissant, KK8031 V\u00e9lo Senior \u00c9lectrique \u00c0 3 Roues - Kuake Bicycle","isPartOf":{"@id":"https:\/\/www.kuakebicycle.com\/fr\/#website"},"primaryImageOfPage":{"@id":"https:\/\/www.kuakebicycle.com\/fr\/kk8031-tricycle-cargo-electrique-pliable-a-chargement-arriere\/#primaryimage"},"image":{"@id":"https:\/\/www.kuakebicycle.com\/fr\/kk8031-tricycle-cargo-electrique-pliable-a-chargement-arriere\/#primaryimage"},"thumbnailUrl":"https:\/\/www.kuakebicycle.com\/wp-content\/uploads\/2021\/12\/KK8031-Grey-Folding-Electric-Tricycle.jpg","datePublished":"2021-07-27T01:28:11+00:00","dateModified":"2022-01-21T03:59:41+00:00","description":"KK8031 tricycle \u00e9lectrique puissant se plie et se d\u00e9monte pour un transport et un stockage faciles, parfait pour un membre de la famille ayant des probl\u00e8mes de mobilit\u00e9.","breadcrumb":{"@id":"https:\/\/www.kuakebicycle.com\/fr\/kk8031-tricycle-cargo-electrique-pliable-a-chargement-arriere\/#breadcrumb"},"inLanguage":"fr-FR","potentialAction":[{"@type":"ReadAction","target":["https:\/\/www.kuakebicycle.com\/fr\/kk8031-tricycle-cargo-electrique-pliable-a-chargement-arriere\/"]}]},{"@type":"ImageObject","inLanguage":"fr-FR","@id":"https:\/\/www.kuakebicycle.com\/fr\/kk8031-tricycle-cargo-electrique-pliable-a-chargement-arriere\/#primaryimage","url":"https:\/\/www.kuakebicycle.com\/wp-content\/uploads\/2021\/12\/KK8031-Grey-Folding-Electric-Tricycle.jpg","contentUrl":"https:\/\/www.kuakebicycle.com\/wp-content\/uploads\/2021\/12\/KK8031-Grey-Folding-Electric-Tricycle.jpg","width":600,"height":600,"caption":"Tricycle \u00e9lectrique pliant gris KK8031"},{"@type":"BreadcrumbList","@id":"https:\/\/www.kuakebicycle.com\/fr\/kk8031-tricycle-cargo-electrique-pliable-a-chargement-arriere\/#breadcrumb","itemListElement":[{"@type":"ListItem","position":1,"name":"Home","item":"https:\/\/www.kuakebicycle.com\/fr\/"},{"@type":"ListItem","position":2,"name":"Des produits","item":"https:\/\/www.kuakebicycle.com\/fr\/des-produits\/"},{"@type":"ListItem","position":3,"name":"KK8031 Tricycle Electrique Pliable Puissant Tout Terrain (Gros Pneu, 250W ~ 750W, 374Wh~1680Wh, 7 Vitesses)"}]},{"@type":"WebSite","@id":"https:\/\/www.kuakebicycle.com\/fr\/#website","url":"https:\/\/www.kuakebicycle.com\/fr\/","name":"Kuake Bicycle","description":"","publisher":{"@id":"https:\/\/www.kuakebicycle.com\/fr\/#organization"},"potentialAction":[{"@type":"SearchAction","target":{"@type":"EntryPoint","urlTemplate":"https:\/\/www.kuakebicycle.com\/fr\/?s={search_term_string}"},"query-input":{"@type":"PropertyValueSpecification","valueRequired":true,"valueName":"search_term_string"}}],"inLanguage":"fr-FR"},{"@type":"Organization","@id":"https:\/\/www.kuakebicycle.com\/fr\/#organization","name":"Kuake Technology","url":"https:\/\/www.kuakebicycle.com\/fr\/","logo":{"@type":"ImageObject","inLanguage":"fr-FR","@id":"https:\/\/www.kuakebicycle.com\/fr\/#\/schema\/logo\/image\/","url":"https:\/\/www.kuakebicycle.com\/wp-content\/uploads\/2021\/03\/icon.png","contentUrl":"https:\/\/www.kuakebicycle.com\/wp-content\/uploads\/2021\/03\/icon.png","width":100,"height":100,"caption":"Kuake Technology"},"image":{"@id":"https:\/\/www.kuakebicycle.com\/fr\/#\/schema\/logo\/image\/"}}]}},"_links":{"self":[{"href":"https:\/\/www.kuakebicycle.com\/fr\/wp-json\/wp\/v2\/product\/5655","targetHints":{"allow":["GET"]}}],"collection":[{"href":"https:\/\/www.kuakebicycle.com\/fr\/wp-json\/wp\/v2\/product"}],"about":[{"href":"https:\/\/www.kuakebicycle.com\/fr\/wp-json\/wp\/v2\/types\/product"}],"replies":[{"embeddable":true,"href":"https:\/\/www.kuakebicycle.com\/fr\/wp-json\/wp\/v2\/comments?post=5655"}],"wp:featuredmedia":[{"embeddable":true,"href":"https:\/\/www.kuakebicycle.com\/fr\/wp-json\/wp\/v2\/media\/14540"}],"wp:attachment":[{"href":"https:\/\/www.kuakebicycle.com\/fr\/wp-json\/wp\/v2\/media?parent=5655"}],"wp:term":[{"taxonomy":"product_brand","embeddable":true,"href":"https:\/\/www.kuakebicycle.com\/fr\/wp-json\/wp\/v2\/product_brand?post=5655"},{"taxonomy":"product_cat","embeddable":true,"href":"https:\/\/www.kuakebicycle.com\/fr\/wp-json\/wp\/v2\/product_cat?post=5655"},{"taxonomy":"product_tag","embeddable":true,"href":"https:\/\/www.kuakebicycle.com\/fr\/wp-json\/wp\/v2\/product_tag?post=5655"}],"curies":[{"name":"wp","href":"https:\/\/api.w.org\/{rel}","templated":true}]}}