{"id":5588,"date":"2021-06-23T02:31:41","date_gmt":"2021-07-27T01:20:10","guid":{"rendered":"https:\/\/www.kuakebicycle.com\/velo-electrique-pliant-entierement-en-fibre-de-carbone-kk7016-138-kg-350-w-samsung-70-ah\/"},"modified":"2022-04-25T06:55:15","modified_gmt":"2022-04-25T06:55:15","slug":"kk7016-full-carbon-fibre-pliable-e-bike","status":"publish","type":"product","link":"https:\/\/www.kuakebicycle.com\/fr\/kk7016-full-carbon-fibre-pliable-e-bike\/","title":{"rendered":"KK7016 V\u00e9lo \u00c9lectrique Pliant Carbone (15KG, 250~350W, Samsung 7.0Ah, Suspension arri\u00e8re)"},"content":{"rendered":"<p><iframe loading=\"lazy\" title=\"lecteur vid\u00e9o YouTube\" src=\"https:\/\/www.youtube.com\/embed\/MJj_uo9gSTo\" width=\"560\" height=\"315\" frameborder=\"0\" allowfullscreen=\"allowfullscreen\"><\/iframe><\/p>\n<table border=\"1\" width=\"556\">\n<tbody>\n<tr>\n<td style=\"text-align: center;\" colspan=\"2\" bgcolor=\"#d9edf7\"><strong>Informations de base<\/strong><\/td>\n<\/tr>\n<tr>\n<td bgcolor=\"#f5f2f2\" width=\"275\"><strong>Mod\u00e8le NO.<\/strong><\/td>\n<td width=\"281\">KK7016<\/td>\n<\/tr>\n<tr>\n<td bgcolor=\"#f5f2f2\" width=\"275\"><strong>Poids<\/strong><\/td>\n<td width=\"281\">15 KG<\/td>\n<\/tr>\n<tr>\n<td bgcolor=\"#f5f2f2\" width=\"275\"><strong>Cadre<\/strong><\/td>\n<td width=\"281\">Fibre de carbone<\/td>\n<\/tr>\n<tr>\n<td bgcolor=\"#f5f2f2\" width=\"275\"><strong>Fourche avant<\/strong><\/td>\n<td width=\"281\">Fibre de carbone<\/td>\n<\/tr>\n<tr>\n<td bgcolor=\"#f5f2f2\" width=\"275\"><strong>Chargement standard<\/strong><\/td>\n<td width=\"281\">100kg\/220lb<\/td>\n<\/tr>\n<tr>\n<td bgcolor=\"#f5f2f2\" width=\"275\"><strong>Syst\u00e8me d&rsquo;\u00e9quitation<\/strong><\/td>\n<td width=\"281\">Croisi\u00e8re 5PAS+<\/td>\n<\/tr>\n<tr>\n<td bgcolor=\"#f5f2f2\" width=\"275\"><strong>5PAS+ Cruise<\/strong><\/td>\n<td width=\"281\">1500*580*1100mm<\/td>\n<\/tr>\n<tr>\n<td bgcolor=\"#f5f2f2\" width=\"275\"><strong>Taille de pliage<\/strong><\/td>\n<td width=\"281\">850*405*700mm<\/td>\n<\/tr>\n<tr>\n<td style=\"text-align: center;\" colspan=\"2\" bgcolor=\"#d9edf7\"><strong>Sp\u00e9cifications des composants<\/strong><\/td>\n<\/tr>\n<tr>\n<td bgcolor=\"#f5f2f2\" width=\"275\"><strong>Freins<\/strong><\/td>\n<td width=\"281\">Frein \u00e0 disque m\u00e9canique F\/R 160 mm G3<\/td>\n<\/tr>\n<tr>\n<td bgcolor=\"#f5f2f2\" width=\"275\"><strong>Frein \u00e0 main<\/strong><\/td>\n<td width=\"281\">Alliage d&rsquo;aluminium r\u00e9glable<\/td>\n<\/tr>\n<tr>\n<td bgcolor=\"#f5f2f2\" width=\"275\"><strong>Manettes<\/strong><\/td>\n<td width=\"281\">SHIMANO Mf-Tz500-7 Vitesse<\/td>\n<\/tr>\n<tr>\n<td bgcolor=\"#f5f2f2\" width=\"275\"><strong>D\u00e9railleur<\/strong><\/td>\n<td width=\"281\">SHIMANO RD-TY300<\/td>\n<\/tr>\n<tr>\n<td bgcolor=\"#f5f2f2\" width=\"275\"><strong>Manivelle<\/strong><\/td>\n<td width=\"281\">Prowheel 48T<\/td>\n<\/tr>\n<tr>\n<td bgcolor=\"#f5f2f2\" width=\"275\"><strong>Roue de feu arri\u00e8re<\/strong><\/td>\n<td width=\"281\">SHIMANO MF-TZ500-7<\/td>\n<\/tr>\n<tr>\n<td bgcolor=\"#f5f2f2\" width=\"275\"><strong>Pneu<\/strong><\/td>\n<td width=\"281\">Kenda 20*1.95 pouces<\/td>\n<\/tr>\n<tr>\n<td bgcolor=\"#f5f2f2\" width=\"275\"><strong>Diam\u00e8tre de la roue<\/strong><\/td>\n<td width=\"281\">20 pouces<\/td>\n<\/tr>\n<tr>\n<td bgcolor=\"#f5f2f2\" width=\"275\"><strong>G\u00e9rer<\/strong><\/td>\n<td width=\"281\">MICROSHIFT 7S\/P<\/td>\n<\/tr>\n<tr>\n<td bgcolor=\"#f5f2f2\" width=\"275\"><strong>Saisir<\/strong><\/td>\n<td width=\"281\">Poign\u00e9e confortable en EVA haute densit\u00e9 absorbant les chocs et antid\u00e9rapante<\/td>\n<\/tr>\n<tr>\n<td bgcolor=\"#f5f2f2\" width=\"275\"><strong>Cha\u00eene<\/strong><\/td>\n<td width=\"281\">KMC<\/td>\n<\/tr>\n<tr>\n<td bgcolor=\"#f5f2f2\" width=\"275\"><strong>L\u00e9ger<\/strong><\/td>\n<td width=\"281\">Feux LED avant\/arri\u00e8re<\/td>\n<\/tr>\n<tr>\n<td bgcolor=\"#f5f2f2\" width=\"275\"><strong>Rim<\/strong><\/td>\n<td width=\"281\">Bague de coupe de frein \u00e0 disque al-aluminium \u00e0 double couche<\/td>\n<\/tr>\n<tr>\n<td bgcolor=\"#f5f2f2\" width=\"275\"><strong>P\u00e9dale<\/strong><\/td>\n<td width=\"281\">P\u00e9dale pliable antid\u00e9rapante<\/td>\n<\/tr>\n<tr>\n<td bgcolor=\"#f5f2f2\" width=\"275\"><strong>Selle<\/strong><\/td>\n<td width=\"281\">Confort ergonomique<\/td>\n<\/tr>\n<tr>\n<td style=\"text-align: center;\" colspan=\"2\" bgcolor=\"#d9edf7\"><strong>Sp\u00e9cifications du syst\u00e8me \u00e9lectrique<\/strong><\/td>\n<\/tr>\n<tr>\n<td bgcolor=\"#f5f2f2\" width=\"275\"><strong>Moteur<\/strong><\/td>\n<td width=\"281\">Moteur \u00e0 grande vitesse 250\/350W<\/td>\n<\/tr>\n<tr>\n<td bgcolor=\"#f5f2f2\" width=\"275\"><strong>Batterie<\/strong><\/td>\n<td width=\"281\">36V 5.2Ah ( Samsung 7.0Ah)<\/td>\n<\/tr>\n<tr>\n<td bgcolor=\"#f5f2f2\" width=\"275\"><strong>Syst\u00e8me de gestion de batterie<\/strong><\/td>\n<td width=\"281\">Syst\u00e8me de batterie de tube de selle brevet\u00e9<\/td>\n<\/tr>\n<tr>\n<td bgcolor=\"#f5f2f2\" width=\"275\"><strong>Temps de charge<\/strong><\/td>\n<td width=\"281\">3 heures<\/td>\n<\/tr>\n<tr>\n<td bgcolor=\"#f5f2f2\" width=\"275\"><strong>Manette<\/strong><\/td>\n<td width=\"281\">contr\u00f4leur d&rsquo;onde sinuso\u00efdale<\/td>\n<\/tr>\n<tr>\n<td bgcolor=\"#f5f2f2\" width=\"275\"><strong>Afficher<\/strong><\/td>\n<td width=\"281\">Affichage LCD<\/td>\n<\/tr>\n<tr>\n<td bgcolor=\"#f5f2f2\" width=\"275\"><strong>Temps de recharge<\/strong><\/td>\n<td width=\"281\">800~1000 fois<\/td>\n<\/tr>\n<tr>\n<td bgcolor=\"#f5f2f2\" width=\"275\"><strong>Kilom\u00e9trage d&rsquo;endurance<\/strong><\/td>\n<td width=\"281\">PAS&gt;50km<\/td>\n<\/tr>\n<tr>\n<td bgcolor=\"#f5f2f2\" width=\"275\"><strong>Vitesse maximale<\/strong><\/td>\n<td width=\"281\">\u226425km\/h<\/td>\n<\/tr>\n<\/tbody>\n<\/table>\n","protected":false},"excerpt":{"rendered":"<ul>\n<li>Cadre et fourche avant en fibre de carbone<\/li>\n<li>L\u00e9ger 15 kg et pliable (taille d&rsquo;extension : 1500*580*1100mm\u200b, taille de pliage : 850*405*700mm\u200b)<\/li>\n<li>Plusieurs couleurs sont disponibles et personnalisables<\/li>\n<li>Moteur arri\u00e8re haute vitesse 250w\/350w<\/li>\n<li>Batterie au lithium 36V\/5.2Ah par d\u00e9faut (option alternative Samsung 36V 7.0Ah)<\/li>\n<li>Syst\u00e8me de batterie de tube de selle<\/li>\n<li>Shimano 7 vitesses<\/li>\n<\/ul>\n","protected":false},"featured_media":22359,"comment_status":"closed","ping_status":"closed","template":"","meta":{"site-sidebar-layout":"default","site-content-layout":"default","ast-site-content-layout":"default","site-content-style":"default","site-sidebar-style":"default","ast-global-header-display":"","ast-banner-title-visibility":"","ast-main-header-display":"","ast-hfb-above-header-display":"","ast-hfb-below-header-display":"","ast-hfb-mobile-header-display":"","site-post-title":"","ast-breadcrumbs-content":"","ast-featured-img":"","footer-sml-layout":"","ast-disable-related-posts":"","theme-transparent-header-meta":"default","adv-header-id-meta":"","stick-header-meta":"default","header-above-stick-meta":"","header-main-stick-meta":"","header-below-stick-meta":"","astra-migrate-meta-layouts":"default","ast-page-background-enabled":"default","ast-page-background-meta":{"desktop":{"background-color":"","background-image":"","background-repeat":"repeat","background-position":"center center","background-size":"auto","background-attachment":"scroll","background-type":"","background-media":"","overlay-type":"","overlay-color":"","overlay-opacity":"","overlay-gradient":""},"tablet":{"background-color":"","background-image":"","background-repeat":"repeat","background-position":"center center","background-size":"auto","background-attachment":"scroll","background-type":"","background-media":"","overlay-type":"","overlay-color":"","overlay-opacity":"","overlay-gradient":""},"mobile":{"background-color":"","background-image":"","background-repeat":"repeat","background-position":"center center","background-size":"auto","background-attachment":"scroll","background-type":"","background-media":"","overlay-type":"","overlay-color":"","overlay-opacity":"","overlay-gradient":""}},"ast-content-background-meta":{"desktop":{"background-color":"var(--ast-global-color-5)","background-image":"","background-repeat":"repeat","background-position":"center center","background-size":"auto","background-attachment":"scroll","background-type":"","background-media":"","overlay-type":"","overlay-color":"","overlay-opacity":"","overlay-gradient":""},"tablet":{"background-color":"var(--ast-global-color-5)","background-image":"","background-repeat":"repeat","background-position":"center center","background-size":"auto","background-attachment":"scroll","background-type":"","background-media":"","overlay-type":"","overlay-color":"","overlay-opacity":"","overlay-gradient":""},"mobile":{"background-color":"var(--ast-global-color-5)","background-image":"","background-repeat":"repeat","background-position":"center center","background-size":"auto","background-attachment":"scroll","background-type":"","background-media":"","overlay-type":"","overlay-color":"","overlay-opacity":"","overlay-gradient":""}}},"product_brand":[],"product_cat":[127],"product_tag":[],"class_list":{"0":"post-5588","1":"product","2":"type-product","3":"status-publish","4":"has-post-thumbnail","6":"product_cat-velo-pliant-electrique","7":"desktop-align-left","8":"tablet-align-left","9":"mobile-align-left","10":"ast-product-gallery-layout-horizontal","11":"ast-product-tabs-layout-horizontal","12":"ast-qv-on-image","14":"first","15":"instock","16":"featured","17":"shipping-taxable","18":"product-type-simple"},"yoast_head":"<!-- This site is optimized with the Yoast SEO plugin v27.4 - https:\/\/yoast.com\/product\/yoast-seo-wordpress\/ -->\n<title>KK7016 V\u00e9lo \u00c9lectrique Pliant Carbone (15KG, 250~350W, Samsung 7.0Ah, Suspension arri\u00e8re) - Kuake Bicycle<\/title>\n<meta name=\"description\" content=\"Si vous recherchez le summum de la l\u00e9g\u00e8ret\u00e9, notre v\u00e9lo \u00e9lectrique pliant carbone est imbattable.\" \/>\n<meta name=\"robots\" content=\"index, follow, max-snippet:-1, max-image-preview:large, max-video-preview:-1\" \/>\n<link rel=\"canonical\" href=\"https:\/\/www.kuakebicycle.com\/fr\/kk7016-full-carbon-fibre-pliable-e-bike\/\" \/>\n<meta property=\"og:locale\" content=\"fr_FR\" \/>\n<meta property=\"og:type\" content=\"article\" \/>\n<meta property=\"og:title\" content=\"KK7016 V\u00e9lo \u00c9lectrique Pliant Carbone (15KG, 250~350W, Samsung 7.0Ah, Suspension arri\u00e8re) - Kuake Bicycle\" \/>\n<meta property=\"og:description\" content=\"Si vous recherchez le summum de la l\u00e9g\u00e8ret\u00e9, notre v\u00e9lo \u00e9lectrique pliant carbone est imbattable.\" \/>\n<meta property=\"og:url\" content=\"https:\/\/www.kuakebicycle.com\/fr\/kk7016-full-carbon-fibre-pliable-e-bike\/\" \/>\n<meta property=\"og:site_name\" content=\"Kuake Bicycle\" \/>\n<meta property=\"article:modified_time\" content=\"2022-04-25T06:55:15+00:00\" \/>\n<meta property=\"og:image\" content=\"https:\/\/www.kuakebicycle.com\/wp-content\/uploads\/2021\/06\/KK7016-Carbon-Folding-E-Bike.jpg\" \/>\n\t<meta property=\"og:image:width\" content=\"600\" \/>\n\t<meta property=\"og:image:height\" content=\"600\" \/>\n\t<meta property=\"og:image:type\" content=\"image\/jpeg\" \/>\n<meta name=\"twitter:card\" content=\"summary_large_image\" \/>\n<meta name=\"twitter:label1\" content=\"Dur\u00e9e de lecture estim\u00e9e\" \/>\n\t<meta name=\"twitter:data1\" content=\"1 minute\" \/>\n<script type=\"application\/ld+json\" class=\"yoast-schema-graph\">{\"@context\":\"https:\\\/\\\/schema.org\",\"@graph\":[{\"@type\":\"WebPage\",\"@id\":\"https:\\\/\\\/www.kuakebicycle.com\\\/fr\\\/kk7016-full-carbon-fibre-pliable-e-bike\\\/\",\"url\":\"https:\\\/\\\/www.kuakebicycle.com\\\/fr\\\/kk7016-full-carbon-fibre-pliable-e-bike\\\/\",\"name\":\"KK7016 V\u00e9lo \u00c9lectrique Pliant Carbone (15KG, 250~350W, Samsung 7.0Ah, Suspension arri\u00e8re) - Kuake Bicycle\",\"isPartOf\":{\"@id\":\"https:\\\/\\\/www.kuakebicycle.com\\\/fr\\\/#website\"},\"primaryImageOfPage\":{\"@id\":\"https:\\\/\\\/www.kuakebicycle.com\\\/fr\\\/kk7016-full-carbon-fibre-pliable-e-bike\\\/#primaryimage\"},\"image\":{\"@id\":\"https:\\\/\\\/www.kuakebicycle.com\\\/fr\\\/kk7016-full-carbon-fibre-pliable-e-bike\\\/#primaryimage\"},\"thumbnailUrl\":\"https:\\\/\\\/www.kuakebicycle.com\\\/wp-content\\\/uploads\\\/2021\\\/06\\\/KK7016-Carbon-Folding-E-Bike.jpg\",\"datePublished\":\"2021-07-27T01:20:10+00:00\",\"dateModified\":\"2022-04-25T06:55:15+00:00\",\"description\":\"Si vous recherchez le summum de la l\u00e9g\u00e8ret\u00e9, notre v\u00e9lo \u00e9lectrique pliant carbone est imbattable.\",\"breadcrumb\":{\"@id\":\"https:\\\/\\\/www.kuakebicycle.com\\\/fr\\\/kk7016-full-carbon-fibre-pliable-e-bike\\\/#breadcrumb\"},\"inLanguage\":\"fr-FR\",\"potentialAction\":[{\"@type\":\"ReadAction\",\"target\":[\"https:\\\/\\\/www.kuakebicycle.com\\\/fr\\\/kk7016-full-carbon-fibre-pliable-e-bike\\\/\"]}]},{\"@type\":\"ImageObject\",\"inLanguage\":\"fr-FR\",\"@id\":\"https:\\\/\\\/www.kuakebicycle.com\\\/fr\\\/kk7016-full-carbon-fibre-pliable-e-bike\\\/#primaryimage\",\"url\":\"https:\\\/\\\/www.kuakebicycle.com\\\/wp-content\\\/uploads\\\/2021\\\/06\\\/KK7016-Carbon-Folding-E-Bike.jpg\",\"contentUrl\":\"https:\\\/\\\/www.kuakebicycle.com\\\/wp-content\\\/uploads\\\/2021\\\/06\\\/KK7016-Carbon-Folding-E-Bike.jpg\",\"width\":600,\"height\":600,\"caption\":\"KK7016 Carbon Folding E-Bike\"},{\"@type\":\"BreadcrumbList\",\"@id\":\"https:\\\/\\\/www.kuakebicycle.com\\\/fr\\\/kk7016-full-carbon-fibre-pliable-e-bike\\\/#breadcrumb\",\"itemListElement\":[{\"@type\":\"ListItem\",\"position\":1,\"name\":\"Home\",\"item\":\"https:\\\/\\\/www.kuakebicycle.com\\\/fr\\\/\"},{\"@type\":\"ListItem\",\"position\":2,\"name\":\"Des produits\",\"item\":\"https:\\\/\\\/www.kuakebicycle.com\\\/fr\\\/des-produits\\\/\"},{\"@type\":\"ListItem\",\"position\":3,\"name\":\"KK7016 V\u00e9lo \u00c9lectrique Pliant Carbone (15KG, 250~350W, Samsung 7.0Ah, Suspension arri\u00e8re)\"}]},{\"@type\":\"WebSite\",\"@id\":\"https:\\\/\\\/www.kuakebicycle.com\\\/fr\\\/#website\",\"url\":\"https:\\\/\\\/www.kuakebicycle.com\\\/fr\\\/\",\"name\":\"Kuake Bicycle\",\"description\":\"\",\"publisher\":{\"@id\":\"https:\\\/\\\/www.kuakebicycle.com\\\/fr\\\/#organization\"},\"potentialAction\":[{\"@type\":\"SearchAction\",\"target\":{\"@type\":\"EntryPoint\",\"urlTemplate\":\"https:\\\/\\\/www.kuakebicycle.com\\\/fr\\\/?s={search_term_string}\"},\"query-input\":{\"@type\":\"PropertyValueSpecification\",\"valueRequired\":true,\"valueName\":\"search_term_string\"}}],\"inLanguage\":\"fr-FR\"},{\"@type\":\"Organization\",\"@id\":\"https:\\\/\\\/www.kuakebicycle.com\\\/fr\\\/#organization\",\"name\":\"Kuake Technology\",\"url\":\"https:\\\/\\\/www.kuakebicycle.com\\\/fr\\\/\",\"logo\":{\"@type\":\"ImageObject\",\"inLanguage\":\"fr-FR\",\"@id\":\"https:\\\/\\\/www.kuakebicycle.com\\\/fr\\\/#\\\/schema\\\/logo\\\/image\\\/\",\"url\":\"https:\\\/\\\/www.kuakebicycle.com\\\/wp-content\\\/uploads\\\/2021\\\/03\\\/icon.png\",\"contentUrl\":\"https:\\\/\\\/www.kuakebicycle.com\\\/wp-content\\\/uploads\\\/2021\\\/03\\\/icon.png\",\"width\":100,\"height\":100,\"caption\":\"Kuake Technology\"},\"image\":{\"@id\":\"https:\\\/\\\/www.kuakebicycle.com\\\/fr\\\/#\\\/schema\\\/logo\\\/image\\\/\"}}]}<\/script>\n<!-- \/ Yoast SEO plugin. -->","yoast_head_json":{"title":"KK7016 V\u00e9lo \u00c9lectrique Pliant Carbone (15KG, 250~350W, Samsung 7.0Ah, Suspension arri\u00e8re) - Kuake Bicycle","description":"Si vous recherchez le summum de la l\u00e9g\u00e8ret\u00e9, notre v\u00e9lo \u00e9lectrique pliant carbone est imbattable.","robots":{"index":"index","follow":"follow","max-snippet":"max-snippet:-1","max-image-preview":"max-image-preview:large","max-video-preview":"max-video-preview:-1"},"canonical":"https:\/\/www.kuakebicycle.com\/fr\/kk7016-full-carbon-fibre-pliable-e-bike\/","og_locale":"fr_FR","og_type":"article","og_title":"KK7016 V\u00e9lo \u00c9lectrique Pliant Carbone (15KG, 250~350W, Samsung 7.0Ah, Suspension arri\u00e8re) - Kuake Bicycle","og_description":"Si vous recherchez le summum de la l\u00e9g\u00e8ret\u00e9, notre v\u00e9lo \u00e9lectrique pliant carbone est imbattable.","og_url":"https:\/\/www.kuakebicycle.com\/fr\/kk7016-full-carbon-fibre-pliable-e-bike\/","og_site_name":"Kuake Bicycle","article_modified_time":"2022-04-25T06:55:15+00:00","og_image":[{"width":600,"height":600,"url":"https:\/\/www.kuakebicycle.com\/wp-content\/uploads\/2021\/06\/KK7016-Carbon-Folding-E-Bike.jpg","type":"image\/jpeg"}],"twitter_card":"summary_large_image","twitter_misc":{"Dur\u00e9e de lecture estim\u00e9e":"1 minute"},"schema":{"@context":"https:\/\/schema.org","@graph":[{"@type":"WebPage","@id":"https:\/\/www.kuakebicycle.com\/fr\/kk7016-full-carbon-fibre-pliable-e-bike\/","url":"https:\/\/www.kuakebicycle.com\/fr\/kk7016-full-carbon-fibre-pliable-e-bike\/","name":"KK7016 V\u00e9lo \u00c9lectrique Pliant Carbone (15KG, 250~350W, Samsung 7.0Ah, Suspension arri\u00e8re) - Kuake Bicycle","isPartOf":{"@id":"https:\/\/www.kuakebicycle.com\/fr\/#website"},"primaryImageOfPage":{"@id":"https:\/\/www.kuakebicycle.com\/fr\/kk7016-full-carbon-fibre-pliable-e-bike\/#primaryimage"},"image":{"@id":"https:\/\/www.kuakebicycle.com\/fr\/kk7016-full-carbon-fibre-pliable-e-bike\/#primaryimage"},"thumbnailUrl":"https:\/\/www.kuakebicycle.com\/wp-content\/uploads\/2021\/06\/KK7016-Carbon-Folding-E-Bike.jpg","datePublished":"2021-07-27T01:20:10+00:00","dateModified":"2022-04-25T06:55:15+00:00","description":"Si vous recherchez le summum de la l\u00e9g\u00e8ret\u00e9, notre v\u00e9lo \u00e9lectrique pliant carbone est imbattable.","breadcrumb":{"@id":"https:\/\/www.kuakebicycle.com\/fr\/kk7016-full-carbon-fibre-pliable-e-bike\/#breadcrumb"},"inLanguage":"fr-FR","potentialAction":[{"@type":"ReadAction","target":["https:\/\/www.kuakebicycle.com\/fr\/kk7016-full-carbon-fibre-pliable-e-bike\/"]}]},{"@type":"ImageObject","inLanguage":"fr-FR","@id":"https:\/\/www.kuakebicycle.com\/fr\/kk7016-full-carbon-fibre-pliable-e-bike\/#primaryimage","url":"https:\/\/www.kuakebicycle.com\/wp-content\/uploads\/2021\/06\/KK7016-Carbon-Folding-E-Bike.jpg","contentUrl":"https:\/\/www.kuakebicycle.com\/wp-content\/uploads\/2021\/06\/KK7016-Carbon-Folding-E-Bike.jpg","width":600,"height":600,"caption":"KK7016 Carbon Folding E-Bike"},{"@type":"BreadcrumbList","@id":"https:\/\/www.kuakebicycle.com\/fr\/kk7016-full-carbon-fibre-pliable-e-bike\/#breadcrumb","itemListElement":[{"@type":"ListItem","position":1,"name":"Home","item":"https:\/\/www.kuakebicycle.com\/fr\/"},{"@type":"ListItem","position":2,"name":"Des produits","item":"https:\/\/www.kuakebicycle.com\/fr\/des-produits\/"},{"@type":"ListItem","position":3,"name":"KK7016 V\u00e9lo \u00c9lectrique Pliant Carbone (15KG, 250~350W, Samsung 7.0Ah, Suspension arri\u00e8re)"}]},{"@type":"WebSite","@id":"https:\/\/www.kuakebicycle.com\/fr\/#website","url":"https:\/\/www.kuakebicycle.com\/fr\/","name":"Kuake Bicycle","description":"","publisher":{"@id":"https:\/\/www.kuakebicycle.com\/fr\/#organization"},"potentialAction":[{"@type":"SearchAction","target":{"@type":"EntryPoint","urlTemplate":"https:\/\/www.kuakebicycle.com\/fr\/?s={search_term_string}"},"query-input":{"@type":"PropertyValueSpecification","valueRequired":true,"valueName":"search_term_string"}}],"inLanguage":"fr-FR"},{"@type":"Organization","@id":"https:\/\/www.kuakebicycle.com\/fr\/#organization","name":"Kuake Technology","url":"https:\/\/www.kuakebicycle.com\/fr\/","logo":{"@type":"ImageObject","inLanguage":"fr-FR","@id":"https:\/\/www.kuakebicycle.com\/fr\/#\/schema\/logo\/image\/","url":"https:\/\/www.kuakebicycle.com\/wp-content\/uploads\/2021\/03\/icon.png","contentUrl":"https:\/\/www.kuakebicycle.com\/wp-content\/uploads\/2021\/03\/icon.png","width":100,"height":100,"caption":"Kuake Technology"},"image":{"@id":"https:\/\/www.kuakebicycle.com\/fr\/#\/schema\/logo\/image\/"}}]}},"_links":{"self":[{"href":"https:\/\/www.kuakebicycle.com\/fr\/wp-json\/wp\/v2\/product\/5588","targetHints":{"allow":["GET"]}}],"collection":[{"href":"https:\/\/www.kuakebicycle.com\/fr\/wp-json\/wp\/v2\/product"}],"about":[{"href":"https:\/\/www.kuakebicycle.com\/fr\/wp-json\/wp\/v2\/types\/product"}],"replies":[{"embeddable":true,"href":"https:\/\/www.kuakebicycle.com\/fr\/wp-json\/wp\/v2\/comments?post=5588"}],"wp:featuredmedia":[{"embeddable":true,"href":"https:\/\/www.kuakebicycle.com\/fr\/wp-json\/wp\/v2\/media\/22359"}],"wp:attachment":[{"href":"https:\/\/www.kuakebicycle.com\/fr\/wp-json\/wp\/v2\/media?parent=5588"}],"wp:term":[{"taxonomy":"product_brand","embeddable":true,"href":"https:\/\/www.kuakebicycle.com\/fr\/wp-json\/wp\/v2\/product_brand?post=5588"},{"taxonomy":"product_cat","embeddable":true,"href":"https:\/\/www.kuakebicycle.com\/fr\/wp-json\/wp\/v2\/product_cat?post=5588"},{"taxonomy":"product_tag","embeddable":true,"href":"https:\/\/www.kuakebicycle.com\/fr\/wp-json\/wp\/v2\/product_tag?post=5588"}],"curies":[{"name":"wp","href":"https:\/\/api.w.org\/{rel}","templated":true}]}}