{"id":11360,"date":"2021-09-24T03:24:22","date_gmt":"2021-09-24T03:53:48","guid":{"rendered":"https:\/\/www.kuakebicycle.com\/velo-de-montagne-electrique-kk2023-275-pouces-672-wh-moteur-central-suspension-complete\/"},"modified":"2022-03-30T10:49:55","modified_gmt":"2022-03-30T10:49:55","slug":"kk2023-vtt-electrique","status":"publish","type":"product","link":"https:\/\/www.kuakebicycle.com\/fr\/kk2023-vtt-electrique\/","title":{"rendered":"VTT \u00c9lectrique Tout Terrain KK2023 (27,5 Pollici, Motore Centrale 1000W, 672Wh, Tout Suspendus)"},"content":{"rendered":"<table border=\"1\" width=\"556\">\n<tbody>\n<tr>\n<td style=\"text-align: center;\" colspan=\"2\" bgcolor=\"#d9edf7\"><strong>Sp\u00e9cifications du v\u00e9lo<\/strong><\/td>\n<\/tr>\n<tr>\n<td bgcolor=\"#f5f2f2\" width=\"275\"><strong>Mod\u00e8le NO.<\/strong><\/td>\n<td width=\"281\">KK2023<\/td>\n<\/tr>\n<tr>\n<td bgcolor=\"#f5f2f2\" width=\"275\"><strong>Cadre<\/strong><\/td>\n<td width=\"281\">27,5&Prime;, alliage d&rsquo;aluminium AL6061<\/td>\n<\/tr>\n<tr>\n<td bgcolor=\"#f5f2f2\" width=\"275\"><strong>Fourchette<\/strong><\/td>\n<td width=\"281\">Suntour Tout suspendu XCM 34 LO 15AH2<\/td>\n<\/tr>\n<tr>\n<td bgcolor=\"#f5f2f2\" width=\"275\"><strong>\u00c9quipement<\/strong><\/td>\n<td width=\"281\">Shimano RD M3000 SGS 9 vitesses<\/td>\n<\/tr>\n<tr>\n<td bgcolor=\"#f5f2f2\" width=\"275\"><strong>Manettes<\/strong><\/td>\n<td width=\"281\">Shimano ASLM3000RC 9 vitesses<\/td>\n<\/tr>\n<tr>\n<td bgcolor=\"#f5f2f2\" width=\"275\"><strong>Roue libre<\/strong><\/td>\n<td width=\"281\">Shimano ACSHG2009132 9 vitesses<\/td>\n<\/tr>\n<tr>\n<td bgcolor=\"#f5f2f2\" width=\"275\"><strong>Frein avant<\/strong><\/td>\n<td width=\"281\">Alliage de frein hydraulique Tektro Oil<\/td>\n<\/tr>\n<tr>\n<td bgcolor=\"#f5f2f2\" width=\"275\"><strong>Frein arriere<\/strong><\/td>\n<td width=\"281\">Alliage de frein hydraulique Tektro Oil<\/td>\n<\/tr>\n<tr>\n<td bgcolor=\"#f5f2f2\" width=\"275\"><strong>P\u00e9dales<\/strong><\/td>\n<td width=\"281\">Wellgo B087 9\/16 CR-MO BS noir<\/td>\n<\/tr>\n<tr>\n<td bgcolor=\"#f5f2f2\" width=\"275\"><strong>Rim<\/strong><\/td>\n<td width=\"281\">HJC DP-45*27.5*13G*36H, A\/V, ALLIAGE<\/td>\n<\/tr>\n<tr>\n<td bgcolor=\"#f5f2f2\" width=\"275\"><strong>Pneus<\/strong><\/td>\n<td width=\"281\">CST 27.5*3.0, 60 TPI<\/td>\n<\/tr>\n<tr>\n<td bgcolor=\"#f5f2f2\" width=\"275\"><strong>Tube interne<\/strong><\/td>\n<td width=\"281\">CST 27.5*3.0<\/td>\n<\/tr>\n<tr>\n<td bgcolor=\"#f5f2f2\" width=\"275\"><strong>Rayons<\/strong><\/td>\n<td width=\"281\">SLE 13G<\/td>\n<\/tr>\n<tr>\n<td bgcolor=\"#f5f2f2\" width=\"275\"><strong>Guidon<\/strong><\/td>\n<td width=\"281\">Promax HB-3188-W640, 8\u00b0, R18, L200,H50.9, 2.3*2.8*2.3<\/td>\n<\/tr>\n<tr>\n<td bgcolor=\"#f5f2f2\" width=\"275\"><strong>Tige<\/strong><\/td>\n<td width=\"281\">Promax MA-410 ALLIAGE<\/td>\n<\/tr>\n<tr>\n<td bgcolor=\"#f5f2f2\" width=\"275\"><strong>Saisir<\/strong><\/td>\n<td width=\"281\">SR VLG884AD2<\/td>\n<\/tr>\n<tr>\n<td bgcolor=\"#f5f2f2\" width=\"275\"><strong>Frein \u00e0 main<\/strong><\/td>\n<td width=\"281\">Tektro ALLIAGE Noire<\/td>\n<\/tr>\n<tr>\n<td bgcolor=\"#f5f2f2\" width=\"275\"><strong>Diriger<\/strong><\/td>\n<td width=\"281\">NECO H383EM 44*56*39.8<\/td>\n<\/tr>\n<tr>\n<td bgcolor=\"#f5f2f2\" width=\"275\"><strong>Selle<\/strong><\/td>\n<td width=\"281\">Justek SI-1285URN<\/td>\n<\/tr>\n<tr>\n<td style=\"text-align: center;\" colspan=\"2\" bgcolor=\"#d9edf7\"><strong>Syst\u00e8me \u00e9lectrique<\/strong><\/td>\n<\/tr>\n<tr>\n<td bgcolor=\"#f5f2f2\" width=\"275\"><strong>Batterie<\/strong><\/td>\n<td width=\"281\">48V 14Ah, SAMSUNG 3500 cells<\/td>\n<\/tr>\n<tr>\n<td bgcolor=\"#f5f2f2\" width=\"275\"><strong>Chargeur<\/strong><\/td>\n<td width=\"281\">SSLC109V55, 48V2A, GS\/CE SAA\/ROHS<\/td>\n<\/tr>\n<tr>\n<td bgcolor=\"#f5f2f2\" width=\"275\"><strong>Temps de charge<\/strong><\/td>\n<td width=\"281\">4~6 hours<\/td>\n<\/tr>\n<tr>\n<td bgcolor=\"#f5f2f2\" width=\"275\"><strong>Temps de recharge<\/strong><\/td>\n<td width=\"281\">800~1000 fois<\/td>\n<\/tr>\n<tr>\n<td bgcolor=\"#f5f2f2\" width=\"275\"><strong>Puissance du moteur<\/strong><\/td>\n<td width=\"281\">Bafang M620 48V 750W ~ 1000W Entra\u00eenement central<\/td>\n<\/tr>\n<tr>\n<td bgcolor=\"#f5f2f2\" width=\"275\"><strong>Manette<\/strong><\/td>\n<td width=\"281\"> Bafang 48V<\/td>\n<\/tr>\n<tr>\n<td bgcolor=\"#f5f2f2\" width=\"275\"><strong>Afficher<\/strong><\/td>\n<td width=\"281\">\u00c9cran C18 color\u00e9 Bafang 48V<\/td>\n<\/tr>\n<tr>\n<td bgcolor=\"#f5f2f2\" width=\"275\"><strong>Vitesse maximale<\/strong><\/td>\n<td width=\"281\">45km\/h<\/td>\n<\/tr>\n<tr>\n<td bgcolor=\"#f5f2f2\" width=\"275\"><strong>Distance payante<\/strong><\/td>\n<td width=\"281\">50-60km<\/td>\n<\/tr>\n<tr>\n<td style=\"text-align: center;\" colspan=\"2\" bgcolor=\"#d9edf7\"><strong>Les d\u00e9tails d&rsquo;exp\u00e9dition<\/strong><\/td>\n<\/tr>\n<tr>\n<td bgcolor=\"#f5f2f2\" width=\"275\"><strong>Taille d&#8217;emballage<\/strong><\/td>\n<td width=\"281\">1960*250*1155mm<\/td>\n<\/tr>\n<tr>\n<td bgcolor=\"#f5f2f2\" width=\"275\"><strong>40&Prime; Hq(Pcs)<\/strong><\/td>\n<td width=\"281\">120pcs<\/td>\n<\/tr>\n<tr>\n<td bgcolor=\"#f5f2f2\" width=\"275\"><strong>20&Prime; Hq(Pcs)<\/strong><\/td>\n<td width=\"281\">54pcs<\/td>\n<\/tr>\n<\/tbody>\n<\/table>\n","protected":false},"excerpt":{"rendered":"<ul>\n<li><strong>Moteur<\/strong>: Le moteur \u00e0 entra\u00eenement central sans balai Bafang 48V 750W fournit plus que suffisamment de puissance pour vos trajets quotidiens, une croisi\u00e8re en montagne ou un m\u00e9andre le long de votre sentier pr\u00e9f\u00e9r\u00e9, la vitesse maximale peut \u00eatre atteinte de 40 km\/h.<\/li>\n<li><strong>Batterie<\/strong> : La batterie Samsung a une capacit\u00e9 de 14Ah, le temps de charge prendra 4-6 heures et une autonomie de 800~1000 cycles.<\/li>\n<li><strong>Affichage<\/strong>: L&rsquo;\u00e9cran LCD color\u00e9 de Bafang vous garantit de lire facilement vos statistiques.<\/li>\n<li><strong>Frein<\/strong>: Les freins hydrauliques avant\/arri\u00e8re TEKTRO sont plus efficaces, vous devez donc appliquer moins de pression sur le levier pour un niveau \u00e9gal de puissance de freinage.<\/li>\n<li><strong>Manettes de vitesse<\/strong> : syst\u00e8me de transmission Shimano r\u00e9glable \u00e0 9 vitesses qui augmente la puissance de mont\u00e9e, une variation de plage suppl\u00e9mentaire et une plus grande adaptabilit\u00e9 au terrain.<\/li>\n<\/ul>\n","protected":false},"featured_media":11351,"comment_status":"closed","ping_status":"closed","template":"","meta":{"site-sidebar-layout":"default","site-content-layout":"default","ast-site-content-layout":"default","site-content-style":"default","site-sidebar-style":"default","ast-global-header-display":"","ast-banner-title-visibility":"","ast-main-header-display":"","ast-hfb-above-header-display":"","ast-hfb-below-header-display":"","ast-hfb-mobile-header-display":"","site-post-title":"","ast-breadcrumbs-content":"","ast-featured-img":"","footer-sml-layout":"","ast-disable-related-posts":"","theme-transparent-header-meta":"default","adv-header-id-meta":"","stick-header-meta":"default","header-above-stick-meta":"","header-main-stick-meta":"","header-below-stick-meta":"","astra-migrate-meta-layouts":"default","ast-page-background-enabled":"default","ast-page-background-meta":{"desktop":{"background-color":"","background-image":"","background-repeat":"repeat","background-position":"center center","background-size":"auto","background-attachment":"scroll","background-type":"","background-media":"","overlay-type":"","overlay-color":"","overlay-opacity":"","overlay-gradient":""},"tablet":{"background-color":"","background-image":"","background-repeat":"repeat","background-position":"center center","background-size":"auto","background-attachment":"scroll","background-type":"","background-media":"","overlay-type":"","overlay-color":"","overlay-opacity":"","overlay-gradient":""},"mobile":{"background-color":"","background-image":"","background-repeat":"repeat","background-position":"center center","background-size":"auto","background-attachment":"scroll","background-type":"","background-media":"","overlay-type":"","overlay-color":"","overlay-opacity":"","overlay-gradient":""}},"ast-content-background-meta":{"desktop":{"background-color":"var(--ast-global-color-5)","background-image":"","background-repeat":"repeat","background-position":"center center","background-size":"auto","background-attachment":"scroll","background-type":"","background-media":"","overlay-type":"","overlay-color":"","overlay-opacity":"","overlay-gradient":""},"tablet":{"background-color":"var(--ast-global-color-5)","background-image":"","background-repeat":"repeat","background-position":"center center","background-size":"auto","background-attachment":"scroll","background-type":"","background-media":"","overlay-type":"","overlay-color":"","overlay-opacity":"","overlay-gradient":""},"mobile":{"background-color":"var(--ast-global-color-5)","background-image":"","background-repeat":"repeat","background-position":"center center","background-size":"auto","background-attachment":"scroll","background-type":"","background-media":"","overlay-type":"","overlay-color":"","overlay-opacity":"","overlay-gradient":""}}},"product_brand":[],"product_cat":[128],"product_tag":[],"class_list":{"0":"post-11360","1":"product","2":"type-product","3":"status-publish","4":"has-post-thumbnail","6":"product_cat-velo-de-montagne-electrique","7":"desktop-align-left","8":"tablet-align-left","9":"mobile-align-left","10":"ast-product-gallery-layout-horizontal","11":"ast-product-tabs-layout-horizontal","12":"ast-qv-on-image","14":"first","15":"instock","16":"shipping-taxable","17":"product-type-simple"},"yoast_head":"<!-- This site is optimized with the Yoast SEO plugin v27.4 - https:\/\/yoast.com\/product\/yoast-seo-wordpress\/ -->\n<title>KK2023 27,5 Pouces Mid Drive Full Suspension 1000w V\u00e9lo De Montagne \u00c9lectrique - Kuake Bicycle<\/title>\n<meta name=\"description\" content=\"Kuake KK2023 est notre v\u00e9lo de montagne \u00e9lectrique le plus haut de gamme, il a un cadre \u00e0 suspension int\u00e9grale de 27,5 pouces et un puissant moteur \u00e0 entra\u00eenement moyen de 1000w.\" \/>\n<meta name=\"robots\" content=\"index, follow, max-snippet:-1, max-image-preview:large, max-video-preview:-1\" \/>\n<link rel=\"canonical\" href=\"https:\/\/www.kuakebicycle.com\/fr\/kk2023-vtt-electrique\/\" \/>\n<meta property=\"og:locale\" content=\"fr_FR\" \/>\n<meta property=\"og:type\" content=\"article\" \/>\n<meta property=\"og:title\" content=\"KK2023 27,5 Pouces Mid Drive Full Suspension 1000w V\u00e9lo De Montagne \u00c9lectrique - Kuake Bicycle\" \/>\n<meta property=\"og:description\" content=\"Kuake KK2023 est notre v\u00e9lo de montagne \u00e9lectrique le plus haut de gamme, il a un cadre \u00e0 suspension int\u00e9grale de 27,5 pouces et un puissant moteur \u00e0 entra\u00eenement moyen de 1000w.\" \/>\n<meta property=\"og:url\" content=\"https:\/\/www.kuakebicycle.com\/fr\/kk2023-vtt-electrique\/\" \/>\n<meta property=\"og:site_name\" content=\"Kuake Bicycle\" \/>\n<meta property=\"article:modified_time\" content=\"2022-03-30T10:49:55+00:00\" \/>\n<meta property=\"og:image\" content=\"https:\/\/www.kuakebicycle.com\/wp-content\/uploads\/2021\/09\/KK2023-Electric-Mountain-Bike.jpg\" \/>\n\t<meta property=\"og:image:width\" content=\"600\" \/>\n\t<meta property=\"og:image:height\" content=\"600\" \/>\n\t<meta property=\"og:image:type\" content=\"image\/jpeg\" \/>\n<meta name=\"twitter:card\" content=\"summary_large_image\" \/>\n<meta name=\"twitter:label1\" content=\"Dur\u00e9e de lecture estim\u00e9e\" \/>\n\t<meta name=\"twitter:data1\" content=\"1 minute\" \/>\n<script type=\"application\/ld+json\" class=\"yoast-schema-graph\">{\"@context\":\"https:\\\/\\\/schema.org\",\"@graph\":[{\"@type\":\"WebPage\",\"@id\":\"https:\\\/\\\/www.kuakebicycle.com\\\/fr\\\/kk2023-vtt-electrique\\\/\",\"url\":\"https:\\\/\\\/www.kuakebicycle.com\\\/fr\\\/kk2023-vtt-electrique\\\/\",\"name\":\"KK2023 27,5 Pouces Mid Drive Full Suspension 1000w V\u00e9lo De Montagne \u00c9lectrique - Kuake Bicycle\",\"isPartOf\":{\"@id\":\"https:\\\/\\\/www.kuakebicycle.com\\\/fr\\\/#website\"},\"primaryImageOfPage\":{\"@id\":\"https:\\\/\\\/www.kuakebicycle.com\\\/fr\\\/kk2023-vtt-electrique\\\/#primaryimage\"},\"image\":{\"@id\":\"https:\\\/\\\/www.kuakebicycle.com\\\/fr\\\/kk2023-vtt-electrique\\\/#primaryimage\"},\"thumbnailUrl\":\"https:\\\/\\\/www.kuakebicycle.com\\\/wp-content\\\/uploads\\\/2021\\\/09\\\/KK2023-Electric-Mountain-Bike.jpg\",\"datePublished\":\"2021-09-24T03:53:48+00:00\",\"dateModified\":\"2022-03-30T10:49:55+00:00\",\"description\":\"Kuake KK2023 est notre v\u00e9lo de montagne \u00e9lectrique le plus haut de gamme, il a un cadre \u00e0 suspension int\u00e9grale de 27,5 pouces et un puissant moteur \u00e0 entra\u00eenement moyen de 1000w.\",\"breadcrumb\":{\"@id\":\"https:\\\/\\\/www.kuakebicycle.com\\\/fr\\\/kk2023-vtt-electrique\\\/#breadcrumb\"},\"inLanguage\":\"fr-FR\",\"potentialAction\":[{\"@type\":\"ReadAction\",\"target\":[\"https:\\\/\\\/www.kuakebicycle.com\\\/fr\\\/kk2023-vtt-electrique\\\/\"]}]},{\"@type\":\"ImageObject\",\"inLanguage\":\"fr-FR\",\"@id\":\"https:\\\/\\\/www.kuakebicycle.com\\\/fr\\\/kk2023-vtt-electrique\\\/#primaryimage\",\"url\":\"https:\\\/\\\/www.kuakebicycle.com\\\/wp-content\\\/uploads\\\/2021\\\/09\\\/KK2023-Electric-Mountain-Bike.jpg\",\"contentUrl\":\"https:\\\/\\\/www.kuakebicycle.com\\\/wp-content\\\/uploads\\\/2021\\\/09\\\/KK2023-Electric-Mountain-Bike.jpg\",\"width\":600,\"height\":600,\"caption\":\"V\u00e9lo de montagne \u00e9lectrique KK2023\"},{\"@type\":\"BreadcrumbList\",\"@id\":\"https:\\\/\\\/www.kuakebicycle.com\\\/fr\\\/kk2023-vtt-electrique\\\/#breadcrumb\",\"itemListElement\":[{\"@type\":\"ListItem\",\"position\":1,\"name\":\"Home\",\"item\":\"https:\\\/\\\/www.kuakebicycle.com\\\/fr\\\/\"},{\"@type\":\"ListItem\",\"position\":2,\"name\":\"Des produits\",\"item\":\"https:\\\/\\\/www.kuakebicycle.com\\\/fr\\\/des-produits\\\/\"},{\"@type\":\"ListItem\",\"position\":3,\"name\":\"VTT \u00c9lectrique Tout Terrain KK2023 (27,5 Pollici, Motore Centrale 1000W, 672Wh, Tout Suspendus)\"}]},{\"@type\":\"WebSite\",\"@id\":\"https:\\\/\\\/www.kuakebicycle.com\\\/fr\\\/#website\",\"url\":\"https:\\\/\\\/www.kuakebicycle.com\\\/fr\\\/\",\"name\":\"Kuake Bicycle\",\"description\":\"\",\"publisher\":{\"@id\":\"https:\\\/\\\/www.kuakebicycle.com\\\/fr\\\/#organization\"},\"potentialAction\":[{\"@type\":\"SearchAction\",\"target\":{\"@type\":\"EntryPoint\",\"urlTemplate\":\"https:\\\/\\\/www.kuakebicycle.com\\\/fr\\\/?s={search_term_string}\"},\"query-input\":{\"@type\":\"PropertyValueSpecification\",\"valueRequired\":true,\"valueName\":\"search_term_string\"}}],\"inLanguage\":\"fr-FR\"},{\"@type\":\"Organization\",\"@id\":\"https:\\\/\\\/www.kuakebicycle.com\\\/fr\\\/#organization\",\"name\":\"Kuake Technology\",\"url\":\"https:\\\/\\\/www.kuakebicycle.com\\\/fr\\\/\",\"logo\":{\"@type\":\"ImageObject\",\"inLanguage\":\"fr-FR\",\"@id\":\"https:\\\/\\\/www.kuakebicycle.com\\\/fr\\\/#\\\/schema\\\/logo\\\/image\\\/\",\"url\":\"https:\\\/\\\/www.kuakebicycle.com\\\/wp-content\\\/uploads\\\/2021\\\/03\\\/icon.png\",\"contentUrl\":\"https:\\\/\\\/www.kuakebicycle.com\\\/wp-content\\\/uploads\\\/2021\\\/03\\\/icon.png\",\"width\":100,\"height\":100,\"caption\":\"Kuake Technology\"},\"image\":{\"@id\":\"https:\\\/\\\/www.kuakebicycle.com\\\/fr\\\/#\\\/schema\\\/logo\\\/image\\\/\"}}]}<\/script>\n<!-- \/ Yoast SEO plugin. -->","yoast_head_json":{"title":"KK2023 27,5 Pouces Mid Drive Full Suspension 1000w V\u00e9lo De Montagne \u00c9lectrique - Kuake Bicycle","description":"Kuake KK2023 est notre v\u00e9lo de montagne \u00e9lectrique le plus haut de gamme, il a un cadre \u00e0 suspension int\u00e9grale de 27,5 pouces et un puissant moteur \u00e0 entra\u00eenement moyen de 1000w.","robots":{"index":"index","follow":"follow","max-snippet":"max-snippet:-1","max-image-preview":"max-image-preview:large","max-video-preview":"max-video-preview:-1"},"canonical":"https:\/\/www.kuakebicycle.com\/fr\/kk2023-vtt-electrique\/","og_locale":"fr_FR","og_type":"article","og_title":"KK2023 27,5 Pouces Mid Drive Full Suspension 1000w V\u00e9lo De Montagne \u00c9lectrique - Kuake Bicycle","og_description":"Kuake KK2023 est notre v\u00e9lo de montagne \u00e9lectrique le plus haut de gamme, il a un cadre \u00e0 suspension int\u00e9grale de 27,5 pouces et un puissant moteur \u00e0 entra\u00eenement moyen de 1000w.","og_url":"https:\/\/www.kuakebicycle.com\/fr\/kk2023-vtt-electrique\/","og_site_name":"Kuake Bicycle","article_modified_time":"2022-03-30T10:49:55+00:00","og_image":[{"width":600,"height":600,"url":"https:\/\/www.kuakebicycle.com\/wp-content\/uploads\/2021\/09\/KK2023-Electric-Mountain-Bike.jpg","type":"image\/jpeg"}],"twitter_card":"summary_large_image","twitter_misc":{"Dur\u00e9e de lecture estim\u00e9e":"1 minute"},"schema":{"@context":"https:\/\/schema.org","@graph":[{"@type":"WebPage","@id":"https:\/\/www.kuakebicycle.com\/fr\/kk2023-vtt-electrique\/","url":"https:\/\/www.kuakebicycle.com\/fr\/kk2023-vtt-electrique\/","name":"KK2023 27,5 Pouces Mid Drive Full Suspension 1000w V\u00e9lo De Montagne \u00c9lectrique - Kuake Bicycle","isPartOf":{"@id":"https:\/\/www.kuakebicycle.com\/fr\/#website"},"primaryImageOfPage":{"@id":"https:\/\/www.kuakebicycle.com\/fr\/kk2023-vtt-electrique\/#primaryimage"},"image":{"@id":"https:\/\/www.kuakebicycle.com\/fr\/kk2023-vtt-electrique\/#primaryimage"},"thumbnailUrl":"https:\/\/www.kuakebicycle.com\/wp-content\/uploads\/2021\/09\/KK2023-Electric-Mountain-Bike.jpg","datePublished":"2021-09-24T03:53:48+00:00","dateModified":"2022-03-30T10:49:55+00:00","description":"Kuake KK2023 est notre v\u00e9lo de montagne \u00e9lectrique le plus haut de gamme, il a un cadre \u00e0 suspension int\u00e9grale de 27,5 pouces et un puissant moteur \u00e0 entra\u00eenement moyen de 1000w.","breadcrumb":{"@id":"https:\/\/www.kuakebicycle.com\/fr\/kk2023-vtt-electrique\/#breadcrumb"},"inLanguage":"fr-FR","potentialAction":[{"@type":"ReadAction","target":["https:\/\/www.kuakebicycle.com\/fr\/kk2023-vtt-electrique\/"]}]},{"@type":"ImageObject","inLanguage":"fr-FR","@id":"https:\/\/www.kuakebicycle.com\/fr\/kk2023-vtt-electrique\/#primaryimage","url":"https:\/\/www.kuakebicycle.com\/wp-content\/uploads\/2021\/09\/KK2023-Electric-Mountain-Bike.jpg","contentUrl":"https:\/\/www.kuakebicycle.com\/wp-content\/uploads\/2021\/09\/KK2023-Electric-Mountain-Bike.jpg","width":600,"height":600,"caption":"V\u00e9lo de montagne \u00e9lectrique KK2023"},{"@type":"BreadcrumbList","@id":"https:\/\/www.kuakebicycle.com\/fr\/kk2023-vtt-electrique\/#breadcrumb","itemListElement":[{"@type":"ListItem","position":1,"name":"Home","item":"https:\/\/www.kuakebicycle.com\/fr\/"},{"@type":"ListItem","position":2,"name":"Des produits","item":"https:\/\/www.kuakebicycle.com\/fr\/des-produits\/"},{"@type":"ListItem","position":3,"name":"VTT \u00c9lectrique Tout Terrain KK2023 (27,5 Pollici, Motore Centrale 1000W, 672Wh, Tout Suspendus)"}]},{"@type":"WebSite","@id":"https:\/\/www.kuakebicycle.com\/fr\/#website","url":"https:\/\/www.kuakebicycle.com\/fr\/","name":"Kuake Bicycle","description":"","publisher":{"@id":"https:\/\/www.kuakebicycle.com\/fr\/#organization"},"potentialAction":[{"@type":"SearchAction","target":{"@type":"EntryPoint","urlTemplate":"https:\/\/www.kuakebicycle.com\/fr\/?s={search_term_string}"},"query-input":{"@type":"PropertyValueSpecification","valueRequired":true,"valueName":"search_term_string"}}],"inLanguage":"fr-FR"},{"@type":"Organization","@id":"https:\/\/www.kuakebicycle.com\/fr\/#organization","name":"Kuake Technology","url":"https:\/\/www.kuakebicycle.com\/fr\/","logo":{"@type":"ImageObject","inLanguage":"fr-FR","@id":"https:\/\/www.kuakebicycle.com\/fr\/#\/schema\/logo\/image\/","url":"https:\/\/www.kuakebicycle.com\/wp-content\/uploads\/2021\/03\/icon.png","contentUrl":"https:\/\/www.kuakebicycle.com\/wp-content\/uploads\/2021\/03\/icon.png","width":100,"height":100,"caption":"Kuake Technology"},"image":{"@id":"https:\/\/www.kuakebicycle.com\/fr\/#\/schema\/logo\/image\/"}}]}},"_links":{"self":[{"href":"https:\/\/www.kuakebicycle.com\/fr\/wp-json\/wp\/v2\/product\/11360","targetHints":{"allow":["GET"]}}],"collection":[{"href":"https:\/\/www.kuakebicycle.com\/fr\/wp-json\/wp\/v2\/product"}],"about":[{"href":"https:\/\/www.kuakebicycle.com\/fr\/wp-json\/wp\/v2\/types\/product"}],"replies":[{"embeddable":true,"href":"https:\/\/www.kuakebicycle.com\/fr\/wp-json\/wp\/v2\/comments?post=11360"}],"wp:featuredmedia":[{"embeddable":true,"href":"https:\/\/www.kuakebicycle.com\/fr\/wp-json\/wp\/v2\/media\/11351"}],"wp:attachment":[{"href":"https:\/\/www.kuakebicycle.com\/fr\/wp-json\/wp\/v2\/media?parent=11360"}],"wp:term":[{"taxonomy":"product_brand","embeddable":true,"href":"https:\/\/www.kuakebicycle.com\/fr\/wp-json\/wp\/v2\/product_brand?post=11360"},{"taxonomy":"product_cat","embeddable":true,"href":"https:\/\/www.kuakebicycle.com\/fr\/wp-json\/wp\/v2\/product_cat?post=11360"},{"taxonomy":"product_tag","embeddable":true,"href":"https:\/\/www.kuakebicycle.com\/fr\/wp-json\/wp\/v2\/product_tag?post=11360"}],"curies":[{"name":"wp","href":"https:\/\/api.w.org\/{rel}","templated":true}]}}