{"id":5510,"date":"2021-07-25T07:23:18","date_gmt":"2021-07-25T07:23:18","guid":{"rendered":"https:\/\/www.kuakebicycle.com\/accueil\/"},"modified":"2021-12-31T02:47:00","modified_gmt":"2021-12-31T02:47:00","slug":"accueil","status":"publish","type":"page","link":"https:\/\/www.kuakebicycle.com\/fr\/","title":{"rendered":"Accueil"},"content":{"rendered":"\n\n\t<h1>\n\t\t\t\t\t\u00c0 cheval sur le chemin\n\t\t\t\t<\/h1>\n\t<h3>\n\t\t\t\t\tTirez le meilleur parti de votre trajet\u00a0!\n\t\t\t\t<\/h3>\n\t\t\t<p>Des aventures tout-terrain aux trajets quotidiens, Kuake a juste le v\u00e9lo et le tricycle \u00e9lectriques pour vous selon vos besoins.<\/p>\n\t\t\t<a href=\"https:\/\/www.kuakebicycle.com\/fr\/des-produits\/\" target=\"_self\" role=\"button\" rel=\"noopener\">\n\t\t\t\t\t\tParcourir Maintenant !\n\t\t\t\t\t<\/a>\n<h2>\n\t\tNos Principaux Produits\n\t<\/h2>\n\t<p><strong>Triporteur \u00c9lectrique<\/strong><\/p>\n<p><a href=\"https:\/\/www.kuakebicycle.com\/fr\/kk6010-front-loader-electric-cargo-tricycle\/\"><img loading=\"lazy\" decoding=\"async\" src=\"https:\/\/www.kuakebicycle.com\/wp-content\/uploads\/2021\/03\/KK6010-Electric-Cargo-Trike-300x300.jpg\" alt=\"Tricycle cargo \u00e9lectrique KK6010\" width=\"300\" height=\"300\"\/><\/a><\/p>\n<ul>\n<li>Affichage LCD<\/li>\n<li>Alliage d&rsquo;aluminium 24&Prime;<\/li>\n<li>Moteur DAPU 36V 250W<\/li>\n<li>Batterie Samsung 36V 10A<\/li>\n<li>Manettes Shimano 6 vitesses<\/li>\n<li>Frein \u00e0 disque hydraulique<\/li>\n<li>25 km\/h et 40 km de distance pour la charge<\/li>\n<\/ul>\n\t\t\t<a href=\"https:\/\/www.kuakebicycle.com\/fr\/kk6010-front-loader-electric-cargo-tricycle\/\" target=\"_self\" role=\"button\" rel=\"noopener\">\n\t\t\t\t\t\tObtenez le maintenant\n\t\t\t\t\t<\/a>\n\t<p><strong>V\u00e9lo De Ville \u00c9lectrique<\/strong><\/p>\n<p><a href=\"https:\/\/www.kuakebicycle.com\/fr\/kk9053-velo-de-ville-electrique\/\"><img loading=\"lazy\" decoding=\"async\" src=\"https:\/\/www.kuakebicycle.com\/wp-content\/uploads\/2021\/03\/KK9053-White-Electric-City-Bike-300x300.png\" alt=\"V\u00e9lo de ville \u00e9lectrique blanc KK9053\" width=\"300\" height=\"300\"\/><\/a><\/p>\n<ul>\n<li>Affichage LCD<\/li>\n<li>Alliage d&rsquo;aluminium 26&Prime;<\/li>\n<li>Moteur 36V 250W<\/li>\n<li>Batterie au lithium 360Wh<\/li>\n<li>Manettes Shimano 6 vitesses<\/li>\n<li>Frein \u00e0 disque m\u00e9canique TEKTRO<\/li>\n<li>25 km\/h et 60 km de distance pour la charge<\/li>\n<\/ul>\n\t\t\t<a href=\"https:\/\/www.kuakebicycle.com\/fr\/kk9053-velo-de-ville-electrique\/\" target=\"_self\" role=\"button\" rel=\"noopener\">\n\t\t\t\t\t\tObtenez le maintenant\n\t\t\t\t\t<\/a>\n\t<p><strong>VTT \u00c9lectrique<\/strong><\/p>\n<p><a href=\"https:\/\/www.kuakebicycle.com\/fr\/kk9055-vtt-electrique\/\"><img loading=\"lazy\" decoding=\"async\" src=\"https:\/\/www.kuakebicycle.com\/wp-content\/uploads\/2021\/03\/KK9055-Electric-Mountain-Bike-300x300.jpg\" alt=\"V\u00e9lo de montagne \u00e9lectrique KK9055\" width=\"300\" height=\"300\" \/><\/a><\/p>\n<ul>\n<li>Affichage LCD<\/li>\n<li>Alliage d&rsquo;aluminium AL6061 de 26 pouces<\/li>\n<li>Moteur arri\u00e8re Oxfo 36V 250W ~ 1000W<\/li>\n<li>Batterie Samsung 36V 10Ah<\/li>\n<li>Manettes Shimano 7 vitesses<\/li>\n<li>Frein \u00e0 disque hydraulique<\/li>\n<li>25 km\/h et 60 km de distance pour la charge<\/li>\n<\/ul>\n\t\t\t<a href=\"https:\/\/www.kuakebicycle.com\/fr\/kk9055-vtt-electrique\/\" target=\"_self\" role=\"button\" rel=\"noopener\">\n\t\t\t\t\t\tObtenez le maintenant\n\t\t\t\t\t<\/a>\n\t<h3>\n\t\t\t\t\tQui pouvons-nous aider\n\t\t\t\t<\/h3>\n\t\t\t<p>Que vous soyez des startups, des d\u00e9taillants ou des grossistes, nous pouvons fournir des solutions pour r\u00e9soudre vos probl\u00e8mes.<\/p>\n\t<h5>\n\t\t\t\t\tPoints de douleur des start-ups\n\t\t\t\t<\/h5>\n\t\t\t<ul>\n<li>Les fournisseurs ne sont pas dispos\u00e9s \u00e0 offrir des services de d\u00e9veloppement.<\/li>\n<li>Fournisseurs insensibles.<\/li>\n<li>Probl\u00e8mes de qualit\u00e9.<\/li>\n<li>Tarifs et contraintes logistiques.<\/li>\n<li>Manque de support technique.<\/li>\n<\/ul>\n\t<h5>\n\t\t\t\t\tPoints de douleur des d\u00e9taillants\n\t\t\t\t<\/h5>\n\t\t\t<ul>\n<li>Une capacit\u00e9 limit\u00e9e.<\/li>\n<li>Qualit\u00e9 du produit compromise.<\/li>\n<li>Je ne sais pas quel produit choisir.<\/li>\n<li>Impuissant dans la capacit\u00e9 de contr\u00f4le.<\/li>\n<li>Un interm\u00e9diaire qui d\u00e9range.<\/li>\n<\/ul>\n\t<h5>\n\t\t\t\t\tPoints douloureux des grossistes\n\t\t\t\t<\/h5>\n\t\t\t<ul>\n<li>Capacit\u00e9 insuffisante du fournisseur.<\/li>\n<li>Mauvaise qualit\u00e9.<\/li>\n<li>Des taxes \u00e0 l&rsquo;importation \u00e9lev\u00e9es qui r\u00e9duisent vos b\u00e9n\u00e9fices.<\/li>\n<li>Long temps d&rsquo;attente pour les \u00e9chantillons.<\/li>\n<li>Un risque \u00e9lev\u00e9 de perdre votre avantage !<\/li>\n<\/ul>\n\t<h3>\n\t\t\t\t\tPourquoi nous choisir\n\t\t\t\t<\/h3>\n\t\t\t<p>Les caract\u00e9ristiques de nos v\u00e9los \u00e9lectriques sont faciles \u00e0 utiliser, s\u00fbres et efficaces, elles sont donc largement reconnues sur le march\u00e9 mondial.<\/p>\n\t<h5>\n\t\t\t\t\tQualit\u00e9 sup\u00e9rieure\n\t\t\t\t<\/h5>\n\t\t\t<p>Haute qualit\u00e9, extr\u00eamement confortable, tr\u00e8s peu d&rsquo;entretien et garantie d&rsquo;un an.<\/p>\n\t<h5>\n\t\t\t\t\t\u00c9quipe de design\n\t\t\t\t<\/h5>\n\t\t\t<p>Notre R&amp;D travaille \u00e0 la conception de produits innovants et uniques pour les v\u00e9los \u00e9lectriques.<\/p>\n\t<h5>\n\t\t\t\t\tBon service\n\t\t\t\t<\/h5>\n\t\t\t<p>Vous obtiendrez une r\u00e9ponse rapide de notre service client professionnel 7*24.<\/p>\n\t<h5>\n\t\t\t\t\tPas beaucoup de temp\n\t\t\t\t<\/h5>\n\t\t\t<p>Nous avons une grande capacit\u00e9 pour assurer la livraison mondiale la plus rapide.<\/p>\n\t<h3>\n\t\t\t\t\tQuestions et r\u00e9ponses\n\t\t\t\t<\/h3>\n<p>Nous voulons vous aider \u00e0 en savoir plus sur nous, nous avons r\u00e9pertori\u00e9 les questions fr\u00e9quemment pos\u00e9es qui pourraient vous pr\u00e9occuper.<\/p>\n\t\t\t\t<img decoding=\"async\" src=\"https:\/\/www.kuakebicycle.com\/wp-content\/uploads\/2021\/03\/Pedego-bg-pic.jpg\" alt=\"Pedego bg pic\" itemprop=\"image\"\/>\n\t<ul>\n\t\t<li>\t\t\t\t\n\t\t<h5>Puis-je obtenir des \u00e9chantillons ? Et sont-ils en stock ?<\/h5><p>Oui, une commande d&rsquo;\u00e9chantillon est disponible pour le contr\u00f4le de qualit\u00e9 et le test de march\u00e9. Nous gardons g\u00e9n\u00e9ralement des stocks dans l&rsquo;entrep\u00f4t, une fois la commande d&rsquo;\u00e9chantillon confirm\u00e9e, nous pouvons nous assurer que vous pouvez recevoir les \u00e9chantillons dans un d\u00e9lai tr\u00e8s court. Nous gardons g\u00e9n\u00e9ralement des stocks dans l&rsquo;entrep\u00f4t, une fois la commande d&rsquo;\u00e9chantillon confirm\u00e9e, nous pouvons nous assurer que vous pouvez recevoir les \u00e9chantillons dans un d\u00e9lai tr\u00e8s court.<\/p><\/li><li>\t\t\t\t\n\t\t<h5>Acceptez-vous les commandes des clients OEM?<\/h5><p>Oui, nous pouvons fabriquer le v\u00e9lo selon les sp\u00e9cifications du client, la combinaison de couleurs et m\u00eame le logo\/conception, ainsi que la demande de colis, \u00e0 condition que la commande soit par conteneur 1X20 &lsquo;et plus. Sinon, il faut n\u00e9gocier. Sinon, il faut le n\u00e9gocier.<\/p><\/li><li>\t\t\t\t\n\t\t<h5>Quel est le d\u00e9lai de livraison des commandes group\u00e9es ?<\/h5><p>Il faut g\u00e9n\u00e9ralement environ 25 \u00e0 40 jours ouvrables pour la production en fonction des sp\u00e9cifications de votre commande et de votre quantit\u00e9.<\/p><\/li><li>\t\t\t\t\n\t\t<h5>Quelles sont vos conditions de garantie ?<\/h5><p>Notre garantie couvre les d\u00e9fauts de fabrication et de mat\u00e9riel et ne couvre pas l&rsquo;usure normale, les dommages\/d\u00e9faillances dus \u00e0 un accident, des dommages indirects ou cons\u00e9cutifs, ou toute utilisation du produit non conforme aux instructions d&rsquo;utilisation d\u00e9crites dans notre manuel d&rsquo;utilisation.<\/p><\/li>\t<\/ul>\n\n","protected":false},"excerpt":{"rendered":"<p>\u00c0 cheval sur le chemin Tirez le meilleur parti de votre trajet\u00a0! Des aventures tout-terrain aux trajets quotidiens, Kuake a juste le v\u00e9lo et le tricycle \u00e9lectriques pour vous selon vos besoins. Parcourir Maintenant ! [&hellip;]<\/p>\n","protected":false},"author":1,"featured_media":0,"parent":0,"menu_order":0,"comment_status":"closed","ping_status":"open","template":"","meta":{"site-sidebar-layout":"no-sidebar","site-content-layout":"page-builder","ast-site-content-layout":"default","site-content-style":"default","site-sidebar-style":"default","ast-global-header-display":"","ast-banner-title-visibility":"","ast-main-header-display":"","ast-hfb-above-header-display":"","ast-hfb-below-header-display":"","ast-hfb-mobile-header-display":"","site-post-title":"disabled","ast-breadcrumbs-content":"","ast-featured-img":"disabled","footer-sml-layout":"","ast-disable-related-posts":"","theme-transparent-header-meta":"default","adv-header-id-meta":"","stick-header-meta":"default","header-above-stick-meta":"","header-main-stick-meta":"","header-below-stick-meta":"","astra-migrate-meta-layouts":"default","ast-page-background-enabled":"default","ast-page-background-meta":{"desktop":{"background-color":"","background-image":"","background-repeat":"repeat","background-position":"center center","background-size":"auto","background-attachment":"scroll","background-type":"","background-media":"","overlay-type":"","overlay-color":"","overlay-opacity":"","overlay-gradient":""},"tablet":{"background-color":"","background-image":"","background-repeat":"repeat","background-position":"center center","background-size":"auto","background-attachment":"scroll","background-type":"","background-media":"","overlay-type":"","overlay-color":"","overlay-opacity":"","overlay-gradient":""},"mobile":{"background-color":"","background-image":"","background-repeat":"repeat","background-position":"center center","background-size":"auto","background-attachment":"scroll","background-type":"","background-media":"","overlay-type":"","overlay-color":"","overlay-opacity":"","overlay-gradient":""}},"ast-content-background-meta":{"desktop":{"background-color":"var(--ast-global-color-5)","background-image":"","background-repeat":"repeat","background-position":"center center","background-size":"auto","background-attachment":"scroll","background-type":"","background-media":"","overlay-type":"","overlay-color":"","overlay-opacity":"","overlay-gradient":""},"tablet":{"background-color":"var(--ast-global-color-5)","background-image":"","background-repeat":"repeat","background-position":"center center","background-size":"auto","background-attachment":"scroll","background-type":"","background-media":"","overlay-type":"","overlay-color":"","overlay-opacity":"","overlay-gradient":""},"mobile":{"background-color":"var(--ast-global-color-5)","background-image":"","background-repeat":"repeat","background-position":"center center","background-size":"auto","background-attachment":"scroll","background-type":"","background-media":"","overlay-type":"","overlay-color":"","overlay-opacity":"","overlay-gradient":""}},"footnotes":""},"class_list":["post-5510","page","type-page","status-publish","hentry"],"yoast_head":"<!-- This site is optimized with the Yoast SEO plugin v27.4 - https:\/\/yoast.com\/product\/yoast-seo-wordpress\/ -->\n<title>Fabricant Chinois De V\u00e9lo \u00c9lectrique, Grossiste Tricycle Electrique Direct Usine - Kuake Bicycle<\/title>\n<meta name=\"description\" content=\"Kuake est sp\u00e9cialis\u00e9 dans la conception et la fabrication de biporteur triporteur \u00e9lectriques et de v\u00e9los \u00e9lectriques. Qualit\u00e9 premium avec le meilleur prix et un bon service apr\u00e8s-vente.\" \/>\n<meta name=\"robots\" content=\"index, follow, max-snippet:-1, max-image-preview:large, max-video-preview:-1\" \/>\n<link rel=\"canonical\" href=\"https:\/\/www.kuakebicycle.com\/fr\/\" \/>\n<meta property=\"og:locale\" content=\"fr_FR\" \/>\n<meta property=\"og:type\" content=\"article\" \/>\n<meta property=\"og:title\" content=\"Fabricant Chinois De V\u00e9lo \u00c9lectrique, Grossiste Tricycle Electrique Direct Usine - Kuake Bicycle\" \/>\n<meta property=\"og:description\" content=\"Kuake est sp\u00e9cialis\u00e9 dans la conception et la fabrication de biporteur triporteur \u00e9lectriques et de v\u00e9los \u00e9lectriques. Qualit\u00e9 premium avec le meilleur prix et un bon service apr\u00e8s-vente.\" \/>\n<meta property=\"og:url\" content=\"https:\/\/www.kuakebicycle.com\/fr\/\" \/>\n<meta property=\"og:site_name\" content=\"Kuake Bicycle\" \/>\n<meta property=\"article:modified_time\" content=\"2021-12-31T02:47:00+00:00\" \/>\n<meta property=\"og:image\" content=\"https:\/\/www.kuakebicycle.com\/wp-content\/uploads\/2021\/03\/KK6010-Electric-Cargo-Trike-300x300.jpg\" \/>\n<meta name=\"twitter:card\" content=\"summary_large_image\" \/>\n<meta name=\"twitter:label1\" content=\"Dur\u00e9e de lecture estim\u00e9e\" \/>\n\t<meta name=\"twitter:data1\" content=\"3 minutes\" \/>\n<script type=\"application\/ld+json\" class=\"yoast-schema-graph\">{\"@context\":\"https:\\\/\\\/schema.org\",\"@graph\":[{\"@type\":\"WebPage\",\"@id\":\"https:\\\/\\\/www.kuakebicycle.com\\\/fr\\\/\",\"url\":\"https:\\\/\\\/www.kuakebicycle.com\\\/fr\\\/\",\"name\":\"Fabricant Chinois De V\u00e9lo \u00c9lectrique, Grossiste Tricycle Electrique Direct Usine - Kuake Bicycle\",\"isPartOf\":{\"@id\":\"https:\\\/\\\/www.kuakebicycle.com\\\/fr\\\/#website\"},\"primaryImageOfPage\":{\"@id\":\"https:\\\/\\\/www.kuakebicycle.com\\\/fr\\\/#primaryimage\"},\"image\":{\"@id\":\"https:\\\/\\\/www.kuakebicycle.com\\\/fr\\\/#primaryimage\"},\"thumbnailUrl\":\"https:\\\/\\\/www.kuakebicycle.com\\\/wp-content\\\/uploads\\\/2021\\\/03\\\/KK6010-Electric-Cargo-Trike-300x300.jpg\",\"datePublished\":\"2021-07-25T07:23:18+00:00\",\"dateModified\":\"2021-12-31T02:47:00+00:00\",\"description\":\"Kuake est sp\u00e9cialis\u00e9 dans la conception et la fabrication de biporteur triporteur \u00e9lectriques et de v\u00e9los \u00e9lectriques. Qualit\u00e9 premium avec le meilleur prix et un bon service apr\u00e8s-vente.\",\"breadcrumb\":{\"@id\":\"https:\\\/\\\/www.kuakebicycle.com\\\/fr\\\/#breadcrumb\"},\"inLanguage\":\"fr-FR\",\"potentialAction\":[{\"@type\":\"ReadAction\",\"target\":[\"https:\\\/\\\/www.kuakebicycle.com\\\/fr\\\/\"]}]},{\"@type\":\"ImageObject\",\"inLanguage\":\"fr-FR\",\"@id\":\"https:\\\/\\\/www.kuakebicycle.com\\\/fr\\\/#primaryimage\",\"url\":\"https:\\\/\\\/www.kuakebicycle.com\\\/wp-content\\\/uploads\\\/2021\\\/03\\\/KK6010-Electric-Cargo-Trike-300x300.jpg\",\"contentUrl\":\"https:\\\/\\\/www.kuakebicycle.com\\\/wp-content\\\/uploads\\\/2021\\\/03\\\/KK6010-Electric-Cargo-Trike-300x300.jpg\"},{\"@type\":\"BreadcrumbList\",\"@id\":\"https:\\\/\\\/www.kuakebicycle.com\\\/fr\\\/#breadcrumb\",\"itemListElement\":[{\"@type\":\"ListItem\",\"position\":1,\"name\":\"Home\",\"item\":\"https:\\\/\\\/www.kuakebicycle.com\\\/fr\\\/\"},{\"@type\":\"ListItem\",\"position\":2,\"name\":\"Accueil\"}]},{\"@type\":\"WebSite\",\"@id\":\"https:\\\/\\\/www.kuakebicycle.com\\\/fr\\\/#website\",\"url\":\"https:\\\/\\\/www.kuakebicycle.com\\\/fr\\\/\",\"name\":\"Kuake Bicycle\",\"description\":\"\",\"publisher\":{\"@id\":\"https:\\\/\\\/www.kuakebicycle.com\\\/fr\\\/#organization\"},\"potentialAction\":[{\"@type\":\"SearchAction\",\"target\":{\"@type\":\"EntryPoint\",\"urlTemplate\":\"https:\\\/\\\/www.kuakebicycle.com\\\/fr\\\/?s={search_term_string}\"},\"query-input\":{\"@type\":\"PropertyValueSpecification\",\"valueRequired\":true,\"valueName\":\"search_term_string\"}}],\"inLanguage\":\"fr-FR\"},{\"@type\":\"Organization\",\"@id\":\"https:\\\/\\\/www.kuakebicycle.com\\\/fr\\\/#organization\",\"name\":\"Kuake Technology\",\"url\":\"https:\\\/\\\/www.kuakebicycle.com\\\/fr\\\/\",\"logo\":{\"@type\":\"ImageObject\",\"inLanguage\":\"fr-FR\",\"@id\":\"https:\\\/\\\/www.kuakebicycle.com\\\/fr\\\/#\\\/schema\\\/logo\\\/image\\\/\",\"url\":\"https:\\\/\\\/www.kuakebicycle.com\\\/wp-content\\\/uploads\\\/2021\\\/03\\\/icon.png\",\"contentUrl\":\"https:\\\/\\\/www.kuakebicycle.com\\\/wp-content\\\/uploads\\\/2021\\\/03\\\/icon.png\",\"width\":100,\"height\":100,\"caption\":\"Kuake Technology\"},\"image\":{\"@id\":\"https:\\\/\\\/www.kuakebicycle.com\\\/fr\\\/#\\\/schema\\\/logo\\\/image\\\/\"}}]}<\/script>\n<!-- \/ Yoast SEO plugin. -->","yoast_head_json":{"title":"Fabricant Chinois De V\u00e9lo \u00c9lectrique, Grossiste Tricycle Electrique Direct Usine - Kuake Bicycle","description":"Kuake est sp\u00e9cialis\u00e9 dans la conception et la fabrication de biporteur triporteur \u00e9lectriques et de v\u00e9los \u00e9lectriques. Qualit\u00e9 premium avec le meilleur prix et un bon service apr\u00e8s-vente.","robots":{"index":"index","follow":"follow","max-snippet":"max-snippet:-1","max-image-preview":"max-image-preview:large","max-video-preview":"max-video-preview:-1"},"canonical":"https:\/\/www.kuakebicycle.com\/fr\/","og_locale":"fr_FR","og_type":"article","og_title":"Fabricant Chinois De V\u00e9lo \u00c9lectrique, Grossiste Tricycle Electrique Direct Usine - Kuake Bicycle","og_description":"Kuake est sp\u00e9cialis\u00e9 dans la conception et la fabrication de biporteur triporteur \u00e9lectriques et de v\u00e9los \u00e9lectriques. Qualit\u00e9 premium avec le meilleur prix et un bon service apr\u00e8s-vente.","og_url":"https:\/\/www.kuakebicycle.com\/fr\/","og_site_name":"Kuake Bicycle","article_modified_time":"2021-12-31T02:47:00+00:00","og_image":[{"url":"https:\/\/www.kuakebicycle.com\/wp-content\/uploads\/2021\/03\/KK6010-Electric-Cargo-Trike-300x300.jpg","type":"","width":"","height":""}],"twitter_card":"summary_large_image","twitter_misc":{"Dur\u00e9e de lecture estim\u00e9e":"3 minutes"},"schema":{"@context":"https:\/\/schema.org","@graph":[{"@type":"WebPage","@id":"https:\/\/www.kuakebicycle.com\/fr\/","url":"https:\/\/www.kuakebicycle.com\/fr\/","name":"Fabricant Chinois De V\u00e9lo \u00c9lectrique, Grossiste Tricycle Electrique Direct Usine - Kuake Bicycle","isPartOf":{"@id":"https:\/\/www.kuakebicycle.com\/fr\/#website"},"primaryImageOfPage":{"@id":"https:\/\/www.kuakebicycle.com\/fr\/#primaryimage"},"image":{"@id":"https:\/\/www.kuakebicycle.com\/fr\/#primaryimage"},"thumbnailUrl":"https:\/\/www.kuakebicycle.com\/wp-content\/uploads\/2021\/03\/KK6010-Electric-Cargo-Trike-300x300.jpg","datePublished":"2021-07-25T07:23:18+00:00","dateModified":"2021-12-31T02:47:00+00:00","description":"Kuake est sp\u00e9cialis\u00e9 dans la conception et la fabrication de biporteur triporteur \u00e9lectriques et de v\u00e9los \u00e9lectriques. Qualit\u00e9 premium avec le meilleur prix et un bon service apr\u00e8s-vente.","breadcrumb":{"@id":"https:\/\/www.kuakebicycle.com\/fr\/#breadcrumb"},"inLanguage":"fr-FR","potentialAction":[{"@type":"ReadAction","target":["https:\/\/www.kuakebicycle.com\/fr\/"]}]},{"@type":"ImageObject","inLanguage":"fr-FR","@id":"https:\/\/www.kuakebicycle.com\/fr\/#primaryimage","url":"https:\/\/www.kuakebicycle.com\/wp-content\/uploads\/2021\/03\/KK6010-Electric-Cargo-Trike-300x300.jpg","contentUrl":"https:\/\/www.kuakebicycle.com\/wp-content\/uploads\/2021\/03\/KK6010-Electric-Cargo-Trike-300x300.jpg"},{"@type":"BreadcrumbList","@id":"https:\/\/www.kuakebicycle.com\/fr\/#breadcrumb","itemListElement":[{"@type":"ListItem","position":1,"name":"Home","item":"https:\/\/www.kuakebicycle.com\/fr\/"},{"@type":"ListItem","position":2,"name":"Accueil"}]},{"@type":"WebSite","@id":"https:\/\/www.kuakebicycle.com\/fr\/#website","url":"https:\/\/www.kuakebicycle.com\/fr\/","name":"Kuake Bicycle","description":"","publisher":{"@id":"https:\/\/www.kuakebicycle.com\/fr\/#organization"},"potentialAction":[{"@type":"SearchAction","target":{"@type":"EntryPoint","urlTemplate":"https:\/\/www.kuakebicycle.com\/fr\/?s={search_term_string}"},"query-input":{"@type":"PropertyValueSpecification","valueRequired":true,"valueName":"search_term_string"}}],"inLanguage":"fr-FR"},{"@type":"Organization","@id":"https:\/\/www.kuakebicycle.com\/fr\/#organization","name":"Kuake Technology","url":"https:\/\/www.kuakebicycle.com\/fr\/","logo":{"@type":"ImageObject","inLanguage":"fr-FR","@id":"https:\/\/www.kuakebicycle.com\/fr\/#\/schema\/logo\/image\/","url":"https:\/\/www.kuakebicycle.com\/wp-content\/uploads\/2021\/03\/icon.png","contentUrl":"https:\/\/www.kuakebicycle.com\/wp-content\/uploads\/2021\/03\/icon.png","width":100,"height":100,"caption":"Kuake Technology"},"image":{"@id":"https:\/\/www.kuakebicycle.com\/fr\/#\/schema\/logo\/image\/"}}]}},"_links":{"self":[{"href":"https:\/\/www.kuakebicycle.com\/fr\/wp-json\/wp\/v2\/pages\/5510","targetHints":{"allow":["GET"]}}],"collection":[{"href":"https:\/\/www.kuakebicycle.com\/fr\/wp-json\/wp\/v2\/pages"}],"about":[{"href":"https:\/\/www.kuakebicycle.com\/fr\/wp-json\/wp\/v2\/types\/page"}],"author":[{"embeddable":true,"href":"https:\/\/www.kuakebicycle.com\/fr\/wp-json\/wp\/v2\/users\/1"}],"replies":[{"embeddable":true,"href":"https:\/\/www.kuakebicycle.com\/fr\/wp-json\/wp\/v2\/comments?post=5510"}],"version-history":[{"count":0,"href":"https:\/\/www.kuakebicycle.com\/fr\/wp-json\/wp\/v2\/pages\/5510\/revisions"}],"wp:attachment":[{"href":"https:\/\/www.kuakebicycle.com\/fr\/wp-json\/wp\/v2\/media?parent=5510"}],"curies":[{"name":"wp","href":"https:\/\/api.w.org\/{rel}","templated":true}]}}