{"id":5505,"date":"2021-07-25T03:25:22","date_gmt":"2021-07-25T03:25:22","guid":{"rendered":"https:\/\/www.kuakebicycle.com\/a-nos-concessionnaires\/"},"modified":"2022-01-11T09:01:13","modified_gmt":"2022-01-11T09:01:13","slug":"a-nos-concessionnaires","status":"publish","type":"page","link":"https:\/\/www.kuakebicycle.com\/fr\/a-nos-concessionnaires\/","title":{"rendered":"\u00c0 nos concessionnaires"},"content":{"rendered":"\n<h2>\n\t\t\u00c0 nos concessionnaires\n\t<\/h2>\n\t<p>Au nom de Jiangsu Kuake Technology Co., Ltd., nous aimerions vous inviter en tant que distributeur potentiel dans votre r\u00e9gion. Comme Kuake a une vaste exp\u00e9rience dans la conception, la fabrication de v\u00e9los \u00e9lectriques et en raison de notre principe de \u00ab\u00a0petits profits font des ventes rapides\u00a0\u00bb, nous avons \u00e9tabli de bonnes relations avec nos revendeurs et les avons appr\u00e9ci\u00e9s.<\/p>\n<p>Nous nous consid\u00e9rons chanceux de pouvoir unir nos forces avec nos distributeurs. Notre engagement envers nos distributeurs continue de r\u00e9sider dans l&rsquo;offre d&rsquo;un excellent service et de prix comp\u00e9titifs pour nos produits et services pedelec. Nous attendons avec impatience un partenariat mutuellement enrichissant avec vous.<\/p>\n<p>Ne vous inqui\u00e9tez pas, obtenez le meilleur rendement, nous pouvons vous aider \u00e0 gagner plus d&rsquo;argent.<\/p>\n<p>Si vous avez des questions ou des commentaires, veuillez <a href=\"https:\/\/www.kuakebicycle.com\/fr\/contact\/\">nous contacter<\/a>. Une occasion de discuter davantage avec vous de notre nouvelle alliance strat\u00e9gique serait bien accueillie.<\/p>\n<p>Sinc\u00e8rement v\u00f4tre.<\/p>\n\n","protected":false},"excerpt":{"rendered":"<p>\u00c0 nos concessionnaires Au nom de Jiangsu Kuake Technology Co., Ltd., nous aimerions vous inviter en tant que distributeur potentiel dans votre r\u00e9gion. Comme Kuake a une vaste exp\u00e9rience dans la conception, la fabrication de [&hellip;]<\/p>\n","protected":false},"author":1,"featured_media":0,"parent":0,"menu_order":0,"comment_status":"closed","ping_status":"closed","template":"","meta":{"site-sidebar-layout":"no-sidebar","site-content-layout":"page-builder","ast-site-content-layout":"default","site-content-style":"default","site-sidebar-style":"default","ast-global-header-display":"","ast-banner-title-visibility":"","ast-main-header-display":"","ast-hfb-above-header-display":"","ast-hfb-below-header-display":"","ast-hfb-mobile-header-display":"","site-post-title":"disabled","ast-breadcrumbs-content":"","ast-featured-img":"disabled","footer-sml-layout":"","ast-disable-related-posts":"","theme-transparent-header-meta":"default","adv-header-id-meta":"","stick-header-meta":"default","header-above-stick-meta":"","header-main-stick-meta":"","header-below-stick-meta":"","astra-migrate-meta-layouts":"default","ast-page-background-enabled":"default","ast-page-background-meta":{"desktop":{"background-color":"","background-image":"","background-repeat":"repeat","background-position":"center center","background-size":"auto","background-attachment":"scroll","background-type":"","background-media":"","overlay-type":"","overlay-color":"","overlay-opacity":"","overlay-gradient":""},"tablet":{"background-color":"","background-image":"","background-repeat":"repeat","background-position":"center center","background-size":"auto","background-attachment":"scroll","background-type":"","background-media":"","overlay-type":"","overlay-color":"","overlay-opacity":"","overlay-gradient":""},"mobile":{"background-color":"","background-image":"","background-repeat":"repeat","background-position":"center center","background-size":"auto","background-attachment":"scroll","background-type":"","background-media":"","overlay-type":"","overlay-color":"","overlay-opacity":"","overlay-gradient":""}},"ast-content-background-meta":{"desktop":{"background-color":"var(--ast-global-color-5)","background-image":"","background-repeat":"repeat","background-position":"center center","background-size":"auto","background-attachment":"scroll","background-type":"","background-media":"","overlay-type":"","overlay-color":"","overlay-opacity":"","overlay-gradient":""},"tablet":{"background-color":"var(--ast-global-color-5)","background-image":"","background-repeat":"repeat","background-position":"center center","background-size":"auto","background-attachment":"scroll","background-type":"","background-media":"","overlay-type":"","overlay-color":"","overlay-opacity":"","overlay-gradient":""},"mobile":{"background-color":"var(--ast-global-color-5)","background-image":"","background-repeat":"repeat","background-position":"center center","background-size":"auto","background-attachment":"scroll","background-type":"","background-media":"","overlay-type":"","overlay-color":"","overlay-opacity":"","overlay-gradient":""}},"footnotes":""},"class_list":["post-5505","page","type-page","status-publish","hentry"],"yoast_head":"<!-- This site is optimized with the Yoast SEO plugin v27.4 - https:\/\/yoast.com\/product\/yoast-seo-wordpress\/ -->\n<title>Concessionnaire de v\u00e9los \u00e9lectriques, nouveaux distributeurs recherch\u00e9s - Kuake Bicycle<\/title>\n<meta name=\"description\" content=\"Nous invitons les clients et les associations professionnelles du monde entier \u00e0 nous contacter et \u00e0 coop\u00e9rer pour des avantages mutuels.\" \/>\n<meta name=\"robots\" content=\"index, follow, max-snippet:-1, max-image-preview:large, max-video-preview:-1\" \/>\n<link rel=\"canonical\" href=\"https:\/\/www.kuakebicycle.com\/fr\/a-nos-concessionnaires\/\" \/>\n<meta property=\"og:locale\" content=\"fr_FR\" \/>\n<meta property=\"og:type\" content=\"article\" \/>\n<meta property=\"og:title\" content=\"Concessionnaire de v\u00e9los \u00e9lectriques, nouveaux distributeurs recherch\u00e9s - Kuake Bicycle\" \/>\n<meta property=\"og:description\" content=\"Nous invitons les clients et les associations professionnelles du monde entier \u00e0 nous contacter et \u00e0 coop\u00e9rer pour des avantages mutuels.\" \/>\n<meta property=\"og:url\" content=\"https:\/\/www.kuakebicycle.com\/fr\/a-nos-concessionnaires\/\" \/>\n<meta property=\"og:site_name\" content=\"Kuake Bicycle\" \/>\n<meta property=\"article:modified_time\" content=\"2022-01-11T09:01:13+00:00\" \/>\n<meta name=\"twitter:card\" content=\"summary_large_image\" \/>\n<meta name=\"twitter:label1\" content=\"Dur\u00e9e de lecture estim\u00e9e\" \/>\n\t<meta name=\"twitter:data1\" content=\"1 minute\" \/>\n<script type=\"application\/ld+json\" class=\"yoast-schema-graph\">{\"@context\":\"https:\\\/\\\/schema.org\",\"@graph\":[{\"@type\":\"WebPage\",\"@id\":\"https:\\\/\\\/www.kuakebicycle.com\\\/fr\\\/a-nos-concessionnaires\\\/\",\"url\":\"https:\\\/\\\/www.kuakebicycle.com\\\/fr\\\/a-nos-concessionnaires\\\/\",\"name\":\"Concessionnaire de v\u00e9los \u00e9lectriques, nouveaux distributeurs recherch\u00e9s - Kuake Bicycle\",\"isPartOf\":{\"@id\":\"https:\\\/\\\/www.kuakebicycle.com\\\/fr\\\/#website\"},\"datePublished\":\"2021-07-25T03:25:22+00:00\",\"dateModified\":\"2022-01-11T09:01:13+00:00\",\"description\":\"Nous invitons les clients et les associations professionnelles du monde entier \u00e0 nous contacter et \u00e0 coop\u00e9rer pour des avantages mutuels.\",\"breadcrumb\":{\"@id\":\"https:\\\/\\\/www.kuakebicycle.com\\\/fr\\\/a-nos-concessionnaires\\\/#breadcrumb\"},\"inLanguage\":\"fr-FR\",\"potentialAction\":[{\"@type\":\"ReadAction\",\"target\":[\"https:\\\/\\\/www.kuakebicycle.com\\\/fr\\\/a-nos-concessionnaires\\\/\"]}]},{\"@type\":\"BreadcrumbList\",\"@id\":\"https:\\\/\\\/www.kuakebicycle.com\\\/fr\\\/a-nos-concessionnaires\\\/#breadcrumb\",\"itemListElement\":[{\"@type\":\"ListItem\",\"position\":1,\"name\":\"Home\",\"item\":\"https:\\\/\\\/www.kuakebicycle.com\\\/fr\\\/\"},{\"@type\":\"ListItem\",\"position\":2,\"name\":\"\u00c0 nos concessionnaires\"}]},{\"@type\":\"WebSite\",\"@id\":\"https:\\\/\\\/www.kuakebicycle.com\\\/fr\\\/#website\",\"url\":\"https:\\\/\\\/www.kuakebicycle.com\\\/fr\\\/\",\"name\":\"Kuake Bicycle\",\"description\":\"\",\"publisher\":{\"@id\":\"https:\\\/\\\/www.kuakebicycle.com\\\/fr\\\/#organization\"},\"potentialAction\":[{\"@type\":\"SearchAction\",\"target\":{\"@type\":\"EntryPoint\",\"urlTemplate\":\"https:\\\/\\\/www.kuakebicycle.com\\\/fr\\\/?s={search_term_string}\"},\"query-input\":{\"@type\":\"PropertyValueSpecification\",\"valueRequired\":true,\"valueName\":\"search_term_string\"}}],\"inLanguage\":\"fr-FR\"},{\"@type\":\"Organization\",\"@id\":\"https:\\\/\\\/www.kuakebicycle.com\\\/fr\\\/#organization\",\"name\":\"Kuake Technology\",\"url\":\"https:\\\/\\\/www.kuakebicycle.com\\\/fr\\\/\",\"logo\":{\"@type\":\"ImageObject\",\"inLanguage\":\"fr-FR\",\"@id\":\"https:\\\/\\\/www.kuakebicycle.com\\\/fr\\\/#\\\/schema\\\/logo\\\/image\\\/\",\"url\":\"https:\\\/\\\/www.kuakebicycle.com\\\/wp-content\\\/uploads\\\/2021\\\/03\\\/icon.png\",\"contentUrl\":\"https:\\\/\\\/www.kuakebicycle.com\\\/wp-content\\\/uploads\\\/2021\\\/03\\\/icon.png\",\"width\":100,\"height\":100,\"caption\":\"Kuake Technology\"},\"image\":{\"@id\":\"https:\\\/\\\/www.kuakebicycle.com\\\/fr\\\/#\\\/schema\\\/logo\\\/image\\\/\"}}]}<\/script>\n<!-- \/ Yoast SEO plugin. -->","yoast_head_json":{"title":"Concessionnaire de v\u00e9los \u00e9lectriques, nouveaux distributeurs recherch\u00e9s - Kuake Bicycle","description":"Nous invitons les clients et les associations professionnelles du monde entier \u00e0 nous contacter et \u00e0 coop\u00e9rer pour des avantages mutuels.","robots":{"index":"index","follow":"follow","max-snippet":"max-snippet:-1","max-image-preview":"max-image-preview:large","max-video-preview":"max-video-preview:-1"},"canonical":"https:\/\/www.kuakebicycle.com\/fr\/a-nos-concessionnaires\/","og_locale":"fr_FR","og_type":"article","og_title":"Concessionnaire de v\u00e9los \u00e9lectriques, nouveaux distributeurs recherch\u00e9s - Kuake Bicycle","og_description":"Nous invitons les clients et les associations professionnelles du monde entier \u00e0 nous contacter et \u00e0 coop\u00e9rer pour des avantages mutuels.","og_url":"https:\/\/www.kuakebicycle.com\/fr\/a-nos-concessionnaires\/","og_site_name":"Kuake Bicycle","article_modified_time":"2022-01-11T09:01:13+00:00","twitter_card":"summary_large_image","twitter_misc":{"Dur\u00e9e de lecture estim\u00e9e":"1 minute"},"schema":{"@context":"https:\/\/schema.org","@graph":[{"@type":"WebPage","@id":"https:\/\/www.kuakebicycle.com\/fr\/a-nos-concessionnaires\/","url":"https:\/\/www.kuakebicycle.com\/fr\/a-nos-concessionnaires\/","name":"Concessionnaire de v\u00e9los \u00e9lectriques, nouveaux distributeurs recherch\u00e9s - Kuake Bicycle","isPartOf":{"@id":"https:\/\/www.kuakebicycle.com\/fr\/#website"},"datePublished":"2021-07-25T03:25:22+00:00","dateModified":"2022-01-11T09:01:13+00:00","description":"Nous invitons les clients et les associations professionnelles du monde entier \u00e0 nous contacter et \u00e0 coop\u00e9rer pour des avantages mutuels.","breadcrumb":{"@id":"https:\/\/www.kuakebicycle.com\/fr\/a-nos-concessionnaires\/#breadcrumb"},"inLanguage":"fr-FR","potentialAction":[{"@type":"ReadAction","target":["https:\/\/www.kuakebicycle.com\/fr\/a-nos-concessionnaires\/"]}]},{"@type":"BreadcrumbList","@id":"https:\/\/www.kuakebicycle.com\/fr\/a-nos-concessionnaires\/#breadcrumb","itemListElement":[{"@type":"ListItem","position":1,"name":"Home","item":"https:\/\/www.kuakebicycle.com\/fr\/"},{"@type":"ListItem","position":2,"name":"\u00c0 nos concessionnaires"}]},{"@type":"WebSite","@id":"https:\/\/www.kuakebicycle.com\/fr\/#website","url":"https:\/\/www.kuakebicycle.com\/fr\/","name":"Kuake Bicycle","description":"","publisher":{"@id":"https:\/\/www.kuakebicycle.com\/fr\/#organization"},"potentialAction":[{"@type":"SearchAction","target":{"@type":"EntryPoint","urlTemplate":"https:\/\/www.kuakebicycle.com\/fr\/?s={search_term_string}"},"query-input":{"@type":"PropertyValueSpecification","valueRequired":true,"valueName":"search_term_string"}}],"inLanguage":"fr-FR"},{"@type":"Organization","@id":"https:\/\/www.kuakebicycle.com\/fr\/#organization","name":"Kuake Technology","url":"https:\/\/www.kuakebicycle.com\/fr\/","logo":{"@type":"ImageObject","inLanguage":"fr-FR","@id":"https:\/\/www.kuakebicycle.com\/fr\/#\/schema\/logo\/image\/","url":"https:\/\/www.kuakebicycle.com\/wp-content\/uploads\/2021\/03\/icon.png","contentUrl":"https:\/\/www.kuakebicycle.com\/wp-content\/uploads\/2021\/03\/icon.png","width":100,"height":100,"caption":"Kuake Technology"},"image":{"@id":"https:\/\/www.kuakebicycle.com\/fr\/#\/schema\/logo\/image\/"}}]}},"_links":{"self":[{"href":"https:\/\/www.kuakebicycle.com\/fr\/wp-json\/wp\/v2\/pages\/5505","targetHints":{"allow":["GET"]}}],"collection":[{"href":"https:\/\/www.kuakebicycle.com\/fr\/wp-json\/wp\/v2\/pages"}],"about":[{"href":"https:\/\/www.kuakebicycle.com\/fr\/wp-json\/wp\/v2\/types\/page"}],"author":[{"embeddable":true,"href":"https:\/\/www.kuakebicycle.com\/fr\/wp-json\/wp\/v2\/users\/1"}],"replies":[{"embeddable":true,"href":"https:\/\/www.kuakebicycle.com\/fr\/wp-json\/wp\/v2\/comments?post=5505"}],"version-history":[{"count":0,"href":"https:\/\/www.kuakebicycle.com\/fr\/wp-json\/wp\/v2\/pages\/5505\/revisions"}],"wp:attachment":[{"href":"https:\/\/www.kuakebicycle.com\/fr\/wp-json\/wp\/v2\/media?parent=5505"}],"curies":[{"name":"wp","href":"https:\/\/api.w.org\/{rel}","templated":true}]}}