{"id":5126,"date":"2021-07-25T02:53:03","date_gmt":"2021-07-25T02:53:03","guid":{"rendered":"https:\/\/www.kuakebicycle.com\/a-propos-de\/"},"modified":"2022-01-06T08:57:30","modified_gmt":"2022-01-06T08:57:30","slug":"a-propos-de","status":"publish","type":"page","link":"https:\/\/www.kuakebicycle.com\/fr\/a-propos-de\/","title":{"rendered":"\u00c0 propos de"},"content":{"rendered":"\n<h2>\n\t\t\u00c0 propos de\n\t<\/h2>\n\t<ul>\n\t\t<li>\t\t\n\t\t\t\t<img decoding=\"async\" src=\"https:\/\/www.kuakebicycle.com\/wp-content\/uploads\/2017\/07\/big-diamond40x40-free-img.png\" alt=\"big-diamond(40x40)\" itemprop=\"image\"\/>\n\t\t<h4>Mission<\/h4><p>Nous fournissons des services OEM, ODM et OBM, aidons les clients \u00e0 concevoir les pi\u00e8ces de v\u00e9lo selon des exigences particuli\u00e8res.<\/p><\/li><li>\t\t\n\t\t\t\t<img decoding=\"async\" src=\"https:\/\/www.kuakebicycle.com\/wp-content\/uploads\/2017\/07\/sight40x40-free-img.png\" alt=\"sight(40x40)\" itemprop=\"image\"\/>\n\t\t<h4>Vision<\/h4><p>Chaque \u00e9l\u00e9ment du v\u00e9lo \u00e9lectrique Kuake a \u00e9t\u00e9 con\u00e7u, con\u00e7u et fabriqu\u00e9 selon les normes les plus strictes.<\/p><\/li><li>\t\t\n\t\t\t\t<img decoding=\"async\" src=\"https:\/\/www.kuakebicycle.com\/wp-content\/uploads\/2017\/07\/gift40x40-free-img.png\" alt=\"gift(40x40)\" itemprop=\"image\"\/>\n\t\t<h4>Valeurs<\/h4><p>Nous invitons les clients et les associations professionnelles de toutes les r\u00e9gions du monde \u00e0 nous contacter pour une coop\u00e9ration.<\/p><\/li>\t<\/ul>\n\t<p><strong>1. Pr\u00e9sentez<\/strong><\/p>\n<p>Jiangsu Kuake Technology Co., Ltd. a \u00e9t\u00e9 fond\u00e9e en 2009, qui est un fabricant de v\u00e9los et de tricycles \u00e9lectriques avec des installations d&rsquo;essai bien \u00e9quip\u00e9es et une force technique solide.<\/p>\n<p>Sur la base d&rsquo;\u00e9tudes de march\u00e9 et de retours clients, notre service R&amp;D travaille sur des v\u00e9los et tricycles \u00e9lectriques innovants et uniques.<\/p>\n\t\t\t\t<img loading=\"lazy\" decoding=\"async\" src=\"https:\/\/www.kuakebicycle.com\/wp-content\/uploads\/2021\/03\/Company-Introduction.jpg\" alt=\"Pr\u00e9sentation de l'entreprise\" itemprop=\"image\" height=\"388\" width=\"733\" title=\"Pr\u00e9sentation de l'entreprise\" onerror=\"this.style.display='none'\"  \/>\n\t<p><strong>2. Atelier de fabrication<\/strong><\/p>\n<p>Toutes les pi\u00e8ces de produit pour l&rsquo;exportation peuvent r\u00e9pondre aux normes de qualit\u00e9 internationales, telles que CE, CEE, EN, EMC, ROSH, etc.<\/p>\n<p>Nous fournissons des services OEM, ODM et OBM, aidons les clients \u00e0 concevoir les pi\u00e8ces de v\u00e9lo selon des exigences particuli\u00e8res.<\/p>\n<p>Chaque \u00e9l\u00e9ment des v\u00e9los \u00e9lectriques Kuake a \u00e9t\u00e9 con\u00e7u, con\u00e7u et fabriqu\u00e9 selon les normes les plus strictes. Ils sont assembl\u00e9s et test\u00e9s sur route strictement.<\/p>\n<p>Garantissant un approvisionnement stable et en temps opportun, une qualit\u00e9 cr\u00e9dible et un service sinc\u00e8re, nos produits se vendent bien dans les pays nationaux et dans environ 48 pays d&rsquo;outre-mer.<\/p>\n\t\t\t\t<img loading=\"lazy\" decoding=\"async\" src=\"https:\/\/www.kuakebicycle.com\/wp-content\/uploads\/2021\/03\/Workshop.jpg\" alt=\"Atelier\" itemprop=\"image\" height=\"450\" width=\"649\" title=\"Atelier\" onerror=\"this.style.display='none'\"  \/>\n\t<p><strong>3. Inventaire de l&rsquo;entrep\u00f4t<\/strong><\/p>\n<p>La vitesse de livraison est l&rsquo;un des indicateurs de service les plus importants de Kuake Technology Co., Ltd. Nous coop\u00e9rons \u00e9troitement avec des fournisseurs et des fabricants de composants de v\u00e9los et de tricycles \u00e9lectriques bien connus dans le monde entier.<\/p>\n<p>De plus, nous avons \u00e9galement un large inventaire afin d&rsquo;assurer \u00e0 nos clients une livraison rapide et un bon service apr\u00e8s-vente.<\/p>\n<p>Veuillez nous contacter pour vous renseigner sur le d\u00e9lai de livraison des mod\u00e8les sp\u00e9cifiques.<\/p>\n\t\t\t\t<img loading=\"lazy\" decoding=\"async\" src=\"https:\/\/www.kuakebicycle.com\/wp-content\/uploads\/2021\/03\/Warehouse.jpg\" alt=\"D\u00e9pot\" itemprop=\"image\" height=\"480\" width=\"646\" title=\"D\u00e9pot\" onerror=\"this.style.display='none'\"  \/>\n\t<p><strong>4. Coop\u00e9ration<\/strong><\/p>\n<p>Ne vous inqui\u00e9tez pas, obtenez le meilleur rendement, nous pouvons vous faire plus d&rsquo;argent.<\/p>\n<p>Gr\u00e2ce \u00e0 neuf ann\u00e9es d&rsquo;efforts, notre production annuelle a atteint 100 000 pi\u00e8ces. Nous invitons les clients, les associations professionnelles et les amis du monde entier \u00e0 nous contacter pour coop\u00e9rer.<\/p>\n\t\t\t\t<img loading=\"lazy\" decoding=\"async\" src=\"https:\/\/www.kuakebicycle.com\/wp-content\/uploads\/2021\/03\/Cooperation.png\" alt=\"La coop\u00e9ration\" itemprop=\"image\" height=\"285\" width=\"491\" title=\"La coop\u00e9ration\" onerror=\"this.style.display='none'\"  \/>\n\n","protected":false},"excerpt":{"rendered":"<p>\u00c0 propos de Mission Nous fournissons des services OEM, ODM et OBM, aidons les clients \u00e0 concevoir les pi\u00e8ces de v\u00e9lo selon des exigences particuli\u00e8res. Vision Chaque \u00e9l\u00e9ment du v\u00e9lo \u00e9lectrique Kuake a \u00e9t\u00e9 con\u00e7u, [&hellip;]<\/p>\n","protected":false},"author":1,"featured_media":0,"parent":0,"menu_order":0,"comment_status":"closed","ping_status":"closed","template":"","meta":{"site-sidebar-layout":"no-sidebar","site-content-layout":"page-builder","ast-site-content-layout":"default","site-content-style":"default","site-sidebar-style":"default","ast-global-header-display":"","ast-banner-title-visibility":"","ast-main-header-display":"","ast-hfb-above-header-display":"","ast-hfb-below-header-display":"","ast-hfb-mobile-header-display":"","site-post-title":"disabled","ast-breadcrumbs-content":"","ast-featured-img":"disabled","footer-sml-layout":"","ast-disable-related-posts":"","theme-transparent-header-meta":"default","adv-header-id-meta":"","stick-header-meta":"default","header-above-stick-meta":"","header-main-stick-meta":"","header-below-stick-meta":"","astra-migrate-meta-layouts":"default","ast-page-background-enabled":"default","ast-page-background-meta":{"desktop":{"background-color":"","background-image":"","background-repeat":"repeat","background-position":"center center","background-size":"auto","background-attachment":"scroll","background-type":"","background-media":"","overlay-type":"","overlay-color":"","overlay-opacity":"","overlay-gradient":""},"tablet":{"background-color":"","background-image":"","background-repeat":"repeat","background-position":"center center","background-size":"auto","background-attachment":"scroll","background-type":"","background-media":"","overlay-type":"","overlay-color":"","overlay-opacity":"","overlay-gradient":""},"mobile":{"background-color":"","background-image":"","background-repeat":"repeat","background-position":"center center","background-size":"auto","background-attachment":"scroll","background-type":"","background-media":"","overlay-type":"","overlay-color":"","overlay-opacity":"","overlay-gradient":""}},"ast-content-background-meta":{"desktop":{"background-color":"var(--ast-global-color-5)","background-image":"","background-repeat":"repeat","background-position":"center center","background-size":"auto","background-attachment":"scroll","background-type":"","background-media":"","overlay-type":"","overlay-color":"","overlay-opacity":"","overlay-gradient":""},"tablet":{"background-color":"var(--ast-global-color-5)","background-image":"","background-repeat":"repeat","background-position":"center center","background-size":"auto","background-attachment":"scroll","background-type":"","background-media":"","overlay-type":"","overlay-color":"","overlay-opacity":"","overlay-gradient":""},"mobile":{"background-color":"var(--ast-global-color-5)","background-image":"","background-repeat":"repeat","background-position":"center center","background-size":"auto","background-attachment":"scroll","background-type":"","background-media":"","overlay-type":"","overlay-color":"","overlay-opacity":"","overlay-gradient":""}},"footnotes":""},"class_list":["post-5126","page","type-page","status-publish","hentry"],"yoast_head":"<!-- This site is optimized with the Yoast SEO plugin v27.3 - https:\/\/yoast.com\/product\/yoast-seo-wordpress\/ -->\n<title>\u00c0 propos de - Kuake Bicycle<\/title>\n<meta name=\"description\" content=\"Fond\u00e9e en 2009, Jiangsu Kuake Technology Co., Ltd. est un fabricant de v\u00e9los \u00e9lectriques et de v\u00e9los \u00e9lectriques cargo, nous fournissons des services OEM, ODM et OBM.\" \/>\n<meta name=\"robots\" content=\"index, follow, max-snippet:-1, max-image-preview:large, max-video-preview:-1\" \/>\n<link rel=\"canonical\" href=\"https:\/\/www.kuakebicycle.com\/fr\/a-propos-de\/\" \/>\n<meta property=\"og:locale\" content=\"fr_FR\" \/>\n<meta property=\"og:type\" content=\"article\" \/>\n<meta property=\"og:title\" content=\"\u00c0 propos de - Kuake Bicycle\" \/>\n<meta property=\"og:description\" content=\"Fond\u00e9e en 2009, Jiangsu Kuake Technology Co., Ltd. est un fabricant de v\u00e9los \u00e9lectriques et de v\u00e9los \u00e9lectriques cargo, nous fournissons des services OEM, ODM et OBM.\" \/>\n<meta property=\"og:url\" content=\"https:\/\/www.kuakebicycle.com\/fr\/a-propos-de\/\" \/>\n<meta property=\"og:site_name\" content=\"Kuake Bicycle\" \/>\n<meta property=\"article:modified_time\" content=\"2022-01-06T08:57:30+00:00\" \/>\n<meta property=\"og:image\" content=\"https:\/\/www.kuakebicycle.com\/wp-content\/uploads\/2017\/07\/big-diamond40x40-free-img.png\" \/>\n<meta name=\"twitter:card\" content=\"summary_large_image\" \/>\n<meta name=\"twitter:label1\" content=\"Dur\u00e9e de lecture estim\u00e9e\" \/>\n\t<meta name=\"twitter:data1\" content=\"2 minutes\" \/>\n<script type=\"application\/ld+json\" class=\"yoast-schema-graph\">{\"@context\":\"https:\\\/\\\/schema.org\",\"@graph\":[{\"@type\":\"WebPage\",\"@id\":\"https:\\\/\\\/www.kuakebicycle.com\\\/fr\\\/a-propos-de\\\/\",\"url\":\"https:\\\/\\\/www.kuakebicycle.com\\\/fr\\\/a-propos-de\\\/\",\"name\":\"\u00c0 propos de - Kuake Bicycle\",\"isPartOf\":{\"@id\":\"https:\\\/\\\/www.kuakebicycle.com\\\/fr\\\/#website\"},\"primaryImageOfPage\":{\"@id\":\"https:\\\/\\\/www.kuakebicycle.com\\\/fr\\\/a-propos-de\\\/#primaryimage\"},\"image\":{\"@id\":\"https:\\\/\\\/www.kuakebicycle.com\\\/fr\\\/a-propos-de\\\/#primaryimage\"},\"thumbnailUrl\":\"https:\\\/\\\/www.kuakebicycle.com\\\/wp-content\\\/uploads\\\/2017\\\/07\\\/big-diamond40x40-free-img.png\",\"datePublished\":\"2021-07-25T02:53:03+00:00\",\"dateModified\":\"2022-01-06T08:57:30+00:00\",\"description\":\"Fond\u00e9e en 2009, Jiangsu Kuake Technology Co., Ltd. est un fabricant de v\u00e9los \u00e9lectriques et de v\u00e9los \u00e9lectriques cargo, nous fournissons des services OEM, ODM et OBM.\",\"breadcrumb\":{\"@id\":\"https:\\\/\\\/www.kuakebicycle.com\\\/fr\\\/a-propos-de\\\/#breadcrumb\"},\"inLanguage\":\"fr-FR\",\"potentialAction\":[{\"@type\":\"ReadAction\",\"target\":[\"https:\\\/\\\/www.kuakebicycle.com\\\/fr\\\/a-propos-de\\\/\"]}]},{\"@type\":\"ImageObject\",\"inLanguage\":\"fr-FR\",\"@id\":\"https:\\\/\\\/www.kuakebicycle.com\\\/fr\\\/a-propos-de\\\/#primaryimage\",\"url\":\"https:\\\/\\\/www.kuakebicycle.com\\\/wp-content\\\/uploads\\\/2017\\\/07\\\/big-diamond40x40-free-img.png\",\"contentUrl\":\"https:\\\/\\\/www.kuakebicycle.com\\\/wp-content\\\/uploads\\\/2017\\\/07\\\/big-diamond40x40-free-img.png\"},{\"@type\":\"BreadcrumbList\",\"@id\":\"https:\\\/\\\/www.kuakebicycle.com\\\/fr\\\/a-propos-de\\\/#breadcrumb\",\"itemListElement\":[{\"@type\":\"ListItem\",\"position\":1,\"name\":\"Home\",\"item\":\"https:\\\/\\\/www.kuakebicycle.com\\\/fr\\\/\"},{\"@type\":\"ListItem\",\"position\":2,\"name\":\"\u00c0 propos de\"}]},{\"@type\":\"WebSite\",\"@id\":\"https:\\\/\\\/www.kuakebicycle.com\\\/fr\\\/#website\",\"url\":\"https:\\\/\\\/www.kuakebicycle.com\\\/fr\\\/\",\"name\":\"Kuake Bicycle\",\"description\":\"\",\"publisher\":{\"@id\":\"https:\\\/\\\/www.kuakebicycle.com\\\/fr\\\/#organization\"},\"potentialAction\":[{\"@type\":\"SearchAction\",\"target\":{\"@type\":\"EntryPoint\",\"urlTemplate\":\"https:\\\/\\\/www.kuakebicycle.com\\\/fr\\\/?s={search_term_string}\"},\"query-input\":{\"@type\":\"PropertyValueSpecification\",\"valueRequired\":true,\"valueName\":\"search_term_string\"}}],\"inLanguage\":\"fr-FR\"},{\"@type\":\"Organization\",\"@id\":\"https:\\\/\\\/www.kuakebicycle.com\\\/fr\\\/#organization\",\"name\":\"Kuake Technology\",\"url\":\"https:\\\/\\\/www.kuakebicycle.com\\\/fr\\\/\",\"logo\":{\"@type\":\"ImageObject\",\"inLanguage\":\"fr-FR\",\"@id\":\"https:\\\/\\\/www.kuakebicycle.com\\\/fr\\\/#\\\/schema\\\/logo\\\/image\\\/\",\"url\":\"https:\\\/\\\/www.kuakebicycle.com\\\/wp-content\\\/uploads\\\/2021\\\/03\\\/icon.png\",\"contentUrl\":\"https:\\\/\\\/www.kuakebicycle.com\\\/wp-content\\\/uploads\\\/2021\\\/03\\\/icon.png\",\"width\":100,\"height\":100,\"caption\":\"Kuake Technology\"},\"image\":{\"@id\":\"https:\\\/\\\/www.kuakebicycle.com\\\/fr\\\/#\\\/schema\\\/logo\\\/image\\\/\"}}]}<\/script>\n<!-- \/ Yoast SEO plugin. -->","yoast_head_json":{"title":"\u00c0 propos de - Kuake Bicycle","description":"Fond\u00e9e en 2009, Jiangsu Kuake Technology Co., Ltd. est un fabricant de v\u00e9los \u00e9lectriques et de v\u00e9los \u00e9lectriques cargo, nous fournissons des services OEM, ODM et OBM.","robots":{"index":"index","follow":"follow","max-snippet":"max-snippet:-1","max-image-preview":"max-image-preview:large","max-video-preview":"max-video-preview:-1"},"canonical":"https:\/\/www.kuakebicycle.com\/fr\/a-propos-de\/","og_locale":"fr_FR","og_type":"article","og_title":"\u00c0 propos de - Kuake Bicycle","og_description":"Fond\u00e9e en 2009, Jiangsu Kuake Technology Co., Ltd. est un fabricant de v\u00e9los \u00e9lectriques et de v\u00e9los \u00e9lectriques cargo, nous fournissons des services OEM, ODM et OBM.","og_url":"https:\/\/www.kuakebicycle.com\/fr\/a-propos-de\/","og_site_name":"Kuake Bicycle","article_modified_time":"2022-01-06T08:57:30+00:00","og_image":[{"url":"https:\/\/www.kuakebicycle.com\/wp-content\/uploads\/2017\/07\/big-diamond40x40-free-img.png","type":"","width":"","height":""}],"twitter_card":"summary_large_image","twitter_misc":{"Dur\u00e9e de lecture estim\u00e9e":"2 minutes"},"schema":{"@context":"https:\/\/schema.org","@graph":[{"@type":"WebPage","@id":"https:\/\/www.kuakebicycle.com\/fr\/a-propos-de\/","url":"https:\/\/www.kuakebicycle.com\/fr\/a-propos-de\/","name":"\u00c0 propos de - Kuake Bicycle","isPartOf":{"@id":"https:\/\/www.kuakebicycle.com\/fr\/#website"},"primaryImageOfPage":{"@id":"https:\/\/www.kuakebicycle.com\/fr\/a-propos-de\/#primaryimage"},"image":{"@id":"https:\/\/www.kuakebicycle.com\/fr\/a-propos-de\/#primaryimage"},"thumbnailUrl":"https:\/\/www.kuakebicycle.com\/wp-content\/uploads\/2017\/07\/big-diamond40x40-free-img.png","datePublished":"2021-07-25T02:53:03+00:00","dateModified":"2022-01-06T08:57:30+00:00","description":"Fond\u00e9e en 2009, Jiangsu Kuake Technology Co., Ltd. est un fabricant de v\u00e9los \u00e9lectriques et de v\u00e9los \u00e9lectriques cargo, nous fournissons des services OEM, ODM et OBM.","breadcrumb":{"@id":"https:\/\/www.kuakebicycle.com\/fr\/a-propos-de\/#breadcrumb"},"inLanguage":"fr-FR","potentialAction":[{"@type":"ReadAction","target":["https:\/\/www.kuakebicycle.com\/fr\/a-propos-de\/"]}]},{"@type":"ImageObject","inLanguage":"fr-FR","@id":"https:\/\/www.kuakebicycle.com\/fr\/a-propos-de\/#primaryimage","url":"https:\/\/www.kuakebicycle.com\/wp-content\/uploads\/2017\/07\/big-diamond40x40-free-img.png","contentUrl":"https:\/\/www.kuakebicycle.com\/wp-content\/uploads\/2017\/07\/big-diamond40x40-free-img.png"},{"@type":"BreadcrumbList","@id":"https:\/\/www.kuakebicycle.com\/fr\/a-propos-de\/#breadcrumb","itemListElement":[{"@type":"ListItem","position":1,"name":"Home","item":"https:\/\/www.kuakebicycle.com\/fr\/"},{"@type":"ListItem","position":2,"name":"\u00c0 propos de"}]},{"@type":"WebSite","@id":"https:\/\/www.kuakebicycle.com\/fr\/#website","url":"https:\/\/www.kuakebicycle.com\/fr\/","name":"Kuake Bicycle","description":"","publisher":{"@id":"https:\/\/www.kuakebicycle.com\/fr\/#organization"},"potentialAction":[{"@type":"SearchAction","target":{"@type":"EntryPoint","urlTemplate":"https:\/\/www.kuakebicycle.com\/fr\/?s={search_term_string}"},"query-input":{"@type":"PropertyValueSpecification","valueRequired":true,"valueName":"search_term_string"}}],"inLanguage":"fr-FR"},{"@type":"Organization","@id":"https:\/\/www.kuakebicycle.com\/fr\/#organization","name":"Kuake Technology","url":"https:\/\/www.kuakebicycle.com\/fr\/","logo":{"@type":"ImageObject","inLanguage":"fr-FR","@id":"https:\/\/www.kuakebicycle.com\/fr\/#\/schema\/logo\/image\/","url":"https:\/\/www.kuakebicycle.com\/wp-content\/uploads\/2021\/03\/icon.png","contentUrl":"https:\/\/www.kuakebicycle.com\/wp-content\/uploads\/2021\/03\/icon.png","width":100,"height":100,"caption":"Kuake Technology"},"image":{"@id":"https:\/\/www.kuakebicycle.com\/fr\/#\/schema\/logo\/image\/"}}]}},"_links":{"self":[{"href":"https:\/\/www.kuakebicycle.com\/fr\/wp-json\/wp\/v2\/pages\/5126","targetHints":{"allow":["GET"]}}],"collection":[{"href":"https:\/\/www.kuakebicycle.com\/fr\/wp-json\/wp\/v2\/pages"}],"about":[{"href":"https:\/\/www.kuakebicycle.com\/fr\/wp-json\/wp\/v2\/types\/page"}],"author":[{"embeddable":true,"href":"https:\/\/www.kuakebicycle.com\/fr\/wp-json\/wp\/v2\/users\/1"}],"replies":[{"embeddable":true,"href":"https:\/\/www.kuakebicycle.com\/fr\/wp-json\/wp\/v2\/comments?post=5126"}],"version-history":[{"count":0,"href":"https:\/\/www.kuakebicycle.com\/fr\/wp-json\/wp\/v2\/pages\/5126\/revisions"}],"wp:attachment":[{"href":"https:\/\/www.kuakebicycle.com\/fr\/wp-json\/wp\/v2\/media?parent=5126"}],"curies":[{"name":"wp","href":"https:\/\/api.w.org\/{rel}","templated":true}]}}