{"id":6742,"date":"2021-03-29T07:07:21","date_gmt":"2021-07-27T03:19:59","guid":{"rendered":"https:\/\/www.kuakebicycle.com\/triciclo-electrico-de-carga-con-cargador-frontal-kk6012-250-w-10-ah-6-velocidades\/"},"modified":"2021-07-27T03:20:02","modified_gmt":"2021-07-27T03:20:02","slug":"kk6012-triciclo-de-carga-electrico-de-cargador-frontal","status":"publish","type":"product","link":"https:\/\/www.kuakebicycle.com\/es\/kk6012-triciclo-de-carga-electrico-de-cargador-frontal\/","title":{"rendered":"Triciclo El\u00e9ctrico De Carga Con Cargador Frontal KK6012 (250 W, 10 Ah, 6 Velocidades)"},"content":{"rendered":"<table border=\"1\" width=\"556\">\n<tbody>\n<tr>\n<td style=\"text-align: center;\" colspan=\"2\" bgcolor=\"#d9edf7\"><strong>Especificaciones De La Bicicleta<\/strong><\/td>\n<\/tr>\n<tr>\n<td bgcolor=\"#f5f2f2\" width=\"275\"><strong>N \u00ba De Modelo.<\/strong><\/td>\n<td width=\"281\">KK6012<\/td>\n<\/tr>\n<tr>\n<td bgcolor=\"#f5f2f2\" width=\"275\"><strong>Marco<\/strong><\/td>\n<td width=\"281\">Aleaci\u00f3n de aluminio<\/td>\n<\/tr>\n<tr>\n<td bgcolor=\"#f5f2f2\" width=\"275\"><strong>Engranaje<\/strong><\/td>\n<td width=\"281\">Shimano 6 velocidades<\/td>\n<\/tr>\n<tr>\n<td bgcolor=\"#f5f2f2\" width=\"275\"><strong>Cambiadores<\/strong><\/td>\n<td width=\"281\">Shimano 6 velocidades<\/td>\n<\/tr>\n<tr>\n<td bgcolor=\"#f5f2f2\" width=\"275\"><strong>Rueda libre<\/strong><\/td>\n<td width=\"281\">Shimano 6 velocidades<\/td>\n<\/tr>\n<tr>\n<td bgcolor=\"#f5f2f2\" width=\"275\"><strong>Freno frontal<\/strong><\/td>\n<td width=\"281\">Freno de disco hidr\u00e1ulico<\/td>\n<\/tr>\n<tr>\n<td bgcolor=\"#f5f2f2\" width=\"275\"><strong>Freno trasero<\/strong><\/td>\n<td width=\"281\">Freno en V<\/td>\n<\/tr>\n<tr>\n<td bgcolor=\"#f5f2f2\" width=\"275\"><strong>Neum\u00e1ticos<\/strong><\/td>\n<td width=\"281\">20\u00bb*1.75\u00bb\/24\u00bb*1.75\u00bb<\/td>\n<\/tr>\n<tr>\n<td bgcolor=\"#f5f2f2\" width=\"275\"><strong>Cadena<\/strong><\/td>\n<td width=\"281\">KMC<\/td>\n<\/tr>\n<tr>\n<td bgcolor=\"#f5f2f2\" width=\"275\"><strong>Guardabarros de rueda<\/strong><\/td>\n<td width=\"281\">Acero inoxidable<\/td>\n<\/tr>\n<tr>\n<td bgcolor=\"#f5f2f2\" width=\"275\"><strong>Tama\u00f1o del cargador<\/strong><\/td>\n<td width=\"281\">90*65*50cm<\/td>\n<\/tr>\n<tr>\n<td style=\"text-align: center;\" colspan=\"2\" bgcolor=\"#d9edf7\"><strong>Sistema electrico<\/strong><\/td>\n<\/tr>\n<tr>\n<td bgcolor=\"#f5f2f2\" width=\"275\"><strong>Bater\u00eda<\/strong><\/td>\n<td width=\"281\">Bater\u00eda de litio Samsung 36V 10A<\/td>\n<\/tr>\n<tr>\n<td bgcolor=\"#f5f2f2\" width=\"275\"><strong>Sensor<\/strong><\/td>\n<td width=\"281\">Transductor de par<\/td>\n<\/tr>\n<tr>\n<td bgcolor=\"#f5f2f2\" width=\"275\"><strong>Tiempo de carga<\/strong><\/td>\n<td width=\"281\">4~6 Hours<\/td>\n<\/tr>\n<tr>\n<td bgcolor=\"#f5f2f2\" width=\"275\"><strong>Tiempos de recarga<\/strong><\/td>\n<td width=\"281\">800 ~ 1000 veces<\/td>\n<\/tr>\n<tr>\n<td bgcolor=\"#f5f2f2\" width=\"275\"><strong>Fuerza de motor<\/strong><\/td>\n<td width=\"281\">Motor DAPU de 36V250W<\/td>\n<\/tr>\n<tr>\n<td bgcolor=\"#f5f2f2\" width=\"275\"><strong>Controlador<\/strong><\/td>\n<td width=\"281\">36V inteligente<\/td>\n<\/tr>\n<tr>\n<td bgcolor=\"#f5f2f2\" width=\"275\"><strong>Monitor<\/strong><\/td>\n<td width=\"281\">Pantalla LCD<\/td>\n<\/tr>\n<tr>\n<td bgcolor=\"#f5f2f2\" width=\"275\"><strong>M\u00e1xima velocidad<\/strong><\/td>\n<td width=\"281\">25km\/h<\/td>\n<\/tr>\n<tr>\n<td bgcolor=\"#f5f2f2\" width=\"275\"><strong>Distancia de carga<\/strong><\/td>\n<td width=\"281\">40 km<\/td>\n<\/tr>\n<\/tbody>\n<\/table>\n","protected":false},"excerpt":{"rendered":"<ul>\n<li><strong>Marco: dise\u00f1o de marco de aleaci\u00f3n de aluminio, el tama\u00f1o de la caja del cargador de acero inoxidable es de 90 * 65 * 50 cm.<\/strong><\/li>\n<li><strong>Motor: El motor DAPU 36V \/ 250W proporciona una potencia m\u00e1s que suficiente, la velocidad m\u00e1xima se puede alcanzar a 25 km \/ h.<\/strong><\/li>\n<li><strong>Bater\u00eda: bater\u00eda Samsung de 36 V \/ 10 A, tiempo de carga: 4 ~ 6 horas, duraci\u00f3n de la bater\u00eda: 800 ~ 1000 ciclos.<\/strong><\/li>\n<li><strong>Freno: frenos de disco hidr\u00e1ulicos delanteros y freno trasero en V.<\/strong><\/li>\n<li><strong>Manetas de cambio: el sistema de transmisi\u00f3n Shimano de 6 velocidades garantiza la experiencia de velocidad diferente que necesita para conducir.<\/strong><\/li>\n<\/ul>\n","protected":false},"featured_media":6743,"comment_status":"closed","ping_status":"closed","template":"","meta":{"site-sidebar-layout":"default","site-content-layout":"default","ast-site-content-layout":"default","site-content-style":"default","site-sidebar-style":"default","ast-global-header-display":"","ast-banner-title-visibility":"","ast-main-header-display":"","ast-hfb-above-header-display":"","ast-hfb-below-header-display":"","ast-hfb-mobile-header-display":"","site-post-title":"","ast-breadcrumbs-content":"","ast-featured-img":"","footer-sml-layout":"","ast-disable-related-posts":"","theme-transparent-header-meta":"default","adv-header-id-meta":"","stick-header-meta":"default","header-above-stick-meta":"","header-main-stick-meta":"","header-below-stick-meta":"","astra-migrate-meta-layouts":"default","ast-page-background-enabled":"default","ast-page-background-meta":{"desktop":{"background-color":"","background-image":"","background-repeat":"repeat","background-position":"center center","background-size":"auto","background-attachment":"scroll","background-type":"","background-media":"","overlay-type":"","overlay-color":"","overlay-opacity":"","overlay-gradient":""},"tablet":{"background-color":"","background-image":"","background-repeat":"repeat","background-position":"center center","background-size":"auto","background-attachment":"scroll","background-type":"","background-media":"","overlay-type":"","overlay-color":"","overlay-opacity":"","overlay-gradient":""},"mobile":{"background-color":"","background-image":"","background-repeat":"repeat","background-position":"center center","background-size":"auto","background-attachment":"scroll","background-type":"","background-media":"","overlay-type":"","overlay-color":"","overlay-opacity":"","overlay-gradient":""}},"ast-content-background-meta":{"desktop":{"background-color":"var(--ast-global-color-5)","background-image":"","background-repeat":"repeat","background-position":"center center","background-size":"auto","background-attachment":"scroll","background-type":"","background-media":"","overlay-type":"","overlay-color":"","overlay-opacity":"","overlay-gradient":""},"tablet":{"background-color":"var(--ast-global-color-5)","background-image":"","background-repeat":"repeat","background-position":"center center","background-size":"auto","background-attachment":"scroll","background-type":"","background-media":"","overlay-type":"","overlay-color":"","overlay-opacity":"","overlay-gradient":""},"mobile":{"background-color":"var(--ast-global-color-5)","background-image":"","background-repeat":"repeat","background-position":"center center","background-size":"auto","background-attachment":"scroll","background-type":"","background-media":"","overlay-type":"","overlay-color":"","overlay-opacity":"","overlay-gradient":""}}},"product_brand":[],"product_cat":[105],"product_tag":[],"class_list":{"0":"post-6742","1":"product","2":"type-product","3":"status-publish","4":"has-post-thumbnail","6":"product_cat-triciclo-electrico","7":"desktop-align-left","8":"tablet-align-left","9":"mobile-align-left","10":"ast-product-gallery-layout-horizontal","11":"ast-product-tabs-layout-horizontal","12":"ast-qv-on-image","14":"first","15":"instock","16":"shipping-taxable","17":"product-type-simple"},"yoast_head":"<!-- This site is optimized with the Yoast SEO plugin v27.3 - https:\/\/yoast.com\/product\/yoast-seo-wordpress\/ -->\n<title>Triciclo El\u00e9ctrico De Carga Con Cargador Frontal KK6012 (250 W, 10 Ah, 6 Velocidades) - Kuake Bicycle<\/title>\n<meta name=\"robots\" content=\"index, follow, max-snippet:-1, max-image-preview:large, max-video-preview:-1\" \/>\n<link rel=\"canonical\" href=\"https:\/\/www.kuakebicycle.com\/es\/kk6012-triciclo-de-carga-electrico-de-cargador-frontal\/\" \/>\n<meta property=\"og:locale\" content=\"es_ES\" \/>\n<meta property=\"og:type\" content=\"article\" \/>\n<meta property=\"og:title\" content=\"Triciclo El\u00e9ctrico De Carga Con Cargador Frontal KK6012 (250 W, 10 Ah, 6 Velocidades) - Kuake Bicycle\" \/>\n<meta property=\"og:description\" content=\"Marco: dise\u00f1o de marco de aleaci\u00f3n de aluminio, el tama\u00f1o de la caja del cargador de acero inoxidable es de 90 * 65 * 50 cm.  Motor: El motor DAPU 36V \/ 250W proporciona una potencia m\u00e1s que suficiente, la velocidad m\u00e1xima se puede alcanzar a 25 km \/ h.  Bater\u00eda: bater\u00eda Samsung de 36 V \/ 10 A, tiempo de carga: 4 ~ 6 horas, duraci\u00f3n de la bater\u00eda: 800 ~ 1000 ciclos.  Freno: frenos de disco hidr\u00e1ulicos delanteros y freno trasero en V.  Manetas de cambio: el sistema de transmisi\u00f3n Shimano de 6 velocidades garantiza la experiencia de velocidad diferente que necesita para conducir.\" \/>\n<meta property=\"og:url\" content=\"https:\/\/www.kuakebicycle.com\/es\/kk6012-triciclo-de-carga-electrico-de-cargador-frontal\/\" \/>\n<meta property=\"og:site_name\" content=\"Kuake Bicycle\" \/>\n<meta property=\"article:modified_time\" content=\"2021-07-27T03:20:02+00:00\" \/>\n<meta property=\"og:image\" content=\"https:\/\/www.kuakebicycle.com\/wp-content\/uploads\/2021\/03\/KK6012-Front-Loader-Electric-Cargo-Tricycle.jpg\" \/>\n\t<meta property=\"og:image:width\" content=\"600\" \/>\n\t<meta property=\"og:image:height\" content=\"600\" \/>\n\t<meta property=\"og:image:type\" content=\"image\/jpeg\" \/>\n<meta name=\"twitter:card\" content=\"summary_large_image\" \/>\n<script type=\"application\/ld+json\" class=\"yoast-schema-graph\">{\"@context\":\"https:\\\/\\\/schema.org\",\"@graph\":[{\"@type\":\"WebPage\",\"@id\":\"https:\\\/\\\/www.kuakebicycle.com\\\/es\\\/kk6012-triciclo-de-carga-electrico-de-cargador-frontal\\\/\",\"url\":\"https:\\\/\\\/www.kuakebicycle.com\\\/es\\\/kk6012-triciclo-de-carga-electrico-de-cargador-frontal\\\/\",\"name\":\"Triciclo El\u00e9ctrico De Carga Con Cargador Frontal KK6012 (250 W, 10 Ah, 6 Velocidades) - Kuake Bicycle\",\"isPartOf\":{\"@id\":\"https:\\\/\\\/www.kuakebicycle.com\\\/es\\\/#website\"},\"primaryImageOfPage\":{\"@id\":\"https:\\\/\\\/www.kuakebicycle.com\\\/es\\\/kk6012-triciclo-de-carga-electrico-de-cargador-frontal\\\/#primaryimage\"},\"image\":{\"@id\":\"https:\\\/\\\/www.kuakebicycle.com\\\/es\\\/kk6012-triciclo-de-carga-electrico-de-cargador-frontal\\\/#primaryimage\"},\"thumbnailUrl\":\"https:\\\/\\\/www.kuakebicycle.com\\\/wp-content\\\/uploads\\\/2021\\\/03\\\/KK6012-Front-Loader-Electric-Cargo-Tricycle.jpg\",\"datePublished\":\"2021-07-27T03:19:59+00:00\",\"dateModified\":\"2021-07-27T03:20:02+00:00\",\"breadcrumb\":{\"@id\":\"https:\\\/\\\/www.kuakebicycle.com\\\/es\\\/kk6012-triciclo-de-carga-electrico-de-cargador-frontal\\\/#breadcrumb\"},\"inLanguage\":\"es\",\"potentialAction\":[{\"@type\":\"ReadAction\",\"target\":[\"https:\\\/\\\/www.kuakebicycle.com\\\/es\\\/kk6012-triciclo-de-carga-electrico-de-cargador-frontal\\\/\"]}]},{\"@type\":\"ImageObject\",\"inLanguage\":\"es\",\"@id\":\"https:\\\/\\\/www.kuakebicycle.com\\\/es\\\/kk6012-triciclo-de-carga-electrico-de-cargador-frontal\\\/#primaryimage\",\"url\":\"https:\\\/\\\/www.kuakebicycle.com\\\/wp-content\\\/uploads\\\/2021\\\/03\\\/KK6012-Front-Loader-Electric-Cargo-Tricycle.jpg\",\"contentUrl\":\"https:\\\/\\\/www.kuakebicycle.com\\\/wp-content\\\/uploads\\\/2021\\\/03\\\/KK6012-Front-Loader-Electric-Cargo-Tricycle.jpg\",\"width\":600,\"height\":600,\"caption\":\"Triciclo el\u00e9ctrico de carga con cargador frontal KK6012\"},{\"@type\":\"BreadcrumbList\",\"@id\":\"https:\\\/\\\/www.kuakebicycle.com\\\/es\\\/kk6012-triciclo-de-carga-electrico-de-cargador-frontal\\\/#breadcrumb\",\"itemListElement\":[{\"@type\":\"ListItem\",\"position\":1,\"name\":\"Home\",\"item\":\"https:\\\/\\\/www.kuakebicycle.com\\\/es\\\/\"},{\"@type\":\"ListItem\",\"position\":2,\"name\":\"Productos\",\"item\":\"https:\\\/\\\/www.kuakebicycle.com\\\/es\\\/productos\\\/\"},{\"@type\":\"ListItem\",\"position\":3,\"name\":\"Triciclo El\u00e9ctrico De Carga Con Cargador Frontal KK6012 (250 W, 10 Ah, 6 Velocidades)\"}]},{\"@type\":\"WebSite\",\"@id\":\"https:\\\/\\\/www.kuakebicycle.com\\\/es\\\/#website\",\"url\":\"https:\\\/\\\/www.kuakebicycle.com\\\/es\\\/\",\"name\":\"Kuake Bicycle\",\"description\":\"\",\"publisher\":{\"@id\":\"https:\\\/\\\/www.kuakebicycle.com\\\/es\\\/#organization\"},\"potentialAction\":[{\"@type\":\"SearchAction\",\"target\":{\"@type\":\"EntryPoint\",\"urlTemplate\":\"https:\\\/\\\/www.kuakebicycle.com\\\/es\\\/?s={search_term_string}\"},\"query-input\":{\"@type\":\"PropertyValueSpecification\",\"valueRequired\":true,\"valueName\":\"search_term_string\"}}],\"inLanguage\":\"es\"},{\"@type\":\"Organization\",\"@id\":\"https:\\\/\\\/www.kuakebicycle.com\\\/es\\\/#organization\",\"name\":\"Kuake Technology\",\"url\":\"https:\\\/\\\/www.kuakebicycle.com\\\/es\\\/\",\"logo\":{\"@type\":\"ImageObject\",\"inLanguage\":\"es\",\"@id\":\"https:\\\/\\\/www.kuakebicycle.com\\\/es\\\/#\\\/schema\\\/logo\\\/image\\\/\",\"url\":\"https:\\\/\\\/www.kuakebicycle.com\\\/wp-content\\\/uploads\\\/2021\\\/03\\\/icon.png\",\"contentUrl\":\"https:\\\/\\\/www.kuakebicycle.com\\\/wp-content\\\/uploads\\\/2021\\\/03\\\/icon.png\",\"width\":100,\"height\":100,\"caption\":\"Kuake Technology\"},\"image\":{\"@id\":\"https:\\\/\\\/www.kuakebicycle.com\\\/es\\\/#\\\/schema\\\/logo\\\/image\\\/\"}}]}<\/script>\n<!-- \/ Yoast SEO plugin. -->","yoast_head_json":{"title":"Triciclo El\u00e9ctrico De Carga Con Cargador Frontal KK6012 (250 W, 10 Ah, 6 Velocidades) - Kuake Bicycle","robots":{"index":"index","follow":"follow","max-snippet":"max-snippet:-1","max-image-preview":"max-image-preview:large","max-video-preview":"max-video-preview:-1"},"canonical":"https:\/\/www.kuakebicycle.com\/es\/kk6012-triciclo-de-carga-electrico-de-cargador-frontal\/","og_locale":"es_ES","og_type":"article","og_title":"Triciclo El\u00e9ctrico De Carga Con Cargador Frontal KK6012 (250 W, 10 Ah, 6 Velocidades) - Kuake Bicycle","og_description":"Marco: dise\u00f1o de marco de aleaci\u00f3n de aluminio, el tama\u00f1o de la caja del cargador de acero inoxidable es de 90 * 65 * 50 cm.  Motor: El motor DAPU 36V \/ 250W proporciona una potencia m\u00e1s que suficiente, la velocidad m\u00e1xima se puede alcanzar a 25 km \/ h.  Bater\u00eda: bater\u00eda Samsung de 36 V \/ 10 A, tiempo de carga: 4 ~ 6 horas, duraci\u00f3n de la bater\u00eda: 800 ~ 1000 ciclos.  Freno: frenos de disco hidr\u00e1ulicos delanteros y freno trasero en V.  Manetas de cambio: el sistema de transmisi\u00f3n Shimano de 6 velocidades garantiza la experiencia de velocidad diferente que necesita para conducir.","og_url":"https:\/\/www.kuakebicycle.com\/es\/kk6012-triciclo-de-carga-electrico-de-cargador-frontal\/","og_site_name":"Kuake Bicycle","article_modified_time":"2021-07-27T03:20:02+00:00","og_image":[{"width":600,"height":600,"url":"https:\/\/www.kuakebicycle.com\/wp-content\/uploads\/2021\/03\/KK6012-Front-Loader-Electric-Cargo-Tricycle.jpg","type":"image\/jpeg"}],"twitter_card":"summary_large_image","schema":{"@context":"https:\/\/schema.org","@graph":[{"@type":"WebPage","@id":"https:\/\/www.kuakebicycle.com\/es\/kk6012-triciclo-de-carga-electrico-de-cargador-frontal\/","url":"https:\/\/www.kuakebicycle.com\/es\/kk6012-triciclo-de-carga-electrico-de-cargador-frontal\/","name":"Triciclo El\u00e9ctrico De Carga Con Cargador Frontal KK6012 (250 W, 10 Ah, 6 Velocidades) - Kuake Bicycle","isPartOf":{"@id":"https:\/\/www.kuakebicycle.com\/es\/#website"},"primaryImageOfPage":{"@id":"https:\/\/www.kuakebicycle.com\/es\/kk6012-triciclo-de-carga-electrico-de-cargador-frontal\/#primaryimage"},"image":{"@id":"https:\/\/www.kuakebicycle.com\/es\/kk6012-triciclo-de-carga-electrico-de-cargador-frontal\/#primaryimage"},"thumbnailUrl":"https:\/\/www.kuakebicycle.com\/wp-content\/uploads\/2021\/03\/KK6012-Front-Loader-Electric-Cargo-Tricycle.jpg","datePublished":"2021-07-27T03:19:59+00:00","dateModified":"2021-07-27T03:20:02+00:00","breadcrumb":{"@id":"https:\/\/www.kuakebicycle.com\/es\/kk6012-triciclo-de-carga-electrico-de-cargador-frontal\/#breadcrumb"},"inLanguage":"es","potentialAction":[{"@type":"ReadAction","target":["https:\/\/www.kuakebicycle.com\/es\/kk6012-triciclo-de-carga-electrico-de-cargador-frontal\/"]}]},{"@type":"ImageObject","inLanguage":"es","@id":"https:\/\/www.kuakebicycle.com\/es\/kk6012-triciclo-de-carga-electrico-de-cargador-frontal\/#primaryimage","url":"https:\/\/www.kuakebicycle.com\/wp-content\/uploads\/2021\/03\/KK6012-Front-Loader-Electric-Cargo-Tricycle.jpg","contentUrl":"https:\/\/www.kuakebicycle.com\/wp-content\/uploads\/2021\/03\/KK6012-Front-Loader-Electric-Cargo-Tricycle.jpg","width":600,"height":600,"caption":"Triciclo el\u00e9ctrico de carga con cargador frontal KK6012"},{"@type":"BreadcrumbList","@id":"https:\/\/www.kuakebicycle.com\/es\/kk6012-triciclo-de-carga-electrico-de-cargador-frontal\/#breadcrumb","itemListElement":[{"@type":"ListItem","position":1,"name":"Home","item":"https:\/\/www.kuakebicycle.com\/es\/"},{"@type":"ListItem","position":2,"name":"Productos","item":"https:\/\/www.kuakebicycle.com\/es\/productos\/"},{"@type":"ListItem","position":3,"name":"Triciclo El\u00e9ctrico De Carga Con Cargador Frontal KK6012 (250 W, 10 Ah, 6 Velocidades)"}]},{"@type":"WebSite","@id":"https:\/\/www.kuakebicycle.com\/es\/#website","url":"https:\/\/www.kuakebicycle.com\/es\/","name":"Kuake Bicycle","description":"","publisher":{"@id":"https:\/\/www.kuakebicycle.com\/es\/#organization"},"potentialAction":[{"@type":"SearchAction","target":{"@type":"EntryPoint","urlTemplate":"https:\/\/www.kuakebicycle.com\/es\/?s={search_term_string}"},"query-input":{"@type":"PropertyValueSpecification","valueRequired":true,"valueName":"search_term_string"}}],"inLanguage":"es"},{"@type":"Organization","@id":"https:\/\/www.kuakebicycle.com\/es\/#organization","name":"Kuake Technology","url":"https:\/\/www.kuakebicycle.com\/es\/","logo":{"@type":"ImageObject","inLanguage":"es","@id":"https:\/\/www.kuakebicycle.com\/es\/#\/schema\/logo\/image\/","url":"https:\/\/www.kuakebicycle.com\/wp-content\/uploads\/2021\/03\/icon.png","contentUrl":"https:\/\/www.kuakebicycle.com\/wp-content\/uploads\/2021\/03\/icon.png","width":100,"height":100,"caption":"Kuake Technology"},"image":{"@id":"https:\/\/www.kuakebicycle.com\/es\/#\/schema\/logo\/image\/"}}]}},"_links":{"self":[{"href":"https:\/\/www.kuakebicycle.com\/es\/wp-json\/wp\/v2\/product\/6742","targetHints":{"allow":["GET"]}}],"collection":[{"href":"https:\/\/www.kuakebicycle.com\/es\/wp-json\/wp\/v2\/product"}],"about":[{"href":"https:\/\/www.kuakebicycle.com\/es\/wp-json\/wp\/v2\/types\/product"}],"replies":[{"embeddable":true,"href":"https:\/\/www.kuakebicycle.com\/es\/wp-json\/wp\/v2\/comments?post=6742"}],"wp:featuredmedia":[{"embeddable":true,"href":"https:\/\/www.kuakebicycle.com\/es\/wp-json\/wp\/v2\/media\/6743"}],"wp:attachment":[{"href":"https:\/\/www.kuakebicycle.com\/es\/wp-json\/wp\/v2\/media?parent=6742"}],"wp:term":[{"taxonomy":"product_brand","embeddable":true,"href":"https:\/\/www.kuakebicycle.com\/es\/wp-json\/wp\/v2\/product_brand?post=6742"},{"taxonomy":"product_cat","embeddable":true,"href":"https:\/\/www.kuakebicycle.com\/es\/wp-json\/wp\/v2\/product_cat?post=6742"},{"taxonomy":"product_tag","embeddable":true,"href":"https:\/\/www.kuakebicycle.com\/es\/wp-json\/wp\/v2\/product_tag?post=6742"}],"curies":[{"name":"wp","href":"https:\/\/api.w.org\/{rel}","templated":true}]}}