{"id":3780,"date":"2021-03-26T05:41:22","date_gmt":"2021-07-21T06:54:45","guid":{"rendered":"https:\/\/www.kuakebicycle.com\/bicicleta-de-ciudad-electrica-kk9053-250w-10ah-6-velocidades\/"},"modified":"2021-12-31T04:03:25","modified_gmt":"2021-12-31T04:03:25","slug":"kk9053-bicicleta-electrica-urbana","status":"publish","type":"product","link":"https:\/\/www.kuakebicycle.com\/es\/kk9053-bicicleta-electrica-urbana\/","title":{"rendered":"Bicicleta El\u00e9ctrica De Ciudad Para Mujer KK9053 (28 pulgadas, 250W, 10Ah, 6 velocidades)"},"content":{"rendered":"<p><iframe loading=\"lazy\" title=\"Reproductor de video de YouTube\" src=\"https:\/\/www.youtube.com\/embed\/CefMNucEP80\" width=\"560\" height=\"315\" frameborder=\"0\" allowfullscreen=\"allowfullscreen\"><\/iframe><\/p>\n<table border=\"1\" width=\"556\">\n<tbody>\n<tr>\n<td style=\"text-align: center;\" colspan=\"2\" bgcolor=\"#d9edf7\"><strong>Especificaciones De La Bicicleta<\/strong><\/td>\n<\/tr>\n<tr>\n<td bgcolor=\"#f5f2f2\" width=\"275\"><strong>N \u00ba De Modelo.<\/strong><\/td>\n<td width=\"281\">KK9053<\/td>\n<\/tr>\n<tr>\n<td bgcolor=\"#f5f2f2\" width=\"275\"><strong>Peso neto<\/strong><\/td>\n<td width=\"281\">30KG<\/td>\n<\/tr>\n<tr>\n<td bgcolor=\"#f5f2f2\" width=\"275\"><strong>Peso bruto<\/strong><\/td>\n<td width=\"281\">35KG<\/td>\n<\/tr>\n<tr>\n<td bgcolor=\"#f5f2f2\" width=\"275\"><strong>Marco<\/strong><\/td>\n<td width=\"281\">Aleaci\u00f3n de aluminio<\/td>\n<\/tr>\n<tr>\n<td bgcolor=\"#f5f2f2\" width=\"275\"><strong>Tenedor<\/strong><\/td>\n<td width=\"281\">Horquilla de aleaci\u00f3n de aluminio ZOOM sing suspension<\/td>\n<\/tr>\n<tr>\n<td bgcolor=\"#f5f2f2\" width=\"275\"><strong>Engranaje<\/strong><\/td>\n<td width=\"281\">Shimano 6 velocidades<\/td>\n<\/tr>\n<tr>\n<td bgcolor=\"#f5f2f2\" width=\"275\"><strong>Cambiadores<\/strong><\/td>\n<td width=\"281\">6 velocidades<\/td>\n<\/tr>\n<tr>\n<td bgcolor=\"#f5f2f2\" width=\"275\"><strong>Rueda libre<\/strong><\/td>\n<td width=\"281\">6 velocidades<\/td>\n<\/tr>\n<tr>\n<td bgcolor=\"#f5f2f2\" width=\"275\"><strong>Freno frontal<\/strong><\/td>\n<td width=\"281\">Freno de disco mec\u00e1nico TEKTRO<\/td>\n<\/tr>\n<tr>\n<td bgcolor=\"#f5f2f2\" width=\"275\"><strong>Freno trasero<\/strong><\/td>\n<td width=\"281\">Freno de disco mec\u00e1nico TEKTRO<\/td>\n<\/tr>\n<tr>\n<td bgcolor=\"#f5f2f2\" width=\"275\"><strong>Pedals<\/strong><\/td>\n<td width=\"281\">Pedal de aleaci\u00f3n de aluminio con reflector<\/td>\n<\/tr>\n<tr>\n<td bgcolor=\"#f5f2f2\" width=\"275\"><strong>Borde<\/strong><\/td>\n<td width=\"281\">Aleaci\u00f3n de aluminio<\/td>\n<\/tr>\n<tr>\n<td bgcolor=\"#f5f2f2\" width=\"275\"><strong>Neum\u00e1ticos<\/strong><\/td>\n<td width=\"281\">700C*40C<\/td>\n<\/tr>\n<tr>\n<td bgcolor=\"#f5f2f2\" width=\"275\"><strong>Radios<\/strong><\/td>\n<td width=\"281\">13g acero inoxidable<\/td>\n<\/tr>\n<tr>\n<td bgcolor=\"#f5f2f2\" width=\"275\"><strong>Manillar<\/strong><\/td>\n<td width=\"281\">Aluminio de aleaci\u00f3n, modelo deportivo<\/td>\n<\/tr>\n<tr>\n<td bgcolor=\"#f5f2f2\" width=\"275\"><strong>Madre<\/strong><\/td>\n<td width=\"281\">Aleaci\u00f3n de aluminio<\/td>\n<\/tr>\n<tr>\n<td bgcolor=\"#f5f2f2\" width=\"275\"><strong>Sujeci\u00f3n<\/strong><\/td>\n<td width=\"281\">TC-G107A<\/td>\n<\/tr>\n<tr>\n<td bgcolor=\"#f5f2f2\" width=\"275\"><strong>Freno de mano<\/strong><\/td>\n<td width=\"281\">Aleaci\u00f3n LE-52A<\/td>\n<\/tr>\n<tr>\n<td bgcolor=\"#f5f2f2\" width=\"275\"><strong>Sill\u00edn<\/strong><\/td>\n<td width=\"281\">Suave c\u00f3modo<\/td>\n<\/tr>\n<tr>\n<td bgcolor=\"#f5f2f2\" width=\"275\"><strong>Pata de cabra<\/strong><\/td>\n<td width=\"281\">CL-KA66, aleaci\u00f3n<\/td>\n<\/tr>\n<tr>\n<td bgcolor=\"#f5f2f2\" width=\"275\"><strong>Cadena<\/strong><\/td>\n<td width=\"281\">KMC<\/td>\n<\/tr>\n<tr>\n<td style=\"text-align: center;\" colspan=\"2\" bgcolor=\"#d9edf7\"><strong>Sistema electrico<\/strong><\/td>\n<\/tr>\n<tr>\n<td bgcolor=\"#f5f2f2\" width=\"275\"><strong>Bater\u00eda<\/strong><\/td>\n<td width=\"281\">Bater\u00eda de litio 36V10AH<\/td>\n<\/tr>\n<tr>\n<td bgcolor=\"#f5f2f2\" width=\"275\"><strong>Cargador<\/strong><\/td>\n<td width=\"281\">Cargador inteligente AC 100-240V<\/td>\n<\/tr>\n<tr>\n<td bgcolor=\"#f5f2f2\" width=\"275\"><strong>Tiempo de carga<\/strong><\/td>\n<td width=\"281\">4 ~ 6 horas<\/td>\n<\/tr>\n<tr>\n<td bgcolor=\"#f5f2f2\" width=\"275\"><strong>Tiempos de recarga<\/strong><\/td>\n<td width=\"281\">800 ~ 1000 veces<\/td>\n<\/tr>\n<tr>\n<td bgcolor=\"#f5f2f2\" width=\"275\"><strong>Fuerza de motor<\/strong><\/td>\n<td width=\"281\">36V 250W<\/td>\n<\/tr>\n<tr>\n<td bgcolor=\"#f5f2f2\" width=\"275\"><strong>Controlador<\/strong><\/td>\n<td width=\"281\">36V\/12A<\/td>\n<\/tr>\n<tr>\n<td bgcolor=\"#f5f2f2\" width=\"275\"><strong>Monitor<\/strong><\/td>\n<td width=\"281\">LCD<\/td>\n<\/tr>\n<tr>\n<td bgcolor=\"#f5f2f2\" width=\"275\"><strong>M\u00e1xima velocidad<\/strong><\/td>\n<td width=\"281\">25Km\/H<\/td>\n<\/tr>\n<tr>\n<td bgcolor=\"#f5f2f2\" width=\"275\"><strong>Distancia de carga<\/strong><\/td>\n<td width=\"281\">31~60km<\/td>\n<\/tr>\n<tr>\n<td style=\"text-align: center;\" colspan=\"2\" bgcolor=\"#d9edf7\"><strong>Detalles de env\u00edo<\/strong><\/td>\n<\/tr>\n<tr>\n<td bgcolor=\"#f5f2f2\" width=\"275\"><strong>Tama\u00f1o de embalaje<\/strong><\/td>\n<td width=\"281\">148*24*87cm<\/td>\n<\/tr>\n<tr>\n<td bgcolor=\"#f5f2f2\" width=\"275\"><strong>40&#8243; Hq(Pcs)<\/strong><\/td>\n<td width=\"281\">210pcs<\/td>\n<\/tr>\n<tr>\n<td bgcolor=\"#f5f2f2\" width=\"275\"><strong>20&#8243; Hq(Pcs)<\/strong><\/td>\n<td width=\"281\">82pcs<\/td>\n<\/tr>\n<\/tbody>\n<\/table>\n","protected":false},"excerpt":{"rendered":"<ul>\n<li><strong>Marco: dise\u00f1o de marco de aleaci\u00f3n de aluminio 100% 6061 de alta resistencia, la carga m\u00e1xima se puede alcanzar 300 libras.<\/strong><\/li>\n<li><strong>Motor: el motor trasero sin escobillas de alta velocidad de 36 V \/ 250 W proporciona potencia m\u00e1s que suficiente, la velocidad m\u00e1xima se puede alcanzar a 25 km \/ h.<\/strong><\/li>\n<li><strong>Bater\u00eda: bater\u00eda de litio extra\u00edble de 36V \/ 10AH, tiempo de carga: 4 ~ 6 horas, duraci\u00f3n de la bater\u00eda: 800 ~ 1000 ciclos.<\/strong><\/li>\n<li><strong>Freno: los frenos de disco mec\u00e1nicos TEKTRO delanteros y traseros no se ven afectados por las condiciones meteorol\u00f3gicas extremas y proporcionan un frenado potente y progresivo.<\/strong><\/li>\n<li><strong>Manetas de cambio<\/strong>: el sistema de transmisi\u00f3n Shimano de 6 velocidades garantiza la experiencia de velocidad diferente que necesita para conducir.<\/li>\n<li><strong>Modo de conducci\u00f3n: bicicleta el\u00e9ctrica pura, asistida por pedaleo (PAS) y normal.<\/strong><\/li>\n<\/ul>\n","protected":false},"featured_media":3781,"comment_status":"closed","ping_status":"closed","template":"","meta":{"site-sidebar-layout":"default","site-content-layout":"default","ast-site-content-layout":"default","site-content-style":"default","site-sidebar-style":"default","ast-global-header-display":"","ast-banner-title-visibility":"","ast-main-header-display":"","ast-hfb-above-header-display":"","ast-hfb-below-header-display":"","ast-hfb-mobile-header-display":"","site-post-title":"","ast-breadcrumbs-content":"","ast-featured-img":"","footer-sml-layout":"","ast-disable-related-posts":"","theme-transparent-header-meta":"default","adv-header-id-meta":"","stick-header-meta":"default","header-above-stick-meta":"","header-main-stick-meta":"","header-below-stick-meta":"","astra-migrate-meta-layouts":"default","ast-page-background-enabled":"default","ast-page-background-meta":{"desktop":{"background-color":"","background-image":"","background-repeat":"repeat","background-position":"center center","background-size":"auto","background-attachment":"scroll","background-type":"","background-media":"","overlay-type":"","overlay-color":"","overlay-opacity":"","overlay-gradient":""},"tablet":{"background-color":"","background-image":"","background-repeat":"repeat","background-position":"center center","background-size":"auto","background-attachment":"scroll","background-type":"","background-media":"","overlay-type":"","overlay-color":"","overlay-opacity":"","overlay-gradient":""},"mobile":{"background-color":"","background-image":"","background-repeat":"repeat","background-position":"center center","background-size":"auto","background-attachment":"scroll","background-type":"","background-media":"","overlay-type":"","overlay-color":"","overlay-opacity":"","overlay-gradient":""}},"ast-content-background-meta":{"desktop":{"background-color":"var(--ast-global-color-5)","background-image":"","background-repeat":"repeat","background-position":"center center","background-size":"auto","background-attachment":"scroll","background-type":"","background-media":"","overlay-type":"","overlay-color":"","overlay-opacity":"","overlay-gradient":""},"tablet":{"background-color":"var(--ast-global-color-5)","background-image":"","background-repeat":"repeat","background-position":"center center","background-size":"auto","background-attachment":"scroll","background-type":"","background-media":"","overlay-type":"","overlay-color":"","overlay-opacity":"","overlay-gradient":""},"mobile":{"background-color":"var(--ast-global-color-5)","background-image":"","background-repeat":"repeat","background-position":"center center","background-size":"auto","background-attachment":"scroll","background-type":"","background-media":"","overlay-type":"","overlay-color":"","overlay-opacity":"","overlay-gradient":""}}},"product_brand":[],"product_cat":[98],"product_tag":[],"class_list":{"0":"post-3780","1":"product","2":"type-product","3":"status-publish","4":"has-post-thumbnail","6":"product_cat-bicicleta-de-ciudad-electrica","7":"desktop-align-left","8":"tablet-align-left","9":"mobile-align-left","10":"ast-product-gallery-layout-horizontal","11":"ast-product-tabs-layout-horizontal","12":"ast-qv-on-image","14":"first","15":"instock","16":"shipping-taxable","17":"product-type-simple"},"yoast_head":"<!-- This site is optimized with the Yoast SEO plugin v27.4 - https:\/\/yoast.com\/product\/yoast-seo-wordpress\/ -->\n<title>Bicicleta El\u00e9ctrica De Ciudad Para Mujer KK9053 - Kuake Bicycle<\/title>\n<meta name=\"robots\" content=\"index, follow, max-snippet:-1, max-image-preview:large, max-video-preview:-1\" \/>\n<link rel=\"canonical\" href=\"https:\/\/www.kuakebicycle.com\/es\/kk9053-bicicleta-electrica-urbana\/\" \/>\n<meta property=\"og:locale\" content=\"es_ES\" \/>\n<meta property=\"og:type\" content=\"article\" \/>\n<meta property=\"og:title\" content=\"Bicicleta El\u00e9ctrica De Ciudad Para Mujer KK9053 - Kuake Bicycle\" \/>\n<meta property=\"og:description\" content=\"Marco: dise\u00f1o de marco de aleaci\u00f3n de aluminio 100% 6061 de alta resistencia, la carga m\u00e1xima se puede alcanzar 300 libras.  Motor: el motor trasero sin escobillas de alta velocidad de 36 V \/ 250 W proporciona potencia m\u00e1s que suficiente, la velocidad m\u00e1xima se puede alcanzar a 25 km \/ h.  Bater\u00eda: bater\u00eda de litio extra\u00edble de 36V \/ 10AH, tiempo de carga: 4 ~ 6 horas, duraci\u00f3n de la bater\u00eda: 800 ~ 1000 ciclos.  Freno: los frenos de disco mec\u00e1nicos TEKTRO delanteros y traseros no se ven afectados por las condiciones meteorol\u00f3gicas extremas y proporcionan un frenado potente y progresivo.  Manetas de cambio: el sistema de transmisi\u00f3n Shimano de 6 velocidades garantiza la experiencia de velocidad diferente que necesita para conducir.  Modo de conducci\u00f3n: bicicleta el\u00e9ctrica pura, asistida por pedaleo (PAS) y normal.\" \/>\n<meta property=\"og:url\" content=\"https:\/\/www.kuakebicycle.com\/es\/kk9053-bicicleta-electrica-urbana\/\" \/>\n<meta property=\"og:site_name\" content=\"Kuake Bicycle\" \/>\n<meta property=\"article:modified_time\" content=\"2021-12-31T04:03:25+00:00\" \/>\n<meta property=\"og:image\" content=\"https:\/\/www.kuakebicycle.com\/wp-content\/uploads\/2021\/03\/KK9053-Electric-City-Bike.jpg\" \/>\n\t<meta property=\"og:image:width\" content=\"600\" \/>\n\t<meta property=\"og:image:height\" content=\"600\" \/>\n\t<meta property=\"og:image:type\" content=\"image\/jpeg\" \/>\n<meta name=\"twitter:card\" content=\"summary_large_image\" \/>\n<meta name=\"twitter:label1\" content=\"Tiempo de lectura\" \/>\n\t<meta name=\"twitter:data1\" content=\"1 minuto\" \/>\n<script type=\"application\/ld+json\" class=\"yoast-schema-graph\">{\"@context\":\"https:\\\/\\\/schema.org\",\"@graph\":[{\"@type\":\"WebPage\",\"@id\":\"https:\\\/\\\/www.kuakebicycle.com\\\/es\\\/kk9053-bicicleta-electrica-urbana\\\/\",\"url\":\"https:\\\/\\\/www.kuakebicycle.com\\\/es\\\/kk9053-bicicleta-electrica-urbana\\\/\",\"name\":\"Bicicleta El\u00e9ctrica De Ciudad Para Mujer KK9053 - Kuake Bicycle\",\"isPartOf\":{\"@id\":\"https:\\\/\\\/www.kuakebicycle.com\\\/es\\\/#website\"},\"primaryImageOfPage\":{\"@id\":\"https:\\\/\\\/www.kuakebicycle.com\\\/es\\\/kk9053-bicicleta-electrica-urbana\\\/#primaryimage\"},\"image\":{\"@id\":\"https:\\\/\\\/www.kuakebicycle.com\\\/es\\\/kk9053-bicicleta-electrica-urbana\\\/#primaryimage\"},\"thumbnailUrl\":\"https:\\\/\\\/www.kuakebicycle.com\\\/wp-content\\\/uploads\\\/2021\\\/03\\\/KK9053-Electric-City-Bike.jpg\",\"datePublished\":\"2021-07-21T06:54:45+00:00\",\"dateModified\":\"2021-12-31T04:03:25+00:00\",\"breadcrumb\":{\"@id\":\"https:\\\/\\\/www.kuakebicycle.com\\\/es\\\/kk9053-bicicleta-electrica-urbana\\\/#breadcrumb\"},\"inLanguage\":\"es\",\"potentialAction\":[{\"@type\":\"ReadAction\",\"target\":[\"https:\\\/\\\/www.kuakebicycle.com\\\/es\\\/kk9053-bicicleta-electrica-urbana\\\/\"]}]},{\"@type\":\"ImageObject\",\"inLanguage\":\"es\",\"@id\":\"https:\\\/\\\/www.kuakebicycle.com\\\/es\\\/kk9053-bicicleta-electrica-urbana\\\/#primaryimage\",\"url\":\"https:\\\/\\\/www.kuakebicycle.com\\\/wp-content\\\/uploads\\\/2021\\\/03\\\/KK9053-Electric-City-Bike.jpg\",\"contentUrl\":\"https:\\\/\\\/www.kuakebicycle.com\\\/wp-content\\\/uploads\\\/2021\\\/03\\\/KK9053-Electric-City-Bike.jpg\",\"width\":600,\"height\":600,\"caption\":\"Bicicleta de ciudad el\u00e9ctrica KK9053\"},{\"@type\":\"BreadcrumbList\",\"@id\":\"https:\\\/\\\/www.kuakebicycle.com\\\/es\\\/kk9053-bicicleta-electrica-urbana\\\/#breadcrumb\",\"itemListElement\":[{\"@type\":\"ListItem\",\"position\":1,\"name\":\"Home\",\"item\":\"https:\\\/\\\/www.kuakebicycle.com\\\/es\\\/\"},{\"@type\":\"ListItem\",\"position\":2,\"name\":\"Productos\",\"item\":\"https:\\\/\\\/www.kuakebicycle.com\\\/es\\\/productos\\\/\"},{\"@type\":\"ListItem\",\"position\":3,\"name\":\"Bicicleta El\u00e9ctrica De Ciudad Para Mujer KK9053 (28 pulgadas, 250W, 10Ah, 6 velocidades)\"}]},{\"@type\":\"WebSite\",\"@id\":\"https:\\\/\\\/www.kuakebicycle.com\\\/es\\\/#website\",\"url\":\"https:\\\/\\\/www.kuakebicycle.com\\\/es\\\/\",\"name\":\"Kuake Bicycle\",\"description\":\"\",\"publisher\":{\"@id\":\"https:\\\/\\\/www.kuakebicycle.com\\\/es\\\/#organization\"},\"potentialAction\":[{\"@type\":\"SearchAction\",\"target\":{\"@type\":\"EntryPoint\",\"urlTemplate\":\"https:\\\/\\\/www.kuakebicycle.com\\\/es\\\/?s={search_term_string}\"},\"query-input\":{\"@type\":\"PropertyValueSpecification\",\"valueRequired\":true,\"valueName\":\"search_term_string\"}}],\"inLanguage\":\"es\"},{\"@type\":\"Organization\",\"@id\":\"https:\\\/\\\/www.kuakebicycle.com\\\/es\\\/#organization\",\"name\":\"Kuake Technology\",\"url\":\"https:\\\/\\\/www.kuakebicycle.com\\\/es\\\/\",\"logo\":{\"@type\":\"ImageObject\",\"inLanguage\":\"es\",\"@id\":\"https:\\\/\\\/www.kuakebicycle.com\\\/es\\\/#\\\/schema\\\/logo\\\/image\\\/\",\"url\":\"https:\\\/\\\/www.kuakebicycle.com\\\/wp-content\\\/uploads\\\/2021\\\/03\\\/icon.png\",\"contentUrl\":\"https:\\\/\\\/www.kuakebicycle.com\\\/wp-content\\\/uploads\\\/2021\\\/03\\\/icon.png\",\"width\":100,\"height\":100,\"caption\":\"Kuake Technology\"},\"image\":{\"@id\":\"https:\\\/\\\/www.kuakebicycle.com\\\/es\\\/#\\\/schema\\\/logo\\\/image\\\/\"}}]}<\/script>\n<!-- \/ Yoast SEO plugin. -->","yoast_head_json":{"title":"Bicicleta El\u00e9ctrica De Ciudad Para Mujer KK9053 - Kuake Bicycle","robots":{"index":"index","follow":"follow","max-snippet":"max-snippet:-1","max-image-preview":"max-image-preview:large","max-video-preview":"max-video-preview:-1"},"canonical":"https:\/\/www.kuakebicycle.com\/es\/kk9053-bicicleta-electrica-urbana\/","og_locale":"es_ES","og_type":"article","og_title":"Bicicleta El\u00e9ctrica De Ciudad Para Mujer KK9053 - Kuake Bicycle","og_description":"Marco: dise\u00f1o de marco de aleaci\u00f3n de aluminio 100% 6061 de alta resistencia, la carga m\u00e1xima se puede alcanzar 300 libras.  Motor: el motor trasero sin escobillas de alta velocidad de 36 V \/ 250 W proporciona potencia m\u00e1s que suficiente, la velocidad m\u00e1xima se puede alcanzar a 25 km \/ h.  Bater\u00eda: bater\u00eda de litio extra\u00edble de 36V \/ 10AH, tiempo de carga: 4 ~ 6 horas, duraci\u00f3n de la bater\u00eda: 800 ~ 1000 ciclos.  Freno: los frenos de disco mec\u00e1nicos TEKTRO delanteros y traseros no se ven afectados por las condiciones meteorol\u00f3gicas extremas y proporcionan un frenado potente y progresivo.  Manetas de cambio: el sistema de transmisi\u00f3n Shimano de 6 velocidades garantiza la experiencia de velocidad diferente que necesita para conducir.  Modo de conducci\u00f3n: bicicleta el\u00e9ctrica pura, asistida por pedaleo (PAS) y normal.","og_url":"https:\/\/www.kuakebicycle.com\/es\/kk9053-bicicleta-electrica-urbana\/","og_site_name":"Kuake Bicycle","article_modified_time":"2021-12-31T04:03:25+00:00","og_image":[{"width":600,"height":600,"url":"https:\/\/www.kuakebicycle.com\/wp-content\/uploads\/2021\/03\/KK9053-Electric-City-Bike.jpg","type":"image\/jpeg"}],"twitter_card":"summary_large_image","twitter_misc":{"Tiempo de lectura":"1 minuto"},"schema":{"@context":"https:\/\/schema.org","@graph":[{"@type":"WebPage","@id":"https:\/\/www.kuakebicycle.com\/es\/kk9053-bicicleta-electrica-urbana\/","url":"https:\/\/www.kuakebicycle.com\/es\/kk9053-bicicleta-electrica-urbana\/","name":"Bicicleta El\u00e9ctrica De Ciudad Para Mujer KK9053 - Kuake Bicycle","isPartOf":{"@id":"https:\/\/www.kuakebicycle.com\/es\/#website"},"primaryImageOfPage":{"@id":"https:\/\/www.kuakebicycle.com\/es\/kk9053-bicicleta-electrica-urbana\/#primaryimage"},"image":{"@id":"https:\/\/www.kuakebicycle.com\/es\/kk9053-bicicleta-electrica-urbana\/#primaryimage"},"thumbnailUrl":"https:\/\/www.kuakebicycle.com\/wp-content\/uploads\/2021\/03\/KK9053-Electric-City-Bike.jpg","datePublished":"2021-07-21T06:54:45+00:00","dateModified":"2021-12-31T04:03:25+00:00","breadcrumb":{"@id":"https:\/\/www.kuakebicycle.com\/es\/kk9053-bicicleta-electrica-urbana\/#breadcrumb"},"inLanguage":"es","potentialAction":[{"@type":"ReadAction","target":["https:\/\/www.kuakebicycle.com\/es\/kk9053-bicicleta-electrica-urbana\/"]}]},{"@type":"ImageObject","inLanguage":"es","@id":"https:\/\/www.kuakebicycle.com\/es\/kk9053-bicicleta-electrica-urbana\/#primaryimage","url":"https:\/\/www.kuakebicycle.com\/wp-content\/uploads\/2021\/03\/KK9053-Electric-City-Bike.jpg","contentUrl":"https:\/\/www.kuakebicycle.com\/wp-content\/uploads\/2021\/03\/KK9053-Electric-City-Bike.jpg","width":600,"height":600,"caption":"Bicicleta de ciudad el\u00e9ctrica KK9053"},{"@type":"BreadcrumbList","@id":"https:\/\/www.kuakebicycle.com\/es\/kk9053-bicicleta-electrica-urbana\/#breadcrumb","itemListElement":[{"@type":"ListItem","position":1,"name":"Home","item":"https:\/\/www.kuakebicycle.com\/es\/"},{"@type":"ListItem","position":2,"name":"Productos","item":"https:\/\/www.kuakebicycle.com\/es\/productos\/"},{"@type":"ListItem","position":3,"name":"Bicicleta El\u00e9ctrica De Ciudad Para Mujer KK9053 (28 pulgadas, 250W, 10Ah, 6 velocidades)"}]},{"@type":"WebSite","@id":"https:\/\/www.kuakebicycle.com\/es\/#website","url":"https:\/\/www.kuakebicycle.com\/es\/","name":"Kuake Bicycle","description":"","publisher":{"@id":"https:\/\/www.kuakebicycle.com\/es\/#organization"},"potentialAction":[{"@type":"SearchAction","target":{"@type":"EntryPoint","urlTemplate":"https:\/\/www.kuakebicycle.com\/es\/?s={search_term_string}"},"query-input":{"@type":"PropertyValueSpecification","valueRequired":true,"valueName":"search_term_string"}}],"inLanguage":"es"},{"@type":"Organization","@id":"https:\/\/www.kuakebicycle.com\/es\/#organization","name":"Kuake Technology","url":"https:\/\/www.kuakebicycle.com\/es\/","logo":{"@type":"ImageObject","inLanguage":"es","@id":"https:\/\/www.kuakebicycle.com\/es\/#\/schema\/logo\/image\/","url":"https:\/\/www.kuakebicycle.com\/wp-content\/uploads\/2021\/03\/icon.png","contentUrl":"https:\/\/www.kuakebicycle.com\/wp-content\/uploads\/2021\/03\/icon.png","width":100,"height":100,"caption":"Kuake Technology"},"image":{"@id":"https:\/\/www.kuakebicycle.com\/es\/#\/schema\/logo\/image\/"}}]}},"_links":{"self":[{"href":"https:\/\/www.kuakebicycle.com\/es\/wp-json\/wp\/v2\/product\/3780","targetHints":{"allow":["GET"]}}],"collection":[{"href":"https:\/\/www.kuakebicycle.com\/es\/wp-json\/wp\/v2\/product"}],"about":[{"href":"https:\/\/www.kuakebicycle.com\/es\/wp-json\/wp\/v2\/types\/product"}],"replies":[{"embeddable":true,"href":"https:\/\/www.kuakebicycle.com\/es\/wp-json\/wp\/v2\/comments?post=3780"}],"wp:featuredmedia":[{"embeddable":true,"href":"https:\/\/www.kuakebicycle.com\/es\/wp-json\/wp\/v2\/media\/3781"}],"wp:attachment":[{"href":"https:\/\/www.kuakebicycle.com\/es\/wp-json\/wp\/v2\/media?parent=3780"}],"wp:term":[{"taxonomy":"product_brand","embeddable":true,"href":"https:\/\/www.kuakebicycle.com\/es\/wp-json\/wp\/v2\/product_brand?post=3780"},{"taxonomy":"product_cat","embeddable":true,"href":"https:\/\/www.kuakebicycle.com\/es\/wp-json\/wp\/v2\/product_cat?post=3780"},{"taxonomy":"product_tag","embeddable":true,"href":"https:\/\/www.kuakebicycle.com\/es\/wp-json\/wp\/v2\/product_tag?post=3780"}],"curies":[{"name":"wp","href":"https:\/\/api.w.org\/{rel}","templated":true}]}}