{"id":3437,"date":"2021-03-29T06:53:54","date_gmt":"2021-07-21T03:51:37","guid":{"rendered":"https:\/\/www.kuakebicycle.com\/triciclo-electrico-de-carga-con-cargador-frontal-kk6010-250-w-10-ah-6-velocidades\/"},"modified":"2022-01-13T06:31:48","modified_gmt":"2022-01-13T06:31:48","slug":"kk6010-triciclo-de-carga-electrico-de-cargador-frontal","status":"publish","type":"product","link":"https:\/\/www.kuakebicycle.com\/es\/kk6010-triciclo-de-carga-electrico-de-cargador-frontal\/","title":{"rendered":"Triciclo El\u00e9ctrico De Carga KK6010 (250 W, 454Ah, 7 Velocidades)"},"content":{"rendered":"<p><iframe loading=\"lazy\" title=\"Reproductor de video de YouTube\" src=\"https:\/\/www.youtube.com\/embed\/gDAlMlz-8R8\" width=\"560\" height=\"315\" frameborder=\"0\" allowfullscreen=\"allowfullscreen\"><\/iframe><\/p>\n<table border=\"1\" width=\"556\">\n<tbody>\n<tr>\n<td style=\"text-align: center;\" colspan=\"2\" bgcolor=\"#d9edf7\"><strong>Especificaciones De La Bicicleta<\/strong><\/td>\n<\/tr>\n<tr>\n<td bgcolor=\"#f5f2f2\" width=\"275\"><strong>N \u00ba De Modelo.<\/strong><\/td>\n<td width=\"281\">KK6010<\/td>\n<\/tr>\n<tr>\n<td bgcolor=\"#f5f2f2\" width=\"275\"><strong>Marco<\/strong><\/td>\n<td width=\"281\">Acero<\/td>\n<\/tr>\n<tr>\n<td bgcolor=\"#f5f2f2\" width=\"275\"><strong>Engranaje<\/strong><\/td>\n<td width=\"281\">Shimano 7 velocidades<\/td>\n<\/tr>\n<tr>\n<td bgcolor=\"#f5f2f2\" width=\"275\"><strong>Cambiadores<\/strong><\/td>\n<td width=\"281\">Shimano 7 velocidades<\/td>\n<\/tr>\n<tr>\n<td bgcolor=\"#f5f2f2\" width=\"275\"><strong>Tenedor frontal<\/strong><\/td>\n<td width=\"281\">Mozo<\/td>\n<\/tr>\n<tr>\n<td bgcolor=\"#f5f2f2\" width=\"275\"><strong>Freno frontal<\/strong><\/td>\n<td width=\"281\">Freno de disco mec\u00e1nico<\/td>\n<\/tr>\n<tr>\n<td bgcolor=\"#f5f2f2\" width=\"275\"><strong>Freno trasero<\/strong><\/td>\n<td width=\"281\">Freno de disco mec\u00e1nico<\/td>\n<\/tr>\n<tr>\n<td bgcolor=\"#f5f2f2\" width=\"275\"><strong>Neum\u00e1ticos<\/strong><\/td>\n<td width=\"281\">20\u00bb*2.35\u00bb\/24\u00bb*2.35\u00bb, Kenda<\/td>\n<\/tr>\n<tr>\n<td bgcolor=\"#f5f2f2\" width=\"275\"><strong>Cadena<\/strong><\/td>\n<td width=\"281\">KMC<\/td>\n<\/tr>\n<tr>\n<td bgcolor=\"#f5f2f2\" width=\"275\"><strong>Guardabarros de rueda<\/strong><\/td>\n<td width=\"281\">Acero inoxidable<\/td>\n<\/tr>\n<tr>\n<td bgcolor=\"#f5f2f2\" width=\"275\"><strong>\u041f\u043e\u0433\u0440\u0443\u0437\u0447\u0438\u043a<\/strong><\/td>\n<td width=\"281\">94,5*62*59 \u0441\u043c, \u0432\u043e\u0434\u043e\u043d\u0435\u043f\u0440\u043e\u043d\u0438\u0446\u0430\u0435\u043c\u0430\u044f \u043c\u043d\u043e\u0433\u043e\u0441\u043b\u043e\u0439\u043d\u0430\u044f \u0434\u043e\u0441\u043a\u0430 \u0438\u0437 \u043c\u0430\u0441\u0441\u0438\u0432\u0430 \u0434\u0435\u0440\u0435\u0432\u0430<\/td>\n<\/tr>\n<tr>\n<td style=\"text-align: center;\" colspan=\"2\" bgcolor=\"#d9edf7\"><strong>Sistema electrico<\/strong><\/td>\n<\/tr>\n<tr>\n<td bgcolor=\"#f5f2f2\" width=\"275\"><strong>Bater\u00eda<\/strong><\/td>\n<td width=\"281\">Bater\u00eda Samsung de iones de litio de 36 V y 12,6 Ah<\/td>\n<\/tr>\n<tr>\n<td bgcolor=\"#f5f2f2\" width=\"275\"><strong>Sensor<\/strong><\/td>\n<td width=\"281\">Transductor de par<\/td>\n<\/tr>\n<tr>\n<td bgcolor=\"#f5f2f2\" width=\"275\"><strong>Tiempo de carga<\/strong><\/td>\n<td width=\"281\">4 ~ 6 horas<\/td>\n<\/tr>\n<tr>\n<td bgcolor=\"#f5f2f2\" width=\"275\"><strong>Tiempos de recarga<\/strong><\/td>\n<td width=\"281\">800 ~ 1000 veces<\/td>\n<\/tr>\n<tr>\n<td bgcolor=\"#f5f2f2\" width=\"275\"><strong>Fuerza de motor<\/strong><\/td>\n<td width=\"281\">36V 250W Bafang<\/td>\n<\/tr>\n<tr>\n<td bgcolor=\"#f5f2f2\" width=\"275\"><strong>Controlador<\/strong><\/td>\n<td width=\"281\">36V inteligente<\/td>\n<\/tr>\n<tr>\n<td bgcolor=\"#f5f2f2\" width=\"275\"><strong>Monitor<\/strong><\/td>\n<td width=\"281\">Pantalla LCD<\/td>\n<\/tr>\n<tr>\n<td bgcolor=\"#f5f2f2\" width=\"275\"><strong>M\u00e1xima velocidad<\/strong><\/td>\n<td width=\"281\">25km\/h<\/td>\n<\/tr>\n<tr>\n<td bgcolor=\"#f5f2f2\" width=\"275\"><strong>\u041c\u0430\u043a\u0441\u0438\u043c\u0430\u043b\u044c\u043d\u044b\u0439 \u043f\u0440\u043e\u0431\u0435\u0433<\/strong><\/td>\n<td width=\"281\">45 \u043a\u043c (\u0441 \u043f\u0435\u0434\u0430\u043b\u044c\u044e)<\/td>\n<\/tr>\n<\/tbody>\n<\/table>\n","protected":false},"excerpt":{"rendered":"<ul>\n<li><strong>\u0420\u0430\u043c\u0430<\/strong>: \u043a\u043e\u043d\u0441\u0442\u0440\u0443\u043a\u0446\u0438\u044f \u0438\u0437 \u0441\u0442\u0430\u043b\u044c\u043d\u043e\u0439 \u0440\u0430\u043c\u044b, \u0440\u0430\u0437\u043c\u0435\u0440 \u0434\u0435\u0440\u0435\u0432\u044f\u043d\u043d\u043e\u0433\u043e \u044f\u0449\u0438\u043a\u0430 \u043f\u043e\u0433\u0440\u0443\u0437\u0447\u0438\u043a\u0430 94,5*62*59 \u0441\u043c.<\/li>\n<li><strong>Motor<\/strong>: el motor Bafang de 36 V\/250 W proporciona potencia m\u00e1s que suficiente, la velocidad m\u00e1xima se puede alcanzar a 25 km\/h.<\/li>\n<li><strong>\u0410\u043a\u043a\u0443\u043c\u0443\u043b\u044f\u0442\u043e\u0440<\/strong>: \u0430\u043a\u043a\u0443\u043c\u0443\u043b\u044f\u0442\u043e\u0440 Samsung 36 \u0412\/12,6 \u0410\u0447, \u0432\u0440\u0435\u043c\u044f \u0437\u0430\u0440\u044f\u0434\u043a\u0438: 4\u20136 \u0447\u0430\u0441\u043e\u0432, \u0441\u0440\u043e\u043a \u0441\u043b\u0443\u0436\u0431\u044b \u0430\u043a\u043a\u0443\u043c\u0443\u043b\u044f\u0442\u043e\u0440\u0430: 800\u20131000 \u0446\u0438\u043a\u043b\u043e\u0432.<\/li>\n<li><strong>\u0422\u043e\u0440\u043c\u043e\u0437<\/strong>: \u041f\u0435\u0440\u0435\u0434\u043d\u0438\u0435\/\u0437\u0430\u0434\u043d\u0438\u0435 \u043c\u0435\u0445\u0430\u043d\u0438\u0447\u0435\u0441\u043a\u0438\u0435 \u0434\u0438\u0441\u043a\u043e\u0432\u044b\u0435 \u0442\u043e\u0440\u043c\u043e\u0437\u0430.<\/li>\n<li><strong>Manetas de cambio<\/strong>: el sistema de transmisi\u00f3n Shimano de 7 velocidades garantiza la experiencia de velocidad diferente que necesita para conducir.<\/li>\n<\/ul>\n","protected":false},"featured_media":16516,"comment_status":"closed","ping_status":"closed","template":"","meta":{"site-sidebar-layout":"default","site-content-layout":"default","ast-site-content-layout":"default","site-content-style":"default","site-sidebar-style":"default","ast-global-header-display":"","ast-banner-title-visibility":"","ast-main-header-display":"","ast-hfb-above-header-display":"","ast-hfb-below-header-display":"","ast-hfb-mobile-header-display":"","site-post-title":"","ast-breadcrumbs-content":"","ast-featured-img":"","footer-sml-layout":"","ast-disable-related-posts":"","theme-transparent-header-meta":"default","adv-header-id-meta":"","stick-header-meta":"default","header-above-stick-meta":"","header-main-stick-meta":"","header-below-stick-meta":"","astra-migrate-meta-layouts":"default","ast-page-background-enabled":"default","ast-page-background-meta":{"desktop":{"background-color":"","background-image":"","background-repeat":"repeat","background-position":"center center","background-size":"auto","background-attachment":"scroll","background-type":"","background-media":"","overlay-type":"","overlay-color":"","overlay-opacity":"","overlay-gradient":""},"tablet":{"background-color":"","background-image":"","background-repeat":"repeat","background-position":"center center","background-size":"auto","background-attachment":"scroll","background-type":"","background-media":"","overlay-type":"","overlay-color":"","overlay-opacity":"","overlay-gradient":""},"mobile":{"background-color":"","background-image":"","background-repeat":"repeat","background-position":"center center","background-size":"auto","background-attachment":"scroll","background-type":"","background-media":"","overlay-type":"","overlay-color":"","overlay-opacity":"","overlay-gradient":""}},"ast-content-background-meta":{"desktop":{"background-color":"var(--ast-global-color-5)","background-image":"","background-repeat":"repeat","background-position":"center center","background-size":"auto","background-attachment":"scroll","background-type":"","background-media":"","overlay-type":"","overlay-color":"","overlay-opacity":"","overlay-gradient":""},"tablet":{"background-color":"var(--ast-global-color-5)","background-image":"","background-repeat":"repeat","background-position":"center center","background-size":"auto","background-attachment":"scroll","background-type":"","background-media":"","overlay-type":"","overlay-color":"","overlay-opacity":"","overlay-gradient":""},"mobile":{"background-color":"var(--ast-global-color-5)","background-image":"","background-repeat":"repeat","background-position":"center center","background-size":"auto","background-attachment":"scroll","background-type":"","background-media":"","overlay-type":"","overlay-color":"","overlay-opacity":"","overlay-gradient":""}}},"product_brand":[],"product_cat":[105],"product_tag":[],"class_list":{"0":"post-3437","1":"product","2":"type-product","3":"status-publish","4":"has-post-thumbnail","6":"product_cat-triciclo-electrico","7":"desktop-align-left","8":"tablet-align-left","9":"mobile-align-left","10":"ast-product-gallery-layout-horizontal","11":"ast-product-tabs-layout-horizontal","12":"ast-qv-on-image","14":"first","15":"instock","16":"featured","17":"shipping-taxable","18":"product-type-simple"},"yoast_head":"<!-- This site is optimized with the Yoast SEO plugin v27.5 - https:\/\/yoast.com\/product\/yoast-seo-wordpress\/ -->\n<title>Triciclo El\u00e9ctrico De Carga KK6010, Triciclo Cl\u00e1sico Del Cargo De La Familia De 3 Ruedas - Kuake Bicycle<\/title>\n<meta name=\"description\" content=\"Este triciclo el\u00e9ctrico de carga tiene mucho espacio para 4 ni\u00f1os, es ideal para viajar en cualquier lugar con familias.\" \/>\n<meta name=\"robots\" content=\"index, follow, max-snippet:-1, max-image-preview:large, max-video-preview:-1\" \/>\n<link rel=\"canonical\" href=\"https:\/\/www.kuakebicycle.com\/es\/kk6010-triciclo-de-carga-electrico-de-cargador-frontal\/\" \/>\n<meta property=\"og:locale\" content=\"es_ES\" \/>\n<meta property=\"og:type\" content=\"article\" \/>\n<meta property=\"og:title\" content=\"Triciclo El\u00e9ctrico De Carga KK6010, Triciclo Cl\u00e1sico Del Cargo De La Familia De 3 Ruedas - Kuake Bicycle\" \/>\n<meta property=\"og:description\" content=\"Este triciclo el\u00e9ctrico de carga tiene mucho espacio para 4 ni\u00f1os, es ideal para viajar en cualquier lugar con familias.\" \/>\n<meta property=\"og:url\" content=\"https:\/\/www.kuakebicycle.com\/es\/kk6010-triciclo-de-carga-electrico-de-cargador-frontal\/\" \/>\n<meta property=\"og:site_name\" content=\"Kuake Bicycle\" \/>\n<meta property=\"article:modified_time\" content=\"2022-01-13T06:31:48+00:00\" \/>\n<meta property=\"og:image\" content=\"https:\/\/www.kuakebicycle.com\/wp-content\/uploads\/2021\/03\/KK6010-Electric-Cargo-Trike.jpg\" \/>\n\t<meta property=\"og:image:width\" content=\"600\" \/>\n\t<meta property=\"og:image:height\" content=\"600\" \/>\n\t<meta property=\"og:image:type\" content=\"image\/jpeg\" \/>\n<meta name=\"twitter:card\" content=\"summary_large_image\" \/>\n<script type=\"application\/ld+json\" class=\"yoast-schema-graph\">{\"@context\":\"https:\\\/\\\/schema.org\",\"@graph\":[{\"@type\":\"WebPage\",\"@id\":\"https:\\\/\\\/www.kuakebicycle.com\\\/es\\\/kk6010-triciclo-de-carga-electrico-de-cargador-frontal\\\/\",\"url\":\"https:\\\/\\\/www.kuakebicycle.com\\\/es\\\/kk6010-triciclo-de-carga-electrico-de-cargador-frontal\\\/\",\"name\":\"Triciclo El\u00e9ctrico De Carga KK6010, Triciclo Cl\u00e1sico Del Cargo De La Familia De 3 Ruedas - Kuake Bicycle\",\"isPartOf\":{\"@id\":\"https:\\\/\\\/www.kuakebicycle.com\\\/es\\\/#website\"},\"primaryImageOfPage\":{\"@id\":\"https:\\\/\\\/www.kuakebicycle.com\\\/es\\\/kk6010-triciclo-de-carga-electrico-de-cargador-frontal\\\/#primaryimage\"},\"image\":{\"@id\":\"https:\\\/\\\/www.kuakebicycle.com\\\/es\\\/kk6010-triciclo-de-carga-electrico-de-cargador-frontal\\\/#primaryimage\"},\"thumbnailUrl\":\"https:\\\/\\\/www.kuakebicycle.com\\\/wp-content\\\/uploads\\\/2021\\\/03\\\/KK6010-Electric-Cargo-Trike.jpg\",\"datePublished\":\"2021-07-21T03:51:37+00:00\",\"dateModified\":\"2022-01-13T06:31:48+00:00\",\"description\":\"Este triciclo el\u00e9ctrico de carga tiene mucho espacio para 4 ni\u00f1os, es ideal para viajar en cualquier lugar con familias.\",\"breadcrumb\":{\"@id\":\"https:\\\/\\\/www.kuakebicycle.com\\\/es\\\/kk6010-triciclo-de-carga-electrico-de-cargador-frontal\\\/#breadcrumb\"},\"inLanguage\":\"es\",\"potentialAction\":[{\"@type\":\"ReadAction\",\"target\":[\"https:\\\/\\\/www.kuakebicycle.com\\\/es\\\/kk6010-triciclo-de-carga-electrico-de-cargador-frontal\\\/\"]}]},{\"@type\":\"ImageObject\",\"inLanguage\":\"es\",\"@id\":\"https:\\\/\\\/www.kuakebicycle.com\\\/es\\\/kk6010-triciclo-de-carga-electrico-de-cargador-frontal\\\/#primaryimage\",\"url\":\"https:\\\/\\\/www.kuakebicycle.com\\\/wp-content\\\/uploads\\\/2021\\\/03\\\/KK6010-Electric-Cargo-Trike.jpg\",\"contentUrl\":\"https:\\\/\\\/www.kuakebicycle.com\\\/wp-content\\\/uploads\\\/2021\\\/03\\\/KK6010-Electric-Cargo-Trike.jpg\",\"width\":600,\"height\":600,\"caption\":\"Triciclo de carga el\u00e9ctrico KK6010\"},{\"@type\":\"BreadcrumbList\",\"@id\":\"https:\\\/\\\/www.kuakebicycle.com\\\/es\\\/kk6010-triciclo-de-carga-electrico-de-cargador-frontal\\\/#breadcrumb\",\"itemListElement\":[{\"@type\":\"ListItem\",\"position\":1,\"name\":\"Home\",\"item\":\"https:\\\/\\\/www.kuakebicycle.com\\\/es\\\/\"},{\"@type\":\"ListItem\",\"position\":2,\"name\":\"Productos\",\"item\":\"https:\\\/\\\/www.kuakebicycle.com\\\/es\\\/productos\\\/\"},{\"@type\":\"ListItem\",\"position\":3,\"name\":\"Triciclo El\u00e9ctrico De Carga KK6010 (250 W, 454Ah, 7 Velocidades)\"}]},{\"@type\":\"WebSite\",\"@id\":\"https:\\\/\\\/www.kuakebicycle.com\\\/es\\\/#website\",\"url\":\"https:\\\/\\\/www.kuakebicycle.com\\\/es\\\/\",\"name\":\"Kuake Bicycle\",\"description\":\"\",\"publisher\":{\"@id\":\"https:\\\/\\\/www.kuakebicycle.com\\\/es\\\/#organization\"},\"potentialAction\":[{\"@type\":\"SearchAction\",\"target\":{\"@type\":\"EntryPoint\",\"urlTemplate\":\"https:\\\/\\\/www.kuakebicycle.com\\\/es\\\/?s={search_term_string}\"},\"query-input\":{\"@type\":\"PropertyValueSpecification\",\"valueRequired\":true,\"valueName\":\"search_term_string\"}}],\"inLanguage\":\"es\"},{\"@type\":\"Organization\",\"@id\":\"https:\\\/\\\/www.kuakebicycle.com\\\/es\\\/#organization\",\"name\":\"Kuake Technology\",\"url\":\"https:\\\/\\\/www.kuakebicycle.com\\\/es\\\/\",\"logo\":{\"@type\":\"ImageObject\",\"inLanguage\":\"es\",\"@id\":\"https:\\\/\\\/www.kuakebicycle.com\\\/es\\\/#\\\/schema\\\/logo\\\/image\\\/\",\"url\":\"https:\\\/\\\/www.kuakebicycle.com\\\/wp-content\\\/uploads\\\/2021\\\/03\\\/icon.png\",\"contentUrl\":\"https:\\\/\\\/www.kuakebicycle.com\\\/wp-content\\\/uploads\\\/2021\\\/03\\\/icon.png\",\"width\":100,\"height\":100,\"caption\":\"Kuake Technology\"},\"image\":{\"@id\":\"https:\\\/\\\/www.kuakebicycle.com\\\/es\\\/#\\\/schema\\\/logo\\\/image\\\/\"}}]}<\/script>\n<!-- \/ Yoast SEO plugin. -->","yoast_head_json":{"title":"Triciclo El\u00e9ctrico De Carga KK6010, Triciclo Cl\u00e1sico Del Cargo De La Familia De 3 Ruedas - Kuake Bicycle","description":"Este triciclo el\u00e9ctrico de carga tiene mucho espacio para 4 ni\u00f1os, es ideal para viajar en cualquier lugar con familias.","robots":{"index":"index","follow":"follow","max-snippet":"max-snippet:-1","max-image-preview":"max-image-preview:large","max-video-preview":"max-video-preview:-1"},"canonical":"https:\/\/www.kuakebicycle.com\/es\/kk6010-triciclo-de-carga-electrico-de-cargador-frontal\/","og_locale":"es_ES","og_type":"article","og_title":"Triciclo El\u00e9ctrico De Carga KK6010, Triciclo Cl\u00e1sico Del Cargo De La Familia De 3 Ruedas - Kuake Bicycle","og_description":"Este triciclo el\u00e9ctrico de carga tiene mucho espacio para 4 ni\u00f1os, es ideal para viajar en cualquier lugar con familias.","og_url":"https:\/\/www.kuakebicycle.com\/es\/kk6010-triciclo-de-carga-electrico-de-cargador-frontal\/","og_site_name":"Kuake Bicycle","article_modified_time":"2022-01-13T06:31:48+00:00","og_image":[{"width":600,"height":600,"url":"https:\/\/www.kuakebicycle.com\/wp-content\/uploads\/2021\/03\/KK6010-Electric-Cargo-Trike.jpg","type":"image\/jpeg"}],"twitter_card":"summary_large_image","schema":{"@context":"https:\/\/schema.org","@graph":[{"@type":"WebPage","@id":"https:\/\/www.kuakebicycle.com\/es\/kk6010-triciclo-de-carga-electrico-de-cargador-frontal\/","url":"https:\/\/www.kuakebicycle.com\/es\/kk6010-triciclo-de-carga-electrico-de-cargador-frontal\/","name":"Triciclo El\u00e9ctrico De Carga KK6010, Triciclo Cl\u00e1sico Del Cargo De La Familia De 3 Ruedas - Kuake Bicycle","isPartOf":{"@id":"https:\/\/www.kuakebicycle.com\/es\/#website"},"primaryImageOfPage":{"@id":"https:\/\/www.kuakebicycle.com\/es\/kk6010-triciclo-de-carga-electrico-de-cargador-frontal\/#primaryimage"},"image":{"@id":"https:\/\/www.kuakebicycle.com\/es\/kk6010-triciclo-de-carga-electrico-de-cargador-frontal\/#primaryimage"},"thumbnailUrl":"https:\/\/www.kuakebicycle.com\/wp-content\/uploads\/2021\/03\/KK6010-Electric-Cargo-Trike.jpg","datePublished":"2021-07-21T03:51:37+00:00","dateModified":"2022-01-13T06:31:48+00:00","description":"Este triciclo el\u00e9ctrico de carga tiene mucho espacio para 4 ni\u00f1os, es ideal para viajar en cualquier lugar con familias.","breadcrumb":{"@id":"https:\/\/www.kuakebicycle.com\/es\/kk6010-triciclo-de-carga-electrico-de-cargador-frontal\/#breadcrumb"},"inLanguage":"es","potentialAction":[{"@type":"ReadAction","target":["https:\/\/www.kuakebicycle.com\/es\/kk6010-triciclo-de-carga-electrico-de-cargador-frontal\/"]}]},{"@type":"ImageObject","inLanguage":"es","@id":"https:\/\/www.kuakebicycle.com\/es\/kk6010-triciclo-de-carga-electrico-de-cargador-frontal\/#primaryimage","url":"https:\/\/www.kuakebicycle.com\/wp-content\/uploads\/2021\/03\/KK6010-Electric-Cargo-Trike.jpg","contentUrl":"https:\/\/www.kuakebicycle.com\/wp-content\/uploads\/2021\/03\/KK6010-Electric-Cargo-Trike.jpg","width":600,"height":600,"caption":"Triciclo de carga el\u00e9ctrico KK6010"},{"@type":"BreadcrumbList","@id":"https:\/\/www.kuakebicycle.com\/es\/kk6010-triciclo-de-carga-electrico-de-cargador-frontal\/#breadcrumb","itemListElement":[{"@type":"ListItem","position":1,"name":"Home","item":"https:\/\/www.kuakebicycle.com\/es\/"},{"@type":"ListItem","position":2,"name":"Productos","item":"https:\/\/www.kuakebicycle.com\/es\/productos\/"},{"@type":"ListItem","position":3,"name":"Triciclo El\u00e9ctrico De Carga KK6010 (250 W, 454Ah, 7 Velocidades)"}]},{"@type":"WebSite","@id":"https:\/\/www.kuakebicycle.com\/es\/#website","url":"https:\/\/www.kuakebicycle.com\/es\/","name":"Kuake Bicycle","description":"","publisher":{"@id":"https:\/\/www.kuakebicycle.com\/es\/#organization"},"potentialAction":[{"@type":"SearchAction","target":{"@type":"EntryPoint","urlTemplate":"https:\/\/www.kuakebicycle.com\/es\/?s={search_term_string}"},"query-input":{"@type":"PropertyValueSpecification","valueRequired":true,"valueName":"search_term_string"}}],"inLanguage":"es"},{"@type":"Organization","@id":"https:\/\/www.kuakebicycle.com\/es\/#organization","name":"Kuake Technology","url":"https:\/\/www.kuakebicycle.com\/es\/","logo":{"@type":"ImageObject","inLanguage":"es","@id":"https:\/\/www.kuakebicycle.com\/es\/#\/schema\/logo\/image\/","url":"https:\/\/www.kuakebicycle.com\/wp-content\/uploads\/2021\/03\/icon.png","contentUrl":"https:\/\/www.kuakebicycle.com\/wp-content\/uploads\/2021\/03\/icon.png","width":100,"height":100,"caption":"Kuake Technology"},"image":{"@id":"https:\/\/www.kuakebicycle.com\/es\/#\/schema\/logo\/image\/"}}]}},"_links":{"self":[{"href":"https:\/\/www.kuakebicycle.com\/es\/wp-json\/wp\/v2\/product\/3437","targetHints":{"allow":["GET"]}}],"collection":[{"href":"https:\/\/www.kuakebicycle.com\/es\/wp-json\/wp\/v2\/product"}],"about":[{"href":"https:\/\/www.kuakebicycle.com\/es\/wp-json\/wp\/v2\/types\/product"}],"replies":[{"embeddable":true,"href":"https:\/\/www.kuakebicycle.com\/es\/wp-json\/wp\/v2\/comments?post=3437"}],"wp:featuredmedia":[{"embeddable":true,"href":"https:\/\/www.kuakebicycle.com\/es\/wp-json\/wp\/v2\/media\/16516"}],"wp:attachment":[{"href":"https:\/\/www.kuakebicycle.com\/es\/wp-json\/wp\/v2\/media?parent=3437"}],"wp:term":[{"taxonomy":"product_brand","embeddable":true,"href":"https:\/\/www.kuakebicycle.com\/es\/wp-json\/wp\/v2\/product_brand?post=3437"},{"taxonomy":"product_cat","embeddable":true,"href":"https:\/\/www.kuakebicycle.com\/es\/wp-json\/wp\/v2\/product_cat?post=3437"},{"taxonomy":"product_tag","embeddable":true,"href":"https:\/\/www.kuakebicycle.com\/es\/wp-json\/wp\/v2\/product_tag?post=3437"}],"curies":[{"name":"wp","href":"https:\/\/api.w.org\/{rel}","templated":true}]}}