{"id":3408,"date":"2021-03-29T07:18:10","date_gmt":"2021-07-21T03:33:36","guid":{"rendered":"https:\/\/www.kuakebicycle.com\/triciclo-de-carga-electrico-plegable-de-carga-trasera-kk8031-plegable-250-w-10-ah-3-velocidades\/"},"modified":"2022-01-21T04:03:40","modified_gmt":"2022-01-21T04:03:40","slug":"kk8031-triciclo-de-carga-electrico-de-carga-trasero-plegable","status":"publish","type":"product","link":"https:\/\/www.kuakebicycle.com\/es\/kk8031-triciclo-de-carga-electrico-de-carga-trasero-plegable\/","title":{"rendered":"Triciclo Electrico Plegable Adulto KK8031 (Neum\u00e1tico Gordo, 250W ~ 750W, 374Wh~1680Wh, 7 Velocidades)"},"content":{"rendered":"<p><iframe loading=\"lazy\" title=\"Reproductor de video de YouTube\" src=\"https:\/\/www.youtube.com\/embed\/AN380djPV0Q\" width=\"560\" height=\"315\" frameborder=\"0\" allowfullscreen=\"allowfullscreen\"><span data-mce-type=\"bookmark\" style=\"display: inline-block; width: 0px; overflow: hidden; line-height: 0;\" class=\"mce_SELRES_start\">\ufeff<\/span><span data-mce-type=\"bookmark\" style=\"display: inline-block; width: 0px; overflow: hidden; line-height: 0;\" class=\"mce_SELRES_start\">\ufeff<\/span><span data-mce-type=\"bookmark\" style=\"display: inline-block; width: 0px; overflow: hidden; line-height: 0;\" class=\"mce_SELRES_start\">\ufeff<\/span><\/iframe><br \/>\n<iframe loading=\"lazy\" title=\"Reproductor de video de YouTube\" src=\"https:\/\/www.youtube.com\/embed\/-FrCHGxt6vA\" width=\"560\" height=\"315\" frameborder=\"0\" allowfullscreen=\"allowfullscreen\"><\/iframe><\/p>\n<table border=\"1\" width=\"556\">\n<tbody>\n<tr>\n<td style=\"text-align: center;\" colspan=\"2\" bgcolor=\"#d9edf7\"><strong>Especificaciones De La Bicicleta<\/strong><\/td>\n<\/tr>\n<tr>\n<td bgcolor=\"#f5f2f2\" width=\"275\"><strong>N \u00ba De Modelo.<\/strong><\/td>\n<td width=\"281\">KK8031<\/td>\n<\/tr>\n<tr>\n<td bgcolor=\"#f5f2f2\" width=\"275\"><strong>Peso neto<\/strong><\/td>\n<td width=\"281\">45KG<\/td>\n<\/tr>\n<tr>\n<td bgcolor=\"#f5f2f2\" width=\"275\"><strong>Peso bruto<\/strong><\/td>\n<td width=\"281\">52KG<\/td>\n<\/tr>\n<tr>\n<td bgcolor=\"#f5f2f2\" width=\"275\"><strong>Marco<\/strong><\/td>\n<td width=\"281\">Aleaci\u00f3n de aluminio 6061<\/td>\n<\/tr>\n<tr>\n<td bgcolor=\"#f5f2f2\" width=\"275\"><strong>Capacidad de carga<\/strong><\/td>\n<td width=\"281\">150 kg \/ 350 Ibs<\/td>\n<\/tr>\n<tr>\n<td bgcolor=\"#f5f2f2\" width=\"275\"><strong>Engranaje<\/strong><\/td>\n<td width=\"281\">Shimano 7 velocidades<\/td>\n<\/tr>\n<tr>\n<td bgcolor=\"#f5f2f2\" width=\"275\"><strong>Cambiadores<\/strong><\/td>\n<td width=\"281\">7 velocidades<\/td>\n<\/tr>\n<tr>\n<td bgcolor=\"#f5f2f2\" width=\"275\"><strong>Rueda libre<\/strong><\/td>\n<td width=\"281\">7 velocidades<\/td>\n<\/tr>\n<tr>\n<td bgcolor=\"#f5f2f2\" width=\"275\"><strong>Freno frontal<\/strong><\/td>\n<td width=\"281\">Disco Mec\u00e1nico o Hidr\u00e1ulico, Tektro<\/td>\n<\/tr>\n<tr>\n<td bgcolor=\"#f5f2f2\" width=\"275\"><strong>Freno trasero<\/strong><\/td>\n<td width=\"281\">Disco Mec\u00e1nico o Hidr\u00e1ulico, Tektro<\/td>\n<\/tr>\n<tr>\n<td bgcolor=\"#f5f2f2\" width=\"275\"><strong>Pedals<\/strong><\/td>\n<td width=\"281\">Pedales de plastico<\/td>\n<\/tr>\n<tr>\n<td bgcolor=\"#f5f2f2\" width=\"275\"><strong>Neum\u00e1ticos<\/strong><\/td>\n<td width=\"281\">KENDA F\/24\u00bb*4.0. R\/20\u00bb*4.0<\/td>\n<\/tr>\n<tr>\n<td bgcolor=\"#f5f2f2\" width=\"275\"><strong>Ligero<\/strong><\/td>\n<td width=\"281\">LED<\/td>\n<\/tr>\n<tr>\n<td bgcolor=\"#f5f2f2\" width=\"275\"><strong>Cadena<\/strong><\/td>\n<td width=\"281\">KMC<\/td>\n<\/tr>\n<tr>\n<td style=\"text-align: center;\" colspan=\"2\" bgcolor=\"#d9edf7\"><strong>Sistema electrico<\/strong><\/td>\n<\/tr>\n<tr>\n<td bgcolor=\"#f5f2f2\" width=\"275\"><strong>Bater\u00eda<\/strong><\/td>\n<td width=\"281\">374Wh~1680Wh 18650 Iones de litio<\/td>\n<\/tr>\n<tr>\n<td bgcolor=\"#f5f2f2\" width=\"275\"><strong>Cargador<\/strong><\/td>\n<td width=\"281\">Cargador inteligente 2A 100-240V<\/td>\n<\/tr>\n<tr>\n<td bgcolor=\"#f5f2f2\" width=\"275\"><strong>Tiempo de carga<\/strong><\/td>\n<td width=\"281\">5 horas<\/td>\n<\/tr>\n<tr>\n<td bgcolor=\"#f5f2f2\" width=\"275\"><strong>Tiempos de recarga<\/strong><\/td>\n<td width=\"281\">800 ~ 1000 veces<\/td>\n<\/tr>\n<tr>\n<td bgcolor=\"#f5f2f2\" width=\"275\"><strong>Fuerza de motor<\/strong><\/td>\n<td width=\"281\">36V\/48V 250W~750W Motor de cubo delantero sin escobillas<\/td>\n<\/tr>\n<tr>\n<td bgcolor=\"#f5f2f2\" width=\"275\"><strong>Controlador<\/strong><\/td>\n<td width=\"281\">Controlador de alta eficiencia de 36V\/48V<\/td>\n<\/tr>\n<tr>\n<td bgcolor=\"#f5f2f2\" width=\"275\"><strong>Monitor<\/strong><\/td>\n<td width=\"281\">LCD<\/td>\n<\/tr>\n<tr>\n<td bgcolor=\"#f5f2f2\" width=\"275\"><strong>M\u00e1xima velocidad<\/strong><\/td>\n<td width=\"281\">25km\/h<\/td>\n<\/tr>\n<tr>\n<td bgcolor=\"#f5f2f2\" width=\"275\"><strong>Distancia de carga<\/strong><\/td>\n<td width=\"281\">50 km -180 km (con pedaleo asistido)<\/td>\n<\/tr>\n<tr>\n<td style=\"text-align: center;\" colspan=\"2\" bgcolor=\"#d9edf7\"><strong>Detalles de env\u00edo<\/strong><\/td>\n<\/tr>\n<tr>\n<td bgcolor=\"#f5f2f2\" width=\"275\"><strong>Tama\u00f1o de embalaje<\/strong><\/td>\n<td width=\"281\">128*58*68cm<\/td>\n<\/tr>\n<tr>\n<td bgcolor=\"#f5f2f2\" width=\"275\"><strong>40&#8243; Hq(Pcs)<\/strong><\/td>\n<td width=\"281\">125pcs<\/td>\n<\/tr>\n<tr>\n<td bgcolor=\"#f5f2f2\" width=\"275\"><strong>20&#8243; Hq(Pcs)<\/strong><\/td>\n<td width=\"281\">48pcs<\/td>\n<\/tr>\n<\/tbody>\n<\/table>\n","protected":false},"excerpt":{"rendered":"<ul>\n<li style=\"list-style-type: none;\">\n<ul>\n<li><strong>Marco<\/strong>: dise\u00f1o de marco de aleaci\u00f3n de aluminio 6061.<\/li>\n<li><strong>Motor<\/strong>: 36V\/48V 250W~750W El motor de cubo delantero sin escobillas proporciona potencia m\u00e1s que suficiente, la velocidad m\u00e1xima se puede alcanzar a 25 km\/h.<\/li>\n<li><strong>Bater\u00eda<\/strong>: 374Wh~1680Wh 18650 Litio-ion, tiempo de carga: 5 horas, duraci\u00f3n de la bater\u00eda: 800~1000 ciclos.<\/li>\n<li><strong>Freno<\/strong>: Los frenos de disco mec\u00e1nicos o hidr\u00e1ulicos no se ven afectados por las inclemencias del tiempo y brindan un frenado potente y progresivo.<\/li>\n<li><strong>Manetas de cambio<\/strong>: el sistema de transmisi\u00f3n Shimano de 7 velocidades garantiza la experiencia de velocidad diferente que necesita para conducir.<\/li>\n<li><strong>Reverso<\/strong>: El triciclo no tiene la funci\u00f3n de marcha atr\u00e1s por defecto, si quieres a\u00f1adir esta funci\u00f3n, ponte en contacto con nosotros.<\/li>\n<li><strong>Diferencial<\/strong>: Para personas mayores y personas con dificultades de movilidad, recomendamos instalar el diferencial que har\u00e1 que este triciclo sea m\u00e1s seguro y estable en las curvas.<\/li>\n<\/ul>\n<\/li>\n<\/ul>\n","protected":false},"featured_media":14545,"comment_status":"closed","ping_status":"closed","template":"","meta":{"site-sidebar-layout":"default","site-content-layout":"default","ast-site-content-layout":"default","site-content-style":"default","site-sidebar-style":"default","ast-global-header-display":"","ast-banner-title-visibility":"","ast-main-header-display":"","ast-hfb-above-header-display":"","ast-hfb-below-header-display":"","ast-hfb-mobile-header-display":"","site-post-title":"","ast-breadcrumbs-content":"","ast-featured-img":"","footer-sml-layout":"","ast-disable-related-posts":"","theme-transparent-header-meta":"default","adv-header-id-meta":"","stick-header-meta":"default","header-above-stick-meta":"","header-main-stick-meta":"","header-below-stick-meta":"","astra-migrate-meta-layouts":"default","ast-page-background-enabled":"default","ast-page-background-meta":{"desktop":{"background-color":"","background-image":"","background-repeat":"repeat","background-position":"center center","background-size":"auto","background-attachment":"scroll","background-type":"","background-media":"","overlay-type":"","overlay-color":"","overlay-opacity":"","overlay-gradient":""},"tablet":{"background-color":"","background-image":"","background-repeat":"repeat","background-position":"center center","background-size":"auto","background-attachment":"scroll","background-type":"","background-media":"","overlay-type":"","overlay-color":"","overlay-opacity":"","overlay-gradient":""},"mobile":{"background-color":"","background-image":"","background-repeat":"repeat","background-position":"center center","background-size":"auto","background-attachment":"scroll","background-type":"","background-media":"","overlay-type":"","overlay-color":"","overlay-opacity":"","overlay-gradient":""}},"ast-content-background-meta":{"desktop":{"background-color":"var(--ast-global-color-5)","background-image":"","background-repeat":"repeat","background-position":"center center","background-size":"auto","background-attachment":"scroll","background-type":"","background-media":"","overlay-type":"","overlay-color":"","overlay-opacity":"","overlay-gradient":""},"tablet":{"background-color":"var(--ast-global-color-5)","background-image":"","background-repeat":"repeat","background-position":"center center","background-size":"auto","background-attachment":"scroll","background-type":"","background-media":"","overlay-type":"","overlay-color":"","overlay-opacity":"","overlay-gradient":""},"mobile":{"background-color":"var(--ast-global-color-5)","background-image":"","background-repeat":"repeat","background-position":"center center","background-size":"auto","background-attachment":"scroll","background-type":"","background-media":"","overlay-type":"","overlay-color":"","overlay-opacity":"","overlay-gradient":""}}},"product_brand":[],"product_cat":[105],"product_tag":[],"class_list":{"0":"post-3408","1":"product","2":"type-product","3":"status-publish","4":"has-post-thumbnail","6":"product_cat-triciclo-electrico","7":"desktop-align-left","8":"tablet-align-left","9":"mobile-align-left","10":"ast-product-gallery-layout-horizontal","11":"ast-product-tabs-layout-horizontal","12":"ast-qv-on-image","14":"first","15":"instock","16":"featured","17":"shipping-taxable","18":"product-type-simple"},"yoast_head":"<!-- This site is optimized with the Yoast SEO plugin v27.5 - https:\/\/yoast.com\/product\/yoast-seo-wordpress\/ -->\n<title>Triciclo El\u00e9ctrico Plegable Adulto KK8031 - Kuake Bicycle<\/title>\n<meta name=\"description\" content=\"KK8031 triciclo electrico plegable se pliega y desmonta para facilitar su transporte y almacenamiento, perfecto para un miembro de la familia con algunos problemas de movilidad.\" \/>\n<meta name=\"robots\" content=\"index, follow, max-snippet:-1, max-image-preview:large, max-video-preview:-1\" \/>\n<link rel=\"canonical\" href=\"https:\/\/www.kuakebicycle.com\/es\/kk8031-triciclo-de-carga-electrico-de-carga-trasero-plegable\/\" \/>\n<meta property=\"og:locale\" content=\"es_ES\" \/>\n<meta property=\"og:type\" content=\"article\" \/>\n<meta property=\"og:title\" content=\"Triciclo El\u00e9ctrico Plegable Adulto KK8031 - Kuake Bicycle\" \/>\n<meta property=\"og:description\" content=\"KK8031 triciclo electrico plegable se pliega y desmonta para facilitar su transporte y almacenamiento, perfecto para un miembro de la familia con algunos problemas de movilidad.\" \/>\n<meta property=\"og:url\" content=\"https:\/\/www.kuakebicycle.com\/es\/kk8031-triciclo-de-carga-electrico-de-carga-trasero-plegable\/\" \/>\n<meta property=\"og:site_name\" content=\"Kuake Bicycle\" \/>\n<meta property=\"article:modified_time\" content=\"2022-01-21T04:03:40+00:00\" \/>\n<meta property=\"og:image\" content=\"https:\/\/www.kuakebicycle.com\/wp-content\/uploads\/2021\/12\/KK8031-Grey-Folding-Electric-Tricycle.jpg\" \/>\n\t<meta property=\"og:image:width\" content=\"600\" \/>\n\t<meta property=\"og:image:height\" content=\"600\" \/>\n\t<meta property=\"og:image:type\" content=\"image\/jpeg\" \/>\n<meta name=\"twitter:card\" content=\"summary_large_image\" \/>\n<meta name=\"twitter:label1\" content=\"Tiempo de lectura\" \/>\n\t<meta name=\"twitter:data1\" content=\"1 minuto\" \/>\n<script type=\"application\/ld+json\" class=\"yoast-schema-graph\">{\"@context\":\"https:\\\/\\\/schema.org\",\"@graph\":[{\"@type\":\"WebPage\",\"@id\":\"https:\\\/\\\/www.kuakebicycle.com\\\/es\\\/kk8031-triciclo-de-carga-electrico-de-carga-trasero-plegable\\\/\",\"url\":\"https:\\\/\\\/www.kuakebicycle.com\\\/es\\\/kk8031-triciclo-de-carga-electrico-de-carga-trasero-plegable\\\/\",\"name\":\"Triciclo El\u00e9ctrico Plegable Adulto KK8031 - Kuake Bicycle\",\"isPartOf\":{\"@id\":\"https:\\\/\\\/www.kuakebicycle.com\\\/es\\\/#website\"},\"primaryImageOfPage\":{\"@id\":\"https:\\\/\\\/www.kuakebicycle.com\\\/es\\\/kk8031-triciclo-de-carga-electrico-de-carga-trasero-plegable\\\/#primaryimage\"},\"image\":{\"@id\":\"https:\\\/\\\/www.kuakebicycle.com\\\/es\\\/kk8031-triciclo-de-carga-electrico-de-carga-trasero-plegable\\\/#primaryimage\"},\"thumbnailUrl\":\"https:\\\/\\\/www.kuakebicycle.com\\\/wp-content\\\/uploads\\\/2021\\\/12\\\/KK8031-Grey-Folding-Electric-Tricycle.jpg\",\"datePublished\":\"2021-07-21T03:33:36+00:00\",\"dateModified\":\"2022-01-21T04:03:40+00:00\",\"description\":\"KK8031 triciclo electrico plegable se pliega y desmonta para facilitar su transporte y almacenamiento, perfecto para un miembro de la familia con algunos problemas de movilidad.\",\"breadcrumb\":{\"@id\":\"https:\\\/\\\/www.kuakebicycle.com\\\/es\\\/kk8031-triciclo-de-carga-electrico-de-carga-trasero-plegable\\\/#breadcrumb\"},\"inLanguage\":\"es\",\"potentialAction\":[{\"@type\":\"ReadAction\",\"target\":[\"https:\\\/\\\/www.kuakebicycle.com\\\/es\\\/kk8031-triciclo-de-carga-electrico-de-carga-trasero-plegable\\\/\"]}]},{\"@type\":\"ImageObject\",\"inLanguage\":\"es\",\"@id\":\"https:\\\/\\\/www.kuakebicycle.com\\\/es\\\/kk8031-triciclo-de-carga-electrico-de-carga-trasero-plegable\\\/#primaryimage\",\"url\":\"https:\\\/\\\/www.kuakebicycle.com\\\/wp-content\\\/uploads\\\/2021\\\/12\\\/KK8031-Grey-Folding-Electric-Tricycle.jpg\",\"contentUrl\":\"https:\\\/\\\/www.kuakebicycle.com\\\/wp-content\\\/uploads\\\/2021\\\/12\\\/KK8031-Grey-Folding-Electric-Tricycle.jpg\",\"width\":600,\"height\":600,\"caption\":\"Triciclo el\u00e9ctrico plegable gris KK8031\"},{\"@type\":\"BreadcrumbList\",\"@id\":\"https:\\\/\\\/www.kuakebicycle.com\\\/es\\\/kk8031-triciclo-de-carga-electrico-de-carga-trasero-plegable\\\/#breadcrumb\",\"itemListElement\":[{\"@type\":\"ListItem\",\"position\":1,\"name\":\"Home\",\"item\":\"https:\\\/\\\/www.kuakebicycle.com\\\/es\\\/\"},{\"@type\":\"ListItem\",\"position\":2,\"name\":\"Productos\",\"item\":\"https:\\\/\\\/www.kuakebicycle.com\\\/es\\\/productos\\\/\"},{\"@type\":\"ListItem\",\"position\":3,\"name\":\"Triciclo Electrico Plegable Adulto KK8031 (Neum\u00e1tico Gordo, 250W ~ 750W, 374Wh~1680Wh, 7 Velocidades)\"}]},{\"@type\":\"WebSite\",\"@id\":\"https:\\\/\\\/www.kuakebicycle.com\\\/es\\\/#website\",\"url\":\"https:\\\/\\\/www.kuakebicycle.com\\\/es\\\/\",\"name\":\"Kuake Bicycle\",\"description\":\"\",\"publisher\":{\"@id\":\"https:\\\/\\\/www.kuakebicycle.com\\\/es\\\/#organization\"},\"potentialAction\":[{\"@type\":\"SearchAction\",\"target\":{\"@type\":\"EntryPoint\",\"urlTemplate\":\"https:\\\/\\\/www.kuakebicycle.com\\\/es\\\/?s={search_term_string}\"},\"query-input\":{\"@type\":\"PropertyValueSpecification\",\"valueRequired\":true,\"valueName\":\"search_term_string\"}}],\"inLanguage\":\"es\"},{\"@type\":\"Organization\",\"@id\":\"https:\\\/\\\/www.kuakebicycle.com\\\/es\\\/#organization\",\"name\":\"Kuake Technology\",\"url\":\"https:\\\/\\\/www.kuakebicycle.com\\\/es\\\/\",\"logo\":{\"@type\":\"ImageObject\",\"inLanguage\":\"es\",\"@id\":\"https:\\\/\\\/www.kuakebicycle.com\\\/es\\\/#\\\/schema\\\/logo\\\/image\\\/\",\"url\":\"https:\\\/\\\/www.kuakebicycle.com\\\/wp-content\\\/uploads\\\/2021\\\/03\\\/icon.png\",\"contentUrl\":\"https:\\\/\\\/www.kuakebicycle.com\\\/wp-content\\\/uploads\\\/2021\\\/03\\\/icon.png\",\"width\":100,\"height\":100,\"caption\":\"Kuake Technology\"},\"image\":{\"@id\":\"https:\\\/\\\/www.kuakebicycle.com\\\/es\\\/#\\\/schema\\\/logo\\\/image\\\/\"}}]}<\/script>\n<!-- \/ Yoast SEO plugin. -->","yoast_head_json":{"title":"Triciclo El\u00e9ctrico Plegable Adulto KK8031 - Kuake Bicycle","description":"KK8031 triciclo electrico plegable se pliega y desmonta para facilitar su transporte y almacenamiento, perfecto para un miembro de la familia con algunos problemas de movilidad.","robots":{"index":"index","follow":"follow","max-snippet":"max-snippet:-1","max-image-preview":"max-image-preview:large","max-video-preview":"max-video-preview:-1"},"canonical":"https:\/\/www.kuakebicycle.com\/es\/kk8031-triciclo-de-carga-electrico-de-carga-trasero-plegable\/","og_locale":"es_ES","og_type":"article","og_title":"Triciclo El\u00e9ctrico Plegable Adulto KK8031 - Kuake Bicycle","og_description":"KK8031 triciclo electrico plegable se pliega y desmonta para facilitar su transporte y almacenamiento, perfecto para un miembro de la familia con algunos problemas de movilidad.","og_url":"https:\/\/www.kuakebicycle.com\/es\/kk8031-triciclo-de-carga-electrico-de-carga-trasero-plegable\/","og_site_name":"Kuake Bicycle","article_modified_time":"2022-01-21T04:03:40+00:00","og_image":[{"width":600,"height":600,"url":"https:\/\/www.kuakebicycle.com\/wp-content\/uploads\/2021\/12\/KK8031-Grey-Folding-Electric-Tricycle.jpg","type":"image\/jpeg"}],"twitter_card":"summary_large_image","twitter_misc":{"Tiempo de lectura":"1 minuto"},"schema":{"@context":"https:\/\/schema.org","@graph":[{"@type":"WebPage","@id":"https:\/\/www.kuakebicycle.com\/es\/kk8031-triciclo-de-carga-electrico-de-carga-trasero-plegable\/","url":"https:\/\/www.kuakebicycle.com\/es\/kk8031-triciclo-de-carga-electrico-de-carga-trasero-plegable\/","name":"Triciclo El\u00e9ctrico Plegable Adulto KK8031 - Kuake Bicycle","isPartOf":{"@id":"https:\/\/www.kuakebicycle.com\/es\/#website"},"primaryImageOfPage":{"@id":"https:\/\/www.kuakebicycle.com\/es\/kk8031-triciclo-de-carga-electrico-de-carga-trasero-plegable\/#primaryimage"},"image":{"@id":"https:\/\/www.kuakebicycle.com\/es\/kk8031-triciclo-de-carga-electrico-de-carga-trasero-plegable\/#primaryimage"},"thumbnailUrl":"https:\/\/www.kuakebicycle.com\/wp-content\/uploads\/2021\/12\/KK8031-Grey-Folding-Electric-Tricycle.jpg","datePublished":"2021-07-21T03:33:36+00:00","dateModified":"2022-01-21T04:03:40+00:00","description":"KK8031 triciclo electrico plegable se pliega y desmonta para facilitar su transporte y almacenamiento, perfecto para un miembro de la familia con algunos problemas de movilidad.","breadcrumb":{"@id":"https:\/\/www.kuakebicycle.com\/es\/kk8031-triciclo-de-carga-electrico-de-carga-trasero-plegable\/#breadcrumb"},"inLanguage":"es","potentialAction":[{"@type":"ReadAction","target":["https:\/\/www.kuakebicycle.com\/es\/kk8031-triciclo-de-carga-electrico-de-carga-trasero-plegable\/"]}]},{"@type":"ImageObject","inLanguage":"es","@id":"https:\/\/www.kuakebicycle.com\/es\/kk8031-triciclo-de-carga-electrico-de-carga-trasero-plegable\/#primaryimage","url":"https:\/\/www.kuakebicycle.com\/wp-content\/uploads\/2021\/12\/KK8031-Grey-Folding-Electric-Tricycle.jpg","contentUrl":"https:\/\/www.kuakebicycle.com\/wp-content\/uploads\/2021\/12\/KK8031-Grey-Folding-Electric-Tricycle.jpg","width":600,"height":600,"caption":"Triciclo el\u00e9ctrico plegable gris KK8031"},{"@type":"BreadcrumbList","@id":"https:\/\/www.kuakebicycle.com\/es\/kk8031-triciclo-de-carga-electrico-de-carga-trasero-plegable\/#breadcrumb","itemListElement":[{"@type":"ListItem","position":1,"name":"Home","item":"https:\/\/www.kuakebicycle.com\/es\/"},{"@type":"ListItem","position":2,"name":"Productos","item":"https:\/\/www.kuakebicycle.com\/es\/productos\/"},{"@type":"ListItem","position":3,"name":"Triciclo Electrico Plegable Adulto KK8031 (Neum\u00e1tico Gordo, 250W ~ 750W, 374Wh~1680Wh, 7 Velocidades)"}]},{"@type":"WebSite","@id":"https:\/\/www.kuakebicycle.com\/es\/#website","url":"https:\/\/www.kuakebicycle.com\/es\/","name":"Kuake Bicycle","description":"","publisher":{"@id":"https:\/\/www.kuakebicycle.com\/es\/#organization"},"potentialAction":[{"@type":"SearchAction","target":{"@type":"EntryPoint","urlTemplate":"https:\/\/www.kuakebicycle.com\/es\/?s={search_term_string}"},"query-input":{"@type":"PropertyValueSpecification","valueRequired":true,"valueName":"search_term_string"}}],"inLanguage":"es"},{"@type":"Organization","@id":"https:\/\/www.kuakebicycle.com\/es\/#organization","name":"Kuake Technology","url":"https:\/\/www.kuakebicycle.com\/es\/","logo":{"@type":"ImageObject","inLanguage":"es","@id":"https:\/\/www.kuakebicycle.com\/es\/#\/schema\/logo\/image\/","url":"https:\/\/www.kuakebicycle.com\/wp-content\/uploads\/2021\/03\/icon.png","contentUrl":"https:\/\/www.kuakebicycle.com\/wp-content\/uploads\/2021\/03\/icon.png","width":100,"height":100,"caption":"Kuake Technology"},"image":{"@id":"https:\/\/www.kuakebicycle.com\/es\/#\/schema\/logo\/image\/"}}]}},"_links":{"self":[{"href":"https:\/\/www.kuakebicycle.com\/es\/wp-json\/wp\/v2\/product\/3408","targetHints":{"allow":["GET"]}}],"collection":[{"href":"https:\/\/www.kuakebicycle.com\/es\/wp-json\/wp\/v2\/product"}],"about":[{"href":"https:\/\/www.kuakebicycle.com\/es\/wp-json\/wp\/v2\/types\/product"}],"replies":[{"embeddable":true,"href":"https:\/\/www.kuakebicycle.com\/es\/wp-json\/wp\/v2\/comments?post=3408"}],"wp:featuredmedia":[{"embeddable":true,"href":"https:\/\/www.kuakebicycle.com\/es\/wp-json\/wp\/v2\/media\/14545"}],"wp:attachment":[{"href":"https:\/\/www.kuakebicycle.com\/es\/wp-json\/wp\/v2\/media?parent=3408"}],"wp:term":[{"taxonomy":"product_brand","embeddable":true,"href":"https:\/\/www.kuakebicycle.com\/es\/wp-json\/wp\/v2\/product_brand?post=3408"},{"taxonomy":"product_cat","embeddable":true,"href":"https:\/\/www.kuakebicycle.com\/es\/wp-json\/wp\/v2\/product_cat?post=3408"},{"taxonomy":"product_tag","embeddable":true,"href":"https:\/\/www.kuakebicycle.com\/es\/wp-json\/wp\/v2\/product_tag?post=3408"}],"curies":[{"name":"wp","href":"https:\/\/api.w.org\/{rel}","templated":true}]}}