{"id":3367,"date":"2021-06-23T02:31:41","date_gmt":"2021-07-21T03:23:43","guid":{"rendered":"https:\/\/www.kuakebicycle.com\/bicicleta-electrica-plegable-de-fibra-de-carbono-kk7016-13-8kg-350w-samsung-7-0ah\/"},"modified":"2022-04-25T06:57:46","modified_gmt":"2022-04-25T06:57:46","slug":"kk7016-bicicleta-electrica-plegable-de-fibra-de-carbono-completa","status":"publish","type":"product","link":"https:\/\/www.kuakebicycle.com\/es\/kk7016-bicicleta-electrica-plegable-de-fibra-de-carbono-completa\/","title":{"rendered":"KK7016 Bicicleta El\u00e9ctrica Plegable De Carbono (15KG, 250~350W, Samsung 7.0Ah, Suspensi\u00f3n trasera)"},"content":{"rendered":"<p><iframe loading=\"lazy\" title=\"youtube video player\" src=\"https:\/\/www.youtube.com\/embed\/MJj_uo9gSTo\" width=\"560\" height=\"315\" frameborder=\"0\" allowfullscreen=\"allowfullscreen\"><\/iframe><\/p>\n<table border=\"1\" width=\"556\">\n<tbody>\n<tr>\n<td style=\"text-align: center;\" colspan=\"2\" bgcolor=\"#d9edf7\"><strong>Informaci\u00f3n B\u00e1sica<\/strong><\/td>\n<\/tr>\n<tr>\n<td bgcolor=\"#f5f2f2\" width=\"275\"><strong>N \u00ba De Modelo.<\/strong><\/td>\n<td width=\"281\">KK7016<\/td>\n<\/tr>\n<tr>\n<td bgcolor=\"#f5f2f2\" width=\"275\"><strong>Peso<\/strong><\/td>\n<td width=\"281\">15 KG<\/td>\n<\/tr>\n<tr>\n<td bgcolor=\"#f5f2f2\" width=\"275\"><strong>Marco<\/strong><\/td>\n<td width=\"281\">Fibra de carbon<\/td>\n<\/tr>\n<tr>\n<td bgcolor=\"#f5f2f2\" width=\"275\"><strong>Tenedor frontal<\/strong><\/td>\n<td width=\"281\">Fibra de carbon<\/td>\n<\/tr>\n<tr>\n<td bgcolor=\"#f5f2f2\" width=\"275\"><strong>Carga Est\u00e1ndar<\/strong><\/td>\n<td width=\"281\">100kg\/220lb<\/td>\n<\/tr>\n<tr>\n<td bgcolor=\"#f5f2f2\" width=\"275\"><strong>Sistema De Conducci\u00f3n<\/strong><\/td>\n<td width=\"281\">5PAS + Crucero<\/td>\n<\/tr>\n<tr>\n<td bgcolor=\"#f5f2f2\" width=\"275\"><strong>Expandir Tama\u00f1o<\/strong><\/td>\n<td width=\"281\">1500*580*1100mm<\/td>\n<\/tr>\n<tr>\n<td bgcolor=\"#f5f2f2\" width=\"275\"><strong>Tama\u00f1o Plegable<\/strong><\/td>\n<td width=\"281\">850*405*700mm<\/td>\n<\/tr>\n<tr>\n<td style=\"text-align: center;\" colspan=\"2\" bgcolor=\"#d9edf7\"><strong>Especificaciones De Los Componentes<\/strong><\/td>\n<\/tr>\n<tr>\n<td bgcolor=\"#f5f2f2\" width=\"275\"><strong>Frenos<\/strong><\/td>\n<td width=\"281\">F \/ R mec\u00e1nico 160mm G3 freno de disco<\/td>\n<\/tr>\n<tr>\n<td bgcolor=\"#f5f2f2\" width=\"275\"><strong>Freno de mano<\/strong><\/td>\n<td width=\"281\">Aleaci\u00f3n de aluminio ajustable<\/td>\n<\/tr>\n<tr>\n<td bgcolor=\"#f5f2f2\" width=\"275\"><strong>Cambiadores<\/strong><\/td>\n<td width=\"281\">Velocidad SHIMANO Mf-Tz500-7<\/td>\n<\/tr>\n<tr>\n<td bgcolor=\"#f5f2f2\" width=\"275\"><strong>Desviador<\/strong><\/td>\n<td width=\"281\">SHIMANO RD-TY300<\/td>\n<\/tr>\n<tr>\n<td bgcolor=\"#f5f2f2\" width=\"275\"><strong>Manivela de engranajes<\/strong><\/td>\n<td width=\"281\">Prowheel 48T<\/td>\n<\/tr>\n<tr>\n<td bgcolor=\"#f5f2f2\" width=\"275\"><strong>Rueda de fuego trasera<\/strong><\/td>\n<td width=\"281\">SHIMANO MF-TZ500-7<\/td>\n<\/tr>\n<tr>\n<td bgcolor=\"#f5f2f2\" width=\"275\"><strong>Neum\u00e1tico<\/strong><\/td>\n<td width=\"281\">Kenda 20 * 1,95 pulgadas<\/td>\n<\/tr>\n<tr>\n<td bgcolor=\"#f5f2f2\" width=\"275\"><strong>Di\u00e1metro de la rueda<\/strong><\/td>\n<td width=\"281\">20 pulgadas<\/td>\n<\/tr>\n<tr>\n<td bgcolor=\"#f5f2f2\" width=\"275\"><strong>Manipulador<\/strong><\/td>\n<td width=\"281\">MICROSHIFT 7S \/ P<\/td>\n<\/tr>\n<tr>\n<td bgcolor=\"#f5f2f2\" width=\"275\"><strong>Sujeci\u00f3n<\/strong><\/td>\n<td width=\"281\">Mango c\u00f3modo de EVA de alta densidad que absorbe los golpes y antideslizante<\/td>\n<\/tr>\n<tr>\n<td bgcolor=\"#f5f2f2\" width=\"275\"><strong>Cadena<\/strong><\/td>\n<td width=\"281\">KMC<\/td>\n<\/tr>\n<tr>\n<td bgcolor=\"#f5f2f2\" width=\"275\"><strong>Ligero<\/strong><\/td>\n<td width=\"281\">LED<\/td>\n<\/tr>\n<tr>\n<td bgcolor=\"#f5f2f2\" width=\"275\"><strong>Borde<\/strong><\/td>\n<td width=\"281\">Anillo cortador de freno de disco de aluminio de doble capa<\/td>\n<\/tr>\n<tr>\n<td bgcolor=\"#f5f2f2\" width=\"275\"><strong>Pedal<\/strong><\/td>\n<td width=\"281\">Pedal plegable antideslizante<\/td>\n<\/tr>\n<tr>\n<td bgcolor=\"#f5f2f2\" width=\"275\"><strong>Sill\u00edn<\/strong><\/td>\n<td width=\"281\">Confort ergon\u00f3mico<\/td>\n<\/tr>\n<tr>\n<td style=\"text-align: center;\" colspan=\"2\" bgcolor=\"#d9edf7\"><strong>Especificaciones del sistema el\u00e9ctrico<\/strong><\/td>\n<\/tr>\n<tr>\n<td bgcolor=\"#f5f2f2\" width=\"275\"><strong>Motor<\/strong><\/td>\n<td width=\"281\">Motor de alta velocidad de 250\/350 W<\/td>\n<\/tr>\n<tr>\n<td bgcolor=\"#f5f2f2\" width=\"275\"><strong>Bater\u00eda<\/strong><\/td>\n<td width=\"281\">36V 5.2Ah ( Samsung 7.0Ah)<\/td>\n<\/tr>\n<tr>\n<td bgcolor=\"#f5f2f2\" width=\"275\"><strong>Sistema de gesti\u00f3n de bater\u00eda<\/strong><\/td>\n<td width=\"281\">Sistema de bater\u00eda de tubo de asiento de patente<\/td>\n<\/tr>\n<tr>\n<td bgcolor=\"#f5f2f2\" width=\"275\"><strong>Tiempo de carga<\/strong><\/td>\n<td width=\"281\">3 horas<\/td>\n<\/tr>\n<tr>\n<td bgcolor=\"#f5f2f2\" width=\"275\"><strong>Controlador<\/strong><\/td>\n<td width=\"281\">Controlador de onda sinusoidal<\/td>\n<\/tr>\n<tr>\n<td bgcolor=\"#f5f2f2\" width=\"275\"><strong>Monitor<\/strong><\/td>\n<td width=\"281\">Pantalla LCD<\/td>\n<\/tr>\n<tr>\n<td bgcolor=\"#f5f2f2\" width=\"275\"><strong>Tiempos de recarga<\/strong><\/td>\n<td width=\"281\">800 ~ 1000 veces<\/td>\n<\/tr>\n<tr>\n<td bgcolor=\"#f5f2f2\" width=\"275\"><strong>Kilometraje de resistencia<\/strong><\/td>\n<td width=\"281\">PAS&gt;50km<\/td>\n<\/tr>\n<tr>\n<td bgcolor=\"#f5f2f2\" width=\"275\"><strong>M\u00e1xima velocidad<\/strong><\/td>\n<td width=\"281\">\u226425km\/h<\/td>\n<\/tr>\n<\/tbody>\n<\/table>\n","protected":false},"excerpt":{"rendered":"<ul>\n<li>Cuadro de fibra de carbono y horquilla delantera<\/li>\n<li>Ligero 15 kg y plegable (tama\u00f1o de expansi\u00f3n: 1500 * 580 * 1100 mm, tama\u00f1o plegable: 850 * 405 * 700 mm)<\/li>\n<li>Hay varios colores disponibles y personalizables<\/li>\n<li>Motor trasero de alta velocidad 250w \/ 350w<\/li>\n<li>Bater\u00eda de litio predeterminada de 36V \/ 5.2Ah (opci\u00f3n alternativa Samsung 36V 7.0Ah)<\/li>\n<li>Sistema de bater\u00eda del tubo del asiento<\/li>\n<li>Shimano 7 velocidades<\/li>\n<\/ul>\n","protected":false},"featured_media":22364,"comment_status":"closed","ping_status":"closed","template":"","meta":{"site-sidebar-layout":"default","site-content-layout":"default","ast-site-content-layout":"default","site-content-style":"default","site-sidebar-style":"default","ast-global-header-display":"","ast-banner-title-visibility":"","ast-main-header-display":"","ast-hfb-above-header-display":"","ast-hfb-below-header-display":"","ast-hfb-mobile-header-display":"","site-post-title":"","ast-breadcrumbs-content":"","ast-featured-img":"","footer-sml-layout":"","ast-disable-related-posts":"","theme-transparent-header-meta":"default","adv-header-id-meta":"","stick-header-meta":"default","header-above-stick-meta":"","header-main-stick-meta":"","header-below-stick-meta":"","astra-migrate-meta-layouts":"default","ast-page-background-enabled":"default","ast-page-background-meta":{"desktop":{"background-color":"","background-image":"","background-repeat":"repeat","background-position":"center center","background-size":"auto","background-attachment":"scroll","background-type":"","background-media":"","overlay-type":"","overlay-color":"","overlay-opacity":"","overlay-gradient":""},"tablet":{"background-color":"","background-image":"","background-repeat":"repeat","background-position":"center center","background-size":"auto","background-attachment":"scroll","background-type":"","background-media":"","overlay-type":"","overlay-color":"","overlay-opacity":"","overlay-gradient":""},"mobile":{"background-color":"","background-image":"","background-repeat":"repeat","background-position":"center center","background-size":"auto","background-attachment":"scroll","background-type":"","background-media":"","overlay-type":"","overlay-color":"","overlay-opacity":"","overlay-gradient":""}},"ast-content-background-meta":{"desktop":{"background-color":"var(--ast-global-color-5)","background-image":"","background-repeat":"repeat","background-position":"center center","background-size":"auto","background-attachment":"scroll","background-type":"","background-media":"","overlay-type":"","overlay-color":"","overlay-opacity":"","overlay-gradient":""},"tablet":{"background-color":"var(--ast-global-color-5)","background-image":"","background-repeat":"repeat","background-position":"center center","background-size":"auto","background-attachment":"scroll","background-type":"","background-media":"","overlay-type":"","overlay-color":"","overlay-opacity":"","overlay-gradient":""},"mobile":{"background-color":"var(--ast-global-color-5)","background-image":"","background-repeat":"repeat","background-position":"center center","background-size":"auto","background-attachment":"scroll","background-type":"","background-media":"","overlay-type":"","overlay-color":"","overlay-opacity":"","overlay-gradient":""}}},"product_brand":[],"product_cat":[99],"product_tag":[],"class_list":{"0":"post-3367","1":"product","2":"type-product","3":"status-publish","4":"has-post-thumbnail","6":"product_cat-bicicleta-electrica-plegable","7":"desktop-align-left","8":"tablet-align-left","9":"mobile-align-left","10":"ast-product-gallery-layout-horizontal","11":"ast-product-tabs-layout-horizontal","12":"ast-qv-on-image","14":"first","15":"instock","16":"featured","17":"shipping-taxable","18":"product-type-simple"},"yoast_head":"<!-- This site is optimized with the Yoast SEO plugin v27.4 - https:\/\/yoast.com\/product\/yoast-seo-wordpress\/ -->\n<title>KK7016 Bicicleta El\u00e9ctrica Plegable De Carbono (15KG, 250~350W, Samsung 7.0Ah, Suspensi\u00f3n trasera) - Kuake Bicycle<\/title>\n<meta name=\"description\" content=\"Si est\u00e1 buscando lo \u00faltimo en rendimiento liviano, nuestra bicicleta plegable el\u00e9ctrica de fibra de carbono es inmejorable.\" \/>\n<meta name=\"robots\" content=\"index, follow, max-snippet:-1, max-image-preview:large, max-video-preview:-1\" \/>\n<link rel=\"canonical\" href=\"https:\/\/www.kuakebicycle.com\/es\/kk7016-bicicleta-electrica-plegable-de-fibra-de-carbono-completa\/\" \/>\n<meta property=\"og:locale\" content=\"es_ES\" \/>\n<meta property=\"og:type\" content=\"article\" \/>\n<meta property=\"og:title\" content=\"KK7016 Bicicleta El\u00e9ctrica Plegable De Carbono (15KG, 250~350W, Samsung 7.0Ah, Suspensi\u00f3n trasera) - Kuake Bicycle\" \/>\n<meta property=\"og:description\" content=\"Si est\u00e1 buscando lo \u00faltimo en rendimiento liviano, nuestra bicicleta plegable el\u00e9ctrica de fibra de carbono es inmejorable.\" \/>\n<meta property=\"og:url\" content=\"https:\/\/www.kuakebicycle.com\/es\/kk7016-bicicleta-electrica-plegable-de-fibra-de-carbono-completa\/\" \/>\n<meta property=\"og:site_name\" content=\"Kuake Bicycle\" \/>\n<meta property=\"article:modified_time\" content=\"2022-04-25T06:57:46+00:00\" \/>\n<meta property=\"og:image\" content=\"https:\/\/www.kuakebicycle.com\/wp-content\/uploads\/2021\/06\/KK7016-Carbon-Folding-E-Bike.jpg\" \/>\n\t<meta property=\"og:image:width\" content=\"600\" \/>\n\t<meta property=\"og:image:height\" content=\"600\" \/>\n\t<meta property=\"og:image:type\" content=\"image\/jpeg\" \/>\n<meta name=\"twitter:card\" content=\"summary_large_image\" \/>\n<meta name=\"twitter:label1\" content=\"Tiempo de lectura\" \/>\n\t<meta name=\"twitter:data1\" content=\"1 minuto\" \/>\n<script type=\"application\/ld+json\" class=\"yoast-schema-graph\">{\"@context\":\"https:\\\/\\\/schema.org\",\"@graph\":[{\"@type\":\"WebPage\",\"@id\":\"https:\\\/\\\/www.kuakebicycle.com\\\/es\\\/kk7016-bicicleta-electrica-plegable-de-fibra-de-carbono-completa\\\/\",\"url\":\"https:\\\/\\\/www.kuakebicycle.com\\\/es\\\/kk7016-bicicleta-electrica-plegable-de-fibra-de-carbono-completa\\\/\",\"name\":\"KK7016 Bicicleta El\u00e9ctrica Plegable De Carbono (15KG, 250~350W, Samsung 7.0Ah, Suspensi\u00f3n trasera) - Kuake Bicycle\",\"isPartOf\":{\"@id\":\"https:\\\/\\\/www.kuakebicycle.com\\\/es\\\/#website\"},\"primaryImageOfPage\":{\"@id\":\"https:\\\/\\\/www.kuakebicycle.com\\\/es\\\/kk7016-bicicleta-electrica-plegable-de-fibra-de-carbono-completa\\\/#primaryimage\"},\"image\":{\"@id\":\"https:\\\/\\\/www.kuakebicycle.com\\\/es\\\/kk7016-bicicleta-electrica-plegable-de-fibra-de-carbono-completa\\\/#primaryimage\"},\"thumbnailUrl\":\"https:\\\/\\\/www.kuakebicycle.com\\\/wp-content\\\/uploads\\\/2021\\\/06\\\/KK7016-Carbon-Folding-E-Bike.jpg\",\"datePublished\":\"2021-07-21T03:23:43+00:00\",\"dateModified\":\"2022-04-25T06:57:46+00:00\",\"description\":\"Si est\u00e1 buscando lo \u00faltimo en rendimiento liviano, nuestra bicicleta plegable el\u00e9ctrica de fibra de carbono es inmejorable.\",\"breadcrumb\":{\"@id\":\"https:\\\/\\\/www.kuakebicycle.com\\\/es\\\/kk7016-bicicleta-electrica-plegable-de-fibra-de-carbono-completa\\\/#breadcrumb\"},\"inLanguage\":\"es\",\"potentialAction\":[{\"@type\":\"ReadAction\",\"target\":[\"https:\\\/\\\/www.kuakebicycle.com\\\/es\\\/kk7016-bicicleta-electrica-plegable-de-fibra-de-carbono-completa\\\/\"]}]},{\"@type\":\"ImageObject\",\"inLanguage\":\"es\",\"@id\":\"https:\\\/\\\/www.kuakebicycle.com\\\/es\\\/kk7016-bicicleta-electrica-plegable-de-fibra-de-carbono-completa\\\/#primaryimage\",\"url\":\"https:\\\/\\\/www.kuakebicycle.com\\\/wp-content\\\/uploads\\\/2021\\\/06\\\/KK7016-Carbon-Folding-E-Bike.jpg\",\"contentUrl\":\"https:\\\/\\\/www.kuakebicycle.com\\\/wp-content\\\/uploads\\\/2021\\\/06\\\/KK7016-Carbon-Folding-E-Bike.jpg\",\"width\":600,\"height\":600,\"caption\":\"KK7016 Carbon Folding E-Bike\"},{\"@type\":\"BreadcrumbList\",\"@id\":\"https:\\\/\\\/www.kuakebicycle.com\\\/es\\\/kk7016-bicicleta-electrica-plegable-de-fibra-de-carbono-completa\\\/#breadcrumb\",\"itemListElement\":[{\"@type\":\"ListItem\",\"position\":1,\"name\":\"Home\",\"item\":\"https:\\\/\\\/www.kuakebicycle.com\\\/es\\\/\"},{\"@type\":\"ListItem\",\"position\":2,\"name\":\"Productos\",\"item\":\"https:\\\/\\\/www.kuakebicycle.com\\\/es\\\/productos\\\/\"},{\"@type\":\"ListItem\",\"position\":3,\"name\":\"KK7016 Bicicleta El\u00e9ctrica Plegable De Carbono (15KG, 250~350W, Samsung 7.0Ah, Suspensi\u00f3n trasera)\"}]},{\"@type\":\"WebSite\",\"@id\":\"https:\\\/\\\/www.kuakebicycle.com\\\/es\\\/#website\",\"url\":\"https:\\\/\\\/www.kuakebicycle.com\\\/es\\\/\",\"name\":\"Kuake Bicycle\",\"description\":\"\",\"publisher\":{\"@id\":\"https:\\\/\\\/www.kuakebicycle.com\\\/es\\\/#organization\"},\"potentialAction\":[{\"@type\":\"SearchAction\",\"target\":{\"@type\":\"EntryPoint\",\"urlTemplate\":\"https:\\\/\\\/www.kuakebicycle.com\\\/es\\\/?s={search_term_string}\"},\"query-input\":{\"@type\":\"PropertyValueSpecification\",\"valueRequired\":true,\"valueName\":\"search_term_string\"}}],\"inLanguage\":\"es\"},{\"@type\":\"Organization\",\"@id\":\"https:\\\/\\\/www.kuakebicycle.com\\\/es\\\/#organization\",\"name\":\"Kuake Technology\",\"url\":\"https:\\\/\\\/www.kuakebicycle.com\\\/es\\\/\",\"logo\":{\"@type\":\"ImageObject\",\"inLanguage\":\"es\",\"@id\":\"https:\\\/\\\/www.kuakebicycle.com\\\/es\\\/#\\\/schema\\\/logo\\\/image\\\/\",\"url\":\"https:\\\/\\\/www.kuakebicycle.com\\\/wp-content\\\/uploads\\\/2021\\\/03\\\/icon.png\",\"contentUrl\":\"https:\\\/\\\/www.kuakebicycle.com\\\/wp-content\\\/uploads\\\/2021\\\/03\\\/icon.png\",\"width\":100,\"height\":100,\"caption\":\"Kuake Technology\"},\"image\":{\"@id\":\"https:\\\/\\\/www.kuakebicycle.com\\\/es\\\/#\\\/schema\\\/logo\\\/image\\\/\"}}]}<\/script>\n<!-- \/ Yoast SEO plugin. -->","yoast_head_json":{"title":"KK7016 Bicicleta El\u00e9ctrica Plegable De Carbono (15KG, 250~350W, Samsung 7.0Ah, Suspensi\u00f3n trasera) - Kuake Bicycle","description":"Si est\u00e1 buscando lo \u00faltimo en rendimiento liviano, nuestra bicicleta plegable el\u00e9ctrica de fibra de carbono es inmejorable.","robots":{"index":"index","follow":"follow","max-snippet":"max-snippet:-1","max-image-preview":"max-image-preview:large","max-video-preview":"max-video-preview:-1"},"canonical":"https:\/\/www.kuakebicycle.com\/es\/kk7016-bicicleta-electrica-plegable-de-fibra-de-carbono-completa\/","og_locale":"es_ES","og_type":"article","og_title":"KK7016 Bicicleta El\u00e9ctrica Plegable De Carbono (15KG, 250~350W, Samsung 7.0Ah, Suspensi\u00f3n trasera) - Kuake Bicycle","og_description":"Si est\u00e1 buscando lo \u00faltimo en rendimiento liviano, nuestra bicicleta plegable el\u00e9ctrica de fibra de carbono es inmejorable.","og_url":"https:\/\/www.kuakebicycle.com\/es\/kk7016-bicicleta-electrica-plegable-de-fibra-de-carbono-completa\/","og_site_name":"Kuake Bicycle","article_modified_time":"2022-04-25T06:57:46+00:00","og_image":[{"width":600,"height":600,"url":"https:\/\/www.kuakebicycle.com\/wp-content\/uploads\/2021\/06\/KK7016-Carbon-Folding-E-Bike.jpg","type":"image\/jpeg"}],"twitter_card":"summary_large_image","twitter_misc":{"Tiempo de lectura":"1 minuto"},"schema":{"@context":"https:\/\/schema.org","@graph":[{"@type":"WebPage","@id":"https:\/\/www.kuakebicycle.com\/es\/kk7016-bicicleta-electrica-plegable-de-fibra-de-carbono-completa\/","url":"https:\/\/www.kuakebicycle.com\/es\/kk7016-bicicleta-electrica-plegable-de-fibra-de-carbono-completa\/","name":"KK7016 Bicicleta El\u00e9ctrica Plegable De Carbono (15KG, 250~350W, Samsung 7.0Ah, Suspensi\u00f3n trasera) - Kuake Bicycle","isPartOf":{"@id":"https:\/\/www.kuakebicycle.com\/es\/#website"},"primaryImageOfPage":{"@id":"https:\/\/www.kuakebicycle.com\/es\/kk7016-bicicleta-electrica-plegable-de-fibra-de-carbono-completa\/#primaryimage"},"image":{"@id":"https:\/\/www.kuakebicycle.com\/es\/kk7016-bicicleta-electrica-plegable-de-fibra-de-carbono-completa\/#primaryimage"},"thumbnailUrl":"https:\/\/www.kuakebicycle.com\/wp-content\/uploads\/2021\/06\/KK7016-Carbon-Folding-E-Bike.jpg","datePublished":"2021-07-21T03:23:43+00:00","dateModified":"2022-04-25T06:57:46+00:00","description":"Si est\u00e1 buscando lo \u00faltimo en rendimiento liviano, nuestra bicicleta plegable el\u00e9ctrica de fibra de carbono es inmejorable.","breadcrumb":{"@id":"https:\/\/www.kuakebicycle.com\/es\/kk7016-bicicleta-electrica-plegable-de-fibra-de-carbono-completa\/#breadcrumb"},"inLanguage":"es","potentialAction":[{"@type":"ReadAction","target":["https:\/\/www.kuakebicycle.com\/es\/kk7016-bicicleta-electrica-plegable-de-fibra-de-carbono-completa\/"]}]},{"@type":"ImageObject","inLanguage":"es","@id":"https:\/\/www.kuakebicycle.com\/es\/kk7016-bicicleta-electrica-plegable-de-fibra-de-carbono-completa\/#primaryimage","url":"https:\/\/www.kuakebicycle.com\/wp-content\/uploads\/2021\/06\/KK7016-Carbon-Folding-E-Bike.jpg","contentUrl":"https:\/\/www.kuakebicycle.com\/wp-content\/uploads\/2021\/06\/KK7016-Carbon-Folding-E-Bike.jpg","width":600,"height":600,"caption":"KK7016 Carbon Folding E-Bike"},{"@type":"BreadcrumbList","@id":"https:\/\/www.kuakebicycle.com\/es\/kk7016-bicicleta-electrica-plegable-de-fibra-de-carbono-completa\/#breadcrumb","itemListElement":[{"@type":"ListItem","position":1,"name":"Home","item":"https:\/\/www.kuakebicycle.com\/es\/"},{"@type":"ListItem","position":2,"name":"Productos","item":"https:\/\/www.kuakebicycle.com\/es\/productos\/"},{"@type":"ListItem","position":3,"name":"KK7016 Bicicleta El\u00e9ctrica Plegable De Carbono (15KG, 250~350W, Samsung 7.0Ah, Suspensi\u00f3n trasera)"}]},{"@type":"WebSite","@id":"https:\/\/www.kuakebicycle.com\/es\/#website","url":"https:\/\/www.kuakebicycle.com\/es\/","name":"Kuake Bicycle","description":"","publisher":{"@id":"https:\/\/www.kuakebicycle.com\/es\/#organization"},"potentialAction":[{"@type":"SearchAction","target":{"@type":"EntryPoint","urlTemplate":"https:\/\/www.kuakebicycle.com\/es\/?s={search_term_string}"},"query-input":{"@type":"PropertyValueSpecification","valueRequired":true,"valueName":"search_term_string"}}],"inLanguage":"es"},{"@type":"Organization","@id":"https:\/\/www.kuakebicycle.com\/es\/#organization","name":"Kuake Technology","url":"https:\/\/www.kuakebicycle.com\/es\/","logo":{"@type":"ImageObject","inLanguage":"es","@id":"https:\/\/www.kuakebicycle.com\/es\/#\/schema\/logo\/image\/","url":"https:\/\/www.kuakebicycle.com\/wp-content\/uploads\/2021\/03\/icon.png","contentUrl":"https:\/\/www.kuakebicycle.com\/wp-content\/uploads\/2021\/03\/icon.png","width":100,"height":100,"caption":"Kuake Technology"},"image":{"@id":"https:\/\/www.kuakebicycle.com\/es\/#\/schema\/logo\/image\/"}}]}},"_links":{"self":[{"href":"https:\/\/www.kuakebicycle.com\/es\/wp-json\/wp\/v2\/product\/3367","targetHints":{"allow":["GET"]}}],"collection":[{"href":"https:\/\/www.kuakebicycle.com\/es\/wp-json\/wp\/v2\/product"}],"about":[{"href":"https:\/\/www.kuakebicycle.com\/es\/wp-json\/wp\/v2\/types\/product"}],"replies":[{"embeddable":true,"href":"https:\/\/www.kuakebicycle.com\/es\/wp-json\/wp\/v2\/comments?post=3367"}],"wp:featuredmedia":[{"embeddable":true,"href":"https:\/\/www.kuakebicycle.com\/es\/wp-json\/wp\/v2\/media\/22364"}],"wp:attachment":[{"href":"https:\/\/www.kuakebicycle.com\/es\/wp-json\/wp\/v2\/media?parent=3367"}],"wp:term":[{"taxonomy":"product_brand","embeddable":true,"href":"https:\/\/www.kuakebicycle.com\/es\/wp-json\/wp\/v2\/product_brand?post=3367"},{"taxonomy":"product_cat","embeddable":true,"href":"https:\/\/www.kuakebicycle.com\/es\/wp-json\/wp\/v2\/product_cat?post=3367"},{"taxonomy":"product_tag","embeddable":true,"href":"https:\/\/www.kuakebicycle.com\/es\/wp-json\/wp\/v2\/product_tag?post=3367"}],"curies":[{"name":"wp","href":"https:\/\/api.w.org\/{rel}","templated":true}]}}