{"id":20810,"date":"2022-03-29T02:25:52","date_gmt":"2022-03-29T02:56:03","guid":{"rendered":"https:\/\/www.kuakebicycle.com\/bicicleta-plegable-electrica-de-aleacion-de-magnesio-de-20-pulgadas-kk7026-moldeado-integral-250350w-504wh\/"},"modified":"2022-03-29T03:59:55","modified_gmt":"2022-03-29T03:59:55","slug":"kk7026-bicicleta-plegable-electrica-con-marco-de-aleacion-de-magnesio-de-20-pulgadas","status":"publish","type":"product","link":"https:\/\/www.kuakebicycle.com\/es\/kk7026-bicicleta-plegable-electrica-con-marco-de-aleacion-de-magnesio-de-20-pulgadas\/","title":{"rendered":"Bicicleta El\u00e9ctrica Plegable Con Marco De Aleaci\u00f3n De Magnesio De 20 Pulgadas KK7026 (Moldeado Integral, 250~350W, 504Wh)"},"content":{"rendered":"<p><iframe loading=\"lazy\" title=\"youtube video player\" src=\"https:\/\/www.youtube.com\/embed\/Q-XwxEqnXqY\" width=\"560\" height=\"315\" frameborder=\"0\" allowfullscreen=\"allowfullscreen\"><\/iframe><\/p>\n<table border=\"1\" width=\"556\">\n<tbody>\n<tr>\n<td style=\"text-align: center;\" colspan=\"2\" bgcolor=\"#d9edf7\"><strong>Informaci\u00f3n B\u00e1sica<\/strong><\/td>\n<\/tr>\n<tr>\n<td bgcolor=\"#f5f2f2\" width=\"275\"><strong>N \u00ba De Modelo.<\/strong><\/td>\n<td width=\"281\">KK7026<\/td>\n<\/tr>\n<tr>\n<td bgcolor=\"#f5f2f2\" width=\"275\"><strong>Peso<\/strong><\/td>\n<td width=\"281\">17 KG<\/td>\n<\/tr>\n<tr>\n<td bgcolor=\"#f5f2f2\" width=\"275\"><strong>Marco<\/strong><\/td>\n<td width=\"281\">Aleaci\u00f3n De Magnesio<\/td>\n<\/tr>\n<tr>\n<td bgcolor=\"#f5f2f2\" width=\"275\"><strong>Tenedor frontal<\/strong><\/td>\n<td width=\"281\">Aleaci\u00f3n De Magnesio<\/td>\n<\/tr>\n<tr>\n<td bgcolor=\"#f5f2f2\" width=\"275\"><strong>Carga Est\u00e1ndar<\/strong><\/td>\n<td width=\"281\">100kg\/220lb<\/td>\n<\/tr>\n<tr>\n<td bgcolor=\"#f5f2f2\" width=\"275\"><strong>Sistema De Conducci\u00f3n<\/strong><\/td>\n<td width=\"281\">5PAS + Crucero<\/td>\n<\/tr>\n<tr>\n<td bgcolor=\"#f5f2f2\" width=\"275\"><strong>Expandir Tama\u00f1o<\/strong><\/td>\n<td width=\"281\">1500*580*1100mm<\/td>\n<\/tr>\n<tr>\n<td bgcolor=\"#f5f2f2\" width=\"275\"><strong>Tama\u00f1o Plegable<\/strong><\/td>\n<td width=\"281\">850*405*700mm<\/td>\n<\/tr>\n<tr>\n<td style=\"text-align: center;\" colspan=\"2\" bgcolor=\"#d9edf7\"><strong>Especificaciones De Los Componentes<\/strong><\/td>\n<\/tr>\n<tr>\n<td bgcolor=\"#f5f2f2\" width=\"275\"><strong>Frenos<\/strong><\/td>\n<td width=\"281\">F \/ R mec\u00e1nico 160mm G3 freno de disco<\/td>\n<\/tr>\n<tr>\n<td bgcolor=\"#f5f2f2\" width=\"275\"><strong>Freno de mano<\/strong><\/td>\n<td width=\"281\">Aleaci\u00f3n de aluminio ajustable<\/td>\n<\/tr>\n<tr>\n<td bgcolor=\"#f5f2f2\" width=\"275\"><strong>Cambiadores<\/strong><\/td>\n<td width=\"281\">Velocidad SHIMANO Mf-Tz500-7<\/td>\n<\/tr>\n<tr>\n<td bgcolor=\"#f5f2f2\" width=\"275\"><strong>Desviador<\/strong><\/td>\n<td width=\"281\">SHIMANO RD-TY300<\/td>\n<\/tr>\n<tr>\n<td bgcolor=\"#f5f2f2\" width=\"275\"><strong>Manivela de engranajes<\/strong><\/td>\n<td width=\"281\">Prowheel 48T<\/td>\n<\/tr>\n<tr>\n<td bgcolor=\"#f5f2f2\" width=\"275\"><strong>Rueda de fuego trasera<\/strong><\/td>\n<td width=\"281\">SHIMANO MF-TZ500-7<\/td>\n<\/tr>\n<tr>\n<td bgcolor=\"#f5f2f2\" width=\"275\"><strong>Neum\u00e1tico<\/strong><\/td>\n<td width=\"281\">Kenda 20 * 1,95 pulgadas<\/td>\n<\/tr>\n<tr>\n<td bgcolor=\"#f5f2f2\" width=\"275\"><strong>Di\u00e1metro de la rueda<\/strong><\/td>\n<td width=\"281\">20 pulgadas<\/td>\n<\/tr>\n<tr>\n<td bgcolor=\"#f5f2f2\" width=\"275\"><strong>Manipulador<\/strong><\/td>\n<td width=\"281\">MICROSHIFT 7S \/ P<\/td>\n<\/tr>\n<tr>\n<td bgcolor=\"#f5f2f2\" width=\"275\"><strong>Sujeci\u00f3n<\/strong><\/td>\n<td width=\"281\">Mango c\u00f3modo de EVA de alta densidad que absorbe los golpes y antideslizante<\/td>\n<\/tr>\n<tr>\n<td bgcolor=\"#f5f2f2\" width=\"275\"><strong>Cadena<\/strong><\/td>\n<td width=\"281\">KMC<\/td>\n<\/tr>\n<tr>\n<td bgcolor=\"#f5f2f2\" width=\"275\"><strong>Ligero<\/strong><\/td>\n<td width=\"281\">LED<\/td>\n<\/tr>\n<tr>\n<td bgcolor=\"#f5f2f2\" width=\"275\"><strong>Borde<\/strong><\/td>\n<td width=\"281\">Anillo cortador de freno de disco de aluminio de doble capa<\/td>\n<\/tr>\n<tr>\n<td bgcolor=\"#f5f2f2\" width=\"275\"><strong>Pedal<\/strong><\/td>\n<td width=\"281\">Pedal plegable antideslizante<\/td>\n<\/tr>\n<tr>\n<td bgcolor=\"#f5f2f2\" width=\"275\"><strong>Sill\u00edn<\/strong><\/td>\n<td width=\"281\">Confort ergon\u00f3mico<\/td>\n<\/tr>\n<tr>\n<td style=\"text-align: center;\" colspan=\"2\" bgcolor=\"#d9edf7\"><strong>Especificaciones del sistema el\u00e9ctrico<\/strong><\/td>\n<\/tr>\n<tr>\n<td bgcolor=\"#f5f2f2\" width=\"275\"><strong>Motor<\/strong><\/td>\n<td width=\"281\">Motor de alta velocidad de 250\/350 W<\/td>\n<\/tr>\n<tr>\n<td bgcolor=\"#f5f2f2\" width=\"275\"><strong>Bater\u00eda<\/strong><\/td>\n<td width=\"281\">36V 5.2Ah ( Samsung 7.0Ah)<\/td>\n<\/tr>\n<tr>\n<td bgcolor=\"#f5f2f2\" width=\"275\"><strong>Sistema de gesti\u00f3n de bater\u00eda<\/strong><\/td>\n<td width=\"281\">Sistema de bater\u00eda de tubo de asiento de patente<\/td>\n<\/tr>\n<tr>\n<td bgcolor=\"#f5f2f2\" width=\"275\"><strong>Tiempo de carga<\/strong><\/td>\n<td width=\"281\">3 horas<\/td>\n<\/tr>\n<tr>\n<td bgcolor=\"#f5f2f2\" width=\"275\"><strong>Controlador<\/strong><\/td>\n<td width=\"281\">Controlador de onda sinusoidal<\/td>\n<\/tr>\n<tr>\n<td bgcolor=\"#f5f2f2\" width=\"275\"><strong>Monitor<\/strong><\/td>\n<td width=\"281\">Pantalla LCD<\/td>\n<\/tr>\n<tr>\n<td bgcolor=\"#f5f2f2\" width=\"275\"><strong>Tiempos de recarga<\/strong><\/td>\n<td width=\"281\">800 ~ 1000 veces<\/td>\n<\/tr>\n<tr>\n<td bgcolor=\"#f5f2f2\" width=\"275\"><strong>Kilometraje de resistencia<\/strong><\/td>\n<td width=\"281\">PAS&gt;50km<\/td>\n<\/tr>\n<tr>\n<td bgcolor=\"#f5f2f2\" width=\"275\"><strong>M\u00e1xima velocidad<\/strong><\/td>\n<td width=\"281\">\u226425km\/h<\/td>\n<\/tr>\n<\/tbody>\n<\/table>\n","protected":false},"excerpt":{"rendered":"<ul>\n<li>Cuadro y horquilla delantera de aleaci\u00f3n de magnesio<\/li>\n<li>Ligero 17 kg y plegable (tama\u00f1o de expansi\u00f3n: 1500 * 580 * 1100 mm, tama\u00f1o plegable: 850 * 405 * 700 mm)<\/li>\n<li>Hay varios colores disponibles y personalizables<\/li>\n<li>Motor trasero de alta velocidad 250w \/ 350w<\/li>\n<li>Bater\u00eda de litio 36V 10.4Ah~14Ah<\/li>\n<li>Sistema de bater\u00eda de tija de sill\u00edn<\/li>\n<li>Shimano 7 velocidades<\/li>\n<\/ul>\n","protected":false},"featured_media":20719,"comment_status":"closed","ping_status":"closed","template":"","meta":{"site-sidebar-layout":"default","site-content-layout":"default","ast-site-content-layout":"default","site-content-style":"default","site-sidebar-style":"default","ast-global-header-display":"","ast-banner-title-visibility":"","ast-main-header-display":"","ast-hfb-above-header-display":"","ast-hfb-below-header-display":"","ast-hfb-mobile-header-display":"","site-post-title":"","ast-breadcrumbs-content":"","ast-featured-img":"","footer-sml-layout":"","ast-disable-related-posts":"","theme-transparent-header-meta":"default","adv-header-id-meta":"","stick-header-meta":"default","header-above-stick-meta":"","header-main-stick-meta":"","header-below-stick-meta":"","astra-migrate-meta-layouts":"default","ast-page-background-enabled":"default","ast-page-background-meta":{"desktop":{"background-color":"","background-image":"","background-repeat":"repeat","background-position":"center center","background-size":"auto","background-attachment":"scroll","background-type":"","background-media":"","overlay-type":"","overlay-color":"","overlay-opacity":"","overlay-gradient":""},"tablet":{"background-color":"","background-image":"","background-repeat":"repeat","background-position":"center center","background-size":"auto","background-attachment":"scroll","background-type":"","background-media":"","overlay-type":"","overlay-color":"","overlay-opacity":"","overlay-gradient":""},"mobile":{"background-color":"","background-image":"","background-repeat":"repeat","background-position":"center center","background-size":"auto","background-attachment":"scroll","background-type":"","background-media":"","overlay-type":"","overlay-color":"","overlay-opacity":"","overlay-gradient":""}},"ast-content-background-meta":{"desktop":{"background-color":"var(--ast-global-color-5)","background-image":"","background-repeat":"repeat","background-position":"center center","background-size":"auto","background-attachment":"scroll","background-type":"","background-media":"","overlay-type":"","overlay-color":"","overlay-opacity":"","overlay-gradient":""},"tablet":{"background-color":"var(--ast-global-color-5)","background-image":"","background-repeat":"repeat","background-position":"center center","background-size":"auto","background-attachment":"scroll","background-type":"","background-media":"","overlay-type":"","overlay-color":"","overlay-opacity":"","overlay-gradient":""},"mobile":{"background-color":"var(--ast-global-color-5)","background-image":"","background-repeat":"repeat","background-position":"center center","background-size":"auto","background-attachment":"scroll","background-type":"","background-media":"","overlay-type":"","overlay-color":"","overlay-opacity":"","overlay-gradient":""}}},"product_brand":[],"product_cat":[99],"product_tag":[],"class_list":{"0":"post-20810","1":"product","2":"type-product","3":"status-publish","4":"has-post-thumbnail","6":"product_cat-bicicleta-electrica-plegable","7":"desktop-align-left","8":"tablet-align-left","9":"mobile-align-left","10":"ast-product-gallery-layout-horizontal","11":"ast-product-tabs-layout-horizontal","12":"ast-qv-on-image","14":"first","15":"instock","16":"shipping-taxable","17":"product-type-simple"},"yoast_head":"<!-- This site is optimized with the Yoast SEO plugin v27.3 - https:\/\/yoast.com\/product\/yoast-seo-wordpress\/ -->\n<title>Bicicleta El\u00e9ctrica De Magnesio, Bicicleta Plegable Con Marco De Aleaci\u00f3n De Magnesio KK7026 - Kuake Bicycle<\/title>\n<meta name=\"description\" content=\"La bicicleta el\u00e9ctrica de aleaci\u00f3n de magnesio ultraLite Kuake KK7026 de 17 kg est\u00e1 moldeada integralmente y aprovecha la ligereza, la rigidez y la alta capacidad de amortiguaci\u00f3n del magnesio.\" \/>\n<meta name=\"robots\" content=\"index, follow, max-snippet:-1, max-image-preview:large, max-video-preview:-1\" \/>\n<link rel=\"canonical\" href=\"https:\/\/www.kuakebicycle.com\/es\/kk7026-bicicleta-plegable-electrica-con-marco-de-aleacion-de-magnesio-de-20-pulgadas\/\" \/>\n<meta property=\"og:locale\" content=\"es_ES\" \/>\n<meta property=\"og:type\" content=\"article\" \/>\n<meta property=\"og:title\" content=\"Bicicleta El\u00e9ctrica De Magnesio, Bicicleta Plegable Con Marco De Aleaci\u00f3n De Magnesio KK7026 - Kuake Bicycle\" \/>\n<meta property=\"og:description\" content=\"La bicicleta el\u00e9ctrica de aleaci\u00f3n de magnesio ultraLite Kuake KK7026 de 17 kg est\u00e1 moldeada integralmente y aprovecha la ligereza, la rigidez y la alta capacidad de amortiguaci\u00f3n del magnesio.\" \/>\n<meta property=\"og:url\" content=\"https:\/\/www.kuakebicycle.com\/es\/kk7026-bicicleta-plegable-electrica-con-marco-de-aleacion-de-magnesio-de-20-pulgadas\/\" \/>\n<meta property=\"og:site_name\" content=\"Kuake Bicycle\" \/>\n<meta property=\"article:modified_time\" content=\"2022-03-29T03:59:55+00:00\" \/>\n<meta property=\"og:image\" content=\"https:\/\/www.kuakebicycle.com\/wp-content\/uploads\/2022\/03\/KK7026-Magnesium-Alloy-Frame-Folding-Electric-Bike.jpg\" \/>\n\t<meta property=\"og:image:width\" content=\"600\" \/>\n\t<meta property=\"og:image:height\" content=\"600\" \/>\n\t<meta property=\"og:image:type\" content=\"image\/jpeg\" \/>\n<meta name=\"twitter:card\" content=\"summary_large_image\" \/>\n<meta name=\"twitter:label1\" content=\"Tiempo de lectura\" \/>\n\t<meta name=\"twitter:data1\" content=\"1 minuto\" \/>\n<script type=\"application\/ld+json\" class=\"yoast-schema-graph\">{\"@context\":\"https:\\\/\\\/schema.org\",\"@graph\":[{\"@type\":\"WebPage\",\"@id\":\"https:\\\/\\\/www.kuakebicycle.com\\\/es\\\/kk7026-bicicleta-plegable-electrica-con-marco-de-aleacion-de-magnesio-de-20-pulgadas\\\/\",\"url\":\"https:\\\/\\\/www.kuakebicycle.com\\\/es\\\/kk7026-bicicleta-plegable-electrica-con-marco-de-aleacion-de-magnesio-de-20-pulgadas\\\/\",\"name\":\"Bicicleta El\u00e9ctrica De Magnesio, Bicicleta Plegable Con Marco De Aleaci\u00f3n De Magnesio KK7026 - Kuake Bicycle\",\"isPartOf\":{\"@id\":\"https:\\\/\\\/www.kuakebicycle.com\\\/es\\\/#website\"},\"primaryImageOfPage\":{\"@id\":\"https:\\\/\\\/www.kuakebicycle.com\\\/es\\\/kk7026-bicicleta-plegable-electrica-con-marco-de-aleacion-de-magnesio-de-20-pulgadas\\\/#primaryimage\"},\"image\":{\"@id\":\"https:\\\/\\\/www.kuakebicycle.com\\\/es\\\/kk7026-bicicleta-plegable-electrica-con-marco-de-aleacion-de-magnesio-de-20-pulgadas\\\/#primaryimage\"},\"thumbnailUrl\":\"https:\\\/\\\/www.kuakebicycle.com\\\/wp-content\\\/uploads\\\/2022\\\/03\\\/KK7026-Magnesium-Alloy-Frame-Folding-Electric-Bike.jpg\",\"datePublished\":\"2022-03-29T02:56:03+00:00\",\"dateModified\":\"2022-03-29T03:59:55+00:00\",\"description\":\"La bicicleta el\u00e9ctrica de aleaci\u00f3n de magnesio ultraLite Kuake KK7026 de 17 kg est\u00e1 moldeada integralmente y aprovecha la ligereza, la rigidez y la alta capacidad de amortiguaci\u00f3n del magnesio.\",\"breadcrumb\":{\"@id\":\"https:\\\/\\\/www.kuakebicycle.com\\\/es\\\/kk7026-bicicleta-plegable-electrica-con-marco-de-aleacion-de-magnesio-de-20-pulgadas\\\/#breadcrumb\"},\"inLanguage\":\"es\",\"potentialAction\":[{\"@type\":\"ReadAction\",\"target\":[\"https:\\\/\\\/www.kuakebicycle.com\\\/es\\\/kk7026-bicicleta-plegable-electrica-con-marco-de-aleacion-de-magnesio-de-20-pulgadas\\\/\"]}]},{\"@type\":\"ImageObject\",\"inLanguage\":\"es\",\"@id\":\"https:\\\/\\\/www.kuakebicycle.com\\\/es\\\/kk7026-bicicleta-plegable-electrica-con-marco-de-aleacion-de-magnesio-de-20-pulgadas\\\/#primaryimage\",\"url\":\"https:\\\/\\\/www.kuakebicycle.com\\\/wp-content\\\/uploads\\\/2022\\\/03\\\/KK7026-Magnesium-Alloy-Frame-Folding-Electric-Bike.jpg\",\"contentUrl\":\"https:\\\/\\\/www.kuakebicycle.com\\\/wp-content\\\/uploads\\\/2022\\\/03\\\/KK7026-Magnesium-Alloy-Frame-Folding-Electric-Bike.jpg\",\"width\":600,\"height\":600,\"caption\":\"Bicicleta el\u00e9ctrica plegable con marco de aleaci\u00f3n de magnesio KK7026\"},{\"@type\":\"BreadcrumbList\",\"@id\":\"https:\\\/\\\/www.kuakebicycle.com\\\/es\\\/kk7026-bicicleta-plegable-electrica-con-marco-de-aleacion-de-magnesio-de-20-pulgadas\\\/#breadcrumb\",\"itemListElement\":[{\"@type\":\"ListItem\",\"position\":1,\"name\":\"Home\",\"item\":\"https:\\\/\\\/www.kuakebicycle.com\\\/es\\\/\"},{\"@type\":\"ListItem\",\"position\":2,\"name\":\"Productos\",\"item\":\"https:\\\/\\\/www.kuakebicycle.com\\\/es\\\/productos\\\/\"},{\"@type\":\"ListItem\",\"position\":3,\"name\":\"Bicicleta El\u00e9ctrica Plegable Con Marco De Aleaci\u00f3n De Magnesio De 20 Pulgadas KK7026 (Moldeado Integral, 250~350W, 504Wh)\"}]},{\"@type\":\"WebSite\",\"@id\":\"https:\\\/\\\/www.kuakebicycle.com\\\/es\\\/#website\",\"url\":\"https:\\\/\\\/www.kuakebicycle.com\\\/es\\\/\",\"name\":\"Kuake Bicycle\",\"description\":\"\",\"publisher\":{\"@id\":\"https:\\\/\\\/www.kuakebicycle.com\\\/es\\\/#organization\"},\"potentialAction\":[{\"@type\":\"SearchAction\",\"target\":{\"@type\":\"EntryPoint\",\"urlTemplate\":\"https:\\\/\\\/www.kuakebicycle.com\\\/es\\\/?s={search_term_string}\"},\"query-input\":{\"@type\":\"PropertyValueSpecification\",\"valueRequired\":true,\"valueName\":\"search_term_string\"}}],\"inLanguage\":\"es\"},{\"@type\":\"Organization\",\"@id\":\"https:\\\/\\\/www.kuakebicycle.com\\\/es\\\/#organization\",\"name\":\"Kuake Technology\",\"url\":\"https:\\\/\\\/www.kuakebicycle.com\\\/es\\\/\",\"logo\":{\"@type\":\"ImageObject\",\"inLanguage\":\"es\",\"@id\":\"https:\\\/\\\/www.kuakebicycle.com\\\/es\\\/#\\\/schema\\\/logo\\\/image\\\/\",\"url\":\"https:\\\/\\\/www.kuakebicycle.com\\\/wp-content\\\/uploads\\\/2021\\\/03\\\/icon.png\",\"contentUrl\":\"https:\\\/\\\/www.kuakebicycle.com\\\/wp-content\\\/uploads\\\/2021\\\/03\\\/icon.png\",\"width\":100,\"height\":100,\"caption\":\"Kuake Technology\"},\"image\":{\"@id\":\"https:\\\/\\\/www.kuakebicycle.com\\\/es\\\/#\\\/schema\\\/logo\\\/image\\\/\"}}]}<\/script>\n<!-- \/ Yoast SEO plugin. -->","yoast_head_json":{"title":"Bicicleta El\u00e9ctrica De Magnesio, Bicicleta Plegable Con Marco De Aleaci\u00f3n De Magnesio KK7026 - Kuake Bicycle","description":"La bicicleta el\u00e9ctrica de aleaci\u00f3n de magnesio ultraLite Kuake KK7026 de 17 kg est\u00e1 moldeada integralmente y aprovecha la ligereza, la rigidez y la alta capacidad de amortiguaci\u00f3n del magnesio.","robots":{"index":"index","follow":"follow","max-snippet":"max-snippet:-1","max-image-preview":"max-image-preview:large","max-video-preview":"max-video-preview:-1"},"canonical":"https:\/\/www.kuakebicycle.com\/es\/kk7026-bicicleta-plegable-electrica-con-marco-de-aleacion-de-magnesio-de-20-pulgadas\/","og_locale":"es_ES","og_type":"article","og_title":"Bicicleta El\u00e9ctrica De Magnesio, Bicicleta Plegable Con Marco De Aleaci\u00f3n De Magnesio KK7026 - Kuake Bicycle","og_description":"La bicicleta el\u00e9ctrica de aleaci\u00f3n de magnesio ultraLite Kuake KK7026 de 17 kg est\u00e1 moldeada integralmente y aprovecha la ligereza, la rigidez y la alta capacidad de amortiguaci\u00f3n del magnesio.","og_url":"https:\/\/www.kuakebicycle.com\/es\/kk7026-bicicleta-plegable-electrica-con-marco-de-aleacion-de-magnesio-de-20-pulgadas\/","og_site_name":"Kuake Bicycle","article_modified_time":"2022-03-29T03:59:55+00:00","og_image":[{"width":600,"height":600,"url":"https:\/\/www.kuakebicycle.com\/wp-content\/uploads\/2022\/03\/KK7026-Magnesium-Alloy-Frame-Folding-Electric-Bike.jpg","type":"image\/jpeg"}],"twitter_card":"summary_large_image","twitter_misc":{"Tiempo de lectura":"1 minuto"},"schema":{"@context":"https:\/\/schema.org","@graph":[{"@type":"WebPage","@id":"https:\/\/www.kuakebicycle.com\/es\/kk7026-bicicleta-plegable-electrica-con-marco-de-aleacion-de-magnesio-de-20-pulgadas\/","url":"https:\/\/www.kuakebicycle.com\/es\/kk7026-bicicleta-plegable-electrica-con-marco-de-aleacion-de-magnesio-de-20-pulgadas\/","name":"Bicicleta El\u00e9ctrica De Magnesio, Bicicleta Plegable Con Marco De Aleaci\u00f3n De Magnesio KK7026 - Kuake Bicycle","isPartOf":{"@id":"https:\/\/www.kuakebicycle.com\/es\/#website"},"primaryImageOfPage":{"@id":"https:\/\/www.kuakebicycle.com\/es\/kk7026-bicicleta-plegable-electrica-con-marco-de-aleacion-de-magnesio-de-20-pulgadas\/#primaryimage"},"image":{"@id":"https:\/\/www.kuakebicycle.com\/es\/kk7026-bicicleta-plegable-electrica-con-marco-de-aleacion-de-magnesio-de-20-pulgadas\/#primaryimage"},"thumbnailUrl":"https:\/\/www.kuakebicycle.com\/wp-content\/uploads\/2022\/03\/KK7026-Magnesium-Alloy-Frame-Folding-Electric-Bike.jpg","datePublished":"2022-03-29T02:56:03+00:00","dateModified":"2022-03-29T03:59:55+00:00","description":"La bicicleta el\u00e9ctrica de aleaci\u00f3n de magnesio ultraLite Kuake KK7026 de 17 kg est\u00e1 moldeada integralmente y aprovecha la ligereza, la rigidez y la alta capacidad de amortiguaci\u00f3n del magnesio.","breadcrumb":{"@id":"https:\/\/www.kuakebicycle.com\/es\/kk7026-bicicleta-plegable-electrica-con-marco-de-aleacion-de-magnesio-de-20-pulgadas\/#breadcrumb"},"inLanguage":"es","potentialAction":[{"@type":"ReadAction","target":["https:\/\/www.kuakebicycle.com\/es\/kk7026-bicicleta-plegable-electrica-con-marco-de-aleacion-de-magnesio-de-20-pulgadas\/"]}]},{"@type":"ImageObject","inLanguage":"es","@id":"https:\/\/www.kuakebicycle.com\/es\/kk7026-bicicleta-plegable-electrica-con-marco-de-aleacion-de-magnesio-de-20-pulgadas\/#primaryimage","url":"https:\/\/www.kuakebicycle.com\/wp-content\/uploads\/2022\/03\/KK7026-Magnesium-Alloy-Frame-Folding-Electric-Bike.jpg","contentUrl":"https:\/\/www.kuakebicycle.com\/wp-content\/uploads\/2022\/03\/KK7026-Magnesium-Alloy-Frame-Folding-Electric-Bike.jpg","width":600,"height":600,"caption":"Bicicleta el\u00e9ctrica plegable con marco de aleaci\u00f3n de magnesio KK7026"},{"@type":"BreadcrumbList","@id":"https:\/\/www.kuakebicycle.com\/es\/kk7026-bicicleta-plegable-electrica-con-marco-de-aleacion-de-magnesio-de-20-pulgadas\/#breadcrumb","itemListElement":[{"@type":"ListItem","position":1,"name":"Home","item":"https:\/\/www.kuakebicycle.com\/es\/"},{"@type":"ListItem","position":2,"name":"Productos","item":"https:\/\/www.kuakebicycle.com\/es\/productos\/"},{"@type":"ListItem","position":3,"name":"Bicicleta El\u00e9ctrica Plegable Con Marco De Aleaci\u00f3n De Magnesio De 20 Pulgadas KK7026 (Moldeado Integral, 250~350W, 504Wh)"}]},{"@type":"WebSite","@id":"https:\/\/www.kuakebicycle.com\/es\/#website","url":"https:\/\/www.kuakebicycle.com\/es\/","name":"Kuake Bicycle","description":"","publisher":{"@id":"https:\/\/www.kuakebicycle.com\/es\/#organization"},"potentialAction":[{"@type":"SearchAction","target":{"@type":"EntryPoint","urlTemplate":"https:\/\/www.kuakebicycle.com\/es\/?s={search_term_string}"},"query-input":{"@type":"PropertyValueSpecification","valueRequired":true,"valueName":"search_term_string"}}],"inLanguage":"es"},{"@type":"Organization","@id":"https:\/\/www.kuakebicycle.com\/es\/#organization","name":"Kuake Technology","url":"https:\/\/www.kuakebicycle.com\/es\/","logo":{"@type":"ImageObject","inLanguage":"es","@id":"https:\/\/www.kuakebicycle.com\/es\/#\/schema\/logo\/image\/","url":"https:\/\/www.kuakebicycle.com\/wp-content\/uploads\/2021\/03\/icon.png","contentUrl":"https:\/\/www.kuakebicycle.com\/wp-content\/uploads\/2021\/03\/icon.png","width":100,"height":100,"caption":"Kuake Technology"},"image":{"@id":"https:\/\/www.kuakebicycle.com\/es\/#\/schema\/logo\/image\/"}}]}},"_links":{"self":[{"href":"https:\/\/www.kuakebicycle.com\/es\/wp-json\/wp\/v2\/product\/20810","targetHints":{"allow":["GET"]}}],"collection":[{"href":"https:\/\/www.kuakebicycle.com\/es\/wp-json\/wp\/v2\/product"}],"about":[{"href":"https:\/\/www.kuakebicycle.com\/es\/wp-json\/wp\/v2\/types\/product"}],"replies":[{"embeddable":true,"href":"https:\/\/www.kuakebicycle.com\/es\/wp-json\/wp\/v2\/comments?post=20810"}],"wp:featuredmedia":[{"embeddable":true,"href":"https:\/\/www.kuakebicycle.com\/es\/wp-json\/wp\/v2\/media\/20719"}],"wp:attachment":[{"href":"https:\/\/www.kuakebicycle.com\/es\/wp-json\/wp\/v2\/media?parent=20810"}],"wp:term":[{"taxonomy":"product_brand","embeddable":true,"href":"https:\/\/www.kuakebicycle.com\/es\/wp-json\/wp\/v2\/product_brand?post=20810"},{"taxonomy":"product_cat","embeddable":true,"href":"https:\/\/www.kuakebicycle.com\/es\/wp-json\/wp\/v2\/product_cat?post=20810"},{"taxonomy":"product_tag","embeddable":true,"href":"https:\/\/www.kuakebicycle.com\/es\/wp-json\/wp\/v2\/product_tag?post=20810"}],"curies":[{"name":"wp","href":"https:\/\/api.w.org\/{rel}","templated":true}]}}