{"id":11363,"date":"2021-09-24T03:24:22","date_gmt":"2021-09-24T04:06:17","guid":{"rendered":"https:\/\/www.kuakebicycle.com\/bicicleta-de-montana-electrica-kk2023-275-pulgadas-672-wh-motor-medio-suspension-completa\/"},"modified":"2022-03-30T10:54:20","modified_gmt":"2022-03-30T10:54:20","slug":"kk2023-bicicleta-de-montana-electrica","status":"publish","type":"product","link":"https:\/\/www.kuakebicycle.com\/es\/kk2023-bicicleta-de-montana-electrica\/","title":{"rendered":"Bicicleta El\u00e9ctrica De Monta\u00f1a KK2023 (27,5 pulgadas, motor medio de 1000W, 672Wh, Doble Suspensi\u00f3n)"},"content":{"rendered":"<table border=\"1\" width=\"556\">\n<tbody>\n<tr>\n<td style=\"text-align: center;\" colspan=\"2\" bgcolor=\"#d9edf7\"><strong>Especificaciones De La Bicicleta<\/strong><\/td>\n<\/tr>\n<tr>\n<td bgcolor=\"#f5f2f2\" width=\"275\"><strong>N \u00ba De Modelo.<\/strong><\/td>\n<td width=\"281\">KK2023<\/td>\n<\/tr>\n<tr>\n<td bgcolor=\"#f5f2f2\" width=\"275\"><strong>Marco<\/strong><\/td>\n<td width=\"281\">27,5 \u00ab, aleaci\u00f3n de aluminio AL6061<\/td>\n<\/tr>\n<tr>\n<td bgcolor=\"#f5f2f2\" width=\"275\"><strong>Tenedor<\/strong><\/td>\n<td width=\"281\">Suntour Doble suspensi\u00f3n XCM34 LO 15AH2<\/td>\n<\/tr>\n<tr>\n<td bgcolor=\"#f5f2f2\" width=\"275\"><strong>Engranaje<\/strong><\/td>\n<td width=\"281\">Shimano RD M3000 SGS 9 velocidades<\/td>\n<\/tr>\n<tr>\n<td bgcolor=\"#f5f2f2\" width=\"275\"><strong>Cambiadores<\/strong><\/td>\n<td width=\"281\">Shimano ASLM3000RC 9 velocidad<\/td>\n<\/tr>\n<tr>\n<td bgcolor=\"#f5f2f2\" width=\"275\"><strong>Rueda libre<\/strong><\/td>\n<td width=\"281\">Shimano ACSHG2009132 9 velocidad<\/td>\n<\/tr>\n<tr>\n<td bgcolor=\"#f5f2f2\" width=\"275\"><strong>Freno frontal<\/strong><\/td>\n<td width=\"281\">Aleaci\u00f3n de freno hidr\u00e1ulico Tektro Oil<\/td>\n<\/tr>\n<tr>\n<td bgcolor=\"#f5f2f2\" width=\"275\"><strong>Freno trasero<\/strong><\/td>\n<td width=\"281\">Aleaci\u00f3n de freno hidr\u00e1ulico Tektro Oil<\/td>\n<\/tr>\n<tr>\n<td bgcolor=\"#f5f2f2\" width=\"275\"><strong>Pedals<\/strong><\/td>\n<td width=\"281\">Wellgo B087 9\/16 CR-MO BS negra<\/td>\n<\/tr>\n<tr>\n<td bgcolor=\"#f5f2f2\" width=\"275\"><strong>Borde<\/strong><\/td>\n<td width=\"281\">HJC DP-45*27.5*13G*36H, A\/V, ALEACI\u00d3N<\/td>\n<\/tr>\n<tr>\n<td bgcolor=\"#f5f2f2\" width=\"275\"><strong>Neum\u00e1ticos<\/strong><\/td>\n<td width=\"281\">CST 27.5*3.0, 60 TPI<\/td>\n<\/tr>\n<tr>\n<td bgcolor=\"#f5f2f2\" width=\"275\"><strong>Tubo interior<\/strong><\/td>\n<td width=\"281\">CST 27.5*3.0<\/td>\n<\/tr>\n<tr>\n<td bgcolor=\"#f5f2f2\" width=\"275\"><strong>Radios<\/strong><\/td>\n<td width=\"281\">SLE 13G<\/td>\n<\/tr>\n<tr>\n<td bgcolor=\"#f5f2f2\" width=\"275\"><strong>Manillar<\/strong><\/td>\n<td width=\"281\">Promax HB-3188-W640, 8\u00b0, R18, L200,H50.9, 2.3*2.8*2.3<\/td>\n<\/tr>\n<tr>\n<td bgcolor=\"#f5f2f2\" width=\"275\"><strong>Madre<\/strong><\/td>\n<td width=\"281\">Promax MA-410 ALEACI\u00d3N<\/td>\n<\/tr>\n<tr>\n<td bgcolor=\"#f5f2f2\" width=\"275\"><strong>Sujeci\u00f3n<\/strong><\/td>\n<td width=\"281\">SR VLG884AD2<\/td>\n<\/tr>\n<tr>\n<td bgcolor=\"#f5f2f2\" width=\"275\"><strong>Freno de mano<\/strong><\/td>\n<td width=\"281\">Tektro negro ALEACI\u00d3N<\/td>\n<\/tr>\n<tr>\n<td bgcolor=\"#f5f2f2\" width=\"275\"><strong>Cabeza<\/strong><\/td>\n<td width=\"281\">NECO H383EM 44*56*39.8<\/td>\n<\/tr>\n<tr>\n<td bgcolor=\"#f5f2f2\" width=\"275\"><strong>Sill\u00edn<\/strong><\/td>\n<td width=\"281\">Justek SI-1285URN<\/td>\n<\/tr>\n<tr>\n<td style=\"text-align: center;\" colspan=\"2\" bgcolor=\"#d9edf7\"><strong>Sistema electrico<\/strong><\/td>\n<\/tr>\n<tr>\n<td bgcolor=\"#f5f2f2\" width=\"275\"><strong>Bater\u00eda<\/strong><\/td>\n<td width=\"281\">48V 14Ah, SAMSUNG 3500 cells<\/td>\n<\/tr>\n<tr>\n<td bgcolor=\"#f5f2f2\" width=\"275\"><strong>Cargador<\/strong><\/td>\n<td width=\"281\">SSLC109V55, 48V2A, GS\/CE SAA\/ROHS<\/td>\n<\/tr>\n<tr>\n<td bgcolor=\"#f5f2f2\" width=\"275\"><strong>Tiempo de carga<\/strong><\/td>\n<td width=\"281\">4 ~ 6 horas<\/td>\n<\/tr>\n<tr>\n<td bgcolor=\"#f5f2f2\" width=\"275\"><strong>Tiempos de recarga<\/strong><\/td>\n<td width=\"281\">800 ~ 1000 veces<\/td>\n<\/tr>\n<tr>\n<td bgcolor=\"#f5f2f2\" width=\"275\"><strong>Fuerza de motor<\/strong><\/td>\n<td width=\"281\">Bafang M620 48V 750W ~ 1000W Unidad intermedia<\/td>\n<\/tr>\n<tr>\n<td bgcolor=\"#f5f2f2\" width=\"275\"><strong>Controlador<\/strong><\/td>\n<td width=\"281\"> Bafang 48V<\/td>\n<\/tr>\n<tr>\n<td bgcolor=\"#f5f2f2\" width=\"275\"><strong>Monitor<\/strong><\/td>\n<td width=\"281\">Pantalla colorida C-18 de Bafang 48V<\/td>\n<\/tr>\n<tr>\n<td bgcolor=\"#f5f2f2\" width=\"275\"><strong>M\u00e1xima velocidad<\/strong><\/td>\n<td width=\"281\">45km\/h<\/td>\n<\/tr>\n<tr>\n<td bgcolor=\"#f5f2f2\" width=\"275\"><strong>Distancia de carga<\/strong><\/td>\n<td width=\"281\">50-60km<\/td>\n<\/tr>\n<tr>\n<td style=\"text-align: center;\" colspan=\"2\" bgcolor=\"#d9edf7\"><strong>Detalles de env\u00edo<\/strong><\/td>\n<\/tr>\n<tr>\n<td bgcolor=\"#f5f2f2\" width=\"275\"><strong>Tama\u00f1o de embalaje<\/strong><\/td>\n<td width=\"281\">1960*250*1155mm<\/td>\n<\/tr>\n<tr>\n<td bgcolor=\"#f5f2f2\" width=\"275\"><strong>40&#8243; Hq(Pcs)<\/strong><\/td>\n<td width=\"281\">120pcs<\/td>\n<\/tr>\n<tr>\n<td bgcolor=\"#f5f2f2\" width=\"275\"><strong>20&#8243; Hq(Pcs)<\/strong><\/td>\n<td width=\"281\">54pcs<\/td>\n<\/tr>\n<\/tbody>\n<\/table>\n","protected":false},"excerpt":{"rendered":"<ul>\n<li><strong>Motor<\/strong>: el motor de transmisi\u00f3n media sin escobillas Bafang de 48 V y 750 W proporciona energ\u00eda m\u00e1s que suficiente para su viaje diario, un crucero en la monta\u00f1a o un meandro a lo largo de su sendero favorito, la velocidad m\u00e1xima se puede alcanzar a 40 km \/ h.<\/li>\n<li><strong>Bater\u00eda<\/strong>: La bater\u00eda de Samsung tiene una capacidad de 14 Ah, el tiempo de carga ser\u00e1 de 4 a 6 horas y una duraci\u00f3n de la bater\u00eda de 800 ~ 1000 ciclos.<\/li>\n<li><strong>Pantalla<\/strong>: la colorida pantalla LCD de Bafang le garantiza que puede leer sus estad\u00edsticas f\u00e1cilmente.<\/li>\n<li><strong>Freno<\/strong>: Los frenos hidr\u00e1ulicos de aceite TEKTRO delanteros \/ traseros son m\u00e1s eficientes, por lo que debe aplicar menos presi\u00f3n en la palanca para obtener el mismo nivel de potencia de frenado.<\/li>\n<li><strong>Manetas de cambio: sistema de transmisi\u00f3n ajustable Shimano de 9 velocidades que aumenta la potencia de subida de pendientes, una mayor variaci\u00f3n de rango y una mayor adaptabilidad al terreno.<\/strong><\/li>\n<\/ul>\n","protected":false},"featured_media":11355,"comment_status":"closed","ping_status":"closed","template":"","meta":{"site-sidebar-layout":"default","site-content-layout":"default","ast-site-content-layout":"default","site-content-style":"default","site-sidebar-style":"default","ast-global-header-display":"","ast-banner-title-visibility":"","ast-main-header-display":"","ast-hfb-above-header-display":"","ast-hfb-below-header-display":"","ast-hfb-mobile-header-display":"","site-post-title":"","ast-breadcrumbs-content":"","ast-featured-img":"","footer-sml-layout":"","ast-disable-related-posts":"","theme-transparent-header-meta":"default","adv-header-id-meta":"","stick-header-meta":"default","header-above-stick-meta":"","header-main-stick-meta":"","header-below-stick-meta":"","astra-migrate-meta-layouts":"default","ast-page-background-enabled":"default","ast-page-background-meta":{"desktop":{"background-color":"","background-image":"","background-repeat":"repeat","background-position":"center center","background-size":"auto","background-attachment":"scroll","background-type":"","background-media":"","overlay-type":"","overlay-color":"","overlay-opacity":"","overlay-gradient":""},"tablet":{"background-color":"","background-image":"","background-repeat":"repeat","background-position":"center center","background-size":"auto","background-attachment":"scroll","background-type":"","background-media":"","overlay-type":"","overlay-color":"","overlay-opacity":"","overlay-gradient":""},"mobile":{"background-color":"","background-image":"","background-repeat":"repeat","background-position":"center center","background-size":"auto","background-attachment":"scroll","background-type":"","background-media":"","overlay-type":"","overlay-color":"","overlay-opacity":"","overlay-gradient":""}},"ast-content-background-meta":{"desktop":{"background-color":"var(--ast-global-color-5)","background-image":"","background-repeat":"repeat","background-position":"center center","background-size":"auto","background-attachment":"scroll","background-type":"","background-media":"","overlay-type":"","overlay-color":"","overlay-opacity":"","overlay-gradient":""},"tablet":{"background-color":"var(--ast-global-color-5)","background-image":"","background-repeat":"repeat","background-position":"center center","background-size":"auto","background-attachment":"scroll","background-type":"","background-media":"","overlay-type":"","overlay-color":"","overlay-opacity":"","overlay-gradient":""},"mobile":{"background-color":"var(--ast-global-color-5)","background-image":"","background-repeat":"repeat","background-position":"center center","background-size":"auto","background-attachment":"scroll","background-type":"","background-media":"","overlay-type":"","overlay-color":"","overlay-opacity":"","overlay-gradient":""}}},"product_brand":[],"product_cat":[100],"product_tag":[],"class_list":{"0":"post-11363","1":"product","2":"type-product","3":"status-publish","4":"has-post-thumbnail","6":"product_cat-bicicleta-de-montana-electrica","7":"desktop-align-left","8":"tablet-align-left","9":"mobile-align-left","10":"ast-product-gallery-layout-horizontal","11":"ast-product-tabs-layout-horizontal","12":"ast-qv-on-image","14":"first","15":"instock","16":"shipping-taxable","17":"product-type-simple"},"yoast_head":"<!-- This site is optimized with the Yoast SEO plugin v27.5 - https:\/\/yoast.com\/product\/yoast-seo-wordpress\/ -->\n<title>KK2023 Bicicleta De Monta\u00f1a El\u00e9ctrica De 1000 W Con Suspensi\u00f3n Completa De Tracci\u00f3n Media De 27,5 Pulgadas - Kuake Bicycle<\/title>\n<meta name=\"description\" content=\"Kuake KK2023 es nuestra bicicleta de monta\u00f1a el\u00e9ctrica de gama m\u00e1s alta, tiene un cuadro de suspensi\u00f3n total de 27,5 pulgadas y un potente motor mid drive de 1000w.\" \/>\n<meta name=\"robots\" content=\"index, follow, max-snippet:-1, max-image-preview:large, max-video-preview:-1\" \/>\n<link rel=\"canonical\" href=\"https:\/\/www.kuakebicycle.com\/es\/kk2023-bicicleta-de-montana-electrica\/\" \/>\n<meta property=\"og:locale\" content=\"es_ES\" \/>\n<meta property=\"og:type\" content=\"article\" \/>\n<meta property=\"og:title\" content=\"KK2023 Bicicleta De Monta\u00f1a El\u00e9ctrica De 1000 W Con Suspensi\u00f3n Completa De Tracci\u00f3n Media De 27,5 Pulgadas - Kuake Bicycle\" \/>\n<meta property=\"og:description\" content=\"Kuake KK2023 es nuestra bicicleta de monta\u00f1a el\u00e9ctrica de gama m\u00e1s alta, tiene un cuadro de suspensi\u00f3n total de 27,5 pulgadas y un potente motor mid drive de 1000w.\" \/>\n<meta property=\"og:url\" content=\"https:\/\/www.kuakebicycle.com\/es\/kk2023-bicicleta-de-montana-electrica\/\" \/>\n<meta property=\"og:site_name\" content=\"Kuake Bicycle\" \/>\n<meta property=\"article:modified_time\" content=\"2022-03-30T10:54:20+00:00\" \/>\n<meta property=\"og:image\" content=\"https:\/\/www.kuakebicycle.com\/wp-content\/uploads\/2021\/09\/KK2023-Electric-Mountain-Bike.jpg\" \/>\n\t<meta property=\"og:image:width\" content=\"600\" \/>\n\t<meta property=\"og:image:height\" content=\"600\" \/>\n\t<meta property=\"og:image:type\" content=\"image\/jpeg\" \/>\n<meta name=\"twitter:card\" content=\"summary_large_image\" \/>\n<meta name=\"twitter:label1\" content=\"Tiempo de lectura\" \/>\n\t<meta name=\"twitter:data1\" content=\"1 minuto\" \/>\n<script type=\"application\/ld+json\" class=\"yoast-schema-graph\">{\"@context\":\"https:\\\/\\\/schema.org\",\"@graph\":[{\"@type\":\"WebPage\",\"@id\":\"https:\\\/\\\/www.kuakebicycle.com\\\/es\\\/kk2023-bicicleta-de-montana-electrica\\\/\",\"url\":\"https:\\\/\\\/www.kuakebicycle.com\\\/es\\\/kk2023-bicicleta-de-montana-electrica\\\/\",\"name\":\"KK2023 Bicicleta De Monta\u00f1a El\u00e9ctrica De 1000 W Con Suspensi\u00f3n Completa De Tracci\u00f3n Media De 27,5 Pulgadas - Kuake Bicycle\",\"isPartOf\":{\"@id\":\"https:\\\/\\\/www.kuakebicycle.com\\\/es\\\/#website\"},\"primaryImageOfPage\":{\"@id\":\"https:\\\/\\\/www.kuakebicycle.com\\\/es\\\/kk2023-bicicleta-de-montana-electrica\\\/#primaryimage\"},\"image\":{\"@id\":\"https:\\\/\\\/www.kuakebicycle.com\\\/es\\\/kk2023-bicicleta-de-montana-electrica\\\/#primaryimage\"},\"thumbnailUrl\":\"https:\\\/\\\/www.kuakebicycle.com\\\/wp-content\\\/uploads\\\/2021\\\/09\\\/KK2023-Electric-Mountain-Bike.jpg\",\"datePublished\":\"2021-09-24T04:06:17+00:00\",\"dateModified\":\"2022-03-30T10:54:20+00:00\",\"description\":\"Kuake KK2023 es nuestra bicicleta de monta\u00f1a el\u00e9ctrica de gama m\u00e1s alta, tiene un cuadro de suspensi\u00f3n total de 27,5 pulgadas y un potente motor mid drive de 1000w.\",\"breadcrumb\":{\"@id\":\"https:\\\/\\\/www.kuakebicycle.com\\\/es\\\/kk2023-bicicleta-de-montana-electrica\\\/#breadcrumb\"},\"inLanguage\":\"es\",\"potentialAction\":[{\"@type\":\"ReadAction\",\"target\":[\"https:\\\/\\\/www.kuakebicycle.com\\\/es\\\/kk2023-bicicleta-de-montana-electrica\\\/\"]}]},{\"@type\":\"ImageObject\",\"inLanguage\":\"es\",\"@id\":\"https:\\\/\\\/www.kuakebicycle.com\\\/es\\\/kk2023-bicicleta-de-montana-electrica\\\/#primaryimage\",\"url\":\"https:\\\/\\\/www.kuakebicycle.com\\\/wp-content\\\/uploads\\\/2021\\\/09\\\/KK2023-Electric-Mountain-Bike.jpg\",\"contentUrl\":\"https:\\\/\\\/www.kuakebicycle.com\\\/wp-content\\\/uploads\\\/2021\\\/09\\\/KK2023-Electric-Mountain-Bike.jpg\",\"width\":600,\"height\":600,\"caption\":\"Bicicleta de monta\u00f1a el\u00e9ctrica KK2023\"},{\"@type\":\"BreadcrumbList\",\"@id\":\"https:\\\/\\\/www.kuakebicycle.com\\\/es\\\/kk2023-bicicleta-de-montana-electrica\\\/#breadcrumb\",\"itemListElement\":[{\"@type\":\"ListItem\",\"position\":1,\"name\":\"Home\",\"item\":\"https:\\\/\\\/www.kuakebicycle.com\\\/es\\\/\"},{\"@type\":\"ListItem\",\"position\":2,\"name\":\"Productos\",\"item\":\"https:\\\/\\\/www.kuakebicycle.com\\\/es\\\/productos\\\/\"},{\"@type\":\"ListItem\",\"position\":3,\"name\":\"Bicicleta El\u00e9ctrica De Monta\u00f1a KK2023 (27,5 pulgadas, motor medio de 1000W, 672Wh, Doble Suspensi\u00f3n)\"}]},{\"@type\":\"WebSite\",\"@id\":\"https:\\\/\\\/www.kuakebicycle.com\\\/es\\\/#website\",\"url\":\"https:\\\/\\\/www.kuakebicycle.com\\\/es\\\/\",\"name\":\"Kuake Bicycle\",\"description\":\"\",\"publisher\":{\"@id\":\"https:\\\/\\\/www.kuakebicycle.com\\\/es\\\/#organization\"},\"potentialAction\":[{\"@type\":\"SearchAction\",\"target\":{\"@type\":\"EntryPoint\",\"urlTemplate\":\"https:\\\/\\\/www.kuakebicycle.com\\\/es\\\/?s={search_term_string}\"},\"query-input\":{\"@type\":\"PropertyValueSpecification\",\"valueRequired\":true,\"valueName\":\"search_term_string\"}}],\"inLanguage\":\"es\"},{\"@type\":\"Organization\",\"@id\":\"https:\\\/\\\/www.kuakebicycle.com\\\/es\\\/#organization\",\"name\":\"Kuake Technology\",\"url\":\"https:\\\/\\\/www.kuakebicycle.com\\\/es\\\/\",\"logo\":{\"@type\":\"ImageObject\",\"inLanguage\":\"es\",\"@id\":\"https:\\\/\\\/www.kuakebicycle.com\\\/es\\\/#\\\/schema\\\/logo\\\/image\\\/\",\"url\":\"https:\\\/\\\/www.kuakebicycle.com\\\/wp-content\\\/uploads\\\/2021\\\/03\\\/icon.png\",\"contentUrl\":\"https:\\\/\\\/www.kuakebicycle.com\\\/wp-content\\\/uploads\\\/2021\\\/03\\\/icon.png\",\"width\":100,\"height\":100,\"caption\":\"Kuake Technology\"},\"image\":{\"@id\":\"https:\\\/\\\/www.kuakebicycle.com\\\/es\\\/#\\\/schema\\\/logo\\\/image\\\/\"}}]}<\/script>\n<!-- \/ Yoast SEO plugin. -->","yoast_head_json":{"title":"KK2023 Bicicleta De Monta\u00f1a El\u00e9ctrica De 1000 W Con Suspensi\u00f3n Completa De Tracci\u00f3n Media De 27,5 Pulgadas - Kuake Bicycle","description":"Kuake KK2023 es nuestra bicicleta de monta\u00f1a el\u00e9ctrica de gama m\u00e1s alta, tiene un cuadro de suspensi\u00f3n total de 27,5 pulgadas y un potente motor mid drive de 1000w.","robots":{"index":"index","follow":"follow","max-snippet":"max-snippet:-1","max-image-preview":"max-image-preview:large","max-video-preview":"max-video-preview:-1"},"canonical":"https:\/\/www.kuakebicycle.com\/es\/kk2023-bicicleta-de-montana-electrica\/","og_locale":"es_ES","og_type":"article","og_title":"KK2023 Bicicleta De Monta\u00f1a El\u00e9ctrica De 1000 W Con Suspensi\u00f3n Completa De Tracci\u00f3n Media De 27,5 Pulgadas - Kuake Bicycle","og_description":"Kuake KK2023 es nuestra bicicleta de monta\u00f1a el\u00e9ctrica de gama m\u00e1s alta, tiene un cuadro de suspensi\u00f3n total de 27,5 pulgadas y un potente motor mid drive de 1000w.","og_url":"https:\/\/www.kuakebicycle.com\/es\/kk2023-bicicleta-de-montana-electrica\/","og_site_name":"Kuake Bicycle","article_modified_time":"2022-03-30T10:54:20+00:00","og_image":[{"width":600,"height":600,"url":"https:\/\/www.kuakebicycle.com\/wp-content\/uploads\/2021\/09\/KK2023-Electric-Mountain-Bike.jpg","type":"image\/jpeg"}],"twitter_card":"summary_large_image","twitter_misc":{"Tiempo de lectura":"1 minuto"},"schema":{"@context":"https:\/\/schema.org","@graph":[{"@type":"WebPage","@id":"https:\/\/www.kuakebicycle.com\/es\/kk2023-bicicleta-de-montana-electrica\/","url":"https:\/\/www.kuakebicycle.com\/es\/kk2023-bicicleta-de-montana-electrica\/","name":"KK2023 Bicicleta De Monta\u00f1a El\u00e9ctrica De 1000 W Con Suspensi\u00f3n Completa De Tracci\u00f3n Media De 27,5 Pulgadas - Kuake Bicycle","isPartOf":{"@id":"https:\/\/www.kuakebicycle.com\/es\/#website"},"primaryImageOfPage":{"@id":"https:\/\/www.kuakebicycle.com\/es\/kk2023-bicicleta-de-montana-electrica\/#primaryimage"},"image":{"@id":"https:\/\/www.kuakebicycle.com\/es\/kk2023-bicicleta-de-montana-electrica\/#primaryimage"},"thumbnailUrl":"https:\/\/www.kuakebicycle.com\/wp-content\/uploads\/2021\/09\/KK2023-Electric-Mountain-Bike.jpg","datePublished":"2021-09-24T04:06:17+00:00","dateModified":"2022-03-30T10:54:20+00:00","description":"Kuake KK2023 es nuestra bicicleta de monta\u00f1a el\u00e9ctrica de gama m\u00e1s alta, tiene un cuadro de suspensi\u00f3n total de 27,5 pulgadas y un potente motor mid drive de 1000w.","breadcrumb":{"@id":"https:\/\/www.kuakebicycle.com\/es\/kk2023-bicicleta-de-montana-electrica\/#breadcrumb"},"inLanguage":"es","potentialAction":[{"@type":"ReadAction","target":["https:\/\/www.kuakebicycle.com\/es\/kk2023-bicicleta-de-montana-electrica\/"]}]},{"@type":"ImageObject","inLanguage":"es","@id":"https:\/\/www.kuakebicycle.com\/es\/kk2023-bicicleta-de-montana-electrica\/#primaryimage","url":"https:\/\/www.kuakebicycle.com\/wp-content\/uploads\/2021\/09\/KK2023-Electric-Mountain-Bike.jpg","contentUrl":"https:\/\/www.kuakebicycle.com\/wp-content\/uploads\/2021\/09\/KK2023-Electric-Mountain-Bike.jpg","width":600,"height":600,"caption":"Bicicleta de monta\u00f1a el\u00e9ctrica KK2023"},{"@type":"BreadcrumbList","@id":"https:\/\/www.kuakebicycle.com\/es\/kk2023-bicicleta-de-montana-electrica\/#breadcrumb","itemListElement":[{"@type":"ListItem","position":1,"name":"Home","item":"https:\/\/www.kuakebicycle.com\/es\/"},{"@type":"ListItem","position":2,"name":"Productos","item":"https:\/\/www.kuakebicycle.com\/es\/productos\/"},{"@type":"ListItem","position":3,"name":"Bicicleta El\u00e9ctrica De Monta\u00f1a KK2023 (27,5 pulgadas, motor medio de 1000W, 672Wh, Doble Suspensi\u00f3n)"}]},{"@type":"WebSite","@id":"https:\/\/www.kuakebicycle.com\/es\/#website","url":"https:\/\/www.kuakebicycle.com\/es\/","name":"Kuake Bicycle","description":"","publisher":{"@id":"https:\/\/www.kuakebicycle.com\/es\/#organization"},"potentialAction":[{"@type":"SearchAction","target":{"@type":"EntryPoint","urlTemplate":"https:\/\/www.kuakebicycle.com\/es\/?s={search_term_string}"},"query-input":{"@type":"PropertyValueSpecification","valueRequired":true,"valueName":"search_term_string"}}],"inLanguage":"es"},{"@type":"Organization","@id":"https:\/\/www.kuakebicycle.com\/es\/#organization","name":"Kuake Technology","url":"https:\/\/www.kuakebicycle.com\/es\/","logo":{"@type":"ImageObject","inLanguage":"es","@id":"https:\/\/www.kuakebicycle.com\/es\/#\/schema\/logo\/image\/","url":"https:\/\/www.kuakebicycle.com\/wp-content\/uploads\/2021\/03\/icon.png","contentUrl":"https:\/\/www.kuakebicycle.com\/wp-content\/uploads\/2021\/03\/icon.png","width":100,"height":100,"caption":"Kuake Technology"},"image":{"@id":"https:\/\/www.kuakebicycle.com\/es\/#\/schema\/logo\/image\/"}}]}},"_links":{"self":[{"href":"https:\/\/www.kuakebicycle.com\/es\/wp-json\/wp\/v2\/product\/11363","targetHints":{"allow":["GET"]}}],"collection":[{"href":"https:\/\/www.kuakebicycle.com\/es\/wp-json\/wp\/v2\/product"}],"about":[{"href":"https:\/\/www.kuakebicycle.com\/es\/wp-json\/wp\/v2\/types\/product"}],"replies":[{"embeddable":true,"href":"https:\/\/www.kuakebicycle.com\/es\/wp-json\/wp\/v2\/comments?post=11363"}],"wp:featuredmedia":[{"embeddable":true,"href":"https:\/\/www.kuakebicycle.com\/es\/wp-json\/wp\/v2\/media\/11355"}],"wp:attachment":[{"href":"https:\/\/www.kuakebicycle.com\/es\/wp-json\/wp\/v2\/media?parent=11363"}],"wp:term":[{"taxonomy":"product_brand","embeddable":true,"href":"https:\/\/www.kuakebicycle.com\/es\/wp-json\/wp\/v2\/product_brand?post=11363"},{"taxonomy":"product_cat","embeddable":true,"href":"https:\/\/www.kuakebicycle.com\/es\/wp-json\/wp\/v2\/product_cat?post=11363"},{"taxonomy":"product_tag","embeddable":true,"href":"https:\/\/www.kuakebicycle.com\/es\/wp-json\/wp\/v2\/product_tag?post=11363"}],"curies":[{"name":"wp","href":"https:\/\/api.w.org\/{rel}","templated":true}]}}