{"id":3346,"date":"2021-07-21T01:58:45","date_gmt":"2021-07-21T01:58:45","guid":{"rendered":"https:\/\/www.kuakebicycle.com\/a-nuestros-distribuidores\/"},"modified":"2022-01-11T09:03:24","modified_gmt":"2022-01-11T09:03:24","slug":"a-nuestros-distribuidores","status":"publish","type":"page","link":"https:\/\/www.kuakebicycle.com\/es\/a-nuestros-distribuidores\/","title":{"rendered":"Distribuidores"},"content":{"rendered":"\n<h2>\n\t\tDistribuidores\n\t<\/h2>\n\t<p>En nombre de Jiangsu Kuake Technology Co., Ltd., nos gustar\u00eda invitarlo como nuestro distribuidor potencial en su regi\u00f3n. Como Kuake tiene una amplia experiencia en el dise\u00f1o y fabricaci\u00f3n de bicicletas el\u00e9ctricas, y debido a nuestro principio de \u00ablas peque\u00f1as ganancias generan ventas r\u00e1pidas\u00bb, establecimos una buena relaci\u00f3n con nuestros distribuidores y los valoramos.<\/p>\n<p>Nos consideramos afortunados de poder unir fuerzas con nuestros distribuidores. Nuestro compromiso con nuestros distribuidores sigue residiendo en ofrecer un excelente servicio y precios competitivos para nuestros productos y servicios pedelec. Esperamos tener una asociaci\u00f3n mutuamente gratificante con usted.<\/p>\n<p>Preste poca atenci\u00f3n, obtenga el mayor rendimiento, podemos ayudarlo a ganar m\u00e1s dinero.<\/p>\n<p>Si tiene alguna pregunta o comentario, <a href=\"https:\/\/www.kuakebicycle.com\/es\/contacto\/\">comun\u00edquese con nosotros<\/a>. La oportunidad de conversar m\u00e1s con usted sobre nuestra nueva alianza estrat\u00e9gica ser\u00eda bien recibida.<\/p>\n<p>Atentamente.<\/p>\n\n","protected":false},"excerpt":{"rendered":"<p>Distribuidores En nombre de Jiangsu Kuake Technology Co., Ltd., nos gustar\u00eda invitarlo como nuestro distribuidor potencial en su regi\u00f3n. Como Kuake tiene una amplia experiencia en el dise\u00f1o y fabricaci\u00f3n de bicicletas el\u00e9ctricas, y debido [&hellip;]<\/p>\n","protected":false},"author":1,"featured_media":0,"parent":0,"menu_order":0,"comment_status":"closed","ping_status":"closed","template":"","meta":{"site-sidebar-layout":"no-sidebar","site-content-layout":"page-builder","ast-site-content-layout":"default","site-content-style":"default","site-sidebar-style":"default","ast-global-header-display":"","ast-banner-title-visibility":"","ast-main-header-display":"","ast-hfb-above-header-display":"","ast-hfb-below-header-display":"","ast-hfb-mobile-header-display":"","site-post-title":"disabled","ast-breadcrumbs-content":"","ast-featured-img":"disabled","footer-sml-layout":"","ast-disable-related-posts":"","theme-transparent-header-meta":"default","adv-header-id-meta":"","stick-header-meta":"default","header-above-stick-meta":"","header-main-stick-meta":"","header-below-stick-meta":"","astra-migrate-meta-layouts":"default","ast-page-background-enabled":"default","ast-page-background-meta":{"desktop":{"background-color":"","background-image":"","background-repeat":"repeat","background-position":"center center","background-size":"auto","background-attachment":"scroll","background-type":"","background-media":"","overlay-type":"","overlay-color":"","overlay-opacity":"","overlay-gradient":""},"tablet":{"background-color":"","background-image":"","background-repeat":"repeat","background-position":"center center","background-size":"auto","background-attachment":"scroll","background-type":"","background-media":"","overlay-type":"","overlay-color":"","overlay-opacity":"","overlay-gradient":""},"mobile":{"background-color":"","background-image":"","background-repeat":"repeat","background-position":"center center","background-size":"auto","background-attachment":"scroll","background-type":"","background-media":"","overlay-type":"","overlay-color":"","overlay-opacity":"","overlay-gradient":""}},"ast-content-background-meta":{"desktop":{"background-color":"var(--ast-global-color-5)","background-image":"","background-repeat":"repeat","background-position":"center center","background-size":"auto","background-attachment":"scroll","background-type":"","background-media":"","overlay-type":"","overlay-color":"","overlay-opacity":"","overlay-gradient":""},"tablet":{"background-color":"var(--ast-global-color-5)","background-image":"","background-repeat":"repeat","background-position":"center center","background-size":"auto","background-attachment":"scroll","background-type":"","background-media":"","overlay-type":"","overlay-color":"","overlay-opacity":"","overlay-gradient":""},"mobile":{"background-color":"var(--ast-global-color-5)","background-image":"","background-repeat":"repeat","background-position":"center center","background-size":"auto","background-attachment":"scroll","background-type":"","background-media":"","overlay-type":"","overlay-color":"","overlay-opacity":"","overlay-gradient":""}},"footnotes":""},"class_list":["post-3346","page","type-page","status-publish","hentry"],"yoast_head":"<!-- This site is optimized with the Yoast SEO plugin v27.5 - https:\/\/yoast.com\/product\/yoast-seo-wordpress\/ -->\n<title>Concesionario de bicicletas el\u00e9ctricas, se buscan nuevos distribuidores - Kuake Bicycle<\/title>\n<meta name=\"description\" content=\"Damos la bienvenida a clientes y asociaciones comerciales de todo el mundo para que se comuniquen con nosotros y cooperen para obtener beneficios mutuos.\" \/>\n<meta name=\"robots\" content=\"index, follow, max-snippet:-1, max-image-preview:large, max-video-preview:-1\" \/>\n<link rel=\"canonical\" href=\"https:\/\/www.kuakebicycle.com\/es\/a-nuestros-distribuidores\/\" \/>\n<meta property=\"og:locale\" content=\"es_ES\" \/>\n<meta property=\"og:type\" content=\"article\" \/>\n<meta property=\"og:title\" content=\"Concesionario de bicicletas el\u00e9ctricas, se buscan nuevos distribuidores - Kuake Bicycle\" \/>\n<meta property=\"og:description\" content=\"Damos la bienvenida a clientes y asociaciones comerciales de todo el mundo para que se comuniquen con nosotros y cooperen para obtener beneficios mutuos.\" \/>\n<meta property=\"og:url\" content=\"https:\/\/www.kuakebicycle.com\/es\/a-nuestros-distribuidores\/\" \/>\n<meta property=\"og:site_name\" content=\"Kuake Bicycle\" \/>\n<meta property=\"article:modified_time\" content=\"2022-01-11T09:03:24+00:00\" \/>\n<meta name=\"twitter:card\" content=\"summary_large_image\" \/>\n<meta name=\"twitter:label1\" content=\"Tiempo de lectura\" \/>\n\t<meta name=\"twitter:data1\" content=\"1 minuto\" \/>\n<script type=\"application\/ld+json\" class=\"yoast-schema-graph\">{\"@context\":\"https:\\\/\\\/schema.org\",\"@graph\":[{\"@type\":\"WebPage\",\"@id\":\"https:\\\/\\\/www.kuakebicycle.com\\\/es\\\/a-nuestros-distribuidores\\\/\",\"url\":\"https:\\\/\\\/www.kuakebicycle.com\\\/es\\\/a-nuestros-distribuidores\\\/\",\"name\":\"Concesionario de bicicletas el\u00e9ctricas, se buscan nuevos distribuidores - Kuake Bicycle\",\"isPartOf\":{\"@id\":\"https:\\\/\\\/www.kuakebicycle.com\\\/es\\\/#website\"},\"datePublished\":\"2021-07-21T01:58:45+00:00\",\"dateModified\":\"2022-01-11T09:03:24+00:00\",\"description\":\"Damos la bienvenida a clientes y asociaciones comerciales de todo el mundo para que se comuniquen con nosotros y cooperen para obtener beneficios mutuos.\",\"breadcrumb\":{\"@id\":\"https:\\\/\\\/www.kuakebicycle.com\\\/es\\\/a-nuestros-distribuidores\\\/#breadcrumb\"},\"inLanguage\":\"es\",\"potentialAction\":[{\"@type\":\"ReadAction\",\"target\":[\"https:\\\/\\\/www.kuakebicycle.com\\\/es\\\/a-nuestros-distribuidores\\\/\"]}]},{\"@type\":\"BreadcrumbList\",\"@id\":\"https:\\\/\\\/www.kuakebicycle.com\\\/es\\\/a-nuestros-distribuidores\\\/#breadcrumb\",\"itemListElement\":[{\"@type\":\"ListItem\",\"position\":1,\"name\":\"Home\",\"item\":\"https:\\\/\\\/www.kuakebicycle.com\\\/es\\\/\"},{\"@type\":\"ListItem\",\"position\":2,\"name\":\"Distribuidores\"}]},{\"@type\":\"WebSite\",\"@id\":\"https:\\\/\\\/www.kuakebicycle.com\\\/es\\\/#website\",\"url\":\"https:\\\/\\\/www.kuakebicycle.com\\\/es\\\/\",\"name\":\"Kuake Bicycle\",\"description\":\"\",\"publisher\":{\"@id\":\"https:\\\/\\\/www.kuakebicycle.com\\\/es\\\/#organization\"},\"potentialAction\":[{\"@type\":\"SearchAction\",\"target\":{\"@type\":\"EntryPoint\",\"urlTemplate\":\"https:\\\/\\\/www.kuakebicycle.com\\\/es\\\/?s={search_term_string}\"},\"query-input\":{\"@type\":\"PropertyValueSpecification\",\"valueRequired\":true,\"valueName\":\"search_term_string\"}}],\"inLanguage\":\"es\"},{\"@type\":\"Organization\",\"@id\":\"https:\\\/\\\/www.kuakebicycle.com\\\/es\\\/#organization\",\"name\":\"Kuake Technology\",\"url\":\"https:\\\/\\\/www.kuakebicycle.com\\\/es\\\/\",\"logo\":{\"@type\":\"ImageObject\",\"inLanguage\":\"es\",\"@id\":\"https:\\\/\\\/www.kuakebicycle.com\\\/es\\\/#\\\/schema\\\/logo\\\/image\\\/\",\"url\":\"https:\\\/\\\/www.kuakebicycle.com\\\/wp-content\\\/uploads\\\/2021\\\/03\\\/icon.png\",\"contentUrl\":\"https:\\\/\\\/www.kuakebicycle.com\\\/wp-content\\\/uploads\\\/2021\\\/03\\\/icon.png\",\"width\":100,\"height\":100,\"caption\":\"Kuake Technology\"},\"image\":{\"@id\":\"https:\\\/\\\/www.kuakebicycle.com\\\/es\\\/#\\\/schema\\\/logo\\\/image\\\/\"}}]}<\/script>\n<!-- \/ Yoast SEO plugin. -->","yoast_head_json":{"title":"Concesionario de bicicletas el\u00e9ctricas, se buscan nuevos distribuidores - Kuake Bicycle","description":"Damos la bienvenida a clientes y asociaciones comerciales de todo el mundo para que se comuniquen con nosotros y cooperen para obtener beneficios mutuos.","robots":{"index":"index","follow":"follow","max-snippet":"max-snippet:-1","max-image-preview":"max-image-preview:large","max-video-preview":"max-video-preview:-1"},"canonical":"https:\/\/www.kuakebicycle.com\/es\/a-nuestros-distribuidores\/","og_locale":"es_ES","og_type":"article","og_title":"Concesionario de bicicletas el\u00e9ctricas, se buscan nuevos distribuidores - Kuake Bicycle","og_description":"Damos la bienvenida a clientes y asociaciones comerciales de todo el mundo para que se comuniquen con nosotros y cooperen para obtener beneficios mutuos.","og_url":"https:\/\/www.kuakebicycle.com\/es\/a-nuestros-distribuidores\/","og_site_name":"Kuake Bicycle","article_modified_time":"2022-01-11T09:03:24+00:00","twitter_card":"summary_large_image","twitter_misc":{"Tiempo de lectura":"1 minuto"},"schema":{"@context":"https:\/\/schema.org","@graph":[{"@type":"WebPage","@id":"https:\/\/www.kuakebicycle.com\/es\/a-nuestros-distribuidores\/","url":"https:\/\/www.kuakebicycle.com\/es\/a-nuestros-distribuidores\/","name":"Concesionario de bicicletas el\u00e9ctricas, se buscan nuevos distribuidores - Kuake Bicycle","isPartOf":{"@id":"https:\/\/www.kuakebicycle.com\/es\/#website"},"datePublished":"2021-07-21T01:58:45+00:00","dateModified":"2022-01-11T09:03:24+00:00","description":"Damos la bienvenida a clientes y asociaciones comerciales de todo el mundo para que se comuniquen con nosotros y cooperen para obtener beneficios mutuos.","breadcrumb":{"@id":"https:\/\/www.kuakebicycle.com\/es\/a-nuestros-distribuidores\/#breadcrumb"},"inLanguage":"es","potentialAction":[{"@type":"ReadAction","target":["https:\/\/www.kuakebicycle.com\/es\/a-nuestros-distribuidores\/"]}]},{"@type":"BreadcrumbList","@id":"https:\/\/www.kuakebicycle.com\/es\/a-nuestros-distribuidores\/#breadcrumb","itemListElement":[{"@type":"ListItem","position":1,"name":"Home","item":"https:\/\/www.kuakebicycle.com\/es\/"},{"@type":"ListItem","position":2,"name":"Distribuidores"}]},{"@type":"WebSite","@id":"https:\/\/www.kuakebicycle.com\/es\/#website","url":"https:\/\/www.kuakebicycle.com\/es\/","name":"Kuake Bicycle","description":"","publisher":{"@id":"https:\/\/www.kuakebicycle.com\/es\/#organization"},"potentialAction":[{"@type":"SearchAction","target":{"@type":"EntryPoint","urlTemplate":"https:\/\/www.kuakebicycle.com\/es\/?s={search_term_string}"},"query-input":{"@type":"PropertyValueSpecification","valueRequired":true,"valueName":"search_term_string"}}],"inLanguage":"es"},{"@type":"Organization","@id":"https:\/\/www.kuakebicycle.com\/es\/#organization","name":"Kuake Technology","url":"https:\/\/www.kuakebicycle.com\/es\/","logo":{"@type":"ImageObject","inLanguage":"es","@id":"https:\/\/www.kuakebicycle.com\/es\/#\/schema\/logo\/image\/","url":"https:\/\/www.kuakebicycle.com\/wp-content\/uploads\/2021\/03\/icon.png","contentUrl":"https:\/\/www.kuakebicycle.com\/wp-content\/uploads\/2021\/03\/icon.png","width":100,"height":100,"caption":"Kuake Technology"},"image":{"@id":"https:\/\/www.kuakebicycle.com\/es\/#\/schema\/logo\/image\/"}}]}},"_links":{"self":[{"href":"https:\/\/www.kuakebicycle.com\/es\/wp-json\/wp\/v2\/pages\/3346","targetHints":{"allow":["GET"]}}],"collection":[{"href":"https:\/\/www.kuakebicycle.com\/es\/wp-json\/wp\/v2\/pages"}],"about":[{"href":"https:\/\/www.kuakebicycle.com\/es\/wp-json\/wp\/v2\/types\/page"}],"author":[{"embeddable":true,"href":"https:\/\/www.kuakebicycle.com\/es\/wp-json\/wp\/v2\/users\/1"}],"replies":[{"embeddable":true,"href":"https:\/\/www.kuakebicycle.com\/es\/wp-json\/wp\/v2\/comments?post=3346"}],"version-history":[{"count":0,"href":"https:\/\/www.kuakebicycle.com\/es\/wp-json\/wp\/v2\/pages\/3346\/revisions"}],"wp:attachment":[{"href":"https:\/\/www.kuakebicycle.com\/es\/wp-json\/wp\/v2\/media?parent=3346"}],"curies":[{"name":"wp","href":"https:\/\/api.w.org\/{rel}","templated":true}]}}