{"id":3316,"date":"2021-07-21T01:51:48","date_gmt":"2021-07-21T01:51:48","guid":{"rendered":"https:\/\/www.kuakebicycle.com\/inicio\/"},"modified":"2021-12-31T06:31:27","modified_gmt":"2021-12-31T06:31:27","slug":"inicio","status":"publish","type":"page","link":"https:\/\/www.kuakebicycle.com\/es\/","title":{"rendered":"Inicio"},"content":{"rendered":"\n\n\t<h1>\n\t\t\t\t\tCabalgando por el camino\n\t\t\t\t<\/h1>\n\t<h3>\n\t\t\t\t\t\u00a1Obtenga m\u00e1s de su viaje!\n\t\t\t\t<\/h3>\n\t\t\t<p>Desde aventuras todoterreno hasta viajes diarios al trabajo, Kuake tiene la bicicleta el\u00e9ctrica y el triciclo para que se adapte a sus necesidades.<\/p>\n\t\t\t<a href=\"https:\/\/www.kuakebicycle.com\/es\/productos\/\" target=\"_self\" role=\"button\" rel=\"noopener\">\n\t\t\t\t\t\t\u00a1Navegar ahora!\n\t\t\t\t\t<\/a>\n<h2>\n\t\tNuestros principales productos\n\t<\/h2>\n\t<p><strong>Triciclo De Carga El\u00e9ctrico<\/strong><\/p>\n<p><a href=\"https:\/\/www.kuakebicycle.com\/es\/kk6010-triciclo-de-carga-electrico-de-cargador-frontal\/\"><img loading=\"lazy\" decoding=\"async\" src=\"https:\/\/www.kuakebicycle.com\/wp-content\/uploads\/2021\/03\/KK6010-Electric-Cargo-Trike-300x300.jpg\" alt=\"Triciclo de carga el\u00e9ctrico KK6010\" width=\"300\" height=\"300\"\/><\/a><\/p>\n<ul>\n<li>Pantalla LCD<\/li>\n<li>Aleaci\u00f3n de aluminio de 24 \u00ab<\/li>\n<li>Motor DAPU 36V 250W<\/li>\n<li>Bater\u00eda Samsung 36V 10A<\/li>\n<li>Manetas de cambio Shimano de 6 velocidades<\/li>\n<li>Freno de disco hidr\u00e1ulico<\/li>\n<li>25 km \/ hy 40 km de distancia de carga<\/li>\n<\/ul>\n\t\t\t<a href=\"https:\/\/www.kuakebicycle.com\/es\/kk6010-triciclo-de-carga-electrico-de-cargador-frontal\/\" target=\"_self\" role=\"button\" rel=\"noopener\">\n\t\t\t\t\t\tConsiguelo ahora\n\t\t\t\t\t<\/a>\n\t<p><strong>Bicicleta De Ciudad El\u00e9ctrica<\/strong><\/p>\n<p><a href=\"https:\/\/www.kuakebicycle.com\/es\/kk9053-bicicleta-electrica-urbana\/\"><img loading=\"lazy\" decoding=\"async\" src=\"https:\/\/www.kuakebicycle.com\/wp-content\/uploads\/2021\/03\/KK9053-White-Electric-City-Bike-300x300.png\" alt=\"Bicicleta de ciudad el\u00e9ctrica blanca KK9053\" width=\"300\" height=\"300\"\/><\/a><\/p>\n<ul>\n<li>Pantalla LCD<\/li>\n<li>26 \u00abAleaci\u00f3n de aluminio<\/li>\n<li>Motor de 36V 250W<\/li>\n<li>Bater\u00eda de litio de 360 Wh<\/li>\n<li>Manetas de cambio Shimano de 6 velocidades<\/li>\n<li>Freno de disco mec\u00e1nico TEKTRO<\/li>\n<li>25 km \/ hy 60 km de distancia de carga<\/li>\n<\/ul>\n\t\t\t<a href=\"https:\/\/www.kuakebicycle.com\/es\/kk9053-bicicleta-electrica-urbana\/\" target=\"_self\" role=\"button\" rel=\"noopener\">\n\t\t\t\t\t\tConsiguelo ahora\n\t\t\t\t\t<\/a>\n\t<p><strong>Bicicleta De Monta\u00f1a El\u00e9ctrica<\/strong><\/p>\n<p><a href=\"https:\/\/www.kuakebicycle.com\/es\/kk9055-bicicleta-de-montana-electrica\/\"><img loading=\"lazy\" decoding=\"async\" src=\"https:\/\/www.kuakebicycle.com\/wp-content\/uploads\/2021\/03\/KK9055-Electric-Mountain-Bike-300x300.jpg\" alt=\"Bicicleta de monta\u00f1a el\u00e9ctrica KK9055\" width=\"300\" height=\"300\"\/><\/a><\/p>\n<ul>\n<li>Pantalla LCD<\/li>\n<li>26 pulgadas de aleaci\u00f3n de aluminio AL6061<\/li>\n<li>Motor trasero Oxfo de 36V 250W ~ 1000W<\/li>\n<li>Bater\u00eda Samsung de 36V 10Ah<\/li>\n<li>Manetas de cambio Shimano de 7 velocidades<\/li>\n<li>Freno de disco hidr\u00e1ulico<\/li>\n<li>25 km \/ hy 60 km de distancia de carga<\/li>\n<\/ul>\n\t\t\t<a href=\"https:\/\/www.kuakebicycle.com\/es\/kk9055-bicicleta-de-montana-electrica\/\" target=\"_self\" role=\"button\" rel=\"noopener\">\n\t\t\t\t\t\tConsiguelo ahora\n\t\t\t\t\t<\/a>\n\t<h3>\n\t\t\t\t\tA qui\u00e9n podemos ayudar\n\t\t\t\t<\/h3>\n\t\t\t<p>Ya sean empresas emergentes, minoristas o mayoristas, podemos brindarle soluciones para resolver sus puntos d\u00e9biles.<\/p>\n\t<h5>\n\t\t\t\t\tPuntos d\u00e9biles de las startups\n\t\t\t\t<\/h5>\n\t\t\t<ul>\n<li>Los proveedores no est\u00e1n dispuestos a ofrecer servicios de desarrollo.<\/li>\n<li>Proveedores que no responden.<\/li>\n<li>Problemas de calidad.<\/li>\n<li>Tarifas y trabas log\u00edsticas.<\/li>\n<li>Falta de soporte t\u00e9cnico.<\/li>\n<\/ul>\n\t<h5>\n\t\t\t\t\tPuntos d\u00e9biles de los minoristas\n\t\t\t\t<\/h5>\n\t\t\t<ul>\n<li>Una capacidad limitada.<\/li>\n<li>Calidad del producto comprometida.<\/li>\n<li>No s\u00e9 qu\u00e9 producto elegir.<\/li>\n<li>Indefenso en la capacidad de control.<\/li>\n<li>Un intermediario inconveniente.<\/li>\n<\/ul>\n\t<h5>\n\t\t\t\t\tPuntos de dolor de los mayoristas\n\t\t\t\t<\/h5>\n\t\t\t<ul>\n<li>Capacidad insuficiente del proveedor.<\/li>\n<li>Mala calidad.<\/li>\n<li>Los altos impuestos de importaci\u00f3n reducen sus ganancias.<\/li>\n<li>Mucho tiempo de espera para las muestras.<\/li>\n<li>\u00a1Existe un alto riesgo de perder su ventaja!<\/li>\n<\/ul>\n\t<h3>\n\t\t\t\t\tPor qu\u00e9 elegirnos\n\t\t\t\t<\/h3>\n\t\t\t<p>Las caracter\u00edsticas de nuestras bicicletas el\u00e9ctricas son f\u00e1ciles de usar, seguras y efectivas, por lo que son ampliamente reconocidas en el mercado global.<\/p>\n\t<h5>\n\t\t\t\t\tCalidad premium\n\t\t\t\t<\/h5>\n\t\t\t<p>Alta calidad, sumamente c\u00f3modo, muy bajo mantenimiento y garant\u00eda de un a\u00f1o.<\/p>\n\t<h5>\n\t\t\t\t\tEquipo de dise\u00f1o\n\t\t\t\t<\/h5>\n\t\t\t<p>Nuestra I + D trabaja para dise\u00f1ar productos que sean innovadores y \u00fanicos para bicicletas el\u00e9ctricas.<\/p>\n\t<h5>\n\t\t\t\t\tBuen servicio\n\t\t\t\t<\/h5>\n\t\t\t<p>Obtendr\u00e1 una respuesta r\u00e1pida de nuestro servicio de atenci\u00f3n al cliente profesional 7 * 24.<\/p>\n\t<h5>\n\t\t\t\t\tPlazo de ejecuci\u00f3n corto\n\t\t\t\t<\/h5>\n\t\t\t<p>Tenemos una gran capacidad para garantizar la entrega m\u00e1s r\u00e1pida a nivel mundial.<\/p>\n\t<h3>\n\t\t\t\t\tPreguntas y respuestas\n\t\t\t\t<\/h3>\n<p>Queremos ayudarlo a saber m\u00e1s sobre nosotros, hemos enumerado las preguntas frecuentes que pueden preocuparle.<\/p>\n\t\t\t\t<img decoding=\"async\" src=\"https:\/\/www.kuakebicycle.com\/wp-content\/uploads\/2021\/03\/Pedego-bg-pic.jpg\" alt=\"Pedego bg pic\" itemprop=\"image\"\/>\n\t<ul>\n\t\t<li>\t\t\t\t\n\t\t<h5>\u00bfPuedo conseguir algunas muestras? \u00bfY est\u00e1n en stock?<\/h5><p>S\u00ed, un pedido de muestra est\u00e1 disponible para control de calidad y prueba de mercado. Por lo general, mantenemos algunas existencias en el almac\u00e9n, una vez que se confirma el pedido de muestra, podemos estar seguros de que puede recibir las muestras en muy poco tiempo. Por lo general, mantenemos algunas existencias en el almac\u00e9n, una vez que se confirma el pedido de muestra, podemos estar seguros de que puede recibir las muestras en muy poco tiempo.<\/p><\/li><li>\t\t\t\t\n\t\t<h5>\u00bfAceptan pedidos de clientes OEM?<\/h5><p>S\u00ed, podemos fabricar la bicicleta de acuerdo con las especificaciones del cliente, la combinaci\u00f3n de colores e incluso el logotipo \/ dise\u00f1o, as\u00ed como la solicitud del paquete, siempre que el pedido sea por contenedor de 1X20 &#8216;y m\u00e1s. De lo contrario, tenemos que negociarlo. De lo contrario, tenemos que negociarlo.<\/p><\/li><li>\t\t\t\t\n\t\t<h5>\u00bfCu\u00e1l es el tiempo de entrega de los pedidos a granel?<\/h5><p>Por lo general, la producci\u00f3n demora entre 25 y 40 d\u00edas h\u00e1biles seg\u00fan las especificaciones de su pedido y la cantidad.<\/p><\/li><li>\t\t\t\t\n\t\t<h5>\u00bfCu\u00e1les son sus t\u00e9rminos de garant\u00eda?<\/h5><p>Nuestra garant\u00eda cubre defectos de fabricaci\u00f3n y materiales y no cubre el desgaste normal, da\u00f1os \/ fallas debido a un accidente, da\u00f1o incidental o consecuente, o cualquier uso del producto que no sea coherente con las instrucciones de funcionamiento establecidas en nuestro manual del usuario.<\/p><\/li>\t<\/ul>\n\n","protected":false},"excerpt":{"rendered":"<p>Cabalgando por el camino \u00a1Obtenga m\u00e1s de su viaje! Desde aventuras todoterreno hasta viajes diarios al trabajo, Kuake tiene la bicicleta el\u00e9ctrica y el triciclo para que se adapte a sus necesidades. \u00a1Navegar ahora! Nuestros [&hellip;]<\/p>\n","protected":false},"author":1,"featured_media":0,"parent":0,"menu_order":0,"comment_status":"closed","ping_status":"open","template":"","meta":{"site-sidebar-layout":"no-sidebar","site-content-layout":"page-builder","ast-site-content-layout":"default","site-content-style":"default","site-sidebar-style":"default","ast-global-header-display":"","ast-banner-title-visibility":"","ast-main-header-display":"","ast-hfb-above-header-display":"","ast-hfb-below-header-display":"","ast-hfb-mobile-header-display":"","site-post-title":"disabled","ast-breadcrumbs-content":"","ast-featured-img":"disabled","footer-sml-layout":"","ast-disable-related-posts":"","theme-transparent-header-meta":"default","adv-header-id-meta":"","stick-header-meta":"default","header-above-stick-meta":"","header-main-stick-meta":"","header-below-stick-meta":"","astra-migrate-meta-layouts":"default","ast-page-background-enabled":"default","ast-page-background-meta":{"desktop":{"background-color":"","background-image":"","background-repeat":"repeat","background-position":"center center","background-size":"auto","background-attachment":"scroll","background-type":"","background-media":"","overlay-type":"","overlay-color":"","overlay-opacity":"","overlay-gradient":""},"tablet":{"background-color":"","background-image":"","background-repeat":"repeat","background-position":"center center","background-size":"auto","background-attachment":"scroll","background-type":"","background-media":"","overlay-type":"","overlay-color":"","overlay-opacity":"","overlay-gradient":""},"mobile":{"background-color":"","background-image":"","background-repeat":"repeat","background-position":"center center","background-size":"auto","background-attachment":"scroll","background-type":"","background-media":"","overlay-type":"","overlay-color":"","overlay-opacity":"","overlay-gradient":""}},"ast-content-background-meta":{"desktop":{"background-color":"var(--ast-global-color-5)","background-image":"","background-repeat":"repeat","background-position":"center center","background-size":"auto","background-attachment":"scroll","background-type":"","background-media":"","overlay-type":"","overlay-color":"","overlay-opacity":"","overlay-gradient":""},"tablet":{"background-color":"var(--ast-global-color-5)","background-image":"","background-repeat":"repeat","background-position":"center center","background-size":"auto","background-attachment":"scroll","background-type":"","background-media":"","overlay-type":"","overlay-color":"","overlay-opacity":"","overlay-gradient":""},"mobile":{"background-color":"var(--ast-global-color-5)","background-image":"","background-repeat":"repeat","background-position":"center center","background-size":"auto","background-attachment":"scroll","background-type":"","background-media":"","overlay-type":"","overlay-color":"","overlay-opacity":"","overlay-gradient":""}},"footnotes":""},"class_list":["post-3316","page","type-page","status-publish","hentry"],"yoast_head":"<!-- This site is optimized with the Yoast SEO plugin v27.5 - https:\/\/yoast.com\/product\/yoast-seo-wordpress\/ -->\n<title>Fabricante de bicicletas el\u00e9ctricas en China, OEM De Bicicletas El\u00e9ctricas - Kuake Bicycle<\/title>\n<meta name=\"description\" content=\"Kuake se especializa en el dise\u00f1o y fabricaci\u00f3n de triciclos y bicicletas el\u00e9ctricas de carga. Calidad premium al mejor precio y buen servicio postventa.\" \/>\n<meta name=\"robots\" content=\"index, follow, max-snippet:-1, max-image-preview:large, max-video-preview:-1\" \/>\n<link rel=\"canonical\" href=\"https:\/\/www.kuakebicycle.com\/es\/\" \/>\n<meta property=\"og:locale\" content=\"es_ES\" \/>\n<meta property=\"og:type\" content=\"article\" \/>\n<meta property=\"og:title\" content=\"Fabricante de bicicletas el\u00e9ctricas en China, OEM De Bicicletas El\u00e9ctricas - Kuake Bicycle\" \/>\n<meta property=\"og:description\" content=\"Kuake se especializa en el dise\u00f1o y fabricaci\u00f3n de triciclos y bicicletas el\u00e9ctricas de carga. Calidad premium al mejor precio y buen servicio postventa.\" \/>\n<meta property=\"og:url\" content=\"https:\/\/www.kuakebicycle.com\/es\/\" \/>\n<meta property=\"og:site_name\" content=\"Kuake Bicycle\" \/>\n<meta property=\"article:modified_time\" content=\"2021-12-31T06:31:27+00:00\" \/>\n<meta property=\"og:image\" content=\"https:\/\/www.kuakebicycle.com\/wp-content\/uploads\/2021\/03\/KK6010-Electric-Cargo-Trike-300x300.jpg\" \/>\n<meta name=\"twitter:card\" content=\"summary_large_image\" \/>\n<meta name=\"twitter:label1\" content=\"Tiempo de lectura\" \/>\n\t<meta name=\"twitter:data1\" content=\"3 minutos\" \/>\n<script type=\"application\/ld+json\" class=\"yoast-schema-graph\">{\"@context\":\"https:\\\/\\\/schema.org\",\"@graph\":[{\"@type\":\"WebPage\",\"@id\":\"https:\\\/\\\/www.kuakebicycle.com\\\/es\\\/\",\"url\":\"https:\\\/\\\/www.kuakebicycle.com\\\/es\\\/\",\"name\":\"Fabricante de bicicletas el\u00e9ctricas en China, OEM De Bicicletas El\u00e9ctricas - Kuake Bicycle\",\"isPartOf\":{\"@id\":\"https:\\\/\\\/www.kuakebicycle.com\\\/es\\\/#website\"},\"primaryImageOfPage\":{\"@id\":\"https:\\\/\\\/www.kuakebicycle.com\\\/es\\\/#primaryimage\"},\"image\":{\"@id\":\"https:\\\/\\\/www.kuakebicycle.com\\\/es\\\/#primaryimage\"},\"thumbnailUrl\":\"https:\\\/\\\/www.kuakebicycle.com\\\/wp-content\\\/uploads\\\/2021\\\/03\\\/KK6010-Electric-Cargo-Trike-300x300.jpg\",\"datePublished\":\"2021-07-21T01:51:48+00:00\",\"dateModified\":\"2021-12-31T06:31:27+00:00\",\"description\":\"Kuake se especializa en el dise\u00f1o y fabricaci\u00f3n de triciclos y bicicletas el\u00e9ctricas de carga. Calidad premium al mejor precio y buen servicio postventa.\",\"breadcrumb\":{\"@id\":\"https:\\\/\\\/www.kuakebicycle.com\\\/es\\\/#breadcrumb\"},\"inLanguage\":\"es\",\"potentialAction\":[{\"@type\":\"ReadAction\",\"target\":[\"https:\\\/\\\/www.kuakebicycle.com\\\/es\\\/\"]}]},{\"@type\":\"ImageObject\",\"inLanguage\":\"es\",\"@id\":\"https:\\\/\\\/www.kuakebicycle.com\\\/es\\\/#primaryimage\",\"url\":\"https:\\\/\\\/www.kuakebicycle.com\\\/wp-content\\\/uploads\\\/2021\\\/03\\\/KK6010-Electric-Cargo-Trike-300x300.jpg\",\"contentUrl\":\"https:\\\/\\\/www.kuakebicycle.com\\\/wp-content\\\/uploads\\\/2021\\\/03\\\/KK6010-Electric-Cargo-Trike-300x300.jpg\"},{\"@type\":\"BreadcrumbList\",\"@id\":\"https:\\\/\\\/www.kuakebicycle.com\\\/es\\\/#breadcrumb\",\"itemListElement\":[{\"@type\":\"ListItem\",\"position\":1,\"name\":\"Home\",\"item\":\"https:\\\/\\\/www.kuakebicycle.com\\\/es\\\/\"},{\"@type\":\"ListItem\",\"position\":2,\"name\":\"Inicio\"}]},{\"@type\":\"WebSite\",\"@id\":\"https:\\\/\\\/www.kuakebicycle.com\\\/es\\\/#website\",\"url\":\"https:\\\/\\\/www.kuakebicycle.com\\\/es\\\/\",\"name\":\"Kuake Bicycle\",\"description\":\"\",\"publisher\":{\"@id\":\"https:\\\/\\\/www.kuakebicycle.com\\\/es\\\/#organization\"},\"potentialAction\":[{\"@type\":\"SearchAction\",\"target\":{\"@type\":\"EntryPoint\",\"urlTemplate\":\"https:\\\/\\\/www.kuakebicycle.com\\\/es\\\/?s={search_term_string}\"},\"query-input\":{\"@type\":\"PropertyValueSpecification\",\"valueRequired\":true,\"valueName\":\"search_term_string\"}}],\"inLanguage\":\"es\"},{\"@type\":\"Organization\",\"@id\":\"https:\\\/\\\/www.kuakebicycle.com\\\/es\\\/#organization\",\"name\":\"Kuake Technology\",\"url\":\"https:\\\/\\\/www.kuakebicycle.com\\\/es\\\/\",\"logo\":{\"@type\":\"ImageObject\",\"inLanguage\":\"es\",\"@id\":\"https:\\\/\\\/www.kuakebicycle.com\\\/es\\\/#\\\/schema\\\/logo\\\/image\\\/\",\"url\":\"https:\\\/\\\/www.kuakebicycle.com\\\/wp-content\\\/uploads\\\/2021\\\/03\\\/icon.png\",\"contentUrl\":\"https:\\\/\\\/www.kuakebicycle.com\\\/wp-content\\\/uploads\\\/2021\\\/03\\\/icon.png\",\"width\":100,\"height\":100,\"caption\":\"Kuake Technology\"},\"image\":{\"@id\":\"https:\\\/\\\/www.kuakebicycle.com\\\/es\\\/#\\\/schema\\\/logo\\\/image\\\/\"}}]}<\/script>\n<!-- \/ Yoast SEO plugin. -->","yoast_head_json":{"title":"Fabricante de bicicletas el\u00e9ctricas en China, OEM De Bicicletas El\u00e9ctricas - Kuake Bicycle","description":"Kuake se especializa en el dise\u00f1o y fabricaci\u00f3n de triciclos y bicicletas el\u00e9ctricas de carga. Calidad premium al mejor precio y buen servicio postventa.","robots":{"index":"index","follow":"follow","max-snippet":"max-snippet:-1","max-image-preview":"max-image-preview:large","max-video-preview":"max-video-preview:-1"},"canonical":"https:\/\/www.kuakebicycle.com\/es\/","og_locale":"es_ES","og_type":"article","og_title":"Fabricante de bicicletas el\u00e9ctricas en China, OEM De Bicicletas El\u00e9ctricas - Kuake Bicycle","og_description":"Kuake se especializa en el dise\u00f1o y fabricaci\u00f3n de triciclos y bicicletas el\u00e9ctricas de carga. Calidad premium al mejor precio y buen servicio postventa.","og_url":"https:\/\/www.kuakebicycle.com\/es\/","og_site_name":"Kuake Bicycle","article_modified_time":"2021-12-31T06:31:27+00:00","og_image":[{"url":"https:\/\/www.kuakebicycle.com\/wp-content\/uploads\/2021\/03\/KK6010-Electric-Cargo-Trike-300x300.jpg","type":"","width":"","height":""}],"twitter_card":"summary_large_image","twitter_misc":{"Tiempo de lectura":"3 minutos"},"schema":{"@context":"https:\/\/schema.org","@graph":[{"@type":"WebPage","@id":"https:\/\/www.kuakebicycle.com\/es\/","url":"https:\/\/www.kuakebicycle.com\/es\/","name":"Fabricante de bicicletas el\u00e9ctricas en China, OEM De Bicicletas El\u00e9ctricas - Kuake Bicycle","isPartOf":{"@id":"https:\/\/www.kuakebicycle.com\/es\/#website"},"primaryImageOfPage":{"@id":"https:\/\/www.kuakebicycle.com\/es\/#primaryimage"},"image":{"@id":"https:\/\/www.kuakebicycle.com\/es\/#primaryimage"},"thumbnailUrl":"https:\/\/www.kuakebicycle.com\/wp-content\/uploads\/2021\/03\/KK6010-Electric-Cargo-Trike-300x300.jpg","datePublished":"2021-07-21T01:51:48+00:00","dateModified":"2021-12-31T06:31:27+00:00","description":"Kuake se especializa en el dise\u00f1o y fabricaci\u00f3n de triciclos y bicicletas el\u00e9ctricas de carga. Calidad premium al mejor precio y buen servicio postventa.","breadcrumb":{"@id":"https:\/\/www.kuakebicycle.com\/es\/#breadcrumb"},"inLanguage":"es","potentialAction":[{"@type":"ReadAction","target":["https:\/\/www.kuakebicycle.com\/es\/"]}]},{"@type":"ImageObject","inLanguage":"es","@id":"https:\/\/www.kuakebicycle.com\/es\/#primaryimage","url":"https:\/\/www.kuakebicycle.com\/wp-content\/uploads\/2021\/03\/KK6010-Electric-Cargo-Trike-300x300.jpg","contentUrl":"https:\/\/www.kuakebicycle.com\/wp-content\/uploads\/2021\/03\/KK6010-Electric-Cargo-Trike-300x300.jpg"},{"@type":"BreadcrumbList","@id":"https:\/\/www.kuakebicycle.com\/es\/#breadcrumb","itemListElement":[{"@type":"ListItem","position":1,"name":"Home","item":"https:\/\/www.kuakebicycle.com\/es\/"},{"@type":"ListItem","position":2,"name":"Inicio"}]},{"@type":"WebSite","@id":"https:\/\/www.kuakebicycle.com\/es\/#website","url":"https:\/\/www.kuakebicycle.com\/es\/","name":"Kuake Bicycle","description":"","publisher":{"@id":"https:\/\/www.kuakebicycle.com\/es\/#organization"},"potentialAction":[{"@type":"SearchAction","target":{"@type":"EntryPoint","urlTemplate":"https:\/\/www.kuakebicycle.com\/es\/?s={search_term_string}"},"query-input":{"@type":"PropertyValueSpecification","valueRequired":true,"valueName":"search_term_string"}}],"inLanguage":"es"},{"@type":"Organization","@id":"https:\/\/www.kuakebicycle.com\/es\/#organization","name":"Kuake Technology","url":"https:\/\/www.kuakebicycle.com\/es\/","logo":{"@type":"ImageObject","inLanguage":"es","@id":"https:\/\/www.kuakebicycle.com\/es\/#\/schema\/logo\/image\/","url":"https:\/\/www.kuakebicycle.com\/wp-content\/uploads\/2021\/03\/icon.png","contentUrl":"https:\/\/www.kuakebicycle.com\/wp-content\/uploads\/2021\/03\/icon.png","width":100,"height":100,"caption":"Kuake Technology"},"image":{"@id":"https:\/\/www.kuakebicycle.com\/es\/#\/schema\/logo\/image\/"}}]}},"_links":{"self":[{"href":"https:\/\/www.kuakebicycle.com\/es\/wp-json\/wp\/v2\/pages\/3316","targetHints":{"allow":["GET"]}}],"collection":[{"href":"https:\/\/www.kuakebicycle.com\/es\/wp-json\/wp\/v2\/pages"}],"about":[{"href":"https:\/\/www.kuakebicycle.com\/es\/wp-json\/wp\/v2\/types\/page"}],"author":[{"embeddable":true,"href":"https:\/\/www.kuakebicycle.com\/es\/wp-json\/wp\/v2\/users\/1"}],"replies":[{"embeddable":true,"href":"https:\/\/www.kuakebicycle.com\/es\/wp-json\/wp\/v2\/comments?post=3316"}],"version-history":[{"count":0,"href":"https:\/\/www.kuakebicycle.com\/es\/wp-json\/wp\/v2\/pages\/3316\/revisions"}],"wp:attachment":[{"href":"https:\/\/www.kuakebicycle.com\/es\/wp-json\/wp\/v2\/media?parent=3316"}],"curies":[{"name":"wp","href":"https:\/\/api.w.org\/{rel}","templated":true}]}}