{"id":3115,"date":"2021-07-21T01:38:54","date_gmt":"2021-07-21T01:38:54","guid":{"rendered":"https:\/\/www.kuakebicycle.com\/acerca-de\/"},"modified":"2022-01-06T08:57:32","modified_gmt":"2022-01-06T08:57:32","slug":"acerca-de","status":"publish","type":"page","link":"https:\/\/www.kuakebicycle.com\/es\/acerca-de\/","title":{"rendered":"Sobre nosotras"},"content":{"rendered":"\n<h2>\n\t\tSobre nosotras\n\t<\/h2>\n\t<ul>\n\t\t<li>\t\t\n\t\t\t\t<img decoding=\"async\" src=\"https:\/\/www.kuakebicycle.com\/wp-content\/uploads\/2017\/07\/big-diamond40x40-free-img.png\" alt=\"big-diamond(40x40)\" itemprop=\"image\"\/>\n\t\t<h4>Misi\u00f3n<\/h4><p>Brindamos servicios de OEM, ODM y OBM, ayudamos a los clientes a dise\u00f1ar las piezas de la bicicleta de acuerdo con requisitos especiales.<\/p><\/li><li>\t\t\n\t\t\t\t<img decoding=\"async\" src=\"https:\/\/www.kuakebicycle.com\/wp-content\/uploads\/2017\/07\/sight40x40-free-img.png\" alt=\"sight(40x40)\" itemprop=\"image\"\/>\n\t\t<h4>Visi\u00f3n<\/h4><p>Cada elemento de la bicicleta el\u00e9ctrica Kuake fue dise\u00f1ado, dise\u00f1ado y fabricado con los est\u00e1ndares m\u00e1s estrictos.<\/p><\/li><li>\t\t\n\t\t\t\t<img decoding=\"async\" src=\"https:\/\/www.kuakebicycle.com\/wp-content\/uploads\/2017\/07\/gift40x40-free-img.png\" alt=\"gift(40x40)\" itemprop=\"image\"\/>\n\t\t<h4>Valores<\/h4><p>Damos la bienvenida a clientes y asociaciones comerciales de todas partes del mundo para que se pongan en contacto con nosotros para cooperar.<\/p><\/li>\t<\/ul>\n\t<p><strong>1. Presente<\/strong><\/p>\n<p>Jiangsu Kuake Technology Co., Ltd. fue fundada en 2009, que es un fabricante de bicicletas el\u00e9ctricas y triciclos con instalaciones de prueba bien equipadas y una gran fuerza t\u00e9cnica.<\/p>\n<p>Basado en la investigaci\u00f3n de mercado y los comentarios de los clientes, nuestro departamento de I + D trabaja en bicicletas y triciclos el\u00e9ctricos que son innovadores y \u00fanicos.<\/p>\n\t\t\t\t<img loading=\"lazy\" decoding=\"async\" src=\"https:\/\/www.kuakebicycle.com\/wp-content\/uploads\/2021\/03\/Company-Introduction.jpg\" alt=\"Introducci\u00f3n de la Compa\u00f1\u00eda\" itemprop=\"image\" height=\"388\" width=\"733\" title=\"Introducci\u00f3n de la Compa\u00f1\u00eda\" onerror=\"this.style.display='none'\"  \/>\n\t<p><strong>2. Taller de producci\u00f3n<\/strong><\/p>\n<p>Todas las piezas del producto para la exportaci\u00f3n pueden cumplir con los est\u00e1ndares de calidad internacionales, como CE, EEC, EN, EMC, ROSH, etc.<\/p>\n<p>Brindamos servicios de OEM, ODM y OBM, ayudamos a los clientes a dise\u00f1ar las piezas de la bicicleta de acuerdo con requisitos especiales.<\/p>\n<p>Cada elemento de las bicicletas el\u00e9ctricas Kuake fue dise\u00f1ado, dise\u00f1ado y fabricado con los est\u00e1ndares m\u00e1s estrictos. Se ensamblan y se prueban estrictamente en la carretera.<\/p>\n<p>Garantizando un suministro estable y oportuno, una calidad cre\u00edble y un servicio sincero, nuestros productos se venden bien tanto en el pa\u00eds como en alrededor de 48 pa\u00edses extranjeros.<\/p>\n\t\t\t\t<img loading=\"lazy\" decoding=\"async\" src=\"https:\/\/www.kuakebicycle.com\/wp-content\/uploads\/2021\/03\/Workshop.jpg\" alt=\"Taller\" itemprop=\"image\" height=\"450\" width=\"649\" title=\"Taller\" onerror=\"this.style.display='none'\"  \/>\n\t<p><strong>3. Inventario de almac\u00e9n<\/strong><\/p>\n<p>La velocidad de entrega es uno de los indicadores de mayor servicio de Kuake Technology Co., Ltd. Colaboramos estrechamente con proveedores y fabricantes de componentes de triciclos el\u00e9ctricos de renombre en todo el mundo.<\/p>\n<p>Adem\u00e1s, tambi\u00e9n contamos con un gran inventario con el fin de asegurar a nuestros clientes una entrega oportuna y un buen servicio postventa.<\/p>\n<p>P\u00f3ngase en contacto con nosotros para consultar el plazo de entrega de los modelos espec\u00edficos.<\/p>\n\t\t\t\t<img loading=\"lazy\" decoding=\"async\" src=\"https:\/\/www.kuakebicycle.com\/wp-content\/uploads\/2021\/03\/Warehouse.jpg\" alt=\"Dep\u00f3sito\" itemprop=\"image\" height=\"480\" width=\"646\" title=\"Dep\u00f3sito\" onerror=\"this.style.display='none'\"  \/>\n\t<p><strong>4. Cooperaci\u00f3n<\/strong><\/p>\n<p>Preste poca atenci\u00f3n, obtenga el mayor rendimiento, podemos hacerle ganar m\u00e1s dinero.<\/p>\n<p>A trav\u00e9s de nueve a\u00f1os de esfuerzo, nuestra producci\u00f3n anual ha alcanzado 100.000 piezas. Damos la bienvenida a clientes, asociaciones comerciales y amigos de todas partes del mundo para que se pongan en contacto con nosotros para cooperar.<\/p>\n\t\t\t\t<img loading=\"lazy\" decoding=\"async\" src=\"https:\/\/www.kuakebicycle.com\/wp-content\/uploads\/2021\/03\/Cooperation.png\" alt=\"Cooperaci\u00f3n\" itemprop=\"image\" height=\"285\" width=\"491\" title=\"Cooperaci\u00f3n\" onerror=\"this.style.display='none'\"  \/>\n\n","protected":false},"excerpt":{"rendered":"<p>Sobre nosotras Misi\u00f3n Brindamos servicios de OEM, ODM y OBM, ayudamos a los clientes a dise\u00f1ar las piezas de la bicicleta de acuerdo con requisitos especiales. Visi\u00f3n Cada elemento de la bicicleta el\u00e9ctrica Kuake fue [&hellip;]<\/p>\n","protected":false},"author":1,"featured_media":0,"parent":0,"menu_order":0,"comment_status":"closed","ping_status":"closed","template":"","meta":{"site-sidebar-layout":"no-sidebar","site-content-layout":"page-builder","ast-site-content-layout":"default","site-content-style":"default","site-sidebar-style":"default","ast-global-header-display":"","ast-banner-title-visibility":"","ast-main-header-display":"","ast-hfb-above-header-display":"","ast-hfb-below-header-display":"","ast-hfb-mobile-header-display":"","site-post-title":"disabled","ast-breadcrumbs-content":"","ast-featured-img":"disabled","footer-sml-layout":"","ast-disable-related-posts":"","theme-transparent-header-meta":"default","adv-header-id-meta":"","stick-header-meta":"default","header-above-stick-meta":"","header-main-stick-meta":"","header-below-stick-meta":"","astra-migrate-meta-layouts":"default","ast-page-background-enabled":"default","ast-page-background-meta":{"desktop":{"background-color":"","background-image":"","background-repeat":"repeat","background-position":"center center","background-size":"auto","background-attachment":"scroll","background-type":"","background-media":"","overlay-type":"","overlay-color":"","overlay-opacity":"","overlay-gradient":""},"tablet":{"background-color":"","background-image":"","background-repeat":"repeat","background-position":"center center","background-size":"auto","background-attachment":"scroll","background-type":"","background-media":"","overlay-type":"","overlay-color":"","overlay-opacity":"","overlay-gradient":""},"mobile":{"background-color":"","background-image":"","background-repeat":"repeat","background-position":"center center","background-size":"auto","background-attachment":"scroll","background-type":"","background-media":"","overlay-type":"","overlay-color":"","overlay-opacity":"","overlay-gradient":""}},"ast-content-background-meta":{"desktop":{"background-color":"var(--ast-global-color-5)","background-image":"","background-repeat":"repeat","background-position":"center center","background-size":"auto","background-attachment":"scroll","background-type":"","background-media":"","overlay-type":"","overlay-color":"","overlay-opacity":"","overlay-gradient":""},"tablet":{"background-color":"var(--ast-global-color-5)","background-image":"","background-repeat":"repeat","background-position":"center center","background-size":"auto","background-attachment":"scroll","background-type":"","background-media":"","overlay-type":"","overlay-color":"","overlay-opacity":"","overlay-gradient":""},"mobile":{"background-color":"var(--ast-global-color-5)","background-image":"","background-repeat":"repeat","background-position":"center center","background-size":"auto","background-attachment":"scroll","background-type":"","background-media":"","overlay-type":"","overlay-color":"","overlay-opacity":"","overlay-gradient":""}},"footnotes":""},"class_list":["post-3115","page","type-page","status-publish","hentry"],"yoast_head":"<!-- This site is optimized with the Yoast SEO plugin v27.5 - https:\/\/yoast.com\/product\/yoast-seo-wordpress\/ -->\n<title>Sobre nosotras - Kuake Bicycle<\/title>\n<meta name=\"description\" content=\"Fundada en 2009, Jiangsu Kuake Technology Co., Ltd. es un fabricante de bicicletas el\u00e9ctricas y bicicletas el\u00e9ctricas de carga, brindamos servicios de OEM, ODM y OBM.\" \/>\n<meta name=\"robots\" content=\"index, follow, max-snippet:-1, max-image-preview:large, max-video-preview:-1\" \/>\n<link rel=\"canonical\" href=\"https:\/\/www.kuakebicycle.com\/es\/acerca-de\/\" \/>\n<meta property=\"og:locale\" content=\"es_ES\" \/>\n<meta property=\"og:type\" content=\"article\" \/>\n<meta property=\"og:title\" content=\"Sobre nosotras - Kuake Bicycle\" \/>\n<meta property=\"og:description\" content=\"Fundada en 2009, Jiangsu Kuake Technology Co., Ltd. es un fabricante de bicicletas el\u00e9ctricas y bicicletas el\u00e9ctricas de carga, brindamos servicios de OEM, ODM y OBM.\" \/>\n<meta property=\"og:url\" content=\"https:\/\/www.kuakebicycle.com\/es\/acerca-de\/\" \/>\n<meta property=\"og:site_name\" content=\"Kuake Bicycle\" \/>\n<meta property=\"article:modified_time\" content=\"2022-01-06T08:57:32+00:00\" \/>\n<meta property=\"og:image\" content=\"https:\/\/www.kuakebicycle.com\/wp-content\/uploads\/2017\/07\/big-diamond40x40-free-img.png\" \/>\n<meta name=\"twitter:card\" content=\"summary_large_image\" \/>\n<meta name=\"twitter:label1\" content=\"Tiempo de lectura\" \/>\n\t<meta name=\"twitter:data1\" content=\"2 minutos\" \/>\n<script type=\"application\/ld+json\" class=\"yoast-schema-graph\">{\"@context\":\"https:\\\/\\\/schema.org\",\"@graph\":[{\"@type\":\"WebPage\",\"@id\":\"https:\\\/\\\/www.kuakebicycle.com\\\/es\\\/acerca-de\\\/\",\"url\":\"https:\\\/\\\/www.kuakebicycle.com\\\/es\\\/acerca-de\\\/\",\"name\":\"Sobre nosotras - Kuake Bicycle\",\"isPartOf\":{\"@id\":\"https:\\\/\\\/www.kuakebicycle.com\\\/es\\\/#website\"},\"primaryImageOfPage\":{\"@id\":\"https:\\\/\\\/www.kuakebicycle.com\\\/es\\\/acerca-de\\\/#primaryimage\"},\"image\":{\"@id\":\"https:\\\/\\\/www.kuakebicycle.com\\\/es\\\/acerca-de\\\/#primaryimage\"},\"thumbnailUrl\":\"https:\\\/\\\/www.kuakebicycle.com\\\/wp-content\\\/uploads\\\/2017\\\/07\\\/big-diamond40x40-free-img.png\",\"datePublished\":\"2021-07-21T01:38:54+00:00\",\"dateModified\":\"2022-01-06T08:57:32+00:00\",\"description\":\"Fundada en 2009, Jiangsu Kuake Technology Co., Ltd. es un fabricante de bicicletas el\u00e9ctricas y bicicletas el\u00e9ctricas de carga, brindamos servicios de OEM, ODM y OBM.\",\"breadcrumb\":{\"@id\":\"https:\\\/\\\/www.kuakebicycle.com\\\/es\\\/acerca-de\\\/#breadcrumb\"},\"inLanguage\":\"es\",\"potentialAction\":[{\"@type\":\"ReadAction\",\"target\":[\"https:\\\/\\\/www.kuakebicycle.com\\\/es\\\/acerca-de\\\/\"]}]},{\"@type\":\"ImageObject\",\"inLanguage\":\"es\",\"@id\":\"https:\\\/\\\/www.kuakebicycle.com\\\/es\\\/acerca-de\\\/#primaryimage\",\"url\":\"https:\\\/\\\/www.kuakebicycle.com\\\/wp-content\\\/uploads\\\/2017\\\/07\\\/big-diamond40x40-free-img.png\",\"contentUrl\":\"https:\\\/\\\/www.kuakebicycle.com\\\/wp-content\\\/uploads\\\/2017\\\/07\\\/big-diamond40x40-free-img.png\"},{\"@type\":\"BreadcrumbList\",\"@id\":\"https:\\\/\\\/www.kuakebicycle.com\\\/es\\\/acerca-de\\\/#breadcrumb\",\"itemListElement\":[{\"@type\":\"ListItem\",\"position\":1,\"name\":\"Home\",\"item\":\"https:\\\/\\\/www.kuakebicycle.com\\\/es\\\/\"},{\"@type\":\"ListItem\",\"position\":2,\"name\":\"Sobre nosotras\"}]},{\"@type\":\"WebSite\",\"@id\":\"https:\\\/\\\/www.kuakebicycle.com\\\/es\\\/#website\",\"url\":\"https:\\\/\\\/www.kuakebicycle.com\\\/es\\\/\",\"name\":\"Kuake Bicycle\",\"description\":\"\",\"publisher\":{\"@id\":\"https:\\\/\\\/www.kuakebicycle.com\\\/es\\\/#organization\"},\"potentialAction\":[{\"@type\":\"SearchAction\",\"target\":{\"@type\":\"EntryPoint\",\"urlTemplate\":\"https:\\\/\\\/www.kuakebicycle.com\\\/es\\\/?s={search_term_string}\"},\"query-input\":{\"@type\":\"PropertyValueSpecification\",\"valueRequired\":true,\"valueName\":\"search_term_string\"}}],\"inLanguage\":\"es\"},{\"@type\":\"Organization\",\"@id\":\"https:\\\/\\\/www.kuakebicycle.com\\\/es\\\/#organization\",\"name\":\"Kuake Technology\",\"url\":\"https:\\\/\\\/www.kuakebicycle.com\\\/es\\\/\",\"logo\":{\"@type\":\"ImageObject\",\"inLanguage\":\"es\",\"@id\":\"https:\\\/\\\/www.kuakebicycle.com\\\/es\\\/#\\\/schema\\\/logo\\\/image\\\/\",\"url\":\"https:\\\/\\\/www.kuakebicycle.com\\\/wp-content\\\/uploads\\\/2021\\\/03\\\/icon.png\",\"contentUrl\":\"https:\\\/\\\/www.kuakebicycle.com\\\/wp-content\\\/uploads\\\/2021\\\/03\\\/icon.png\",\"width\":100,\"height\":100,\"caption\":\"Kuake Technology\"},\"image\":{\"@id\":\"https:\\\/\\\/www.kuakebicycle.com\\\/es\\\/#\\\/schema\\\/logo\\\/image\\\/\"}}]}<\/script>\n<!-- \/ Yoast SEO plugin. -->","yoast_head_json":{"title":"Sobre nosotras - Kuake Bicycle","description":"Fundada en 2009, Jiangsu Kuake Technology Co., Ltd. es un fabricante de bicicletas el\u00e9ctricas y bicicletas el\u00e9ctricas de carga, brindamos servicios de OEM, ODM y OBM.","robots":{"index":"index","follow":"follow","max-snippet":"max-snippet:-1","max-image-preview":"max-image-preview:large","max-video-preview":"max-video-preview:-1"},"canonical":"https:\/\/www.kuakebicycle.com\/es\/acerca-de\/","og_locale":"es_ES","og_type":"article","og_title":"Sobre nosotras - Kuake Bicycle","og_description":"Fundada en 2009, Jiangsu Kuake Technology Co., Ltd. es un fabricante de bicicletas el\u00e9ctricas y bicicletas el\u00e9ctricas de carga, brindamos servicios de OEM, ODM y OBM.","og_url":"https:\/\/www.kuakebicycle.com\/es\/acerca-de\/","og_site_name":"Kuake Bicycle","article_modified_time":"2022-01-06T08:57:32+00:00","og_image":[{"url":"https:\/\/www.kuakebicycle.com\/wp-content\/uploads\/2017\/07\/big-diamond40x40-free-img.png","type":"","width":"","height":""}],"twitter_card":"summary_large_image","twitter_misc":{"Tiempo de lectura":"2 minutos"},"schema":{"@context":"https:\/\/schema.org","@graph":[{"@type":"WebPage","@id":"https:\/\/www.kuakebicycle.com\/es\/acerca-de\/","url":"https:\/\/www.kuakebicycle.com\/es\/acerca-de\/","name":"Sobre nosotras - Kuake Bicycle","isPartOf":{"@id":"https:\/\/www.kuakebicycle.com\/es\/#website"},"primaryImageOfPage":{"@id":"https:\/\/www.kuakebicycle.com\/es\/acerca-de\/#primaryimage"},"image":{"@id":"https:\/\/www.kuakebicycle.com\/es\/acerca-de\/#primaryimage"},"thumbnailUrl":"https:\/\/www.kuakebicycle.com\/wp-content\/uploads\/2017\/07\/big-diamond40x40-free-img.png","datePublished":"2021-07-21T01:38:54+00:00","dateModified":"2022-01-06T08:57:32+00:00","description":"Fundada en 2009, Jiangsu Kuake Technology Co., Ltd. es un fabricante de bicicletas el\u00e9ctricas y bicicletas el\u00e9ctricas de carga, brindamos servicios de OEM, ODM y OBM.","breadcrumb":{"@id":"https:\/\/www.kuakebicycle.com\/es\/acerca-de\/#breadcrumb"},"inLanguage":"es","potentialAction":[{"@type":"ReadAction","target":["https:\/\/www.kuakebicycle.com\/es\/acerca-de\/"]}]},{"@type":"ImageObject","inLanguage":"es","@id":"https:\/\/www.kuakebicycle.com\/es\/acerca-de\/#primaryimage","url":"https:\/\/www.kuakebicycle.com\/wp-content\/uploads\/2017\/07\/big-diamond40x40-free-img.png","contentUrl":"https:\/\/www.kuakebicycle.com\/wp-content\/uploads\/2017\/07\/big-diamond40x40-free-img.png"},{"@type":"BreadcrumbList","@id":"https:\/\/www.kuakebicycle.com\/es\/acerca-de\/#breadcrumb","itemListElement":[{"@type":"ListItem","position":1,"name":"Home","item":"https:\/\/www.kuakebicycle.com\/es\/"},{"@type":"ListItem","position":2,"name":"Sobre nosotras"}]},{"@type":"WebSite","@id":"https:\/\/www.kuakebicycle.com\/es\/#website","url":"https:\/\/www.kuakebicycle.com\/es\/","name":"Kuake Bicycle","description":"","publisher":{"@id":"https:\/\/www.kuakebicycle.com\/es\/#organization"},"potentialAction":[{"@type":"SearchAction","target":{"@type":"EntryPoint","urlTemplate":"https:\/\/www.kuakebicycle.com\/es\/?s={search_term_string}"},"query-input":{"@type":"PropertyValueSpecification","valueRequired":true,"valueName":"search_term_string"}}],"inLanguage":"es"},{"@type":"Organization","@id":"https:\/\/www.kuakebicycle.com\/es\/#organization","name":"Kuake Technology","url":"https:\/\/www.kuakebicycle.com\/es\/","logo":{"@type":"ImageObject","inLanguage":"es","@id":"https:\/\/www.kuakebicycle.com\/es\/#\/schema\/logo\/image\/","url":"https:\/\/www.kuakebicycle.com\/wp-content\/uploads\/2021\/03\/icon.png","contentUrl":"https:\/\/www.kuakebicycle.com\/wp-content\/uploads\/2021\/03\/icon.png","width":100,"height":100,"caption":"Kuake Technology"},"image":{"@id":"https:\/\/www.kuakebicycle.com\/es\/#\/schema\/logo\/image\/"}}]}},"_links":{"self":[{"href":"https:\/\/www.kuakebicycle.com\/es\/wp-json\/wp\/v2\/pages\/3115","targetHints":{"allow":["GET"]}}],"collection":[{"href":"https:\/\/www.kuakebicycle.com\/es\/wp-json\/wp\/v2\/pages"}],"about":[{"href":"https:\/\/www.kuakebicycle.com\/es\/wp-json\/wp\/v2\/types\/page"}],"author":[{"embeddable":true,"href":"https:\/\/www.kuakebicycle.com\/es\/wp-json\/wp\/v2\/users\/1"}],"replies":[{"embeddable":true,"href":"https:\/\/www.kuakebicycle.com\/es\/wp-json\/wp\/v2\/comments?post=3115"}],"version-history":[{"count":0,"href":"https:\/\/www.kuakebicycle.com\/es\/wp-json\/wp\/v2\/pages\/3115\/revisions"}],"wp:attachment":[{"href":"https:\/\/www.kuakebicycle.com\/es\/wp-json\/wp\/v2\/media?parent=3115"}],"curies":[{"name":"wp","href":"https:\/\/api.w.org\/{rel}","templated":true}]}}