{"id":6597,"date":"2021-03-29T07:07:21","date_gmt":"2021-07-27T03:10:12","guid":{"rendered":"https:\/\/www.kuakebicycle.com\/kk6012-frontlader-elektro-lastendreirad-250-w-10-ah-6-geschwindigkeit\/"},"modified":"2021-07-27T03:10:12","modified_gmt":"2021-07-27T03:10:12","slug":"kk6012-frontlader-elektro-lastendreirad","status":"publish","type":"product","link":"https:\/\/www.kuakebicycle.com\/de\/kk6012-frontlader-elektro-lastendreirad\/","title":{"rendered":"KK6012 Frontlader-Elektro-Lastendreirad (250 W, 10 Ah, 6 Geschwindigkeit)"},"content":{"rendered":"<table border=\"1\" width=\"556\">\n<tbody>\n<tr>\n<td style=\"text-align: center;\" colspan=\"2\" bgcolor=\"#d9edf7\"><strong>Fahrradspezifikationen<\/strong><\/td>\n<\/tr>\n<tr>\n<td bgcolor=\"#f5f2f2\" width=\"275\"><strong>Modell Nr.<\/strong><\/td>\n<td width=\"281\">KK6012<\/td>\n<\/tr>\n<tr>\n<td bgcolor=\"#f5f2f2\" width=\"275\"><strong>Fahrradgestell<\/strong><\/td>\n<td width=\"281\">Aluminiumlegierung<\/td>\n<\/tr>\n<tr>\n<td bgcolor=\"#f5f2f2\" width=\"275\"><strong>Ausr\u00fcstung<\/strong><\/td>\n<td width=\"281\">Shimano 6-Gang<\/td>\n<\/tr>\n<tr>\n<td bgcolor=\"#f5f2f2\" width=\"275\"><strong>Schalthebel<\/strong><\/td>\n<td width=\"281\">Shimano 6-Gang<\/td>\n<\/tr>\n<tr>\n<td bgcolor=\"#f5f2f2\" width=\"275\"><strong>Freies Rad<\/strong><\/td>\n<td width=\"281\">Shimano 6-Gang<\/td>\n<\/tr>\n<tr>\n<td bgcolor=\"#f5f2f2\" width=\"275\"><strong>Vorderbremse<\/strong><\/td>\n<td width=\"281\">Hydraulische Scheibenbremse<\/td>\n<\/tr>\n<tr>\n<td bgcolor=\"#f5f2f2\" width=\"275\"><strong>Hinterradbremse<\/strong><\/td>\n<td width=\"281\">V-Bremse<\/td>\n<\/tr>\n<tr>\n<td bgcolor=\"#f5f2f2\" width=\"275\"><strong>Reifen<\/strong><\/td>\n<td width=\"281\">20&#8220;*1.75&#8220;\/24&#8220;*1.75&#8220;<\/td>\n<\/tr>\n<tr>\n<td bgcolor=\"#f5f2f2\" width=\"275\"><strong>Kette<\/strong><\/td>\n<td width=\"281\">KMC<\/td>\n<\/tr>\n<tr>\n<td bgcolor=\"#f5f2f2\" width=\"275\"><strong>Radfender<\/strong><\/td>\n<td width=\"281\">Rostfreier Stahl<\/td>\n<\/tr>\n<tr>\n<td bgcolor=\"#f5f2f2\" width=\"275\"><strong>Ladergr\u00f6\u00dfe<\/strong><\/td>\n<td width=\"281\">90*65*50cm<\/td>\n<\/tr>\n<tr>\n<td style=\"text-align: center;\" colspan=\"2\" bgcolor=\"#d9edf7\"><strong>Elektronisches System<\/strong><\/td>\n<\/tr>\n<tr>\n<td bgcolor=\"#f5f2f2\" width=\"275\"><strong>Batterie<\/strong><\/td>\n<td width=\"281\">36V10A Samsung Lithiumbatterie<\/td>\n<\/tr>\n<tr>\n<td bgcolor=\"#f5f2f2\" width=\"275\"><strong>Sensor<\/strong><\/td>\n<td width=\"281\">Drehmomentaufnehmer<\/td>\n<\/tr>\n<tr>\n<td bgcolor=\"#f5f2f2\" width=\"275\"><strong>Aufladezeit<\/strong><\/td>\n<td width=\"281\">4~6 Stunden<\/td>\n<\/tr>\n<tr>\n<td bgcolor=\"#f5f2f2\" width=\"275\"><strong>Aufladezeiten<\/strong><\/td>\n<td width=\"281\">800~1000 Mal<\/td>\n<\/tr>\n<tr>\n<td bgcolor=\"#f5f2f2\" width=\"275\"><strong>Motorleistung<\/strong><\/td>\n<td width=\"281\">36V250W DAPU-Motor<\/td>\n<\/tr>\n<tr>\n<td bgcolor=\"#f5f2f2\" width=\"275\"><strong>Regler<\/strong><\/td>\n<td width=\"281\">36V intelligent<\/td>\n<\/tr>\n<tr>\n<td bgcolor=\"#f5f2f2\" width=\"275\"><strong>Anzeige<\/strong><\/td>\n<td width=\"281\">LCD<\/td>\n<\/tr>\n<tr>\n<td bgcolor=\"#f5f2f2\" width=\"275\"><strong>H\u00f6chstgeschwindigkeit<\/strong><\/td>\n<td width=\"281\">25km\/h<\/td>\n<\/tr>\n<tr>\n<td bgcolor=\"#f5f2f2\" width=\"275\"><strong>Entfernung f\u00fcr Geb\u00fchr<\/strong><\/td>\n<td width=\"281\">40 km<\/td>\n<\/tr>\n<\/tbody>\n<\/table>\n","protected":false},"excerpt":{"rendered":"<ul>\n<li><strong>Rahmen: Rahmendesign aus Aluminiumlegierung, Gr\u00f6\u00dfe der Ladebox aus Edelstahl betr\u00e4gt 90 * 65 * 50 cm.<\/strong><\/li>\n<li><strong>Motor: DAPU 36V\/250W Motor bietet mehr als genug Leistung, die H\u00f6chstgeschwindigkeit kann 25km\/h erreicht werden.<\/strong><\/li>\n<li><strong>Akku: 36V\/10A Samsung Akku, Ladezeit: 4~6 Stunden, Akkulaufzeit: 800~1000 Zyklen.<\/strong><\/li>\n<li><strong>Bremse: Hydraulische Scheibenbremsen vorne und V-Bremse hinten.<\/strong><\/li>\n<li><strong>Schalthebel: Das Shimano 6-Gang-Getriebesystem sorgt f\u00fcr das unterschiedliche Geschwindigkeitserlebnis, das Sie zum Fahren ben\u00f6tigen.<\/strong><\/li>\n<\/ul>\n","protected":false},"featured_media":6604,"comment_status":"closed","ping_status":"closed","template":"","meta":{"site-sidebar-layout":"default","site-content-layout":"default","ast-site-content-layout":"default","site-content-style":"default","site-sidebar-style":"default","ast-global-header-display":"","ast-banner-title-visibility":"","ast-main-header-display":"","ast-hfb-above-header-display":"","ast-hfb-below-header-display":"","ast-hfb-mobile-header-display":"","site-post-title":"","ast-breadcrumbs-content":"","ast-featured-img":"","footer-sml-layout":"","ast-disable-related-posts":"","theme-transparent-header-meta":"default","adv-header-id-meta":"","stick-header-meta":"default","header-above-stick-meta":"","header-main-stick-meta":"","header-below-stick-meta":"","astra-migrate-meta-layouts":"default","ast-page-background-enabled":"default","ast-page-background-meta":{"desktop":{"background-color":"","background-image":"","background-repeat":"repeat","background-position":"center center","background-size":"auto","background-attachment":"scroll","background-type":"","background-media":"","overlay-type":"","overlay-color":"","overlay-opacity":"","overlay-gradient":""},"tablet":{"background-color":"","background-image":"","background-repeat":"repeat","background-position":"center center","background-size":"auto","background-attachment":"scroll","background-type":"","background-media":"","overlay-type":"","overlay-color":"","overlay-opacity":"","overlay-gradient":""},"mobile":{"background-color":"","background-image":"","background-repeat":"repeat","background-position":"center center","background-size":"auto","background-attachment":"scroll","background-type":"","background-media":"","overlay-type":"","overlay-color":"","overlay-opacity":"","overlay-gradient":""}},"ast-content-background-meta":{"desktop":{"background-color":"var(--ast-global-color-5)","background-image":"","background-repeat":"repeat","background-position":"center center","background-size":"auto","background-attachment":"scroll","background-type":"","background-media":"","overlay-type":"","overlay-color":"","overlay-opacity":"","overlay-gradient":""},"tablet":{"background-color":"var(--ast-global-color-5)","background-image":"","background-repeat":"repeat","background-position":"center center","background-size":"auto","background-attachment":"scroll","background-type":"","background-media":"","overlay-type":"","overlay-color":"","overlay-opacity":"","overlay-gradient":""},"mobile":{"background-color":"var(--ast-global-color-5)","background-image":"","background-repeat":"repeat","background-position":"center center","background-size":"auto","background-attachment":"scroll","background-type":"","background-media":"","overlay-type":"","overlay-color":"","overlay-opacity":"","overlay-gradient":""}}},"product_brand":[],"product_cat":[119],"product_tag":[],"class_list":{"0":"post-6597","1":"product","2":"type-product","3":"status-publish","4":"has-post-thumbnail","6":"product_cat-elektrisches-dreirad","7":"desktop-align-left","8":"tablet-align-left","9":"mobile-align-left","10":"ast-product-gallery-layout-horizontal","11":"ast-product-tabs-layout-horizontal","12":"ast-qv-on-image","14":"first","15":"instock","16":"shipping-taxable","17":"product-type-simple"},"yoast_head":"<!-- This site is optimized with the Yoast SEO plugin v27.3 - https:\/\/yoast.com\/product\/yoast-seo-wordpress\/ -->\n<title>KK6012 Frontlader-Elektro-Lastendreirad (250 W, 10 Ah, 6 Geschwindigkeit) - Kuake Bicycle<\/title>\n<meta name=\"robots\" content=\"index, follow, max-snippet:-1, max-image-preview:large, max-video-preview:-1\" \/>\n<link rel=\"canonical\" href=\"https:\/\/www.kuakebicycle.com\/de\/kk6012-frontlader-elektro-lastendreirad\/\" \/>\n<meta property=\"og:locale\" content=\"de_DE\" \/>\n<meta property=\"og:type\" content=\"article\" \/>\n<meta property=\"og:title\" content=\"KK6012 Frontlader-Elektro-Lastendreirad (250 W, 10 Ah, 6 Geschwindigkeit) - Kuake Bicycle\" \/>\n<meta property=\"og:description\" content=\"Rahmen: Rahmendesign aus Aluminiumlegierung, Gr\u00f6\u00dfe der Ladebox aus Edelstahl betr\u00e4gt 90 * 65 * 50 cm.  Motor: DAPU 36V\/250W Motor bietet mehr als genug Leistung, die H\u00f6chstgeschwindigkeit kann 25km\/h erreicht werden.  Akku: 36V\/10A Samsung Akku, Ladezeit: 4~6 Stunden, Akkulaufzeit: 800~1000 Zyklen.  Bremse: Hydraulische Scheibenbremsen vorne und V-Bremse hinten.  Schalthebel: Das Shimano 6-Gang-Getriebesystem sorgt f\u00fcr das unterschiedliche Geschwindigkeitserlebnis, das Sie zum Fahren ben\u00f6tigen.\" \/>\n<meta property=\"og:url\" content=\"https:\/\/www.kuakebicycle.com\/de\/kk6012-frontlader-elektro-lastendreirad\/\" \/>\n<meta property=\"og:site_name\" content=\"Kuake Bicycle\" \/>\n<meta property=\"og:image\" content=\"https:\/\/www.kuakebicycle.com\/wp-content\/uploads\/2021\/03\/KK6012-Front-Loader-Electric-Cargo-Tricycle.jpg\" \/>\n\t<meta property=\"og:image:width\" content=\"600\" \/>\n\t<meta property=\"og:image:height\" content=\"600\" \/>\n\t<meta property=\"og:image:type\" content=\"image\/jpeg\" \/>\n<meta name=\"twitter:card\" content=\"summary_large_image\" \/>\n<script type=\"application\/ld+json\" class=\"yoast-schema-graph\">{\"@context\":\"https:\\\/\\\/schema.org\",\"@graph\":[{\"@type\":\"WebPage\",\"@id\":\"https:\\\/\\\/www.kuakebicycle.com\\\/de\\\/kk6012-frontlader-elektro-lastendreirad\\\/\",\"url\":\"https:\\\/\\\/www.kuakebicycle.com\\\/de\\\/kk6012-frontlader-elektro-lastendreirad\\\/\",\"name\":\"KK6012 Frontlader-Elektro-Lastendreirad (250 W, 10 Ah, 6 Geschwindigkeit) - Kuake Bicycle\",\"isPartOf\":{\"@id\":\"https:\\\/\\\/www.kuakebicycle.com\\\/de\\\/#website\"},\"primaryImageOfPage\":{\"@id\":\"https:\\\/\\\/www.kuakebicycle.com\\\/de\\\/kk6012-frontlader-elektro-lastendreirad\\\/#primaryimage\"},\"image\":{\"@id\":\"https:\\\/\\\/www.kuakebicycle.com\\\/de\\\/kk6012-frontlader-elektro-lastendreirad\\\/#primaryimage\"},\"thumbnailUrl\":\"https:\\\/\\\/www.kuakebicycle.com\\\/wp-content\\\/uploads\\\/2021\\\/03\\\/KK6012-Front-Loader-Electric-Cargo-Tricycle.jpg\",\"datePublished\":\"2021-07-27T03:10:12+00:00\",\"breadcrumb\":{\"@id\":\"https:\\\/\\\/www.kuakebicycle.com\\\/de\\\/kk6012-frontlader-elektro-lastendreirad\\\/#breadcrumb\"},\"inLanguage\":\"de\",\"potentialAction\":[{\"@type\":\"ReadAction\",\"target\":[\"https:\\\/\\\/www.kuakebicycle.com\\\/de\\\/kk6012-frontlader-elektro-lastendreirad\\\/\"]}]},{\"@type\":\"ImageObject\",\"inLanguage\":\"de\",\"@id\":\"https:\\\/\\\/www.kuakebicycle.com\\\/de\\\/kk6012-frontlader-elektro-lastendreirad\\\/#primaryimage\",\"url\":\"https:\\\/\\\/www.kuakebicycle.com\\\/wp-content\\\/uploads\\\/2021\\\/03\\\/KK6012-Front-Loader-Electric-Cargo-Tricycle.jpg\",\"contentUrl\":\"https:\\\/\\\/www.kuakebicycle.com\\\/wp-content\\\/uploads\\\/2021\\\/03\\\/KK6012-Front-Loader-Electric-Cargo-Tricycle.jpg\",\"width\":600,\"height\":600,\"caption\":\"KK6012 Frontlader Elektrisches Frachtdreirad\"},{\"@type\":\"BreadcrumbList\",\"@id\":\"https:\\\/\\\/www.kuakebicycle.com\\\/de\\\/kk6012-frontlader-elektro-lastendreirad\\\/#breadcrumb\",\"itemListElement\":[{\"@type\":\"ListItem\",\"position\":1,\"name\":\"Home\",\"item\":\"https:\\\/\\\/www.kuakebicycle.com\\\/de\\\/\"},{\"@type\":\"ListItem\",\"position\":2,\"name\":\"Produkte\",\"item\":\"https:\\\/\\\/www.kuakebicycle.com\\\/de\\\/produkte\\\/\"},{\"@type\":\"ListItem\",\"position\":3,\"name\":\"KK6012 Frontlader-Elektro-Lastendreirad (250 W, 10 Ah, 6 Geschwindigkeit)\"}]},{\"@type\":\"WebSite\",\"@id\":\"https:\\\/\\\/www.kuakebicycle.com\\\/de\\\/#website\",\"url\":\"https:\\\/\\\/www.kuakebicycle.com\\\/de\\\/\",\"name\":\"Kuake Bicycle\",\"description\":\"\",\"publisher\":{\"@id\":\"https:\\\/\\\/www.kuakebicycle.com\\\/de\\\/#organization\"},\"potentialAction\":[{\"@type\":\"SearchAction\",\"target\":{\"@type\":\"EntryPoint\",\"urlTemplate\":\"https:\\\/\\\/www.kuakebicycle.com\\\/de\\\/?s={search_term_string}\"},\"query-input\":{\"@type\":\"PropertyValueSpecification\",\"valueRequired\":true,\"valueName\":\"search_term_string\"}}],\"inLanguage\":\"de\"},{\"@type\":\"Organization\",\"@id\":\"https:\\\/\\\/www.kuakebicycle.com\\\/de\\\/#organization\",\"name\":\"Kuake Technology\",\"url\":\"https:\\\/\\\/www.kuakebicycle.com\\\/de\\\/\",\"logo\":{\"@type\":\"ImageObject\",\"inLanguage\":\"de\",\"@id\":\"https:\\\/\\\/www.kuakebicycle.com\\\/de\\\/#\\\/schema\\\/logo\\\/image\\\/\",\"url\":\"https:\\\/\\\/www.kuakebicycle.com\\\/wp-content\\\/uploads\\\/2021\\\/03\\\/icon.png\",\"contentUrl\":\"https:\\\/\\\/www.kuakebicycle.com\\\/wp-content\\\/uploads\\\/2021\\\/03\\\/icon.png\",\"width\":100,\"height\":100,\"caption\":\"Kuake Technology\"},\"image\":{\"@id\":\"https:\\\/\\\/www.kuakebicycle.com\\\/de\\\/#\\\/schema\\\/logo\\\/image\\\/\"}}]}<\/script>\n<!-- \/ Yoast SEO plugin. -->","yoast_head_json":{"title":"KK6012 Frontlader-Elektro-Lastendreirad (250 W, 10 Ah, 6 Geschwindigkeit) - Kuake Bicycle","robots":{"index":"index","follow":"follow","max-snippet":"max-snippet:-1","max-image-preview":"max-image-preview:large","max-video-preview":"max-video-preview:-1"},"canonical":"https:\/\/www.kuakebicycle.com\/de\/kk6012-frontlader-elektro-lastendreirad\/","og_locale":"de_DE","og_type":"article","og_title":"KK6012 Frontlader-Elektro-Lastendreirad (250 W, 10 Ah, 6 Geschwindigkeit) - Kuake Bicycle","og_description":"Rahmen: Rahmendesign aus Aluminiumlegierung, Gr\u00f6\u00dfe der Ladebox aus Edelstahl betr\u00e4gt 90 * 65 * 50 cm.  Motor: DAPU 36V\/250W Motor bietet mehr als genug Leistung, die H\u00f6chstgeschwindigkeit kann 25km\/h erreicht werden.  Akku: 36V\/10A Samsung Akku, Ladezeit: 4~6 Stunden, Akkulaufzeit: 800~1000 Zyklen.  Bremse: Hydraulische Scheibenbremsen vorne und V-Bremse hinten.  Schalthebel: Das Shimano 6-Gang-Getriebesystem sorgt f\u00fcr das unterschiedliche Geschwindigkeitserlebnis, das Sie zum Fahren ben\u00f6tigen.","og_url":"https:\/\/www.kuakebicycle.com\/de\/kk6012-frontlader-elektro-lastendreirad\/","og_site_name":"Kuake Bicycle","og_image":[{"width":600,"height":600,"url":"https:\/\/www.kuakebicycle.com\/wp-content\/uploads\/2021\/03\/KK6012-Front-Loader-Electric-Cargo-Tricycle.jpg","type":"image\/jpeg"}],"twitter_card":"summary_large_image","schema":{"@context":"https:\/\/schema.org","@graph":[{"@type":"WebPage","@id":"https:\/\/www.kuakebicycle.com\/de\/kk6012-frontlader-elektro-lastendreirad\/","url":"https:\/\/www.kuakebicycle.com\/de\/kk6012-frontlader-elektro-lastendreirad\/","name":"KK6012 Frontlader-Elektro-Lastendreirad (250 W, 10 Ah, 6 Geschwindigkeit) - Kuake Bicycle","isPartOf":{"@id":"https:\/\/www.kuakebicycle.com\/de\/#website"},"primaryImageOfPage":{"@id":"https:\/\/www.kuakebicycle.com\/de\/kk6012-frontlader-elektro-lastendreirad\/#primaryimage"},"image":{"@id":"https:\/\/www.kuakebicycle.com\/de\/kk6012-frontlader-elektro-lastendreirad\/#primaryimage"},"thumbnailUrl":"https:\/\/www.kuakebicycle.com\/wp-content\/uploads\/2021\/03\/KK6012-Front-Loader-Electric-Cargo-Tricycle.jpg","datePublished":"2021-07-27T03:10:12+00:00","breadcrumb":{"@id":"https:\/\/www.kuakebicycle.com\/de\/kk6012-frontlader-elektro-lastendreirad\/#breadcrumb"},"inLanguage":"de","potentialAction":[{"@type":"ReadAction","target":["https:\/\/www.kuakebicycle.com\/de\/kk6012-frontlader-elektro-lastendreirad\/"]}]},{"@type":"ImageObject","inLanguage":"de","@id":"https:\/\/www.kuakebicycle.com\/de\/kk6012-frontlader-elektro-lastendreirad\/#primaryimage","url":"https:\/\/www.kuakebicycle.com\/wp-content\/uploads\/2021\/03\/KK6012-Front-Loader-Electric-Cargo-Tricycle.jpg","contentUrl":"https:\/\/www.kuakebicycle.com\/wp-content\/uploads\/2021\/03\/KK6012-Front-Loader-Electric-Cargo-Tricycle.jpg","width":600,"height":600,"caption":"KK6012 Frontlader Elektrisches Frachtdreirad"},{"@type":"BreadcrumbList","@id":"https:\/\/www.kuakebicycle.com\/de\/kk6012-frontlader-elektro-lastendreirad\/#breadcrumb","itemListElement":[{"@type":"ListItem","position":1,"name":"Home","item":"https:\/\/www.kuakebicycle.com\/de\/"},{"@type":"ListItem","position":2,"name":"Produkte","item":"https:\/\/www.kuakebicycle.com\/de\/produkte\/"},{"@type":"ListItem","position":3,"name":"KK6012 Frontlader-Elektro-Lastendreirad (250 W, 10 Ah, 6 Geschwindigkeit)"}]},{"@type":"WebSite","@id":"https:\/\/www.kuakebicycle.com\/de\/#website","url":"https:\/\/www.kuakebicycle.com\/de\/","name":"Kuake Bicycle","description":"","publisher":{"@id":"https:\/\/www.kuakebicycle.com\/de\/#organization"},"potentialAction":[{"@type":"SearchAction","target":{"@type":"EntryPoint","urlTemplate":"https:\/\/www.kuakebicycle.com\/de\/?s={search_term_string}"},"query-input":{"@type":"PropertyValueSpecification","valueRequired":true,"valueName":"search_term_string"}}],"inLanguage":"de"},{"@type":"Organization","@id":"https:\/\/www.kuakebicycle.com\/de\/#organization","name":"Kuake Technology","url":"https:\/\/www.kuakebicycle.com\/de\/","logo":{"@type":"ImageObject","inLanguage":"de","@id":"https:\/\/www.kuakebicycle.com\/de\/#\/schema\/logo\/image\/","url":"https:\/\/www.kuakebicycle.com\/wp-content\/uploads\/2021\/03\/icon.png","contentUrl":"https:\/\/www.kuakebicycle.com\/wp-content\/uploads\/2021\/03\/icon.png","width":100,"height":100,"caption":"Kuake Technology"},"image":{"@id":"https:\/\/www.kuakebicycle.com\/de\/#\/schema\/logo\/image\/"}}]}},"_links":{"self":[{"href":"https:\/\/www.kuakebicycle.com\/de\/wp-json\/wp\/v2\/product\/6597","targetHints":{"allow":["GET"]}}],"collection":[{"href":"https:\/\/www.kuakebicycle.com\/de\/wp-json\/wp\/v2\/product"}],"about":[{"href":"https:\/\/www.kuakebicycle.com\/de\/wp-json\/wp\/v2\/types\/product"}],"replies":[{"embeddable":true,"href":"https:\/\/www.kuakebicycle.com\/de\/wp-json\/wp\/v2\/comments?post=6597"}],"wp:featuredmedia":[{"embeddable":true,"href":"https:\/\/www.kuakebicycle.com\/de\/wp-json\/wp\/v2\/media\/6604"}],"wp:attachment":[{"href":"https:\/\/www.kuakebicycle.com\/de\/wp-json\/wp\/v2\/media?parent=6597"}],"wp:term":[{"taxonomy":"product_brand","embeddable":true,"href":"https:\/\/www.kuakebicycle.com\/de\/wp-json\/wp\/v2\/product_brand?post=6597"},{"taxonomy":"product_cat","embeddable":true,"href":"https:\/\/www.kuakebicycle.com\/de\/wp-json\/wp\/v2\/product_cat?post=6597"},{"taxonomy":"product_tag","embeddable":true,"href":"https:\/\/www.kuakebicycle.com\/de\/wp-json\/wp\/v2\/product_tag?post=6597"}],"curies":[{"name":"wp","href":"https:\/\/api.w.org\/{rel}","templated":true}]}}