{"id":4444,"date":"2021-03-29T07:18:10","date_gmt":"2021-07-22T08:36:01","guid":{"rendered":"https:\/\/www.kuakebicycle.com\/kk8031-klappbares-elektrisches-frachtdreirad-mit-heckladefunktion-zusammenklappbar-250-w-10-ah-3-geschwindigkeiten\/"},"modified":"2022-01-21T04:02:08","modified_gmt":"2022-01-21T04:02:08","slug":"kk8031-klapp-hecklader-elektro-ladungsdreirad","status":"publish","type":"product","link":"https:\/\/www.kuakebicycle.com\/de\/kk8031-klapp-hecklader-elektro-ladungsdreirad\/","title":{"rendered":"KK8031 Faltbare Elektro Dreir\u00e4der (4.0 Fetter Reifen, 250W~750W, 374Wh~1680Wh, 7 Geschwindigkeiten)"},"content":{"rendered":"<p><iframe loading=\"lazy\" title=\"YouTube-Videoplayer\" src=\"https:\/\/www.youtube.com\/embed\/AN380djPV0Q\" width=\"560\" height=\"315\" frameborder=\"0\" allowfullscreen=\"allowfullscreen\"><span data-mce-type=\"bookmark\" style=\"display: inline-block; width: 0px; overflow: hidden; line-height: 0;\" class=\"mce_SELRES_start\">\ufeff<\/span><span data-mce-type=\"bookmark\" style=\"display: inline-block; width: 0px; overflow: hidden; line-height: 0;\" class=\"mce_SELRES_start\">\ufeff<\/span><span data-mce-type=\"bookmark\" style=\"display: inline-block; width: 0px; overflow: hidden; line-height: 0;\" class=\"mce_SELRES_start\">\ufeff<\/span><\/iframe><br \/>\n<iframe loading=\"lazy\" title=\"YouTube-Videoplayer\" src=\"https:\/\/www.youtube.com\/embed\/-FrCHGxt6vA\" width=\"560\" height=\"315\" frameborder=\"0\" allowfullscreen=\"allowfullscreen\"><\/iframe><\/p>\n<table border=\"1\" width=\"556\">\n<tbody>\n<tr>\n<td style=\"text-align: center;\" colspan=\"2\" bgcolor=\"#d9edf7\"><strong>Fahrradspezifikationen<\/strong><\/td>\n<\/tr>\n<tr>\n<td bgcolor=\"#f5f2f2\" width=\"275\"><strong>Modell Nr.<\/strong><\/td>\n<td width=\"281\">KK8031<\/td>\n<\/tr>\n<tr>\n<td bgcolor=\"#f5f2f2\" width=\"275\"><strong>Nettogewicht<\/strong><\/td>\n<td width=\"281\">45KG<\/td>\n<\/tr>\n<tr>\n<td bgcolor=\"#f5f2f2\" width=\"275\"><strong>Bruttogewicht<\/strong><\/td>\n<td width=\"281\">52KG<\/td>\n<\/tr>\n<tr>\n<td bgcolor=\"#f5f2f2\" width=\"275\"><strong>Fahrradgestell<\/strong><\/td>\n<td width=\"281\">6061 Aluminiumlegierung<\/td>\n<\/tr>\n<tr>\n<td bgcolor=\"#f5f2f2\" width=\"275\"><strong>Ladekapazit\u00e4t<\/strong><\/td>\n<td width=\"281\">150 kg \/ 350 Ibs<\/td>\n<\/tr>\n<tr>\n<td bgcolor=\"#f5f2f2\" width=\"275\"><strong>Ausr\u00fcstung<\/strong><\/td>\n<td width=\"281\">Shimano 7-Gang<\/td>\n<\/tr>\n<tr>\n<td bgcolor=\"#f5f2f2\" width=\"275\"><strong>Schalthebel<\/strong><\/td>\n<td width=\"281\">7 Geschwindigkeit<\/td>\n<\/tr>\n<tr>\n<td bgcolor=\"#f5f2f2\" width=\"275\"><strong>Freies Rad<\/strong><\/td>\n<td width=\"281\">7 Geschwindigkeit<\/td>\n<\/tr>\n<tr>\n<td bgcolor=\"#f5f2f2\" width=\"275\"><strong>Vorderbremse<\/strong><\/td>\n<td width=\"281\">Mechanische oder hydraulische Scheibe, Tektro<\/td>\n<\/tr>\n<tr>\n<td bgcolor=\"#f5f2f2\" width=\"275\"><strong>Hinterradbremse<\/strong><\/td>\n<td width=\"281\">Mechanische oder hydraulische Scheibe, Tektro<\/td>\n<\/tr>\n<tr>\n<td bgcolor=\"#f5f2f2\" width=\"275\"><strong>Pedale<\/strong><\/td>\n<td width=\"281\">Pedale aus Kunststoff<\/td>\n<\/tr>\n<tr>\n<td bgcolor=\"#f5f2f2\" width=\"275\"><strong>Reifen<\/strong><\/td>\n<td width=\"281\">KENDA F\/24&#8220;*4.0. R\/20&#8220;*4.0<\/td>\n<\/tr>\n<tr>\n<td bgcolor=\"#f5f2f2\" width=\"275\"><strong>Licht<\/strong><\/td>\n<td width=\"281\">LED<\/td>\n<\/tr>\n<tr>\n<td bgcolor=\"#f5f2f2\" width=\"275\"><strong>Kette<\/strong><\/td>\n<td width=\"281\">KMC<\/td>\n<\/tr>\n<tr>\n<td style=\"text-align: center;\" colspan=\"2\" bgcolor=\"#d9edf7\"><strong>Elektronisches System<\/strong><\/td>\n<\/tr>\n<tr>\n<td bgcolor=\"#f5f2f2\" width=\"275\"><strong>Batterie<\/strong><\/td>\n<td width=\"281\">374Wh~1680Wh 18650 Lithium-Ionen<\/td>\n<\/tr>\n<tr>\n<td bgcolor=\"#f5f2f2\" width=\"275\"><strong>Ladeger\u00e4t<\/strong><\/td>\n<td width=\"281\">2A 100-240V Smart-Ladeger\u00e4t<\/td>\n<\/tr>\n<tr>\n<td bgcolor=\"#f5f2f2\" width=\"275\"><strong>Aufladezeit<\/strong><\/td>\n<td width=\"281\">5 Stunden<\/td>\n<\/tr>\n<tr>\n<td bgcolor=\"#f5f2f2\" width=\"275\"><strong>Aufladezeiten<\/strong><\/td>\n<td width=\"281\">800~1000 mal<\/td>\n<\/tr>\n<tr>\n<td bgcolor=\"#f5f2f2\" width=\"275\"><strong>Motorleistung<\/strong><\/td>\n<td width=\"281\">36V\/48V 250W~750W Vorderer b\u00fcrstenloser Nabenmotor<\/td>\n<\/tr>\n<tr>\n<td bgcolor=\"#f5f2f2\" width=\"275\"><strong>Regler<\/strong><\/td>\n<td width=\"281\">36V\/48V hocheffizienter Controller<\/td>\n<\/tr>\n<tr>\n<td bgcolor=\"#f5f2f2\" width=\"275\"><strong>Anzeige<\/strong><\/td>\n<td width=\"281\">LCD Bildschirm<\/td>\n<\/tr>\n<tr>\n<td bgcolor=\"#f5f2f2\" width=\"275\"><strong>H\u00f6chstgeschwindigkeit<\/strong><\/td>\n<td width=\"281\">25km\/h<\/td>\n<\/tr>\n<tr>\n<td bgcolor=\"#f5f2f2\" width=\"275\"><strong>Entfernung f\u00fcr Geb\u00fchr<\/strong><\/td>\n<td width=\"281\">50 km -180 km (mit Tretunterst\u00fctzung)<\/td>\n<\/tr>\n<tr>\n<td style=\"text-align: center;\" colspan=\"2\" bgcolor=\"#d9edf7\"><strong>Versanddetails<\/strong><\/td>\n<\/tr>\n<tr>\n<td bgcolor=\"#f5f2f2\" width=\"275\"><strong>Packungsgr\u00f6\u00dfe<\/strong><\/td>\n<td width=\"281\">128*58*68cm<\/td>\n<\/tr>\n<tr>\n<td bgcolor=\"#f5f2f2\" width=\"275\"><strong>40&#8243; Hq(Pcs)<\/strong><\/td>\n<td width=\"281\">125pcs<\/td>\n<\/tr>\n<tr>\n<td bgcolor=\"#f5f2f2\" width=\"275\"><strong>20&#8243; Hq(Pcs)<\/strong><\/td>\n<td width=\"281\">48pcs<\/td>\n<\/tr>\n<\/tbody>\n<\/table>\n","protected":false},"excerpt":{"rendered":"<ul>\n<li style=\"list-style-type: none;\">\n<ul>\n<li><strong>Rahmen<\/strong>: 6061 Alloy Aluminium Rahmendesign.<\/li>\n<li><strong>Motor<\/strong>: 36V\/48V 250W~750W vorderer b\u00fcrstenloser Nabenmotor bietet mehr als genug Leistung, H\u00f6chstgeschwindigkeit kann 25km\/h erreicht werden.<\/li>\n<li><strong>Akku<\/strong>: 374Wh~1680Wh 18650 Lithium-Ionen, Ladezeit: 5 Stunden, Akkulaufzeit: 800~1000 Zyklen.<\/li>\n<li><strong>Bremse<\/strong>: Mechanische oder hydraulische Scheibenbremsen sind von Wetterextremen unbeeinflusst und bieten kraftvolles, progressives Bremsen.<\/li>\n<li><strong>Schalthebel<\/strong>: Das Shimano 7-Gang-Getriebesystem sorgt f\u00fcr das unterschiedliche Geschwindigkeitserlebnis, das Sie zum Fahren ben\u00f6tigen.<\/li>\n<li><strong>R\u00fcckw\u00e4rtsgang<\/strong>: Das Dreirad verf\u00fcgt standardm\u00e4\u00dfig nicht \u00fcber die R\u00fcckw\u00e4rtsfunktion, wenn Sie diese Funktion hinzuf\u00fcgen m\u00f6chten, setzen Sie sich bitte mit uns in Verbindung.<\/li>\n<li><strong>Differential<\/strong>: F\u00fcr Senioren und Menschen mit eingeschr\u00e4nkter Mobilit\u00e4t empfehlen wir den Einbau des Differentialgetriebes, das dieses Dreirad in Kurven sicherer und stabiler macht.<\/li>\n<\/ul>\n<\/li>\n<\/ul>\n","protected":false},"featured_media":14541,"comment_status":"closed","ping_status":"closed","template":"","meta":{"site-sidebar-layout":"default","site-content-layout":"default","ast-site-content-layout":"default","site-content-style":"default","site-sidebar-style":"default","ast-global-header-display":"","ast-banner-title-visibility":"","ast-main-header-display":"","ast-hfb-above-header-display":"","ast-hfb-below-header-display":"","ast-hfb-mobile-header-display":"","site-post-title":"","ast-breadcrumbs-content":"","ast-featured-img":"","footer-sml-layout":"","ast-disable-related-posts":"","theme-transparent-header-meta":"default","adv-header-id-meta":"","stick-header-meta":"default","header-above-stick-meta":"","header-main-stick-meta":"","header-below-stick-meta":"","astra-migrate-meta-layouts":"default","ast-page-background-enabled":"default","ast-page-background-meta":{"desktop":{"background-color":"","background-image":"","background-repeat":"repeat","background-position":"center center","background-size":"auto","background-attachment":"scroll","background-type":"","background-media":"","overlay-type":"","overlay-color":"","overlay-opacity":"","overlay-gradient":""},"tablet":{"background-color":"","background-image":"","background-repeat":"repeat","background-position":"center center","background-size":"auto","background-attachment":"scroll","background-type":"","background-media":"","overlay-type":"","overlay-color":"","overlay-opacity":"","overlay-gradient":""},"mobile":{"background-color":"","background-image":"","background-repeat":"repeat","background-position":"center center","background-size":"auto","background-attachment":"scroll","background-type":"","background-media":"","overlay-type":"","overlay-color":"","overlay-opacity":"","overlay-gradient":""}},"ast-content-background-meta":{"desktop":{"background-color":"var(--ast-global-color-5)","background-image":"","background-repeat":"repeat","background-position":"center center","background-size":"auto","background-attachment":"scroll","background-type":"","background-media":"","overlay-type":"","overlay-color":"","overlay-opacity":"","overlay-gradient":""},"tablet":{"background-color":"var(--ast-global-color-5)","background-image":"","background-repeat":"repeat","background-position":"center center","background-size":"auto","background-attachment":"scroll","background-type":"","background-media":"","overlay-type":"","overlay-color":"","overlay-opacity":"","overlay-gradient":""},"mobile":{"background-color":"var(--ast-global-color-5)","background-image":"","background-repeat":"repeat","background-position":"center center","background-size":"auto","background-attachment":"scroll","background-type":"","background-media":"","overlay-type":"","overlay-color":"","overlay-opacity":"","overlay-gradient":""}}},"product_brand":[],"product_cat":[119],"product_tag":[],"class_list":{"0":"post-4444","1":"product","2":"type-product","3":"status-publish","4":"has-post-thumbnail","6":"product_cat-elektrisches-dreirad","7":"desktop-align-left","8":"tablet-align-left","9":"mobile-align-left","10":"ast-product-gallery-layout-horizontal","11":"ast-product-tabs-layout-horizontal","12":"ast-qv-on-image","14":"first","15":"instock","16":"featured","17":"shipping-taxable","18":"product-type-simple"},"yoast_head":"<!-- This site is optimized with the Yoast SEO plugin v27.4 - https:\/\/yoast.com\/product\/yoast-seo-wordpress\/ -->\n<title>Faltbare Elektro Dreir\u00e4der F\u00fcr Erwachsene KK8031 - Kuake Bicycle<\/title>\n<meta name=\"description\" content=\"KK8031 faltbare elektro dreir\u00e4der l\u00e4sst sich f\u00fcr einfachen Transport und Lagerung zusammenklappen und zerlegen, perfekt f\u00fcr ein Familienmitglied mit Mobilit\u00e4tsproblemen.\" \/>\n<meta name=\"robots\" content=\"index, follow, max-snippet:-1, max-image-preview:large, max-video-preview:-1\" \/>\n<link rel=\"canonical\" href=\"https:\/\/www.kuakebicycle.com\/de\/kk8031-klapp-hecklader-elektro-ladungsdreirad\/\" \/>\n<meta property=\"og:locale\" content=\"de_DE\" \/>\n<meta property=\"og:type\" content=\"article\" \/>\n<meta property=\"og:title\" content=\"Faltbare Elektro Dreir\u00e4der F\u00fcr Erwachsene KK8031 - Kuake Bicycle\" \/>\n<meta property=\"og:description\" content=\"KK8031 faltbare elektro dreir\u00e4der l\u00e4sst sich f\u00fcr einfachen Transport und Lagerung zusammenklappen und zerlegen, perfekt f\u00fcr ein Familienmitglied mit Mobilit\u00e4tsproblemen.\" \/>\n<meta property=\"og:url\" content=\"https:\/\/www.kuakebicycle.com\/de\/kk8031-klapp-hecklader-elektro-ladungsdreirad\/\" \/>\n<meta property=\"og:site_name\" content=\"Kuake Bicycle\" \/>\n<meta property=\"article:modified_time\" content=\"2022-01-21T04:02:08+00:00\" \/>\n<meta property=\"og:image\" content=\"https:\/\/www.kuakebicycle.com\/wp-content\/uploads\/2021\/12\/KK8031-Grey-Folding-Electric-Tricycle.jpg\" \/>\n\t<meta property=\"og:image:width\" content=\"600\" \/>\n\t<meta property=\"og:image:height\" content=\"600\" \/>\n\t<meta property=\"og:image:type\" content=\"image\/jpeg\" \/>\n<meta name=\"twitter:card\" content=\"summary_large_image\" \/>\n<meta name=\"twitter:label1\" content=\"Gesch\u00e4tzte Lesezeit\" \/>\n\t<meta name=\"twitter:data1\" content=\"1\u00a0Minute\" \/>\n<script type=\"application\/ld+json\" class=\"yoast-schema-graph\">{\"@context\":\"https:\\\/\\\/schema.org\",\"@graph\":[{\"@type\":\"WebPage\",\"@id\":\"https:\\\/\\\/www.kuakebicycle.com\\\/de\\\/kk8031-klapp-hecklader-elektro-ladungsdreirad\\\/\",\"url\":\"https:\\\/\\\/www.kuakebicycle.com\\\/de\\\/kk8031-klapp-hecklader-elektro-ladungsdreirad\\\/\",\"name\":\"Faltbare Elektro Dreir\u00e4der F\u00fcr Erwachsene KK8031 - Kuake Bicycle\",\"isPartOf\":{\"@id\":\"https:\\\/\\\/www.kuakebicycle.com\\\/de\\\/#website\"},\"primaryImageOfPage\":{\"@id\":\"https:\\\/\\\/www.kuakebicycle.com\\\/de\\\/kk8031-klapp-hecklader-elektro-ladungsdreirad\\\/#primaryimage\"},\"image\":{\"@id\":\"https:\\\/\\\/www.kuakebicycle.com\\\/de\\\/kk8031-klapp-hecklader-elektro-ladungsdreirad\\\/#primaryimage\"},\"thumbnailUrl\":\"https:\\\/\\\/www.kuakebicycle.com\\\/wp-content\\\/uploads\\\/2021\\\/12\\\/KK8031-Grey-Folding-Electric-Tricycle.jpg\",\"datePublished\":\"2021-07-22T08:36:01+00:00\",\"dateModified\":\"2022-01-21T04:02:08+00:00\",\"description\":\"KK8031 faltbare elektro dreir\u00e4der l\u00e4sst sich f\u00fcr einfachen Transport und Lagerung zusammenklappen und zerlegen, perfekt f\u00fcr ein Familienmitglied mit Mobilit\u00e4tsproblemen.\",\"breadcrumb\":{\"@id\":\"https:\\\/\\\/www.kuakebicycle.com\\\/de\\\/kk8031-klapp-hecklader-elektro-ladungsdreirad\\\/#breadcrumb\"},\"inLanguage\":\"de\",\"potentialAction\":[{\"@type\":\"ReadAction\",\"target\":[\"https:\\\/\\\/www.kuakebicycle.com\\\/de\\\/kk8031-klapp-hecklader-elektro-ladungsdreirad\\\/\"]}]},{\"@type\":\"ImageObject\",\"inLanguage\":\"de\",\"@id\":\"https:\\\/\\\/www.kuakebicycle.com\\\/de\\\/kk8031-klapp-hecklader-elektro-ladungsdreirad\\\/#primaryimage\",\"url\":\"https:\\\/\\\/www.kuakebicycle.com\\\/wp-content\\\/uploads\\\/2021\\\/12\\\/KK8031-Grey-Folding-Electric-Tricycle.jpg\",\"contentUrl\":\"https:\\\/\\\/www.kuakebicycle.com\\\/wp-content\\\/uploads\\\/2021\\\/12\\\/KK8031-Grey-Folding-Electric-Tricycle.jpg\",\"width\":600,\"height\":600,\"caption\":\"KK8031 Graues klappbares elektrisches Dreirad\"},{\"@type\":\"BreadcrumbList\",\"@id\":\"https:\\\/\\\/www.kuakebicycle.com\\\/de\\\/kk8031-klapp-hecklader-elektro-ladungsdreirad\\\/#breadcrumb\",\"itemListElement\":[{\"@type\":\"ListItem\",\"position\":1,\"name\":\"Home\",\"item\":\"https:\\\/\\\/www.kuakebicycle.com\\\/de\\\/\"},{\"@type\":\"ListItem\",\"position\":2,\"name\":\"Produkte\",\"item\":\"https:\\\/\\\/www.kuakebicycle.com\\\/de\\\/produkte\\\/\"},{\"@type\":\"ListItem\",\"position\":3,\"name\":\"KK8031 Faltbare Elektro Dreir\u00e4der (4.0 Fetter Reifen, 250W~750W, 374Wh~1680Wh, 7 Geschwindigkeiten)\"}]},{\"@type\":\"WebSite\",\"@id\":\"https:\\\/\\\/www.kuakebicycle.com\\\/de\\\/#website\",\"url\":\"https:\\\/\\\/www.kuakebicycle.com\\\/de\\\/\",\"name\":\"Kuake Bicycle\",\"description\":\"\",\"publisher\":{\"@id\":\"https:\\\/\\\/www.kuakebicycle.com\\\/de\\\/#organization\"},\"potentialAction\":[{\"@type\":\"SearchAction\",\"target\":{\"@type\":\"EntryPoint\",\"urlTemplate\":\"https:\\\/\\\/www.kuakebicycle.com\\\/de\\\/?s={search_term_string}\"},\"query-input\":{\"@type\":\"PropertyValueSpecification\",\"valueRequired\":true,\"valueName\":\"search_term_string\"}}],\"inLanguage\":\"de\"},{\"@type\":\"Organization\",\"@id\":\"https:\\\/\\\/www.kuakebicycle.com\\\/de\\\/#organization\",\"name\":\"Kuake Technology\",\"url\":\"https:\\\/\\\/www.kuakebicycle.com\\\/de\\\/\",\"logo\":{\"@type\":\"ImageObject\",\"inLanguage\":\"de\",\"@id\":\"https:\\\/\\\/www.kuakebicycle.com\\\/de\\\/#\\\/schema\\\/logo\\\/image\\\/\",\"url\":\"https:\\\/\\\/www.kuakebicycle.com\\\/wp-content\\\/uploads\\\/2021\\\/03\\\/icon.png\",\"contentUrl\":\"https:\\\/\\\/www.kuakebicycle.com\\\/wp-content\\\/uploads\\\/2021\\\/03\\\/icon.png\",\"width\":100,\"height\":100,\"caption\":\"Kuake Technology\"},\"image\":{\"@id\":\"https:\\\/\\\/www.kuakebicycle.com\\\/de\\\/#\\\/schema\\\/logo\\\/image\\\/\"}}]}<\/script>\n<!-- \/ Yoast SEO plugin. -->","yoast_head_json":{"title":"Faltbare Elektro Dreir\u00e4der F\u00fcr Erwachsene KK8031 - Kuake Bicycle","description":"KK8031 faltbare elektro dreir\u00e4der l\u00e4sst sich f\u00fcr einfachen Transport und Lagerung zusammenklappen und zerlegen, perfekt f\u00fcr ein Familienmitglied mit Mobilit\u00e4tsproblemen.","robots":{"index":"index","follow":"follow","max-snippet":"max-snippet:-1","max-image-preview":"max-image-preview:large","max-video-preview":"max-video-preview:-1"},"canonical":"https:\/\/www.kuakebicycle.com\/de\/kk8031-klapp-hecklader-elektro-ladungsdreirad\/","og_locale":"de_DE","og_type":"article","og_title":"Faltbare Elektro Dreir\u00e4der F\u00fcr Erwachsene KK8031 - Kuake Bicycle","og_description":"KK8031 faltbare elektro dreir\u00e4der l\u00e4sst sich f\u00fcr einfachen Transport und Lagerung zusammenklappen und zerlegen, perfekt f\u00fcr ein Familienmitglied mit Mobilit\u00e4tsproblemen.","og_url":"https:\/\/www.kuakebicycle.com\/de\/kk8031-klapp-hecklader-elektro-ladungsdreirad\/","og_site_name":"Kuake Bicycle","article_modified_time":"2022-01-21T04:02:08+00:00","og_image":[{"width":600,"height":600,"url":"https:\/\/www.kuakebicycle.com\/wp-content\/uploads\/2021\/12\/KK8031-Grey-Folding-Electric-Tricycle.jpg","type":"image\/jpeg"}],"twitter_card":"summary_large_image","twitter_misc":{"Gesch\u00e4tzte Lesezeit":"1\u00a0Minute"},"schema":{"@context":"https:\/\/schema.org","@graph":[{"@type":"WebPage","@id":"https:\/\/www.kuakebicycle.com\/de\/kk8031-klapp-hecklader-elektro-ladungsdreirad\/","url":"https:\/\/www.kuakebicycle.com\/de\/kk8031-klapp-hecklader-elektro-ladungsdreirad\/","name":"Faltbare Elektro Dreir\u00e4der F\u00fcr Erwachsene KK8031 - Kuake Bicycle","isPartOf":{"@id":"https:\/\/www.kuakebicycle.com\/de\/#website"},"primaryImageOfPage":{"@id":"https:\/\/www.kuakebicycle.com\/de\/kk8031-klapp-hecklader-elektro-ladungsdreirad\/#primaryimage"},"image":{"@id":"https:\/\/www.kuakebicycle.com\/de\/kk8031-klapp-hecklader-elektro-ladungsdreirad\/#primaryimage"},"thumbnailUrl":"https:\/\/www.kuakebicycle.com\/wp-content\/uploads\/2021\/12\/KK8031-Grey-Folding-Electric-Tricycle.jpg","datePublished":"2021-07-22T08:36:01+00:00","dateModified":"2022-01-21T04:02:08+00:00","description":"KK8031 faltbare elektro dreir\u00e4der l\u00e4sst sich f\u00fcr einfachen Transport und Lagerung zusammenklappen und zerlegen, perfekt f\u00fcr ein Familienmitglied mit Mobilit\u00e4tsproblemen.","breadcrumb":{"@id":"https:\/\/www.kuakebicycle.com\/de\/kk8031-klapp-hecklader-elektro-ladungsdreirad\/#breadcrumb"},"inLanguage":"de","potentialAction":[{"@type":"ReadAction","target":["https:\/\/www.kuakebicycle.com\/de\/kk8031-klapp-hecklader-elektro-ladungsdreirad\/"]}]},{"@type":"ImageObject","inLanguage":"de","@id":"https:\/\/www.kuakebicycle.com\/de\/kk8031-klapp-hecklader-elektro-ladungsdreirad\/#primaryimage","url":"https:\/\/www.kuakebicycle.com\/wp-content\/uploads\/2021\/12\/KK8031-Grey-Folding-Electric-Tricycle.jpg","contentUrl":"https:\/\/www.kuakebicycle.com\/wp-content\/uploads\/2021\/12\/KK8031-Grey-Folding-Electric-Tricycle.jpg","width":600,"height":600,"caption":"KK8031 Graues klappbares elektrisches Dreirad"},{"@type":"BreadcrumbList","@id":"https:\/\/www.kuakebicycle.com\/de\/kk8031-klapp-hecklader-elektro-ladungsdreirad\/#breadcrumb","itemListElement":[{"@type":"ListItem","position":1,"name":"Home","item":"https:\/\/www.kuakebicycle.com\/de\/"},{"@type":"ListItem","position":2,"name":"Produkte","item":"https:\/\/www.kuakebicycle.com\/de\/produkte\/"},{"@type":"ListItem","position":3,"name":"KK8031 Faltbare Elektro Dreir\u00e4der (4.0 Fetter Reifen, 250W~750W, 374Wh~1680Wh, 7 Geschwindigkeiten)"}]},{"@type":"WebSite","@id":"https:\/\/www.kuakebicycle.com\/de\/#website","url":"https:\/\/www.kuakebicycle.com\/de\/","name":"Kuake Bicycle","description":"","publisher":{"@id":"https:\/\/www.kuakebicycle.com\/de\/#organization"},"potentialAction":[{"@type":"SearchAction","target":{"@type":"EntryPoint","urlTemplate":"https:\/\/www.kuakebicycle.com\/de\/?s={search_term_string}"},"query-input":{"@type":"PropertyValueSpecification","valueRequired":true,"valueName":"search_term_string"}}],"inLanguage":"de"},{"@type":"Organization","@id":"https:\/\/www.kuakebicycle.com\/de\/#organization","name":"Kuake Technology","url":"https:\/\/www.kuakebicycle.com\/de\/","logo":{"@type":"ImageObject","inLanguage":"de","@id":"https:\/\/www.kuakebicycle.com\/de\/#\/schema\/logo\/image\/","url":"https:\/\/www.kuakebicycle.com\/wp-content\/uploads\/2021\/03\/icon.png","contentUrl":"https:\/\/www.kuakebicycle.com\/wp-content\/uploads\/2021\/03\/icon.png","width":100,"height":100,"caption":"Kuake Technology"},"image":{"@id":"https:\/\/www.kuakebicycle.com\/de\/#\/schema\/logo\/image\/"}}]}},"_links":{"self":[{"href":"https:\/\/www.kuakebicycle.com\/de\/wp-json\/wp\/v2\/product\/4444","targetHints":{"allow":["GET"]}}],"collection":[{"href":"https:\/\/www.kuakebicycle.com\/de\/wp-json\/wp\/v2\/product"}],"about":[{"href":"https:\/\/www.kuakebicycle.com\/de\/wp-json\/wp\/v2\/types\/product"}],"replies":[{"embeddable":true,"href":"https:\/\/www.kuakebicycle.com\/de\/wp-json\/wp\/v2\/comments?post=4444"}],"wp:featuredmedia":[{"embeddable":true,"href":"https:\/\/www.kuakebicycle.com\/de\/wp-json\/wp\/v2\/media\/14541"}],"wp:attachment":[{"href":"https:\/\/www.kuakebicycle.com\/de\/wp-json\/wp\/v2\/media?parent=4444"}],"wp:term":[{"taxonomy":"product_brand","embeddable":true,"href":"https:\/\/www.kuakebicycle.com\/de\/wp-json\/wp\/v2\/product_brand?post=4444"},{"taxonomy":"product_cat","embeddable":true,"href":"https:\/\/www.kuakebicycle.com\/de\/wp-json\/wp\/v2\/product_cat?post=4444"},{"taxonomy":"product_tag","embeddable":true,"href":"https:\/\/www.kuakebicycle.com\/de\/wp-json\/wp\/v2\/product_tag?post=4444"}],"curies":[{"name":"wp","href":"https:\/\/api.w.org\/{rel}","templated":true}]}}