{"id":11361,"date":"2021-09-24T03:24:22","date_gmt":"2021-09-24T03:57:55","guid":{"rendered":"https:\/\/www.kuakebicycle.com\/kk2023-elektro-mountainbike-275-zoll-672wh-mittelmotor-vollfederung\/"},"modified":"2022-03-30T10:50:49","modified_gmt":"2022-03-30T10:50:49","slug":"kk2023-elektrisches-mountainbike","status":"publish","type":"product","link":"https:\/\/www.kuakebicycle.com\/de\/kk2023-elektrisches-mountainbike\/","title":{"rendered":"KK2023 Elektro Mountainbike (27,5 Zoll, 1000W Mittelmotor, 672Wh, Vollgefederte)"},"content":{"rendered":"<table border=\"1\" width=\"556\">\n<tbody>\n<tr>\n<td style=\"text-align: center;\" colspan=\"2\" bgcolor=\"#d9edf7\"><strong>Fahrradspezifikationen<\/strong><\/td>\n<\/tr>\n<tr>\n<td bgcolor=\"#f5f2f2\" width=\"275\"><strong>Modell Nr.<\/strong><\/td>\n<td width=\"281\">KK2023<\/td>\n<\/tr>\n<tr>\n<td bgcolor=\"#f5f2f2\" width=\"275\"><strong>Fahrradgestell<\/strong><\/td>\n<td width=\"281\">27,5&#8243;, Aluminiumlegierung AL6061<\/td>\n<\/tr>\n<tr>\n<td bgcolor=\"#f5f2f2\" width=\"275\"><strong>Gabel<\/strong><\/td>\n<td width=\"281\">Suntour Vollfederung XCM 34 LO 15AH2<\/td>\n<\/tr>\n<tr>\n<td bgcolor=\"#f5f2f2\" width=\"275\"><strong>Ausr\u00fcstung<\/strong><\/td>\n<td width=\"281\">Shimano RD M3000 SGS 9-Gang<\/td>\n<\/tr>\n<tr>\n<td bgcolor=\"#f5f2f2\" width=\"275\"><strong>Schalthebel<\/strong><\/td>\n<td width=\"281\">Shimano ASLM3000RC 9 Geschwindigkeit<\/td>\n<\/tr>\n<tr>\n<td bgcolor=\"#f5f2f2\" width=\"275\"><strong>Freies Rad<\/strong><\/td>\n<td width=\"281\">Shimano ACSHG2009132 9 Geschwindigkeit<\/td>\n<\/tr>\n<tr>\n<td bgcolor=\"#f5f2f2\" width=\"275\"><strong>Vorderbremse<\/strong><\/td>\n<td width=\"281\">Tektro Oil Hydraulische Bremslegierung<\/td>\n<\/tr>\n<tr>\n<td bgcolor=\"#f5f2f2\" width=\"275\"><strong>Hinterradbremse<\/strong><\/td>\n<td width=\"281\">Tektro Oil Hydraulische Bremslegierung<\/td>\n<\/tr>\n<tr>\n<td bgcolor=\"#f5f2f2\" width=\"275\"><strong>Pedale<\/strong><\/td>\n<td width=\"281\">Wellgo B087 9\/16 CR-MO BS Schwarz<\/td>\n<\/tr>\n<tr>\n<td bgcolor=\"#f5f2f2\" width=\"275\"><strong>Rim<\/strong><\/td>\n<td width=\"281\">HJC DP-45*27.5*13G*36H, A\/V, LEGIERUNG<\/td>\n<\/tr>\n<tr>\n<td bgcolor=\"#f5f2f2\" width=\"275\"><strong>Reifen<\/strong><\/td>\n<td width=\"281\">CST 27.5*3.0, 60 TPI<\/td>\n<\/tr>\n<tr>\n<td bgcolor=\"#f5f2f2\" width=\"275\"><strong>Schlauch<\/strong><\/td>\n<td width=\"281\">CST 27.5*3.0<\/td>\n<\/tr>\n<tr>\n<td bgcolor=\"#f5f2f2\" width=\"275\"><strong>Speichen<\/strong><\/td>\n<td width=\"281\">SLE 13G<\/td>\n<\/tr>\n<tr>\n<td bgcolor=\"#f5f2f2\" width=\"275\"><strong>Lenkerin<\/strong><\/td>\n<td width=\"281\">Promax HB-3188-W640, 8\u00b0, R18, L200,H50.9, 2.3*2.8*2.3<\/td>\n<\/tr>\n<tr>\n<td bgcolor=\"#f5f2f2\" width=\"275\"><strong>Stengel<\/strong><\/td>\n<td width=\"281\">Promax MA-410 LEGIERUNG<\/td>\n<\/tr>\n<tr>\n<td bgcolor=\"#f5f2f2\" width=\"275\"><strong>Griff<\/strong><\/td>\n<td width=\"281\">SR VLG884AD2<\/td>\n<\/tr>\n<tr>\n<td bgcolor=\"#f5f2f2\" width=\"275\"><strong>Bremshebel<\/strong><\/td>\n<td width=\"281\">Tektro Schwarz LEGIERUNG<\/td>\n<\/tr>\n<tr>\n<td bgcolor=\"#f5f2f2\" width=\"275\"><strong>Head Set<\/strong><\/td>\n<td width=\"281\">NECO H383EM 44*56*39.8<\/td>\n<\/tr>\n<tr>\n<td bgcolor=\"#f5f2f2\" width=\"275\"><strong>Sattel<\/strong><\/td>\n<td width=\"281\">Justek SI-1285URN<\/td>\n<\/tr>\n<tr>\n<td style=\"text-align: center;\" colspan=\"2\" bgcolor=\"#d9edf7\"><strong>Elektronisches System<\/strong><\/td>\n<\/tr>\n<tr>\n<td bgcolor=\"#f5f2f2\" width=\"275\"><strong>Batterie<\/strong><\/td>\n<td width=\"281\">48V 14Ah, SAMSUNG 3500 cells<\/td>\n<\/tr>\n<tr>\n<td bgcolor=\"#f5f2f2\" width=\"275\"><strong>Ladeger\u00e4t<\/strong><\/td>\n<td width=\"281\">SSLC109V55, 48V2A, GS\/CE SAA\/ROHS<\/td>\n<\/tr>\n<tr>\n<td bgcolor=\"#f5f2f2\" width=\"275\"><strong>Aufladezeit<\/strong><\/td>\n<td width=\"281\">4~6 Stunden<\/td>\n<\/tr>\n<tr>\n<td bgcolor=\"#f5f2f2\" width=\"275\"><strong>Aufladezeiten<\/strong><\/td>\n<td width=\"281\">800~1000 mal<\/td>\n<\/tr>\n<tr>\n<td bgcolor=\"#f5f2f2\" width=\"275\"><strong>Motorleistung<\/strong><\/td>\n<td width=\"281\">Bafang M620 48V 750W~1000W Mittlerer Antrieb<\/td>\n<\/tr>\n<tr>\n<td bgcolor=\"#f5f2f2\" width=\"275\"><strong>Regler<\/strong><\/td>\n<td width=\"281\"> Bafang 48V<\/td>\n<\/tr>\n<tr>\n<td bgcolor=\"#f5f2f2\" width=\"275\"><strong>Anzeige<\/strong><\/td>\n<td width=\"281\">Bafang 48V Buntes C18-Display<\/td>\n<\/tr>\n<tr>\n<td bgcolor=\"#f5f2f2\" width=\"275\"><strong>H\u00f6chstgeschwindigkeit<\/strong><\/td>\n<td width=\"281\">45km\/h<\/td>\n<\/tr>\n<tr>\n<td bgcolor=\"#f5f2f2\" width=\"275\"><strong>Entfernung f\u00fcr Geb\u00fchr<\/strong><\/td>\n<td width=\"281\">50-60km<\/td>\n<\/tr>\n<tr>\n<td style=\"text-align: center;\" colspan=\"2\" bgcolor=\"#d9edf7\"><strong>Versanddetails<\/strong><\/td>\n<\/tr>\n<tr>\n<td bgcolor=\"#f5f2f2\" width=\"275\"><strong>Packungsgr\u00f6\u00dfe<\/strong><\/td>\n<td width=\"281\">1960*250*1155mm<\/td>\n<\/tr>\n<tr>\n<td bgcolor=\"#f5f2f2\" width=\"275\"><strong>40&#8243; Hq(Pcs)<\/strong><\/td>\n<td width=\"281\">120pcs<\/td>\n<\/tr>\n<tr>\n<td bgcolor=\"#f5f2f2\" width=\"275\"><strong>20&#8243; Hq(Pcs)<\/strong><\/td>\n<td width=\"281\">54pcs<\/td>\n<\/tr>\n<\/tbody>\n<\/table>\n","protected":false},"excerpt":{"rendered":"<ul>\n<li><strong>Motor<\/strong>: 48V 750W b\u00fcrstenloser Bafang-Mittelantriebsmotor bietet mehr als genug Leistung f\u00fcr Ihren t\u00e4glichen Weg zur Arbeit, eine Kreuzfahrt auf dem Berg oder eine Wanderung auf Ihrem Lieblingsweg. Die H\u00f6chstgeschwindigkeit kann bis zu 40 km \/ h erreicht werden.<\/li>\n<li><strong>Akku<\/strong>: Der Samsung Akku hat eine Kapazit\u00e4t von 14Ah, die Ladezeit betr\u00e4gt 4-6 Stunden und eine Akkulaufzeit von 800~1000 Zyklen.<\/li>\n<li><strong>Display<\/strong>: Das farbenfrohe LCD-Display von Bafang garantiert, dass Sie Ihre Statistiken leicht ablesen k\u00f6nnen.<\/li>\n<li><strong>Bremse<\/strong>: TEKTRO-\u00d6lhydraulikbremsen vorn\/hinten sind effizienter, sodass Sie f\u00fcr eine gleiche Bremsleistung weniger Druck auf den Hebel aus\u00fcben m\u00fcssen.<\/li>\n<li><strong>Schalthebel<\/strong>: Einstellbares Shimano 9-Gang-Getriebesystem, das die Bergkletterleistung, weitere Reichweitenvariation und gr\u00f6\u00dfere Gel\u00e4ndeanpassungsf\u00e4higkeit erh\u00f6ht.<\/li>\n<\/ul>\n","protected":false},"featured_media":11352,"comment_status":"closed","ping_status":"closed","template":"","meta":{"site-sidebar-layout":"default","site-content-layout":"default","ast-site-content-layout":"default","site-content-style":"default","site-sidebar-style":"default","ast-global-header-display":"","ast-banner-title-visibility":"","ast-main-header-display":"","ast-hfb-above-header-display":"","ast-hfb-below-header-display":"","ast-hfb-mobile-header-display":"","site-post-title":"","ast-breadcrumbs-content":"","ast-featured-img":"","footer-sml-layout":"","ast-disable-related-posts":"","theme-transparent-header-meta":"default","adv-header-id-meta":"","stick-header-meta":"default","header-above-stick-meta":"","header-main-stick-meta":"","header-below-stick-meta":"","astra-migrate-meta-layouts":"default","ast-page-background-enabled":"default","ast-page-background-meta":{"desktop":{"background-color":"","background-image":"","background-repeat":"repeat","background-position":"center center","background-size":"auto","background-attachment":"scroll","background-type":"","background-media":"","overlay-type":"","overlay-color":"","overlay-opacity":"","overlay-gradient":""},"tablet":{"background-color":"","background-image":"","background-repeat":"repeat","background-position":"center center","background-size":"auto","background-attachment":"scroll","background-type":"","background-media":"","overlay-type":"","overlay-color":"","overlay-opacity":"","overlay-gradient":""},"mobile":{"background-color":"","background-image":"","background-repeat":"repeat","background-position":"center center","background-size":"auto","background-attachment":"scroll","background-type":"","background-media":"","overlay-type":"","overlay-color":"","overlay-opacity":"","overlay-gradient":""}},"ast-content-background-meta":{"desktop":{"background-color":"var(--ast-global-color-5)","background-image":"","background-repeat":"repeat","background-position":"center center","background-size":"auto","background-attachment":"scroll","background-type":"","background-media":"","overlay-type":"","overlay-color":"","overlay-opacity":"","overlay-gradient":""},"tablet":{"background-color":"var(--ast-global-color-5)","background-image":"","background-repeat":"repeat","background-position":"center center","background-size":"auto","background-attachment":"scroll","background-type":"","background-media":"","overlay-type":"","overlay-color":"","overlay-opacity":"","overlay-gradient":""},"mobile":{"background-color":"var(--ast-global-color-5)","background-image":"","background-repeat":"repeat","background-position":"center center","background-size":"auto","background-attachment":"scroll","background-type":"","background-media":"","overlay-type":"","overlay-color":"","overlay-opacity":"","overlay-gradient":""}}},"product_brand":[],"product_cat":[114],"product_tag":[],"class_list":{"0":"post-11361","1":"product","2":"type-product","3":"status-publish","4":"has-post-thumbnail","6":"product_cat-elektrisches-mountainbike","7":"desktop-align-left","8":"tablet-align-left","9":"mobile-align-left","10":"ast-product-gallery-layout-horizontal","11":"ast-product-tabs-layout-horizontal","12":"ast-qv-on-image","14":"first","15":"instock","16":"shipping-taxable","17":"product-type-simple"},"yoast_head":"<!-- This site is optimized with the Yoast SEO plugin v27.4 - https:\/\/yoast.com\/product\/yoast-seo-wordpress\/ -->\n<title>KK2023 27,5-Zoll-Mittelantrieb, vollgefedertes 1000-W-Elektro-Mountainbike - Kuake Bicycle<\/title>\n<meta name=\"description\" content=\"Das Kuake KK2023 ist unser hochwertigstes elektrisches Mountainbike, es hat einen vollgefederten 27,5-Zoll-Rahmen und einen leistungsstarken 1000-W-Mittelmotor.\" \/>\n<meta name=\"robots\" content=\"index, follow, max-snippet:-1, max-image-preview:large, max-video-preview:-1\" \/>\n<link rel=\"canonical\" href=\"https:\/\/www.kuakebicycle.com\/de\/kk2023-elektrisches-mountainbike\/\" \/>\n<meta property=\"og:locale\" content=\"de_DE\" \/>\n<meta property=\"og:type\" content=\"article\" \/>\n<meta property=\"og:title\" content=\"KK2023 27,5-Zoll-Mittelantrieb, vollgefedertes 1000-W-Elektro-Mountainbike - Kuake Bicycle\" \/>\n<meta property=\"og:description\" content=\"Das Kuake KK2023 ist unser hochwertigstes elektrisches Mountainbike, es hat einen vollgefederten 27,5-Zoll-Rahmen und einen leistungsstarken 1000-W-Mittelmotor.\" \/>\n<meta property=\"og:url\" content=\"https:\/\/www.kuakebicycle.com\/de\/kk2023-elektrisches-mountainbike\/\" \/>\n<meta property=\"og:site_name\" content=\"Kuake Bicycle\" \/>\n<meta property=\"article:modified_time\" content=\"2022-03-30T10:50:49+00:00\" \/>\n<meta property=\"og:image\" content=\"https:\/\/www.kuakebicycle.com\/wp-content\/uploads\/2021\/09\/KK2023-Electric-Mountain-Bike.jpg\" \/>\n\t<meta property=\"og:image:width\" content=\"600\" \/>\n\t<meta property=\"og:image:height\" content=\"600\" \/>\n\t<meta property=\"og:image:type\" content=\"image\/jpeg\" \/>\n<meta name=\"twitter:card\" content=\"summary_large_image\" \/>\n<meta name=\"twitter:label1\" content=\"Gesch\u00e4tzte Lesezeit\" \/>\n\t<meta name=\"twitter:data1\" content=\"1\u00a0Minute\" \/>\n<script type=\"application\/ld+json\" class=\"yoast-schema-graph\">{\"@context\":\"https:\\\/\\\/schema.org\",\"@graph\":[{\"@type\":\"WebPage\",\"@id\":\"https:\\\/\\\/www.kuakebicycle.com\\\/de\\\/kk2023-elektrisches-mountainbike\\\/\",\"url\":\"https:\\\/\\\/www.kuakebicycle.com\\\/de\\\/kk2023-elektrisches-mountainbike\\\/\",\"name\":\"KK2023 27,5-Zoll-Mittelantrieb, vollgefedertes 1000-W-Elektro-Mountainbike - Kuake Bicycle\",\"isPartOf\":{\"@id\":\"https:\\\/\\\/www.kuakebicycle.com\\\/de\\\/#website\"},\"primaryImageOfPage\":{\"@id\":\"https:\\\/\\\/www.kuakebicycle.com\\\/de\\\/kk2023-elektrisches-mountainbike\\\/#primaryimage\"},\"image\":{\"@id\":\"https:\\\/\\\/www.kuakebicycle.com\\\/de\\\/kk2023-elektrisches-mountainbike\\\/#primaryimage\"},\"thumbnailUrl\":\"https:\\\/\\\/www.kuakebicycle.com\\\/wp-content\\\/uploads\\\/2021\\\/09\\\/KK2023-Electric-Mountain-Bike.jpg\",\"datePublished\":\"2021-09-24T03:57:55+00:00\",\"dateModified\":\"2022-03-30T10:50:49+00:00\",\"description\":\"Das Kuake KK2023 ist unser hochwertigstes elektrisches Mountainbike, es hat einen vollgefederten 27,5-Zoll-Rahmen und einen leistungsstarken 1000-W-Mittelmotor.\",\"breadcrumb\":{\"@id\":\"https:\\\/\\\/www.kuakebicycle.com\\\/de\\\/kk2023-elektrisches-mountainbike\\\/#breadcrumb\"},\"inLanguage\":\"de\",\"potentialAction\":[{\"@type\":\"ReadAction\",\"target\":[\"https:\\\/\\\/www.kuakebicycle.com\\\/de\\\/kk2023-elektrisches-mountainbike\\\/\"]}]},{\"@type\":\"ImageObject\",\"inLanguage\":\"de\",\"@id\":\"https:\\\/\\\/www.kuakebicycle.com\\\/de\\\/kk2023-elektrisches-mountainbike\\\/#primaryimage\",\"url\":\"https:\\\/\\\/www.kuakebicycle.com\\\/wp-content\\\/uploads\\\/2021\\\/09\\\/KK2023-Electric-Mountain-Bike.jpg\",\"contentUrl\":\"https:\\\/\\\/www.kuakebicycle.com\\\/wp-content\\\/uploads\\\/2021\\\/09\\\/KK2023-Electric-Mountain-Bike.jpg\",\"width\":600,\"height\":600,\"caption\":\"KK2023 Elektrisches Mountainbike\"},{\"@type\":\"BreadcrumbList\",\"@id\":\"https:\\\/\\\/www.kuakebicycle.com\\\/de\\\/kk2023-elektrisches-mountainbike\\\/#breadcrumb\",\"itemListElement\":[{\"@type\":\"ListItem\",\"position\":1,\"name\":\"Home\",\"item\":\"https:\\\/\\\/www.kuakebicycle.com\\\/de\\\/\"},{\"@type\":\"ListItem\",\"position\":2,\"name\":\"Produkte\",\"item\":\"https:\\\/\\\/www.kuakebicycle.com\\\/de\\\/produkte\\\/\"},{\"@type\":\"ListItem\",\"position\":3,\"name\":\"KK2023 Elektro Mountainbike (27,5 Zoll, 1000W Mittelmotor, 672Wh, Vollgefederte)\"}]},{\"@type\":\"WebSite\",\"@id\":\"https:\\\/\\\/www.kuakebicycle.com\\\/de\\\/#website\",\"url\":\"https:\\\/\\\/www.kuakebicycle.com\\\/de\\\/\",\"name\":\"Kuake Bicycle\",\"description\":\"\",\"publisher\":{\"@id\":\"https:\\\/\\\/www.kuakebicycle.com\\\/de\\\/#organization\"},\"potentialAction\":[{\"@type\":\"SearchAction\",\"target\":{\"@type\":\"EntryPoint\",\"urlTemplate\":\"https:\\\/\\\/www.kuakebicycle.com\\\/de\\\/?s={search_term_string}\"},\"query-input\":{\"@type\":\"PropertyValueSpecification\",\"valueRequired\":true,\"valueName\":\"search_term_string\"}}],\"inLanguage\":\"de\"},{\"@type\":\"Organization\",\"@id\":\"https:\\\/\\\/www.kuakebicycle.com\\\/de\\\/#organization\",\"name\":\"Kuake Technology\",\"url\":\"https:\\\/\\\/www.kuakebicycle.com\\\/de\\\/\",\"logo\":{\"@type\":\"ImageObject\",\"inLanguage\":\"de\",\"@id\":\"https:\\\/\\\/www.kuakebicycle.com\\\/de\\\/#\\\/schema\\\/logo\\\/image\\\/\",\"url\":\"https:\\\/\\\/www.kuakebicycle.com\\\/wp-content\\\/uploads\\\/2021\\\/03\\\/icon.png\",\"contentUrl\":\"https:\\\/\\\/www.kuakebicycle.com\\\/wp-content\\\/uploads\\\/2021\\\/03\\\/icon.png\",\"width\":100,\"height\":100,\"caption\":\"Kuake Technology\"},\"image\":{\"@id\":\"https:\\\/\\\/www.kuakebicycle.com\\\/de\\\/#\\\/schema\\\/logo\\\/image\\\/\"}}]}<\/script>\n<!-- \/ Yoast SEO plugin. -->","yoast_head_json":{"title":"KK2023 27,5-Zoll-Mittelantrieb, vollgefedertes 1000-W-Elektro-Mountainbike - Kuake Bicycle","description":"Das Kuake KK2023 ist unser hochwertigstes elektrisches Mountainbike, es hat einen vollgefederten 27,5-Zoll-Rahmen und einen leistungsstarken 1000-W-Mittelmotor.","robots":{"index":"index","follow":"follow","max-snippet":"max-snippet:-1","max-image-preview":"max-image-preview:large","max-video-preview":"max-video-preview:-1"},"canonical":"https:\/\/www.kuakebicycle.com\/de\/kk2023-elektrisches-mountainbike\/","og_locale":"de_DE","og_type":"article","og_title":"KK2023 27,5-Zoll-Mittelantrieb, vollgefedertes 1000-W-Elektro-Mountainbike - Kuake Bicycle","og_description":"Das Kuake KK2023 ist unser hochwertigstes elektrisches Mountainbike, es hat einen vollgefederten 27,5-Zoll-Rahmen und einen leistungsstarken 1000-W-Mittelmotor.","og_url":"https:\/\/www.kuakebicycle.com\/de\/kk2023-elektrisches-mountainbike\/","og_site_name":"Kuake Bicycle","article_modified_time":"2022-03-30T10:50:49+00:00","og_image":[{"width":600,"height":600,"url":"https:\/\/www.kuakebicycle.com\/wp-content\/uploads\/2021\/09\/KK2023-Electric-Mountain-Bike.jpg","type":"image\/jpeg"}],"twitter_card":"summary_large_image","twitter_misc":{"Gesch\u00e4tzte Lesezeit":"1\u00a0Minute"},"schema":{"@context":"https:\/\/schema.org","@graph":[{"@type":"WebPage","@id":"https:\/\/www.kuakebicycle.com\/de\/kk2023-elektrisches-mountainbike\/","url":"https:\/\/www.kuakebicycle.com\/de\/kk2023-elektrisches-mountainbike\/","name":"KK2023 27,5-Zoll-Mittelantrieb, vollgefedertes 1000-W-Elektro-Mountainbike - Kuake Bicycle","isPartOf":{"@id":"https:\/\/www.kuakebicycle.com\/de\/#website"},"primaryImageOfPage":{"@id":"https:\/\/www.kuakebicycle.com\/de\/kk2023-elektrisches-mountainbike\/#primaryimage"},"image":{"@id":"https:\/\/www.kuakebicycle.com\/de\/kk2023-elektrisches-mountainbike\/#primaryimage"},"thumbnailUrl":"https:\/\/www.kuakebicycle.com\/wp-content\/uploads\/2021\/09\/KK2023-Electric-Mountain-Bike.jpg","datePublished":"2021-09-24T03:57:55+00:00","dateModified":"2022-03-30T10:50:49+00:00","description":"Das Kuake KK2023 ist unser hochwertigstes elektrisches Mountainbike, es hat einen vollgefederten 27,5-Zoll-Rahmen und einen leistungsstarken 1000-W-Mittelmotor.","breadcrumb":{"@id":"https:\/\/www.kuakebicycle.com\/de\/kk2023-elektrisches-mountainbike\/#breadcrumb"},"inLanguage":"de","potentialAction":[{"@type":"ReadAction","target":["https:\/\/www.kuakebicycle.com\/de\/kk2023-elektrisches-mountainbike\/"]}]},{"@type":"ImageObject","inLanguage":"de","@id":"https:\/\/www.kuakebicycle.com\/de\/kk2023-elektrisches-mountainbike\/#primaryimage","url":"https:\/\/www.kuakebicycle.com\/wp-content\/uploads\/2021\/09\/KK2023-Electric-Mountain-Bike.jpg","contentUrl":"https:\/\/www.kuakebicycle.com\/wp-content\/uploads\/2021\/09\/KK2023-Electric-Mountain-Bike.jpg","width":600,"height":600,"caption":"KK2023 Elektrisches Mountainbike"},{"@type":"BreadcrumbList","@id":"https:\/\/www.kuakebicycle.com\/de\/kk2023-elektrisches-mountainbike\/#breadcrumb","itemListElement":[{"@type":"ListItem","position":1,"name":"Home","item":"https:\/\/www.kuakebicycle.com\/de\/"},{"@type":"ListItem","position":2,"name":"Produkte","item":"https:\/\/www.kuakebicycle.com\/de\/produkte\/"},{"@type":"ListItem","position":3,"name":"KK2023 Elektro Mountainbike (27,5 Zoll, 1000W Mittelmotor, 672Wh, Vollgefederte)"}]},{"@type":"WebSite","@id":"https:\/\/www.kuakebicycle.com\/de\/#website","url":"https:\/\/www.kuakebicycle.com\/de\/","name":"Kuake Bicycle","description":"","publisher":{"@id":"https:\/\/www.kuakebicycle.com\/de\/#organization"},"potentialAction":[{"@type":"SearchAction","target":{"@type":"EntryPoint","urlTemplate":"https:\/\/www.kuakebicycle.com\/de\/?s={search_term_string}"},"query-input":{"@type":"PropertyValueSpecification","valueRequired":true,"valueName":"search_term_string"}}],"inLanguage":"de"},{"@type":"Organization","@id":"https:\/\/www.kuakebicycle.com\/de\/#organization","name":"Kuake Technology","url":"https:\/\/www.kuakebicycle.com\/de\/","logo":{"@type":"ImageObject","inLanguage":"de","@id":"https:\/\/www.kuakebicycle.com\/de\/#\/schema\/logo\/image\/","url":"https:\/\/www.kuakebicycle.com\/wp-content\/uploads\/2021\/03\/icon.png","contentUrl":"https:\/\/www.kuakebicycle.com\/wp-content\/uploads\/2021\/03\/icon.png","width":100,"height":100,"caption":"Kuake Technology"},"image":{"@id":"https:\/\/www.kuakebicycle.com\/de\/#\/schema\/logo\/image\/"}}]}},"_links":{"self":[{"href":"https:\/\/www.kuakebicycle.com\/de\/wp-json\/wp\/v2\/product\/11361","targetHints":{"allow":["GET"]}}],"collection":[{"href":"https:\/\/www.kuakebicycle.com\/de\/wp-json\/wp\/v2\/product"}],"about":[{"href":"https:\/\/www.kuakebicycle.com\/de\/wp-json\/wp\/v2\/types\/product"}],"replies":[{"embeddable":true,"href":"https:\/\/www.kuakebicycle.com\/de\/wp-json\/wp\/v2\/comments?post=11361"}],"wp:featuredmedia":[{"embeddable":true,"href":"https:\/\/www.kuakebicycle.com\/de\/wp-json\/wp\/v2\/media\/11352"}],"wp:attachment":[{"href":"https:\/\/www.kuakebicycle.com\/de\/wp-json\/wp\/v2\/media?parent=11361"}],"wp:term":[{"taxonomy":"product_brand","embeddable":true,"href":"https:\/\/www.kuakebicycle.com\/de\/wp-json\/wp\/v2\/product_brand?post=11361"},{"taxonomy":"product_cat","embeddable":true,"href":"https:\/\/www.kuakebicycle.com\/de\/wp-json\/wp\/v2\/product_cat?post=11361"},{"taxonomy":"product_tag","embeddable":true,"href":"https:\/\/www.kuakebicycle.com\/de\/wp-json\/wp\/v2\/product_tag?post=11361"}],"curies":[{"name":"wp","href":"https:\/\/api.w.org\/{rel}","templated":true}]}}