{"id":4340,"date":"2021-07-22T03:39:15","date_gmt":"2021-07-22T03:39:15","guid":{"rendered":"https:\/\/www.kuakebicycle.com\/startseite\/"},"modified":"2021-12-30T09:04:45","modified_gmt":"2021-12-30T09:04:45","slug":"startseite","status":"publish","type":"page","link":"https:\/\/www.kuakebicycle.com\/de\/","title":{"rendered":"Startseite"},"content":{"rendered":"\n\n\t<h1>\n\t\t\t\t\tReiten auf dem Weg\n\t\t\t\t<\/h1>\n\t<h3>\n\t\t\t\t\tHolen Sie mehr aus Ihrer Fahrt heraus!\n\t\t\t\t<\/h3>\n\t\t\t<p>Von Offroad-Abenteuern bis hin zum t\u00e4glichen Pendeln hat Kuake genau das Elektrofahrrad und -Trike f\u00fcr Sie, das Ihren Bed\u00fcrfnissen entspricht.<\/p>\n\t\t\t<a href=\"https:\/\/www.kuakebicycle.com\/de\/produkte\/\" target=\"_self\" role=\"button\" rel=\"noopener\">\n\t\t\t\t\t\tJetzt St\u00f6bern!\n\t\t\t\t\t<\/a>\n<h2>\n\t\tUnsere Hauptprodukte\n\t<\/h2>\n\t<p><strong>Elektrisches Frachtdreirad<\/strong><\/p>\n<p><a href=\"https:\/\/www.kuakebicycle.com\/de\/kk6010-frontlader-elektro-lastendreirad\/\"><img loading=\"lazy\" decoding=\"async\" src=\"https:\/\/www.kuakebicycle.com\/wp-content\/uploads\/2021\/03\/KK6010-Electric-Cargo-Trike-300x300.jpg\" alt=\"KK6010 elektro lastendreirad\" width=\"300\" height=\"300\"\/><\/a><\/p>\n<ul>\n<li>LCD<\/li>\n<li>24&#8243; Aluminium-Legierung<\/li>\n<li>DAPU 36V 250W Motor<\/li>\n<li>Samsung 36V 10A Batterie<\/li>\n<li>Shimano 6-Gang-Schalthebel<\/li>\n<li>Hydraulische Scheibenbremse<\/li>\n<li>25km\/h und 40km Entfernung zum Aufladen<\/li>\n<\/ul>\n\t\t\t<a href=\"https:\/\/www.kuakebicycle.com\/de\/kk6010-frontlader-elektro-lastendreirad\/\" target=\"_self\" role=\"button\" rel=\"noopener\">\n\t\t\t\t\t\tHol Es Dir Jetzt\n\t\t\t\t\t<\/a>\n\t<p><strong>Elektrisches Stadtfahrrad<\/strong><\/p>\n<p><a href=\"https:\/\/www.kuakebicycle.com\/de\/kk9053-elektrisches-city-bike\/\"><img loading=\"lazy\" decoding=\"async\" src=\"https:\/\/www.kuakebicycle.com\/wp-content\/uploads\/2021\/03\/KK9053-White-Electric-City-Bike-300x300.png\" alt=\"KK9053 Wei\u00dfes Elektro-Stadtrad\" width=\"300\" height=\"300\"\/><\/a><\/p>\n<ul>\n<li>LCD<\/li>\n<li>700C 26&#8243; Aluminium-Legierung<\/li>\n<li>36V 250W Motor<\/li>\n<li>360Wh Lithium-Akku<\/li>\n<li>Shimano 6-Gang-Schalthebel<\/li>\n<li>TEKTRO Mechanische Scheibenbremse<\/li>\n<li>25km\/h und 60km Entfernung zum Aufladen<\/li>\n<\/ul>\n\t\t\t<a href=\"https:\/\/www.kuakebicycle.com\/de\/kk9053-elektrisches-city-bike\/\" target=\"_self\" role=\"button\" rel=\"noopener\">\n\t\t\t\t\t\tHol Es Dir Jetzt\n\t\t\t\t\t<\/a>\n\t<p><strong>Elektrisches Mountainbike<\/strong><\/p>\n<p><a href=\"https:\/\/www.kuakebicycle.com\/de\/kk9055-elektrisches-mountainbike\/\"><img loading=\"lazy\" decoding=\"async\" src=\"https:\/\/www.kuakebicycle.com\/wp-content\/uploads\/2021\/03\/KK9055-Electric-Mountain-Bike-300x300.jpg\" alt=\"KK9055 Elektrisches Mountainbike\" width=\"300\" height=\"300\"\/><\/a><\/p>\n<ul>\n<li>LCD<\/li>\n<li>26 Zoll AL6061 Aluminiumlegierung<\/li>\n<li>36V 250W~1000W Oxfo Heckmotor<\/li>\n<li>36V 10Ah Samsung Akku<\/li>\n<li>Shimano 7-Gang-Schalthebel<\/li>\n<li>Hydraulische Scheibenbremse<\/li>\n<li>25km\/h und 60km Entfernung zum Aufladen<\/li>\n<\/ul>\n\t\t\t<a href=\"https:\/\/www.kuakebicycle.com\/de\/kk9055-elektrisches-mountainbike\/\" target=\"_self\" role=\"button\" rel=\"noopener\">\n\t\t\t\t\t\tHol Es Dir Jetzt\n\t\t\t\t\t<\/a>\n\t<h3>\n\t\t\t\t\tWem wir helfen k\u00f6nnen\n\t\t\t\t<\/h3>\n\t\t\t<p>Egal, ob Sie Startups, Einzelh\u00e4ndler oder Gro\u00dfh\u00e4ndler sind, wir bieten L\u00f6sungen, um Ihre Schwachstellen zu l\u00f6sen.<\/p>\n\t<h5>\n\t\t\t\t\tDie Schmerzpunkte von Start-ups\n\t\t\t\t<\/h5>\n\t\t\t<ul>\n<li>Lieferanten sind nicht bereit, Entwicklungsleistungen anzubieten.<\/li>\n<li>Nicht reagierende Lieferanten.<\/li>\n<li>Qualit\u00e4tsprobleme.<\/li>\n<li>Z\u00f6lle und Logistikh\u00fcrden.<\/li>\n<li>Mangel an technischer Unterst\u00fctzung.<\/li>\n<\/ul>\n\t<h5>\n\t\t\t\t\tPain Points der Einzelh\u00e4ndler\n\t\t\t\t<\/h5>\n\t\t\t<ul>\n<li>Eine begrenzte Kapazit\u00e4t.<\/li>\n<li>Kompromisse bei der Produktqualit\u00e4t.<\/li>\n<li>Sie wissen nicht, welches Produkt Sie w\u00e4hlen sollen.<\/li>\n<li>Hilflos in der Kontrollf\u00e4higkeit.<\/li>\n<li>Ein unbequemer Mittelsmann.<\/li>\n<\/ul>\n\t<h5>\n\t\t\t\t\tSchmerzpunkte der Gro\u00dfh\u00e4ndler\n\t\t\t\t<\/h5>\n\t\t\t<ul>\n<li>Unzureichende Kapazit\u00e4t des Lieferanten.<\/li>\n<li>Schlechte Qualit\u00e4t.<\/li>\n<li>Hohe Einfuhrsteuern senken Ihren Gewinn.<\/li>\n<li>Lange Wartezeit f\u00fcr Proben.<\/li>\n<li>Ein hohes Risiko, Ihren Vorsprung zu verlieren!<\/li>\n<\/ul>\n\t<h3>\n\t\t\t\t\tWarum uns w\u00e4hlen\n\t\t\t\t<\/h3>\n\t\t\t<p>Die Funktionen unserer Elektrofahrr\u00e4der sind einfach zu bedienen, sicher und effektiv und daher auf dem Weltmarkt weithin anerkannt.<\/p>\n\t<h5>\n\t\t\t\t\tPremium Qualit\u00e4t\n\t\t\t\t<\/h5>\n\t\t\t<p>Hohe Qualit\u00e4t, \u00e4u\u00dferst bequem, super wartungsarm und ein Jahr Garantie.<\/p>\n\t<h5>\n\t\t\t\t\tDesign Team\n\t\t\t\t<\/h5>\n\t\t\t<p>Unsere Forschung und Entwicklung arbeitet an der Entwicklung innovativer und einzigartiger Produkte f\u00fcr E-Bikes.<\/p>\n\t<h5>\n\t\t\t\t\tGuter Service\n\t\t\t\t<\/h5>\n\t\t\t<p>Sie erhalten eine schnelle Antwort von unserem professionellen 7*24-Kundenservice.<\/p>\n\t<h5>\n\t\t\t\t\tKurze Vorlaufzeit\n\t\t\t\t<\/h5>\n\t\t\t<p>Wir haben eine gro\u00dfe Kapazit\u00e4t, um die schnellste weltweite Lieferung zu gew\u00e4hrleisten.<\/p>\n\t<h3>\n\t\t\t\t\tFragen &#038; Antworten\n\t\t\t\t<\/h3>\n<p>Wir m\u00f6chten Ihnen helfen, mehr \u00fcber uns zu erfahren. Wir haben die h\u00e4ufig gestellten Fragen aufgelistet, die Sie m\u00f6glicherweise besch\u00e4ftigen.<\/p>\n\t\t\t\t<img decoding=\"async\" src=\"https:\/\/www.kuakebicycle.com\/wp-content\/uploads\/2021\/03\/Pedego-bg-pic.jpg\" alt=\"Pedego bg pic\" itemprop=\"image\"\/>\n\t<ul>\n\t\t<li>\t\t\t\t\n\t\t<h5>Kann ich ein paar Muster bekommen? Und sind die auf Lager?<\/h5><p>Ja, eine Musterbestellung ist f\u00fcr Qualit\u00e4tscheck und Markttest verf\u00fcgbar. Wir halten normalerweise einige Best\u00e4nde im Lager. Sobald die Musterbestellung best\u00e4tigt ist, k\u00f6nnen wir sicherstellen, dass Sie die Muster in k\u00fcrzester Zeit erhalten. Wir halten normalerweise einige Best\u00e4nde im Lager. Sobald die Musterbestellung best\u00e4tigt ist, k\u00f6nnen wir sicherstellen, dass Sie die Muster in k\u00fcrzester Zeit erhalten.<\/p><\/li><li>\t\t\t\t\n\t\t<h5>Akzeptieren Sie OEM-Kundenauftr\u00e4ge?<\/h5><p>Ja, wir k\u00f6nnen das Fahrrad nach Kundenspezifikation, Farbkombination und sogar Logo \/ Design sowie Paketanfrage herstellen, sofern die Bestellung per 1X20-Container und mehr erfolgt. Ansonsten m\u00fcssen wir verhandeln. Ansonsten m\u00fcssen wir dar\u00fcber verhandeln.<\/p><\/li><li>\t\t\t\t\n\t\t<h5>Was ist die Lieferzeit von Gro\u00dfbestellungen?<\/h5><p>Es dauert in der Regel etwa 25 bis 40 Werktage f\u00fcr die Produktion, basierend auf der Spezifikation f\u00fcr Ihre Bestellung und Menge.<\/p><\/li><li>\t\t\t\t\n\t\t<h5>Was sind Ihre Garantiebedingungen?<\/h5><p>Unsere Garantie erstreckt sich nicht auf Herstellungs- und Materialfehler und nicht auf normale Abnutzung, Sch\u00e4den\/Ausf\u00e4lle aufgrund eines Unfalls, zuf\u00e4llige oder Folgesch\u00e4den oder eine Verwendung des Produkts, die nicht der Bedienungsanleitung gem\u00e4\u00df unserer Bedienungsanleitung entspricht.<\/p><\/li>\t<\/ul>\n\n","protected":false},"excerpt":{"rendered":"<p>Reiten auf dem Weg Holen Sie mehr aus Ihrer Fahrt heraus! Von Offroad-Abenteuern bis hin zum t\u00e4glichen Pendeln hat Kuake genau das Elektrofahrrad und -Trike f\u00fcr Sie, das Ihren Bed\u00fcrfnissen entspricht. Jetzt St\u00f6bern! Unsere Hauptprodukte [&hellip;]<\/p>\n","protected":false},"author":1,"featured_media":0,"parent":0,"menu_order":0,"comment_status":"closed","ping_status":"open","template":"","meta":{"site-sidebar-layout":"no-sidebar","site-content-layout":"page-builder","ast-site-content-layout":"default","site-content-style":"default","site-sidebar-style":"default","ast-global-header-display":"","ast-banner-title-visibility":"","ast-main-header-display":"","ast-hfb-above-header-display":"","ast-hfb-below-header-display":"","ast-hfb-mobile-header-display":"","site-post-title":"disabled","ast-breadcrumbs-content":"","ast-featured-img":"disabled","footer-sml-layout":"","ast-disable-related-posts":"","theme-transparent-header-meta":"default","adv-header-id-meta":"","stick-header-meta":"default","header-above-stick-meta":"","header-main-stick-meta":"","header-below-stick-meta":"","astra-migrate-meta-layouts":"default","ast-page-background-enabled":"default","ast-page-background-meta":{"desktop":{"background-color":"","background-image":"","background-repeat":"repeat","background-position":"center center","background-size":"auto","background-attachment":"scroll","background-type":"","background-media":"","overlay-type":"","overlay-color":"","overlay-opacity":"","overlay-gradient":""},"tablet":{"background-color":"","background-image":"","background-repeat":"repeat","background-position":"center center","background-size":"auto","background-attachment":"scroll","background-type":"","background-media":"","overlay-type":"","overlay-color":"","overlay-opacity":"","overlay-gradient":""},"mobile":{"background-color":"","background-image":"","background-repeat":"repeat","background-position":"center center","background-size":"auto","background-attachment":"scroll","background-type":"","background-media":"","overlay-type":"","overlay-color":"","overlay-opacity":"","overlay-gradient":""}},"ast-content-background-meta":{"desktop":{"background-color":"var(--ast-global-color-5)","background-image":"","background-repeat":"repeat","background-position":"center center","background-size":"auto","background-attachment":"scroll","background-type":"","background-media":"","overlay-type":"","overlay-color":"","overlay-opacity":"","overlay-gradient":""},"tablet":{"background-color":"var(--ast-global-color-5)","background-image":"","background-repeat":"repeat","background-position":"center center","background-size":"auto","background-attachment":"scroll","background-type":"","background-media":"","overlay-type":"","overlay-color":"","overlay-opacity":"","overlay-gradient":""},"mobile":{"background-color":"var(--ast-global-color-5)","background-image":"","background-repeat":"repeat","background-position":"center center","background-size":"auto","background-attachment":"scroll","background-type":"","background-media":"","overlay-type":"","overlay-color":"","overlay-opacity":"","overlay-gradient":""}},"footnotes":""},"class_list":["post-4340","page","type-page","status-publish","hentry"],"yoast_head":"<!-- This site is optimized with the Yoast SEO plugin v27.5 - https:\/\/yoast.com\/product\/yoast-seo-wordpress\/ -->\n<title>E Bike Manufaktur, Beste Bike Manufaktur Hersteller - Kuake Bicycle<\/title>\n<meta name=\"description\" content=\"Kuake ist auf die Entwicklung und Herstellung von elektrisches fahrrad, elektro dreirad und elektro lastendreirad spezialisiert. Premium-Qualit\u00e4t mit dem besten Preis und gutem After-Sales-Service.\" \/>\n<meta name=\"robots\" content=\"index, follow, max-snippet:-1, max-image-preview:large, max-video-preview:-1\" \/>\n<link rel=\"canonical\" href=\"https:\/\/www.kuakebicycle.com\/de\/\" \/>\n<meta property=\"og:locale\" content=\"de_DE\" \/>\n<meta property=\"og:type\" content=\"article\" \/>\n<meta property=\"og:title\" content=\"E Bike Manufaktur, Beste Bike Manufaktur Hersteller - Kuake Bicycle\" \/>\n<meta property=\"og:description\" content=\"Kuake ist auf die Entwicklung und Herstellung von elektrisches fahrrad, elektro dreirad und elektro lastendreirad spezialisiert. Premium-Qualit\u00e4t mit dem besten Preis und gutem After-Sales-Service.\" \/>\n<meta property=\"og:url\" content=\"https:\/\/www.kuakebicycle.com\/de\/\" \/>\n<meta property=\"og:site_name\" content=\"Kuake Bicycle\" \/>\n<meta property=\"article:modified_time\" content=\"2021-12-30T09:04:45+00:00\" \/>\n<meta property=\"og:image\" content=\"https:\/\/www.kuakebicycle.com\/wp-content\/uploads\/2021\/03\/KK6010-Electric-Cargo-Trike-300x300.jpg\" \/>\n<meta name=\"twitter:card\" content=\"summary_large_image\" \/>\n<meta name=\"twitter:label1\" content=\"Gesch\u00e4tzte Lesezeit\" \/>\n\t<meta name=\"twitter:data1\" content=\"3\u00a0Minuten\" \/>\n<script type=\"application\/ld+json\" class=\"yoast-schema-graph\">{\"@context\":\"https:\\\/\\\/schema.org\",\"@graph\":[{\"@type\":\"WebPage\",\"@id\":\"https:\\\/\\\/www.kuakebicycle.com\\\/de\\\/\",\"url\":\"https:\\\/\\\/www.kuakebicycle.com\\\/de\\\/\",\"name\":\"E Bike Manufaktur, Beste Bike Manufaktur Hersteller - Kuake Bicycle\",\"isPartOf\":{\"@id\":\"https:\\\/\\\/www.kuakebicycle.com\\\/de\\\/#website\"},\"primaryImageOfPage\":{\"@id\":\"https:\\\/\\\/www.kuakebicycle.com\\\/de\\\/#primaryimage\"},\"image\":{\"@id\":\"https:\\\/\\\/www.kuakebicycle.com\\\/de\\\/#primaryimage\"},\"thumbnailUrl\":\"https:\\\/\\\/www.kuakebicycle.com\\\/wp-content\\\/uploads\\\/2021\\\/03\\\/KK6010-Electric-Cargo-Trike-300x300.jpg\",\"datePublished\":\"2021-07-22T03:39:15+00:00\",\"dateModified\":\"2021-12-30T09:04:45+00:00\",\"description\":\"Kuake ist auf die Entwicklung und Herstellung von elektrisches fahrrad, elektro dreirad und elektro lastendreirad spezialisiert. Premium-Qualit\u00e4t mit dem besten Preis und gutem After-Sales-Service.\",\"breadcrumb\":{\"@id\":\"https:\\\/\\\/www.kuakebicycle.com\\\/de\\\/#breadcrumb\"},\"inLanguage\":\"de\",\"potentialAction\":[{\"@type\":\"ReadAction\",\"target\":[\"https:\\\/\\\/www.kuakebicycle.com\\\/de\\\/\"]}]},{\"@type\":\"ImageObject\",\"inLanguage\":\"de\",\"@id\":\"https:\\\/\\\/www.kuakebicycle.com\\\/de\\\/#primaryimage\",\"url\":\"https:\\\/\\\/www.kuakebicycle.com\\\/wp-content\\\/uploads\\\/2021\\\/03\\\/KK6010-Electric-Cargo-Trike-300x300.jpg\",\"contentUrl\":\"https:\\\/\\\/www.kuakebicycle.com\\\/wp-content\\\/uploads\\\/2021\\\/03\\\/KK6010-Electric-Cargo-Trike-300x300.jpg\"},{\"@type\":\"BreadcrumbList\",\"@id\":\"https:\\\/\\\/www.kuakebicycle.com\\\/de\\\/#breadcrumb\",\"itemListElement\":[{\"@type\":\"ListItem\",\"position\":1,\"name\":\"Home\",\"item\":\"https:\\\/\\\/www.kuakebicycle.com\\\/de\\\/\"},{\"@type\":\"ListItem\",\"position\":2,\"name\":\"Startseite\"}]},{\"@type\":\"WebSite\",\"@id\":\"https:\\\/\\\/www.kuakebicycle.com\\\/de\\\/#website\",\"url\":\"https:\\\/\\\/www.kuakebicycle.com\\\/de\\\/\",\"name\":\"Kuake Bicycle\",\"description\":\"\",\"publisher\":{\"@id\":\"https:\\\/\\\/www.kuakebicycle.com\\\/de\\\/#organization\"},\"potentialAction\":[{\"@type\":\"SearchAction\",\"target\":{\"@type\":\"EntryPoint\",\"urlTemplate\":\"https:\\\/\\\/www.kuakebicycle.com\\\/de\\\/?s={search_term_string}\"},\"query-input\":{\"@type\":\"PropertyValueSpecification\",\"valueRequired\":true,\"valueName\":\"search_term_string\"}}],\"inLanguage\":\"de\"},{\"@type\":\"Organization\",\"@id\":\"https:\\\/\\\/www.kuakebicycle.com\\\/de\\\/#organization\",\"name\":\"Kuake Technology\",\"url\":\"https:\\\/\\\/www.kuakebicycle.com\\\/de\\\/\",\"logo\":{\"@type\":\"ImageObject\",\"inLanguage\":\"de\",\"@id\":\"https:\\\/\\\/www.kuakebicycle.com\\\/de\\\/#\\\/schema\\\/logo\\\/image\\\/\",\"url\":\"https:\\\/\\\/www.kuakebicycle.com\\\/wp-content\\\/uploads\\\/2021\\\/03\\\/icon.png\",\"contentUrl\":\"https:\\\/\\\/www.kuakebicycle.com\\\/wp-content\\\/uploads\\\/2021\\\/03\\\/icon.png\",\"width\":100,\"height\":100,\"caption\":\"Kuake Technology\"},\"image\":{\"@id\":\"https:\\\/\\\/www.kuakebicycle.com\\\/de\\\/#\\\/schema\\\/logo\\\/image\\\/\"}}]}<\/script>\n<!-- \/ Yoast SEO plugin. -->","yoast_head_json":{"title":"E Bike Manufaktur, Beste Bike Manufaktur Hersteller - Kuake Bicycle","description":"Kuake ist auf die Entwicklung und Herstellung von elektrisches fahrrad, elektro dreirad und elektro lastendreirad spezialisiert. Premium-Qualit\u00e4t mit dem besten Preis und gutem After-Sales-Service.","robots":{"index":"index","follow":"follow","max-snippet":"max-snippet:-1","max-image-preview":"max-image-preview:large","max-video-preview":"max-video-preview:-1"},"canonical":"https:\/\/www.kuakebicycle.com\/de\/","og_locale":"de_DE","og_type":"article","og_title":"E Bike Manufaktur, Beste Bike Manufaktur Hersteller - Kuake Bicycle","og_description":"Kuake ist auf die Entwicklung und Herstellung von elektrisches fahrrad, elektro dreirad und elektro lastendreirad spezialisiert. Premium-Qualit\u00e4t mit dem besten Preis und gutem After-Sales-Service.","og_url":"https:\/\/www.kuakebicycle.com\/de\/","og_site_name":"Kuake Bicycle","article_modified_time":"2021-12-30T09:04:45+00:00","og_image":[{"url":"https:\/\/www.kuakebicycle.com\/wp-content\/uploads\/2021\/03\/KK6010-Electric-Cargo-Trike-300x300.jpg","type":"","width":"","height":""}],"twitter_card":"summary_large_image","twitter_misc":{"Gesch\u00e4tzte Lesezeit":"3\u00a0Minuten"},"schema":{"@context":"https:\/\/schema.org","@graph":[{"@type":"WebPage","@id":"https:\/\/www.kuakebicycle.com\/de\/","url":"https:\/\/www.kuakebicycle.com\/de\/","name":"E Bike Manufaktur, Beste Bike Manufaktur Hersteller - Kuake Bicycle","isPartOf":{"@id":"https:\/\/www.kuakebicycle.com\/de\/#website"},"primaryImageOfPage":{"@id":"https:\/\/www.kuakebicycle.com\/de\/#primaryimage"},"image":{"@id":"https:\/\/www.kuakebicycle.com\/de\/#primaryimage"},"thumbnailUrl":"https:\/\/www.kuakebicycle.com\/wp-content\/uploads\/2021\/03\/KK6010-Electric-Cargo-Trike-300x300.jpg","datePublished":"2021-07-22T03:39:15+00:00","dateModified":"2021-12-30T09:04:45+00:00","description":"Kuake ist auf die Entwicklung und Herstellung von elektrisches fahrrad, elektro dreirad und elektro lastendreirad spezialisiert. Premium-Qualit\u00e4t mit dem besten Preis und gutem After-Sales-Service.","breadcrumb":{"@id":"https:\/\/www.kuakebicycle.com\/de\/#breadcrumb"},"inLanguage":"de","potentialAction":[{"@type":"ReadAction","target":["https:\/\/www.kuakebicycle.com\/de\/"]}]},{"@type":"ImageObject","inLanguage":"de","@id":"https:\/\/www.kuakebicycle.com\/de\/#primaryimage","url":"https:\/\/www.kuakebicycle.com\/wp-content\/uploads\/2021\/03\/KK6010-Electric-Cargo-Trike-300x300.jpg","contentUrl":"https:\/\/www.kuakebicycle.com\/wp-content\/uploads\/2021\/03\/KK6010-Electric-Cargo-Trike-300x300.jpg"},{"@type":"BreadcrumbList","@id":"https:\/\/www.kuakebicycle.com\/de\/#breadcrumb","itemListElement":[{"@type":"ListItem","position":1,"name":"Home","item":"https:\/\/www.kuakebicycle.com\/de\/"},{"@type":"ListItem","position":2,"name":"Startseite"}]},{"@type":"WebSite","@id":"https:\/\/www.kuakebicycle.com\/de\/#website","url":"https:\/\/www.kuakebicycle.com\/de\/","name":"Kuake Bicycle","description":"","publisher":{"@id":"https:\/\/www.kuakebicycle.com\/de\/#organization"},"potentialAction":[{"@type":"SearchAction","target":{"@type":"EntryPoint","urlTemplate":"https:\/\/www.kuakebicycle.com\/de\/?s={search_term_string}"},"query-input":{"@type":"PropertyValueSpecification","valueRequired":true,"valueName":"search_term_string"}}],"inLanguage":"de"},{"@type":"Organization","@id":"https:\/\/www.kuakebicycle.com\/de\/#organization","name":"Kuake Technology","url":"https:\/\/www.kuakebicycle.com\/de\/","logo":{"@type":"ImageObject","inLanguage":"de","@id":"https:\/\/www.kuakebicycle.com\/de\/#\/schema\/logo\/image\/","url":"https:\/\/www.kuakebicycle.com\/wp-content\/uploads\/2021\/03\/icon.png","contentUrl":"https:\/\/www.kuakebicycle.com\/wp-content\/uploads\/2021\/03\/icon.png","width":100,"height":100,"caption":"Kuake Technology"},"image":{"@id":"https:\/\/www.kuakebicycle.com\/de\/#\/schema\/logo\/image\/"}}]}},"_links":{"self":[{"href":"https:\/\/www.kuakebicycle.com\/de\/wp-json\/wp\/v2\/pages\/4340","targetHints":{"allow":["GET"]}}],"collection":[{"href":"https:\/\/www.kuakebicycle.com\/de\/wp-json\/wp\/v2\/pages"}],"about":[{"href":"https:\/\/www.kuakebicycle.com\/de\/wp-json\/wp\/v2\/types\/page"}],"author":[{"embeddable":true,"href":"https:\/\/www.kuakebicycle.com\/de\/wp-json\/wp\/v2\/users\/1"}],"replies":[{"embeddable":true,"href":"https:\/\/www.kuakebicycle.com\/de\/wp-json\/wp\/v2\/comments?post=4340"}],"version-history":[{"count":0,"href":"https:\/\/www.kuakebicycle.com\/de\/wp-json\/wp\/v2\/pages\/4340\/revisions"}],"wp:attachment":[{"href":"https:\/\/www.kuakebicycle.com\/de\/wp-json\/wp\/v2\/media?parent=4340"}],"curies":[{"name":"wp","href":"https:\/\/api.w.org\/{rel}","templated":true}]}}