{"id":4109,"date":"2021-07-22T03:29:51","date_gmt":"2021-07-22T03:29:51","guid":{"rendered":"https:\/\/www.kuakebicycle.com\/galeria\/"},"modified":"2022-01-06T09:09:06","modified_gmt":"2022-01-06T09:09:06","slug":"galeria","status":"publish","type":"page","link":"https:\/\/www.kuakebicycle.com\/de\/galeria\/","title":{"rendered":"Galerie"},"content":{"rendered":"\n\n\t<h1>\n\t\t\t\t\tGallery\n\t\t\t\t<\/h1>\n<p>From off-road adventures to daily commuting, Kuake Bicycle has just the e-Bike for you to suit your needs.<\/p>\n\t\t\t\t<img loading=\"lazy\" decoding=\"async\" src=\"https:\/\/www.kuakebicycle.com\/wp-content\/uploads\/2021\/11\/electric-carbon-bike.jpg\" alt=\"electric carbon bike\" itemprop=\"image\" height=\"768\" width=\"1024\" title=\"electric carbon bike\" onerror=\"this.style.display='none'\"  \/>\n\t\t\t\t<img loading=\"lazy\" decoding=\"async\" src=\"https:\/\/www.kuakebicycle.com\/wp-content\/uploads\/2021\/07\/Magnesium-Folding-Electric-Bike.jpg\" alt=\"Magnesium Folding Electric Bike\" itemprop=\"image\" height=\"960\" width=\"1280\" title=\"Magnesium Folding Electric Bike\" onerror=\"this.style.display='none'\"  \/>\n\t\t\t\t<img loading=\"lazy\" decoding=\"async\" src=\"https:\/\/www.kuakebicycle.com\/wp-content\/uploads\/2021\/06\/IMG_1342.jpg\" alt=\"IMG_1342\" itemprop=\"image\" height=\"667\" width=\"1000\" title=\"IMG_1342\" onerror=\"this.style.display='none'\"  \/>\n\t\t\t\t<img loading=\"lazy\" decoding=\"async\" src=\"https:\/\/www.kuakebicycle.com\/wp-content\/uploads\/2021\/03\/gallery-picture-01.jpg\" alt=\"gallery picture 01\" itemprop=\"image\" height=\"563\" width=\"750\" title=\"gallery picture 01\" onerror=\"this.style.display='none'\"  \/>\n\t\t\t\t<img loading=\"lazy\" decoding=\"async\" src=\"https:\/\/www.kuakebicycle.com\/wp-content\/uploads\/2021\/04\/Ha16442a5b4724695a291ac9e14e84e11L.jpg\" alt=\"Ha16442a5b4724695a291ac9e14e84e11L\" itemprop=\"image\" height=\"466\" width=\"650\" title=\"Ha16442a5b4724695a291ac9e14e84e11L\" onerror=\"this.style.display='none'\"  \/>\n\t\t\t\t<img loading=\"lazy\" decoding=\"async\" src=\"https:\/\/www.kuakebicycle.com\/wp-content\/uploads\/2021\/04\/Hd3d799900f15473fbbca371df4669112t.jpg\" alt=\"Hd3d799900f15473fbbca371df4669112t\" itemprop=\"image\" height=\"432\" width=\"650\" title=\"Hd3d799900f15473fbbca371df4669112t\" onerror=\"this.style.display='none'\"  \/>\n\t\t\t\t<img loading=\"lazy\" decoding=\"async\" src=\"https:\/\/www.kuakebicycle.com\/wp-content\/uploads\/2021\/04\/IMG_7706.jpg\" alt=\"IMG_7706\" itemprop=\"image\" height=\"433\" width=\"650\" title=\"IMG_7706\" onerror=\"this.style.display='none'\"  \/>\n\t\t\t\t<img loading=\"lazy\" decoding=\"async\" src=\"https:\/\/www.kuakebicycle.com\/wp-content\/uploads\/2021\/12\/KK8031.jpg\" alt=\"KK8031 Green Cargo E-trike\" itemprop=\"image\" height=\"750\" width=\"1000\" title=\"KK8031\" onerror=\"this.style.display='none'\"  \/>\n\t\t\t\t<img loading=\"lazy\" decoding=\"async\" src=\"https:\/\/www.kuakebicycle.com\/wp-content\/uploads\/2021\/04\/H108198cbed9e49c7afba1ed0bf7061a7y.png\" alt=\"H108198cbed9e49c7afba1ed0bf7061a7y\" itemprop=\"image\" height=\"432\" width=\"650\" title=\"H108198cbed9e49c7afba1ed0bf7061a7y\" onerror=\"this.style.display='none'\"  \/>\n\t\t\t\t<img loading=\"lazy\" decoding=\"async\" src=\"https:\/\/www.kuakebicycle.com\/wp-content\/uploads\/2021\/04\/Hd8c7b4f9e9e541f8ae7eabbf50a7f657s.png\" alt=\"Hd8c7b4f9e9e541f8ae7eabbf50a7f657s\" itemprop=\"image\" height=\"432\" width=\"650\" title=\"Hd8c7b4f9e9e541f8ae7eabbf50a7f657s\" onerror=\"this.style.display='none'\"  \/>\n\t\t\t\t<img loading=\"lazy\" decoding=\"async\" src=\"https:\/\/www.kuakebicycle.com\/wp-content\/uploads\/2021\/04\/IMG_0763.jpg\" alt=\"IMG_0763\" itemprop=\"image\" height=\"433\" width=\"650\" title=\"IMG_0763\" onerror=\"this.style.display='none'\"  \/>\n\t\t\t\t<img loading=\"lazy\" decoding=\"async\" src=\"https:\/\/www.kuakebicycle.com\/wp-content\/uploads\/2021\/04\/IMG_4845.jpg\" alt=\"IMG_4845\" itemprop=\"image\" height=\"433\" width=\"650\" title=\"IMG_4845\" onerror=\"this.style.display='none'\"  \/>\n\t\t\t\t<img loading=\"lazy\" decoding=\"async\" src=\"https:\/\/www.kuakebicycle.com\/wp-content\/uploads\/2021\/04\/wewed.jpg\" alt=\"wewed\" itemprop=\"image\" height=\"422\" width=\"650\" title=\"wewed\" onerror=\"this.style.display='none'\"  \/>\n\t\t\t\t<img loading=\"lazy\" decoding=\"async\" src=\"https:\/\/www.kuakebicycle.com\/wp-content\/uploads\/2021\/04\/IMG_8323.jpg\" alt=\"IMG_8323\" itemprop=\"image\" height=\"433\" width=\"650\" title=\"IMG_8323\" onerror=\"this.style.display='none'\"  \/>\n\n","protected":false},"excerpt":{"rendered":"<p>Gallery From off-road adventures to daily commuting, Kuake Bicycle has just the e-Bike for you to suit your needs.<\/p>\n","protected":false},"author":1,"featured_media":0,"parent":0,"menu_order":0,"comment_status":"closed","ping_status":"closed","template":"","meta":{"site-sidebar-layout":"no-sidebar","site-content-layout":"page-builder","ast-site-content-layout":"default","site-content-style":"default","site-sidebar-style":"default","ast-global-header-display":"","ast-banner-title-visibility":"","ast-main-header-display":"","ast-hfb-above-header-display":"","ast-hfb-below-header-display":"","ast-hfb-mobile-header-display":"","site-post-title":"disabled","ast-breadcrumbs-content":"","ast-featured-img":"disabled","footer-sml-layout":"","ast-disable-related-posts":"","theme-transparent-header-meta":"default","adv-header-id-meta":"","stick-header-meta":"default","header-above-stick-meta":"","header-main-stick-meta":"","header-below-stick-meta":"","astra-migrate-meta-layouts":"default","ast-page-background-enabled":"default","ast-page-background-meta":{"desktop":{"background-color":"","background-image":"","background-repeat":"repeat","background-position":"center center","background-size":"auto","background-attachment":"scroll","background-type":"","background-media":"","overlay-type":"","overlay-color":"","overlay-opacity":"","overlay-gradient":""},"tablet":{"background-color":"","background-image":"","background-repeat":"repeat","background-position":"center center","background-size":"auto","background-attachment":"scroll","background-type":"","background-media":"","overlay-type":"","overlay-color":"","overlay-opacity":"","overlay-gradient":""},"mobile":{"background-color":"","background-image":"","background-repeat":"repeat","background-position":"center center","background-size":"auto","background-attachment":"scroll","background-type":"","background-media":"","overlay-type":"","overlay-color":"","overlay-opacity":"","overlay-gradient":""}},"ast-content-background-meta":{"desktop":{"background-color":"var(--ast-global-color-5)","background-image":"","background-repeat":"repeat","background-position":"center center","background-size":"auto","background-attachment":"scroll","background-type":"","background-media":"","overlay-type":"","overlay-color":"","overlay-opacity":"","overlay-gradient":""},"tablet":{"background-color":"var(--ast-global-color-5)","background-image":"","background-repeat":"repeat","background-position":"center center","background-size":"auto","background-attachment":"scroll","background-type":"","background-media":"","overlay-type":"","overlay-color":"","overlay-opacity":"","overlay-gradient":""},"mobile":{"background-color":"var(--ast-global-color-5)","background-image":"","background-repeat":"repeat","background-position":"center center","background-size":"auto","background-attachment":"scroll","background-type":"","background-media":"","overlay-type":"","overlay-color":"","overlay-opacity":"","overlay-gradient":""}},"footnotes":""},"class_list":["post-4109","page","type-page","status-publish","hentry"],"yoast_head":"<!-- This site is optimized with the Yoast SEO plugin v27.4 - https:\/\/yoast.com\/product\/yoast-seo-wordpress\/ -->\n<title>Galerie - Kuake Bicycle<\/title>\n<meta name=\"description\" content=\"Von Offroad-Abenteuern bis hin zum t\u00e4glichen Pendeln hat Kuake Bicycle genau das E-Bike f\u00fcr Sie, das Ihren Bed\u00fcrfnissen entspricht.\" \/>\n<meta name=\"robots\" content=\"index, follow, max-snippet:-1, max-image-preview:large, max-video-preview:-1\" \/>\n<link rel=\"canonical\" href=\"https:\/\/www.kuakebicycle.com\/de\/galeria\/\" \/>\n<meta property=\"og:locale\" content=\"de_DE\" \/>\n<meta property=\"og:type\" content=\"article\" \/>\n<meta property=\"og:title\" content=\"Galerie - Kuake Bicycle\" \/>\n<meta property=\"og:description\" content=\"Von Offroad-Abenteuern bis hin zum t\u00e4glichen Pendeln hat Kuake Bicycle genau das E-Bike f\u00fcr Sie, das Ihren Bed\u00fcrfnissen entspricht.\" \/>\n<meta property=\"og:url\" content=\"https:\/\/www.kuakebicycle.com\/de\/galeria\/\" \/>\n<meta property=\"og:site_name\" content=\"Kuake Bicycle\" \/>\n<meta property=\"article:modified_time\" content=\"2022-01-06T09:09:06+00:00\" \/>\n<meta property=\"og:image\" content=\"https:\/\/www.kuakebicycle.com\/wp-content\/uploads\/2021\/11\/electric-carbon-bike.jpg\" \/>\n<meta name=\"twitter:card\" content=\"summary_large_image\" \/>\n<script type=\"application\/ld+json\" class=\"yoast-schema-graph\">{\"@context\":\"https:\\\/\\\/schema.org\",\"@graph\":[{\"@type\":\"WebPage\",\"@id\":\"https:\\\/\\\/www.kuakebicycle.com\\\/de\\\/galeria\\\/\",\"url\":\"https:\\\/\\\/www.kuakebicycle.com\\\/de\\\/galeria\\\/\",\"name\":\"Galerie - Kuake Bicycle\",\"isPartOf\":{\"@id\":\"https:\\\/\\\/www.kuakebicycle.com\\\/de\\\/#website\"},\"primaryImageOfPage\":{\"@id\":\"https:\\\/\\\/www.kuakebicycle.com\\\/de\\\/galeria\\\/#primaryimage\"},\"image\":{\"@id\":\"https:\\\/\\\/www.kuakebicycle.com\\\/de\\\/galeria\\\/#primaryimage\"},\"thumbnailUrl\":\"https:\\\/\\\/www.kuakebicycle.com\\\/wp-content\\\/uploads\\\/2021\\\/11\\\/electric-carbon-bike.jpg\",\"datePublished\":\"2021-07-22T03:29:51+00:00\",\"dateModified\":\"2022-01-06T09:09:06+00:00\",\"description\":\"Von Offroad-Abenteuern bis hin zum t\u00e4glichen Pendeln hat Kuake Bicycle genau das E-Bike f\u00fcr Sie, das Ihren Bed\u00fcrfnissen entspricht.\",\"breadcrumb\":{\"@id\":\"https:\\\/\\\/www.kuakebicycle.com\\\/de\\\/galeria\\\/#breadcrumb\"},\"inLanguage\":\"de\",\"potentialAction\":[{\"@type\":\"ReadAction\",\"target\":[\"https:\\\/\\\/www.kuakebicycle.com\\\/de\\\/galeria\\\/\"]}]},{\"@type\":\"ImageObject\",\"inLanguage\":\"de\",\"@id\":\"https:\\\/\\\/www.kuakebicycle.com\\\/de\\\/galeria\\\/#primaryimage\",\"url\":\"https:\\\/\\\/www.kuakebicycle.com\\\/wp-content\\\/uploads\\\/2021\\\/11\\\/electric-carbon-bike.jpg\",\"contentUrl\":\"https:\\\/\\\/www.kuakebicycle.com\\\/wp-content\\\/uploads\\\/2021\\\/11\\\/electric-carbon-bike.jpg\"},{\"@type\":\"BreadcrumbList\",\"@id\":\"https:\\\/\\\/www.kuakebicycle.com\\\/de\\\/galeria\\\/#breadcrumb\",\"itemListElement\":[{\"@type\":\"ListItem\",\"position\":1,\"name\":\"Home\",\"item\":\"https:\\\/\\\/www.kuakebicycle.com\\\/de\\\/\"},{\"@type\":\"ListItem\",\"position\":2,\"name\":\"Galerie\"}]},{\"@type\":\"WebSite\",\"@id\":\"https:\\\/\\\/www.kuakebicycle.com\\\/de\\\/#website\",\"url\":\"https:\\\/\\\/www.kuakebicycle.com\\\/de\\\/\",\"name\":\"Kuake Bicycle\",\"description\":\"\",\"publisher\":{\"@id\":\"https:\\\/\\\/www.kuakebicycle.com\\\/de\\\/#organization\"},\"potentialAction\":[{\"@type\":\"SearchAction\",\"target\":{\"@type\":\"EntryPoint\",\"urlTemplate\":\"https:\\\/\\\/www.kuakebicycle.com\\\/de\\\/?s={search_term_string}\"},\"query-input\":{\"@type\":\"PropertyValueSpecification\",\"valueRequired\":true,\"valueName\":\"search_term_string\"}}],\"inLanguage\":\"de\"},{\"@type\":\"Organization\",\"@id\":\"https:\\\/\\\/www.kuakebicycle.com\\\/de\\\/#organization\",\"name\":\"Kuake Technology\",\"url\":\"https:\\\/\\\/www.kuakebicycle.com\\\/de\\\/\",\"logo\":{\"@type\":\"ImageObject\",\"inLanguage\":\"de\",\"@id\":\"https:\\\/\\\/www.kuakebicycle.com\\\/de\\\/#\\\/schema\\\/logo\\\/image\\\/\",\"url\":\"https:\\\/\\\/www.kuakebicycle.com\\\/wp-content\\\/uploads\\\/2021\\\/03\\\/icon.png\",\"contentUrl\":\"https:\\\/\\\/www.kuakebicycle.com\\\/wp-content\\\/uploads\\\/2021\\\/03\\\/icon.png\",\"width\":100,\"height\":100,\"caption\":\"Kuake Technology\"},\"image\":{\"@id\":\"https:\\\/\\\/www.kuakebicycle.com\\\/de\\\/#\\\/schema\\\/logo\\\/image\\\/\"}}]}<\/script>\n<!-- \/ Yoast SEO plugin. -->","yoast_head_json":{"title":"Galerie - Kuake Bicycle","description":"Von Offroad-Abenteuern bis hin zum t\u00e4glichen Pendeln hat Kuake Bicycle genau das E-Bike f\u00fcr Sie, das Ihren Bed\u00fcrfnissen entspricht.","robots":{"index":"index","follow":"follow","max-snippet":"max-snippet:-1","max-image-preview":"max-image-preview:large","max-video-preview":"max-video-preview:-1"},"canonical":"https:\/\/www.kuakebicycle.com\/de\/galeria\/","og_locale":"de_DE","og_type":"article","og_title":"Galerie - Kuake Bicycle","og_description":"Von Offroad-Abenteuern bis hin zum t\u00e4glichen Pendeln hat Kuake Bicycle genau das E-Bike f\u00fcr Sie, das Ihren Bed\u00fcrfnissen entspricht.","og_url":"https:\/\/www.kuakebicycle.com\/de\/galeria\/","og_site_name":"Kuake Bicycle","article_modified_time":"2022-01-06T09:09:06+00:00","og_image":[{"url":"https:\/\/www.kuakebicycle.com\/wp-content\/uploads\/2021\/11\/electric-carbon-bike.jpg","type":"","width":"","height":""}],"twitter_card":"summary_large_image","schema":{"@context":"https:\/\/schema.org","@graph":[{"@type":"WebPage","@id":"https:\/\/www.kuakebicycle.com\/de\/galeria\/","url":"https:\/\/www.kuakebicycle.com\/de\/galeria\/","name":"Galerie - Kuake Bicycle","isPartOf":{"@id":"https:\/\/www.kuakebicycle.com\/de\/#website"},"primaryImageOfPage":{"@id":"https:\/\/www.kuakebicycle.com\/de\/galeria\/#primaryimage"},"image":{"@id":"https:\/\/www.kuakebicycle.com\/de\/galeria\/#primaryimage"},"thumbnailUrl":"https:\/\/www.kuakebicycle.com\/wp-content\/uploads\/2021\/11\/electric-carbon-bike.jpg","datePublished":"2021-07-22T03:29:51+00:00","dateModified":"2022-01-06T09:09:06+00:00","description":"Von Offroad-Abenteuern bis hin zum t\u00e4glichen Pendeln hat Kuake Bicycle genau das E-Bike f\u00fcr Sie, das Ihren Bed\u00fcrfnissen entspricht.","breadcrumb":{"@id":"https:\/\/www.kuakebicycle.com\/de\/galeria\/#breadcrumb"},"inLanguage":"de","potentialAction":[{"@type":"ReadAction","target":["https:\/\/www.kuakebicycle.com\/de\/galeria\/"]}]},{"@type":"ImageObject","inLanguage":"de","@id":"https:\/\/www.kuakebicycle.com\/de\/galeria\/#primaryimage","url":"https:\/\/www.kuakebicycle.com\/wp-content\/uploads\/2021\/11\/electric-carbon-bike.jpg","contentUrl":"https:\/\/www.kuakebicycle.com\/wp-content\/uploads\/2021\/11\/electric-carbon-bike.jpg"},{"@type":"BreadcrumbList","@id":"https:\/\/www.kuakebicycle.com\/de\/galeria\/#breadcrumb","itemListElement":[{"@type":"ListItem","position":1,"name":"Home","item":"https:\/\/www.kuakebicycle.com\/de\/"},{"@type":"ListItem","position":2,"name":"Galerie"}]},{"@type":"WebSite","@id":"https:\/\/www.kuakebicycle.com\/de\/#website","url":"https:\/\/www.kuakebicycle.com\/de\/","name":"Kuake Bicycle","description":"","publisher":{"@id":"https:\/\/www.kuakebicycle.com\/de\/#organization"},"potentialAction":[{"@type":"SearchAction","target":{"@type":"EntryPoint","urlTemplate":"https:\/\/www.kuakebicycle.com\/de\/?s={search_term_string}"},"query-input":{"@type":"PropertyValueSpecification","valueRequired":true,"valueName":"search_term_string"}}],"inLanguage":"de"},{"@type":"Organization","@id":"https:\/\/www.kuakebicycle.com\/de\/#organization","name":"Kuake Technology","url":"https:\/\/www.kuakebicycle.com\/de\/","logo":{"@type":"ImageObject","inLanguage":"de","@id":"https:\/\/www.kuakebicycle.com\/de\/#\/schema\/logo\/image\/","url":"https:\/\/www.kuakebicycle.com\/wp-content\/uploads\/2021\/03\/icon.png","contentUrl":"https:\/\/www.kuakebicycle.com\/wp-content\/uploads\/2021\/03\/icon.png","width":100,"height":100,"caption":"Kuake Technology"},"image":{"@id":"https:\/\/www.kuakebicycle.com\/de\/#\/schema\/logo\/image\/"}}]}},"_links":{"self":[{"href":"https:\/\/www.kuakebicycle.com\/de\/wp-json\/wp\/v2\/pages\/4109","targetHints":{"allow":["GET"]}}],"collection":[{"href":"https:\/\/www.kuakebicycle.com\/de\/wp-json\/wp\/v2\/pages"}],"about":[{"href":"https:\/\/www.kuakebicycle.com\/de\/wp-json\/wp\/v2\/types\/page"}],"author":[{"embeddable":true,"href":"https:\/\/www.kuakebicycle.com\/de\/wp-json\/wp\/v2\/users\/1"}],"replies":[{"embeddable":true,"href":"https:\/\/www.kuakebicycle.com\/de\/wp-json\/wp\/v2\/comments?post=4109"}],"version-history":[{"count":0,"href":"https:\/\/www.kuakebicycle.com\/de\/wp-json\/wp\/v2\/pages\/4109\/revisions"}],"wp:attachment":[{"href":"https:\/\/www.kuakebicycle.com\/de\/wp-json\/wp\/v2\/media?parent=4109"}],"curies":[{"name":"wp","href":"https:\/\/api.w.org\/{rel}","templated":true}]}}