{"id":4108,"date":"2021-07-22T02:58:01","date_gmt":"2021-07-22T02:58:01","guid":{"rendered":"https:\/\/www.kuakebicycle.com\/zu-unseren-haendlern\/"},"modified":"2022-01-11T09:01:25","modified_gmt":"2022-01-11T09:01:25","slug":"zu-unseren-haendlern","status":"publish","type":"page","link":"https:\/\/www.kuakebicycle.com\/de\/zu-unseren-haendlern\/","title":{"rendered":"Zu unseren H\u00e4ndlern"},"content":{"rendered":"\n<h2>\n\t\tZu unseren H\u00e4ndlern\n\t<\/h2>\n\t<p>Im Namen von Jiangsu Kuake Technology Co., Ltd. m\u00f6chten wir Sie als unseren potenziellen Vertriebspartner in Ihrer Region einladen. Da Kuake \u00fcber umfangreiche Erfahrung in der Entwicklung und Herstellung von Elektrofahrr\u00e4dern verf\u00fcgt und aufgrund unseres Grundsatzes &#8222;Kleiner Gewinn schnell verkauft&#8220; hat, hatten wir eine gute Beziehung zu unseren H\u00e4ndlern aufgebaut und sie gesch\u00e4tzt.<\/p>\n<p>Wir sch\u00e4tzen uns gl\u00fccklich, mit unseren Vertriebspartnern zusammenarbeiten zu k\u00f6nnen. Unser Engagement f\u00fcr unsere H\u00e4ndler besteht weiterhin darin, exzellenten Service und wettbewerbsf\u00e4hige Preise f\u00fcr unsere Pedelec-Produkte und -Dienstleistungen anzubieten. Wir freuen uns auf eine f\u00fcr beide Seiten lohnende Partnerschaft mit Ihnen.<\/p>\n<p>Machen Sie sich keine Sorgen, erzielen Sie die gr\u00f6\u00dfte Rendite, wir k\u00f6nnen Ihnen helfen, mehr Geld zu verdienen.<\/p>\n<p>Wenn Sie Fragen oder Anmerkungen haben, <a href=\"https:\/\/www.kuakebicycle.com\/de\/kontakt\/\">kontaktieren Sie uns<\/a> bitte. Eine Gelegenheit, mit Ihnen \u00fcber unsere neue strategische Allianz zu sprechen, w\u00fcrde gut angenommen.<\/p>\n<p>Sehr wahrhaftig.<\/p>\n\n","protected":false},"excerpt":{"rendered":"<p>Zu unseren H\u00e4ndlern Im Namen von Jiangsu Kuake Technology Co., Ltd. m\u00f6chten wir Sie als unseren potenziellen Vertriebspartner in Ihrer Region einladen. Da Kuake \u00fcber umfangreiche Erfahrung in der Entwicklung und Herstellung von Elektrofahrr\u00e4dern verf\u00fcgt [&hellip;]<\/p>\n","protected":false},"author":1,"featured_media":0,"parent":0,"menu_order":0,"comment_status":"closed","ping_status":"closed","template":"","meta":{"site-sidebar-layout":"no-sidebar","site-content-layout":"page-builder","ast-site-content-layout":"default","site-content-style":"default","site-sidebar-style":"default","ast-global-header-display":"","ast-banner-title-visibility":"","ast-main-header-display":"","ast-hfb-above-header-display":"","ast-hfb-below-header-display":"","ast-hfb-mobile-header-display":"","site-post-title":"disabled","ast-breadcrumbs-content":"","ast-featured-img":"disabled","footer-sml-layout":"","ast-disable-related-posts":"","theme-transparent-header-meta":"default","adv-header-id-meta":"","stick-header-meta":"default","header-above-stick-meta":"","header-main-stick-meta":"","header-below-stick-meta":"","astra-migrate-meta-layouts":"default","ast-page-background-enabled":"default","ast-page-background-meta":{"desktop":{"background-color":"","background-image":"","background-repeat":"repeat","background-position":"center center","background-size":"auto","background-attachment":"scroll","background-type":"","background-media":"","overlay-type":"","overlay-color":"","overlay-opacity":"","overlay-gradient":""},"tablet":{"background-color":"","background-image":"","background-repeat":"repeat","background-position":"center center","background-size":"auto","background-attachment":"scroll","background-type":"","background-media":"","overlay-type":"","overlay-color":"","overlay-opacity":"","overlay-gradient":""},"mobile":{"background-color":"","background-image":"","background-repeat":"repeat","background-position":"center center","background-size":"auto","background-attachment":"scroll","background-type":"","background-media":"","overlay-type":"","overlay-color":"","overlay-opacity":"","overlay-gradient":""}},"ast-content-background-meta":{"desktop":{"background-color":"var(--ast-global-color-5)","background-image":"","background-repeat":"repeat","background-position":"center center","background-size":"auto","background-attachment":"scroll","background-type":"","background-media":"","overlay-type":"","overlay-color":"","overlay-opacity":"","overlay-gradient":""},"tablet":{"background-color":"var(--ast-global-color-5)","background-image":"","background-repeat":"repeat","background-position":"center center","background-size":"auto","background-attachment":"scroll","background-type":"","background-media":"","overlay-type":"","overlay-color":"","overlay-opacity":"","overlay-gradient":""},"mobile":{"background-color":"var(--ast-global-color-5)","background-image":"","background-repeat":"repeat","background-position":"center center","background-size":"auto","background-attachment":"scroll","background-type":"","background-media":"","overlay-type":"","overlay-color":"","overlay-opacity":"","overlay-gradient":""}},"footnotes":""},"class_list":["post-4108","page","type-page","status-publish","hentry"],"yoast_head":"<!-- This site is optimized with the Yoast SEO plugin v27.4 - https:\/\/yoast.com\/product\/yoast-seo-wordpress\/ -->\n<title>Elektrofahrrad-H\u00e4ndler, neue Vertriebspartner gesucht - Kuake Bicycle<\/title>\n<meta name=\"description\" content=\"Wir begr\u00fc\u00dfen Kunden und Wirtschaftsverb\u00e4nde aus der ganzen Welt, um mit uns in Kontakt zu treten und zum gegenseitigen Nutzen zusammenzuarbeiten.\" \/>\n<meta name=\"robots\" content=\"index, follow, max-snippet:-1, max-image-preview:large, max-video-preview:-1\" \/>\n<link rel=\"canonical\" href=\"https:\/\/www.kuakebicycle.com\/de\/zu-unseren-haendlern\/\" \/>\n<meta property=\"og:locale\" content=\"de_DE\" \/>\n<meta property=\"og:type\" content=\"article\" \/>\n<meta property=\"og:title\" content=\"Elektrofahrrad-H\u00e4ndler, neue Vertriebspartner gesucht - Kuake Bicycle\" \/>\n<meta property=\"og:description\" content=\"Wir begr\u00fc\u00dfen Kunden und Wirtschaftsverb\u00e4nde aus der ganzen Welt, um mit uns in Kontakt zu treten und zum gegenseitigen Nutzen zusammenzuarbeiten.\" \/>\n<meta property=\"og:url\" content=\"https:\/\/www.kuakebicycle.com\/de\/zu-unseren-haendlern\/\" \/>\n<meta property=\"og:site_name\" content=\"Kuake Bicycle\" \/>\n<meta property=\"article:modified_time\" content=\"2022-01-11T09:01:25+00:00\" \/>\n<meta name=\"twitter:card\" content=\"summary_large_image\" \/>\n<meta name=\"twitter:label1\" content=\"Gesch\u00e4tzte Lesezeit\" \/>\n\t<meta name=\"twitter:data1\" content=\"1\u00a0Minute\" \/>\n<script type=\"application\/ld+json\" class=\"yoast-schema-graph\">{\"@context\":\"https:\\\/\\\/schema.org\",\"@graph\":[{\"@type\":\"WebPage\",\"@id\":\"https:\\\/\\\/www.kuakebicycle.com\\\/de\\\/zu-unseren-haendlern\\\/\",\"url\":\"https:\\\/\\\/www.kuakebicycle.com\\\/de\\\/zu-unseren-haendlern\\\/\",\"name\":\"Elektrofahrrad-H\u00e4ndler, neue Vertriebspartner gesucht - Kuake Bicycle\",\"isPartOf\":{\"@id\":\"https:\\\/\\\/www.kuakebicycle.com\\\/de\\\/#website\"},\"datePublished\":\"2021-07-22T02:58:01+00:00\",\"dateModified\":\"2022-01-11T09:01:25+00:00\",\"description\":\"Wir begr\u00fc\u00dfen Kunden und Wirtschaftsverb\u00e4nde aus der ganzen Welt, um mit uns in Kontakt zu treten und zum gegenseitigen Nutzen zusammenzuarbeiten.\",\"breadcrumb\":{\"@id\":\"https:\\\/\\\/www.kuakebicycle.com\\\/de\\\/zu-unseren-haendlern\\\/#breadcrumb\"},\"inLanguage\":\"de\",\"potentialAction\":[{\"@type\":\"ReadAction\",\"target\":[\"https:\\\/\\\/www.kuakebicycle.com\\\/de\\\/zu-unseren-haendlern\\\/\"]}]},{\"@type\":\"BreadcrumbList\",\"@id\":\"https:\\\/\\\/www.kuakebicycle.com\\\/de\\\/zu-unseren-haendlern\\\/#breadcrumb\",\"itemListElement\":[{\"@type\":\"ListItem\",\"position\":1,\"name\":\"Home\",\"item\":\"https:\\\/\\\/www.kuakebicycle.com\\\/de\\\/\"},{\"@type\":\"ListItem\",\"position\":2,\"name\":\"Zu unseren H\u00e4ndlern\"}]},{\"@type\":\"WebSite\",\"@id\":\"https:\\\/\\\/www.kuakebicycle.com\\\/de\\\/#website\",\"url\":\"https:\\\/\\\/www.kuakebicycle.com\\\/de\\\/\",\"name\":\"Kuake Bicycle\",\"description\":\"\",\"publisher\":{\"@id\":\"https:\\\/\\\/www.kuakebicycle.com\\\/de\\\/#organization\"},\"potentialAction\":[{\"@type\":\"SearchAction\",\"target\":{\"@type\":\"EntryPoint\",\"urlTemplate\":\"https:\\\/\\\/www.kuakebicycle.com\\\/de\\\/?s={search_term_string}\"},\"query-input\":{\"@type\":\"PropertyValueSpecification\",\"valueRequired\":true,\"valueName\":\"search_term_string\"}}],\"inLanguage\":\"de\"},{\"@type\":\"Organization\",\"@id\":\"https:\\\/\\\/www.kuakebicycle.com\\\/de\\\/#organization\",\"name\":\"Kuake Technology\",\"url\":\"https:\\\/\\\/www.kuakebicycle.com\\\/de\\\/\",\"logo\":{\"@type\":\"ImageObject\",\"inLanguage\":\"de\",\"@id\":\"https:\\\/\\\/www.kuakebicycle.com\\\/de\\\/#\\\/schema\\\/logo\\\/image\\\/\",\"url\":\"https:\\\/\\\/www.kuakebicycle.com\\\/wp-content\\\/uploads\\\/2021\\\/03\\\/icon.png\",\"contentUrl\":\"https:\\\/\\\/www.kuakebicycle.com\\\/wp-content\\\/uploads\\\/2021\\\/03\\\/icon.png\",\"width\":100,\"height\":100,\"caption\":\"Kuake Technology\"},\"image\":{\"@id\":\"https:\\\/\\\/www.kuakebicycle.com\\\/de\\\/#\\\/schema\\\/logo\\\/image\\\/\"}}]}<\/script>\n<!-- \/ Yoast SEO plugin. -->","yoast_head_json":{"title":"Elektrofahrrad-H\u00e4ndler, neue Vertriebspartner gesucht - Kuake Bicycle","description":"Wir begr\u00fc\u00dfen Kunden und Wirtschaftsverb\u00e4nde aus der ganzen Welt, um mit uns in Kontakt zu treten und zum gegenseitigen Nutzen zusammenzuarbeiten.","robots":{"index":"index","follow":"follow","max-snippet":"max-snippet:-1","max-image-preview":"max-image-preview:large","max-video-preview":"max-video-preview:-1"},"canonical":"https:\/\/www.kuakebicycle.com\/de\/zu-unseren-haendlern\/","og_locale":"de_DE","og_type":"article","og_title":"Elektrofahrrad-H\u00e4ndler, neue Vertriebspartner gesucht - Kuake Bicycle","og_description":"Wir begr\u00fc\u00dfen Kunden und Wirtschaftsverb\u00e4nde aus der ganzen Welt, um mit uns in Kontakt zu treten und zum gegenseitigen Nutzen zusammenzuarbeiten.","og_url":"https:\/\/www.kuakebicycle.com\/de\/zu-unseren-haendlern\/","og_site_name":"Kuake Bicycle","article_modified_time":"2022-01-11T09:01:25+00:00","twitter_card":"summary_large_image","twitter_misc":{"Gesch\u00e4tzte Lesezeit":"1\u00a0Minute"},"schema":{"@context":"https:\/\/schema.org","@graph":[{"@type":"WebPage","@id":"https:\/\/www.kuakebicycle.com\/de\/zu-unseren-haendlern\/","url":"https:\/\/www.kuakebicycle.com\/de\/zu-unseren-haendlern\/","name":"Elektrofahrrad-H\u00e4ndler, neue Vertriebspartner gesucht - Kuake Bicycle","isPartOf":{"@id":"https:\/\/www.kuakebicycle.com\/de\/#website"},"datePublished":"2021-07-22T02:58:01+00:00","dateModified":"2022-01-11T09:01:25+00:00","description":"Wir begr\u00fc\u00dfen Kunden und Wirtschaftsverb\u00e4nde aus der ganzen Welt, um mit uns in Kontakt zu treten und zum gegenseitigen Nutzen zusammenzuarbeiten.","breadcrumb":{"@id":"https:\/\/www.kuakebicycle.com\/de\/zu-unseren-haendlern\/#breadcrumb"},"inLanguage":"de","potentialAction":[{"@type":"ReadAction","target":["https:\/\/www.kuakebicycle.com\/de\/zu-unseren-haendlern\/"]}]},{"@type":"BreadcrumbList","@id":"https:\/\/www.kuakebicycle.com\/de\/zu-unseren-haendlern\/#breadcrumb","itemListElement":[{"@type":"ListItem","position":1,"name":"Home","item":"https:\/\/www.kuakebicycle.com\/de\/"},{"@type":"ListItem","position":2,"name":"Zu unseren H\u00e4ndlern"}]},{"@type":"WebSite","@id":"https:\/\/www.kuakebicycle.com\/de\/#website","url":"https:\/\/www.kuakebicycle.com\/de\/","name":"Kuake Bicycle","description":"","publisher":{"@id":"https:\/\/www.kuakebicycle.com\/de\/#organization"},"potentialAction":[{"@type":"SearchAction","target":{"@type":"EntryPoint","urlTemplate":"https:\/\/www.kuakebicycle.com\/de\/?s={search_term_string}"},"query-input":{"@type":"PropertyValueSpecification","valueRequired":true,"valueName":"search_term_string"}}],"inLanguage":"de"},{"@type":"Organization","@id":"https:\/\/www.kuakebicycle.com\/de\/#organization","name":"Kuake Technology","url":"https:\/\/www.kuakebicycle.com\/de\/","logo":{"@type":"ImageObject","inLanguage":"de","@id":"https:\/\/www.kuakebicycle.com\/de\/#\/schema\/logo\/image\/","url":"https:\/\/www.kuakebicycle.com\/wp-content\/uploads\/2021\/03\/icon.png","contentUrl":"https:\/\/www.kuakebicycle.com\/wp-content\/uploads\/2021\/03\/icon.png","width":100,"height":100,"caption":"Kuake Technology"},"image":{"@id":"https:\/\/www.kuakebicycle.com\/de\/#\/schema\/logo\/image\/"}}]}},"_links":{"self":[{"href":"https:\/\/www.kuakebicycle.com\/de\/wp-json\/wp\/v2\/pages\/4108","targetHints":{"allow":["GET"]}}],"collection":[{"href":"https:\/\/www.kuakebicycle.com\/de\/wp-json\/wp\/v2\/pages"}],"about":[{"href":"https:\/\/www.kuakebicycle.com\/de\/wp-json\/wp\/v2\/types\/page"}],"author":[{"embeddable":true,"href":"https:\/\/www.kuakebicycle.com\/de\/wp-json\/wp\/v2\/users\/1"}],"replies":[{"embeddable":true,"href":"https:\/\/www.kuakebicycle.com\/de\/wp-json\/wp\/v2\/comments?post=4108"}],"version-history":[{"count":0,"href":"https:\/\/www.kuakebicycle.com\/de\/wp-json\/wp\/v2\/pages\/4108\/revisions"}],"wp:attachment":[{"href":"https:\/\/www.kuakebicycle.com\/de\/wp-json\/wp\/v2\/media?parent=4108"}],"curies":[{"name":"wp","href":"https:\/\/api.w.org\/{rel}","templated":true}]}}