{"id":3994,"date":"2021-07-22T02:29:15","date_gmt":"2021-07-22T02:29:15","guid":{"rendered":"https:\/\/www.kuakebicycle.com\/ueber\/"},"modified":"2022-01-06T08:56:28","modified_gmt":"2022-01-06T08:56:28","slug":"ueber","status":"publish","type":"page","link":"https:\/\/www.kuakebicycle.com\/de\/ueber\/","title":{"rendered":"\u00dcber uns"},"content":{"rendered":"\n<h2>\n\t\t\u00dcber uns\n\t<\/h2>\n\t<ul>\n\t\t<li>\t\t\n\t\t\t\t<img decoding=\"async\" src=\"https:\/\/www.kuakebicycle.com\/wp-content\/uploads\/2017\/07\/big-diamond40x40-free-img.png\" alt=\"big-diamond(40x40)\" itemprop=\"image\"\/>\n\t\t<h4>Mission<\/h4><p>Wir bieten OEM-, ODM- und OBM-Dienstleistungen an und helfen Kunden bei der Gestaltung der Fahrradteile nach speziellen Anforderungen.<\/p><\/li><li>\t\t\n\t\t\t\t<img decoding=\"async\" src=\"https:\/\/www.kuakebicycle.com\/wp-content\/uploads\/2017\/07\/sight40x40-free-img.png\" alt=\"sight(40x40)\" itemprop=\"image\"\/>\n\t\t<h4>Vision<\/h4><p>Jedes Element des Kuake E-Bikes wurde nach den strengsten Standards entworfen, konstruiert und hergestellt.<\/p><\/li><li>\t\t\n\t\t\t\t<img decoding=\"async\" src=\"https:\/\/www.kuakebicycle.com\/wp-content\/uploads\/2017\/07\/gift40x40-free-img.png\" alt=\"gift(40x40)\" itemprop=\"image\"\/>\n\t\t<h4>Werte<\/h4><p>Wir begr\u00fc\u00dfen Kunden und Wirtschaftsverb\u00e4nde aus allen Teilen der Welt, um uns f\u00fcr eine Zusammenarbeit zu kontaktieren.<\/p><\/li>\t<\/ul>\n\t<p><strong>1. Vorstellen<\/strong><\/p>\n<p>Jiangsu Kuake Technology Co., Ltd. wurde 2009 gegr\u00fcndet und ist ein Hersteller von Elektrofahrr\u00e4dern und -trikes mit gut ausgestatteten Testeinrichtungen und einer starken technischen Kraft.<\/p>\n<p>Basierend auf Marktforschung und Feedback von Kunden arbeitet unsere F&amp;E-Abteilung an Elektrofahrr\u00e4dern und Dreir\u00e4dern, die innovativ und einzigartig sind.<\/p>\n\t\t\t\t<img loading=\"lazy\" decoding=\"async\" src=\"https:\/\/www.kuakebicycle.com\/wp-content\/uploads\/2021\/03\/Company-Introduction.jpg\" alt=\"Unternehmensvorstellung\" itemprop=\"image\" height=\"388\" width=\"733\" title=\"Unternehmensvorstellung\" onerror=\"this.style.display='none'\"  \/>\n\t<p><strong>2. Produktionswerkstatt<\/strong><\/p>\n<p>Alle Produktteile f\u00fcr den Export k\u00f6nnen internationale Qualit\u00e4tsstandards wie CE, EWG, EN, EMC, ROSH usw. erf\u00fcllen.<\/p>\n<p>Wir bieten OEM-, ODM- und OBM-Dienstleistungen an und helfen Kunden bei der Gestaltung der Fahrradteile nach speziellen Anforderungen.<\/p>\n<p>Jedes Element der Kuake E-Bikes wurde nach den strengsten Standards entworfen, konstruiert und hergestellt. Sie werden zusammengebaut und streng auf der Stra\u00dfe getestet.<\/p>\n<p>Unsere Produkte garantieren eine stabile und p\u00fcnktliche Lieferung, glaubw\u00fcrdige Qualit\u00e4t und aufrichtigen Service und verkaufen sich sowohl im Inland als auch in rund 48 L\u00e4ndern in \u00dcbersee gut.<\/p>\n\t\t\t\t<img loading=\"lazy\" decoding=\"async\" src=\"https:\/\/www.kuakebicycle.com\/wp-content\/uploads\/2021\/03\/Workshop.jpg\" alt=\"Werkstatt\" itemprop=\"image\" height=\"450\" width=\"649\" title=\"Werkstatt\" onerror=\"this.style.display='none'\"  \/>\n\t<p><strong>3. Lagerbestand<\/strong><\/p>\n<p>Die Liefergeschwindigkeit ist einer der wichtigsten Serviceindikatoren von Kuake Technology Co., Ltd. Wir arbeiten eng mit namhaften Lieferanten und Herstellern von Elektrofahrrad- und Trikekomponenten auf der ganzen Welt zusammen.<\/p>\n<p>Dar\u00fcber hinaus verf\u00fcgen wir auch \u00fcber einen gro\u00dfen Lagerbestand, um unseren Kunden eine p\u00fcnktliche Lieferung und einen guten After-Sales-Service zu gew\u00e4hrleisten.<\/p>\n<p>Bitte kontaktieren Sie uns, um die Lieferzeit der einzelnen Modelle zu erfragen.<\/p>\n\t\t\t\t<img loading=\"lazy\" decoding=\"async\" src=\"https:\/\/www.kuakebicycle.com\/wp-content\/uploads\/2021\/03\/Warehouse.jpg\" alt=\"Warenhaus\" itemprop=\"image\" height=\"480\" width=\"646\" title=\"Warenhaus\" onerror=\"this.style.display='none'\"  \/>\n\t<p><strong>4. Zusammenarbeit<\/strong><\/p>\n<p>Machen Sie sich keine Sorgen, erzielen Sie die gr\u00f6\u00dfte Rendite, wir k\u00f6nnen Ihnen mehr Geld verdienen.<\/p>\n<p>In neun Jahren Anstrengung hat unsere Jahresproduktion 100.000 St\u00fcck erreicht. Wir begr\u00fc\u00dfen Kunden, Wirtschaftsverb\u00e4nde und Freunde aus allen Teilen der Welt, um uns f\u00fcr eine Zusammenarbeit zu kontaktieren.<\/p>\n\t\t\t\t<img loading=\"lazy\" decoding=\"async\" src=\"https:\/\/www.kuakebicycle.com\/wp-content\/uploads\/2021\/03\/Cooperation.png\" alt=\"Zusammenarbeit\" itemprop=\"image\" height=\"285\" width=\"491\" title=\"Zusammenarbeit\" onerror=\"this.style.display='none'\"  \/>\n\n","protected":false},"excerpt":{"rendered":"<p>\u00dcber uns Mission Wir bieten OEM-, ODM- und OBM-Dienstleistungen an und helfen Kunden bei der Gestaltung der Fahrradteile nach speziellen Anforderungen. Vision Jedes Element des Kuake E-Bikes wurde nach den strengsten Standards entworfen, konstruiert und [&hellip;]<\/p>\n","protected":false},"author":1,"featured_media":0,"parent":0,"menu_order":0,"comment_status":"closed","ping_status":"closed","template":"","meta":{"site-sidebar-layout":"no-sidebar","site-content-layout":"page-builder","ast-site-content-layout":"default","site-content-style":"default","site-sidebar-style":"default","ast-global-header-display":"","ast-banner-title-visibility":"","ast-main-header-display":"","ast-hfb-above-header-display":"","ast-hfb-below-header-display":"","ast-hfb-mobile-header-display":"","site-post-title":"disabled","ast-breadcrumbs-content":"","ast-featured-img":"disabled","footer-sml-layout":"","ast-disable-related-posts":"","theme-transparent-header-meta":"default","adv-header-id-meta":"","stick-header-meta":"default","header-above-stick-meta":"","header-main-stick-meta":"","header-below-stick-meta":"","astra-migrate-meta-layouts":"default","ast-page-background-enabled":"default","ast-page-background-meta":{"desktop":{"background-color":"","background-image":"","background-repeat":"repeat","background-position":"center center","background-size":"auto","background-attachment":"scroll","background-type":"","background-media":"","overlay-type":"","overlay-color":"","overlay-opacity":"","overlay-gradient":""},"tablet":{"background-color":"","background-image":"","background-repeat":"repeat","background-position":"center center","background-size":"auto","background-attachment":"scroll","background-type":"","background-media":"","overlay-type":"","overlay-color":"","overlay-opacity":"","overlay-gradient":""},"mobile":{"background-color":"","background-image":"","background-repeat":"repeat","background-position":"center center","background-size":"auto","background-attachment":"scroll","background-type":"","background-media":"","overlay-type":"","overlay-color":"","overlay-opacity":"","overlay-gradient":""}},"ast-content-background-meta":{"desktop":{"background-color":"var(--ast-global-color-5)","background-image":"","background-repeat":"repeat","background-position":"center center","background-size":"auto","background-attachment":"scroll","background-type":"","background-media":"","overlay-type":"","overlay-color":"","overlay-opacity":"","overlay-gradient":""},"tablet":{"background-color":"var(--ast-global-color-5)","background-image":"","background-repeat":"repeat","background-position":"center center","background-size":"auto","background-attachment":"scroll","background-type":"","background-media":"","overlay-type":"","overlay-color":"","overlay-opacity":"","overlay-gradient":""},"mobile":{"background-color":"var(--ast-global-color-5)","background-image":"","background-repeat":"repeat","background-position":"center center","background-size":"auto","background-attachment":"scroll","background-type":"","background-media":"","overlay-type":"","overlay-color":"","overlay-opacity":"","overlay-gradient":""}},"footnotes":""},"class_list":["post-3994","page","type-page","status-publish","hentry"],"yoast_head":"<!-- This site is optimized with the Yoast SEO plugin v27.4 - https:\/\/yoast.com\/product\/yoast-seo-wordpress\/ -->\n<title>\u00dcber uns - Kuake Bicycle<\/title>\n<meta name=\"description\" content=\"Jiangsu Kuake Technology Co., Ltd. wurde 2009 gegr\u00fcndet und ist ein Hersteller von E-Bikes und Lasten-E-Bikes. Wir bieten OEM-, ODM- und OBM-Dienstleistungen an.\" \/>\n<meta name=\"robots\" content=\"index, follow, max-snippet:-1, max-image-preview:large, max-video-preview:-1\" \/>\n<link rel=\"canonical\" href=\"https:\/\/www.kuakebicycle.com\/de\/ueber\/\" \/>\n<meta property=\"og:locale\" content=\"de_DE\" \/>\n<meta property=\"og:type\" content=\"article\" \/>\n<meta property=\"og:title\" content=\"\u00dcber uns - Kuake Bicycle\" \/>\n<meta property=\"og:description\" content=\"Jiangsu Kuake Technology Co., Ltd. wurde 2009 gegr\u00fcndet und ist ein Hersteller von E-Bikes und Lasten-E-Bikes. Wir bieten OEM-, ODM- und OBM-Dienstleistungen an.\" \/>\n<meta property=\"og:url\" content=\"https:\/\/www.kuakebicycle.com\/de\/ueber\/\" \/>\n<meta property=\"og:site_name\" content=\"Kuake Bicycle\" \/>\n<meta property=\"article:modified_time\" content=\"2022-01-06T08:56:28+00:00\" \/>\n<meta property=\"og:image\" content=\"https:\/\/www.kuakebicycle.com\/wp-content\/uploads\/2017\/07\/big-diamond40x40-free-img.png\" \/>\n<meta name=\"twitter:card\" content=\"summary_large_image\" \/>\n<meta name=\"twitter:label1\" content=\"Gesch\u00e4tzte Lesezeit\" \/>\n\t<meta name=\"twitter:data1\" content=\"2\u00a0Minuten\" \/>\n<script type=\"application\/ld+json\" class=\"yoast-schema-graph\">{\"@context\":\"https:\\\/\\\/schema.org\",\"@graph\":[{\"@type\":\"WebPage\",\"@id\":\"https:\\\/\\\/www.kuakebicycle.com\\\/de\\\/ueber\\\/\",\"url\":\"https:\\\/\\\/www.kuakebicycle.com\\\/de\\\/ueber\\\/\",\"name\":\"\u00dcber uns - Kuake Bicycle\",\"isPartOf\":{\"@id\":\"https:\\\/\\\/www.kuakebicycle.com\\\/de\\\/#website\"},\"primaryImageOfPage\":{\"@id\":\"https:\\\/\\\/www.kuakebicycle.com\\\/de\\\/ueber\\\/#primaryimage\"},\"image\":{\"@id\":\"https:\\\/\\\/www.kuakebicycle.com\\\/de\\\/ueber\\\/#primaryimage\"},\"thumbnailUrl\":\"https:\\\/\\\/www.kuakebicycle.com\\\/wp-content\\\/uploads\\\/2017\\\/07\\\/big-diamond40x40-free-img.png\",\"datePublished\":\"2021-07-22T02:29:15+00:00\",\"dateModified\":\"2022-01-06T08:56:28+00:00\",\"description\":\"Jiangsu Kuake Technology Co., Ltd. wurde 2009 gegr\u00fcndet und ist ein Hersteller von E-Bikes und Lasten-E-Bikes. Wir bieten OEM-, ODM- und OBM-Dienstleistungen an.\",\"breadcrumb\":{\"@id\":\"https:\\\/\\\/www.kuakebicycle.com\\\/de\\\/ueber\\\/#breadcrumb\"},\"inLanguage\":\"de\",\"potentialAction\":[{\"@type\":\"ReadAction\",\"target\":[\"https:\\\/\\\/www.kuakebicycle.com\\\/de\\\/ueber\\\/\"]}]},{\"@type\":\"ImageObject\",\"inLanguage\":\"de\",\"@id\":\"https:\\\/\\\/www.kuakebicycle.com\\\/de\\\/ueber\\\/#primaryimage\",\"url\":\"https:\\\/\\\/www.kuakebicycle.com\\\/wp-content\\\/uploads\\\/2017\\\/07\\\/big-diamond40x40-free-img.png\",\"contentUrl\":\"https:\\\/\\\/www.kuakebicycle.com\\\/wp-content\\\/uploads\\\/2017\\\/07\\\/big-diamond40x40-free-img.png\"},{\"@type\":\"BreadcrumbList\",\"@id\":\"https:\\\/\\\/www.kuakebicycle.com\\\/de\\\/ueber\\\/#breadcrumb\",\"itemListElement\":[{\"@type\":\"ListItem\",\"position\":1,\"name\":\"Home\",\"item\":\"https:\\\/\\\/www.kuakebicycle.com\\\/de\\\/\"},{\"@type\":\"ListItem\",\"position\":2,\"name\":\"\u00dcber uns\"}]},{\"@type\":\"WebSite\",\"@id\":\"https:\\\/\\\/www.kuakebicycle.com\\\/de\\\/#website\",\"url\":\"https:\\\/\\\/www.kuakebicycle.com\\\/de\\\/\",\"name\":\"Kuake Bicycle\",\"description\":\"\",\"publisher\":{\"@id\":\"https:\\\/\\\/www.kuakebicycle.com\\\/de\\\/#organization\"},\"potentialAction\":[{\"@type\":\"SearchAction\",\"target\":{\"@type\":\"EntryPoint\",\"urlTemplate\":\"https:\\\/\\\/www.kuakebicycle.com\\\/de\\\/?s={search_term_string}\"},\"query-input\":{\"@type\":\"PropertyValueSpecification\",\"valueRequired\":true,\"valueName\":\"search_term_string\"}}],\"inLanguage\":\"de\"},{\"@type\":\"Organization\",\"@id\":\"https:\\\/\\\/www.kuakebicycle.com\\\/de\\\/#organization\",\"name\":\"Kuake Technology\",\"url\":\"https:\\\/\\\/www.kuakebicycle.com\\\/de\\\/\",\"logo\":{\"@type\":\"ImageObject\",\"inLanguage\":\"de\",\"@id\":\"https:\\\/\\\/www.kuakebicycle.com\\\/de\\\/#\\\/schema\\\/logo\\\/image\\\/\",\"url\":\"https:\\\/\\\/www.kuakebicycle.com\\\/wp-content\\\/uploads\\\/2021\\\/03\\\/icon.png\",\"contentUrl\":\"https:\\\/\\\/www.kuakebicycle.com\\\/wp-content\\\/uploads\\\/2021\\\/03\\\/icon.png\",\"width\":100,\"height\":100,\"caption\":\"Kuake Technology\"},\"image\":{\"@id\":\"https:\\\/\\\/www.kuakebicycle.com\\\/de\\\/#\\\/schema\\\/logo\\\/image\\\/\"}}]}<\/script>\n<!-- \/ Yoast SEO plugin. -->","yoast_head_json":{"title":"\u00dcber uns - Kuake Bicycle","description":"Jiangsu Kuake Technology Co., Ltd. wurde 2009 gegr\u00fcndet und ist ein Hersteller von E-Bikes und Lasten-E-Bikes. Wir bieten OEM-, ODM- und OBM-Dienstleistungen an.","robots":{"index":"index","follow":"follow","max-snippet":"max-snippet:-1","max-image-preview":"max-image-preview:large","max-video-preview":"max-video-preview:-1"},"canonical":"https:\/\/www.kuakebicycle.com\/de\/ueber\/","og_locale":"de_DE","og_type":"article","og_title":"\u00dcber uns - Kuake Bicycle","og_description":"Jiangsu Kuake Technology Co., Ltd. wurde 2009 gegr\u00fcndet und ist ein Hersteller von E-Bikes und Lasten-E-Bikes. Wir bieten OEM-, ODM- und OBM-Dienstleistungen an.","og_url":"https:\/\/www.kuakebicycle.com\/de\/ueber\/","og_site_name":"Kuake Bicycle","article_modified_time":"2022-01-06T08:56:28+00:00","og_image":[{"url":"https:\/\/www.kuakebicycle.com\/wp-content\/uploads\/2017\/07\/big-diamond40x40-free-img.png","type":"","width":"","height":""}],"twitter_card":"summary_large_image","twitter_misc":{"Gesch\u00e4tzte Lesezeit":"2\u00a0Minuten"},"schema":{"@context":"https:\/\/schema.org","@graph":[{"@type":"WebPage","@id":"https:\/\/www.kuakebicycle.com\/de\/ueber\/","url":"https:\/\/www.kuakebicycle.com\/de\/ueber\/","name":"\u00dcber uns - Kuake Bicycle","isPartOf":{"@id":"https:\/\/www.kuakebicycle.com\/de\/#website"},"primaryImageOfPage":{"@id":"https:\/\/www.kuakebicycle.com\/de\/ueber\/#primaryimage"},"image":{"@id":"https:\/\/www.kuakebicycle.com\/de\/ueber\/#primaryimage"},"thumbnailUrl":"https:\/\/www.kuakebicycle.com\/wp-content\/uploads\/2017\/07\/big-diamond40x40-free-img.png","datePublished":"2021-07-22T02:29:15+00:00","dateModified":"2022-01-06T08:56:28+00:00","description":"Jiangsu Kuake Technology Co., Ltd. wurde 2009 gegr\u00fcndet und ist ein Hersteller von E-Bikes und Lasten-E-Bikes. Wir bieten OEM-, ODM- und OBM-Dienstleistungen an.","breadcrumb":{"@id":"https:\/\/www.kuakebicycle.com\/de\/ueber\/#breadcrumb"},"inLanguage":"de","potentialAction":[{"@type":"ReadAction","target":["https:\/\/www.kuakebicycle.com\/de\/ueber\/"]}]},{"@type":"ImageObject","inLanguage":"de","@id":"https:\/\/www.kuakebicycle.com\/de\/ueber\/#primaryimage","url":"https:\/\/www.kuakebicycle.com\/wp-content\/uploads\/2017\/07\/big-diamond40x40-free-img.png","contentUrl":"https:\/\/www.kuakebicycle.com\/wp-content\/uploads\/2017\/07\/big-diamond40x40-free-img.png"},{"@type":"BreadcrumbList","@id":"https:\/\/www.kuakebicycle.com\/de\/ueber\/#breadcrumb","itemListElement":[{"@type":"ListItem","position":1,"name":"Home","item":"https:\/\/www.kuakebicycle.com\/de\/"},{"@type":"ListItem","position":2,"name":"\u00dcber uns"}]},{"@type":"WebSite","@id":"https:\/\/www.kuakebicycle.com\/de\/#website","url":"https:\/\/www.kuakebicycle.com\/de\/","name":"Kuake Bicycle","description":"","publisher":{"@id":"https:\/\/www.kuakebicycle.com\/de\/#organization"},"potentialAction":[{"@type":"SearchAction","target":{"@type":"EntryPoint","urlTemplate":"https:\/\/www.kuakebicycle.com\/de\/?s={search_term_string}"},"query-input":{"@type":"PropertyValueSpecification","valueRequired":true,"valueName":"search_term_string"}}],"inLanguage":"de"},{"@type":"Organization","@id":"https:\/\/www.kuakebicycle.com\/de\/#organization","name":"Kuake Technology","url":"https:\/\/www.kuakebicycle.com\/de\/","logo":{"@type":"ImageObject","inLanguage":"de","@id":"https:\/\/www.kuakebicycle.com\/de\/#\/schema\/logo\/image\/","url":"https:\/\/www.kuakebicycle.com\/wp-content\/uploads\/2021\/03\/icon.png","contentUrl":"https:\/\/www.kuakebicycle.com\/wp-content\/uploads\/2021\/03\/icon.png","width":100,"height":100,"caption":"Kuake Technology"},"image":{"@id":"https:\/\/www.kuakebicycle.com\/de\/#\/schema\/logo\/image\/"}}]}},"_links":{"self":[{"href":"https:\/\/www.kuakebicycle.com\/de\/wp-json\/wp\/v2\/pages\/3994","targetHints":{"allow":["GET"]}}],"collection":[{"href":"https:\/\/www.kuakebicycle.com\/de\/wp-json\/wp\/v2\/pages"}],"about":[{"href":"https:\/\/www.kuakebicycle.com\/de\/wp-json\/wp\/v2\/types\/page"}],"author":[{"embeddable":true,"href":"https:\/\/www.kuakebicycle.com\/de\/wp-json\/wp\/v2\/users\/1"}],"replies":[{"embeddable":true,"href":"https:\/\/www.kuakebicycle.com\/de\/wp-json\/wp\/v2\/comments?post=3994"}],"version-history":[{"count":0,"href":"https:\/\/www.kuakebicycle.com\/de\/wp-json\/wp\/v2\/pages\/3994\/revisions"}],"wp:attachment":[{"href":"https:\/\/www.kuakebicycle.com\/de\/wp-json\/wp\/v2\/media?parent=3994"}],"curies":[{"name":"wp","href":"https:\/\/api.w.org\/{rel}","templated":true}]}}