{"id":9602,"date":"2021-03-26T08:30:24","date_gmt":"2021-08-04T07:27:27","guid":{"rendered":"https:\/\/www.kuakebicycle.com\/kk9055-elektrisk-mountainbike-26-tommer-250w-fuld-suspension\/"},"modified":"2022-03-16T01:24:05","modified_gmt":"2022-03-16T01:24:05","slug":"kk9055-elektrisk-mountainbike","status":"publish","type":"product","link":"https:\/\/www.kuakebicycle.com\/da\/kk9055-elektrisk-mountainbike\/","title":{"rendered":"KK9055 Fedt D\u00e6k Elcykel Mountainbike (26 tommer, 1000 W bagmotor, 840 Wh, fuld affjedring)"},"content":{"rendered":"<p><iframe loading=\"lazy\" title=\"YouTube videoafspiller\" src=\"https:\/\/www.youtube.com\/embed\/KadMPELiF6Y\" width=\"560\" height=\"315\" frameborder=\"0\" allowfullscreen=\"allowfullscreen\"><\/iframe><\/p>\n<table border=\"1\" width=\"556\">\n<tbody>\n<tr>\n<td style=\"text-align: center;\" colspan=\"2\" bgcolor=\"#d9edf7\"><strong>Cykel specifikationer<\/strong><\/td>\n<\/tr>\n<tr>\n<td bgcolor=\"#f5f2f2\" width=\"275\"><strong>Model nr.<\/strong><\/td>\n<td width=\"281\">KK9055<\/td>\n<\/tr>\n<tr>\n<td bgcolor=\"#f5f2f2\" width=\"275\"><strong>Ramme<\/strong><\/td>\n<td width=\"281\">26 &#8220;, AL 6061 aluminiumslegering<\/td>\n<\/tr>\n<tr>\n<td bgcolor=\"#f5f2f2\" width=\"275\"><strong>Gaffel<\/strong><\/td>\n<td width=\"281\">Fjederjusterbar affjedringsgaffel, l\u00e5sbar<\/td>\n<\/tr>\n<tr>\n<td bgcolor=\"#f5f2f2\" width=\"275\"><strong>Gear<\/strong><\/td>\n<td width=\"281\">Shimano 7 hastighed<\/td>\n<\/tr>\n<tr>\n<td bgcolor=\"#f5f2f2\" width=\"275\"><strong>Skifter<\/strong><\/td>\n<td width=\"281\">7 Hastighed<\/td>\n<\/tr>\n<tr>\n<td bgcolor=\"#f5f2f2\" width=\"275\"><strong>Gratis hjul<\/strong><\/td>\n<td width=\"281\">7 Hastighed<\/td>\n<\/tr>\n<tr>\n<td bgcolor=\"#f5f2f2\" width=\"275\"><strong>Forbremse<\/strong><\/td>\n<td width=\"281\">Hydraulisk skivebremse, uden str\u00f8mafbrydelse<\/td>\n<\/tr>\n<tr>\n<td bgcolor=\"#f5f2f2\" width=\"275\"><strong>Bagbremse<\/strong><\/td>\n<td width=\"281\">Hydraulisk skivebremse, uden str\u00f8mafbrydelse<\/td>\n<\/tr>\n<tr>\n<td bgcolor=\"#f5f2f2\" width=\"275\"><strong>Pedaler<\/strong><\/td>\n<td width=\"281\">Legeret aluminium med reflektor<\/td>\n<\/tr>\n<tr>\n<td bgcolor=\"#f5f2f2\" width=\"275\"><strong>Rim<\/strong><\/td>\n<td width=\"281\">Aluminiumslegering<\/td>\n<\/tr>\n<tr>\n<td bgcolor=\"#f5f2f2\" width=\"275\"><strong>D\u00e6k<\/strong><\/td>\n<td width=\"281\">26&#8243;*4.0, KENDA<\/td>\n<\/tr>\n<tr>\n<td bgcolor=\"#f5f2f2\" width=\"275\"><strong>Indvendigt r\u00f8r<\/strong><\/td>\n<td width=\"281\">26&#8243;*4.0<\/td>\n<\/tr>\n<tr>\n<td bgcolor=\"#f5f2f2\" width=\"275\"><strong>Eger<\/strong><\/td>\n<td width=\"281\">13 g rustfrit st\u00e5l<\/td>\n<\/tr>\n<tr>\n<td bgcolor=\"#f5f2f2\" width=\"275\"><strong>Styr<\/strong><\/td>\n<td width=\"281\">Legeret aluminium, sportsmodel<\/td>\n<\/tr>\n<tr>\n<td bgcolor=\"#f5f2f2\" width=\"275\"><strong>Stilk<\/strong><\/td>\n<td width=\"281\">Aluminiumslegering<\/td>\n<\/tr>\n<tr>\n<td bgcolor=\"#f5f2f2\" width=\"275\"><strong>Greb<\/strong><\/td>\n<td width=\"281\">Komfortgreb med ergonomisk form<\/td>\n<\/tr>\n<tr>\n<td bgcolor=\"#f5f2f2\" width=\"275\"><strong>Bremseh\u00e5ndtag<\/strong><\/td>\n<td width=\"281\">Hydraulisk bremseh\u00e5ndtag, TEKTRO<\/td>\n<\/tr>\n<tr>\n<td bgcolor=\"#f5f2f2\" width=\"275\"><strong>Head Set<\/strong><\/td>\n<td width=\"281\">Aluminiumslegering<\/td>\n<\/tr>\n<tr>\n<td bgcolor=\"#f5f2f2\" width=\"275\"><strong>Sadel<\/strong><\/td>\n<td width=\"281\">Bl\u00f8d behagelig<\/td>\n<\/tr>\n<tr>\n<td bgcolor=\"#f5f2f2\" width=\"275\"><strong>Kickstand<\/strong><\/td>\n<td width=\"281\">Legeret aluminium<\/td>\n<\/tr>\n<tr>\n<td style=\"text-align: center;\" colspan=\"2\" bgcolor=\"#d9edf7\"><strong>Elektrisk system<\/strong><\/td>\n<\/tr>\n<tr>\n<td bgcolor=\"#f5f2f2\" width=\"275\"><strong>Batteri<\/strong><\/td>\n<td width=\"281\">48V\/17,5Ah Lithium Samsung battericeller<\/td>\n<\/tr>\n<tr>\n<td bgcolor=\"#f5f2f2\" width=\"275\"><strong>Oplader<\/strong><\/td>\n<td width=\"281\">AC 100-240V Smart oplader<\/td>\n<\/tr>\n<tr>\n<td bgcolor=\"#f5f2f2\" width=\"275\"><strong>Opladningstid<\/strong><\/td>\n<td width=\"281\">4 ~ 6 timer<\/td>\n<\/tr>\n<tr>\n<td bgcolor=\"#f5f2f2\" width=\"275\"><strong>Genopladningstider<\/strong><\/td>\n<td width=\"281\">800 ~ 1000 gange<\/td>\n<\/tr>\n<tr>\n<td bgcolor=\"#f5f2f2\" width=\"275\"><strong>Motoreffekt<\/strong><\/td>\n<td width=\"281\">48V 1000W Oxfo bagb\u00f8rstel\u00f8s motor<\/td>\n<\/tr>\n<tr>\n<td bgcolor=\"#f5f2f2\" width=\"275\"><strong>Controller<\/strong><\/td>\n<td width=\"281\">H\u00f8jeffektiv intelligent controller<\/td>\n<\/tr>\n<tr>\n<td bgcolor=\"#f5f2f2\" width=\"275\"><strong>Sk\u00e6rm<\/strong><\/td>\n<td width=\"281\">LCD<\/td>\n<\/tr>\n<tr>\n<td bgcolor=\"#f5f2f2\" width=\"275\"><strong>H\u00f8jeste hastighed<\/strong><\/td>\n<td width=\"281\">25Km\/H<\/td>\n<\/tr>\n<tr>\n<td bgcolor=\"#f5f2f2\" width=\"275\"><strong>Afstand mod gebyr<\/strong><\/td>\n<td width=\"281\">31~60 km<\/td>\n<\/tr>\n<tr>\n<td style=\"text-align: center;\" colspan=\"2\" bgcolor=\"#d9edf7\"><strong>Forsendelsesdetaljer<\/strong><\/td>\n<\/tr>\n<tr>\n<td bgcolor=\"#f5f2f2\" width=\"275\"><strong>Pakningsst\u00f8rrelse<\/strong><\/td>\n<td width=\"281\">155*27*90cm<\/td>\n<\/tr>\n<tr>\n<td bgcolor=\"#f5f2f2\" width=\"275\"><strong>40&#8243; Hq(Pcs)<\/strong><\/td>\n<td width=\"281\">170pcs<\/td>\n<\/tr>\n<tr>\n<td bgcolor=\"#f5f2f2\" width=\"275\"><strong>20&#8243; Hq(Pcs)<\/strong><\/td>\n<td width=\"281\">65pcs<\/td>\n<\/tr>\n<\/tbody>\n<\/table>\n","protected":false},"excerpt":{"rendered":"<ul>\n<li><strong>Motor<\/strong>: 36V\/250W Oxfo b\u00f8rstel\u00f8s bagdrevsmotor giver mere end nok str\u00f8m til din daglige pendling, et krydstogt p\u00e5 bjerget eller en slingre langs din yndlingssti, maks. Hastighed kan n\u00e5s 25 km\/t.<\/li>\n<li><strong>Batteri<\/strong>: Batteriet har en kapacitet p\u00e5 36V\/10Ah, ladetiden tager 4-6 timer og en batterilevetid p\u00e5 800 ~ 1000 cyklusser.<\/li>\n<li><strong>Display<\/strong>: LCD -displayet garanterer, at du let kan l\u00e6se din statistik.<\/li>\n<li><strong>Bremse<\/strong>: Hydrauliske skivebremser for og bag er mere effektive, s\u00e5 du skal l\u00e6gge mindre tryk p\u00e5 h\u00e5ndtaget for at opn\u00e5 samme bremsekraft.<\/li>\n<li><strong>Shifters<\/strong>: Justerbart Shimano 7-speed transmission system, der \u00f8ger bakke-klatringskraft, yderligere r\u00e6kkevidde variation og st\u00f8rre terr\u00e6n tilpasningsevne.<\/li>\n<\/ul>\n","protected":false},"featured_media":11528,"comment_status":"closed","ping_status":"closed","template":"","meta":{"site-sidebar-layout":"default","site-content-layout":"default","ast-site-content-layout":"default","site-content-style":"default","site-sidebar-style":"default","ast-global-header-display":"","ast-banner-title-visibility":"","ast-main-header-display":"","ast-hfb-above-header-display":"","ast-hfb-below-header-display":"","ast-hfb-mobile-header-display":"","site-post-title":"","ast-breadcrumbs-content":"","ast-featured-img":"","footer-sml-layout":"","ast-disable-related-posts":"","theme-transparent-header-meta":"default","adv-header-id-meta":"","stick-header-meta":"default","header-above-stick-meta":"","header-main-stick-meta":"","header-below-stick-meta":"","astra-migrate-meta-layouts":"default","ast-page-background-enabled":"default","ast-page-background-meta":{"desktop":{"background-color":"","background-image":"","background-repeat":"repeat","background-position":"center center","background-size":"auto","background-attachment":"scroll","background-type":"","background-media":"","overlay-type":"","overlay-color":"","overlay-opacity":"","overlay-gradient":""},"tablet":{"background-color":"","background-image":"","background-repeat":"repeat","background-position":"center center","background-size":"auto","background-attachment":"scroll","background-type":"","background-media":"","overlay-type":"","overlay-color":"","overlay-opacity":"","overlay-gradient":""},"mobile":{"background-color":"","background-image":"","background-repeat":"repeat","background-position":"center center","background-size":"auto","background-attachment":"scroll","background-type":"","background-media":"","overlay-type":"","overlay-color":"","overlay-opacity":"","overlay-gradient":""}},"ast-content-background-meta":{"desktop":{"background-color":"var(--ast-global-color-5)","background-image":"","background-repeat":"repeat","background-position":"center center","background-size":"auto","background-attachment":"scroll","background-type":"","background-media":"","overlay-type":"","overlay-color":"","overlay-opacity":"","overlay-gradient":""},"tablet":{"background-color":"var(--ast-global-color-5)","background-image":"","background-repeat":"repeat","background-position":"center center","background-size":"auto","background-attachment":"scroll","background-type":"","background-media":"","overlay-type":"","overlay-color":"","overlay-opacity":"","overlay-gradient":""},"mobile":{"background-color":"var(--ast-global-color-5)","background-image":"","background-repeat":"repeat","background-position":"center center","background-size":"auto","background-attachment":"scroll","background-type":"","background-media":"","overlay-type":"","overlay-color":"","overlay-opacity":"","overlay-gradient":""}}},"product_brand":[],"product_cat":[164],"product_tag":[],"class_list":{"0":"post-9602","1":"product","2":"type-product","3":"status-publish","4":"has-post-thumbnail","6":"product_cat-el-mountainbike","7":"desktop-align-left","8":"tablet-align-left","9":"mobile-align-left","10":"ast-product-gallery-layout-horizontal","11":"ast-product-tabs-layout-horizontal","12":"ast-qv-on-image","14":"first","15":"instock","16":"featured","17":"shipping-taxable","18":"product-type-simple"},"yoast_head":"<!-- This site is optimized with the Yoast SEO plugin v27.5 - https:\/\/yoast.com\/product\/yoast-seo-wordpress\/ -->\n<title>Elcykel Mountainbike Herre 1000W, KK9055 El MTB Full Suspension - Kuake Bicycle<\/title>\n<meta name=\"robots\" content=\"index, follow, max-snippet:-1, max-image-preview:large, max-video-preview:-1\" \/>\n<link rel=\"canonical\" href=\"https:\/\/www.kuakebicycle.com\/da\/kk9055-elektrisk-mountainbike\/\" \/>\n<meta property=\"og:locale\" content=\"da_DK\" \/>\n<meta property=\"og:type\" content=\"article\" \/>\n<meta property=\"og:title\" content=\"Elcykel Mountainbike Herre 1000W, KK9055 El MTB Full Suspension - Kuake Bicycle\" \/>\n<meta property=\"og:description\" content=\"Motor: 36V\/250W Oxfo b\u00f8rstel\u00f8s bagdrevsmotor giver mere end nok str\u00f8m til din daglige pendling, et krydstogt p\u00e5 bjerget eller en slingre langs din yndlingssti, maks. Hastighed kan n\u00e5s 25 km\/t.  Batteri: Batteriet har en kapacitet p\u00e5 36V\/10Ah, ladetiden tager 4-6 timer og en batterilevetid p\u00e5 800 ~ 1000 cyklusser.  Display: LCD -displayet garanterer, at du let kan l\u00e6se din statistik.  Bremse: Hydrauliske skivebremser for og bag er mere effektive, s\u00e5 du skal l\u00e6gge mindre tryk p\u00e5 h\u00e5ndtaget for at opn\u00e5 samme bremsekraft.  Shifters: Justerbart Shimano 7-speed transmission system, der \u00f8ger bakke-klatringskraft, yderligere r\u00e6kkevidde variation og st\u00f8rre terr\u00e6n tilpasningsevne.\" \/>\n<meta property=\"og:url\" content=\"https:\/\/www.kuakebicycle.com\/da\/kk9055-elektrisk-mountainbike\/\" \/>\n<meta property=\"og:site_name\" content=\"Kuake Bicycle\" \/>\n<meta property=\"article:modified_time\" content=\"2022-03-16T01:24:05+00:00\" \/>\n<meta property=\"og:image\" content=\"https:\/\/www.kuakebicycle.com\/wp-content\/uploads\/2021\/03\/KK9055-Electric-Mountain-Bike.jpg\" \/>\n\t<meta property=\"og:image:width\" content=\"600\" \/>\n\t<meta property=\"og:image:height\" content=\"600\" \/>\n\t<meta property=\"og:image:type\" content=\"image\/jpeg\" \/>\n<meta name=\"twitter:card\" content=\"summary_large_image\" \/>\n<meta name=\"twitter:label1\" content=\"Estimeret l\u00e6setid\" \/>\n\t<meta name=\"twitter:data1\" content=\"1 minut\" \/>\n<script type=\"application\/ld+json\" class=\"yoast-schema-graph\">{\"@context\":\"https:\\\/\\\/schema.org\",\"@graph\":[{\"@type\":\"WebPage\",\"@id\":\"https:\\\/\\\/www.kuakebicycle.com\\\/da\\\/kk9055-elektrisk-mountainbike\\\/\",\"url\":\"https:\\\/\\\/www.kuakebicycle.com\\\/da\\\/kk9055-elektrisk-mountainbike\\\/\",\"name\":\"Elcykel Mountainbike Herre 1000W, KK9055 El MTB Full Suspension - Kuake Bicycle\",\"isPartOf\":{\"@id\":\"https:\\\/\\\/www.kuakebicycle.com\\\/da\\\/#website\"},\"primaryImageOfPage\":{\"@id\":\"https:\\\/\\\/www.kuakebicycle.com\\\/da\\\/kk9055-elektrisk-mountainbike\\\/#primaryimage\"},\"image\":{\"@id\":\"https:\\\/\\\/www.kuakebicycle.com\\\/da\\\/kk9055-elektrisk-mountainbike\\\/#primaryimage\"},\"thumbnailUrl\":\"https:\\\/\\\/www.kuakebicycle.com\\\/wp-content\\\/uploads\\\/2021\\\/03\\\/KK9055-Electric-Mountain-Bike.jpg\",\"datePublished\":\"2021-08-04T07:27:27+00:00\",\"dateModified\":\"2022-03-16T01:24:05+00:00\",\"breadcrumb\":{\"@id\":\"https:\\\/\\\/www.kuakebicycle.com\\\/da\\\/kk9055-elektrisk-mountainbike\\\/#breadcrumb\"},\"inLanguage\":\"da-DK\",\"potentialAction\":[{\"@type\":\"ReadAction\",\"target\":[\"https:\\\/\\\/www.kuakebicycle.com\\\/da\\\/kk9055-elektrisk-mountainbike\\\/\"]}]},{\"@type\":\"ImageObject\",\"inLanguage\":\"da-DK\",\"@id\":\"https:\\\/\\\/www.kuakebicycle.com\\\/da\\\/kk9055-elektrisk-mountainbike\\\/#primaryimage\",\"url\":\"https:\\\/\\\/www.kuakebicycle.com\\\/wp-content\\\/uploads\\\/2021\\\/03\\\/KK9055-Electric-Mountain-Bike.jpg\",\"contentUrl\":\"https:\\\/\\\/www.kuakebicycle.com\\\/wp-content\\\/uploads\\\/2021\\\/03\\\/KK9055-Electric-Mountain-Bike.jpg\",\"width\":600,\"height\":600,\"caption\":\"KK9055 elektrisk mountainbike\"},{\"@type\":\"BreadcrumbList\",\"@id\":\"https:\\\/\\\/www.kuakebicycle.com\\\/da\\\/kk9055-elektrisk-mountainbike\\\/#breadcrumb\",\"itemListElement\":[{\"@type\":\"ListItem\",\"position\":1,\"name\":\"Home\",\"item\":\"https:\\\/\\\/www.kuakebicycle.com\\\/da\\\/\"},{\"@type\":\"ListItem\",\"position\":2,\"name\":\"Produkter\",\"item\":\"https:\\\/\\\/www.kuakebicycle.com\\\/da\\\/produkter\\\/\"},{\"@type\":\"ListItem\",\"position\":3,\"name\":\"KK9055 Fedt D\u00e6k Elcykel Mountainbike (26 tommer, 1000 W bagmotor, 840 Wh, fuld affjedring)\"}]},{\"@type\":\"WebSite\",\"@id\":\"https:\\\/\\\/www.kuakebicycle.com\\\/da\\\/#website\",\"url\":\"https:\\\/\\\/www.kuakebicycle.com\\\/da\\\/\",\"name\":\"Kuake Bicycle\",\"description\":\"\",\"publisher\":{\"@id\":\"https:\\\/\\\/www.kuakebicycle.com\\\/da\\\/#organization\"},\"potentialAction\":[{\"@type\":\"SearchAction\",\"target\":{\"@type\":\"EntryPoint\",\"urlTemplate\":\"https:\\\/\\\/www.kuakebicycle.com\\\/da\\\/?s={search_term_string}\"},\"query-input\":{\"@type\":\"PropertyValueSpecification\",\"valueRequired\":true,\"valueName\":\"search_term_string\"}}],\"inLanguage\":\"da-DK\"},{\"@type\":\"Organization\",\"@id\":\"https:\\\/\\\/www.kuakebicycle.com\\\/da\\\/#organization\",\"name\":\"Kuake Technology\",\"url\":\"https:\\\/\\\/www.kuakebicycle.com\\\/da\\\/\",\"logo\":{\"@type\":\"ImageObject\",\"inLanguage\":\"da-DK\",\"@id\":\"https:\\\/\\\/www.kuakebicycle.com\\\/da\\\/#\\\/schema\\\/logo\\\/image\\\/\",\"url\":\"https:\\\/\\\/www.kuakebicycle.com\\\/wp-content\\\/uploads\\\/2021\\\/03\\\/icon.png\",\"contentUrl\":\"https:\\\/\\\/www.kuakebicycle.com\\\/wp-content\\\/uploads\\\/2021\\\/03\\\/icon.png\",\"width\":100,\"height\":100,\"caption\":\"Kuake Technology\"},\"image\":{\"@id\":\"https:\\\/\\\/www.kuakebicycle.com\\\/da\\\/#\\\/schema\\\/logo\\\/image\\\/\"}}]}<\/script>\n<!-- \/ Yoast SEO plugin. -->","yoast_head_json":{"title":"Elcykel Mountainbike Herre 1000W, KK9055 El MTB Full Suspension - Kuake Bicycle","robots":{"index":"index","follow":"follow","max-snippet":"max-snippet:-1","max-image-preview":"max-image-preview:large","max-video-preview":"max-video-preview:-1"},"canonical":"https:\/\/www.kuakebicycle.com\/da\/kk9055-elektrisk-mountainbike\/","og_locale":"da_DK","og_type":"article","og_title":"Elcykel Mountainbike Herre 1000W, KK9055 El MTB Full Suspension - Kuake Bicycle","og_description":"Motor: 36V\/250W Oxfo b\u00f8rstel\u00f8s bagdrevsmotor giver mere end nok str\u00f8m til din daglige pendling, et krydstogt p\u00e5 bjerget eller en slingre langs din yndlingssti, maks. Hastighed kan n\u00e5s 25 km\/t.  Batteri: Batteriet har en kapacitet p\u00e5 36V\/10Ah, ladetiden tager 4-6 timer og en batterilevetid p\u00e5 800 ~ 1000 cyklusser.  Display: LCD -displayet garanterer, at du let kan l\u00e6se din statistik.  Bremse: Hydrauliske skivebremser for og bag er mere effektive, s\u00e5 du skal l\u00e6gge mindre tryk p\u00e5 h\u00e5ndtaget for at opn\u00e5 samme bremsekraft.  Shifters: Justerbart Shimano 7-speed transmission system, der \u00f8ger bakke-klatringskraft, yderligere r\u00e6kkevidde variation og st\u00f8rre terr\u00e6n tilpasningsevne.","og_url":"https:\/\/www.kuakebicycle.com\/da\/kk9055-elektrisk-mountainbike\/","og_site_name":"Kuake Bicycle","article_modified_time":"2022-03-16T01:24:05+00:00","og_image":[{"width":600,"height":600,"url":"https:\/\/www.kuakebicycle.com\/wp-content\/uploads\/2021\/03\/KK9055-Electric-Mountain-Bike.jpg","type":"image\/jpeg"}],"twitter_card":"summary_large_image","twitter_misc":{"Estimeret l\u00e6setid":"1 minut"},"schema":{"@context":"https:\/\/schema.org","@graph":[{"@type":"WebPage","@id":"https:\/\/www.kuakebicycle.com\/da\/kk9055-elektrisk-mountainbike\/","url":"https:\/\/www.kuakebicycle.com\/da\/kk9055-elektrisk-mountainbike\/","name":"Elcykel Mountainbike Herre 1000W, KK9055 El MTB Full Suspension - Kuake Bicycle","isPartOf":{"@id":"https:\/\/www.kuakebicycle.com\/da\/#website"},"primaryImageOfPage":{"@id":"https:\/\/www.kuakebicycle.com\/da\/kk9055-elektrisk-mountainbike\/#primaryimage"},"image":{"@id":"https:\/\/www.kuakebicycle.com\/da\/kk9055-elektrisk-mountainbike\/#primaryimage"},"thumbnailUrl":"https:\/\/www.kuakebicycle.com\/wp-content\/uploads\/2021\/03\/KK9055-Electric-Mountain-Bike.jpg","datePublished":"2021-08-04T07:27:27+00:00","dateModified":"2022-03-16T01:24:05+00:00","breadcrumb":{"@id":"https:\/\/www.kuakebicycle.com\/da\/kk9055-elektrisk-mountainbike\/#breadcrumb"},"inLanguage":"da-DK","potentialAction":[{"@type":"ReadAction","target":["https:\/\/www.kuakebicycle.com\/da\/kk9055-elektrisk-mountainbike\/"]}]},{"@type":"ImageObject","inLanguage":"da-DK","@id":"https:\/\/www.kuakebicycle.com\/da\/kk9055-elektrisk-mountainbike\/#primaryimage","url":"https:\/\/www.kuakebicycle.com\/wp-content\/uploads\/2021\/03\/KK9055-Electric-Mountain-Bike.jpg","contentUrl":"https:\/\/www.kuakebicycle.com\/wp-content\/uploads\/2021\/03\/KK9055-Electric-Mountain-Bike.jpg","width":600,"height":600,"caption":"KK9055 elektrisk mountainbike"},{"@type":"BreadcrumbList","@id":"https:\/\/www.kuakebicycle.com\/da\/kk9055-elektrisk-mountainbike\/#breadcrumb","itemListElement":[{"@type":"ListItem","position":1,"name":"Home","item":"https:\/\/www.kuakebicycle.com\/da\/"},{"@type":"ListItem","position":2,"name":"Produkter","item":"https:\/\/www.kuakebicycle.com\/da\/produkter\/"},{"@type":"ListItem","position":3,"name":"KK9055 Fedt D\u00e6k Elcykel Mountainbike (26 tommer, 1000 W bagmotor, 840 Wh, fuld affjedring)"}]},{"@type":"WebSite","@id":"https:\/\/www.kuakebicycle.com\/da\/#website","url":"https:\/\/www.kuakebicycle.com\/da\/","name":"Kuake Bicycle","description":"","publisher":{"@id":"https:\/\/www.kuakebicycle.com\/da\/#organization"},"potentialAction":[{"@type":"SearchAction","target":{"@type":"EntryPoint","urlTemplate":"https:\/\/www.kuakebicycle.com\/da\/?s={search_term_string}"},"query-input":{"@type":"PropertyValueSpecification","valueRequired":true,"valueName":"search_term_string"}}],"inLanguage":"da-DK"},{"@type":"Organization","@id":"https:\/\/www.kuakebicycle.com\/da\/#organization","name":"Kuake Technology","url":"https:\/\/www.kuakebicycle.com\/da\/","logo":{"@type":"ImageObject","inLanguage":"da-DK","@id":"https:\/\/www.kuakebicycle.com\/da\/#\/schema\/logo\/image\/","url":"https:\/\/www.kuakebicycle.com\/wp-content\/uploads\/2021\/03\/icon.png","contentUrl":"https:\/\/www.kuakebicycle.com\/wp-content\/uploads\/2021\/03\/icon.png","width":100,"height":100,"caption":"Kuake Technology"},"image":{"@id":"https:\/\/www.kuakebicycle.com\/da\/#\/schema\/logo\/image\/"}}]}},"_links":{"self":[{"href":"https:\/\/www.kuakebicycle.com\/da\/wp-json\/wp\/v2\/product\/9602","targetHints":{"allow":["GET"]}}],"collection":[{"href":"https:\/\/www.kuakebicycle.com\/da\/wp-json\/wp\/v2\/product"}],"about":[{"href":"https:\/\/www.kuakebicycle.com\/da\/wp-json\/wp\/v2\/types\/product"}],"replies":[{"embeddable":true,"href":"https:\/\/www.kuakebicycle.com\/da\/wp-json\/wp\/v2\/comments?post=9602"}],"wp:featuredmedia":[{"embeddable":true,"href":"https:\/\/www.kuakebicycle.com\/da\/wp-json\/wp\/v2\/media\/11528"}],"wp:attachment":[{"href":"https:\/\/www.kuakebicycle.com\/da\/wp-json\/wp\/v2\/media?parent=9602"}],"wp:term":[{"taxonomy":"product_brand","embeddable":true,"href":"https:\/\/www.kuakebicycle.com\/da\/wp-json\/wp\/v2\/product_brand?post=9602"},{"taxonomy":"product_cat","embeddable":true,"href":"https:\/\/www.kuakebicycle.com\/da\/wp-json\/wp\/v2\/product_cat?post=9602"},{"taxonomy":"product_tag","embeddable":true,"href":"https:\/\/www.kuakebicycle.com\/da\/wp-json\/wp\/v2\/product_tag?post=9602"}],"curies":[{"name":"wp","href":"https:\/\/api.w.org\/{rel}","templated":true}]}}