{"id":9511,"date":"2021-03-29T06:53:54","date_gmt":"2021-08-04T07:15:16","guid":{"rendered":"https:\/\/www.kuakebicycle.com\/kk6010-frontlaesser-elektrisk-lastbil-trehjulet-250w-10ah-6-hastigheder\/"},"modified":"2022-02-15T03:30:09","modified_gmt":"2022-02-15T03:30:09","slug":"kk6010-frontlaesser-elektrisk-last-trehjulet-cykel","status":"publish","type":"product","link":"https:\/\/www.kuakebicycle.com\/da\/kk6010-frontlaesser-elektrisk-last-trehjulet-cykel\/","title":{"rendered":"KK6010 El Ladcykel Til Familien (250W, 454Wh, 7 gear)"},"content":{"rendered":"<p><iframe loading=\"lazy\" title=\"YouTube videoafspiller\" src=\"https:\/\/www.youtube.com\/embed\/gDAlMlz-8R8\" width=\"560\" height=\"315\" frameborder=\"0\" allowfullscreen=\"allowfullscreen\"><\/iframe><\/p>\n<table border=\"1\" width=\"556\">\n<tbody>\n<tr>\n<td style=\"text-align: center;\" colspan=\"2\" bgcolor=\"#d9edf7\"><strong>Cykel specifikationer<\/strong><\/td>\n<\/tr>\n<tr>\n<td bgcolor=\"#f5f2f2\" width=\"275\"><strong>Model nr.<\/strong><\/td>\n<td width=\"281\">KK6010<\/td>\n<\/tr>\n<tr>\n<td bgcolor=\"#f5f2f2\" width=\"275\"><strong>Ramme<\/strong><\/td>\n<td width=\"281\">St\u00e5l<\/td>\n<\/tr>\n<tr>\n<td bgcolor=\"#f5f2f2\" width=\"275\"><strong>Gear<\/strong><\/td>\n<td width=\"281\">Shimano 7 hastighed<\/td>\n<\/tr>\n<tr>\n<td bgcolor=\"#f5f2f2\" width=\"275\"><strong>Skifter<\/strong><\/td>\n<td width=\"281\">Shimano 7 hastighed<\/td>\n<\/tr>\n<tr>\n<td bgcolor=\"#f5f2f2\" width=\"275\"><strong>Forgaffel<\/strong><\/td>\n<td width=\"281\">Mozo<\/td>\n<\/tr>\n<tr>\n<td bgcolor=\"#f5f2f2\" width=\"275\"><strong>Forbremse<\/strong><\/td>\n<td width=\"281\">Mekanisk skivebremse<\/td>\n<\/tr>\n<tr>\n<td bgcolor=\"#f5f2f2\" width=\"275\"><strong>Bagbremse<\/strong><\/td>\n<td width=\"281\">Mekanisk skivebremse<\/td>\n<\/tr>\n<tr>\n<td bgcolor=\"#f5f2f2\" width=\"275\"><strong>D\u00e6k<\/strong><\/td>\n<td width=\"281\">20&#8221;*2.35&#8221;\/24&#8221;*2.35&#8221;, Kenda<\/td>\n<\/tr>\n<tr>\n<td bgcolor=\"#f5f2f2\" width=\"275\"><strong>L\u00e6nke<\/strong><\/td>\n<td width=\"281\">KMC<\/td>\n<\/tr>\n<tr>\n<td bgcolor=\"#f5f2f2\" width=\"275\"><strong>Hjulsk\u00e6rm<\/strong><\/td>\n<td width=\"281\">Rustfrit st\u00e5l<\/td>\n<\/tr>\n<tr>\n<td bgcolor=\"#f5f2f2\" width=\"275\"><strong>L\u00e6sser<\/strong><\/td>\n<td width=\"281\">94,5*62*59 cm, vandt\u00e6t massivt tr\u00e6 flerlagsplade<\/td>\n<\/tr>\n<tr>\n<td style=\"text-align: center;\" colspan=\"2\" bgcolor=\"#d9edf7\"><strong>Elektrisk system<\/strong><\/td>\n<\/tr>\n<tr>\n<td bgcolor=\"#f5f2f2\" width=\"275\"><strong>Batteri<\/strong><\/td>\n<td width=\"281\">36V 12,6Ah Samsung lithium-ion batteri<\/td>\n<\/tr>\n<tr>\n<td bgcolor=\"#f5f2f2\" width=\"275\"><strong>Sensor<\/strong><\/td>\n<td width=\"281\">Momenttransducer<\/td>\n<\/tr>\n<tr>\n<td bgcolor=\"#f5f2f2\" width=\"275\"><strong>Opladningstid<\/strong><\/td>\n<td width=\"281\">4 ~ 6 timer<\/td>\n<\/tr>\n<tr>\n<td bgcolor=\"#f5f2f2\" width=\"275\"><strong>Genopladningstider<\/strong><\/td>\n<td width=\"281\">800 ~ 1000 gange<\/td>\n<\/tr>\n<tr>\n<td bgcolor=\"#f5f2f2\" width=\"275\"><strong>Motoreffekt<\/strong><\/td>\n<td width=\"281\">36V 250W Bafang<\/td>\n<\/tr>\n<tr>\n<td bgcolor=\"#f5f2f2\" width=\"275\"><strong>Controller<\/strong><\/td>\n<td width=\"281\">36V intelligent<\/td>\n<\/tr>\n<tr>\n<td bgcolor=\"#f5f2f2\" width=\"275\"><strong>Sk\u00e6rm<\/strong><\/td>\n<td width=\"281\">LCD<\/td>\n<\/tr>\n<tr>\n<td bgcolor=\"#f5f2f2\" width=\"275\"><strong>H\u00f8jeste hastighed<\/strong><\/td>\n<td width=\"281\">25km\/h<\/td>\n<\/tr>\n<tr>\n<td bgcolor=\"#f5f2f2\" width=\"275\"><strong>Maksimal kilometertal<\/strong><\/td>\n<td width=\"281\">45 km (med pedalassistent)<\/td>\n<\/tr>\n<\/tbody>\n<\/table>\n","protected":false},"excerpt":{"rendered":"<ul>\n<li><strong>Ramme<\/strong>: St\u00e5lrammedesign, tr\u00e6l\u00e6sserkassest\u00f8rrelsen er 94,5*62*59 cm.<\/li>\n<li><strong>Motor<\/strong>: 36V\/250W Bafang-motor giver mere end nok str\u00f8m, max hastighed kan n\u00e5s 25km\/t.<\/li>\n<li><strong>Batteri<\/strong>: 36V\/12,6Ah Samsung batteri, opladningstid: 4~6 timer, batterilevetid: 800~1000 cyklusser.<\/li>\n<li><strong>Bremse<\/strong>: Mekaniske skivebremser foran\/bag.<\/li>\n<li><strong>Shifters<\/strong>: Shimano 7-speed transmission system sikrer den forskellige hastighedsoplevelse, som du skal k\u00f8re.<\/li>\n<\/ul>\n","protected":false},"featured_media":16508,"comment_status":"closed","ping_status":"closed","template":"","meta":{"site-sidebar-layout":"default","site-content-layout":"default","ast-site-content-layout":"default","site-content-style":"default","site-sidebar-style":"default","ast-global-header-display":"","ast-banner-title-visibility":"","ast-main-header-display":"","ast-hfb-above-header-display":"","ast-hfb-below-header-display":"","ast-hfb-mobile-header-display":"","site-post-title":"","ast-breadcrumbs-content":"","ast-featured-img":"","footer-sml-layout":"","ast-disable-related-posts":"","theme-transparent-header-meta":"default","adv-header-id-meta":"","stick-header-meta":"default","header-above-stick-meta":"","header-main-stick-meta":"","header-below-stick-meta":"","astra-migrate-meta-layouts":"default","ast-page-background-enabled":"default","ast-page-background-meta":{"desktop":{"background-color":"","background-image":"","background-repeat":"repeat","background-position":"center center","background-size":"auto","background-attachment":"scroll","background-type":"","background-media":"","overlay-type":"","overlay-color":"","overlay-opacity":"","overlay-gradient":""},"tablet":{"background-color":"","background-image":"","background-repeat":"repeat","background-position":"center center","background-size":"auto","background-attachment":"scroll","background-type":"","background-media":"","overlay-type":"","overlay-color":"","overlay-opacity":"","overlay-gradient":""},"mobile":{"background-color":"","background-image":"","background-repeat":"repeat","background-position":"center center","background-size":"auto","background-attachment":"scroll","background-type":"","background-media":"","overlay-type":"","overlay-color":"","overlay-opacity":"","overlay-gradient":""}},"ast-content-background-meta":{"desktop":{"background-color":"var(--ast-global-color-5)","background-image":"","background-repeat":"repeat","background-position":"center center","background-size":"auto","background-attachment":"scroll","background-type":"","background-media":"","overlay-type":"","overlay-color":"","overlay-opacity":"","overlay-gradient":""},"tablet":{"background-color":"var(--ast-global-color-5)","background-image":"","background-repeat":"repeat","background-position":"center center","background-size":"auto","background-attachment":"scroll","background-type":"","background-media":"","overlay-type":"","overlay-color":"","overlay-opacity":"","overlay-gradient":""},"mobile":{"background-color":"var(--ast-global-color-5)","background-image":"","background-repeat":"repeat","background-position":"center center","background-size":"auto","background-attachment":"scroll","background-type":"","background-media":"","overlay-type":"","overlay-color":"","overlay-opacity":"","overlay-gradient":""}}},"product_brand":[],"product_cat":[163],"product_tag":[],"class_list":{"0":"post-9511","1":"product","2":"type-product","3":"status-publish","4":"has-post-thumbnail","6":"product_cat-trehjulet-elcykel","7":"desktop-align-left","8":"tablet-align-left","9":"mobile-align-left","10":"ast-product-gallery-layout-horizontal","11":"ast-product-tabs-layout-horizontal","12":"ast-qv-on-image","14":"first","15":"instock","16":"featured","17":"shipping-taxable","18":"product-type-simple"},"yoast_head":"<!-- This site is optimized with the Yoast SEO plugin v27.4 - https:\/\/yoast.com\/product\/yoast-seo-wordpress\/ -->\n<title>El Ladcykel KK6010, Klassisk 3 Hjul Familie Cargobike - Kuake Bicycle<\/title>\n<meta name=\"description\" content=\"Denne hollandske fragt el ladcykel har masser af plads til 4 b\u00f8rn, den er fantastisk til at sejle overalt med familier og daglige dagligvarer.\" \/>\n<meta name=\"robots\" content=\"index, follow, max-snippet:-1, max-image-preview:large, max-video-preview:-1\" \/>\n<link rel=\"canonical\" href=\"https:\/\/www.kuakebicycle.com\/da\/kk6010-frontlaesser-elektrisk-last-trehjulet-cykel\/\" \/>\n<meta property=\"og:locale\" content=\"da_DK\" \/>\n<meta property=\"og:type\" content=\"article\" \/>\n<meta property=\"og:title\" content=\"El Ladcykel KK6010, Klassisk 3 Hjul Familie Cargobike - Kuake Bicycle\" \/>\n<meta property=\"og:description\" content=\"Denne hollandske fragt el ladcykel har masser af plads til 4 b\u00f8rn, den er fantastisk til at sejle overalt med familier og daglige dagligvarer.\" \/>\n<meta property=\"og:url\" content=\"https:\/\/www.kuakebicycle.com\/da\/kk6010-frontlaesser-elektrisk-last-trehjulet-cykel\/\" \/>\n<meta property=\"og:site_name\" content=\"Kuake Bicycle\" \/>\n<meta property=\"article:modified_time\" content=\"2022-02-15T03:30:09+00:00\" \/>\n<meta property=\"og:image\" content=\"https:\/\/www.kuakebicycle.com\/wp-content\/uploads\/2021\/03\/KK6010-Electric-Cargo-Trike.jpg\" \/>\n\t<meta property=\"og:image:width\" content=\"600\" \/>\n\t<meta property=\"og:image:height\" content=\"600\" \/>\n\t<meta property=\"og:image:type\" content=\"image\/jpeg\" \/>\n<meta name=\"twitter:card\" content=\"summary_large_image\" \/>\n<script type=\"application\/ld+json\" class=\"yoast-schema-graph\">{\"@context\":\"https:\\\/\\\/schema.org\",\"@graph\":[{\"@type\":\"WebPage\",\"@id\":\"https:\\\/\\\/www.kuakebicycle.com\\\/da\\\/kk6010-frontlaesser-elektrisk-last-trehjulet-cykel\\\/\",\"url\":\"https:\\\/\\\/www.kuakebicycle.com\\\/da\\\/kk6010-frontlaesser-elektrisk-last-trehjulet-cykel\\\/\",\"name\":\"El Ladcykel KK6010, Klassisk 3 Hjul Familie Cargobike - Kuake Bicycle\",\"isPartOf\":{\"@id\":\"https:\\\/\\\/www.kuakebicycle.com\\\/da\\\/#website\"},\"primaryImageOfPage\":{\"@id\":\"https:\\\/\\\/www.kuakebicycle.com\\\/da\\\/kk6010-frontlaesser-elektrisk-last-trehjulet-cykel\\\/#primaryimage\"},\"image\":{\"@id\":\"https:\\\/\\\/www.kuakebicycle.com\\\/da\\\/kk6010-frontlaesser-elektrisk-last-trehjulet-cykel\\\/#primaryimage\"},\"thumbnailUrl\":\"https:\\\/\\\/www.kuakebicycle.com\\\/wp-content\\\/uploads\\\/2021\\\/03\\\/KK6010-Electric-Cargo-Trike.jpg\",\"datePublished\":\"2021-08-04T07:15:16+00:00\",\"dateModified\":\"2022-02-15T03:30:09+00:00\",\"description\":\"Denne hollandske fragt el ladcykel har masser af plads til 4 b\u00f8rn, den er fantastisk til at sejle overalt med familier og daglige dagligvarer.\",\"breadcrumb\":{\"@id\":\"https:\\\/\\\/www.kuakebicycle.com\\\/da\\\/kk6010-frontlaesser-elektrisk-last-trehjulet-cykel\\\/#breadcrumb\"},\"inLanguage\":\"da-DK\",\"potentialAction\":[{\"@type\":\"ReadAction\",\"target\":[\"https:\\\/\\\/www.kuakebicycle.com\\\/da\\\/kk6010-frontlaesser-elektrisk-last-trehjulet-cykel\\\/\"]}]},{\"@type\":\"ImageObject\",\"inLanguage\":\"da-DK\",\"@id\":\"https:\\\/\\\/www.kuakebicycle.com\\\/da\\\/kk6010-frontlaesser-elektrisk-last-trehjulet-cykel\\\/#primaryimage\",\"url\":\"https:\\\/\\\/www.kuakebicycle.com\\\/wp-content\\\/uploads\\\/2021\\\/03\\\/KK6010-Electric-Cargo-Trike.jpg\",\"contentUrl\":\"https:\\\/\\\/www.kuakebicycle.com\\\/wp-content\\\/uploads\\\/2021\\\/03\\\/KK6010-Electric-Cargo-Trike.jpg\",\"width\":600,\"height\":600,\"caption\":\"KK6010 El Ladcykel\"},{\"@type\":\"BreadcrumbList\",\"@id\":\"https:\\\/\\\/www.kuakebicycle.com\\\/da\\\/kk6010-frontlaesser-elektrisk-last-trehjulet-cykel\\\/#breadcrumb\",\"itemListElement\":[{\"@type\":\"ListItem\",\"position\":1,\"name\":\"Home\",\"item\":\"https:\\\/\\\/www.kuakebicycle.com\\\/da\\\/\"},{\"@type\":\"ListItem\",\"position\":2,\"name\":\"Produkter\",\"item\":\"https:\\\/\\\/www.kuakebicycle.com\\\/da\\\/produkter\\\/\"},{\"@type\":\"ListItem\",\"position\":3,\"name\":\"KK6010 El Ladcykel Til Familien (250W, 454Wh, 7 gear)\"}]},{\"@type\":\"WebSite\",\"@id\":\"https:\\\/\\\/www.kuakebicycle.com\\\/da\\\/#website\",\"url\":\"https:\\\/\\\/www.kuakebicycle.com\\\/da\\\/\",\"name\":\"Kuake Bicycle\",\"description\":\"\",\"publisher\":{\"@id\":\"https:\\\/\\\/www.kuakebicycle.com\\\/da\\\/#organization\"},\"potentialAction\":[{\"@type\":\"SearchAction\",\"target\":{\"@type\":\"EntryPoint\",\"urlTemplate\":\"https:\\\/\\\/www.kuakebicycle.com\\\/da\\\/?s={search_term_string}\"},\"query-input\":{\"@type\":\"PropertyValueSpecification\",\"valueRequired\":true,\"valueName\":\"search_term_string\"}}],\"inLanguage\":\"da-DK\"},{\"@type\":\"Organization\",\"@id\":\"https:\\\/\\\/www.kuakebicycle.com\\\/da\\\/#organization\",\"name\":\"Kuake Technology\",\"url\":\"https:\\\/\\\/www.kuakebicycle.com\\\/da\\\/\",\"logo\":{\"@type\":\"ImageObject\",\"inLanguage\":\"da-DK\",\"@id\":\"https:\\\/\\\/www.kuakebicycle.com\\\/da\\\/#\\\/schema\\\/logo\\\/image\\\/\",\"url\":\"https:\\\/\\\/www.kuakebicycle.com\\\/wp-content\\\/uploads\\\/2021\\\/03\\\/icon.png\",\"contentUrl\":\"https:\\\/\\\/www.kuakebicycle.com\\\/wp-content\\\/uploads\\\/2021\\\/03\\\/icon.png\",\"width\":100,\"height\":100,\"caption\":\"Kuake Technology\"},\"image\":{\"@id\":\"https:\\\/\\\/www.kuakebicycle.com\\\/da\\\/#\\\/schema\\\/logo\\\/image\\\/\"}}]}<\/script>\n<!-- \/ Yoast SEO plugin. -->","yoast_head_json":{"title":"El Ladcykel KK6010, Klassisk 3 Hjul Familie Cargobike - Kuake Bicycle","description":"Denne hollandske fragt el ladcykel har masser af plads til 4 b\u00f8rn, den er fantastisk til at sejle overalt med familier og daglige dagligvarer.","robots":{"index":"index","follow":"follow","max-snippet":"max-snippet:-1","max-image-preview":"max-image-preview:large","max-video-preview":"max-video-preview:-1"},"canonical":"https:\/\/www.kuakebicycle.com\/da\/kk6010-frontlaesser-elektrisk-last-trehjulet-cykel\/","og_locale":"da_DK","og_type":"article","og_title":"El Ladcykel KK6010, Klassisk 3 Hjul Familie Cargobike - Kuake Bicycle","og_description":"Denne hollandske fragt el ladcykel har masser af plads til 4 b\u00f8rn, den er fantastisk til at sejle overalt med familier og daglige dagligvarer.","og_url":"https:\/\/www.kuakebicycle.com\/da\/kk6010-frontlaesser-elektrisk-last-trehjulet-cykel\/","og_site_name":"Kuake Bicycle","article_modified_time":"2022-02-15T03:30:09+00:00","og_image":[{"width":600,"height":600,"url":"https:\/\/www.kuakebicycle.com\/wp-content\/uploads\/2021\/03\/KK6010-Electric-Cargo-Trike.jpg","type":"image\/jpeg"}],"twitter_card":"summary_large_image","schema":{"@context":"https:\/\/schema.org","@graph":[{"@type":"WebPage","@id":"https:\/\/www.kuakebicycle.com\/da\/kk6010-frontlaesser-elektrisk-last-trehjulet-cykel\/","url":"https:\/\/www.kuakebicycle.com\/da\/kk6010-frontlaesser-elektrisk-last-trehjulet-cykel\/","name":"El Ladcykel KK6010, Klassisk 3 Hjul Familie Cargobike - Kuake Bicycle","isPartOf":{"@id":"https:\/\/www.kuakebicycle.com\/da\/#website"},"primaryImageOfPage":{"@id":"https:\/\/www.kuakebicycle.com\/da\/kk6010-frontlaesser-elektrisk-last-trehjulet-cykel\/#primaryimage"},"image":{"@id":"https:\/\/www.kuakebicycle.com\/da\/kk6010-frontlaesser-elektrisk-last-trehjulet-cykel\/#primaryimage"},"thumbnailUrl":"https:\/\/www.kuakebicycle.com\/wp-content\/uploads\/2021\/03\/KK6010-Electric-Cargo-Trike.jpg","datePublished":"2021-08-04T07:15:16+00:00","dateModified":"2022-02-15T03:30:09+00:00","description":"Denne hollandske fragt el ladcykel har masser af plads til 4 b\u00f8rn, den er fantastisk til at sejle overalt med familier og daglige dagligvarer.","breadcrumb":{"@id":"https:\/\/www.kuakebicycle.com\/da\/kk6010-frontlaesser-elektrisk-last-trehjulet-cykel\/#breadcrumb"},"inLanguage":"da-DK","potentialAction":[{"@type":"ReadAction","target":["https:\/\/www.kuakebicycle.com\/da\/kk6010-frontlaesser-elektrisk-last-trehjulet-cykel\/"]}]},{"@type":"ImageObject","inLanguage":"da-DK","@id":"https:\/\/www.kuakebicycle.com\/da\/kk6010-frontlaesser-elektrisk-last-trehjulet-cykel\/#primaryimage","url":"https:\/\/www.kuakebicycle.com\/wp-content\/uploads\/2021\/03\/KK6010-Electric-Cargo-Trike.jpg","contentUrl":"https:\/\/www.kuakebicycle.com\/wp-content\/uploads\/2021\/03\/KK6010-Electric-Cargo-Trike.jpg","width":600,"height":600,"caption":"KK6010 El Ladcykel"},{"@type":"BreadcrumbList","@id":"https:\/\/www.kuakebicycle.com\/da\/kk6010-frontlaesser-elektrisk-last-trehjulet-cykel\/#breadcrumb","itemListElement":[{"@type":"ListItem","position":1,"name":"Home","item":"https:\/\/www.kuakebicycle.com\/da\/"},{"@type":"ListItem","position":2,"name":"Produkter","item":"https:\/\/www.kuakebicycle.com\/da\/produkter\/"},{"@type":"ListItem","position":3,"name":"KK6010 El Ladcykel Til Familien (250W, 454Wh, 7 gear)"}]},{"@type":"WebSite","@id":"https:\/\/www.kuakebicycle.com\/da\/#website","url":"https:\/\/www.kuakebicycle.com\/da\/","name":"Kuake Bicycle","description":"","publisher":{"@id":"https:\/\/www.kuakebicycle.com\/da\/#organization"},"potentialAction":[{"@type":"SearchAction","target":{"@type":"EntryPoint","urlTemplate":"https:\/\/www.kuakebicycle.com\/da\/?s={search_term_string}"},"query-input":{"@type":"PropertyValueSpecification","valueRequired":true,"valueName":"search_term_string"}}],"inLanguage":"da-DK"},{"@type":"Organization","@id":"https:\/\/www.kuakebicycle.com\/da\/#organization","name":"Kuake Technology","url":"https:\/\/www.kuakebicycle.com\/da\/","logo":{"@type":"ImageObject","inLanguage":"da-DK","@id":"https:\/\/www.kuakebicycle.com\/da\/#\/schema\/logo\/image\/","url":"https:\/\/www.kuakebicycle.com\/wp-content\/uploads\/2021\/03\/icon.png","contentUrl":"https:\/\/www.kuakebicycle.com\/wp-content\/uploads\/2021\/03\/icon.png","width":100,"height":100,"caption":"Kuake Technology"},"image":{"@id":"https:\/\/www.kuakebicycle.com\/da\/#\/schema\/logo\/image\/"}}]}},"_links":{"self":[{"href":"https:\/\/www.kuakebicycle.com\/da\/wp-json\/wp\/v2\/product\/9511","targetHints":{"allow":["GET"]}}],"collection":[{"href":"https:\/\/www.kuakebicycle.com\/da\/wp-json\/wp\/v2\/product"}],"about":[{"href":"https:\/\/www.kuakebicycle.com\/da\/wp-json\/wp\/v2\/types\/product"}],"replies":[{"embeddable":true,"href":"https:\/\/www.kuakebicycle.com\/da\/wp-json\/wp\/v2\/comments?post=9511"}],"wp:featuredmedia":[{"embeddable":true,"href":"https:\/\/www.kuakebicycle.com\/da\/wp-json\/wp\/v2\/media\/16508"}],"wp:attachment":[{"href":"https:\/\/www.kuakebicycle.com\/da\/wp-json\/wp\/v2\/media?parent=9511"}],"wp:term":[{"taxonomy":"product_brand","embeddable":true,"href":"https:\/\/www.kuakebicycle.com\/da\/wp-json\/wp\/v2\/product_brand?post=9511"},{"taxonomy":"product_cat","embeddable":true,"href":"https:\/\/www.kuakebicycle.com\/da\/wp-json\/wp\/v2\/product_cat?post=9511"},{"taxonomy":"product_tag","embeddable":true,"href":"https:\/\/www.kuakebicycle.com\/da\/wp-json\/wp\/v2\/product_tag?post=9511"}],"curies":[{"name":"wp","href":"https:\/\/api.w.org\/{rel}","templated":true}]}}