{"id":9158,"date":"2021-03-29T07:18:10","date_gmt":"2021-08-04T06:48:06","guid":{"rendered":"https:\/\/www.kuakebicycle.com\/kk8031-foldende-baglaens-elektrisk-lastbil-trehjulet-foldet-250w-10ah-3-hastigheder\/"},"modified":"2022-01-21T03:58:04","modified_gmt":"2022-01-21T03:58:04","slug":"kk8031-folde-bag-laesning-elektrisk-last-trehjulet-cykel","status":"publish","type":"product","link":"https:\/\/www.kuakebicycle.com\/da\/kk8031-folde-bag-laesning-elektrisk-last-trehjulet-cykel\/","title":{"rendered":"KK8031 Trehjulet Elcykel Sammenklappelig (4.0 Fedt D\u00e6k, 250W~750W, 374Wh~1680Wh, 7 Gear)"},"content":{"rendered":"<p><iframe loading=\"lazy\" title=\"YouTube videoafspiller\" src=\"https:\/\/www.youtube.com\/embed\/AN380djPV0Q\" width=\"560\" height=\"315\" frameborder=\"0\" allowfullscreen=\"allowfullscreen\"><span data-mce-type=\"bookmark\" style=\"display: inline-block; width: 0px; overflow: hidden; line-height: 0;\" class=\"mce_SELRES_start\">\ufeff<\/span><span data-mce-type=\"bookmark\" style=\"display: inline-block; width: 0px; overflow: hidden; line-height: 0;\" class=\"mce_SELRES_start\">\ufeff<\/span><span data-mce-type=\"bookmark\" style=\"display: inline-block; width: 0px; overflow: hidden; line-height: 0;\" class=\"mce_SELRES_start\">\ufeff<\/span><\/iframe><br \/>\n<iframe loading=\"lazy\" title=\"YouTube videoafspiller\" src=\"https:\/\/www.youtube.com\/embed\/-FrCHGxt6vA\" width=\"560\" height=\"315\" frameborder=\"0\" allowfullscreen=\"allowfullscreen\"><\/iframe><\/p>\n<table border=\"1\" width=\"556\">\n<tbody>\n<tr>\n<td style=\"text-align: center;\" colspan=\"2\" bgcolor=\"#d9edf7\"><strong>Cykel specifikationer<\/strong><\/td>\n<\/tr>\n<tr>\n<td bgcolor=\"#f5f2f2\" width=\"275\"><strong>Model nr.<\/strong><\/td>\n<td width=\"281\">KK8031<\/td>\n<\/tr>\n<tr>\n<td bgcolor=\"#f5f2f2\" width=\"275\"><strong>Nettov\u00e6gt<\/strong><\/td>\n<td width=\"281\">45KG<\/td>\n<\/tr>\n<tr>\n<td bgcolor=\"#f5f2f2\" width=\"275\"><strong>Bruttov\u00e6gt<\/strong><\/td>\n<td width=\"281\">52KG<\/td>\n<\/tr>\n<tr>\n<td bgcolor=\"#f5f2f2\" width=\"275\"><strong>Ramme<\/strong><\/td>\n<td width=\"281\">6061 Legering Aluminium<\/td>\n<\/tr>\n<tr>\n<td bgcolor=\"#f5f2f2\" width=\"275\"><strong>Indl\u00e6sningskapacitet<\/strong><\/td>\n<td width=\"281\">150 kg \/ 350 Ibs<\/td>\n<\/tr>\n<tr>\n<td bgcolor=\"#f5f2f2\" width=\"275\"><strong>Gear<\/strong><\/td>\n<td width=\"281\">Shimano 7 hastighed<\/td>\n<\/tr>\n<tr>\n<td bgcolor=\"#f5f2f2\" width=\"275\"><strong>Skifter<\/strong><\/td>\n<td width=\"281\">7 hastighed<\/td>\n<\/tr>\n<tr>\n<td bgcolor=\"#f5f2f2\" width=\"275\"><strong>Gratis hjul<\/strong><\/td>\n<td width=\"281\">7 hastighed<\/td>\n<\/tr>\n<tr>\n<td bgcolor=\"#f5f2f2\" width=\"275\"><strong>Forbremse<\/strong><\/td>\n<td width=\"281\">Mekanisk eller hydraulisk skive, Tektro<\/td>\n<\/tr>\n<tr>\n<td bgcolor=\"#f5f2f2\" width=\"275\"><strong>Bagbremse<\/strong><\/td>\n<td width=\"281\">Mekanisk eller hydraulisk skive, Tektro<\/td>\n<\/tr>\n<tr>\n<td bgcolor=\"#f5f2f2\" width=\"275\"><strong>Pedaler<\/strong><\/td>\n<td width=\"281\">Plastpedaler<\/td>\n<\/tr>\n<tr>\n<td bgcolor=\"#f5f2f2\" width=\"275\"><strong>D\u00e6k<\/strong><\/td>\n<td width=\"281\">KENDA F\/24&#8221;*4.0. R\/20&#8221;*4.0<\/td>\n<\/tr>\n<tr>\n<td bgcolor=\"#f5f2f2\" width=\"275\"><strong>Lys<\/strong><\/td>\n<td width=\"281\">LED<\/td>\n<\/tr>\n<tr>\n<td bgcolor=\"#f5f2f2\" width=\"275\"><strong>L\u00e6nke<\/strong><\/td>\n<td width=\"281\">KMC<\/td>\n<\/tr>\n<tr>\n<td style=\"text-align: center;\" colspan=\"2\" bgcolor=\"#d9edf7\"><strong>Elektrisk system<\/strong><\/td>\n<\/tr>\n<tr>\n<td bgcolor=\"#f5f2f2\" width=\"275\"><strong>Batteri<\/strong><\/td>\n<td width=\"281\">374Wh~1680Wh 18650 Lithium-ion<\/td>\n<\/tr>\n<tr>\n<td bgcolor=\"#f5f2f2\" width=\"275\"><strong>Oplader<\/strong><\/td>\n<td width=\"281\">2A 100-240V smart oplader<\/td>\n<\/tr>\n<tr>\n<td bgcolor=\"#f5f2f2\" width=\"275\"><strong>Opladningstid<\/strong><\/td>\n<td width=\"281\">5 timer<\/td>\n<\/tr>\n<tr>\n<td bgcolor=\"#f5f2f2\" width=\"275\"><strong>Genopladningstider<\/strong><\/td>\n<td width=\"281\">800 ~ 1000 gange<\/td>\n<\/tr>\n<tr>\n<td bgcolor=\"#f5f2f2\" width=\"275\"><strong>Motoreffekt<\/strong><\/td>\n<td width=\"281\">36V\/48V 250W~750W Front b\u00f8rstel\u00f8s navmotor<\/td>\n<\/tr>\n<tr>\n<td bgcolor=\"#f5f2f2\" width=\"275\"><strong>Controller<\/strong><\/td>\n<td width=\"281\">36V\/48V h\u00f8jeffektiv controller<\/td>\n<\/tr>\n<tr>\n<td bgcolor=\"#f5f2f2\" width=\"275\"><strong>Sk\u00e6rm<\/strong><\/td>\n<td width=\"281\">LCD display<\/td>\n<\/tr>\n<tr>\n<td bgcolor=\"#f5f2f2\" width=\"275\"><strong>H\u00f8jeste hastighed<\/strong><\/td>\n<td width=\"281\">25km\/h<\/td>\n<\/tr>\n<tr>\n<td bgcolor=\"#f5f2f2\" width=\"275\"><strong>Afstand mod gebyr<\/strong><\/td>\n<td width=\"281\">50 km -180 km (med pedalst\u00f8tte)<\/td>\n<\/tr>\n<tr>\n<td style=\"text-align: center;\" colspan=\"2\" bgcolor=\"#d9edf7\"><strong>Forsendelsesdetaljer<\/strong><\/td>\n<\/tr>\n<tr>\n<td bgcolor=\"#f5f2f2\" width=\"275\"><strong>Pakningsst\u00f8rrelse<\/strong><\/td>\n<td width=\"281\">128*58*68cm<\/td>\n<\/tr>\n<tr>\n<td bgcolor=\"#f5f2f2\" width=\"275\"><strong>40&#8243; Hq(Pcs)<\/strong><\/td>\n<td width=\"281\">125pcs<\/td>\n<\/tr>\n<tr>\n<td bgcolor=\"#f5f2f2\" width=\"275\"><strong>20&#8243; Hq(Pcs)<\/strong><\/td>\n<td width=\"281\">48pcs<\/td>\n<\/tr>\n<\/tbody>\n<\/table>\n","protected":false},"excerpt":{"rendered":"<ul>\n<li style=\"list-style-type: none;\">\n<ul>\n<li><strong>Stel<\/strong>: 6061 Aluminium Aluminiumstel design.<\/li>\n<li><strong>Motor<\/strong>: 36V\/48V 250W~750W front b\u00f8rstel\u00f8s navmotor giver mere end nok str\u00f8m, max hastighed kan n\u00e5s 25km\/t.<\/li>\n<li><strong>Batteri<\/strong>: 374Wh~1680Wh 18650 Lithium-ion, opladningstid: 5 timer, batterilevetid: 800~1000 cyklusser.<\/li>\n<li><strong>Bremse<\/strong>: Mekaniske eller hydrauliske skivebremser er up\u00e5virkede af vejrliget og giver kraftig, progressiv bremsning.<\/li>\n<li><strong>Shifters<\/strong>: Shimano 7-speed transmission system sikrer den forskellige hastighedsoplevelse, som du skal k\u00f8re.<\/li>\n<li><strong>Omvendt<\/strong>: Trehjulet cykel har som standard ikke den omvendte funktion, hvis du vil tilf\u00f8je denne funktion, bedes du kontakte os.<\/li>\n<li><strong>Differentiale<\/strong>: For seniorer og personer med mobilitetsbesv\u00e6r anbefaler vi at installere differentialegearet, som vil g\u00f8re denne trehjulede cykel mere sikker og stabil i sving.<\/li>\n<\/ul>\n<\/li>\n<\/ul>\n","protected":false},"featured_media":14538,"comment_status":"closed","ping_status":"closed","template":"","meta":{"site-sidebar-layout":"default","site-content-layout":"default","ast-site-content-layout":"default","site-content-style":"default","site-sidebar-style":"default","ast-global-header-display":"","ast-banner-title-visibility":"","ast-main-header-display":"","ast-hfb-above-header-display":"","ast-hfb-below-header-display":"","ast-hfb-mobile-header-display":"","site-post-title":"","ast-breadcrumbs-content":"","ast-featured-img":"","footer-sml-layout":"","ast-disable-related-posts":"","theme-transparent-header-meta":"default","adv-header-id-meta":"","stick-header-meta":"default","header-above-stick-meta":"","header-main-stick-meta":"","header-below-stick-meta":"","astra-migrate-meta-layouts":"default","ast-page-background-enabled":"default","ast-page-background-meta":{"desktop":{"background-color":"","background-image":"","background-repeat":"repeat","background-position":"center center","background-size":"auto","background-attachment":"scroll","background-type":"","background-media":"","overlay-type":"","overlay-color":"","overlay-opacity":"","overlay-gradient":""},"tablet":{"background-color":"","background-image":"","background-repeat":"repeat","background-position":"center center","background-size":"auto","background-attachment":"scroll","background-type":"","background-media":"","overlay-type":"","overlay-color":"","overlay-opacity":"","overlay-gradient":""},"mobile":{"background-color":"","background-image":"","background-repeat":"repeat","background-position":"center center","background-size":"auto","background-attachment":"scroll","background-type":"","background-media":"","overlay-type":"","overlay-color":"","overlay-opacity":"","overlay-gradient":""}},"ast-content-background-meta":{"desktop":{"background-color":"var(--ast-global-color-5)","background-image":"","background-repeat":"repeat","background-position":"center center","background-size":"auto","background-attachment":"scroll","background-type":"","background-media":"","overlay-type":"","overlay-color":"","overlay-opacity":"","overlay-gradient":""},"tablet":{"background-color":"var(--ast-global-color-5)","background-image":"","background-repeat":"repeat","background-position":"center center","background-size":"auto","background-attachment":"scroll","background-type":"","background-media":"","overlay-type":"","overlay-color":"","overlay-opacity":"","overlay-gradient":""},"mobile":{"background-color":"var(--ast-global-color-5)","background-image":"","background-repeat":"repeat","background-position":"center center","background-size":"auto","background-attachment":"scroll","background-type":"","background-media":"","overlay-type":"","overlay-color":"","overlay-opacity":"","overlay-gradient":""}}},"product_brand":[],"product_cat":[163],"product_tag":[],"class_list":{"0":"post-9158","1":"product","2":"type-product","3":"status-publish","4":"has-post-thumbnail","6":"product_cat-trehjulet-elcykel","7":"desktop-align-left","8":"tablet-align-left","9":"mobile-align-left","10":"ast-product-gallery-layout-horizontal","11":"ast-product-tabs-layout-horizontal","12":"ast-qv-on-image","14":"first","15":"instock","16":"featured","17":"shipping-taxable","18":"product-type-simple"},"yoast_head":"<!-- This site is optimized with the Yoast SEO plugin v27.6 - https:\/\/yoast.com\/product\/yoast-seo-wordpress\/ -->\n<title>Trehjulet Elcykel Sammenklappelig Til Voksne, KK8031 3-Hjulet El Seniorcykel - Kuake Bicycle<\/title>\n<meta name=\"description\" content=\"KK8031 trehjulet el foldecykel foldes og skilles ad for nem transport og opbevaring, perfekt til et familiemedlem med nogle mobilitetsproblemer.\" \/>\n<meta name=\"robots\" content=\"index, follow, max-snippet:-1, max-image-preview:large, max-video-preview:-1\" \/>\n<link rel=\"canonical\" href=\"https:\/\/www.kuakebicycle.com\/da\/kk8031-folde-bag-laesning-elektrisk-last-trehjulet-cykel\/\" \/>\n<meta property=\"og:locale\" content=\"da_DK\" \/>\n<meta property=\"og:type\" content=\"article\" \/>\n<meta property=\"og:title\" content=\"Trehjulet Elcykel Sammenklappelig Til Voksne, KK8031 3-Hjulet El Seniorcykel - Kuake Bicycle\" \/>\n<meta property=\"og:description\" content=\"KK8031 trehjulet el foldecykel foldes og skilles ad for nem transport og opbevaring, perfekt til et familiemedlem med nogle mobilitetsproblemer.\" \/>\n<meta property=\"og:url\" content=\"https:\/\/www.kuakebicycle.com\/da\/kk8031-folde-bag-laesning-elektrisk-last-trehjulet-cykel\/\" \/>\n<meta property=\"og:site_name\" content=\"Kuake Bicycle\" \/>\n<meta property=\"article:modified_time\" content=\"2022-01-21T03:58:04+00:00\" \/>\n<meta property=\"og:image\" content=\"https:\/\/www.kuakebicycle.com\/wp-content\/uploads\/2021\/12\/KK8031-Grey-Folding-Electric-Tricycle.jpg\" \/>\n\t<meta property=\"og:image:width\" content=\"600\" \/>\n\t<meta property=\"og:image:height\" content=\"600\" \/>\n\t<meta property=\"og:image:type\" content=\"image\/jpeg\" \/>\n<meta name=\"twitter:card\" content=\"summary_large_image\" \/>\n<meta name=\"twitter:label1\" content=\"Estimeret l\u00e6setid\" \/>\n\t<meta name=\"twitter:data1\" content=\"1 minut\" \/>\n<script type=\"application\/ld+json\" class=\"yoast-schema-graph\">{\"@context\":\"https:\\\/\\\/schema.org\",\"@graph\":[{\"@type\":\"WebPage\",\"@id\":\"https:\\\/\\\/www.kuakebicycle.com\\\/da\\\/kk8031-folde-bag-laesning-elektrisk-last-trehjulet-cykel\\\/\",\"url\":\"https:\\\/\\\/www.kuakebicycle.com\\\/da\\\/kk8031-folde-bag-laesning-elektrisk-last-trehjulet-cykel\\\/\",\"name\":\"Trehjulet Elcykel Sammenklappelig Til Voksne, KK8031 3-Hjulet El Seniorcykel - Kuake Bicycle\",\"isPartOf\":{\"@id\":\"https:\\\/\\\/www.kuakebicycle.com\\\/da\\\/#website\"},\"primaryImageOfPage\":{\"@id\":\"https:\\\/\\\/www.kuakebicycle.com\\\/da\\\/kk8031-folde-bag-laesning-elektrisk-last-trehjulet-cykel\\\/#primaryimage\"},\"image\":{\"@id\":\"https:\\\/\\\/www.kuakebicycle.com\\\/da\\\/kk8031-folde-bag-laesning-elektrisk-last-trehjulet-cykel\\\/#primaryimage\"},\"thumbnailUrl\":\"https:\\\/\\\/www.kuakebicycle.com\\\/wp-content\\\/uploads\\\/2021\\\/12\\\/KK8031-Grey-Folding-Electric-Tricycle.jpg\",\"datePublished\":\"2021-08-04T06:48:06+00:00\",\"dateModified\":\"2022-01-21T03:58:04+00:00\",\"description\":\"KK8031 trehjulet el foldecykel foldes og skilles ad for nem transport og opbevaring, perfekt til et familiemedlem med nogle mobilitetsproblemer.\",\"breadcrumb\":{\"@id\":\"https:\\\/\\\/www.kuakebicycle.com\\\/da\\\/kk8031-folde-bag-laesning-elektrisk-last-trehjulet-cykel\\\/#breadcrumb\"},\"inLanguage\":\"da-DK\",\"potentialAction\":[{\"@type\":\"ReadAction\",\"target\":[\"https:\\\/\\\/www.kuakebicycle.com\\\/da\\\/kk8031-folde-bag-laesning-elektrisk-last-trehjulet-cykel\\\/\"]}]},{\"@type\":\"ImageObject\",\"inLanguage\":\"da-DK\",\"@id\":\"https:\\\/\\\/www.kuakebicycle.com\\\/da\\\/kk8031-folde-bag-laesning-elektrisk-last-trehjulet-cykel\\\/#primaryimage\",\"url\":\"https:\\\/\\\/www.kuakebicycle.com\\\/wp-content\\\/uploads\\\/2021\\\/12\\\/KK8031-Grey-Folding-Electric-Tricycle.jpg\",\"contentUrl\":\"https:\\\/\\\/www.kuakebicycle.com\\\/wp-content\\\/uploads\\\/2021\\\/12\\\/KK8031-Grey-Folding-Electric-Tricycle.jpg\",\"width\":600,\"height\":600,\"caption\":\"KK8031 Gr\u00e5 sammenklappelig elektrisk trehjulet cykel\"},{\"@type\":\"BreadcrumbList\",\"@id\":\"https:\\\/\\\/www.kuakebicycle.com\\\/da\\\/kk8031-folde-bag-laesning-elektrisk-last-trehjulet-cykel\\\/#breadcrumb\",\"itemListElement\":[{\"@type\":\"ListItem\",\"position\":1,\"name\":\"Home\",\"item\":\"https:\\\/\\\/www.kuakebicycle.com\\\/da\\\/\"},{\"@type\":\"ListItem\",\"position\":2,\"name\":\"Produkter\",\"item\":\"https:\\\/\\\/www.kuakebicycle.com\\\/da\\\/produkter\\\/\"},{\"@type\":\"ListItem\",\"position\":3,\"name\":\"KK8031 Trehjulet Elcykel Sammenklappelig (4.0 Fedt D\u00e6k, 250W~750W, 374Wh~1680Wh, 7 Gear)\"}]},{\"@type\":\"WebSite\",\"@id\":\"https:\\\/\\\/www.kuakebicycle.com\\\/da\\\/#website\",\"url\":\"https:\\\/\\\/www.kuakebicycle.com\\\/da\\\/\",\"name\":\"Kuake Bicycle\",\"description\":\"\",\"publisher\":{\"@id\":\"https:\\\/\\\/www.kuakebicycle.com\\\/da\\\/#organization\"},\"potentialAction\":[{\"@type\":\"SearchAction\",\"target\":{\"@type\":\"EntryPoint\",\"urlTemplate\":\"https:\\\/\\\/www.kuakebicycle.com\\\/da\\\/?s={search_term_string}\"},\"query-input\":{\"@type\":\"PropertyValueSpecification\",\"valueRequired\":true,\"valueName\":\"search_term_string\"}}],\"inLanguage\":\"da-DK\"},{\"@type\":\"Organization\",\"@id\":\"https:\\\/\\\/www.kuakebicycle.com\\\/da\\\/#organization\",\"name\":\"Kuake Technology\",\"url\":\"https:\\\/\\\/www.kuakebicycle.com\\\/da\\\/\",\"logo\":{\"@type\":\"ImageObject\",\"inLanguage\":\"da-DK\",\"@id\":\"https:\\\/\\\/www.kuakebicycle.com\\\/da\\\/#\\\/schema\\\/logo\\\/image\\\/\",\"url\":\"https:\\\/\\\/www.kuakebicycle.com\\\/wp-content\\\/uploads\\\/2021\\\/03\\\/icon.png\",\"contentUrl\":\"https:\\\/\\\/www.kuakebicycle.com\\\/wp-content\\\/uploads\\\/2021\\\/03\\\/icon.png\",\"width\":100,\"height\":100,\"caption\":\"Kuake Technology\"},\"image\":{\"@id\":\"https:\\\/\\\/www.kuakebicycle.com\\\/da\\\/#\\\/schema\\\/logo\\\/image\\\/\"}}]}<\/script>\n<!-- \/ Yoast SEO plugin. -->","yoast_head_json":{"title":"Trehjulet Elcykel Sammenklappelig Til Voksne, KK8031 3-Hjulet El Seniorcykel - Kuake Bicycle","description":"KK8031 trehjulet el foldecykel foldes og skilles ad for nem transport og opbevaring, perfekt til et familiemedlem med nogle mobilitetsproblemer.","robots":{"index":"index","follow":"follow","max-snippet":"max-snippet:-1","max-image-preview":"max-image-preview:large","max-video-preview":"max-video-preview:-1"},"canonical":"https:\/\/www.kuakebicycle.com\/da\/kk8031-folde-bag-laesning-elektrisk-last-trehjulet-cykel\/","og_locale":"da_DK","og_type":"article","og_title":"Trehjulet Elcykel Sammenklappelig Til Voksne, KK8031 3-Hjulet El Seniorcykel - Kuake Bicycle","og_description":"KK8031 trehjulet el foldecykel foldes og skilles ad for nem transport og opbevaring, perfekt til et familiemedlem med nogle mobilitetsproblemer.","og_url":"https:\/\/www.kuakebicycle.com\/da\/kk8031-folde-bag-laesning-elektrisk-last-trehjulet-cykel\/","og_site_name":"Kuake Bicycle","article_modified_time":"2022-01-21T03:58:04+00:00","og_image":[{"width":600,"height":600,"url":"https:\/\/www.kuakebicycle.com\/wp-content\/uploads\/2021\/12\/KK8031-Grey-Folding-Electric-Tricycle.jpg","type":"image\/jpeg"}],"twitter_card":"summary_large_image","twitter_misc":{"Estimeret l\u00e6setid":"1 minut"},"schema":{"@context":"https:\/\/schema.org","@graph":[{"@type":"WebPage","@id":"https:\/\/www.kuakebicycle.com\/da\/kk8031-folde-bag-laesning-elektrisk-last-trehjulet-cykel\/","url":"https:\/\/www.kuakebicycle.com\/da\/kk8031-folde-bag-laesning-elektrisk-last-trehjulet-cykel\/","name":"Trehjulet Elcykel Sammenklappelig Til Voksne, KK8031 3-Hjulet El Seniorcykel - Kuake Bicycle","isPartOf":{"@id":"https:\/\/www.kuakebicycle.com\/da\/#website"},"primaryImageOfPage":{"@id":"https:\/\/www.kuakebicycle.com\/da\/kk8031-folde-bag-laesning-elektrisk-last-trehjulet-cykel\/#primaryimage"},"image":{"@id":"https:\/\/www.kuakebicycle.com\/da\/kk8031-folde-bag-laesning-elektrisk-last-trehjulet-cykel\/#primaryimage"},"thumbnailUrl":"https:\/\/www.kuakebicycle.com\/wp-content\/uploads\/2021\/12\/KK8031-Grey-Folding-Electric-Tricycle.jpg","datePublished":"2021-08-04T06:48:06+00:00","dateModified":"2022-01-21T03:58:04+00:00","description":"KK8031 trehjulet el foldecykel foldes og skilles ad for nem transport og opbevaring, perfekt til et familiemedlem med nogle mobilitetsproblemer.","breadcrumb":{"@id":"https:\/\/www.kuakebicycle.com\/da\/kk8031-folde-bag-laesning-elektrisk-last-trehjulet-cykel\/#breadcrumb"},"inLanguage":"da-DK","potentialAction":[{"@type":"ReadAction","target":["https:\/\/www.kuakebicycle.com\/da\/kk8031-folde-bag-laesning-elektrisk-last-trehjulet-cykel\/"]}]},{"@type":"ImageObject","inLanguage":"da-DK","@id":"https:\/\/www.kuakebicycle.com\/da\/kk8031-folde-bag-laesning-elektrisk-last-trehjulet-cykel\/#primaryimage","url":"https:\/\/www.kuakebicycle.com\/wp-content\/uploads\/2021\/12\/KK8031-Grey-Folding-Electric-Tricycle.jpg","contentUrl":"https:\/\/www.kuakebicycle.com\/wp-content\/uploads\/2021\/12\/KK8031-Grey-Folding-Electric-Tricycle.jpg","width":600,"height":600,"caption":"KK8031 Gr\u00e5 sammenklappelig elektrisk trehjulet cykel"},{"@type":"BreadcrumbList","@id":"https:\/\/www.kuakebicycle.com\/da\/kk8031-folde-bag-laesning-elektrisk-last-trehjulet-cykel\/#breadcrumb","itemListElement":[{"@type":"ListItem","position":1,"name":"Home","item":"https:\/\/www.kuakebicycle.com\/da\/"},{"@type":"ListItem","position":2,"name":"Produkter","item":"https:\/\/www.kuakebicycle.com\/da\/produkter\/"},{"@type":"ListItem","position":3,"name":"KK8031 Trehjulet Elcykel Sammenklappelig (4.0 Fedt D\u00e6k, 250W~750W, 374Wh~1680Wh, 7 Gear)"}]},{"@type":"WebSite","@id":"https:\/\/www.kuakebicycle.com\/da\/#website","url":"https:\/\/www.kuakebicycle.com\/da\/","name":"Kuake Bicycle","description":"","publisher":{"@id":"https:\/\/www.kuakebicycle.com\/da\/#organization"},"potentialAction":[{"@type":"SearchAction","target":{"@type":"EntryPoint","urlTemplate":"https:\/\/www.kuakebicycle.com\/da\/?s={search_term_string}"},"query-input":{"@type":"PropertyValueSpecification","valueRequired":true,"valueName":"search_term_string"}}],"inLanguage":"da-DK"},{"@type":"Organization","@id":"https:\/\/www.kuakebicycle.com\/da\/#organization","name":"Kuake Technology","url":"https:\/\/www.kuakebicycle.com\/da\/","logo":{"@type":"ImageObject","inLanguage":"da-DK","@id":"https:\/\/www.kuakebicycle.com\/da\/#\/schema\/logo\/image\/","url":"https:\/\/www.kuakebicycle.com\/wp-content\/uploads\/2021\/03\/icon.png","contentUrl":"https:\/\/www.kuakebicycle.com\/wp-content\/uploads\/2021\/03\/icon.png","width":100,"height":100,"caption":"Kuake Technology"},"image":{"@id":"https:\/\/www.kuakebicycle.com\/da\/#\/schema\/logo\/image\/"}}]}},"_links":{"self":[{"href":"https:\/\/www.kuakebicycle.com\/da\/wp-json\/wp\/v2\/product\/9158","targetHints":{"allow":["GET"]}}],"collection":[{"href":"https:\/\/www.kuakebicycle.com\/da\/wp-json\/wp\/v2\/product"}],"about":[{"href":"https:\/\/www.kuakebicycle.com\/da\/wp-json\/wp\/v2\/types\/product"}],"replies":[{"embeddable":true,"href":"https:\/\/www.kuakebicycle.com\/da\/wp-json\/wp\/v2\/comments?post=9158"}],"wp:featuredmedia":[{"embeddable":true,"href":"https:\/\/www.kuakebicycle.com\/da\/wp-json\/wp\/v2\/media\/14538"}],"wp:attachment":[{"href":"https:\/\/www.kuakebicycle.com\/da\/wp-json\/wp\/v2\/media?parent=9158"}],"wp:term":[{"taxonomy":"product_brand","embeddable":true,"href":"https:\/\/www.kuakebicycle.com\/da\/wp-json\/wp\/v2\/product_brand?post=9158"},{"taxonomy":"product_cat","embeddable":true,"href":"https:\/\/www.kuakebicycle.com\/da\/wp-json\/wp\/v2\/product_cat?post=9158"},{"taxonomy":"product_tag","embeddable":true,"href":"https:\/\/www.kuakebicycle.com\/da\/wp-json\/wp\/v2\/product_tag?post=9158"}],"curies":[{"name":"wp","href":"https:\/\/api.w.org\/{rel}","templated":true}]}}